{"id":7371,"date":"2024-02-14T14:12:52","date_gmt":"2024-02-14T14:12:52","guid":{"rendered":"https:\/\/botiga.saiga.es\/producte\/arbekyn-anti-moisissure\/"},"modified":"2025-08-19T10:00:35","modified_gmt":"2025-08-19T10:00:35","slug":"arbekyn-anti-moisissure","status":"publish","type":"product","link":"https:\/\/saiga.es\/fr\/produit\/arbekyn-anti-moisissure\/","title":{"rendered":"Arbekyn anti-moisissure"},"content":{"rendered":"<p>Arbekyn antimildiou est un fongicide de contact formul\u00e9 pour lutter rapidement et efficacement contre le mildiou. Son principe actif p\u00e9n\u00e8tre facilement dans la plante et se diffuse sur toute sa surface et ses tissus. Il agit \u00e0 la fois comme traitement pr\u00e9ventif et curatif : il inhibe la croissance des champignons et pr\u00e9vient la formation de spores, tout en pr\u00e9venant le d\u00e9veloppement de r\u00e9sistances.<br data-start=\"2358\" data-end=\"2361\">Disponible en formats de 10 cc et 60 cc, Arbekyn est id\u00e9al pour diff\u00e9rentes cultures telles que les tomates, les pommes de terre, les melons, les courgettes, les endives, les herbes aromatiques, la laitue ou la vigne. En l&rsquo;appliquant \u00e0 une dose comprise entre 0,4 et 0,6 ml par litre d&rsquo;eau, vous obtiendrez une protection efficace et s\u00fbre.<br data-start=\"2639\" data-end=\"2642\">Comme il agit comme une barri\u00e8re protectrice sur les feuilles et les tiges, c&rsquo;est une solution pratique pour prot\u00e9ger les cultures du mildiou. Suivez toujours les instructions sur l&rsquo;\u00e9tiquette et respectez le d\u00e9lai de s\u00e9curit\u00e9 avant la r\u00e9colte.<br data-start=\"2870\" data-end=\"2873\">Avec le fongicide antimildiou Arbekyn, vous pouvez prot\u00e9ger vos cultures efficacement et en toute s\u00e9curit\u00e9.    <\/p>\n","protected":false},"excerpt":{"rendered":"<p>L&rsquo;anti-mildiou Arbekyn est un fongicide efficace qui pr\u00e9vient et gu\u00e9rit le mildiou. Id\u00e9al pour les potagers et les arbres fruitiers, il prot\u00e8ge vos plantes en toute s\u00e9curit\u00e9. <\/p>\n","protected":false},"featured_media":16318,"comment_status":"closed","ping_status":"closed","template":"","meta":[],"product_brand":[],"product_cat":[444],"product_tag":[773,785,772,786,784],"class_list":{"0":"post-7371","1":"product","2":"type-product","3":"status-publish","4":"has-post-thumbnail","6":"product_cat-fongicides","7":"product_tag-jed-fr","8":"product_tag-arbekyn-fr","9":"product_tag-fongicide","10":"product_tag-jardinage-exterieur-domestique","11":"product_tag-produits-jed","13":"first","14":"instock","15":"taxable","16":"shipping-taxable","17":"purchasable","18":"product-type-variable"},"yoast_head":"<!-- This site is optimized with the Yoast SEO plugin v27.4 - https:\/\/yoast.com\/product\/yoast-seo-wordpress\/ -->\n<title>Arbekyn anti-moisissure | SAIGA<\/title>\n<meta name=\"description\" content=\"L&#039;anti-mildiou Arbekyn est un fongicide efficace qui pr\u00e9vient et gu\u00e9rit le mildiou. Id\u00e9al pour les potagers et les arbres fruitiers, il prot\u00e8ge vos plantes en toute s\u00e9curit\u00e9.\" \/>\n<meta name=\"robots\" content=\"index, follow, max-snippet:-1, max-image-preview:large, max-video-preview:-1\" \/>\n<link rel=\"canonical\" href=\"https:\/\/saiga.es\/fr\/produit\/arbekyn-anti-moisissure\/\" \/>\n<meta property=\"og:locale\" content=\"fr_FR\" \/>\n<meta property=\"og:type\" content=\"article\" \/>\n<meta property=\"og:title\" content=\"Arbekyn anti-moisissure | SAIGA\" \/>\n<meta property=\"og:description\" content=\"L&#039;anti-mildiou Arbekyn est un fongicide efficace qui pr\u00e9vient et gu\u00e9rit le mildiou. Id\u00e9al pour les potagers et les arbres fruitiers, il prot\u00e8ge vos plantes en toute s\u00e9curit\u00e9.\" \/>\n<meta property=\"og:url\" content=\"https:\/\/saiga.es\/fr\/produit\/arbekyn-anti-moisissure\/\" \/>\n<meta property=\"og:site_name\" content=\"SAIGA\" \/>\n<meta property=\"article:modified_time\" content=\"2025-08-19T10:00:35+00:00\" \/>\n<meta property=\"og:image\" content=\"https:\/\/saiga.es\/wp-content\/uploads\/2024\/02\/Arbekyn-60-ml.jpg\" \/>\n\t<meta property=\"og:image:width\" content=\"1080\" \/>\n\t<meta property=\"og:image:height\" content=\"1080\" \/>\n\t<meta property=\"og:image:type\" content=\"image\/jpeg\" \/>\n<meta name=\"twitter:card\" content=\"summary_large_image\" \/>\n<meta name=\"twitter:site\" content=\"@saiga_agro\" \/>\n<meta name=\"twitter:label1\" content=\"Dur\u00e9e de lecture estim\u00e9e\" \/>\n\t<meta name=\"twitter:data1\" content=\"1 minute\" \/>\n<script type=\"application\/ld+json\" class=\"yoast-schema-graph\">{\"@context\":\"https:\\\/\\\/schema.org\",\"@graph\":[{\"@type\":\"WebPage\",\"@id\":\"https:\\\/\\\/saiga.es\\\/fr\\\/produit\\\/arbekyn-anti-moisissure\\\/\",\"url\":\"https:\\\/\\\/saiga.es\\\/fr\\\/produit\\\/arbekyn-anti-moisissure\\\/\",\"name\":\"Arbekyn anti-moisissure | SAIGA\",\"isPartOf\":{\"@id\":\"https:\\\/\\\/saiga.es\\\/fr\\\/#website\"},\"primaryImageOfPage\":{\"@id\":\"https:\\\/\\\/saiga.es\\\/fr\\\/produit\\\/arbekyn-anti-moisissure\\\/#primaryimage\"},\"image\":{\"@id\":\"https:\\\/\\\/saiga.es\\\/fr\\\/produit\\\/arbekyn-anti-moisissure\\\/#primaryimage\"},\"thumbnailUrl\":\"https:\\\/\\\/saiga.es\\\/wp-content\\\/uploads\\\/2024\\\/02\\\/Arbekyn-60-ml.jpg\",\"datePublished\":\"2024-02-14T14:12:52+00:00\",\"dateModified\":\"2025-08-19T10:00:35+00:00\",\"description\":\"L'anti-mildiou Arbekyn est un fongicide efficace qui pr\u00e9vient et gu\u00e9rit le mildiou. Id\u00e9al pour les potagers et les arbres fruitiers, il prot\u00e8ge vos plantes en toute s\u00e9curit\u00e9.\",\"breadcrumb\":{\"@id\":\"https:\\\/\\\/saiga.es\\\/fr\\\/produit\\\/arbekyn-anti-moisissure\\\/#breadcrumb\"},\"inLanguage\":\"fr-FR\",\"potentialAction\":[{\"@type\":\"ReadAction\",\"target\":[\"https:\\\/\\\/saiga.es\\\/fr\\\/produit\\\/arbekyn-anti-moisissure\\\/\"]}]},{\"@type\":\"ImageObject\",\"inLanguage\":\"fr-FR\",\"@id\":\"https:\\\/\\\/saiga.es\\\/fr\\\/produit\\\/arbekyn-anti-moisissure\\\/#primaryimage\",\"url\":\"https:\\\/\\\/saiga.es\\\/wp-content\\\/uploads\\\/2024\\\/02\\\/Arbekyn-60-ml.jpg\",\"contentUrl\":\"https:\\\/\\\/saiga.es\\\/wp-content\\\/uploads\\\/2024\\\/02\\\/Arbekyn-60-ml.jpg\",\"width\":1080,\"height\":1080,\"caption\":\"Arbekyn 60 ml\"},{\"@type\":\"BreadcrumbList\",\"@id\":\"https:\\\/\\\/saiga.es\\\/fr\\\/produit\\\/arbekyn-anti-moisissure\\\/#breadcrumb\",\"itemListElement\":[{\"@type\":\"ListItem\",\"position\":1,\"name\":\"Inici\",\"item\":\"https:\\\/\\\/saiga.es\\\/fr\\\/\"},{\"@type\":\"ListItem\",\"position\":2,\"name\":\"boutique\",\"item\":\"https:\\\/\\\/saiga.es\\\/fr\\\/boutique\\\/\"},{\"@type\":\"ListItem\",\"position\":3,\"name\":\"Arbekyn anti-moisissure\"}]},{\"@type\":\"WebSite\",\"@id\":\"https:\\\/\\\/saiga.es\\\/fr\\\/#website\",\"url\":\"https:\\\/\\\/saiga.es\\\/fr\\\/\",\"name\":\"SAIGA\",\"description\":\"M\u00e9s de 50 anys al servei de la terra i treballant per a un \u00fas eficient de l\u2019aigua!\",\"publisher\":{\"@id\":\"https:\\\/\\\/saiga.es\\\/fr\\\/#organization\"},\"potentialAction\":[{\"@type\":\"SearchAction\",\"target\":{\"@type\":\"EntryPoint\",\"urlTemplate\":\"https:\\\/\\\/saiga.es\\\/fr\\\/?s={search_term_string}\"},\"query-input\":{\"@type\":\"PropertyValueSpecification\",\"valueRequired\":true,\"valueName\":\"search_term_string\"}}],\"inLanguage\":\"fr-FR\"},{\"@type\":\"Organization\",\"@id\":\"https:\\\/\\\/saiga.es\\\/fr\\\/#organization\",\"name\":\"SAIGA\",\"url\":\"https:\\\/\\\/saiga.es\\\/fr\\\/\",\"logo\":{\"@type\":\"ImageObject\",\"inLanguage\":\"fr-FR\",\"@id\":\"https:\\\/\\\/saiga.es\\\/fr\\\/#\\\/schema\\\/logo\\\/image\\\/\",\"url\":\"https:\\\/\\\/saiga.es\\\/wp-content\\\/uploads\\\/2025\\\/07\\\/logo_saiga_baseline_optimitzat.svg\",\"contentUrl\":\"https:\\\/\\\/saiga.es\\\/wp-content\\\/uploads\\\/2025\\\/07\\\/logo_saiga_baseline_optimitzat.svg\",\"caption\":\"SAIGA\"},\"image\":{\"@id\":\"https:\\\/\\\/saiga.es\\\/fr\\\/#\\\/schema\\\/logo\\\/image\\\/\"},\"sameAs\":[\"https:\\\/\\\/x.com\\\/saiga_agro\",\"https:\\\/\\\/www.instagram.com\\\/saiga_agro\\\/\"]}]}<\/script>\n<!-- \/ Yoast SEO plugin. -->","yoast_head_json":{"title":"Arbekyn anti-moisissure | SAIGA","description":"L'anti-mildiou Arbekyn est un fongicide efficace qui pr\u00e9vient et gu\u00e9rit le mildiou. Id\u00e9al pour les potagers et les arbres fruitiers, il prot\u00e8ge vos plantes en toute s\u00e9curit\u00e9.","robots":{"index":"index","follow":"follow","max-snippet":"max-snippet:-1","max-image-preview":"max-image-preview:large","max-video-preview":"max-video-preview:-1"},"canonical":"https:\/\/saiga.es\/fr\/produit\/arbekyn-anti-moisissure\/","og_locale":"fr_FR","og_type":"article","og_title":"Arbekyn anti-moisissure | SAIGA","og_description":"L'anti-mildiou Arbekyn est un fongicide efficace qui pr\u00e9vient et gu\u00e9rit le mildiou. Id\u00e9al pour les potagers et les arbres fruitiers, il prot\u00e8ge vos plantes en toute s\u00e9curit\u00e9.","og_url":"https:\/\/saiga.es\/fr\/produit\/arbekyn-anti-moisissure\/","og_site_name":"SAIGA","article_modified_time":"2025-08-19T10:00:35+00:00","og_image":[{"width":1080,"height":1080,"url":"https:\/\/saiga.es\/wp-content\/uploads\/2024\/02\/Arbekyn-60-ml.jpg","type":"image\/jpeg"}],"twitter_card":"summary_large_image","twitter_site":"@saiga_agro","twitter_misc":{"Dur\u00e9e de lecture estim\u00e9e":"1 minute"},"schema":{"@context":"https:\/\/schema.org","@graph":[{"@type":"WebPage","@id":"https:\/\/saiga.es\/fr\/produit\/arbekyn-anti-moisissure\/","url":"https:\/\/saiga.es\/fr\/produit\/arbekyn-anti-moisissure\/","name":"Arbekyn anti-moisissure | SAIGA","isPartOf":{"@id":"https:\/\/saiga.es\/fr\/#website"},"primaryImageOfPage":{"@id":"https:\/\/saiga.es\/fr\/produit\/arbekyn-anti-moisissure\/#primaryimage"},"image":{"@id":"https:\/\/saiga.es\/fr\/produit\/arbekyn-anti-moisissure\/#primaryimage"},"thumbnailUrl":"https:\/\/saiga.es\/wp-content\/uploads\/2024\/02\/Arbekyn-60-ml.jpg","datePublished":"2024-02-14T14:12:52+00:00","dateModified":"2025-08-19T10:00:35+00:00","description":"L'anti-mildiou Arbekyn est un fongicide efficace qui pr\u00e9vient et gu\u00e9rit le mildiou. Id\u00e9al pour les potagers et les arbres fruitiers, il prot\u00e8ge vos plantes en toute s\u00e9curit\u00e9.","breadcrumb":{"@id":"https:\/\/saiga.es\/fr\/produit\/arbekyn-anti-moisissure\/#breadcrumb"},"inLanguage":"fr-FR","potentialAction":[{"@type":"ReadAction","target":["https:\/\/saiga.es\/fr\/produit\/arbekyn-anti-moisissure\/"]}]},{"@type":"ImageObject","inLanguage":"fr-FR","@id":"https:\/\/saiga.es\/fr\/produit\/arbekyn-anti-moisissure\/#primaryimage","url":"https:\/\/saiga.es\/wp-content\/uploads\/2024\/02\/Arbekyn-60-ml.jpg","contentUrl":"https:\/\/saiga.es\/wp-content\/uploads\/2024\/02\/Arbekyn-60-ml.jpg","width":1080,"height":1080,"caption":"Arbekyn 60 ml"},{"@type":"BreadcrumbList","@id":"https:\/\/saiga.es\/fr\/produit\/arbekyn-anti-moisissure\/#breadcrumb","itemListElement":[{"@type":"ListItem","position":1,"name":"Inici","item":"https:\/\/saiga.es\/fr\/"},{"@type":"ListItem","position":2,"name":"boutique","item":"https:\/\/saiga.es\/fr\/boutique\/"},{"@type":"ListItem","position":3,"name":"Arbekyn anti-moisissure"}]},{"@type":"WebSite","@id":"https:\/\/saiga.es\/fr\/#website","url":"https:\/\/saiga.es\/fr\/","name":"SAIGA","description":"M\u00e9s de 50 anys al servei de la terra i treballant per a un \u00fas eficient de l\u2019aigua!","publisher":{"@id":"https:\/\/saiga.es\/fr\/#organization"},"potentialAction":[{"@type":"SearchAction","target":{"@type":"EntryPoint","urlTemplate":"https:\/\/saiga.es\/fr\/?s={search_term_string}"},"query-input":{"@type":"PropertyValueSpecification","valueRequired":true,"valueName":"search_term_string"}}],"inLanguage":"fr-FR"},{"@type":"Organization","@id":"https:\/\/saiga.es\/fr\/#organization","name":"SAIGA","url":"https:\/\/saiga.es\/fr\/","logo":{"@type":"ImageObject","inLanguage":"fr-FR","@id":"https:\/\/saiga.es\/fr\/#\/schema\/logo\/image\/","url":"https:\/\/saiga.es\/wp-content\/uploads\/2025\/07\/logo_saiga_baseline_optimitzat.svg","contentUrl":"https:\/\/saiga.es\/wp-content\/uploads\/2025\/07\/logo_saiga_baseline_optimitzat.svg","caption":"SAIGA"},"image":{"@id":"https:\/\/saiga.es\/fr\/#\/schema\/logo\/image\/"},"sameAs":["https:\/\/x.com\/saiga_agro","https:\/\/www.instagram.com\/saiga_agro\/"]}]}},"_links":{"self":[{"href":"https:\/\/saiga.es\/fr\/wp-json\/wp\/v2\/product\/7371","targetHints":{"allow":["GET"]}}],"collection":[{"href":"https:\/\/saiga.es\/fr\/wp-json\/wp\/v2\/product"}],"about":[{"href":"https:\/\/saiga.es\/fr\/wp-json\/wp\/v2\/types\/product"}],"replies":[{"embeddable":true,"href":"https:\/\/saiga.es\/fr\/wp-json\/wp\/v2\/comments?post=7371"}],"wp:featuredmedia":[{"embeddable":true,"href":"https:\/\/saiga.es\/fr\/wp-json\/wp\/v2\/media\/16318"}],"wp:attachment":[{"href":"https:\/\/saiga.es\/fr\/wp-json\/wp\/v2\/media?parent=7371"}],"wp:term":[{"taxonomy":"product_brand","embeddable":true,"href":"https:\/\/saiga.es\/fr\/wp-json\/wp\/v2\/product_brand?post=7371"},{"taxonomy":"product_cat","embeddable":true,"href":"https:\/\/saiga.es\/fr\/wp-json\/wp\/v2\/product_cat?post=7371"},{"taxonomy":"product_tag","embeddable":true,"href":"https:\/\/saiga.es\/fr\/wp-json\/wp\/v2\/product_tag?post=7371"}],"curies":[{"name":"wp","href":"https:\/\/api.w.org\/{rel}","templated":true}]}}