{"id":7381,"date":"2024-02-15T08:29:48","date_gmt":"2024-02-15T08:29:48","guid":{"rendered":"https:\/\/botiga.saiga.es\/producte\/sac-a-gazon-multiclasse-5-kg\/"},"modified":"2024-02-15T08:29:48","modified_gmt":"2024-02-15T08:29:48","slug":"sac-a-gazon-multiclasse-5-kg","status":"publish","type":"product","link":"https:\/\/saiga.es\/fr\/produit\/sac-a-gazon-multiclasse-5-kg\/","title":{"rendered":"Sac \u00e0 gazon multiclasse 5 Kg"},"content":{"rendered":"<p>Sac \u00e0 gazon multiclasse 5 Kg. M\u00e9lange de graines de gazon \u00ab\u00a0tout terrain\u00a0\u00bb pr\u00eates \u00e0 \u00eatre foul\u00e9es dans les parcs et jardins, pour un usage intensif et m\u00eame pour les terrains de sport. Cette pelouse pr\u00e9sente une excellente r\u00e9sistance \u00e0 tous les types de sols et de climats de la g\u00e9ographie. Il supporte tr\u00e8s bien la s\u00e9cheresse, la chaleur et la salinit\u00e9.<\/p>\n","protected":false},"excerpt":{"rendered":"<p>Sac \u00e0 gazon multiclasse 5 Kg. M\u00e9lange de graines de gazon \u00ab\u00a0tout terrain\u00a0\u00bb pr\u00eates \u00e0 \u00eatre foul\u00e9es dans les parcs et jardins, pour un usage intensif et m\u00eame pour les terrains de sport. Cette pelouse pr\u00e9sente une excellente r\u00e9sistance \u00e0 tous les types de sols et de climats de la g\u00e9ographie. Il supporte tr\u00e8s bien la s\u00e9cheresse, la chaleur et la salinit\u00e9.<\/p>\n","protected":false},"featured_media":14312,"comment_status":"closed","ping_status":"closed","template":"","meta":[],"product_brand":[],"product_cat":[457],"product_tag":[800,796,795,798,797,799],"class_list":{"0":"post-7381","1":"product","2":"type-product","3":"status-publish","4":"has-post-thumbnail","6":"product_cat-pelouses","7":"product_tag-gazon-naturel","8":"product_tag-graines","9":"product_tag-herbe","10":"product_tag-multiclass-fr","11":"product_tag-secheresse","12":"product_tag-top-green-fr","14":"first","15":"instock","16":"taxable","17":"shipping-taxable","18":"purchasable","19":"product-type-variable"},"yoast_head":"<!-- This site is optimized with the Yoast SEO plugin v27.3 - https:\/\/yoast.com\/product\/yoast-seo-wordpress\/ -->\n<title>Sac \u00e0 gazon multiclasse 5 Kg | SAIGA<\/title>\n<meta name=\"description\" content=\"Sac \u00e0 gazon multiclasse 5 Kg. M\u00e9lange de graines de gazon &quot;tout terrain&quot; pr\u00eates \u00e0 \u00eatre foul\u00e9es dans les parcs et jardins, pour un usage intensif et m\u00eame pour les terrains de sport. Cette pelouse pr\u00e9sente une excellente r\u00e9sistance \u00e0 tous les types de sols et de climats de la g\u00e9ographie espagnole. Il supporte tr\u00e8s bien la s\u00e9cheresse, la chaleur et la salinit\u00e9.\" \/>\n<meta name=\"robots\" content=\"index, follow, max-snippet:-1, max-image-preview:large, max-video-preview:-1\" \/>\n<link rel=\"canonical\" href=\"https:\/\/saiga.es\/fr\/produit\/sac-a-gazon-multiclasse-5-kg\/\" \/>\n<meta property=\"og:locale\" content=\"fr_FR\" \/>\n<meta property=\"og:type\" content=\"article\" \/>\n<meta property=\"og:title\" content=\"Sac \u00e0 gazon multiclasse 5 Kg | SAIGA\" \/>\n<meta property=\"og:description\" content=\"Sac \u00e0 gazon multiclasse 5 Kg. M\u00e9lange de graines de gazon &quot;tout terrain&quot; pr\u00eates \u00e0 \u00eatre foul\u00e9es dans les parcs et jardins, pour un usage intensif et m\u00eame pour les terrains de sport. Cette pelouse pr\u00e9sente une excellente r\u00e9sistance \u00e0 tous les types de sols et de climats de la g\u00e9ographie espagnole. Il supporte tr\u00e8s bien la s\u00e9cheresse, la chaleur et la salinit\u00e9.\" \/>\n<meta property=\"og:url\" content=\"https:\/\/saiga.es\/fr\/produit\/sac-a-gazon-multiclasse-5-kg\/\" \/>\n<meta property=\"og:site_name\" content=\"SAIGA\" \/>\n<meta property=\"og:image\" content=\"https:\/\/saiga.es\/wp-content\/uploads\/2024\/02\/Gespa-multiclass.jpg\" \/>\n\t<meta property=\"og:image:width\" content=\"1080\" \/>\n\t<meta property=\"og:image:height\" content=\"1080\" \/>\n\t<meta property=\"og:image:type\" content=\"image\/jpeg\" \/>\n<meta name=\"twitter:card\" content=\"summary_large_image\" \/>\n<meta name=\"twitter:site\" content=\"@saiga_agro\" \/>\n<script type=\"application\/ld+json\" class=\"yoast-schema-graph\">{\"@context\":\"https:\\\/\\\/schema.org\",\"@graph\":[{\"@type\":\"WebPage\",\"@id\":\"https:\\\/\\\/saiga.es\\\/fr\\\/produit\\\/sac-a-gazon-multiclasse-5-kg\\\/\",\"url\":\"https:\\\/\\\/saiga.es\\\/fr\\\/produit\\\/sac-a-gazon-multiclasse-5-kg\\\/\",\"name\":\"Sac \u00e0 gazon multiclasse 5 Kg | SAIGA\",\"isPartOf\":{\"@id\":\"https:\\\/\\\/saiga.es\\\/fr\\\/#website\"},\"primaryImageOfPage\":{\"@id\":\"https:\\\/\\\/saiga.es\\\/fr\\\/produit\\\/sac-a-gazon-multiclasse-5-kg\\\/#primaryimage\"},\"image\":{\"@id\":\"https:\\\/\\\/saiga.es\\\/fr\\\/produit\\\/sac-a-gazon-multiclasse-5-kg\\\/#primaryimage\"},\"thumbnailUrl\":\"https:\\\/\\\/saiga.es\\\/wp-content\\\/uploads\\\/2024\\\/02\\\/Gespa-multiclass.jpg\",\"datePublished\":\"2024-02-15T08:29:48+00:00\",\"description\":\"Sac \u00e0 gazon multiclasse 5 Kg. M\u00e9lange de graines de gazon \\\"tout terrain\\\" pr\u00eates \u00e0 \u00eatre foul\u00e9es dans les parcs et jardins, pour un usage intensif et m\u00eame pour les terrains de sport. Cette pelouse pr\u00e9sente une excellente r\u00e9sistance \u00e0 tous les types de sols et de climats de la g\u00e9ographie espagnole. Il supporte tr\u00e8s bien la s\u00e9cheresse, la chaleur et la salinit\u00e9.\",\"breadcrumb\":{\"@id\":\"https:\\\/\\\/saiga.es\\\/fr\\\/produit\\\/sac-a-gazon-multiclasse-5-kg\\\/#breadcrumb\"},\"inLanguage\":\"fr-FR\",\"potentialAction\":[{\"@type\":\"ReadAction\",\"target\":[\"https:\\\/\\\/saiga.es\\\/fr\\\/produit\\\/sac-a-gazon-multiclasse-5-kg\\\/\"]}]},{\"@type\":\"ImageObject\",\"inLanguage\":\"fr-FR\",\"@id\":\"https:\\\/\\\/saiga.es\\\/fr\\\/produit\\\/sac-a-gazon-multiclasse-5-kg\\\/#primaryimage\",\"url\":\"https:\\\/\\\/saiga.es\\\/wp-content\\\/uploads\\\/2024\\\/02\\\/Gespa-multiclass.jpg\",\"contentUrl\":\"https:\\\/\\\/saiga.es\\\/wp-content\\\/uploads\\\/2024\\\/02\\\/Gespa-multiclass.jpg\",\"width\":1080,\"height\":1080,\"caption\":\"Llavor gespa Multiclass\"},{\"@type\":\"BreadcrumbList\",\"@id\":\"https:\\\/\\\/saiga.es\\\/fr\\\/produit\\\/sac-a-gazon-multiclasse-5-kg\\\/#breadcrumb\",\"itemListElement\":[{\"@type\":\"ListItem\",\"position\":1,\"name\":\"Inici\",\"item\":\"https:\\\/\\\/saiga.es\\\/fr\\\/\"},{\"@type\":\"ListItem\",\"position\":2,\"name\":\"boutique\",\"item\":\"https:\\\/\\\/saiga.es\\\/fr\\\/boutique\\\/\"},{\"@type\":\"ListItem\",\"position\":3,\"name\":\"Sac \u00e0 gazon multiclasse 5 Kg\"}]},{\"@type\":\"WebSite\",\"@id\":\"https:\\\/\\\/saiga.es\\\/fr\\\/#website\",\"url\":\"https:\\\/\\\/saiga.es\\\/fr\\\/\",\"name\":\"SAIGA\",\"description\":\"M\u00e9s de 50 anys al servei de la terra i treballant per a un \u00fas eficient de l\u2019aigua!\",\"publisher\":{\"@id\":\"https:\\\/\\\/saiga.es\\\/fr\\\/#organization\"},\"potentialAction\":[{\"@type\":\"SearchAction\",\"target\":{\"@type\":\"EntryPoint\",\"urlTemplate\":\"https:\\\/\\\/saiga.es\\\/fr\\\/?s={search_term_string}\"},\"query-input\":{\"@type\":\"PropertyValueSpecification\",\"valueRequired\":true,\"valueName\":\"search_term_string\"}}],\"inLanguage\":\"fr-FR\"},{\"@type\":\"Organization\",\"@id\":\"https:\\\/\\\/saiga.es\\\/fr\\\/#organization\",\"name\":\"SAIGA\",\"url\":\"https:\\\/\\\/saiga.es\\\/fr\\\/\",\"logo\":{\"@type\":\"ImageObject\",\"inLanguage\":\"fr-FR\",\"@id\":\"https:\\\/\\\/saiga.es\\\/fr\\\/#\\\/schema\\\/logo\\\/image\\\/\",\"url\":\"https:\\\/\\\/saiga.es\\\/wp-content\\\/uploads\\\/2025\\\/07\\\/logo_saiga_baseline_optimitzat.svg\",\"contentUrl\":\"https:\\\/\\\/saiga.es\\\/wp-content\\\/uploads\\\/2025\\\/07\\\/logo_saiga_baseline_optimitzat.svg\",\"caption\":\"SAIGA\"},\"image\":{\"@id\":\"https:\\\/\\\/saiga.es\\\/fr\\\/#\\\/schema\\\/logo\\\/image\\\/\"},\"sameAs\":[\"https:\\\/\\\/x.com\\\/saiga_agro\",\"https:\\\/\\\/www.instagram.com\\\/saiga_agro\\\/\"]}]}<\/script>\n<!-- \/ Yoast SEO plugin. -->","yoast_head_json":{"title":"Sac \u00e0 gazon multiclasse 5 Kg | SAIGA","description":"Sac \u00e0 gazon multiclasse 5 Kg. M\u00e9lange de graines de gazon \"tout terrain\" pr\u00eates \u00e0 \u00eatre foul\u00e9es dans les parcs et jardins, pour un usage intensif et m\u00eame pour les terrains de sport. Cette pelouse pr\u00e9sente une excellente r\u00e9sistance \u00e0 tous les types de sols et de climats de la g\u00e9ographie espagnole. Il supporte tr\u00e8s bien la s\u00e9cheresse, la chaleur et la salinit\u00e9.","robots":{"index":"index","follow":"follow","max-snippet":"max-snippet:-1","max-image-preview":"max-image-preview:large","max-video-preview":"max-video-preview:-1"},"canonical":"https:\/\/saiga.es\/fr\/produit\/sac-a-gazon-multiclasse-5-kg\/","og_locale":"fr_FR","og_type":"article","og_title":"Sac \u00e0 gazon multiclasse 5 Kg | SAIGA","og_description":"Sac \u00e0 gazon multiclasse 5 Kg. M\u00e9lange de graines de gazon \"tout terrain\" pr\u00eates \u00e0 \u00eatre foul\u00e9es dans les parcs et jardins, pour un usage intensif et m\u00eame pour les terrains de sport. Cette pelouse pr\u00e9sente une excellente r\u00e9sistance \u00e0 tous les types de sols et de climats de la g\u00e9ographie espagnole. Il supporte tr\u00e8s bien la s\u00e9cheresse, la chaleur et la salinit\u00e9.","og_url":"https:\/\/saiga.es\/fr\/produit\/sac-a-gazon-multiclasse-5-kg\/","og_site_name":"SAIGA","og_image":[{"width":1080,"height":1080,"url":"https:\/\/saiga.es\/wp-content\/uploads\/2024\/02\/Gespa-multiclass.jpg","type":"image\/jpeg"}],"twitter_card":"summary_large_image","twitter_site":"@saiga_agro","schema":{"@context":"https:\/\/schema.org","@graph":[{"@type":"WebPage","@id":"https:\/\/saiga.es\/fr\/produit\/sac-a-gazon-multiclasse-5-kg\/","url":"https:\/\/saiga.es\/fr\/produit\/sac-a-gazon-multiclasse-5-kg\/","name":"Sac \u00e0 gazon multiclasse 5 Kg | SAIGA","isPartOf":{"@id":"https:\/\/saiga.es\/fr\/#website"},"primaryImageOfPage":{"@id":"https:\/\/saiga.es\/fr\/produit\/sac-a-gazon-multiclasse-5-kg\/#primaryimage"},"image":{"@id":"https:\/\/saiga.es\/fr\/produit\/sac-a-gazon-multiclasse-5-kg\/#primaryimage"},"thumbnailUrl":"https:\/\/saiga.es\/wp-content\/uploads\/2024\/02\/Gespa-multiclass.jpg","datePublished":"2024-02-15T08:29:48+00:00","description":"Sac \u00e0 gazon multiclasse 5 Kg. M\u00e9lange de graines de gazon \"tout terrain\" pr\u00eates \u00e0 \u00eatre foul\u00e9es dans les parcs et jardins, pour un usage intensif et m\u00eame pour les terrains de sport. Cette pelouse pr\u00e9sente une excellente r\u00e9sistance \u00e0 tous les types de sols et de climats de la g\u00e9ographie espagnole. Il supporte tr\u00e8s bien la s\u00e9cheresse, la chaleur et la salinit\u00e9.","breadcrumb":{"@id":"https:\/\/saiga.es\/fr\/produit\/sac-a-gazon-multiclasse-5-kg\/#breadcrumb"},"inLanguage":"fr-FR","potentialAction":[{"@type":"ReadAction","target":["https:\/\/saiga.es\/fr\/produit\/sac-a-gazon-multiclasse-5-kg\/"]}]},{"@type":"ImageObject","inLanguage":"fr-FR","@id":"https:\/\/saiga.es\/fr\/produit\/sac-a-gazon-multiclasse-5-kg\/#primaryimage","url":"https:\/\/saiga.es\/wp-content\/uploads\/2024\/02\/Gespa-multiclass.jpg","contentUrl":"https:\/\/saiga.es\/wp-content\/uploads\/2024\/02\/Gespa-multiclass.jpg","width":1080,"height":1080,"caption":"Llavor gespa Multiclass"},{"@type":"BreadcrumbList","@id":"https:\/\/saiga.es\/fr\/produit\/sac-a-gazon-multiclasse-5-kg\/#breadcrumb","itemListElement":[{"@type":"ListItem","position":1,"name":"Inici","item":"https:\/\/saiga.es\/fr\/"},{"@type":"ListItem","position":2,"name":"boutique","item":"https:\/\/saiga.es\/fr\/boutique\/"},{"@type":"ListItem","position":3,"name":"Sac \u00e0 gazon multiclasse 5 Kg"}]},{"@type":"WebSite","@id":"https:\/\/saiga.es\/fr\/#website","url":"https:\/\/saiga.es\/fr\/","name":"SAIGA","description":"M\u00e9s de 50 anys al servei de la terra i treballant per a un \u00fas eficient de l\u2019aigua!","publisher":{"@id":"https:\/\/saiga.es\/fr\/#organization"},"potentialAction":[{"@type":"SearchAction","target":{"@type":"EntryPoint","urlTemplate":"https:\/\/saiga.es\/fr\/?s={search_term_string}"},"query-input":{"@type":"PropertyValueSpecification","valueRequired":true,"valueName":"search_term_string"}}],"inLanguage":"fr-FR"},{"@type":"Organization","@id":"https:\/\/saiga.es\/fr\/#organization","name":"SAIGA","url":"https:\/\/saiga.es\/fr\/","logo":{"@type":"ImageObject","inLanguage":"fr-FR","@id":"https:\/\/saiga.es\/fr\/#\/schema\/logo\/image\/","url":"https:\/\/saiga.es\/wp-content\/uploads\/2025\/07\/logo_saiga_baseline_optimitzat.svg","contentUrl":"https:\/\/saiga.es\/wp-content\/uploads\/2025\/07\/logo_saiga_baseline_optimitzat.svg","caption":"SAIGA"},"image":{"@id":"https:\/\/saiga.es\/fr\/#\/schema\/logo\/image\/"},"sameAs":["https:\/\/x.com\/saiga_agro","https:\/\/www.instagram.com\/saiga_agro\/"]}]}},"_links":{"self":[{"href":"https:\/\/saiga.es\/fr\/wp-json\/wp\/v2\/product\/7381","targetHints":{"allow":["GET"]}}],"collection":[{"href":"https:\/\/saiga.es\/fr\/wp-json\/wp\/v2\/product"}],"about":[{"href":"https:\/\/saiga.es\/fr\/wp-json\/wp\/v2\/types\/product"}],"replies":[{"embeddable":true,"href":"https:\/\/saiga.es\/fr\/wp-json\/wp\/v2\/comments?post=7381"}],"wp:featuredmedia":[{"embeddable":true,"href":"https:\/\/saiga.es\/fr\/wp-json\/wp\/v2\/media\/14312"}],"wp:attachment":[{"href":"https:\/\/saiga.es\/fr\/wp-json\/wp\/v2\/media?parent=7381"}],"wp:term":[{"taxonomy":"product_brand","embeddable":true,"href":"https:\/\/saiga.es\/fr\/wp-json\/wp\/v2\/product_brand?post=7381"},{"taxonomy":"product_cat","embeddable":true,"href":"https:\/\/saiga.es\/fr\/wp-json\/wp\/v2\/product_cat?post=7381"},{"taxonomy":"product_tag","embeddable":true,"href":"https:\/\/saiga.es\/fr\/wp-json\/wp\/v2\/product_tag?post=7381"}],"curies":[{"name":"wp","href":"https:\/\/api.w.org\/{rel}","templated":true}]}}