{"id":7392,"date":"2024-02-15T08:53:11","date_gmt":"2024-02-15T08:53:11","guid":{"rendered":"https:\/\/botiga.saiga.es\/producte\/sac-a-gazon-mediterranea\/"},"modified":"2024-02-15T08:53:11","modified_gmt":"2024-02-15T08:53:11","slug":"sac-a-gazon-mediterranea","status":"publish","type":"product","link":"https:\/\/saiga.es\/fr\/produit\/sac-a-gazon-mediterranea\/","title":{"rendered":"Sac \u00e0 gazon Mediterranea"},"content":{"rendered":"<p>Sac \u00e0 gazon Mediterranea Gazon sp\u00e9cialement adapt\u00e9 aux zones c\u00f4ti\u00e8res ou int\u00e9rieures chaudes, n\u00e9cessitant peu d&rsquo;entretien et des besoins en eau rares. Duret\u00e9 R\u00e9siste tr\u00e8s bien aux pi\u00e9tinements. Il s\u2019adapte \u00e0 tous types de sols et r\u00e9siste tr\u00e8s bien \u00e0 la s\u00e9cheresse ainsi qu\u2019\u00e0 certains niveaux de salinit\u00e9. Persistant Belle apparence hivernale, car la dormance du Cynodon est masqu\u00e9e par les deux autres esp\u00e8ces du m\u00e9lange, notamment le Festuca.<\/p>\n","protected":false},"excerpt":{"rendered":"<p>Sac \u00e0 gazon Mediterranea Gazon sp\u00e9cialement adapt\u00e9 aux zones c\u00f4ti\u00e8res ou int\u00e9rieures chaudes, n\u00e9cessitant peu d&rsquo;entretien et des besoins en eau rares. Duret\u00e9 R\u00e9siste tr\u00e8s bien aux pi\u00e9tinements. Il s\u2019adapte \u00e0 tous types de sols et r\u00e9siste tr\u00e8s bien \u00e0 la s\u00e9cheresse ainsi qu\u2019\u00e0 certains niveaux de salinit\u00e9. Persistant Belle apparence hivernale, car la dormance du Cynodon est masqu\u00e9e par les deux autres esp\u00e8ces du m\u00e9lange, notamment le Festuca.<\/p>\n","protected":false},"featured_media":14318,"comment_status":"closed","ping_status":"closed","template":"","meta":[],"product_brand":[],"product_cat":[457],"product_tag":[800,807,795,797],"class_list":{"0":"post-7392","1":"product","2":"type-product","3":"status-publish","4":"has-post-thumbnail","6":"product_cat-pelouses","7":"product_tag-gazon-naturel","8":"product_tag-herbe-fr","9":"product_tag-herbe","10":"product_tag-secheresse","12":"first","13":"instock","14":"taxable","15":"shipping-taxable","16":"purchasable","17":"product-type-variable"},"yoast_head":"<!-- This site is optimized with the Yoast SEO plugin v27.4 - https:\/\/yoast.com\/product\/yoast-seo-wordpress\/ -->\n<title>Sac \u00e0 gazon Mediterranea | SAIGA<\/title>\n<meta name=\"description\" content=\"Sac \u00e0 gazon Mediterranea Gazon sp\u00e9cialement adapt\u00e9 aux zones c\u00f4ti\u00e8res ou int\u00e9rieures chaudes, n\u00e9cessitant peu d&#039;entretien et des besoins en eau rares.\" \/>\n<meta name=\"robots\" content=\"index, follow, max-snippet:-1, max-image-preview:large, max-video-preview:-1\" \/>\n<link rel=\"canonical\" href=\"https:\/\/saiga.es\/fr\/produit\/sac-a-gazon-mediterranea\/\" \/>\n<meta property=\"og:locale\" content=\"fr_FR\" \/>\n<meta property=\"og:type\" content=\"article\" \/>\n<meta property=\"og:title\" content=\"Sac \u00e0 gazon Mediterranea | SAIGA\" \/>\n<meta property=\"og:description\" content=\"Sac \u00e0 gazon Mediterranea Gazon sp\u00e9cialement adapt\u00e9 aux zones c\u00f4ti\u00e8res ou int\u00e9rieures chaudes, n\u00e9cessitant peu d&#039;entretien et des besoins en eau rares.\" \/>\n<meta property=\"og:url\" content=\"https:\/\/saiga.es\/fr\/produit\/sac-a-gazon-mediterranea\/\" \/>\n<meta property=\"og:site_name\" content=\"SAIGA\" \/>\n<meta property=\"og:image\" content=\"https:\/\/saiga.es\/wp-content\/uploads\/2024\/02\/Gespa-Mediterranea.jpg\" \/>\n\t<meta property=\"og:image:width\" content=\"1080\" \/>\n\t<meta property=\"og:image:height\" content=\"1080\" \/>\n\t<meta property=\"og:image:type\" content=\"image\/jpeg\" \/>\n<meta name=\"twitter:card\" content=\"summary_large_image\" \/>\n<meta name=\"twitter:site\" content=\"@saiga_agro\" \/>\n<script type=\"application\/ld+json\" class=\"yoast-schema-graph\">{\"@context\":\"https:\\\/\\\/schema.org\",\"@graph\":[{\"@type\":\"WebPage\",\"@id\":\"https:\\\/\\\/saiga.es\\\/fr\\\/produit\\\/sac-a-gazon-mediterranea\\\/\",\"url\":\"https:\\\/\\\/saiga.es\\\/fr\\\/produit\\\/sac-a-gazon-mediterranea\\\/\",\"name\":\"Sac \u00e0 gazon Mediterranea | SAIGA\",\"isPartOf\":{\"@id\":\"https:\\\/\\\/saiga.es\\\/fr\\\/#website\"},\"primaryImageOfPage\":{\"@id\":\"https:\\\/\\\/saiga.es\\\/fr\\\/produit\\\/sac-a-gazon-mediterranea\\\/#primaryimage\"},\"image\":{\"@id\":\"https:\\\/\\\/saiga.es\\\/fr\\\/produit\\\/sac-a-gazon-mediterranea\\\/#primaryimage\"},\"thumbnailUrl\":\"https:\\\/\\\/saiga.es\\\/wp-content\\\/uploads\\\/2024\\\/02\\\/Gespa-Mediterranea.jpg\",\"datePublished\":\"2024-02-15T08:53:11+00:00\",\"description\":\"Sac \u00e0 gazon Mediterranea Gazon sp\u00e9cialement adapt\u00e9 aux zones c\u00f4ti\u00e8res ou int\u00e9rieures chaudes, n\u00e9cessitant peu d'entretien et des besoins en eau rares.\",\"breadcrumb\":{\"@id\":\"https:\\\/\\\/saiga.es\\\/fr\\\/produit\\\/sac-a-gazon-mediterranea\\\/#breadcrumb\"},\"inLanguage\":\"fr-FR\",\"potentialAction\":[{\"@type\":\"ReadAction\",\"target\":[\"https:\\\/\\\/saiga.es\\\/fr\\\/produit\\\/sac-a-gazon-mediterranea\\\/\"]}]},{\"@type\":\"ImageObject\",\"inLanguage\":\"fr-FR\",\"@id\":\"https:\\\/\\\/saiga.es\\\/fr\\\/produit\\\/sac-a-gazon-mediterranea\\\/#primaryimage\",\"url\":\"https:\\\/\\\/saiga.es\\\/wp-content\\\/uploads\\\/2024\\\/02\\\/Gespa-Mediterranea.jpg\",\"contentUrl\":\"https:\\\/\\\/saiga.es\\\/wp-content\\\/uploads\\\/2024\\\/02\\\/Gespa-Mediterranea.jpg\",\"width\":1080,\"height\":1080,\"caption\":\"Llavor Gespa Mediterranea\"},{\"@type\":\"BreadcrumbList\",\"@id\":\"https:\\\/\\\/saiga.es\\\/fr\\\/produit\\\/sac-a-gazon-mediterranea\\\/#breadcrumb\",\"itemListElement\":[{\"@type\":\"ListItem\",\"position\":1,\"name\":\"Inici\",\"item\":\"https:\\\/\\\/saiga.es\\\/fr\\\/\"},{\"@type\":\"ListItem\",\"position\":2,\"name\":\"boutique\",\"item\":\"https:\\\/\\\/saiga.es\\\/fr\\\/boutique\\\/\"},{\"@type\":\"ListItem\",\"position\":3,\"name\":\"Sac \u00e0 gazon Mediterranea\"}]},{\"@type\":\"WebSite\",\"@id\":\"https:\\\/\\\/saiga.es\\\/fr\\\/#website\",\"url\":\"https:\\\/\\\/saiga.es\\\/fr\\\/\",\"name\":\"SAIGA\",\"description\":\"M\u00e9s de 50 anys al servei de la terra i treballant per a un \u00fas eficient de l\u2019aigua!\",\"publisher\":{\"@id\":\"https:\\\/\\\/saiga.es\\\/fr\\\/#organization\"},\"potentialAction\":[{\"@type\":\"SearchAction\",\"target\":{\"@type\":\"EntryPoint\",\"urlTemplate\":\"https:\\\/\\\/saiga.es\\\/fr\\\/?s={search_term_string}\"},\"query-input\":{\"@type\":\"PropertyValueSpecification\",\"valueRequired\":true,\"valueName\":\"search_term_string\"}}],\"inLanguage\":\"fr-FR\"},{\"@type\":\"Organization\",\"@id\":\"https:\\\/\\\/saiga.es\\\/fr\\\/#organization\",\"name\":\"SAIGA\",\"url\":\"https:\\\/\\\/saiga.es\\\/fr\\\/\",\"logo\":{\"@type\":\"ImageObject\",\"inLanguage\":\"fr-FR\",\"@id\":\"https:\\\/\\\/saiga.es\\\/fr\\\/#\\\/schema\\\/logo\\\/image\\\/\",\"url\":\"https:\\\/\\\/saiga.es\\\/wp-content\\\/uploads\\\/2025\\\/07\\\/logo_saiga_baseline_optimitzat.svg\",\"contentUrl\":\"https:\\\/\\\/saiga.es\\\/wp-content\\\/uploads\\\/2025\\\/07\\\/logo_saiga_baseline_optimitzat.svg\",\"caption\":\"SAIGA\"},\"image\":{\"@id\":\"https:\\\/\\\/saiga.es\\\/fr\\\/#\\\/schema\\\/logo\\\/image\\\/\"},\"sameAs\":[\"https:\\\/\\\/x.com\\\/saiga_agro\",\"https:\\\/\\\/www.instagram.com\\\/saiga_agro\\\/\"]}]}<\/script>\n<!-- \/ Yoast SEO plugin. -->","yoast_head_json":{"title":"Sac \u00e0 gazon Mediterranea | SAIGA","description":"Sac \u00e0 gazon Mediterranea Gazon sp\u00e9cialement adapt\u00e9 aux zones c\u00f4ti\u00e8res ou int\u00e9rieures chaudes, n\u00e9cessitant peu d'entretien et des besoins en eau rares.","robots":{"index":"index","follow":"follow","max-snippet":"max-snippet:-1","max-image-preview":"max-image-preview:large","max-video-preview":"max-video-preview:-1"},"canonical":"https:\/\/saiga.es\/fr\/produit\/sac-a-gazon-mediterranea\/","og_locale":"fr_FR","og_type":"article","og_title":"Sac \u00e0 gazon Mediterranea | SAIGA","og_description":"Sac \u00e0 gazon Mediterranea Gazon sp\u00e9cialement adapt\u00e9 aux zones c\u00f4ti\u00e8res ou int\u00e9rieures chaudes, n\u00e9cessitant peu d'entretien et des besoins en eau rares.","og_url":"https:\/\/saiga.es\/fr\/produit\/sac-a-gazon-mediterranea\/","og_site_name":"SAIGA","og_image":[{"width":1080,"height":1080,"url":"https:\/\/saiga.es\/wp-content\/uploads\/2024\/02\/Gespa-Mediterranea.jpg","type":"image\/jpeg"}],"twitter_card":"summary_large_image","twitter_site":"@saiga_agro","schema":{"@context":"https:\/\/schema.org","@graph":[{"@type":"WebPage","@id":"https:\/\/saiga.es\/fr\/produit\/sac-a-gazon-mediterranea\/","url":"https:\/\/saiga.es\/fr\/produit\/sac-a-gazon-mediterranea\/","name":"Sac \u00e0 gazon Mediterranea | SAIGA","isPartOf":{"@id":"https:\/\/saiga.es\/fr\/#website"},"primaryImageOfPage":{"@id":"https:\/\/saiga.es\/fr\/produit\/sac-a-gazon-mediterranea\/#primaryimage"},"image":{"@id":"https:\/\/saiga.es\/fr\/produit\/sac-a-gazon-mediterranea\/#primaryimage"},"thumbnailUrl":"https:\/\/saiga.es\/wp-content\/uploads\/2024\/02\/Gespa-Mediterranea.jpg","datePublished":"2024-02-15T08:53:11+00:00","description":"Sac \u00e0 gazon Mediterranea Gazon sp\u00e9cialement adapt\u00e9 aux zones c\u00f4ti\u00e8res ou int\u00e9rieures chaudes, n\u00e9cessitant peu d'entretien et des besoins en eau rares.","breadcrumb":{"@id":"https:\/\/saiga.es\/fr\/produit\/sac-a-gazon-mediterranea\/#breadcrumb"},"inLanguage":"fr-FR","potentialAction":[{"@type":"ReadAction","target":["https:\/\/saiga.es\/fr\/produit\/sac-a-gazon-mediterranea\/"]}]},{"@type":"ImageObject","inLanguage":"fr-FR","@id":"https:\/\/saiga.es\/fr\/produit\/sac-a-gazon-mediterranea\/#primaryimage","url":"https:\/\/saiga.es\/wp-content\/uploads\/2024\/02\/Gespa-Mediterranea.jpg","contentUrl":"https:\/\/saiga.es\/wp-content\/uploads\/2024\/02\/Gespa-Mediterranea.jpg","width":1080,"height":1080,"caption":"Llavor Gespa Mediterranea"},{"@type":"BreadcrumbList","@id":"https:\/\/saiga.es\/fr\/produit\/sac-a-gazon-mediterranea\/#breadcrumb","itemListElement":[{"@type":"ListItem","position":1,"name":"Inici","item":"https:\/\/saiga.es\/fr\/"},{"@type":"ListItem","position":2,"name":"boutique","item":"https:\/\/saiga.es\/fr\/boutique\/"},{"@type":"ListItem","position":3,"name":"Sac \u00e0 gazon Mediterranea"}]},{"@type":"WebSite","@id":"https:\/\/saiga.es\/fr\/#website","url":"https:\/\/saiga.es\/fr\/","name":"SAIGA","description":"M\u00e9s de 50 anys al servei de la terra i treballant per a un \u00fas eficient de l\u2019aigua!","publisher":{"@id":"https:\/\/saiga.es\/fr\/#organization"},"potentialAction":[{"@type":"SearchAction","target":{"@type":"EntryPoint","urlTemplate":"https:\/\/saiga.es\/fr\/?s={search_term_string}"},"query-input":{"@type":"PropertyValueSpecification","valueRequired":true,"valueName":"search_term_string"}}],"inLanguage":"fr-FR"},{"@type":"Organization","@id":"https:\/\/saiga.es\/fr\/#organization","name":"SAIGA","url":"https:\/\/saiga.es\/fr\/","logo":{"@type":"ImageObject","inLanguage":"fr-FR","@id":"https:\/\/saiga.es\/fr\/#\/schema\/logo\/image\/","url":"https:\/\/saiga.es\/wp-content\/uploads\/2025\/07\/logo_saiga_baseline_optimitzat.svg","contentUrl":"https:\/\/saiga.es\/wp-content\/uploads\/2025\/07\/logo_saiga_baseline_optimitzat.svg","caption":"SAIGA"},"image":{"@id":"https:\/\/saiga.es\/fr\/#\/schema\/logo\/image\/"},"sameAs":["https:\/\/x.com\/saiga_agro","https:\/\/www.instagram.com\/saiga_agro\/"]}]}},"_links":{"self":[{"href":"https:\/\/saiga.es\/fr\/wp-json\/wp\/v2\/product\/7392","targetHints":{"allow":["GET"]}}],"collection":[{"href":"https:\/\/saiga.es\/fr\/wp-json\/wp\/v2\/product"}],"about":[{"href":"https:\/\/saiga.es\/fr\/wp-json\/wp\/v2\/types\/product"}],"replies":[{"embeddable":true,"href":"https:\/\/saiga.es\/fr\/wp-json\/wp\/v2\/comments?post=7392"}],"wp:featuredmedia":[{"embeddable":true,"href":"https:\/\/saiga.es\/fr\/wp-json\/wp\/v2\/media\/14318"}],"wp:attachment":[{"href":"https:\/\/saiga.es\/fr\/wp-json\/wp\/v2\/media?parent=7392"}],"wp:term":[{"taxonomy":"product_brand","embeddable":true,"href":"https:\/\/saiga.es\/fr\/wp-json\/wp\/v2\/product_brand?post=7392"},{"taxonomy":"product_cat","embeddable":true,"href":"https:\/\/saiga.es\/fr\/wp-json\/wp\/v2\/product_cat?post=7392"},{"taxonomy":"product_tag","embeddable":true,"href":"https:\/\/saiga.es\/fr\/wp-json\/wp\/v2\/product_tag?post=7392"}],"curies":[{"name":"wp","href":"https:\/\/api.w.org\/{rel}","templated":true}]}}