{"id":7402,"date":"2024-02-15T09:15:36","date_gmt":"2024-02-15T09:15:36","guid":{"rendered":"https:\/\/botiga.saiga.es\/producte\/sac-a-gazon-multirisque-5-kg\/"},"modified":"2026-03-18T14:17:41","modified_gmt":"2026-03-18T14:17:41","slug":"sac-a-gazon-multirisque-5-kg","status":"publish","type":"product","link":"https:\/\/saiga.es\/fr\/produit\/sac-a-gazon-multirisque-5-kg\/","title":{"rendered":"Semences de gazon multirustique r\u00e9sistantes"},"content":{"rendered":"<p>Gazon multirustique r\u00e9sistant, semences de gazon 5 kg. M\u00e9lange rustique, qui maintient une bonne esth\u00e9tique pour les jardins publics et priv\u00e9s, les aires de jeux et les travaux publics. Pour toute zone climatique et utilisation pr\u00e9vue. Il n&rsquo;a pas besoin de beaucoup d&rsquo;arrosage et conserve facilement sa couleur verte en \u00e9t\u00e9, quelle que soit sa rigueur. Consommation d&rsquo;eau r\u00e9duite, avec Festuca arundinacea et Lolium perenne 4turf. Dans le programme \u00ab LOW Eau-Mens Aigua \u00bb, Top Green a r\u00e9alis\u00e9 des tests en situation r\u00e9elle, sans irrigation, pour identifier les esp\u00e8ces et vari\u00e9t\u00e9s les plus r\u00e9sistantes au manque d&rsquo;eau et \u00e0 la chaleur. Top Green a cr\u00e9\u00e9 des m\u00e9langes de gazon plus \u00e9conomes en eau.<\/p>\n<p data-start=\"775\" data-end=\"948\"><strong>Avantages<\/strong><\/p>\n<ul>\n<li data-section-id=\"1uqrr38\" data-start=\"1052\" data-end=\"1071\">\n<p data-start=\"1054\" data-end=\"1071\">Germination rapide<\/p>\n<\/li>\n<li data-section-id=\"1t44r7r\" data-start=\"1072\" data-end=\"1100\">\n<p data-start=\"1074\" data-end=\"1100\">Alta resist\u00e8ncia al trepig<\/p>\n<\/li>\n<li data-section-id=\"ktcjb0\" data-start=\"1101\" data-end=\"1119\">\n<p data-start=\"1103\" data-end=\"1119\">Faible entretien<\/p>\n<\/li>\n<li data-section-id=\"4ex6dq\" data-start=\"1120\" data-end=\"1150\">\n<p data-start=\"1122\" data-end=\"1150\">Adaptable \u00e0 diff\u00e9rents climats<\/p>\n<\/li>\n<li data-section-id=\"77w67o\" data-start=\"1151\" data-end=\"1184\">\n<p data-start=\"1153\" data-end=\"1184\">Pelouse dense et d&rsquo;apparence uniforme<\/p>\n<\/li>\n<\/ul>\n<p data-start=\"1278\" data-end=\"1294\"><strong data-start=\"1278\" data-end=\"1294\">quand semer<\/strong><\/p>\n<ul data-start=\"1295\" data-end=\"1335\">\n<li data-section-id=\"72bd24\" data-start=\"1295\" data-end=\"1335\">\n<p data-start=\"1297\" data-end=\"1335\">Printemps et automne (meilleurs r\u00e9sultats)<\/p>\n<\/li>\n<\/ul>\n<p data-start=\"1337\" data-end=\"1350\"><strong data-start=\"1337\" data-end=\"1350\">R\u00e9ensemencer<\/strong><\/p>\n<ul data-start=\"1351\" data-end=\"1380\">\n<li data-section-id=\"1icdm6b\" data-start=\"1351\" data-end=\"1380\">\n<p data-start=\"1353\" data-end=\"1380\">Recommand\u00e9 tous les 6 \u00e0 12 mois<\/p>\n<\/li>\n<li data-section-id=\"1icdm6b\" data-start=\"1351\" data-end=\"1380\">\n<p data-start=\"1353\" data-end=\"1380\">1 kg couvre environ 30 \u00e0 40 m\u00b2<\/p>\n<\/li>\n<li data-section-id=\"1icdm6b\" data-start=\"1351\" data-end=\"1380\">\n<p data-start=\"1353\" data-end=\"1380\">Exemple : 5 kg \u2192 150\u2013200 m\u00b2<\/p>\n<\/li>\n<\/ul>\n<p data-section-id=\"1w8bls2\" data-start=\"1645\" data-end=\"1664\"><strong>applications <\/strong><\/p>\n<ul data-start=\"1666\" data-end=\"1766\">\n<li data-section-id=\"zoedxh\" data-start=\"1666\" data-end=\"1687\">\n<p data-start=\"1668\" data-end=\"1687\">Jardins priv\u00e9s<\/p>\n<\/li>\n<li data-section-id=\"ixkdxr\" data-start=\"1688\" data-end=\"1708\">\n<p data-start=\"1690\" data-end=\"1708\">Espaces communautaires<\/p>\n<\/li>\n<li data-section-id=\"1ya3xn1\" data-start=\"1709\" data-end=\"1741\">\n<p data-start=\"1711\" data-end=\"1741\">Espais amb tr\u00e0nsit moderat-alt<\/p>\n<\/li>\n<li data-section-id=\"1ftw185\" data-start=\"1742\" data-end=\"1766\">\n<p data-start=\"1744\" data-end=\"1766\">R\u00e9habilitation de pelouse<\/p>\n<\/li>\n<\/ul>\n<p data-section-id=\"c3mpws\" data-start=\"1773\" data-end=\"1801\"><strong>FAQ <\/strong><\/p>\n<p data-start=\"1803\" data-end=\"1877\"><strong data-start=\"1803\" data-end=\"1838\">Combien de temps faut-il pour que l&rsquo;herbe pousse ?<\/strong><br data-start=\"1838\" data-end=\"1841\">Entre 7 et 15 jours selon les conditions.<\/p>\n<p data-start=\"1879\" data-end=\"1958\"><strong data-start=\"1879\" data-end=\"1912\">\u00c0 quelle fr\u00e9quence faut-il le r\u00e9ensemencer ?<\/strong><br data-start=\"1912\" data-end=\"1915\">Il est recommand\u00e9 de r\u00e9ensemencer les zones concern\u00e9es chaque saison.<\/p>\n<p data-start=\"1960\" data-end=\"2034\"><strong data-start=\"1960\" data-end=\"1991\">N\u00e9cessite-t-il beaucoup d&rsquo;entretien ?<\/strong><br data-start=\"1991\" data-end=\"1994\">No, est\u00e0 pensada per a baix manteniment.<\/p>\n<p data-start=\"2036\" data-end=\"2126\"><strong data-start=\"2036\" data-end=\"2068\">Est-ce que cela fonctionne dans les zones ombrag\u00e9es ?<\/strong><br data-start=\"2068\" data-end=\"2071\">Oui, mais avec de meilleures performances dans les zones partiellement ensoleill\u00e9es.<\/p>\n","protected":false},"excerpt":{"rendered":"<p>Gazon multirustique r\u00e9sistant, semences de gazon 5 kg. M\u00e9lange rustique, qui maintient une bonne esth\u00e9tique pour les jardins publics et priv\u00e9s, les aires de jeux et les travaux publics. Pour toute zone climatique et utilisation pr\u00e9vue. Il n&rsquo;a pas besoin de beaucoup d&rsquo;arrosage et conserve facilement sa couleur verte en \u00e9t\u00e9, quelle que soit sa rigueur.<\/p>\n<p data-start=\"577\" data-end=\"773\">Multirustic est un m\u00e9lange de semences de gazon sp\u00e9cialement con\u00e7u pour cr\u00e9er des pelouses r\u00e9sistantes, denses et n\u00e9cessitant peu d&rsquo;entretien, id\u00e9al pour les jardins priv\u00e9s et les zones \u00e0 usage intensif.<\/p>\n<p data-start=\"775\" data-end=\"948\">Gr\u00e2ce \u00e0 sa composition \u00e9quilibr\u00e9e, ce gazon se distingue par sa germination rapide et son excellente adaptabilit\u00e9 \u00e0 diff\u00e9rents types de terrains et de climats. Id\u00e9al pour obtenir une pelouse durable et sans tracas. <\/p>\n","protected":false},"featured_media":14321,"comment_status":"closed","ping_status":"closed","template":"","meta":[],"product_brand":[],"product_cat":[457],"product_tag":[800,795,807,810],"class_list":{"0":"post-7402","1":"product","2":"type-product","3":"status-publish","4":"has-post-thumbnail","6":"product_cat-pelouses","7":"product_tag-gazon-naturel","8":"product_tag-herbe","9":"product_tag-herbe-fr","10":"product_tag-multirustica-fr","12":"first","13":"instock","14":"taxable","15":"shipping-taxable","16":"purchasable","17":"product-type-simple"},"yoast_head":"<!-- This site is optimized with the Yoast SEO plugin v27.4 - https:\/\/yoast.com\/product\/yoast-seo-wordpress\/ -->\n<title>Semences de gazon multirustique r\u00e9sistantes | SAIGA<\/title>\n<meta name=\"description\" content=\"Gazon multirustique r\u00e9sistant, semences de gazon. M\u00e9lange rustique, qui maintient une bonne esth\u00e9tique pour les jardins publics et priv\u00e9s, les aires de jeux et les travaux publics.\" \/>\n<meta name=\"robots\" content=\"index, follow, max-snippet:-1, max-image-preview:large, max-video-preview:-1\" \/>\n<link rel=\"canonical\" href=\"https:\/\/saiga.es\/fr\/produit\/sac-a-gazon-multirisque-5-kg\/\" \/>\n<meta property=\"og:locale\" content=\"fr_FR\" \/>\n<meta property=\"og:type\" content=\"article\" \/>\n<meta property=\"og:title\" content=\"Semences de gazon multirustique r\u00e9sistantes | SAIGA\" \/>\n<meta property=\"og:description\" content=\"Gazon multirustique r\u00e9sistant, semences de gazon. M\u00e9lange rustique, qui maintient une bonne esth\u00e9tique pour les jardins publics et priv\u00e9s, les aires de jeux et les travaux publics.\" \/>\n<meta property=\"og:url\" content=\"https:\/\/saiga.es\/fr\/produit\/sac-a-gazon-multirisque-5-kg\/\" \/>\n<meta property=\"og:site_name\" content=\"SAIGA\" \/>\n<meta property=\"article:modified_time\" content=\"2026-03-18T14:17:41+00:00\" \/>\n<meta property=\"og:image\" content=\"https:\/\/saiga.es\/wp-content\/uploads\/2024\/02\/Llavor-gespa-Multirustic-5-Kg.jpg\" \/>\n\t<meta property=\"og:image:width\" content=\"1080\" \/>\n\t<meta property=\"og:image:height\" content=\"1080\" \/>\n\t<meta property=\"og:image:type\" content=\"image\/jpeg\" \/>\n<meta name=\"twitter:card\" content=\"summary_large_image\" \/>\n<meta name=\"twitter:site\" content=\"@saiga_agro\" \/>\n<meta name=\"twitter:label1\" content=\"Dur\u00e9e de lecture estim\u00e9e\" \/>\n\t<meta name=\"twitter:data1\" content=\"1 minute\" \/>\n<script type=\"application\/ld+json\" class=\"yoast-schema-graph\">{\"@context\":\"https:\\\/\\\/schema.org\",\"@graph\":[{\"@type\":\"WebPage\",\"@id\":\"https:\\\/\\\/saiga.es\\\/fr\\\/produit\\\/sac-a-gazon-multirisque-5-kg\\\/\",\"url\":\"https:\\\/\\\/saiga.es\\\/fr\\\/produit\\\/sac-a-gazon-multirisque-5-kg\\\/\",\"name\":\"Semences de gazon multirustique r\u00e9sistantes | SAIGA\",\"isPartOf\":{\"@id\":\"https:\\\/\\\/saiga.es\\\/fr\\\/#website\"},\"primaryImageOfPage\":{\"@id\":\"https:\\\/\\\/saiga.es\\\/fr\\\/produit\\\/sac-a-gazon-multirisque-5-kg\\\/#primaryimage\"},\"image\":{\"@id\":\"https:\\\/\\\/saiga.es\\\/fr\\\/produit\\\/sac-a-gazon-multirisque-5-kg\\\/#primaryimage\"},\"thumbnailUrl\":\"https:\\\/\\\/saiga.es\\\/wp-content\\\/uploads\\\/2024\\\/02\\\/Llavor-gespa-Multirustic-5-Kg.jpg\",\"datePublished\":\"2024-02-15T09:15:36+00:00\",\"dateModified\":\"2026-03-18T14:17:41+00:00\",\"description\":\"Gazon multirustique r\u00e9sistant, semences de gazon. M\u00e9lange rustique, qui maintient une bonne esth\u00e9tique pour les jardins publics et priv\u00e9s, les aires de jeux et les travaux publics.\",\"breadcrumb\":{\"@id\":\"https:\\\/\\\/saiga.es\\\/fr\\\/produit\\\/sac-a-gazon-multirisque-5-kg\\\/#breadcrumb\"},\"inLanguage\":\"fr-FR\",\"potentialAction\":[{\"@type\":\"ReadAction\",\"target\":[\"https:\\\/\\\/saiga.es\\\/fr\\\/produit\\\/sac-a-gazon-multirisque-5-kg\\\/\"]}]},{\"@type\":\"ImageObject\",\"inLanguage\":\"fr-FR\",\"@id\":\"https:\\\/\\\/saiga.es\\\/fr\\\/produit\\\/sac-a-gazon-multirisque-5-kg\\\/#primaryimage\",\"url\":\"https:\\\/\\\/saiga.es\\\/wp-content\\\/uploads\\\/2024\\\/02\\\/Llavor-gespa-Multirustic-5-Kg.jpg\",\"contentUrl\":\"https:\\\/\\\/saiga.es\\\/wp-content\\\/uploads\\\/2024\\\/02\\\/Llavor-gespa-Multirustic-5-Kg.jpg\",\"width\":1080,\"height\":1080,\"caption\":\"Gazon multirustique r\u00e9sistant | Semences de gazon\"},{\"@type\":\"BreadcrumbList\",\"@id\":\"https:\\\/\\\/saiga.es\\\/fr\\\/produit\\\/sac-a-gazon-multirisque-5-kg\\\/#breadcrumb\",\"itemListElement\":[{\"@type\":\"ListItem\",\"position\":1,\"name\":\"Inici\",\"item\":\"https:\\\/\\\/saiga.es\\\/fr\\\/\"},{\"@type\":\"ListItem\",\"position\":2,\"name\":\"boutique\",\"item\":\"https:\\\/\\\/saiga.es\\\/fr\\\/boutique\\\/\"},{\"@type\":\"ListItem\",\"position\":3,\"name\":\"Semences de gazon multirustique r\u00e9sistantes\"}]},{\"@type\":\"WebSite\",\"@id\":\"https:\\\/\\\/saiga.es\\\/fr\\\/#website\",\"url\":\"https:\\\/\\\/saiga.es\\\/fr\\\/\",\"name\":\"SAIGA\",\"description\":\"M\u00e9s de 50 anys al servei de la terra i treballant per a un \u00fas eficient de l\u2019aigua!\",\"publisher\":{\"@id\":\"https:\\\/\\\/saiga.es\\\/fr\\\/#organization\"},\"potentialAction\":[{\"@type\":\"SearchAction\",\"target\":{\"@type\":\"EntryPoint\",\"urlTemplate\":\"https:\\\/\\\/saiga.es\\\/fr\\\/?s={search_term_string}\"},\"query-input\":{\"@type\":\"PropertyValueSpecification\",\"valueRequired\":true,\"valueName\":\"search_term_string\"}}],\"inLanguage\":\"fr-FR\"},{\"@type\":\"Organization\",\"@id\":\"https:\\\/\\\/saiga.es\\\/fr\\\/#organization\",\"name\":\"SAIGA\",\"url\":\"https:\\\/\\\/saiga.es\\\/fr\\\/\",\"logo\":{\"@type\":\"ImageObject\",\"inLanguage\":\"fr-FR\",\"@id\":\"https:\\\/\\\/saiga.es\\\/fr\\\/#\\\/schema\\\/logo\\\/image\\\/\",\"url\":\"https:\\\/\\\/saiga.es\\\/wp-content\\\/uploads\\\/2025\\\/07\\\/logo_saiga_baseline_optimitzat.svg\",\"contentUrl\":\"https:\\\/\\\/saiga.es\\\/wp-content\\\/uploads\\\/2025\\\/07\\\/logo_saiga_baseline_optimitzat.svg\",\"caption\":\"SAIGA\"},\"image\":{\"@id\":\"https:\\\/\\\/saiga.es\\\/fr\\\/#\\\/schema\\\/logo\\\/image\\\/\"},\"sameAs\":[\"https:\\\/\\\/x.com\\\/saiga_agro\",\"https:\\\/\\\/www.instagram.com\\\/saiga_agro\\\/\"]}]}<\/script>\n<!-- \/ Yoast SEO plugin. -->","yoast_head_json":{"title":"Semences de gazon multirustique r\u00e9sistantes | SAIGA","description":"Gazon multirustique r\u00e9sistant, semences de gazon. M\u00e9lange rustique, qui maintient une bonne esth\u00e9tique pour les jardins publics et priv\u00e9s, les aires de jeux et les travaux publics.","robots":{"index":"index","follow":"follow","max-snippet":"max-snippet:-1","max-image-preview":"max-image-preview:large","max-video-preview":"max-video-preview:-1"},"canonical":"https:\/\/saiga.es\/fr\/produit\/sac-a-gazon-multirisque-5-kg\/","og_locale":"fr_FR","og_type":"article","og_title":"Semences de gazon multirustique r\u00e9sistantes | SAIGA","og_description":"Gazon multirustique r\u00e9sistant, semences de gazon. M\u00e9lange rustique, qui maintient une bonne esth\u00e9tique pour les jardins publics et priv\u00e9s, les aires de jeux et les travaux publics.","og_url":"https:\/\/saiga.es\/fr\/produit\/sac-a-gazon-multirisque-5-kg\/","og_site_name":"SAIGA","article_modified_time":"2026-03-18T14:17:41+00:00","og_image":[{"width":1080,"height":1080,"url":"https:\/\/saiga.es\/wp-content\/uploads\/2024\/02\/Llavor-gespa-Multirustic-5-Kg.jpg","type":"image\/jpeg"}],"twitter_card":"summary_large_image","twitter_site":"@saiga_agro","twitter_misc":{"Dur\u00e9e de lecture estim\u00e9e":"1 minute"},"schema":{"@context":"https:\/\/schema.org","@graph":[{"@type":"WebPage","@id":"https:\/\/saiga.es\/fr\/produit\/sac-a-gazon-multirisque-5-kg\/","url":"https:\/\/saiga.es\/fr\/produit\/sac-a-gazon-multirisque-5-kg\/","name":"Semences de gazon multirustique r\u00e9sistantes | SAIGA","isPartOf":{"@id":"https:\/\/saiga.es\/fr\/#website"},"primaryImageOfPage":{"@id":"https:\/\/saiga.es\/fr\/produit\/sac-a-gazon-multirisque-5-kg\/#primaryimage"},"image":{"@id":"https:\/\/saiga.es\/fr\/produit\/sac-a-gazon-multirisque-5-kg\/#primaryimage"},"thumbnailUrl":"https:\/\/saiga.es\/wp-content\/uploads\/2024\/02\/Llavor-gespa-Multirustic-5-Kg.jpg","datePublished":"2024-02-15T09:15:36+00:00","dateModified":"2026-03-18T14:17:41+00:00","description":"Gazon multirustique r\u00e9sistant, semences de gazon. M\u00e9lange rustique, qui maintient une bonne esth\u00e9tique pour les jardins publics et priv\u00e9s, les aires de jeux et les travaux publics.","breadcrumb":{"@id":"https:\/\/saiga.es\/fr\/produit\/sac-a-gazon-multirisque-5-kg\/#breadcrumb"},"inLanguage":"fr-FR","potentialAction":[{"@type":"ReadAction","target":["https:\/\/saiga.es\/fr\/produit\/sac-a-gazon-multirisque-5-kg\/"]}]},{"@type":"ImageObject","inLanguage":"fr-FR","@id":"https:\/\/saiga.es\/fr\/produit\/sac-a-gazon-multirisque-5-kg\/#primaryimage","url":"https:\/\/saiga.es\/wp-content\/uploads\/2024\/02\/Llavor-gespa-Multirustic-5-Kg.jpg","contentUrl":"https:\/\/saiga.es\/wp-content\/uploads\/2024\/02\/Llavor-gespa-Multirustic-5-Kg.jpg","width":1080,"height":1080,"caption":"Gazon multirustique r\u00e9sistant | Semences de gazon"},{"@type":"BreadcrumbList","@id":"https:\/\/saiga.es\/fr\/produit\/sac-a-gazon-multirisque-5-kg\/#breadcrumb","itemListElement":[{"@type":"ListItem","position":1,"name":"Inici","item":"https:\/\/saiga.es\/fr\/"},{"@type":"ListItem","position":2,"name":"boutique","item":"https:\/\/saiga.es\/fr\/boutique\/"},{"@type":"ListItem","position":3,"name":"Semences de gazon multirustique r\u00e9sistantes"}]},{"@type":"WebSite","@id":"https:\/\/saiga.es\/fr\/#website","url":"https:\/\/saiga.es\/fr\/","name":"SAIGA","description":"M\u00e9s de 50 anys al servei de la terra i treballant per a un \u00fas eficient de l\u2019aigua!","publisher":{"@id":"https:\/\/saiga.es\/fr\/#organization"},"potentialAction":[{"@type":"SearchAction","target":{"@type":"EntryPoint","urlTemplate":"https:\/\/saiga.es\/fr\/?s={search_term_string}"},"query-input":{"@type":"PropertyValueSpecification","valueRequired":true,"valueName":"search_term_string"}}],"inLanguage":"fr-FR"},{"@type":"Organization","@id":"https:\/\/saiga.es\/fr\/#organization","name":"SAIGA","url":"https:\/\/saiga.es\/fr\/","logo":{"@type":"ImageObject","inLanguage":"fr-FR","@id":"https:\/\/saiga.es\/fr\/#\/schema\/logo\/image\/","url":"https:\/\/saiga.es\/wp-content\/uploads\/2025\/07\/logo_saiga_baseline_optimitzat.svg","contentUrl":"https:\/\/saiga.es\/wp-content\/uploads\/2025\/07\/logo_saiga_baseline_optimitzat.svg","caption":"SAIGA"},"image":{"@id":"https:\/\/saiga.es\/fr\/#\/schema\/logo\/image\/"},"sameAs":["https:\/\/x.com\/saiga_agro","https:\/\/www.instagram.com\/saiga_agro\/"]}]}},"_links":{"self":[{"href":"https:\/\/saiga.es\/fr\/wp-json\/wp\/v2\/product\/7402","targetHints":{"allow":["GET"]}}],"collection":[{"href":"https:\/\/saiga.es\/fr\/wp-json\/wp\/v2\/product"}],"about":[{"href":"https:\/\/saiga.es\/fr\/wp-json\/wp\/v2\/types\/product"}],"replies":[{"embeddable":true,"href":"https:\/\/saiga.es\/fr\/wp-json\/wp\/v2\/comments?post=7402"}],"wp:featuredmedia":[{"embeddable":true,"href":"https:\/\/saiga.es\/fr\/wp-json\/wp\/v2\/media\/14321"}],"wp:attachment":[{"href":"https:\/\/saiga.es\/fr\/wp-json\/wp\/v2\/media?parent=7402"}],"wp:term":[{"taxonomy":"product_brand","embeddable":true,"href":"https:\/\/saiga.es\/fr\/wp-json\/wp\/v2\/product_brand?post=7402"},{"taxonomy":"product_cat","embeddable":true,"href":"https:\/\/saiga.es\/fr\/wp-json\/wp\/v2\/product_cat?post=7402"},{"taxonomy":"product_tag","embeddable":true,"href":"https:\/\/saiga.es\/fr\/wp-json\/wp\/v2\/product_tag?post=7402"}],"curies":[{"name":"wp","href":"https:\/\/api.w.org\/{rel}","templated":true}]}}