{"id":7408,"date":"2024-02-15T09:30:13","date_gmt":"2024-02-15T09:30:13","guid":{"rendered":"https:\/\/botiga.saiga.es\/producte\/ombre-dherbe-1kg\/"},"modified":"2024-02-15T09:30:13","modified_gmt":"2024-02-15T09:30:13","slug":"ombre-dherbe-1kg","status":"publish","type":"product","link":"https:\/\/saiga.es\/fr\/produit\/ombre-dherbe-1kg\/","title":{"rendered":"Ombre d&rsquo;herbe 1Kg"},"content":{"rendered":"<p>Ombre d&rsquo;herbe 1Kg. Semences de pelouse sp\u00e9ciales pour les zones peu ensoleill\u00e9es ou ombrag\u00e9es directement. Il produit une pelouse extr\u00eamement fine et n\u00e9cessitant peu d\u2019entretien. Avec une croissance lente et des besoins d\u2019abonn\u00e9s mod\u00e9r\u00e9s. Il r\u00e9siste \u00e9galement \u00e0 la s\u00e9cheresse, ce qui le rend id\u00e9al pour les jardins.<\/p>\n","protected":false},"excerpt":{"rendered":"<p>Ombre d&rsquo;herbe 1Kg. Semences de pelouse sp\u00e9ciales pour les zones peu ensoleill\u00e9es ou ombrag\u00e9es directement. Il produit une pelouse extr\u00eamement fine et n\u00e9cessitant peu d\u2019entretien. Avec une croissance lente et des besoins d\u2019abonn\u00e9s mod\u00e9r\u00e9s. Il r\u00e9siste \u00e9galement \u00e0 la s\u00e9cheresse, ce qui le rend id\u00e9al pour les jardins.<\/p>\n","protected":false},"featured_media":7406,"comment_status":"closed","ping_status":"closed","template":"","meta":[],"product_brand":[],"product_cat":[457],"product_tag":[813,800,795,807,738],"class_list":{"0":"post-7408","1":"product","2":"type-product","3":"status-publish","4":"has-post-thumbnail","6":"product_cat-pelouses","7":"product_tag-exterieur","8":"product_tag-gazon-naturel","9":"product_tag-herbe","10":"product_tag-herbe-fr","11":"product_tag-jardin","13":"first","14":"instock","15":"taxable","16":"shipping-taxable","17":"purchasable","18":"product-type-simple"},"yoast_head":"<!-- This site is optimized with the Yoast SEO plugin v27.4 - https:\/\/yoast.com\/product\/yoast-seo-wordpress\/ -->\n<title>Ombre d&#039;herbe 1Kg | SAIGA<\/title>\n<meta name=\"description\" content=\"Ombre d&#039;herbe 1Kg. Semences de pelouse sp\u00e9ciales pour les zones peu ensoleill\u00e9es ou ombrag\u00e9es directement. Il produit une pelouse extr\u00eamement fine et n\u00e9cessitant peu d\u2019entretien. Avec une croissance lente et des besoins d\u2019abonn\u00e9s mod\u00e9r\u00e9s.\" \/>\n<meta name=\"robots\" content=\"index, follow, max-snippet:-1, max-image-preview:large, max-video-preview:-1\" \/>\n<link rel=\"canonical\" href=\"https:\/\/saiga.es\/fr\/produit\/ombre-dherbe-1kg\/\" \/>\n<meta property=\"og:locale\" content=\"fr_FR\" \/>\n<meta property=\"og:type\" content=\"article\" \/>\n<meta property=\"og:title\" content=\"Ombre d&#039;herbe 1Kg | SAIGA\" \/>\n<meta property=\"og:description\" content=\"Ombre d&#039;herbe 1Kg. Semences de pelouse sp\u00e9ciales pour les zones peu ensoleill\u00e9es ou ombrag\u00e9es directement. Il produit une pelouse extr\u00eamement fine et n\u00e9cessitant peu d\u2019entretien. Avec une croissance lente et des besoins d\u2019abonn\u00e9s mod\u00e9r\u00e9s.\" \/>\n<meta property=\"og:url\" content=\"https:\/\/saiga.es\/fr\/produit\/ombre-dherbe-1kg\/\" \/>\n<meta property=\"og:site_name\" content=\"SAIGA\" \/>\n<meta property=\"og:image\" content=\"https:\/\/saiga.es\/wp-content\/uploads\/2024\/02\/Sombra-1Kg.jpg\" \/>\n\t<meta property=\"og:image:width\" content=\"1000\" \/>\n\t<meta property=\"og:image:height\" content=\"1000\" \/>\n\t<meta property=\"og:image:type\" content=\"image\/jpeg\" \/>\n<meta name=\"twitter:card\" content=\"summary_large_image\" \/>\n<meta name=\"twitter:site\" content=\"@saiga_agro\" \/>\n<script type=\"application\/ld+json\" class=\"yoast-schema-graph\">{\"@context\":\"https:\\\/\\\/schema.org\",\"@graph\":[{\"@type\":\"WebPage\",\"@id\":\"https:\\\/\\\/saiga.es\\\/fr\\\/produit\\\/ombre-dherbe-1kg\\\/\",\"url\":\"https:\\\/\\\/saiga.es\\\/fr\\\/produit\\\/ombre-dherbe-1kg\\\/\",\"name\":\"Ombre d'herbe 1Kg | SAIGA\",\"isPartOf\":{\"@id\":\"https:\\\/\\\/saiga.es\\\/fr\\\/#website\"},\"primaryImageOfPage\":{\"@id\":\"https:\\\/\\\/saiga.es\\\/fr\\\/produit\\\/ombre-dherbe-1kg\\\/#primaryimage\"},\"image\":{\"@id\":\"https:\\\/\\\/saiga.es\\\/fr\\\/produit\\\/ombre-dherbe-1kg\\\/#primaryimage\"},\"thumbnailUrl\":\"https:\\\/\\\/saiga.es\\\/wp-content\\\/uploads\\\/2024\\\/02\\\/Sombra-1Kg.jpg\",\"datePublished\":\"2024-02-15T09:30:13+00:00\",\"description\":\"Ombre d'herbe 1Kg. Semences de pelouse sp\u00e9ciales pour les zones peu ensoleill\u00e9es ou ombrag\u00e9es directement. Il produit une pelouse extr\u00eamement fine et n\u00e9cessitant peu d\u2019entretien. Avec une croissance lente et des besoins d\u2019abonn\u00e9s mod\u00e9r\u00e9s.\",\"breadcrumb\":{\"@id\":\"https:\\\/\\\/saiga.es\\\/fr\\\/produit\\\/ombre-dherbe-1kg\\\/#breadcrumb\"},\"inLanguage\":\"fr-FR\",\"potentialAction\":[{\"@type\":\"ReadAction\",\"target\":[\"https:\\\/\\\/saiga.es\\\/fr\\\/produit\\\/ombre-dherbe-1kg\\\/\"]}]},{\"@type\":\"ImageObject\",\"inLanguage\":\"fr-FR\",\"@id\":\"https:\\\/\\\/saiga.es\\\/fr\\\/produit\\\/ombre-dherbe-1kg\\\/#primaryimage\",\"url\":\"https:\\\/\\\/saiga.es\\\/wp-content\\\/uploads\\\/2024\\\/02\\\/Sombra-1Kg.jpg\",\"contentUrl\":\"https:\\\/\\\/saiga.es\\\/wp-content\\\/uploads\\\/2024\\\/02\\\/Sombra-1Kg.jpg\",\"width\":1000,\"height\":1000,\"caption\":\"pelouse ombrag\u00e9e\"},{\"@type\":\"BreadcrumbList\",\"@id\":\"https:\\\/\\\/saiga.es\\\/fr\\\/produit\\\/ombre-dherbe-1kg\\\/#breadcrumb\",\"itemListElement\":[{\"@type\":\"ListItem\",\"position\":1,\"name\":\"Inici\",\"item\":\"https:\\\/\\\/saiga.es\\\/fr\\\/\"},{\"@type\":\"ListItem\",\"position\":2,\"name\":\"boutique\",\"item\":\"https:\\\/\\\/saiga.es\\\/fr\\\/boutique\\\/\"},{\"@type\":\"ListItem\",\"position\":3,\"name\":\"Ombre d&#8217;herbe 1Kg\"}]},{\"@type\":\"WebSite\",\"@id\":\"https:\\\/\\\/saiga.es\\\/fr\\\/#website\",\"url\":\"https:\\\/\\\/saiga.es\\\/fr\\\/\",\"name\":\"SAIGA\",\"description\":\"M\u00e9s de 50 anys al servei de la terra i treballant per a un \u00fas eficient de l\u2019aigua!\",\"publisher\":{\"@id\":\"https:\\\/\\\/saiga.es\\\/fr\\\/#organization\"},\"potentialAction\":[{\"@type\":\"SearchAction\",\"target\":{\"@type\":\"EntryPoint\",\"urlTemplate\":\"https:\\\/\\\/saiga.es\\\/fr\\\/?s={search_term_string}\"},\"query-input\":{\"@type\":\"PropertyValueSpecification\",\"valueRequired\":true,\"valueName\":\"search_term_string\"}}],\"inLanguage\":\"fr-FR\"},{\"@type\":\"Organization\",\"@id\":\"https:\\\/\\\/saiga.es\\\/fr\\\/#organization\",\"name\":\"SAIGA\",\"url\":\"https:\\\/\\\/saiga.es\\\/fr\\\/\",\"logo\":{\"@type\":\"ImageObject\",\"inLanguage\":\"fr-FR\",\"@id\":\"https:\\\/\\\/saiga.es\\\/fr\\\/#\\\/schema\\\/logo\\\/image\\\/\",\"url\":\"https:\\\/\\\/saiga.es\\\/wp-content\\\/uploads\\\/2025\\\/07\\\/logo_saiga_baseline_optimitzat.svg\",\"contentUrl\":\"https:\\\/\\\/saiga.es\\\/wp-content\\\/uploads\\\/2025\\\/07\\\/logo_saiga_baseline_optimitzat.svg\",\"caption\":\"SAIGA\"},\"image\":{\"@id\":\"https:\\\/\\\/saiga.es\\\/fr\\\/#\\\/schema\\\/logo\\\/image\\\/\"},\"sameAs\":[\"https:\\\/\\\/x.com\\\/saiga_agro\",\"https:\\\/\\\/www.instagram.com\\\/saiga_agro\\\/\"]}]}<\/script>\n<!-- \/ Yoast SEO plugin. -->","yoast_head_json":{"title":"Ombre d'herbe 1Kg | SAIGA","description":"Ombre d'herbe 1Kg. Semences de pelouse sp\u00e9ciales pour les zones peu ensoleill\u00e9es ou ombrag\u00e9es directement. Il produit une pelouse extr\u00eamement fine et n\u00e9cessitant peu d\u2019entretien. Avec une croissance lente et des besoins d\u2019abonn\u00e9s mod\u00e9r\u00e9s.","robots":{"index":"index","follow":"follow","max-snippet":"max-snippet:-1","max-image-preview":"max-image-preview:large","max-video-preview":"max-video-preview:-1"},"canonical":"https:\/\/saiga.es\/fr\/produit\/ombre-dherbe-1kg\/","og_locale":"fr_FR","og_type":"article","og_title":"Ombre d'herbe 1Kg | SAIGA","og_description":"Ombre d'herbe 1Kg. Semences de pelouse sp\u00e9ciales pour les zones peu ensoleill\u00e9es ou ombrag\u00e9es directement. Il produit une pelouse extr\u00eamement fine et n\u00e9cessitant peu d\u2019entretien. Avec une croissance lente et des besoins d\u2019abonn\u00e9s mod\u00e9r\u00e9s.","og_url":"https:\/\/saiga.es\/fr\/produit\/ombre-dherbe-1kg\/","og_site_name":"SAIGA","og_image":[{"width":1000,"height":1000,"url":"https:\/\/saiga.es\/wp-content\/uploads\/2024\/02\/Sombra-1Kg.jpg","type":"image\/jpeg"}],"twitter_card":"summary_large_image","twitter_site":"@saiga_agro","schema":{"@context":"https:\/\/schema.org","@graph":[{"@type":"WebPage","@id":"https:\/\/saiga.es\/fr\/produit\/ombre-dherbe-1kg\/","url":"https:\/\/saiga.es\/fr\/produit\/ombre-dherbe-1kg\/","name":"Ombre d'herbe 1Kg | SAIGA","isPartOf":{"@id":"https:\/\/saiga.es\/fr\/#website"},"primaryImageOfPage":{"@id":"https:\/\/saiga.es\/fr\/produit\/ombre-dherbe-1kg\/#primaryimage"},"image":{"@id":"https:\/\/saiga.es\/fr\/produit\/ombre-dherbe-1kg\/#primaryimage"},"thumbnailUrl":"https:\/\/saiga.es\/wp-content\/uploads\/2024\/02\/Sombra-1Kg.jpg","datePublished":"2024-02-15T09:30:13+00:00","description":"Ombre d'herbe 1Kg. Semences de pelouse sp\u00e9ciales pour les zones peu ensoleill\u00e9es ou ombrag\u00e9es directement. Il produit une pelouse extr\u00eamement fine et n\u00e9cessitant peu d\u2019entretien. Avec une croissance lente et des besoins d\u2019abonn\u00e9s mod\u00e9r\u00e9s.","breadcrumb":{"@id":"https:\/\/saiga.es\/fr\/produit\/ombre-dherbe-1kg\/#breadcrumb"},"inLanguage":"fr-FR","potentialAction":[{"@type":"ReadAction","target":["https:\/\/saiga.es\/fr\/produit\/ombre-dherbe-1kg\/"]}]},{"@type":"ImageObject","inLanguage":"fr-FR","@id":"https:\/\/saiga.es\/fr\/produit\/ombre-dherbe-1kg\/#primaryimage","url":"https:\/\/saiga.es\/wp-content\/uploads\/2024\/02\/Sombra-1Kg.jpg","contentUrl":"https:\/\/saiga.es\/wp-content\/uploads\/2024\/02\/Sombra-1Kg.jpg","width":1000,"height":1000,"caption":"pelouse ombrag\u00e9e"},{"@type":"BreadcrumbList","@id":"https:\/\/saiga.es\/fr\/produit\/ombre-dherbe-1kg\/#breadcrumb","itemListElement":[{"@type":"ListItem","position":1,"name":"Inici","item":"https:\/\/saiga.es\/fr\/"},{"@type":"ListItem","position":2,"name":"boutique","item":"https:\/\/saiga.es\/fr\/boutique\/"},{"@type":"ListItem","position":3,"name":"Ombre d&#8217;herbe 1Kg"}]},{"@type":"WebSite","@id":"https:\/\/saiga.es\/fr\/#website","url":"https:\/\/saiga.es\/fr\/","name":"SAIGA","description":"M\u00e9s de 50 anys al servei de la terra i treballant per a un \u00fas eficient de l\u2019aigua!","publisher":{"@id":"https:\/\/saiga.es\/fr\/#organization"},"potentialAction":[{"@type":"SearchAction","target":{"@type":"EntryPoint","urlTemplate":"https:\/\/saiga.es\/fr\/?s={search_term_string}"},"query-input":{"@type":"PropertyValueSpecification","valueRequired":true,"valueName":"search_term_string"}}],"inLanguage":"fr-FR"},{"@type":"Organization","@id":"https:\/\/saiga.es\/fr\/#organization","name":"SAIGA","url":"https:\/\/saiga.es\/fr\/","logo":{"@type":"ImageObject","inLanguage":"fr-FR","@id":"https:\/\/saiga.es\/fr\/#\/schema\/logo\/image\/","url":"https:\/\/saiga.es\/wp-content\/uploads\/2025\/07\/logo_saiga_baseline_optimitzat.svg","contentUrl":"https:\/\/saiga.es\/wp-content\/uploads\/2025\/07\/logo_saiga_baseline_optimitzat.svg","caption":"SAIGA"},"image":{"@id":"https:\/\/saiga.es\/fr\/#\/schema\/logo\/image\/"},"sameAs":["https:\/\/x.com\/saiga_agro","https:\/\/www.instagram.com\/saiga_agro\/"]}]}},"_links":{"self":[{"href":"https:\/\/saiga.es\/fr\/wp-json\/wp\/v2\/product\/7408","targetHints":{"allow":["GET"]}}],"collection":[{"href":"https:\/\/saiga.es\/fr\/wp-json\/wp\/v2\/product"}],"about":[{"href":"https:\/\/saiga.es\/fr\/wp-json\/wp\/v2\/types\/product"}],"replies":[{"embeddable":true,"href":"https:\/\/saiga.es\/fr\/wp-json\/wp\/v2\/comments?post=7408"}],"wp:featuredmedia":[{"embeddable":true,"href":"https:\/\/saiga.es\/fr\/wp-json\/wp\/v2\/media\/7406"}],"wp:attachment":[{"href":"https:\/\/saiga.es\/fr\/wp-json\/wp\/v2\/media?parent=7408"}],"wp:term":[{"taxonomy":"product_brand","embeddable":true,"href":"https:\/\/saiga.es\/fr\/wp-json\/wp\/v2\/product_brand?post=7408"},{"taxonomy":"product_cat","embeddable":true,"href":"https:\/\/saiga.es\/fr\/wp-json\/wp\/v2\/product_cat?post=7408"},{"taxonomy":"product_tag","embeddable":true,"href":"https:\/\/saiga.es\/fr\/wp-json\/wp\/v2\/product_tag?post=7408"}],"curies":[{"name":"wp","href":"https:\/\/api.w.org\/{rel}","templated":true}]}}