{"id":7421,"date":"2024-02-15T10:00:25","date_gmt":"2024-02-15T10:00:25","guid":{"rendered":"https:\/\/botiga.saiga.es\/producte\/pelouse-renova\/"},"modified":"2025-10-02T07:02:13","modified_gmt":"2025-10-02T07:02:13","slug":"pelouse-renova","status":"publish","type":"product","link":"https:\/\/saiga.es\/fr\/produit\/pelouse-renova\/","title":{"rendered":"Pelouse Renova"},"content":{"rendered":"<p data-start=\"217\" data-end=\"556\">Renova Grass est un m\u00e9lange de semences de haute qualit\u00e9 sp\u00e9cialement con\u00e7u pour le r\u00e9ensemencement de tout type de pelouse, tant pour les usages sportifs que r\u00e9cr\u00e9atifs. Ce m\u00e9lange comprend du ray-grass t\u00e9traplo\u00efde, qui assure une croissance rapide et une excellente reprise, m\u00eame par mauvais temps. <\/p>\n<p data-start=\"558\" data-end=\"589\">Points forts<\/p>\n<ul data-start=\"591\" data-end=\"1013\">\n<li data-start=\"591\" data-end=\"683\">\n<p data-start=\"593\" data-end=\"683\">R\u00e9ponse rapide : gr\u00e2ce au ray-grass t\u00e9traplo\u00efde, il s&rsquo;adapte et s&rsquo;enracine rapidement.<\/p>\n<\/li>\n<li data-start=\"684\" data-end=\"810\">\n<p data-start=\"686\" data-end=\"810\">Polyvalence : id\u00e9al pour les pelouses existantes qui n\u00e9cessitent une r\u00e9g\u00e9n\u00e9ration, \u00e9galement pour les zones \u00e0 trafic et \u00e0 usage fr\u00e9quent.<\/p>\n<\/li>\n<li data-start=\"811\" data-end=\"903\">\n<p data-start=\"813\" data-end=\"903\">Qualit\u00e9 garantie : Marque Top Green, r\u00e9f\u00e9rence en solutions pelouses et jardinage.<\/p>\n<\/li>\n<li data-start=\"904\" data-end=\"1013\">\n<p data-start=\"906\" data-end=\"1013\">Formats disponibles : disponibles en sacs de 1 kg et 5 kg, pour s&rsquo;adapter aux grandes et petites surfaces.<\/p>\n<\/li>\n<\/ul>\n<p data-start=\"1015\" data-end=\"1031\">Utilisation recommand\u00e9e<\/p>\n<ol data-start=\"1033\" data-end=\"1485\">\n<li data-start=\"1033\" data-end=\"1115\">\n<p data-start=\"1036\" data-end=\"1115\">Pr\u00e9parez la surface en nettoyant toute herbe morte, mauvaises herbes ou pierres.<\/p>\n<\/li>\n<li data-start=\"1116\" data-end=\"1211\">\n<p data-start=\"1119\" data-end=\"1211\">Niveler le sol et, si n\u00e9cessaire, l&rsquo;a\u00e9rer pour am\u00e9liorer la p\u00e9n\u00e9tration des graines.<\/p>\n<\/li>\n<li data-start=\"1212\" data-end=\"1294\">\n<p data-start=\"1215\" data-end=\"1294\">R\u00e9partissez les graines uniform\u00e9ment et recouvrez l\u00e9g\u00e8rement de terre fine.<\/p>\n<\/li>\n<li data-start=\"1295\" data-end=\"1374\">\n<p data-start=\"1298\" data-end=\"1374\">Arrosez r\u00e9guli\u00e8rement (sans engorger) jusqu&rsquo;\u00e0 ce que la nouvelle pelouse soit bien enracin\u00e9e.<\/p>\n<\/li>\n<li data-start=\"1375\" data-end=\"1485\">\n<p data-start=\"1378\" data-end=\"1485\">Entretien : tonte mod\u00e9r\u00e9e, fertilisation et suivi de bonnes pratiques d&rsquo;irrigation pour consolider une pelouse dense et verte.<\/p>\n<\/li>\n<\/ol>\n","protected":false},"excerpt":{"rendered":"<p>Pelouse Renova M\u00e9lange pour tous types de r\u00e9ensemencement, sur tout type de pelouse, sportive ou de divertissement. Gr\u00e2ce \u00e0 sa composition qui comprend du ray-grass t\u00e9traplo\u00efde, le r\u00e9sultat est tr\u00e8s rapide, m\u00eame dans des conditions climatiques d\u00e9favorables.<\/p>\n","protected":false},"featured_media":14315,"comment_status":"closed","ping_status":"closed","template":"","meta":[],"product_brand":[2197],"product_cat":[457],"product_tag":[800,795,738,777,816,799],"class_list":{"0":"post-7421","1":"product","2":"type-product","3":"status-publish","4":"has-post-thumbnail","6":"product_brand-top-green-fr","7":"product_cat-pelouses","8":"product_tag-gazon-naturel","9":"product_tag-herbe","10":"product_tag-jardin","11":"product_tag-jardinage","12":"product_tag-pelouse-renova","13":"product_tag-top-green-fr","15":"first","16":"instock","17":"taxable","18":"shipping-taxable","19":"purchasable","20":"product-type-variable"},"yoast_head":"<!-- This site is optimized with the Yoast SEO plugin v27.3 - https:\/\/yoast.com\/product\/yoast-seo-wordpress\/ -->\n<title>Pelouse Renova | SAIGA<\/title>\n<meta name=\"description\" content=\"Gespa Renova de Top Green: mescla de llavors amb raygras tetraploides, ideal per ressembrats r\u00e0pids en gespes esportives o d\u2019\u00fas dom\u00e8stic.\" \/>\n<meta name=\"robots\" content=\"index, follow, max-snippet:-1, max-image-preview:large, max-video-preview:-1\" \/>\n<link rel=\"canonical\" href=\"https:\/\/saiga.es\/fr\/produit\/pelouse-renova\/\" \/>\n<meta property=\"og:locale\" content=\"fr_FR\" \/>\n<meta property=\"og:type\" content=\"article\" \/>\n<meta property=\"og:title\" content=\"Pelouse Renova | SAIGA\" \/>\n<meta property=\"og:description\" content=\"Gespa Renova de Top Green: mescla de llavors amb raygras tetraploides, ideal per ressembrats r\u00e0pids en gespes esportives o d\u2019\u00fas dom\u00e8stic.\" \/>\n<meta property=\"og:url\" content=\"https:\/\/saiga.es\/fr\/produit\/pelouse-renova\/\" \/>\n<meta property=\"og:site_name\" content=\"SAIGA\" \/>\n<meta property=\"article:modified_time\" content=\"2025-10-02T07:02:13+00:00\" \/>\n<meta property=\"og:image\" content=\"https:\/\/saiga.es\/wp-content\/uploads\/2024\/02\/Gespa-renova.jpg\" \/>\n\t<meta property=\"og:image:width\" content=\"1080\" \/>\n\t<meta property=\"og:image:height\" content=\"1080\" \/>\n\t<meta property=\"og:image:type\" content=\"image\/jpeg\" \/>\n<meta name=\"twitter:card\" content=\"summary_large_image\" \/>\n<meta name=\"twitter:site\" content=\"@saiga_agro\" \/>\n<meta name=\"twitter:label1\" content=\"Dur\u00e9e de lecture estim\u00e9e\" \/>\n\t<meta name=\"twitter:data1\" content=\"1 minute\" \/>\n<script type=\"application\/ld+json\" class=\"yoast-schema-graph\">{\"@context\":\"https:\\\/\\\/schema.org\",\"@graph\":[{\"@type\":\"WebPage\",\"@id\":\"https:\\\/\\\/saiga.es\\\/fr\\\/produit\\\/pelouse-renova\\\/\",\"url\":\"https:\\\/\\\/saiga.es\\\/fr\\\/produit\\\/pelouse-renova\\\/\",\"name\":\"Pelouse Renova | SAIGA\",\"isPartOf\":{\"@id\":\"https:\\\/\\\/saiga.es\\\/fr\\\/#website\"},\"primaryImageOfPage\":{\"@id\":\"https:\\\/\\\/saiga.es\\\/fr\\\/produit\\\/pelouse-renova\\\/#primaryimage\"},\"image\":{\"@id\":\"https:\\\/\\\/saiga.es\\\/fr\\\/produit\\\/pelouse-renova\\\/#primaryimage\"},\"thumbnailUrl\":\"https:\\\/\\\/saiga.es\\\/wp-content\\\/uploads\\\/2024\\\/02\\\/Gespa-renova.jpg\",\"datePublished\":\"2024-02-15T10:00:25+00:00\",\"dateModified\":\"2025-10-02T07:02:13+00:00\",\"description\":\"Gespa Renova de Top Green: mescla de llavors amb raygras tetraploides, ideal per ressembrats r\u00e0pids en gespes esportives o d\u2019\u00fas dom\u00e8stic.\",\"breadcrumb\":{\"@id\":\"https:\\\/\\\/saiga.es\\\/fr\\\/produit\\\/pelouse-renova\\\/#breadcrumb\"},\"inLanguage\":\"fr-FR\",\"potentialAction\":[{\"@type\":\"ReadAction\",\"target\":[\"https:\\\/\\\/saiga.es\\\/fr\\\/produit\\\/pelouse-renova\\\/\"]}]},{\"@type\":\"ImageObject\",\"inLanguage\":\"fr-FR\",\"@id\":\"https:\\\/\\\/saiga.es\\\/fr\\\/produit\\\/pelouse-renova\\\/#primaryimage\",\"url\":\"https:\\\/\\\/saiga.es\\\/wp-content\\\/uploads\\\/2024\\\/02\\\/Gespa-renova.jpg\",\"contentUrl\":\"https:\\\/\\\/saiga.es\\\/wp-content\\\/uploads\\\/2024\\\/02\\\/Gespa-renova.jpg\",\"width\":1080,\"height\":1080,\"caption\":\"Semences de gazon Renova\"},{\"@type\":\"BreadcrumbList\",\"@id\":\"https:\\\/\\\/saiga.es\\\/fr\\\/produit\\\/pelouse-renova\\\/#breadcrumb\",\"itemListElement\":[{\"@type\":\"ListItem\",\"position\":1,\"name\":\"Inici\",\"item\":\"https:\\\/\\\/saiga.es\\\/fr\\\/\"},{\"@type\":\"ListItem\",\"position\":2,\"name\":\"boutique\",\"item\":\"https:\\\/\\\/saiga.es\\\/fr\\\/boutique\\\/\"},{\"@type\":\"ListItem\",\"position\":3,\"name\":\"Pelouse Renova\"}]},{\"@type\":\"WebSite\",\"@id\":\"https:\\\/\\\/saiga.es\\\/fr\\\/#website\",\"url\":\"https:\\\/\\\/saiga.es\\\/fr\\\/\",\"name\":\"SAIGA\",\"description\":\"M\u00e9s de 50 anys al servei de la terra i treballant per a un \u00fas eficient de l\u2019aigua!\",\"publisher\":{\"@id\":\"https:\\\/\\\/saiga.es\\\/fr\\\/#organization\"},\"potentialAction\":[{\"@type\":\"SearchAction\",\"target\":{\"@type\":\"EntryPoint\",\"urlTemplate\":\"https:\\\/\\\/saiga.es\\\/fr\\\/?s={search_term_string}\"},\"query-input\":{\"@type\":\"PropertyValueSpecification\",\"valueRequired\":true,\"valueName\":\"search_term_string\"}}],\"inLanguage\":\"fr-FR\"},{\"@type\":\"Organization\",\"@id\":\"https:\\\/\\\/saiga.es\\\/fr\\\/#organization\",\"name\":\"SAIGA\",\"url\":\"https:\\\/\\\/saiga.es\\\/fr\\\/\",\"logo\":{\"@type\":\"ImageObject\",\"inLanguage\":\"fr-FR\",\"@id\":\"https:\\\/\\\/saiga.es\\\/fr\\\/#\\\/schema\\\/logo\\\/image\\\/\",\"url\":\"https:\\\/\\\/saiga.es\\\/wp-content\\\/uploads\\\/2025\\\/07\\\/logo_saiga_baseline_optimitzat.svg\",\"contentUrl\":\"https:\\\/\\\/saiga.es\\\/wp-content\\\/uploads\\\/2025\\\/07\\\/logo_saiga_baseline_optimitzat.svg\",\"caption\":\"SAIGA\"},\"image\":{\"@id\":\"https:\\\/\\\/saiga.es\\\/fr\\\/#\\\/schema\\\/logo\\\/image\\\/\"},\"sameAs\":[\"https:\\\/\\\/x.com\\\/saiga_agro\",\"https:\\\/\\\/www.instagram.com\\\/saiga_agro\\\/\"]}]}<\/script>\n<!-- \/ Yoast SEO plugin. -->","yoast_head_json":{"title":"Pelouse Renova | SAIGA","description":"Gespa Renova de Top Green: mescla de llavors amb raygras tetraploides, ideal per ressembrats r\u00e0pids en gespes esportives o d\u2019\u00fas dom\u00e8stic.","robots":{"index":"index","follow":"follow","max-snippet":"max-snippet:-1","max-image-preview":"max-image-preview:large","max-video-preview":"max-video-preview:-1"},"canonical":"https:\/\/saiga.es\/fr\/produit\/pelouse-renova\/","og_locale":"fr_FR","og_type":"article","og_title":"Pelouse Renova | SAIGA","og_description":"Gespa Renova de Top Green: mescla de llavors amb raygras tetraploides, ideal per ressembrats r\u00e0pids en gespes esportives o d\u2019\u00fas dom\u00e8stic.","og_url":"https:\/\/saiga.es\/fr\/produit\/pelouse-renova\/","og_site_name":"SAIGA","article_modified_time":"2025-10-02T07:02:13+00:00","og_image":[{"width":1080,"height":1080,"url":"https:\/\/saiga.es\/wp-content\/uploads\/2024\/02\/Gespa-renova.jpg","type":"image\/jpeg"}],"twitter_card":"summary_large_image","twitter_site":"@saiga_agro","twitter_misc":{"Dur\u00e9e de lecture estim\u00e9e":"1 minute"},"schema":{"@context":"https:\/\/schema.org","@graph":[{"@type":"WebPage","@id":"https:\/\/saiga.es\/fr\/produit\/pelouse-renova\/","url":"https:\/\/saiga.es\/fr\/produit\/pelouse-renova\/","name":"Pelouse Renova | SAIGA","isPartOf":{"@id":"https:\/\/saiga.es\/fr\/#website"},"primaryImageOfPage":{"@id":"https:\/\/saiga.es\/fr\/produit\/pelouse-renova\/#primaryimage"},"image":{"@id":"https:\/\/saiga.es\/fr\/produit\/pelouse-renova\/#primaryimage"},"thumbnailUrl":"https:\/\/saiga.es\/wp-content\/uploads\/2024\/02\/Gespa-renova.jpg","datePublished":"2024-02-15T10:00:25+00:00","dateModified":"2025-10-02T07:02:13+00:00","description":"Gespa Renova de Top Green: mescla de llavors amb raygras tetraploides, ideal per ressembrats r\u00e0pids en gespes esportives o d\u2019\u00fas dom\u00e8stic.","breadcrumb":{"@id":"https:\/\/saiga.es\/fr\/produit\/pelouse-renova\/#breadcrumb"},"inLanguage":"fr-FR","potentialAction":[{"@type":"ReadAction","target":["https:\/\/saiga.es\/fr\/produit\/pelouse-renova\/"]}]},{"@type":"ImageObject","inLanguage":"fr-FR","@id":"https:\/\/saiga.es\/fr\/produit\/pelouse-renova\/#primaryimage","url":"https:\/\/saiga.es\/wp-content\/uploads\/2024\/02\/Gespa-renova.jpg","contentUrl":"https:\/\/saiga.es\/wp-content\/uploads\/2024\/02\/Gespa-renova.jpg","width":1080,"height":1080,"caption":"Semences de gazon Renova"},{"@type":"BreadcrumbList","@id":"https:\/\/saiga.es\/fr\/produit\/pelouse-renova\/#breadcrumb","itemListElement":[{"@type":"ListItem","position":1,"name":"Inici","item":"https:\/\/saiga.es\/fr\/"},{"@type":"ListItem","position":2,"name":"boutique","item":"https:\/\/saiga.es\/fr\/boutique\/"},{"@type":"ListItem","position":3,"name":"Pelouse Renova"}]},{"@type":"WebSite","@id":"https:\/\/saiga.es\/fr\/#website","url":"https:\/\/saiga.es\/fr\/","name":"SAIGA","description":"M\u00e9s de 50 anys al servei de la terra i treballant per a un \u00fas eficient de l\u2019aigua!","publisher":{"@id":"https:\/\/saiga.es\/fr\/#organization"},"potentialAction":[{"@type":"SearchAction","target":{"@type":"EntryPoint","urlTemplate":"https:\/\/saiga.es\/fr\/?s={search_term_string}"},"query-input":{"@type":"PropertyValueSpecification","valueRequired":true,"valueName":"search_term_string"}}],"inLanguage":"fr-FR"},{"@type":"Organization","@id":"https:\/\/saiga.es\/fr\/#organization","name":"SAIGA","url":"https:\/\/saiga.es\/fr\/","logo":{"@type":"ImageObject","inLanguage":"fr-FR","@id":"https:\/\/saiga.es\/fr\/#\/schema\/logo\/image\/","url":"https:\/\/saiga.es\/wp-content\/uploads\/2025\/07\/logo_saiga_baseline_optimitzat.svg","contentUrl":"https:\/\/saiga.es\/wp-content\/uploads\/2025\/07\/logo_saiga_baseline_optimitzat.svg","caption":"SAIGA"},"image":{"@id":"https:\/\/saiga.es\/fr\/#\/schema\/logo\/image\/"},"sameAs":["https:\/\/x.com\/saiga_agro","https:\/\/www.instagram.com\/saiga_agro\/"]}]}},"_links":{"self":[{"href":"https:\/\/saiga.es\/fr\/wp-json\/wp\/v2\/product\/7421","targetHints":{"allow":["GET"]}}],"collection":[{"href":"https:\/\/saiga.es\/fr\/wp-json\/wp\/v2\/product"}],"about":[{"href":"https:\/\/saiga.es\/fr\/wp-json\/wp\/v2\/types\/product"}],"replies":[{"embeddable":true,"href":"https:\/\/saiga.es\/fr\/wp-json\/wp\/v2\/comments?post=7421"}],"wp:featuredmedia":[{"embeddable":true,"href":"https:\/\/saiga.es\/fr\/wp-json\/wp\/v2\/media\/14315"}],"wp:attachment":[{"href":"https:\/\/saiga.es\/fr\/wp-json\/wp\/v2\/media?parent=7421"}],"wp:term":[{"taxonomy":"product_brand","embeddable":true,"href":"https:\/\/saiga.es\/fr\/wp-json\/wp\/v2\/product_brand?post=7421"},{"taxonomy":"product_cat","embeddable":true,"href":"https:\/\/saiga.es\/fr\/wp-json\/wp\/v2\/product_cat?post=7421"},{"taxonomy":"product_tag","embeddable":true,"href":"https:\/\/saiga.es\/fr\/wp-json\/wp\/v2\/product_tag?post=7421"}],"curies":[{"name":"wp","href":"https:\/\/api.w.org\/{rel}","templated":true}]}}