{"id":7431,"date":"2024-02-15T10:25:19","date_gmt":"2024-02-15T10:25:19","guid":{"rendered":"https:\/\/botiga.saiga.es\/producte\/herbe-dichondra-repens-500-g\/"},"modified":"2024-02-15T10:25:19","modified_gmt":"2024-02-15T10:25:19","slug":"herbe-dichondra-repens-500-g","status":"publish","type":"product","link":"https:\/\/saiga.es\/fr\/produit\/herbe-dichondra-repens-500-g\/","title":{"rendered":"Herbe Dichondra Repens 500 g"},"content":{"rendered":"<p>Herbe Dichondra Repens 500 g. Dichondra Repens est plus une esp\u00e8ce couvre-sol qu\u2019une pelouse au sens strict. Il existe cependant de nombreux travaux pour lesquels un couvre-sol \u00e0 base de Dichondra peut s\u2019av\u00e9rer plus int\u00e9ressant qu\u2019une pelouse classique. Le Dichondra est utilis\u00e9 pour les pelouses ombrag\u00e9es, les massifs fleuris de petites dimensions. La plantation en combinaison avec Lolium perenne ou Festuca rubra est autoris\u00e9e. Sols carrel\u00e9s (ensemencement des joints). Pelouses \u00e0 caract\u00e8re ornemental, peu fr\u00e9quent\u00e9es. Endroits o\u00f9 les t\u00e2ches de tonte sont tr\u00e8s difficiles.<\/p>\n","protected":false},"excerpt":{"rendered":"<p>Herbe Dichondra Repens 500 g. Dichondra Repens est plus une esp\u00e8ce couvre-sol qu\u2019une pelouse au sens strict. Il existe cependant de nombreux travaux pour lesquels un couvre-sol \u00e0 base de Dichondra peut s\u2019av\u00e9rer plus int\u00e9ressant qu\u2019une pelouse classique. Le Dichondra est utilis\u00e9 pour les pelouses ombrag\u00e9es, les massifs fleuris de petites dimensions. La plantation en combinaison avec Lolium perenne ou Festuca rubra est autoris\u00e9e. Sols carrel\u00e9s (ensemencement des joints). Pelouses \u00e0 caract\u00e8re ornemental, peu fr\u00e9quent\u00e9es. Endroits o\u00f9 les t\u00e2ches de tonte sont tr\u00e8s difficiles.<\/p>\n","protected":false},"featured_media":7429,"comment_status":"closed","ping_status":"closed","template":"","meta":[],"product_brand":[],"product_cat":[457],"product_tag":[800,796,795,777,799],"class_list":{"0":"post-7431","1":"product","2":"type-product","3":"status-publish","4":"has-post-thumbnail","6":"product_cat-pelouses","7":"product_tag-gazon-naturel","8":"product_tag-graines","9":"product_tag-herbe","10":"product_tag-jardinage","11":"product_tag-top-green-fr","13":"first","14":"instock","15":"taxable","16":"shipping-taxable","17":"purchasable","18":"product-type-simple"},"yoast_head":"<!-- This site is optimized with the Yoast SEO plugin v27.4 - https:\/\/yoast.com\/product\/yoast-seo-wordpress\/ -->\n<title>Herbe Dichondra Repens 500 g | SAIGA<\/title>\n<meta name=\"description\" content=\"Herbe Dichondra Repens 500 g. Dichondra Repens est plus une esp\u00e8ce couvre-sol qu\u2019une pelouse au sens strict. Il existe cependant de nombreux travaux pour lesquels un couvre-sol \u00e0 base de Dichondra peut s\u2019av\u00e9rer plus int\u00e9ressant qu\u2019une pelouse classique.\" \/>\n<meta name=\"robots\" content=\"index, follow, max-snippet:-1, max-image-preview:large, max-video-preview:-1\" \/>\n<link rel=\"canonical\" href=\"https:\/\/saiga.es\/fr\/produit\/herbe-dichondra-repens-500-g\/\" \/>\n<meta property=\"og:locale\" content=\"fr_FR\" \/>\n<meta property=\"og:type\" content=\"article\" \/>\n<meta property=\"og:title\" content=\"Herbe Dichondra Repens 500 g | SAIGA\" \/>\n<meta property=\"og:description\" content=\"Herbe Dichondra Repens 500 g. Dichondra Repens est plus une esp\u00e8ce couvre-sol qu\u2019une pelouse au sens strict. Il existe cependant de nombreux travaux pour lesquels un couvre-sol \u00e0 base de Dichondra peut s\u2019av\u00e9rer plus int\u00e9ressant qu\u2019une pelouse classique.\" \/>\n<meta property=\"og:url\" content=\"https:\/\/saiga.es\/fr\/produit\/herbe-dichondra-repens-500-g\/\" \/>\n<meta property=\"og:site_name\" content=\"SAIGA\" \/>\n<meta property=\"og:image\" content=\"https:\/\/saiga.es\/wp-content\/uploads\/2024\/02\/Dichondra.jpg\" \/>\n\t<meta property=\"og:image:width\" content=\"1000\" \/>\n\t<meta property=\"og:image:height\" content=\"1000\" \/>\n\t<meta property=\"og:image:type\" content=\"image\/jpeg\" \/>\n<meta name=\"twitter:card\" content=\"summary_large_image\" \/>\n<meta name=\"twitter:site\" content=\"@saiga_agro\" \/>\n<script type=\"application\/ld+json\" class=\"yoast-schema-graph\">{\"@context\":\"https:\\\/\\\/schema.org\",\"@graph\":[{\"@type\":\"WebPage\",\"@id\":\"https:\\\/\\\/saiga.es\\\/fr\\\/produit\\\/herbe-dichondra-repens-500-g\\\/\",\"url\":\"https:\\\/\\\/saiga.es\\\/fr\\\/produit\\\/herbe-dichondra-repens-500-g\\\/\",\"name\":\"Herbe Dichondra Repens 500 g | SAIGA\",\"isPartOf\":{\"@id\":\"https:\\\/\\\/saiga.es\\\/fr\\\/#website\"},\"primaryImageOfPage\":{\"@id\":\"https:\\\/\\\/saiga.es\\\/fr\\\/produit\\\/herbe-dichondra-repens-500-g\\\/#primaryimage\"},\"image\":{\"@id\":\"https:\\\/\\\/saiga.es\\\/fr\\\/produit\\\/herbe-dichondra-repens-500-g\\\/#primaryimage\"},\"thumbnailUrl\":\"https:\\\/\\\/saiga.es\\\/wp-content\\\/uploads\\\/2024\\\/02\\\/Dichondra.jpg\",\"datePublished\":\"2024-02-15T10:25:19+00:00\",\"description\":\"Herbe Dichondra Repens 500 g. Dichondra Repens est plus une esp\u00e8ce couvre-sol qu\u2019une pelouse au sens strict. Il existe cependant de nombreux travaux pour lesquels un couvre-sol \u00e0 base de Dichondra peut s\u2019av\u00e9rer plus int\u00e9ressant qu\u2019une pelouse classique.\",\"breadcrumb\":{\"@id\":\"https:\\\/\\\/saiga.es\\\/fr\\\/produit\\\/herbe-dichondra-repens-500-g\\\/#breadcrumb\"},\"inLanguage\":\"fr-FR\",\"potentialAction\":[{\"@type\":\"ReadAction\",\"target\":[\"https:\\\/\\\/saiga.es\\\/fr\\\/produit\\\/herbe-dichondra-repens-500-g\\\/\"]}]},{\"@type\":\"ImageObject\",\"inLanguage\":\"fr-FR\",\"@id\":\"https:\\\/\\\/saiga.es\\\/fr\\\/produit\\\/herbe-dichondra-repens-500-g\\\/#primaryimage\",\"url\":\"https:\\\/\\\/saiga.es\\\/wp-content\\\/uploads\\\/2024\\\/02\\\/Dichondra.jpg\",\"contentUrl\":\"https:\\\/\\\/saiga.es\\\/wp-content\\\/uploads\\\/2024\\\/02\\\/Dichondra.jpg\",\"width\":1000,\"height\":1000,\"caption\":\"Herbe Dichondra\"},{\"@type\":\"BreadcrumbList\",\"@id\":\"https:\\\/\\\/saiga.es\\\/fr\\\/produit\\\/herbe-dichondra-repens-500-g\\\/#breadcrumb\",\"itemListElement\":[{\"@type\":\"ListItem\",\"position\":1,\"name\":\"Inici\",\"item\":\"https:\\\/\\\/saiga.es\\\/fr\\\/\"},{\"@type\":\"ListItem\",\"position\":2,\"name\":\"boutique\",\"item\":\"https:\\\/\\\/saiga.es\\\/fr\\\/boutique\\\/\"},{\"@type\":\"ListItem\",\"position\":3,\"name\":\"Herbe Dichondra Repens 500 g\"}]},{\"@type\":\"WebSite\",\"@id\":\"https:\\\/\\\/saiga.es\\\/fr\\\/#website\",\"url\":\"https:\\\/\\\/saiga.es\\\/fr\\\/\",\"name\":\"SAIGA\",\"description\":\"M\u00e9s de 50 anys al servei de la terra i treballant per a un \u00fas eficient de l\u2019aigua!\",\"publisher\":{\"@id\":\"https:\\\/\\\/saiga.es\\\/fr\\\/#organization\"},\"potentialAction\":[{\"@type\":\"SearchAction\",\"target\":{\"@type\":\"EntryPoint\",\"urlTemplate\":\"https:\\\/\\\/saiga.es\\\/fr\\\/?s={search_term_string}\"},\"query-input\":{\"@type\":\"PropertyValueSpecification\",\"valueRequired\":true,\"valueName\":\"search_term_string\"}}],\"inLanguage\":\"fr-FR\"},{\"@type\":\"Organization\",\"@id\":\"https:\\\/\\\/saiga.es\\\/fr\\\/#organization\",\"name\":\"SAIGA\",\"url\":\"https:\\\/\\\/saiga.es\\\/fr\\\/\",\"logo\":{\"@type\":\"ImageObject\",\"inLanguage\":\"fr-FR\",\"@id\":\"https:\\\/\\\/saiga.es\\\/fr\\\/#\\\/schema\\\/logo\\\/image\\\/\",\"url\":\"https:\\\/\\\/saiga.es\\\/wp-content\\\/uploads\\\/2025\\\/07\\\/logo_saiga_baseline_optimitzat.svg\",\"contentUrl\":\"https:\\\/\\\/saiga.es\\\/wp-content\\\/uploads\\\/2025\\\/07\\\/logo_saiga_baseline_optimitzat.svg\",\"caption\":\"SAIGA\"},\"image\":{\"@id\":\"https:\\\/\\\/saiga.es\\\/fr\\\/#\\\/schema\\\/logo\\\/image\\\/\"},\"sameAs\":[\"https:\\\/\\\/x.com\\\/saiga_agro\",\"https:\\\/\\\/www.instagram.com\\\/saiga_agro\\\/\"]}]}<\/script>\n<!-- \/ Yoast SEO plugin. -->","yoast_head_json":{"title":"Herbe Dichondra Repens 500 g | SAIGA","description":"Herbe Dichondra Repens 500 g. Dichondra Repens est plus une esp\u00e8ce couvre-sol qu\u2019une pelouse au sens strict. Il existe cependant de nombreux travaux pour lesquels un couvre-sol \u00e0 base de Dichondra peut s\u2019av\u00e9rer plus int\u00e9ressant qu\u2019une pelouse classique.","robots":{"index":"index","follow":"follow","max-snippet":"max-snippet:-1","max-image-preview":"max-image-preview:large","max-video-preview":"max-video-preview:-1"},"canonical":"https:\/\/saiga.es\/fr\/produit\/herbe-dichondra-repens-500-g\/","og_locale":"fr_FR","og_type":"article","og_title":"Herbe Dichondra Repens 500 g | SAIGA","og_description":"Herbe Dichondra Repens 500 g. Dichondra Repens est plus une esp\u00e8ce couvre-sol qu\u2019une pelouse au sens strict. Il existe cependant de nombreux travaux pour lesquels un couvre-sol \u00e0 base de Dichondra peut s\u2019av\u00e9rer plus int\u00e9ressant qu\u2019une pelouse classique.","og_url":"https:\/\/saiga.es\/fr\/produit\/herbe-dichondra-repens-500-g\/","og_site_name":"SAIGA","og_image":[{"width":1000,"height":1000,"url":"https:\/\/saiga.es\/wp-content\/uploads\/2024\/02\/Dichondra.jpg","type":"image\/jpeg"}],"twitter_card":"summary_large_image","twitter_site":"@saiga_agro","schema":{"@context":"https:\/\/schema.org","@graph":[{"@type":"WebPage","@id":"https:\/\/saiga.es\/fr\/produit\/herbe-dichondra-repens-500-g\/","url":"https:\/\/saiga.es\/fr\/produit\/herbe-dichondra-repens-500-g\/","name":"Herbe Dichondra Repens 500 g | SAIGA","isPartOf":{"@id":"https:\/\/saiga.es\/fr\/#website"},"primaryImageOfPage":{"@id":"https:\/\/saiga.es\/fr\/produit\/herbe-dichondra-repens-500-g\/#primaryimage"},"image":{"@id":"https:\/\/saiga.es\/fr\/produit\/herbe-dichondra-repens-500-g\/#primaryimage"},"thumbnailUrl":"https:\/\/saiga.es\/wp-content\/uploads\/2024\/02\/Dichondra.jpg","datePublished":"2024-02-15T10:25:19+00:00","description":"Herbe Dichondra Repens 500 g. Dichondra Repens est plus une esp\u00e8ce couvre-sol qu\u2019une pelouse au sens strict. Il existe cependant de nombreux travaux pour lesquels un couvre-sol \u00e0 base de Dichondra peut s\u2019av\u00e9rer plus int\u00e9ressant qu\u2019une pelouse classique.","breadcrumb":{"@id":"https:\/\/saiga.es\/fr\/produit\/herbe-dichondra-repens-500-g\/#breadcrumb"},"inLanguage":"fr-FR","potentialAction":[{"@type":"ReadAction","target":["https:\/\/saiga.es\/fr\/produit\/herbe-dichondra-repens-500-g\/"]}]},{"@type":"ImageObject","inLanguage":"fr-FR","@id":"https:\/\/saiga.es\/fr\/produit\/herbe-dichondra-repens-500-g\/#primaryimage","url":"https:\/\/saiga.es\/wp-content\/uploads\/2024\/02\/Dichondra.jpg","contentUrl":"https:\/\/saiga.es\/wp-content\/uploads\/2024\/02\/Dichondra.jpg","width":1000,"height":1000,"caption":"Herbe Dichondra"},{"@type":"BreadcrumbList","@id":"https:\/\/saiga.es\/fr\/produit\/herbe-dichondra-repens-500-g\/#breadcrumb","itemListElement":[{"@type":"ListItem","position":1,"name":"Inici","item":"https:\/\/saiga.es\/fr\/"},{"@type":"ListItem","position":2,"name":"boutique","item":"https:\/\/saiga.es\/fr\/boutique\/"},{"@type":"ListItem","position":3,"name":"Herbe Dichondra Repens 500 g"}]},{"@type":"WebSite","@id":"https:\/\/saiga.es\/fr\/#website","url":"https:\/\/saiga.es\/fr\/","name":"SAIGA","description":"M\u00e9s de 50 anys al servei de la terra i treballant per a un \u00fas eficient de l\u2019aigua!","publisher":{"@id":"https:\/\/saiga.es\/fr\/#organization"},"potentialAction":[{"@type":"SearchAction","target":{"@type":"EntryPoint","urlTemplate":"https:\/\/saiga.es\/fr\/?s={search_term_string}"},"query-input":{"@type":"PropertyValueSpecification","valueRequired":true,"valueName":"search_term_string"}}],"inLanguage":"fr-FR"},{"@type":"Organization","@id":"https:\/\/saiga.es\/fr\/#organization","name":"SAIGA","url":"https:\/\/saiga.es\/fr\/","logo":{"@type":"ImageObject","inLanguage":"fr-FR","@id":"https:\/\/saiga.es\/fr\/#\/schema\/logo\/image\/","url":"https:\/\/saiga.es\/wp-content\/uploads\/2025\/07\/logo_saiga_baseline_optimitzat.svg","contentUrl":"https:\/\/saiga.es\/wp-content\/uploads\/2025\/07\/logo_saiga_baseline_optimitzat.svg","caption":"SAIGA"},"image":{"@id":"https:\/\/saiga.es\/fr\/#\/schema\/logo\/image\/"},"sameAs":["https:\/\/x.com\/saiga_agro","https:\/\/www.instagram.com\/saiga_agro\/"]}]}},"_links":{"self":[{"href":"https:\/\/saiga.es\/fr\/wp-json\/wp\/v2\/product\/7431","targetHints":{"allow":["GET"]}}],"collection":[{"href":"https:\/\/saiga.es\/fr\/wp-json\/wp\/v2\/product"}],"about":[{"href":"https:\/\/saiga.es\/fr\/wp-json\/wp\/v2\/types\/product"}],"replies":[{"embeddable":true,"href":"https:\/\/saiga.es\/fr\/wp-json\/wp\/v2\/comments?post=7431"}],"wp:featuredmedia":[{"embeddable":true,"href":"https:\/\/saiga.es\/fr\/wp-json\/wp\/v2\/media\/7429"}],"wp:attachment":[{"href":"https:\/\/saiga.es\/fr\/wp-json\/wp\/v2\/media?parent=7431"}],"wp:term":[{"taxonomy":"product_brand","embeddable":true,"href":"https:\/\/saiga.es\/fr\/wp-json\/wp\/v2\/product_brand?post=7431"},{"taxonomy":"product_cat","embeddable":true,"href":"https:\/\/saiga.es\/fr\/wp-json\/wp\/v2\/product_cat?post=7431"},{"taxonomy":"product_tag","embeddable":true,"href":"https:\/\/saiga.es\/fr\/wp-json\/wp\/v2\/product_tag?post=7431"}],"curies":[{"name":"wp","href":"https:\/\/api.w.org\/{rel}","templated":true}]}}