{"id":7437,"date":"2024-02-15T10:40:50","date_gmt":"2024-02-15T10:40:50","guid":{"rendered":"https:\/\/botiga.saiga.es\/producte\/herbe-kikuyu\/"},"modified":"2024-02-15T10:40:50","modified_gmt":"2024-02-15T10:40:50","slug":"herbe-kikuyu","status":"publish","type":"product","link":"https:\/\/saiga.es\/fr\/produit\/herbe-kikuyu\/","title":{"rendered":"Herbe Kikuyu."},"content":{"rendered":"<p>Herbe Kikuyu. Ces graines de gramin\u00e9es s&rsquo;adaptent tr\u00e8s bien aux zones m\u00e9diterran\u00e9ennes car elles n&rsquo;ont pas besoin d&rsquo;arrosages importants et peuvent r\u00e9sister \u00e0 des temp\u00e9ratures \u00e9lev\u00e9es, mais en revanche elles sont peu r\u00e9sistantes au gel.<\/p>\n","protected":false},"excerpt":{"rendered":"<p>Herbe Kikuyu. Ces graines de gramin\u00e9es s&rsquo;adaptent tr\u00e8s bien aux zones m\u00e9diterran\u00e9ennes car elles n&rsquo;ont pas besoin d&rsquo;arrosages importants et peuvent r\u00e9sister \u00e0 des temp\u00e9ratures \u00e9lev\u00e9es, mais en revanche elles sont peu r\u00e9sistantes au gel.<\/p>\n","protected":false},"featured_media":7435,"comment_status":"closed","ping_status":"closed","template":"","meta":[],"product_brand":[],"product_cat":[457],"product_tag":[819,800,795,738,777],"class_list":{"0":"post-7437","1":"product","2":"type-product","3":"status-publish","4":"has-post-thumbnail","6":"product_cat-pelouses","7":"product_tag-espaces-verts","8":"product_tag-gazon-naturel","9":"product_tag-herbe","10":"product_tag-jardin","11":"product_tag-jardinage","13":"first","14":"instock","15":"taxable","16":"shipping-taxable","17":"purchasable","18":"product-type-simple"},"yoast_head":"<!-- This site is optimized with the Yoast SEO plugin v27.3 - https:\/\/yoast.com\/product\/yoast-seo-wordpress\/ -->\n<title>Herbe Kikuyu. | SAIGA<\/title>\n<meta name=\"description\" content=\"Herbe Kikuyu. Ces graines de gramin\u00e9es s&#039;adaptent tr\u00e8s bien aux zones m\u00e9diterran\u00e9ennes car elles n&#039;ont pas besoin d&#039;arrosages importants et peuvent r\u00e9sister \u00e0 des temp\u00e9ratures \u00e9lev\u00e9es, mais en revanche elles sont peu r\u00e9sistantes au gel.\" \/>\n<meta name=\"robots\" content=\"index, follow, max-snippet:-1, max-image-preview:large, max-video-preview:-1\" \/>\n<link rel=\"canonical\" href=\"https:\/\/saiga.es\/fr\/produit\/herbe-kikuyu\/\" \/>\n<meta property=\"og:locale\" content=\"fr_FR\" \/>\n<meta property=\"og:type\" content=\"article\" \/>\n<meta property=\"og:title\" content=\"Herbe Kikuyu. | SAIGA\" \/>\n<meta property=\"og:description\" content=\"Herbe Kikuyu. Ces graines de gramin\u00e9es s&#039;adaptent tr\u00e8s bien aux zones m\u00e9diterran\u00e9ennes car elles n&#039;ont pas besoin d&#039;arrosages importants et peuvent r\u00e9sister \u00e0 des temp\u00e9ratures \u00e9lev\u00e9es, mais en revanche elles sont peu r\u00e9sistantes au gel.\" \/>\n<meta property=\"og:url\" content=\"https:\/\/saiga.es\/fr\/produit\/herbe-kikuyu\/\" \/>\n<meta property=\"og:site_name\" content=\"SAIGA\" \/>\n<meta property=\"og:image\" content=\"https:\/\/saiga.es\/wp-content\/uploads\/2024\/02\/Kikuyu.jpg\" \/>\n\t<meta property=\"og:image:width\" content=\"1000\" \/>\n\t<meta property=\"og:image:height\" content=\"1000\" \/>\n\t<meta property=\"og:image:type\" content=\"image\/jpeg\" \/>\n<meta name=\"twitter:card\" content=\"summary_large_image\" \/>\n<meta name=\"twitter:site\" content=\"@saiga_agro\" \/>\n<script type=\"application\/ld+json\" class=\"yoast-schema-graph\">{\"@context\":\"https:\\\/\\\/schema.org\",\"@graph\":[{\"@type\":\"WebPage\",\"@id\":\"https:\\\/\\\/saiga.es\\\/fr\\\/produit\\\/herbe-kikuyu\\\/\",\"url\":\"https:\\\/\\\/saiga.es\\\/fr\\\/produit\\\/herbe-kikuyu\\\/\",\"name\":\"Herbe Kikuyu. | SAIGA\",\"isPartOf\":{\"@id\":\"https:\\\/\\\/saiga.es\\\/fr\\\/#website\"},\"primaryImageOfPage\":{\"@id\":\"https:\\\/\\\/saiga.es\\\/fr\\\/produit\\\/herbe-kikuyu\\\/#primaryimage\"},\"image\":{\"@id\":\"https:\\\/\\\/saiga.es\\\/fr\\\/produit\\\/herbe-kikuyu\\\/#primaryimage\"},\"thumbnailUrl\":\"https:\\\/\\\/saiga.es\\\/wp-content\\\/uploads\\\/2024\\\/02\\\/Kikuyu.jpg\",\"datePublished\":\"2024-02-15T10:40:50+00:00\",\"description\":\"Herbe Kikuyu. Ces graines de gramin\u00e9es s'adaptent tr\u00e8s bien aux zones m\u00e9diterran\u00e9ennes car elles n'ont pas besoin d'arrosages importants et peuvent r\u00e9sister \u00e0 des temp\u00e9ratures \u00e9lev\u00e9es, mais en revanche elles sont peu r\u00e9sistantes au gel.\",\"breadcrumb\":{\"@id\":\"https:\\\/\\\/saiga.es\\\/fr\\\/produit\\\/herbe-kikuyu\\\/#breadcrumb\"},\"inLanguage\":\"fr-FR\",\"potentialAction\":[{\"@type\":\"ReadAction\",\"target\":[\"https:\\\/\\\/saiga.es\\\/fr\\\/produit\\\/herbe-kikuyu\\\/\"]}]},{\"@type\":\"ImageObject\",\"inLanguage\":\"fr-FR\",\"@id\":\"https:\\\/\\\/saiga.es\\\/fr\\\/produit\\\/herbe-kikuyu\\\/#primaryimage\",\"url\":\"https:\\\/\\\/saiga.es\\\/wp-content\\\/uploads\\\/2024\\\/02\\\/Kikuyu.jpg\",\"contentUrl\":\"https:\\\/\\\/saiga.es\\\/wp-content\\\/uploads\\\/2024\\\/02\\\/Kikuyu.jpg\",\"width\":1000,\"height\":1000,\"caption\":\"Herbe Kikuyu.\"},{\"@type\":\"BreadcrumbList\",\"@id\":\"https:\\\/\\\/saiga.es\\\/fr\\\/produit\\\/herbe-kikuyu\\\/#breadcrumb\",\"itemListElement\":[{\"@type\":\"ListItem\",\"position\":1,\"name\":\"Inici\",\"item\":\"https:\\\/\\\/saiga.es\\\/fr\\\/\"},{\"@type\":\"ListItem\",\"position\":2,\"name\":\"boutique\",\"item\":\"https:\\\/\\\/saiga.es\\\/fr\\\/boutique\\\/\"},{\"@type\":\"ListItem\",\"position\":3,\"name\":\"Herbe Kikuyu.\"}]},{\"@type\":\"WebSite\",\"@id\":\"https:\\\/\\\/saiga.es\\\/fr\\\/#website\",\"url\":\"https:\\\/\\\/saiga.es\\\/fr\\\/\",\"name\":\"SAIGA\",\"description\":\"M\u00e9s de 50 anys al servei de la terra i treballant per a un \u00fas eficient de l\u2019aigua!\",\"publisher\":{\"@id\":\"https:\\\/\\\/saiga.es\\\/fr\\\/#organization\"},\"potentialAction\":[{\"@type\":\"SearchAction\",\"target\":{\"@type\":\"EntryPoint\",\"urlTemplate\":\"https:\\\/\\\/saiga.es\\\/fr\\\/?s={search_term_string}\"},\"query-input\":{\"@type\":\"PropertyValueSpecification\",\"valueRequired\":true,\"valueName\":\"search_term_string\"}}],\"inLanguage\":\"fr-FR\"},{\"@type\":\"Organization\",\"@id\":\"https:\\\/\\\/saiga.es\\\/fr\\\/#organization\",\"name\":\"SAIGA\",\"url\":\"https:\\\/\\\/saiga.es\\\/fr\\\/\",\"logo\":{\"@type\":\"ImageObject\",\"inLanguage\":\"fr-FR\",\"@id\":\"https:\\\/\\\/saiga.es\\\/fr\\\/#\\\/schema\\\/logo\\\/image\\\/\",\"url\":\"https:\\\/\\\/saiga.es\\\/wp-content\\\/uploads\\\/2025\\\/07\\\/logo_saiga_baseline_optimitzat.svg\",\"contentUrl\":\"https:\\\/\\\/saiga.es\\\/wp-content\\\/uploads\\\/2025\\\/07\\\/logo_saiga_baseline_optimitzat.svg\",\"caption\":\"SAIGA\"},\"image\":{\"@id\":\"https:\\\/\\\/saiga.es\\\/fr\\\/#\\\/schema\\\/logo\\\/image\\\/\"},\"sameAs\":[\"https:\\\/\\\/x.com\\\/saiga_agro\",\"https:\\\/\\\/www.instagram.com\\\/saiga_agro\\\/\"]}]}<\/script>\n<!-- \/ Yoast SEO plugin. -->","yoast_head_json":{"title":"Herbe Kikuyu. | SAIGA","description":"Herbe Kikuyu. Ces graines de gramin\u00e9es s'adaptent tr\u00e8s bien aux zones m\u00e9diterran\u00e9ennes car elles n'ont pas besoin d'arrosages importants et peuvent r\u00e9sister \u00e0 des temp\u00e9ratures \u00e9lev\u00e9es, mais en revanche elles sont peu r\u00e9sistantes au gel.","robots":{"index":"index","follow":"follow","max-snippet":"max-snippet:-1","max-image-preview":"max-image-preview:large","max-video-preview":"max-video-preview:-1"},"canonical":"https:\/\/saiga.es\/fr\/produit\/herbe-kikuyu\/","og_locale":"fr_FR","og_type":"article","og_title":"Herbe Kikuyu. | SAIGA","og_description":"Herbe Kikuyu. Ces graines de gramin\u00e9es s'adaptent tr\u00e8s bien aux zones m\u00e9diterran\u00e9ennes car elles n'ont pas besoin d'arrosages importants et peuvent r\u00e9sister \u00e0 des temp\u00e9ratures \u00e9lev\u00e9es, mais en revanche elles sont peu r\u00e9sistantes au gel.","og_url":"https:\/\/saiga.es\/fr\/produit\/herbe-kikuyu\/","og_site_name":"SAIGA","og_image":[{"width":1000,"height":1000,"url":"https:\/\/saiga.es\/wp-content\/uploads\/2024\/02\/Kikuyu.jpg","type":"image\/jpeg"}],"twitter_card":"summary_large_image","twitter_site":"@saiga_agro","schema":{"@context":"https:\/\/schema.org","@graph":[{"@type":"WebPage","@id":"https:\/\/saiga.es\/fr\/produit\/herbe-kikuyu\/","url":"https:\/\/saiga.es\/fr\/produit\/herbe-kikuyu\/","name":"Herbe Kikuyu. | SAIGA","isPartOf":{"@id":"https:\/\/saiga.es\/fr\/#website"},"primaryImageOfPage":{"@id":"https:\/\/saiga.es\/fr\/produit\/herbe-kikuyu\/#primaryimage"},"image":{"@id":"https:\/\/saiga.es\/fr\/produit\/herbe-kikuyu\/#primaryimage"},"thumbnailUrl":"https:\/\/saiga.es\/wp-content\/uploads\/2024\/02\/Kikuyu.jpg","datePublished":"2024-02-15T10:40:50+00:00","description":"Herbe Kikuyu. Ces graines de gramin\u00e9es s'adaptent tr\u00e8s bien aux zones m\u00e9diterran\u00e9ennes car elles n'ont pas besoin d'arrosages importants et peuvent r\u00e9sister \u00e0 des temp\u00e9ratures \u00e9lev\u00e9es, mais en revanche elles sont peu r\u00e9sistantes au gel.","breadcrumb":{"@id":"https:\/\/saiga.es\/fr\/produit\/herbe-kikuyu\/#breadcrumb"},"inLanguage":"fr-FR","potentialAction":[{"@type":"ReadAction","target":["https:\/\/saiga.es\/fr\/produit\/herbe-kikuyu\/"]}]},{"@type":"ImageObject","inLanguage":"fr-FR","@id":"https:\/\/saiga.es\/fr\/produit\/herbe-kikuyu\/#primaryimage","url":"https:\/\/saiga.es\/wp-content\/uploads\/2024\/02\/Kikuyu.jpg","contentUrl":"https:\/\/saiga.es\/wp-content\/uploads\/2024\/02\/Kikuyu.jpg","width":1000,"height":1000,"caption":"Herbe Kikuyu."},{"@type":"BreadcrumbList","@id":"https:\/\/saiga.es\/fr\/produit\/herbe-kikuyu\/#breadcrumb","itemListElement":[{"@type":"ListItem","position":1,"name":"Inici","item":"https:\/\/saiga.es\/fr\/"},{"@type":"ListItem","position":2,"name":"boutique","item":"https:\/\/saiga.es\/fr\/boutique\/"},{"@type":"ListItem","position":3,"name":"Herbe Kikuyu."}]},{"@type":"WebSite","@id":"https:\/\/saiga.es\/fr\/#website","url":"https:\/\/saiga.es\/fr\/","name":"SAIGA","description":"M\u00e9s de 50 anys al servei de la terra i treballant per a un \u00fas eficient de l\u2019aigua!","publisher":{"@id":"https:\/\/saiga.es\/fr\/#organization"},"potentialAction":[{"@type":"SearchAction","target":{"@type":"EntryPoint","urlTemplate":"https:\/\/saiga.es\/fr\/?s={search_term_string}"},"query-input":{"@type":"PropertyValueSpecification","valueRequired":true,"valueName":"search_term_string"}}],"inLanguage":"fr-FR"},{"@type":"Organization","@id":"https:\/\/saiga.es\/fr\/#organization","name":"SAIGA","url":"https:\/\/saiga.es\/fr\/","logo":{"@type":"ImageObject","inLanguage":"fr-FR","@id":"https:\/\/saiga.es\/fr\/#\/schema\/logo\/image\/","url":"https:\/\/saiga.es\/wp-content\/uploads\/2025\/07\/logo_saiga_baseline_optimitzat.svg","contentUrl":"https:\/\/saiga.es\/wp-content\/uploads\/2025\/07\/logo_saiga_baseline_optimitzat.svg","caption":"SAIGA"},"image":{"@id":"https:\/\/saiga.es\/fr\/#\/schema\/logo\/image\/"},"sameAs":["https:\/\/x.com\/saiga_agro","https:\/\/www.instagram.com\/saiga_agro\/"]}]}},"_links":{"self":[{"href":"https:\/\/saiga.es\/fr\/wp-json\/wp\/v2\/product\/7437","targetHints":{"allow":["GET"]}}],"collection":[{"href":"https:\/\/saiga.es\/fr\/wp-json\/wp\/v2\/product"}],"about":[{"href":"https:\/\/saiga.es\/fr\/wp-json\/wp\/v2\/types\/product"}],"replies":[{"embeddable":true,"href":"https:\/\/saiga.es\/fr\/wp-json\/wp\/v2\/comments?post=7437"}],"wp:featuredmedia":[{"embeddable":true,"href":"https:\/\/saiga.es\/fr\/wp-json\/wp\/v2\/media\/7435"}],"wp:attachment":[{"href":"https:\/\/saiga.es\/fr\/wp-json\/wp\/v2\/media?parent=7437"}],"wp:term":[{"taxonomy":"product_brand","embeddable":true,"href":"https:\/\/saiga.es\/fr\/wp-json\/wp\/v2\/product_brand?post=7437"},{"taxonomy":"product_cat","embeddable":true,"href":"https:\/\/saiga.es\/fr\/wp-json\/wp\/v2\/product_cat?post=7437"},{"taxonomy":"product_tag","embeddable":true,"href":"https:\/\/saiga.es\/fr\/wp-json\/wp\/v2\/product_tag?post=7437"}],"curies":[{"name":"wp","href":"https:\/\/api.w.org\/{rel}","templated":true}]}}