{"id":7510,"date":"2023-08-25T08:22:52","date_gmt":"2023-08-25T08:22:52","guid":{"rendered":"https:\/\/botiga.saiga.es\/producte\/antiants-kb-granules-nexa-150-gr\/"},"modified":"2023-08-25T08:22:52","modified_gmt":"2023-08-25T08:22:52","slug":"antiants-kb-granules-nexa-150-gr","status":"publish","type":"product","link":"https:\/\/saiga.es\/fr\/produit\/antiants-kb-granules-nexa-150-gr\/","title":{"rendered":"Antiants KB granul\u00e9s Nexa 150 gr"},"content":{"rendered":"<p>Insecticide qui agit par contact et par ingestion contre les esp\u00e8ces de fourmis. Sa formulation en granul\u00e9s permet une application en saupoudrage efficace \u00e0 tr\u00e8s faible dose, m\u00eame pour les esp\u00e8ces de fourmis r\u00e9sistantes aux insecticides classiques. Pour terrasses, maisons et quartiers. Fournit une efficacit\u00e9 durable sur les surfaces trait\u00e9es et pr\u00e9vient de nouvelles infestations. Effet imm\u00e9diat et action longue dur\u00e9e.<\/p>\n","protected":false},"excerpt":{"rendered":"<p>Insecticide qui agit par contact et par ingestion contre les esp\u00e8ces de fourmis. Sa formulation en granul\u00e9s permet une application en saupoudrage efficace \u00e0 tr\u00e8s faible dose, m\u00eame pour les esp\u00e8ces de fourmis r\u00e9sistantes aux insecticides classiques. Pour terrasses, maisons et quartiers. Fournit une efficacit\u00e9 durable sur les surfaces trait\u00e9es et pr\u00e9vient de nouvelles infestations&#8230;.<\/p>\n","protected":false},"featured_media":7511,"comment_status":"open","ping_status":"closed","template":"","meta":[],"product_brand":[],"product_cat":[445],"product_tag":[],"class_list":{"0":"post-7510","1":"product","2":"type-product","3":"status-publish","4":"has-post-thumbnail","6":"product_cat-insecticides-fr-2","8":"first","9":"outofstock","10":"taxable","11":"shipping-taxable","12":"purchasable","13":"product-type-simple"},"yoast_head":"<!-- This site is optimized with the Yoast SEO plugin v27.4 - https:\/\/yoast.com\/product\/yoast-seo-wordpress\/ -->\n<title>Antiants KB granul\u00e9s Nexa 150 gr | SAIGA<\/title>\n<meta name=\"robots\" content=\"index, follow, max-snippet:-1, max-image-preview:large, max-video-preview:-1\" \/>\n<link rel=\"canonical\" href=\"https:\/\/saiga.es\/fr\/produit\/antiants-kb-granules-nexa-150-gr\/\" \/>\n<meta property=\"og:locale\" content=\"fr_FR\" \/>\n<meta property=\"og:type\" content=\"article\" \/>\n<meta property=\"og:title\" content=\"Antiants KB granul\u00e9s Nexa 150 gr | SAIGA\" \/>\n<meta property=\"og:description\" content=\"Insecticide qui agit par contact et par ingestion contre les esp\u00e8ces de fourmis. Sa formulation en granul\u00e9s permet une application en saupoudrage efficace \u00e0 tr\u00e8s faible dose, m\u00eame pour les esp\u00e8ces de fourmis r\u00e9sistantes aux insecticides classiques. Pour terrasses, maisons et quartiers. Fournit une efficacit\u00e9 durable sur les surfaces trait\u00e9es et pr\u00e9vient de nouvelles infestations....\" \/>\n<meta property=\"og:url\" content=\"https:\/\/saiga.es\/fr\/produit\/antiants-kb-granules-nexa-150-gr\/\" \/>\n<meta property=\"og:site_name\" content=\"SAIGA\" \/>\n<meta property=\"og:image\" content=\"https:\/\/saiga.es\/wp-content\/uploads\/2023\/08\/20230621115901-nexa-hormigas-granulado-150-gr.-.-web.jpg\" \/>\n\t<meta property=\"og:image:width\" content=\"610\" \/>\n\t<meta property=\"og:image:height\" content=\"768\" \/>\n\t<meta property=\"og:image:type\" content=\"image\/jpeg\" \/>\n<meta name=\"twitter:card\" content=\"summary_large_image\" \/>\n<meta name=\"twitter:site\" content=\"@saiga_agro\" \/>\n<script type=\"application\/ld+json\" class=\"yoast-schema-graph\">{\"@context\":\"https:\\\/\\\/schema.org\",\"@graph\":[{\"@type\":\"WebPage\",\"@id\":\"https:\\\/\\\/saiga.es\\\/fr\\\/produit\\\/antiants-kb-granules-nexa-150-gr\\\/\",\"url\":\"https:\\\/\\\/saiga.es\\\/fr\\\/produit\\\/antiants-kb-granules-nexa-150-gr\\\/\",\"name\":\"Antiants KB granul\u00e9s Nexa 150 gr | SAIGA\",\"isPartOf\":{\"@id\":\"https:\\\/\\\/saiga.es\\\/fr\\\/#website\"},\"primaryImageOfPage\":{\"@id\":\"https:\\\/\\\/saiga.es\\\/fr\\\/produit\\\/antiants-kb-granules-nexa-150-gr\\\/#primaryimage\"},\"image\":{\"@id\":\"https:\\\/\\\/saiga.es\\\/fr\\\/produit\\\/antiants-kb-granules-nexa-150-gr\\\/#primaryimage\"},\"thumbnailUrl\":\"https:\\\/\\\/saiga.es\\\/wp-content\\\/uploads\\\/2023\\\/08\\\/20230621115901-nexa-hormigas-granulado-150-gr.-.-web.jpg\",\"datePublished\":\"2023-08-25T08:22:52+00:00\",\"breadcrumb\":{\"@id\":\"https:\\\/\\\/saiga.es\\\/fr\\\/produit\\\/antiants-kb-granules-nexa-150-gr\\\/#breadcrumb\"},\"inLanguage\":\"fr-FR\",\"potentialAction\":[{\"@type\":\"ReadAction\",\"target\":[\"https:\\\/\\\/saiga.es\\\/fr\\\/produit\\\/antiants-kb-granules-nexa-150-gr\\\/\"]}]},{\"@type\":\"ImageObject\",\"inLanguage\":\"fr-FR\",\"@id\":\"https:\\\/\\\/saiga.es\\\/fr\\\/produit\\\/antiants-kb-granules-nexa-150-gr\\\/#primaryimage\",\"url\":\"https:\\\/\\\/saiga.es\\\/wp-content\\\/uploads\\\/2023\\\/08\\\/20230621115901-nexa-hormigas-granulado-150-gr.-.-web.jpg\",\"contentUrl\":\"https:\\\/\\\/saiga.es\\\/wp-content\\\/uploads\\\/2023\\\/08\\\/20230621115901-nexa-hormigas-granulado-150-gr.-.-web.jpg\",\"width\":610,\"height\":768},{\"@type\":\"BreadcrumbList\",\"@id\":\"https:\\\/\\\/saiga.es\\\/fr\\\/produit\\\/antiants-kb-granules-nexa-150-gr\\\/#breadcrumb\",\"itemListElement\":[{\"@type\":\"ListItem\",\"position\":1,\"name\":\"Inici\",\"item\":\"https:\\\/\\\/saiga.es\\\/fr\\\/\"},{\"@type\":\"ListItem\",\"position\":2,\"name\":\"boutique\",\"item\":\"https:\\\/\\\/saiga.es\\\/fr\\\/boutique\\\/\"},{\"@type\":\"ListItem\",\"position\":3,\"name\":\"Antiants KB granul\u00e9s Nexa 150 gr\"}]},{\"@type\":\"WebSite\",\"@id\":\"https:\\\/\\\/saiga.es\\\/fr\\\/#website\",\"url\":\"https:\\\/\\\/saiga.es\\\/fr\\\/\",\"name\":\"SAIGA\",\"description\":\"M\u00e9s de 50 anys al servei de la terra i treballant per a un \u00fas eficient de l\u2019aigua!\",\"publisher\":{\"@id\":\"https:\\\/\\\/saiga.es\\\/fr\\\/#organization\"},\"potentialAction\":[{\"@type\":\"SearchAction\",\"target\":{\"@type\":\"EntryPoint\",\"urlTemplate\":\"https:\\\/\\\/saiga.es\\\/fr\\\/?s={search_term_string}\"},\"query-input\":{\"@type\":\"PropertyValueSpecification\",\"valueRequired\":true,\"valueName\":\"search_term_string\"}}],\"inLanguage\":\"fr-FR\"},{\"@type\":\"Organization\",\"@id\":\"https:\\\/\\\/saiga.es\\\/fr\\\/#organization\",\"name\":\"SAIGA\",\"url\":\"https:\\\/\\\/saiga.es\\\/fr\\\/\",\"logo\":{\"@type\":\"ImageObject\",\"inLanguage\":\"fr-FR\",\"@id\":\"https:\\\/\\\/saiga.es\\\/fr\\\/#\\\/schema\\\/logo\\\/image\\\/\",\"url\":\"https:\\\/\\\/saiga.es\\\/wp-content\\\/uploads\\\/2025\\\/07\\\/logo_saiga_baseline_optimitzat.svg\",\"contentUrl\":\"https:\\\/\\\/saiga.es\\\/wp-content\\\/uploads\\\/2025\\\/07\\\/logo_saiga_baseline_optimitzat.svg\",\"caption\":\"SAIGA\"},\"image\":{\"@id\":\"https:\\\/\\\/saiga.es\\\/fr\\\/#\\\/schema\\\/logo\\\/image\\\/\"},\"sameAs\":[\"https:\\\/\\\/x.com\\\/saiga_agro\",\"https:\\\/\\\/www.instagram.com\\\/saiga_agro\\\/\"]}]}<\/script>\n<!-- \/ Yoast SEO plugin. -->","yoast_head_json":{"title":"Antiants KB granul\u00e9s Nexa 150 gr | SAIGA","robots":{"index":"index","follow":"follow","max-snippet":"max-snippet:-1","max-image-preview":"max-image-preview:large","max-video-preview":"max-video-preview:-1"},"canonical":"https:\/\/saiga.es\/fr\/produit\/antiants-kb-granules-nexa-150-gr\/","og_locale":"fr_FR","og_type":"article","og_title":"Antiants KB granul\u00e9s Nexa 150 gr | SAIGA","og_description":"Insecticide qui agit par contact et par ingestion contre les esp\u00e8ces de fourmis. Sa formulation en granul\u00e9s permet une application en saupoudrage efficace \u00e0 tr\u00e8s faible dose, m\u00eame pour les esp\u00e8ces de fourmis r\u00e9sistantes aux insecticides classiques. Pour terrasses, maisons et quartiers. Fournit une efficacit\u00e9 durable sur les surfaces trait\u00e9es et pr\u00e9vient de nouvelles infestations....","og_url":"https:\/\/saiga.es\/fr\/produit\/antiants-kb-granules-nexa-150-gr\/","og_site_name":"SAIGA","og_image":[{"width":610,"height":768,"url":"https:\/\/saiga.es\/wp-content\/uploads\/2023\/08\/20230621115901-nexa-hormigas-granulado-150-gr.-.-web.jpg","type":"image\/jpeg"}],"twitter_card":"summary_large_image","twitter_site":"@saiga_agro","schema":{"@context":"https:\/\/schema.org","@graph":[{"@type":"WebPage","@id":"https:\/\/saiga.es\/fr\/produit\/antiants-kb-granules-nexa-150-gr\/","url":"https:\/\/saiga.es\/fr\/produit\/antiants-kb-granules-nexa-150-gr\/","name":"Antiants KB granul\u00e9s Nexa 150 gr | SAIGA","isPartOf":{"@id":"https:\/\/saiga.es\/fr\/#website"},"primaryImageOfPage":{"@id":"https:\/\/saiga.es\/fr\/produit\/antiants-kb-granules-nexa-150-gr\/#primaryimage"},"image":{"@id":"https:\/\/saiga.es\/fr\/produit\/antiants-kb-granules-nexa-150-gr\/#primaryimage"},"thumbnailUrl":"https:\/\/saiga.es\/wp-content\/uploads\/2023\/08\/20230621115901-nexa-hormigas-granulado-150-gr.-.-web.jpg","datePublished":"2023-08-25T08:22:52+00:00","breadcrumb":{"@id":"https:\/\/saiga.es\/fr\/produit\/antiants-kb-granules-nexa-150-gr\/#breadcrumb"},"inLanguage":"fr-FR","potentialAction":[{"@type":"ReadAction","target":["https:\/\/saiga.es\/fr\/produit\/antiants-kb-granules-nexa-150-gr\/"]}]},{"@type":"ImageObject","inLanguage":"fr-FR","@id":"https:\/\/saiga.es\/fr\/produit\/antiants-kb-granules-nexa-150-gr\/#primaryimage","url":"https:\/\/saiga.es\/wp-content\/uploads\/2023\/08\/20230621115901-nexa-hormigas-granulado-150-gr.-.-web.jpg","contentUrl":"https:\/\/saiga.es\/wp-content\/uploads\/2023\/08\/20230621115901-nexa-hormigas-granulado-150-gr.-.-web.jpg","width":610,"height":768},{"@type":"BreadcrumbList","@id":"https:\/\/saiga.es\/fr\/produit\/antiants-kb-granules-nexa-150-gr\/#breadcrumb","itemListElement":[{"@type":"ListItem","position":1,"name":"Inici","item":"https:\/\/saiga.es\/fr\/"},{"@type":"ListItem","position":2,"name":"boutique","item":"https:\/\/saiga.es\/fr\/boutique\/"},{"@type":"ListItem","position":3,"name":"Antiants KB granul\u00e9s Nexa 150 gr"}]},{"@type":"WebSite","@id":"https:\/\/saiga.es\/fr\/#website","url":"https:\/\/saiga.es\/fr\/","name":"SAIGA","description":"M\u00e9s de 50 anys al servei de la terra i treballant per a un \u00fas eficient de l\u2019aigua!","publisher":{"@id":"https:\/\/saiga.es\/fr\/#organization"},"potentialAction":[{"@type":"SearchAction","target":{"@type":"EntryPoint","urlTemplate":"https:\/\/saiga.es\/fr\/?s={search_term_string}"},"query-input":{"@type":"PropertyValueSpecification","valueRequired":true,"valueName":"search_term_string"}}],"inLanguage":"fr-FR"},{"@type":"Organization","@id":"https:\/\/saiga.es\/fr\/#organization","name":"SAIGA","url":"https:\/\/saiga.es\/fr\/","logo":{"@type":"ImageObject","inLanguage":"fr-FR","@id":"https:\/\/saiga.es\/fr\/#\/schema\/logo\/image\/","url":"https:\/\/saiga.es\/wp-content\/uploads\/2025\/07\/logo_saiga_baseline_optimitzat.svg","contentUrl":"https:\/\/saiga.es\/wp-content\/uploads\/2025\/07\/logo_saiga_baseline_optimitzat.svg","caption":"SAIGA"},"image":{"@id":"https:\/\/saiga.es\/fr\/#\/schema\/logo\/image\/"},"sameAs":["https:\/\/x.com\/saiga_agro","https:\/\/www.instagram.com\/saiga_agro\/"]}]}},"_links":{"self":[{"href":"https:\/\/saiga.es\/fr\/wp-json\/wp\/v2\/product\/7510","targetHints":{"allow":["GET"]}}],"collection":[{"href":"https:\/\/saiga.es\/fr\/wp-json\/wp\/v2\/product"}],"about":[{"href":"https:\/\/saiga.es\/fr\/wp-json\/wp\/v2\/types\/product"}],"replies":[{"embeddable":true,"href":"https:\/\/saiga.es\/fr\/wp-json\/wp\/v2\/comments?post=7510"}],"wp:featuredmedia":[{"embeddable":true,"href":"https:\/\/saiga.es\/fr\/wp-json\/wp\/v2\/media\/7511"}],"wp:attachment":[{"href":"https:\/\/saiga.es\/fr\/wp-json\/wp\/v2\/media?parent=7510"}],"wp:term":[{"taxonomy":"product_brand","embeddable":true,"href":"https:\/\/saiga.es\/fr\/wp-json\/wp\/v2\/product_brand?post=7510"},{"taxonomy":"product_cat","embeddable":true,"href":"https:\/\/saiga.es\/fr\/wp-json\/wp\/v2\/product_cat?post=7510"},{"taxonomy":"product_tag","embeddable":true,"href":"https:\/\/saiga.es\/fr\/wp-json\/wp\/v2\/product_tag?post=7510"}],"curies":[{"name":"wp","href":"https:\/\/api.w.org\/{rel}","templated":true}]}}