{"id":7512,"date":"2023-08-25T07:45:23","date_gmt":"2023-08-25T07:45:23","guid":{"rendered":"https:\/\/botiga.saiga.es\/producte\/barriere-blattanex-750-ccl\/"},"modified":"2023-08-25T07:45:23","modified_gmt":"2023-08-25T07:45:23","slug":"barriere-blattanex-750-ccl","status":"publish","type":"product","link":"https:\/\/saiga.es\/fr\/produit\/barriere-blattanex-750-ccl\/","title":{"rendered":"Barri\u00e8re Blattanex 750 ccl"},"content":{"rendered":"<p>Insecticide tr\u00e8s efficace avec un bon effet r\u00e9manent, il se pr\u00e9sente sous forme de liquide au pistolet qui s&rsquo;applique directement sans dilution.<\/p>\n<p>Blattanex Barrera est capable de lutter aussi bien contre les insectes volants (mouches, moustiques, gu\u00eapes, mites) que contre les insectes rampants (col\u00e9opt\u00e8res, punaises de lit, fourmis, puces, poux) dans tous types de b\u00e2timents et d&rsquo;installations.<\/p>\n<p>Il ne sent pas et ne tache pas.<\/p>\n","protected":false},"excerpt":{"rendered":"<p>Insecticide tr\u00e8s efficace avec un bon effet r\u00e9manent, il se pr\u00e9sente sous forme de liquide au pistolet qui s&rsquo;applique directement sans dilution. Blattanex Barrera est capable de lutter aussi bien contre les insectes volants (mouches, moustiques, gu\u00eapes, mites) que contre les insectes rampants (col\u00e9opt\u00e8res, punaises de lit, fourmis, puces, poux) dans tous types de b\u00e2timents&#8230;<\/p>\n","protected":false},"featured_media":10885,"comment_status":"closed","ping_status":"closed","template":"","meta":[],"product_brand":[],"product_cat":[445],"product_tag":[],"class_list":{"0":"post-7512","1":"product","2":"type-product","3":"status-publish","4":"has-post-thumbnail","6":"product_cat-insecticides-fr-2","8":"first","9":"instock","10":"taxable","11":"shipping-taxable","12":"purchasable","13":"product-type-simple"},"yoast_head":"<!-- This site is optimized with the Yoast SEO plugin v27.3 - https:\/\/yoast.com\/product\/yoast-seo-wordpress\/ -->\n<title>Barri\u00e8re Blattanex 750 ccl | SAIGA<\/title>\n<meta name=\"robots\" content=\"index, follow, max-snippet:-1, max-image-preview:large, max-video-preview:-1\" \/>\n<link rel=\"canonical\" href=\"https:\/\/saiga.es\/fr\/produit\/barriere-blattanex-750-ccl\/\" \/>\n<meta property=\"og:locale\" content=\"fr_FR\" \/>\n<meta property=\"og:type\" content=\"article\" \/>\n<meta property=\"og:title\" content=\"Barri\u00e8re Blattanex 750 ccl | SAIGA\" \/>\n<meta property=\"og:description\" content=\"Insecticide tr\u00e8s efficace avec un bon effet r\u00e9manent, il se pr\u00e9sente sous forme de liquide au pistolet qui s&rsquo;applique directement sans dilution. Blattanex Barrera est capable de lutter aussi bien contre les insectes volants (mouches, moustiques, gu\u00eapes, mites) que contre les insectes rampants (col\u00e9opt\u00e8res, punaises de lit, fourmis, puces, poux) dans tous types de b\u00e2timents...\" \/>\n<meta property=\"og:url\" content=\"https:\/\/saiga.es\/fr\/produit\/barriere-blattanex-750-ccl\/\" \/>\n<meta property=\"og:site_name\" content=\"SAIGA\" \/>\n<meta property=\"og:image\" content=\"https:\/\/saiga.es\/wp-content\/uploads\/2023\/08\/Blattanex-barrera.jpg\" \/>\n\t<meta property=\"og:image:width\" content=\"1080\" \/>\n\t<meta property=\"og:image:height\" content=\"1080\" \/>\n\t<meta property=\"og:image:type\" content=\"image\/jpeg\" \/>\n<meta name=\"twitter:card\" content=\"summary_large_image\" \/>\n<meta name=\"twitter:site\" content=\"@saiga_agro\" \/>\n<script type=\"application\/ld+json\" class=\"yoast-schema-graph\">{\"@context\":\"https:\\\/\\\/schema.org\",\"@graph\":[{\"@type\":\"WebPage\",\"@id\":\"https:\\\/\\\/saiga.es\\\/fr\\\/produit\\\/barriere-blattanex-750-ccl\\\/\",\"url\":\"https:\\\/\\\/saiga.es\\\/fr\\\/produit\\\/barriere-blattanex-750-ccl\\\/\",\"name\":\"Barri\u00e8re Blattanex 750 ccl | SAIGA\",\"isPartOf\":{\"@id\":\"https:\\\/\\\/saiga.es\\\/fr\\\/#website\"},\"primaryImageOfPage\":{\"@id\":\"https:\\\/\\\/saiga.es\\\/fr\\\/produit\\\/barriere-blattanex-750-ccl\\\/#primaryimage\"},\"image\":{\"@id\":\"https:\\\/\\\/saiga.es\\\/fr\\\/produit\\\/barriere-blattanex-750-ccl\\\/#primaryimage\"},\"thumbnailUrl\":\"https:\\\/\\\/saiga.es\\\/wp-content\\\/uploads\\\/2023\\\/08\\\/Blattanex-barrera.jpg\",\"datePublished\":\"2023-08-25T07:45:23+00:00\",\"breadcrumb\":{\"@id\":\"https:\\\/\\\/saiga.es\\\/fr\\\/produit\\\/barriere-blattanex-750-ccl\\\/#breadcrumb\"},\"inLanguage\":\"fr-FR\",\"potentialAction\":[{\"@type\":\"ReadAction\",\"target\":[\"https:\\\/\\\/saiga.es\\\/fr\\\/produit\\\/barriere-blattanex-750-ccl\\\/\"]}]},{\"@type\":\"ImageObject\",\"inLanguage\":\"fr-FR\",\"@id\":\"https:\\\/\\\/saiga.es\\\/fr\\\/produit\\\/barriere-blattanex-750-ccl\\\/#primaryimage\",\"url\":\"https:\\\/\\\/saiga.es\\\/wp-content\\\/uploads\\\/2023\\\/08\\\/Blattanex-barrera.jpg\",\"contentUrl\":\"https:\\\/\\\/saiga.es\\\/wp-content\\\/uploads\\\/2023\\\/08\\\/Blattanex-barrera.jpg\",\"width\":1080,\"height\":1080,\"caption\":\"Blattanex barrera\"},{\"@type\":\"BreadcrumbList\",\"@id\":\"https:\\\/\\\/saiga.es\\\/fr\\\/produit\\\/barriere-blattanex-750-ccl\\\/#breadcrumb\",\"itemListElement\":[{\"@type\":\"ListItem\",\"position\":1,\"name\":\"Inici\",\"item\":\"https:\\\/\\\/saiga.es\\\/fr\\\/\"},{\"@type\":\"ListItem\",\"position\":2,\"name\":\"boutique\",\"item\":\"https:\\\/\\\/saiga.es\\\/fr\\\/boutique\\\/\"},{\"@type\":\"ListItem\",\"position\":3,\"name\":\"Barri\u00e8re Blattanex 750 ccl\"}]},{\"@type\":\"WebSite\",\"@id\":\"https:\\\/\\\/saiga.es\\\/fr\\\/#website\",\"url\":\"https:\\\/\\\/saiga.es\\\/fr\\\/\",\"name\":\"SAIGA\",\"description\":\"M\u00e9s de 50 anys al servei de la terra i treballant per a un \u00fas eficient de l\u2019aigua!\",\"publisher\":{\"@id\":\"https:\\\/\\\/saiga.es\\\/fr\\\/#organization\"},\"potentialAction\":[{\"@type\":\"SearchAction\",\"target\":{\"@type\":\"EntryPoint\",\"urlTemplate\":\"https:\\\/\\\/saiga.es\\\/fr\\\/?s={search_term_string}\"},\"query-input\":{\"@type\":\"PropertyValueSpecification\",\"valueRequired\":true,\"valueName\":\"search_term_string\"}}],\"inLanguage\":\"fr-FR\"},{\"@type\":\"Organization\",\"@id\":\"https:\\\/\\\/saiga.es\\\/fr\\\/#organization\",\"name\":\"SAIGA\",\"url\":\"https:\\\/\\\/saiga.es\\\/fr\\\/\",\"logo\":{\"@type\":\"ImageObject\",\"inLanguage\":\"fr-FR\",\"@id\":\"https:\\\/\\\/saiga.es\\\/fr\\\/#\\\/schema\\\/logo\\\/image\\\/\",\"url\":\"https:\\\/\\\/saiga.es\\\/wp-content\\\/uploads\\\/2025\\\/07\\\/logo_saiga_baseline_optimitzat.svg\",\"contentUrl\":\"https:\\\/\\\/saiga.es\\\/wp-content\\\/uploads\\\/2025\\\/07\\\/logo_saiga_baseline_optimitzat.svg\",\"caption\":\"SAIGA\"},\"image\":{\"@id\":\"https:\\\/\\\/saiga.es\\\/fr\\\/#\\\/schema\\\/logo\\\/image\\\/\"},\"sameAs\":[\"https:\\\/\\\/x.com\\\/saiga_agro\",\"https:\\\/\\\/www.instagram.com\\\/saiga_agro\\\/\"]}]}<\/script>\n<!-- \/ Yoast SEO plugin. -->","yoast_head_json":{"title":"Barri\u00e8re Blattanex 750 ccl | SAIGA","robots":{"index":"index","follow":"follow","max-snippet":"max-snippet:-1","max-image-preview":"max-image-preview:large","max-video-preview":"max-video-preview:-1"},"canonical":"https:\/\/saiga.es\/fr\/produit\/barriere-blattanex-750-ccl\/","og_locale":"fr_FR","og_type":"article","og_title":"Barri\u00e8re Blattanex 750 ccl | SAIGA","og_description":"Insecticide tr\u00e8s efficace avec un bon effet r\u00e9manent, il se pr\u00e9sente sous forme de liquide au pistolet qui s&rsquo;applique directement sans dilution. Blattanex Barrera est capable de lutter aussi bien contre les insectes volants (mouches, moustiques, gu\u00eapes, mites) que contre les insectes rampants (col\u00e9opt\u00e8res, punaises de lit, fourmis, puces, poux) dans tous types de b\u00e2timents...","og_url":"https:\/\/saiga.es\/fr\/produit\/barriere-blattanex-750-ccl\/","og_site_name":"SAIGA","og_image":[{"width":1080,"height":1080,"url":"https:\/\/saiga.es\/wp-content\/uploads\/2023\/08\/Blattanex-barrera.jpg","type":"image\/jpeg"}],"twitter_card":"summary_large_image","twitter_site":"@saiga_agro","schema":{"@context":"https:\/\/schema.org","@graph":[{"@type":"WebPage","@id":"https:\/\/saiga.es\/fr\/produit\/barriere-blattanex-750-ccl\/","url":"https:\/\/saiga.es\/fr\/produit\/barriere-blattanex-750-ccl\/","name":"Barri\u00e8re Blattanex 750 ccl | SAIGA","isPartOf":{"@id":"https:\/\/saiga.es\/fr\/#website"},"primaryImageOfPage":{"@id":"https:\/\/saiga.es\/fr\/produit\/barriere-blattanex-750-ccl\/#primaryimage"},"image":{"@id":"https:\/\/saiga.es\/fr\/produit\/barriere-blattanex-750-ccl\/#primaryimage"},"thumbnailUrl":"https:\/\/saiga.es\/wp-content\/uploads\/2023\/08\/Blattanex-barrera.jpg","datePublished":"2023-08-25T07:45:23+00:00","breadcrumb":{"@id":"https:\/\/saiga.es\/fr\/produit\/barriere-blattanex-750-ccl\/#breadcrumb"},"inLanguage":"fr-FR","potentialAction":[{"@type":"ReadAction","target":["https:\/\/saiga.es\/fr\/produit\/barriere-blattanex-750-ccl\/"]}]},{"@type":"ImageObject","inLanguage":"fr-FR","@id":"https:\/\/saiga.es\/fr\/produit\/barriere-blattanex-750-ccl\/#primaryimage","url":"https:\/\/saiga.es\/wp-content\/uploads\/2023\/08\/Blattanex-barrera.jpg","contentUrl":"https:\/\/saiga.es\/wp-content\/uploads\/2023\/08\/Blattanex-barrera.jpg","width":1080,"height":1080,"caption":"Blattanex barrera"},{"@type":"BreadcrumbList","@id":"https:\/\/saiga.es\/fr\/produit\/barriere-blattanex-750-ccl\/#breadcrumb","itemListElement":[{"@type":"ListItem","position":1,"name":"Inici","item":"https:\/\/saiga.es\/fr\/"},{"@type":"ListItem","position":2,"name":"boutique","item":"https:\/\/saiga.es\/fr\/boutique\/"},{"@type":"ListItem","position":3,"name":"Barri\u00e8re Blattanex 750 ccl"}]},{"@type":"WebSite","@id":"https:\/\/saiga.es\/fr\/#website","url":"https:\/\/saiga.es\/fr\/","name":"SAIGA","description":"M\u00e9s de 50 anys al servei de la terra i treballant per a un \u00fas eficient de l\u2019aigua!","publisher":{"@id":"https:\/\/saiga.es\/fr\/#organization"},"potentialAction":[{"@type":"SearchAction","target":{"@type":"EntryPoint","urlTemplate":"https:\/\/saiga.es\/fr\/?s={search_term_string}"},"query-input":{"@type":"PropertyValueSpecification","valueRequired":true,"valueName":"search_term_string"}}],"inLanguage":"fr-FR"},{"@type":"Organization","@id":"https:\/\/saiga.es\/fr\/#organization","name":"SAIGA","url":"https:\/\/saiga.es\/fr\/","logo":{"@type":"ImageObject","inLanguage":"fr-FR","@id":"https:\/\/saiga.es\/fr\/#\/schema\/logo\/image\/","url":"https:\/\/saiga.es\/wp-content\/uploads\/2025\/07\/logo_saiga_baseline_optimitzat.svg","contentUrl":"https:\/\/saiga.es\/wp-content\/uploads\/2025\/07\/logo_saiga_baseline_optimitzat.svg","caption":"SAIGA"},"image":{"@id":"https:\/\/saiga.es\/fr\/#\/schema\/logo\/image\/"},"sameAs":["https:\/\/x.com\/saiga_agro","https:\/\/www.instagram.com\/saiga_agro\/"]}]}},"_links":{"self":[{"href":"https:\/\/saiga.es\/fr\/wp-json\/wp\/v2\/product\/7512","targetHints":{"allow":["GET"]}}],"collection":[{"href":"https:\/\/saiga.es\/fr\/wp-json\/wp\/v2\/product"}],"about":[{"href":"https:\/\/saiga.es\/fr\/wp-json\/wp\/v2\/types\/product"}],"replies":[{"embeddable":true,"href":"https:\/\/saiga.es\/fr\/wp-json\/wp\/v2\/comments?post=7512"}],"wp:featuredmedia":[{"embeddable":true,"href":"https:\/\/saiga.es\/fr\/wp-json\/wp\/v2\/media\/10885"}],"wp:attachment":[{"href":"https:\/\/saiga.es\/fr\/wp-json\/wp\/v2\/media?parent=7512"}],"wp:term":[{"taxonomy":"product_brand","embeddable":true,"href":"https:\/\/saiga.es\/fr\/wp-json\/wp\/v2\/product_brand?post=7512"},{"taxonomy":"product_cat","embeddable":true,"href":"https:\/\/saiga.es\/fr\/wp-json\/wp\/v2\/product_cat?post=7512"},{"taxonomy":"product_tag","embeddable":true,"href":"https:\/\/saiga.es\/fr\/wp-json\/wp\/v2\/product_tag?post=7512"}],"curies":[{"name":"wp","href":"https:\/\/api.w.org\/{rel}","templated":true}]}}