{"id":7516,"date":"2023-08-25T07:13:33","date_gmt":"2023-08-25T07:13:33","guid":{"rendered":"https:\/\/botiga.saiga.es\/producte\/triple-action-750-ml\/"},"modified":"2023-08-25T07:13:33","modified_gmt":"2023-08-25T07:13:33","slug":"triple-action-750-ml","status":"publish","type":"product","link":"https:\/\/saiga.es\/fr\/produit\/triple-action-750-ml\/","title":{"rendered":"Triple action 750 ml"},"content":{"rendered":"<p>Triple Action est un produit pour tous types de plantes \u00e0 fleurs, \u00e9vitant que le produit n&rsquo;entre en contact avec les p\u00e9tales.<\/p>\n<p>Il a une grande efficacit\u00e9 pour le traitement insecticide, fongicide et acaricide. \u00c9limine les insectes (pucerons, chenilles), les acariens et les champignons (o\u00efdium, rouille) qui causent des dommages et des maladies aux plantes.<\/p>\n<p>Convient \u00e0 la culture int\u00e9rieure et ext\u00e9rieure, de plantes ornementales, herbac\u00e9es et ligneuses.<\/p>\n<p>PR\u00c9CAUTIONS D&rsquo;EMPLOI<br \/>\n\u00c9vitez de traiter pendant les heures de forte chaleur.<br \/>\nNe pas appliquer directement sur les fleurs.<br \/>\n\u00c9vitez de traiter les plantes expos\u00e9es au soleil.<\/p>\n","protected":false},"excerpt":{"rendered":"<p>Triple Action est un produit pour tous types de plantes \u00e0 fleurs, \u00e9vitant que le produit n&rsquo;entre en contact avec les p\u00e9tales.<\/p>\n","protected":false},"featured_media":14715,"comment_status":"open","ping_status":"closed","template":"","meta":[],"product_brand":[],"product_cat":[445],"product_tag":[],"class_list":{"0":"post-7516","1":"product","2":"type-product","3":"status-publish","4":"has-post-thumbnail","6":"product_cat-insecticides-fr-2","8":"first","9":"instock","10":"taxable","11":"shipping-taxable","12":"purchasable","13":"product-type-simple"},"yoast_head":"<!-- This site is optimized with the Yoast SEO plugin v27.4 - https:\/\/yoast.com\/product\/yoast-seo-wordpress\/ -->\n<title>Triple action 750 ml | SAIGA<\/title>\n<meta name=\"description\" content=\"Triple Action est un produit pour tous types de plantes \u00e0 fleurs, \u00e9vitant que le produit n&#039;entre en contact avec les p\u00e9tales.\" \/>\n<meta name=\"robots\" content=\"index, follow, max-snippet:-1, max-image-preview:large, max-video-preview:-1\" \/>\n<link rel=\"canonical\" href=\"https:\/\/saiga.es\/fr\/produit\/triple-action-750-ml\/\" \/>\n<meta property=\"og:locale\" content=\"fr_FR\" \/>\n<meta property=\"og:type\" content=\"article\" \/>\n<meta property=\"og:title\" content=\"Triple action 750 ml | SAIGA\" \/>\n<meta property=\"og:description\" content=\"Triple Action est un produit pour tous types de plantes \u00e0 fleurs, \u00e9vitant que le produit n&#039;entre en contact avec les p\u00e9tales.\" \/>\n<meta property=\"og:url\" content=\"https:\/\/saiga.es\/fr\/produit\/triple-action-750-ml\/\" \/>\n<meta property=\"og:site_name\" content=\"SAIGA\" \/>\n<meta property=\"og:image\" content=\"https:\/\/saiga.es\/wp-content\/uploads\/2023\/08\/Triple-accion.jpg\" \/>\n\t<meta property=\"og:image:width\" content=\"1080\" \/>\n\t<meta property=\"og:image:height\" content=\"1080\" \/>\n\t<meta property=\"og:image:type\" content=\"image\/jpeg\" \/>\n<meta name=\"twitter:card\" content=\"summary_large_image\" \/>\n<meta name=\"twitter:site\" content=\"@saiga_agro\" \/>\n<script type=\"application\/ld+json\" class=\"yoast-schema-graph\">{\"@context\":\"https:\\\/\\\/schema.org\",\"@graph\":[{\"@type\":\"WebPage\",\"@id\":\"https:\\\/\\\/saiga.es\\\/fr\\\/produit\\\/triple-action-750-ml\\\/\",\"url\":\"https:\\\/\\\/saiga.es\\\/fr\\\/produit\\\/triple-action-750-ml\\\/\",\"name\":\"Triple action 750 ml | SAIGA\",\"isPartOf\":{\"@id\":\"https:\\\/\\\/saiga.es\\\/fr\\\/#website\"},\"primaryImageOfPage\":{\"@id\":\"https:\\\/\\\/saiga.es\\\/fr\\\/produit\\\/triple-action-750-ml\\\/#primaryimage\"},\"image\":{\"@id\":\"https:\\\/\\\/saiga.es\\\/fr\\\/produit\\\/triple-action-750-ml\\\/#primaryimage\"},\"thumbnailUrl\":\"https:\\\/\\\/saiga.es\\\/wp-content\\\/uploads\\\/2023\\\/08\\\/Triple-accion.jpg\",\"datePublished\":\"2023-08-25T07:13:33+00:00\",\"description\":\"Triple Action est un produit pour tous types de plantes \u00e0 fleurs, \u00e9vitant que le produit n'entre en contact avec les p\u00e9tales.\",\"breadcrumb\":{\"@id\":\"https:\\\/\\\/saiga.es\\\/fr\\\/produit\\\/triple-action-750-ml\\\/#breadcrumb\"},\"inLanguage\":\"fr-FR\",\"potentialAction\":[{\"@type\":\"ReadAction\",\"target\":[\"https:\\\/\\\/saiga.es\\\/fr\\\/produit\\\/triple-action-750-ml\\\/\"]}]},{\"@type\":\"ImageObject\",\"inLanguage\":\"fr-FR\",\"@id\":\"https:\\\/\\\/saiga.es\\\/fr\\\/produit\\\/triple-action-750-ml\\\/#primaryimage\",\"url\":\"https:\\\/\\\/saiga.es\\\/wp-content\\\/uploads\\\/2023\\\/08\\\/Triple-accion.jpg\",\"contentUrl\":\"https:\\\/\\\/saiga.es\\\/wp-content\\\/uploads\\\/2023\\\/08\\\/Triple-accion.jpg\",\"width\":1080,\"height\":1080,\"caption\":\"Triple acci\u00f3n Vithal\"},{\"@type\":\"BreadcrumbList\",\"@id\":\"https:\\\/\\\/saiga.es\\\/fr\\\/produit\\\/triple-action-750-ml\\\/#breadcrumb\",\"itemListElement\":[{\"@type\":\"ListItem\",\"position\":1,\"name\":\"Inici\",\"item\":\"https:\\\/\\\/saiga.es\\\/fr\\\/\"},{\"@type\":\"ListItem\",\"position\":2,\"name\":\"boutique\",\"item\":\"https:\\\/\\\/saiga.es\\\/fr\\\/boutique\\\/\"},{\"@type\":\"ListItem\",\"position\":3,\"name\":\"Triple action 750 ml\"}]},{\"@type\":\"WebSite\",\"@id\":\"https:\\\/\\\/saiga.es\\\/fr\\\/#website\",\"url\":\"https:\\\/\\\/saiga.es\\\/fr\\\/\",\"name\":\"SAIGA\",\"description\":\"M\u00e9s de 50 anys al servei de la terra i treballant per a un \u00fas eficient de l\u2019aigua!\",\"publisher\":{\"@id\":\"https:\\\/\\\/saiga.es\\\/fr\\\/#organization\"},\"potentialAction\":[{\"@type\":\"SearchAction\",\"target\":{\"@type\":\"EntryPoint\",\"urlTemplate\":\"https:\\\/\\\/saiga.es\\\/fr\\\/?s={search_term_string}\"},\"query-input\":{\"@type\":\"PropertyValueSpecification\",\"valueRequired\":true,\"valueName\":\"search_term_string\"}}],\"inLanguage\":\"fr-FR\"},{\"@type\":\"Organization\",\"@id\":\"https:\\\/\\\/saiga.es\\\/fr\\\/#organization\",\"name\":\"SAIGA\",\"url\":\"https:\\\/\\\/saiga.es\\\/fr\\\/\",\"logo\":{\"@type\":\"ImageObject\",\"inLanguage\":\"fr-FR\",\"@id\":\"https:\\\/\\\/saiga.es\\\/fr\\\/#\\\/schema\\\/logo\\\/image\\\/\",\"url\":\"https:\\\/\\\/saiga.es\\\/wp-content\\\/uploads\\\/2025\\\/07\\\/logo_saiga_baseline_optimitzat.svg\",\"contentUrl\":\"https:\\\/\\\/saiga.es\\\/wp-content\\\/uploads\\\/2025\\\/07\\\/logo_saiga_baseline_optimitzat.svg\",\"caption\":\"SAIGA\"},\"image\":{\"@id\":\"https:\\\/\\\/saiga.es\\\/fr\\\/#\\\/schema\\\/logo\\\/image\\\/\"},\"sameAs\":[\"https:\\\/\\\/x.com\\\/saiga_agro\",\"https:\\\/\\\/www.instagram.com\\\/saiga_agro\\\/\"]}]}<\/script>\n<!-- \/ Yoast SEO plugin. -->","yoast_head_json":{"title":"Triple action 750 ml | SAIGA","description":"Triple Action est un produit pour tous types de plantes \u00e0 fleurs, \u00e9vitant que le produit n'entre en contact avec les p\u00e9tales.","robots":{"index":"index","follow":"follow","max-snippet":"max-snippet:-1","max-image-preview":"max-image-preview:large","max-video-preview":"max-video-preview:-1"},"canonical":"https:\/\/saiga.es\/fr\/produit\/triple-action-750-ml\/","og_locale":"fr_FR","og_type":"article","og_title":"Triple action 750 ml | SAIGA","og_description":"Triple Action est un produit pour tous types de plantes \u00e0 fleurs, \u00e9vitant que le produit n'entre en contact avec les p\u00e9tales.","og_url":"https:\/\/saiga.es\/fr\/produit\/triple-action-750-ml\/","og_site_name":"SAIGA","og_image":[{"width":1080,"height":1080,"url":"https:\/\/saiga.es\/wp-content\/uploads\/2023\/08\/Triple-accion.jpg","type":"image\/jpeg"}],"twitter_card":"summary_large_image","twitter_site":"@saiga_agro","schema":{"@context":"https:\/\/schema.org","@graph":[{"@type":"WebPage","@id":"https:\/\/saiga.es\/fr\/produit\/triple-action-750-ml\/","url":"https:\/\/saiga.es\/fr\/produit\/triple-action-750-ml\/","name":"Triple action 750 ml | SAIGA","isPartOf":{"@id":"https:\/\/saiga.es\/fr\/#website"},"primaryImageOfPage":{"@id":"https:\/\/saiga.es\/fr\/produit\/triple-action-750-ml\/#primaryimage"},"image":{"@id":"https:\/\/saiga.es\/fr\/produit\/triple-action-750-ml\/#primaryimage"},"thumbnailUrl":"https:\/\/saiga.es\/wp-content\/uploads\/2023\/08\/Triple-accion.jpg","datePublished":"2023-08-25T07:13:33+00:00","description":"Triple Action est un produit pour tous types de plantes \u00e0 fleurs, \u00e9vitant que le produit n'entre en contact avec les p\u00e9tales.","breadcrumb":{"@id":"https:\/\/saiga.es\/fr\/produit\/triple-action-750-ml\/#breadcrumb"},"inLanguage":"fr-FR","potentialAction":[{"@type":"ReadAction","target":["https:\/\/saiga.es\/fr\/produit\/triple-action-750-ml\/"]}]},{"@type":"ImageObject","inLanguage":"fr-FR","@id":"https:\/\/saiga.es\/fr\/produit\/triple-action-750-ml\/#primaryimage","url":"https:\/\/saiga.es\/wp-content\/uploads\/2023\/08\/Triple-accion.jpg","contentUrl":"https:\/\/saiga.es\/wp-content\/uploads\/2023\/08\/Triple-accion.jpg","width":1080,"height":1080,"caption":"Triple acci\u00f3n Vithal"},{"@type":"BreadcrumbList","@id":"https:\/\/saiga.es\/fr\/produit\/triple-action-750-ml\/#breadcrumb","itemListElement":[{"@type":"ListItem","position":1,"name":"Inici","item":"https:\/\/saiga.es\/fr\/"},{"@type":"ListItem","position":2,"name":"boutique","item":"https:\/\/saiga.es\/fr\/boutique\/"},{"@type":"ListItem","position":3,"name":"Triple action 750 ml"}]},{"@type":"WebSite","@id":"https:\/\/saiga.es\/fr\/#website","url":"https:\/\/saiga.es\/fr\/","name":"SAIGA","description":"M\u00e9s de 50 anys al servei de la terra i treballant per a un \u00fas eficient de l\u2019aigua!","publisher":{"@id":"https:\/\/saiga.es\/fr\/#organization"},"potentialAction":[{"@type":"SearchAction","target":{"@type":"EntryPoint","urlTemplate":"https:\/\/saiga.es\/fr\/?s={search_term_string}"},"query-input":{"@type":"PropertyValueSpecification","valueRequired":true,"valueName":"search_term_string"}}],"inLanguage":"fr-FR"},{"@type":"Organization","@id":"https:\/\/saiga.es\/fr\/#organization","name":"SAIGA","url":"https:\/\/saiga.es\/fr\/","logo":{"@type":"ImageObject","inLanguage":"fr-FR","@id":"https:\/\/saiga.es\/fr\/#\/schema\/logo\/image\/","url":"https:\/\/saiga.es\/wp-content\/uploads\/2025\/07\/logo_saiga_baseline_optimitzat.svg","contentUrl":"https:\/\/saiga.es\/wp-content\/uploads\/2025\/07\/logo_saiga_baseline_optimitzat.svg","caption":"SAIGA"},"image":{"@id":"https:\/\/saiga.es\/fr\/#\/schema\/logo\/image\/"},"sameAs":["https:\/\/x.com\/saiga_agro","https:\/\/www.instagram.com\/saiga_agro\/"]}]}},"_links":{"self":[{"href":"https:\/\/saiga.es\/fr\/wp-json\/wp\/v2\/product\/7516","targetHints":{"allow":["GET"]}}],"collection":[{"href":"https:\/\/saiga.es\/fr\/wp-json\/wp\/v2\/product"}],"about":[{"href":"https:\/\/saiga.es\/fr\/wp-json\/wp\/v2\/types\/product"}],"replies":[{"embeddable":true,"href":"https:\/\/saiga.es\/fr\/wp-json\/wp\/v2\/comments?post=7516"}],"wp:featuredmedia":[{"embeddable":true,"href":"https:\/\/saiga.es\/fr\/wp-json\/wp\/v2\/media\/14715"}],"wp:attachment":[{"href":"https:\/\/saiga.es\/fr\/wp-json\/wp\/v2\/media?parent=7516"}],"wp:term":[{"taxonomy":"product_brand","embeddable":true,"href":"https:\/\/saiga.es\/fr\/wp-json\/wp\/v2\/product_brand?post=7516"},{"taxonomy":"product_cat","embeddable":true,"href":"https:\/\/saiga.es\/fr\/wp-json\/wp\/v2\/product_cat?post=7516"},{"taxonomy":"product_tag","embeddable":true,"href":"https:\/\/saiga.es\/fr\/wp-json\/wp\/v2\/product_tag?post=7516"}],"curies":[{"name":"wp","href":"https:\/\/api.w.org\/{rel}","templated":true}]}}