{"id":7529,"date":"2023-11-16T12:35:27","date_gmt":"2023-11-16T12:35:27","guid":{"rendered":"https:\/\/botiga.saiga.es\/producte\/pointe-en-polyethylene-de-16-mm-de-diametre-et-1-2-pouce\/"},"modified":"2024-05-22T11:30:13","modified_gmt":"2024-05-22T11:30:13","slug":"pointe-en-polyethylene-de-16-mm-de-diametre-et-1-2-pouce","status":"publish","type":"product","link":"https:\/\/saiga.es\/fr\/produit\/pointe-en-polyethylene-de-16-mm-de-diametre-et-1-2-pouce\/","title":{"rendered":"Pointe en poly\u00e9thyl\u00e8ne de 16 mm de diam\u00e8tre et 1\/2 pouce"},"content":{"rendered":"<p>Robinet filet\u00e9 en poly\u00e9thyl\u00e8ne d&rsquo;un demi-pouce. Pi\u00e8ce utilis\u00e9e dans l&rsquo;installation de tuyaux en poly\u00e9thyl\u00e8ne dans les syst\u00e8mes d&rsquo;irrigation ou d&rsquo;autres applications. Il s&rsquo;agit d&rsquo;une pi\u00e8ce allong\u00e9e avec une extr\u00e9mit\u00e9 en forme de sommet qui sert \u00e0 relier deux parties du tuyau ou \u00e0 cr\u00e9er une connexion avec un autre composant du syst\u00e8me. Il peut \u00eatre filet\u00e9 ou avoir une extr\u00e9mit\u00e9 qui s&rsquo;ins\u00e8re dans le tube. Les filetages d&rsquo;un demi-pouce sont courants dans les composants et raccords de plomberie et font r\u00e9f\u00e9rence au type de filetage qui s&rsquo;adapte \u00e0 un filetage d&rsquo;un demi-pouce (environ 1,27 centim\u00e8tres).<\/p>\n","protected":false},"excerpt":{"rendered":"<p>Robinet filet\u00e9 en poly\u00e9thyl\u00e8ne d&rsquo;un demi-pouce. Pi\u00e8ce utilis\u00e9e dans l&rsquo;installation de tuyaux en poly\u00e9thyl\u00e8ne dans les syst\u00e8mes d&rsquo;irrigation ou d&rsquo;autres applications. Il s&rsquo;agit d&rsquo;une pi\u00e8ce allong\u00e9e avec une extr\u00e9mit\u00e9 en forme de sommet qui sert \u00e0 relier deux parties du tuyau ou \u00e0 cr\u00e9er une connexion avec un autre composant du syst\u00e8me. Il peut \u00eatre&#8230;<\/p>\n","protected":false},"featured_media":7530,"comment_status":"closed","ping_status":"closed","template":"","meta":[],"product_brand":[],"product_cat":[1447],"product_tag":[],"class_list":{"0":"post-7529","1":"product","2":"type-product","3":"status-publish","4":"has-post-thumbnail","6":"product_cat-tuyaux-et-accessoires-dirrigation","8":"first","9":"instock","10":"sale","11":"taxable","12":"shipping-taxable","13":"purchasable","14":"product-type-simple"},"yoast_head":"<!-- This site is optimized with the Yoast SEO plugin v27.4 - https:\/\/yoast.com\/product\/yoast-seo-wordpress\/ -->\n<title>Pointe en poly\u00e9thyl\u00e8ne de 16 mm de diam\u00e8tre et 1\/2 pouce | SAIGA<\/title>\n<meta name=\"robots\" content=\"index, follow, max-snippet:-1, max-image-preview:large, max-video-preview:-1\" \/>\n<link rel=\"canonical\" href=\"https:\/\/saiga.es\/fr\/produit\/pointe-en-polyethylene-de-16-mm-de-diametre-et-1-2-pouce\/\" \/>\n<meta property=\"og:locale\" content=\"fr_FR\" \/>\n<meta property=\"og:type\" content=\"article\" \/>\n<meta property=\"og:title\" content=\"Pointe en poly\u00e9thyl\u00e8ne de 16 mm de diam\u00e8tre et 1\/2 pouce | SAIGA\" \/>\n<meta property=\"og:description\" content=\"Robinet filet\u00e9 en poly\u00e9thyl\u00e8ne d&rsquo;un demi-pouce. Pi\u00e8ce utilis\u00e9e dans l&rsquo;installation de tuyaux en poly\u00e9thyl\u00e8ne dans les syst\u00e8mes d&rsquo;irrigation ou d&rsquo;autres applications. Il s&rsquo;agit d&rsquo;une pi\u00e8ce allong\u00e9e avec une extr\u00e9mit\u00e9 en forme de sommet qui sert \u00e0 relier deux parties du tuyau ou \u00e0 cr\u00e9er une connexion avec un autre composant du syst\u00e8me. Il peut \u00eatre...\" \/>\n<meta property=\"og:url\" content=\"https:\/\/saiga.es\/fr\/produit\/pointe-en-polyethylene-de-16-mm-de-diametre-et-1-2-pouce\/\" \/>\n<meta property=\"og:site_name\" content=\"SAIGA\" \/>\n<meta property=\"article:modified_time\" content=\"2024-05-22T11:30:13+00:00\" \/>\n<meta property=\"og:image\" content=\"https:\/\/saiga.es\/wp-content\/uploads\/2023\/11\/espiga-PE.jpg\" \/>\n\t<meta property=\"og:image:width\" content=\"1415\" \/>\n\t<meta property=\"og:image:height\" content=\"1887\" \/>\n\t<meta property=\"og:image:type\" content=\"image\/jpeg\" \/>\n<meta name=\"twitter:card\" content=\"summary_large_image\" \/>\n<meta name=\"twitter:site\" content=\"@saiga_agro\" \/>\n<meta name=\"twitter:label1\" content=\"Dur\u00e9e de lecture estim\u00e9e\" \/>\n\t<meta name=\"twitter:data1\" content=\"1 minute\" \/>\n<script type=\"application\/ld+json\" class=\"yoast-schema-graph\">{\"@context\":\"https:\\\/\\\/schema.org\",\"@graph\":[{\"@type\":\"WebPage\",\"@id\":\"https:\\\/\\\/saiga.es\\\/fr\\\/produit\\\/pointe-en-polyethylene-de-16-mm-de-diametre-et-1-2-pouce\\\/\",\"url\":\"https:\\\/\\\/saiga.es\\\/fr\\\/produit\\\/pointe-en-polyethylene-de-16-mm-de-diametre-et-1-2-pouce\\\/\",\"name\":\"Pointe en poly\u00e9thyl\u00e8ne de 16 mm de diam\u00e8tre et 1\\\/2 pouce | SAIGA\",\"isPartOf\":{\"@id\":\"https:\\\/\\\/saiga.es\\\/fr\\\/#website\"},\"primaryImageOfPage\":{\"@id\":\"https:\\\/\\\/saiga.es\\\/fr\\\/produit\\\/pointe-en-polyethylene-de-16-mm-de-diametre-et-1-2-pouce\\\/#primaryimage\"},\"image\":{\"@id\":\"https:\\\/\\\/saiga.es\\\/fr\\\/produit\\\/pointe-en-polyethylene-de-16-mm-de-diametre-et-1-2-pouce\\\/#primaryimage\"},\"thumbnailUrl\":\"https:\\\/\\\/saiga.es\\\/wp-content\\\/uploads\\\/2023\\\/11\\\/espiga-PE.jpg\",\"datePublished\":\"2023-11-16T12:35:27+00:00\",\"dateModified\":\"2024-05-22T11:30:13+00:00\",\"breadcrumb\":{\"@id\":\"https:\\\/\\\/saiga.es\\\/fr\\\/produit\\\/pointe-en-polyethylene-de-16-mm-de-diametre-et-1-2-pouce\\\/#breadcrumb\"},\"inLanguage\":\"fr-FR\",\"potentialAction\":[{\"@type\":\"ReadAction\",\"target\":[\"https:\\\/\\\/saiga.es\\\/fr\\\/produit\\\/pointe-en-polyethylene-de-16-mm-de-diametre-et-1-2-pouce\\\/\"]}]},{\"@type\":\"ImageObject\",\"inLanguage\":\"fr-FR\",\"@id\":\"https:\\\/\\\/saiga.es\\\/fr\\\/produit\\\/pointe-en-polyethylene-de-16-mm-de-diametre-et-1-2-pouce\\\/#primaryimage\",\"url\":\"https:\\\/\\\/saiga.es\\\/wp-content\\\/uploads\\\/2023\\\/11\\\/espiga-PE.jpg\",\"contentUrl\":\"https:\\\/\\\/saiga.es\\\/wp-content\\\/uploads\\\/2023\\\/11\\\/espiga-PE.jpg\",\"width\":1415,\"height\":1887},{\"@type\":\"BreadcrumbList\",\"@id\":\"https:\\\/\\\/saiga.es\\\/fr\\\/produit\\\/pointe-en-polyethylene-de-16-mm-de-diametre-et-1-2-pouce\\\/#breadcrumb\",\"itemListElement\":[{\"@type\":\"ListItem\",\"position\":1,\"name\":\"Inici\",\"item\":\"https:\\\/\\\/saiga.es\\\/fr\\\/\"},{\"@type\":\"ListItem\",\"position\":2,\"name\":\"boutique\",\"item\":\"https:\\\/\\\/saiga.es\\\/fr\\\/boutique\\\/\"},{\"@type\":\"ListItem\",\"position\":3,\"name\":\"Pointe en poly\u00e9thyl\u00e8ne de 16 mm de diam\u00e8tre et 1\\\/2 pouce\"}]},{\"@type\":\"WebSite\",\"@id\":\"https:\\\/\\\/saiga.es\\\/fr\\\/#website\",\"url\":\"https:\\\/\\\/saiga.es\\\/fr\\\/\",\"name\":\"SAIGA\",\"description\":\"M\u00e9s de 50 anys al servei de la terra i treballant per a un \u00fas eficient de l\u2019aigua!\",\"publisher\":{\"@id\":\"https:\\\/\\\/saiga.es\\\/fr\\\/#organization\"},\"potentialAction\":[{\"@type\":\"SearchAction\",\"target\":{\"@type\":\"EntryPoint\",\"urlTemplate\":\"https:\\\/\\\/saiga.es\\\/fr\\\/?s={search_term_string}\"},\"query-input\":{\"@type\":\"PropertyValueSpecification\",\"valueRequired\":true,\"valueName\":\"search_term_string\"}}],\"inLanguage\":\"fr-FR\"},{\"@type\":\"Organization\",\"@id\":\"https:\\\/\\\/saiga.es\\\/fr\\\/#organization\",\"name\":\"SAIGA\",\"url\":\"https:\\\/\\\/saiga.es\\\/fr\\\/\",\"logo\":{\"@type\":\"ImageObject\",\"inLanguage\":\"fr-FR\",\"@id\":\"https:\\\/\\\/saiga.es\\\/fr\\\/#\\\/schema\\\/logo\\\/image\\\/\",\"url\":\"https:\\\/\\\/saiga.es\\\/wp-content\\\/uploads\\\/2025\\\/07\\\/logo_saiga_baseline_optimitzat.svg\",\"contentUrl\":\"https:\\\/\\\/saiga.es\\\/wp-content\\\/uploads\\\/2025\\\/07\\\/logo_saiga_baseline_optimitzat.svg\",\"caption\":\"SAIGA\"},\"image\":{\"@id\":\"https:\\\/\\\/saiga.es\\\/fr\\\/#\\\/schema\\\/logo\\\/image\\\/\"},\"sameAs\":[\"https:\\\/\\\/x.com\\\/saiga_agro\",\"https:\\\/\\\/www.instagram.com\\\/saiga_agro\\\/\"]}]}<\/script>\n<!-- \/ Yoast SEO plugin. -->","yoast_head_json":{"title":"Pointe en poly\u00e9thyl\u00e8ne de 16 mm de diam\u00e8tre et 1\/2 pouce | SAIGA","robots":{"index":"index","follow":"follow","max-snippet":"max-snippet:-1","max-image-preview":"max-image-preview:large","max-video-preview":"max-video-preview:-1"},"canonical":"https:\/\/saiga.es\/fr\/produit\/pointe-en-polyethylene-de-16-mm-de-diametre-et-1-2-pouce\/","og_locale":"fr_FR","og_type":"article","og_title":"Pointe en poly\u00e9thyl\u00e8ne de 16 mm de diam\u00e8tre et 1\/2 pouce | SAIGA","og_description":"Robinet filet\u00e9 en poly\u00e9thyl\u00e8ne d&rsquo;un demi-pouce. Pi\u00e8ce utilis\u00e9e dans l&rsquo;installation de tuyaux en poly\u00e9thyl\u00e8ne dans les syst\u00e8mes d&rsquo;irrigation ou d&rsquo;autres applications. Il s&rsquo;agit d&rsquo;une pi\u00e8ce allong\u00e9e avec une extr\u00e9mit\u00e9 en forme de sommet qui sert \u00e0 relier deux parties du tuyau ou \u00e0 cr\u00e9er une connexion avec un autre composant du syst\u00e8me. Il peut \u00eatre...","og_url":"https:\/\/saiga.es\/fr\/produit\/pointe-en-polyethylene-de-16-mm-de-diametre-et-1-2-pouce\/","og_site_name":"SAIGA","article_modified_time":"2024-05-22T11:30:13+00:00","og_image":[{"width":1415,"height":1887,"url":"https:\/\/saiga.es\/wp-content\/uploads\/2023\/11\/espiga-PE.jpg","type":"image\/jpeg"}],"twitter_card":"summary_large_image","twitter_site":"@saiga_agro","twitter_misc":{"Dur\u00e9e de lecture estim\u00e9e":"1 minute"},"schema":{"@context":"https:\/\/schema.org","@graph":[{"@type":"WebPage","@id":"https:\/\/saiga.es\/fr\/produit\/pointe-en-polyethylene-de-16-mm-de-diametre-et-1-2-pouce\/","url":"https:\/\/saiga.es\/fr\/produit\/pointe-en-polyethylene-de-16-mm-de-diametre-et-1-2-pouce\/","name":"Pointe en poly\u00e9thyl\u00e8ne de 16 mm de diam\u00e8tre et 1\/2 pouce | SAIGA","isPartOf":{"@id":"https:\/\/saiga.es\/fr\/#website"},"primaryImageOfPage":{"@id":"https:\/\/saiga.es\/fr\/produit\/pointe-en-polyethylene-de-16-mm-de-diametre-et-1-2-pouce\/#primaryimage"},"image":{"@id":"https:\/\/saiga.es\/fr\/produit\/pointe-en-polyethylene-de-16-mm-de-diametre-et-1-2-pouce\/#primaryimage"},"thumbnailUrl":"https:\/\/saiga.es\/wp-content\/uploads\/2023\/11\/espiga-PE.jpg","datePublished":"2023-11-16T12:35:27+00:00","dateModified":"2024-05-22T11:30:13+00:00","breadcrumb":{"@id":"https:\/\/saiga.es\/fr\/produit\/pointe-en-polyethylene-de-16-mm-de-diametre-et-1-2-pouce\/#breadcrumb"},"inLanguage":"fr-FR","potentialAction":[{"@type":"ReadAction","target":["https:\/\/saiga.es\/fr\/produit\/pointe-en-polyethylene-de-16-mm-de-diametre-et-1-2-pouce\/"]}]},{"@type":"ImageObject","inLanguage":"fr-FR","@id":"https:\/\/saiga.es\/fr\/produit\/pointe-en-polyethylene-de-16-mm-de-diametre-et-1-2-pouce\/#primaryimage","url":"https:\/\/saiga.es\/wp-content\/uploads\/2023\/11\/espiga-PE.jpg","contentUrl":"https:\/\/saiga.es\/wp-content\/uploads\/2023\/11\/espiga-PE.jpg","width":1415,"height":1887},{"@type":"BreadcrumbList","@id":"https:\/\/saiga.es\/fr\/produit\/pointe-en-polyethylene-de-16-mm-de-diametre-et-1-2-pouce\/#breadcrumb","itemListElement":[{"@type":"ListItem","position":1,"name":"Inici","item":"https:\/\/saiga.es\/fr\/"},{"@type":"ListItem","position":2,"name":"boutique","item":"https:\/\/saiga.es\/fr\/boutique\/"},{"@type":"ListItem","position":3,"name":"Pointe en poly\u00e9thyl\u00e8ne de 16 mm de diam\u00e8tre et 1\/2 pouce"}]},{"@type":"WebSite","@id":"https:\/\/saiga.es\/fr\/#website","url":"https:\/\/saiga.es\/fr\/","name":"SAIGA","description":"M\u00e9s de 50 anys al servei de la terra i treballant per a un \u00fas eficient de l\u2019aigua!","publisher":{"@id":"https:\/\/saiga.es\/fr\/#organization"},"potentialAction":[{"@type":"SearchAction","target":{"@type":"EntryPoint","urlTemplate":"https:\/\/saiga.es\/fr\/?s={search_term_string}"},"query-input":{"@type":"PropertyValueSpecification","valueRequired":true,"valueName":"search_term_string"}}],"inLanguage":"fr-FR"},{"@type":"Organization","@id":"https:\/\/saiga.es\/fr\/#organization","name":"SAIGA","url":"https:\/\/saiga.es\/fr\/","logo":{"@type":"ImageObject","inLanguage":"fr-FR","@id":"https:\/\/saiga.es\/fr\/#\/schema\/logo\/image\/","url":"https:\/\/saiga.es\/wp-content\/uploads\/2025\/07\/logo_saiga_baseline_optimitzat.svg","contentUrl":"https:\/\/saiga.es\/wp-content\/uploads\/2025\/07\/logo_saiga_baseline_optimitzat.svg","caption":"SAIGA"},"image":{"@id":"https:\/\/saiga.es\/fr\/#\/schema\/logo\/image\/"},"sameAs":["https:\/\/x.com\/saiga_agro","https:\/\/www.instagram.com\/saiga_agro\/"]}]}},"_links":{"self":[{"href":"https:\/\/saiga.es\/fr\/wp-json\/wp\/v2\/product\/7529","targetHints":{"allow":["GET"]}}],"collection":[{"href":"https:\/\/saiga.es\/fr\/wp-json\/wp\/v2\/product"}],"about":[{"href":"https:\/\/saiga.es\/fr\/wp-json\/wp\/v2\/types\/product"}],"replies":[{"embeddable":true,"href":"https:\/\/saiga.es\/fr\/wp-json\/wp\/v2\/comments?post=7529"}],"wp:featuredmedia":[{"embeddable":true,"href":"https:\/\/saiga.es\/fr\/wp-json\/wp\/v2\/media\/7530"}],"wp:attachment":[{"href":"https:\/\/saiga.es\/fr\/wp-json\/wp\/v2\/media?parent=7529"}],"wp:term":[{"taxonomy":"product_brand","embeddable":true,"href":"https:\/\/saiga.es\/fr\/wp-json\/wp\/v2\/product_brand?post=7529"},{"taxonomy":"product_cat","embeddable":true,"href":"https:\/\/saiga.es\/fr\/wp-json\/wp\/v2\/product_cat?post=7529"},{"taxonomy":"product_tag","embeddable":true,"href":"https:\/\/saiga.es\/fr\/wp-json\/wp\/v2\/product_tag?post=7529"}],"curies":[{"name":"wp","href":"https:\/\/api.w.org\/{rel}","templated":true}]}}