{"id":7533,"date":"2023-11-16T13:18:53","date_gmt":"2023-11-16T13:18:53","guid":{"rendered":"https:\/\/botiga.saiga.es\/producte\/pointe-en-polyethylene-dun-diametre-de-16-mm-et-1-2-pouce-de-compression\/"},"modified":"2023-11-16T13:18:53","modified_gmt":"2023-11-16T13:18:53","slug":"pointe-en-polyethylene-dun-diametre-de-16-mm-et-1-2-pouce-de-compression","status":"publish","type":"product","link":"https:\/\/saiga.es\/fr\/produit\/pointe-en-polyethylene-dun-diametre-de-16-mm-et-1-2-pouce-de-compression\/","title":{"rendered":"Pointe en poly\u00e9thyl\u00e8ne d&rsquo;un diam\u00e8tre de 16 mm et 1\/2 pouce de compression"},"content":{"rendered":"<p>Un robinet en poly\u00e9thyl\u00e8ne est une pi\u00e8ce sp\u00e9cialement con\u00e7ue pour connecter des tuyaux en poly\u00e9thyl\u00e8ne d&rsquo;un diam\u00e8tre ext\u00e9rieur de 16 mm \u00e0 l&rsquo;aide d&rsquo;un raccord \u00e0 compression d&rsquo;un demi-pouce. Il peut \u00eatre utilis\u00e9 dans les syst\u00e8mes d&rsquo;irrigation ou dans d&rsquo;autres applications o\u00f9 ce type de connexion est n\u00e9cessaire.<\/p>\n","protected":false},"excerpt":{"rendered":"<p>Robinet en poly\u00e9thyl\u00e8ne d&rsquo;un diam\u00e8tre ext\u00e9rieur de 16 mm avec un raccord \u00e0 compression de 1\/2 pouce.<\/p>\n","protected":false},"featured_media":7534,"comment_status":"closed","ping_status":"closed","template":"","meta":[],"product_brand":[],"product_cat":[1447],"product_tag":[],"class_list":{"0":"post-7533","1":"product","2":"type-product","3":"status-publish","4":"has-post-thumbnail","6":"product_cat-tuyaux-et-accessoires-dirrigation","8":"first","9":"instock","10":"sale","11":"taxable","12":"shipping-taxable","13":"purchasable","14":"product-type-simple"},"yoast_head":"<!-- This site is optimized with the Yoast SEO plugin v27.4 - https:\/\/yoast.com\/product\/yoast-seo-wordpress\/ -->\n<title>Pointe en poly\u00e9thyl\u00e8ne d&#039;un diam\u00e8tre de 16 mm et 1\/2 pouce de compression | SAIGA<\/title>\n<meta name=\"description\" content=\"Pi\u00e8ce sp\u00e9cialement con\u00e7ue pour raccorder des tuyaux en poly\u00e9thyl\u00e8ne d&#039;un diam\u00e8tre ext\u00e9rieur de 16 mm \u00e0 l&#039;aide d&#039;un raccord \u00e0 compression d&#039;un demi-pouce.\" \/>\n<meta name=\"robots\" content=\"index, follow, max-snippet:-1, max-image-preview:large, max-video-preview:-1\" \/>\n<link rel=\"canonical\" href=\"https:\/\/saiga.es\/fr\/produit\/pointe-en-polyethylene-dun-diametre-de-16-mm-et-1-2-pouce-de-compression\/\" \/>\n<meta property=\"og:locale\" content=\"fr_FR\" \/>\n<meta property=\"og:type\" content=\"article\" \/>\n<meta property=\"og:title\" content=\"Pointe en poly\u00e9thyl\u00e8ne d&#039;un diam\u00e8tre de 16 mm et 1\/2 pouce de compression | SAIGA\" \/>\n<meta property=\"og:description\" content=\"Pi\u00e8ce sp\u00e9cialement con\u00e7ue pour raccorder des tuyaux en poly\u00e9thyl\u00e8ne d&#039;un diam\u00e8tre ext\u00e9rieur de 16 mm \u00e0 l&#039;aide d&#039;un raccord \u00e0 compression d&#039;un demi-pouce.\" \/>\n<meta property=\"og:url\" content=\"https:\/\/saiga.es\/fr\/produit\/pointe-en-polyethylene-dun-diametre-de-16-mm-et-1-2-pouce-de-compression\/\" \/>\n<meta property=\"og:site_name\" content=\"SAIGA\" \/>\n<meta property=\"og:image\" content=\"https:\/\/saiga.es\/wp-content\/uploads\/2023\/11\/Espiga-de-compressio-3-rotated.jpg\" \/>\n\t<meta property=\"og:image:width\" content=\"1512\" \/>\n\t<meta property=\"og:image:height\" content=\"2016\" \/>\n\t<meta property=\"og:image:type\" content=\"image\/jpeg\" \/>\n<meta name=\"twitter:card\" content=\"summary_large_image\" \/>\n<meta name=\"twitter:site\" content=\"@saiga_agro\" \/>\n<script type=\"application\/ld+json\" class=\"yoast-schema-graph\">{\"@context\":\"https:\\\/\\\/schema.org\",\"@graph\":[{\"@type\":\"WebPage\",\"@id\":\"https:\\\/\\\/saiga.es\\\/fr\\\/produit\\\/pointe-en-polyethylene-dun-diametre-de-16-mm-et-1-2-pouce-de-compression\\\/\",\"url\":\"https:\\\/\\\/saiga.es\\\/fr\\\/produit\\\/pointe-en-polyethylene-dun-diametre-de-16-mm-et-1-2-pouce-de-compression\\\/\",\"name\":\"Pointe en poly\u00e9thyl\u00e8ne d'un diam\u00e8tre de 16 mm et 1\\\/2 pouce de compression | SAIGA\",\"isPartOf\":{\"@id\":\"https:\\\/\\\/saiga.es\\\/fr\\\/#website\"},\"primaryImageOfPage\":{\"@id\":\"https:\\\/\\\/saiga.es\\\/fr\\\/produit\\\/pointe-en-polyethylene-dun-diametre-de-16-mm-et-1-2-pouce-de-compression\\\/#primaryimage\"},\"image\":{\"@id\":\"https:\\\/\\\/saiga.es\\\/fr\\\/produit\\\/pointe-en-polyethylene-dun-diametre-de-16-mm-et-1-2-pouce-de-compression\\\/#primaryimage\"},\"thumbnailUrl\":\"https:\\\/\\\/saiga.es\\\/wp-content\\\/uploads\\\/2023\\\/11\\\/Espiga-de-compressio-3-rotated.jpg\",\"datePublished\":\"2023-11-16T13:18:53+00:00\",\"description\":\"Pi\u00e8ce sp\u00e9cialement con\u00e7ue pour raccorder des tuyaux en poly\u00e9thyl\u00e8ne d'un diam\u00e8tre ext\u00e9rieur de 16 mm \u00e0 l'aide d'un raccord \u00e0 compression d'un demi-pouce.\",\"breadcrumb\":{\"@id\":\"https:\\\/\\\/saiga.es\\\/fr\\\/produit\\\/pointe-en-polyethylene-dun-diametre-de-16-mm-et-1-2-pouce-de-compression\\\/#breadcrumb\"},\"inLanguage\":\"fr-FR\",\"potentialAction\":[{\"@type\":\"ReadAction\",\"target\":[\"https:\\\/\\\/saiga.es\\\/fr\\\/produit\\\/pointe-en-polyethylene-dun-diametre-de-16-mm-et-1-2-pouce-de-compression\\\/\"]}]},{\"@type\":\"ImageObject\",\"inLanguage\":\"fr-FR\",\"@id\":\"https:\\\/\\\/saiga.es\\\/fr\\\/produit\\\/pointe-en-polyethylene-dun-diametre-de-16-mm-et-1-2-pouce-de-compression\\\/#primaryimage\",\"url\":\"https:\\\/\\\/saiga.es\\\/wp-content\\\/uploads\\\/2023\\\/11\\\/Espiga-de-compressio-3-rotated.jpg\",\"contentUrl\":\"https:\\\/\\\/saiga.es\\\/wp-content\\\/uploads\\\/2023\\\/11\\\/Espiga-de-compressio-3-rotated.jpg\",\"width\":1512,\"height\":2016},{\"@type\":\"BreadcrumbList\",\"@id\":\"https:\\\/\\\/saiga.es\\\/fr\\\/produit\\\/pointe-en-polyethylene-dun-diametre-de-16-mm-et-1-2-pouce-de-compression\\\/#breadcrumb\",\"itemListElement\":[{\"@type\":\"ListItem\",\"position\":1,\"name\":\"Inici\",\"item\":\"https:\\\/\\\/saiga.es\\\/fr\\\/\"},{\"@type\":\"ListItem\",\"position\":2,\"name\":\"boutique\",\"item\":\"https:\\\/\\\/saiga.es\\\/fr\\\/boutique\\\/\"},{\"@type\":\"ListItem\",\"position\":3,\"name\":\"Pointe en poly\u00e9thyl\u00e8ne d&#8217;un diam\u00e8tre de 16 mm et 1\\\/2 pouce de compression\"}]},{\"@type\":\"WebSite\",\"@id\":\"https:\\\/\\\/saiga.es\\\/fr\\\/#website\",\"url\":\"https:\\\/\\\/saiga.es\\\/fr\\\/\",\"name\":\"SAIGA\",\"description\":\"M\u00e9s de 50 anys al servei de la terra i treballant per a un \u00fas eficient de l\u2019aigua!\",\"publisher\":{\"@id\":\"https:\\\/\\\/saiga.es\\\/fr\\\/#organization\"},\"potentialAction\":[{\"@type\":\"SearchAction\",\"target\":{\"@type\":\"EntryPoint\",\"urlTemplate\":\"https:\\\/\\\/saiga.es\\\/fr\\\/?s={search_term_string}\"},\"query-input\":{\"@type\":\"PropertyValueSpecification\",\"valueRequired\":true,\"valueName\":\"search_term_string\"}}],\"inLanguage\":\"fr-FR\"},{\"@type\":\"Organization\",\"@id\":\"https:\\\/\\\/saiga.es\\\/fr\\\/#organization\",\"name\":\"SAIGA\",\"url\":\"https:\\\/\\\/saiga.es\\\/fr\\\/\",\"logo\":{\"@type\":\"ImageObject\",\"inLanguage\":\"fr-FR\",\"@id\":\"https:\\\/\\\/saiga.es\\\/fr\\\/#\\\/schema\\\/logo\\\/image\\\/\",\"url\":\"https:\\\/\\\/saiga.es\\\/wp-content\\\/uploads\\\/2025\\\/07\\\/logo_saiga_baseline_optimitzat.svg\",\"contentUrl\":\"https:\\\/\\\/saiga.es\\\/wp-content\\\/uploads\\\/2025\\\/07\\\/logo_saiga_baseline_optimitzat.svg\",\"caption\":\"SAIGA\"},\"image\":{\"@id\":\"https:\\\/\\\/saiga.es\\\/fr\\\/#\\\/schema\\\/logo\\\/image\\\/\"},\"sameAs\":[\"https:\\\/\\\/x.com\\\/saiga_agro\",\"https:\\\/\\\/www.instagram.com\\\/saiga_agro\\\/\"]}]}<\/script>\n<!-- \/ Yoast SEO plugin. -->","yoast_head_json":{"title":"Pointe en poly\u00e9thyl\u00e8ne d'un diam\u00e8tre de 16 mm et 1\/2 pouce de compression | SAIGA","description":"Pi\u00e8ce sp\u00e9cialement con\u00e7ue pour raccorder des tuyaux en poly\u00e9thyl\u00e8ne d'un diam\u00e8tre ext\u00e9rieur de 16 mm \u00e0 l'aide d'un raccord \u00e0 compression d'un demi-pouce.","robots":{"index":"index","follow":"follow","max-snippet":"max-snippet:-1","max-image-preview":"max-image-preview:large","max-video-preview":"max-video-preview:-1"},"canonical":"https:\/\/saiga.es\/fr\/produit\/pointe-en-polyethylene-dun-diametre-de-16-mm-et-1-2-pouce-de-compression\/","og_locale":"fr_FR","og_type":"article","og_title":"Pointe en poly\u00e9thyl\u00e8ne d'un diam\u00e8tre de 16 mm et 1\/2 pouce de compression | SAIGA","og_description":"Pi\u00e8ce sp\u00e9cialement con\u00e7ue pour raccorder des tuyaux en poly\u00e9thyl\u00e8ne d'un diam\u00e8tre ext\u00e9rieur de 16 mm \u00e0 l'aide d'un raccord \u00e0 compression d'un demi-pouce.","og_url":"https:\/\/saiga.es\/fr\/produit\/pointe-en-polyethylene-dun-diametre-de-16-mm-et-1-2-pouce-de-compression\/","og_site_name":"SAIGA","og_image":[{"width":1512,"height":2016,"url":"https:\/\/saiga.es\/wp-content\/uploads\/2023\/11\/Espiga-de-compressio-3-rotated.jpg","type":"image\/jpeg"}],"twitter_card":"summary_large_image","twitter_site":"@saiga_agro","schema":{"@context":"https:\/\/schema.org","@graph":[{"@type":"WebPage","@id":"https:\/\/saiga.es\/fr\/produit\/pointe-en-polyethylene-dun-diametre-de-16-mm-et-1-2-pouce-de-compression\/","url":"https:\/\/saiga.es\/fr\/produit\/pointe-en-polyethylene-dun-diametre-de-16-mm-et-1-2-pouce-de-compression\/","name":"Pointe en poly\u00e9thyl\u00e8ne d'un diam\u00e8tre de 16 mm et 1\/2 pouce de compression | SAIGA","isPartOf":{"@id":"https:\/\/saiga.es\/fr\/#website"},"primaryImageOfPage":{"@id":"https:\/\/saiga.es\/fr\/produit\/pointe-en-polyethylene-dun-diametre-de-16-mm-et-1-2-pouce-de-compression\/#primaryimage"},"image":{"@id":"https:\/\/saiga.es\/fr\/produit\/pointe-en-polyethylene-dun-diametre-de-16-mm-et-1-2-pouce-de-compression\/#primaryimage"},"thumbnailUrl":"https:\/\/saiga.es\/wp-content\/uploads\/2023\/11\/Espiga-de-compressio-3-rotated.jpg","datePublished":"2023-11-16T13:18:53+00:00","description":"Pi\u00e8ce sp\u00e9cialement con\u00e7ue pour raccorder des tuyaux en poly\u00e9thyl\u00e8ne d'un diam\u00e8tre ext\u00e9rieur de 16 mm \u00e0 l'aide d'un raccord \u00e0 compression d'un demi-pouce.","breadcrumb":{"@id":"https:\/\/saiga.es\/fr\/produit\/pointe-en-polyethylene-dun-diametre-de-16-mm-et-1-2-pouce-de-compression\/#breadcrumb"},"inLanguage":"fr-FR","potentialAction":[{"@type":"ReadAction","target":["https:\/\/saiga.es\/fr\/produit\/pointe-en-polyethylene-dun-diametre-de-16-mm-et-1-2-pouce-de-compression\/"]}]},{"@type":"ImageObject","inLanguage":"fr-FR","@id":"https:\/\/saiga.es\/fr\/produit\/pointe-en-polyethylene-dun-diametre-de-16-mm-et-1-2-pouce-de-compression\/#primaryimage","url":"https:\/\/saiga.es\/wp-content\/uploads\/2023\/11\/Espiga-de-compressio-3-rotated.jpg","contentUrl":"https:\/\/saiga.es\/wp-content\/uploads\/2023\/11\/Espiga-de-compressio-3-rotated.jpg","width":1512,"height":2016},{"@type":"BreadcrumbList","@id":"https:\/\/saiga.es\/fr\/produit\/pointe-en-polyethylene-dun-diametre-de-16-mm-et-1-2-pouce-de-compression\/#breadcrumb","itemListElement":[{"@type":"ListItem","position":1,"name":"Inici","item":"https:\/\/saiga.es\/fr\/"},{"@type":"ListItem","position":2,"name":"boutique","item":"https:\/\/saiga.es\/fr\/boutique\/"},{"@type":"ListItem","position":3,"name":"Pointe en poly\u00e9thyl\u00e8ne d&#8217;un diam\u00e8tre de 16 mm et 1\/2 pouce de compression"}]},{"@type":"WebSite","@id":"https:\/\/saiga.es\/fr\/#website","url":"https:\/\/saiga.es\/fr\/","name":"SAIGA","description":"M\u00e9s de 50 anys al servei de la terra i treballant per a un \u00fas eficient de l\u2019aigua!","publisher":{"@id":"https:\/\/saiga.es\/fr\/#organization"},"potentialAction":[{"@type":"SearchAction","target":{"@type":"EntryPoint","urlTemplate":"https:\/\/saiga.es\/fr\/?s={search_term_string}"},"query-input":{"@type":"PropertyValueSpecification","valueRequired":true,"valueName":"search_term_string"}}],"inLanguage":"fr-FR"},{"@type":"Organization","@id":"https:\/\/saiga.es\/fr\/#organization","name":"SAIGA","url":"https:\/\/saiga.es\/fr\/","logo":{"@type":"ImageObject","inLanguage":"fr-FR","@id":"https:\/\/saiga.es\/fr\/#\/schema\/logo\/image\/","url":"https:\/\/saiga.es\/wp-content\/uploads\/2025\/07\/logo_saiga_baseline_optimitzat.svg","contentUrl":"https:\/\/saiga.es\/wp-content\/uploads\/2025\/07\/logo_saiga_baseline_optimitzat.svg","caption":"SAIGA"},"image":{"@id":"https:\/\/saiga.es\/fr\/#\/schema\/logo\/image\/"},"sameAs":["https:\/\/x.com\/saiga_agro","https:\/\/www.instagram.com\/saiga_agro\/"]}]}},"_links":{"self":[{"href":"https:\/\/saiga.es\/fr\/wp-json\/wp\/v2\/product\/7533","targetHints":{"allow":["GET"]}}],"collection":[{"href":"https:\/\/saiga.es\/fr\/wp-json\/wp\/v2\/product"}],"about":[{"href":"https:\/\/saiga.es\/fr\/wp-json\/wp\/v2\/types\/product"}],"replies":[{"embeddable":true,"href":"https:\/\/saiga.es\/fr\/wp-json\/wp\/v2\/comments?post=7533"}],"wp:featuredmedia":[{"embeddable":true,"href":"https:\/\/saiga.es\/fr\/wp-json\/wp\/v2\/media\/7534"}],"wp:attachment":[{"href":"https:\/\/saiga.es\/fr\/wp-json\/wp\/v2\/media?parent=7533"}],"wp:term":[{"taxonomy":"product_brand","embeddable":true,"href":"https:\/\/saiga.es\/fr\/wp-json\/wp\/v2\/product_brand?post=7533"},{"taxonomy":"product_cat","embeddable":true,"href":"https:\/\/saiga.es\/fr\/wp-json\/wp\/v2\/product_cat?post=7533"},{"taxonomy":"product_tag","embeddable":true,"href":"https:\/\/saiga.es\/fr\/wp-json\/wp\/v2\/product_tag?post=7533"}],"curies":[{"name":"wp","href":"https:\/\/api.w.org\/{rel}","templated":true}]}}