{"id":7550,"date":"2023-11-16T12:18:38","date_gmt":"2023-11-16T12:18:38","guid":{"rendered":"https:\/\/botiga.saiga.es\/producte\/t-en-polyethylene-de-16-mm-de-diametre\/"},"modified":"2023-11-16T12:18:38","modified_gmt":"2023-11-16T12:18:38","slug":"t-en-polyethylene-de-16-mm-de-diametre","status":"publish","type":"product","link":"https:\/\/saiga.es\/fr\/produit\/t-en-polyethylene-de-16-mm-de-diametre\/","title":{"rendered":"T en poly\u00e9thyl\u00e8ne de 16 mm de diam\u00e8tre"},"content":{"rendered":"<p>Raccord en forme de T, utilis\u00e9 sur des tuyaux en poly\u00e9thyl\u00e8ne de 16 mm. Ce type de d\u00e9rivation permet de cr\u00e9er un raccordement, dans une canalisation principale, pour diriger le flux d&rsquo;eau dans une autre direction, comme une d\u00e9rivation lat\u00e9rale.<\/p>\n","protected":false},"excerpt":{"rendered":"<p>Raccord en forme de T, utilis\u00e9 sur des tuyaux en poly\u00e9thyl\u00e8ne de 16 mm. Ce type de d\u00e9rivation permet de cr\u00e9er un raccordement, dans une canalisation principale, pour diriger le flux d&rsquo;eau dans une autre direction, comme une d\u00e9rivation lat\u00e9rale.<\/p>\n","protected":false},"featured_media":16334,"comment_status":"closed","ping_status":"closed","template":"","meta":[],"product_brand":[],"product_cat":[2255],"product_tag":[829,834,844,837,824,843],"class_list":{"0":"post-7550","1":"product","2":"type-product","3":"status-publish","4":"has-post-thumbnail","6":"product_cat-accessoires-pour-tuyaux-dirrigation","7":"product_tag-accessoires-dirrigation","8":"product_tag-arrosage-automatique-fr","9":"product_tag-derivation","10":"product_tag-polyethylene","11":"product_tag-reg-fr","12":"product_tag-t","14":"first","15":"instock","16":"sale","17":"taxable","18":"shipping-taxable","19":"purchasable","20":"product-type-simple"},"yoast_head":"<!-- This site is optimized with the Yoast SEO plugin v27.4 - https:\/\/yoast.com\/product\/yoast-seo-wordpress\/ -->\n<title>T en poly\u00e9thyl\u00e8ne de 16 mm de diam\u00e8tre | SAIGA<\/title>\n<meta name=\"robots\" content=\"index, follow, max-snippet:-1, max-image-preview:large, max-video-preview:-1\" \/>\n<link rel=\"canonical\" href=\"https:\/\/saiga.es\/fr\/produit\/t-en-polyethylene-de-16-mm-de-diametre\/\" \/>\n<meta property=\"og:locale\" content=\"fr_FR\" \/>\n<meta property=\"og:type\" content=\"article\" \/>\n<meta property=\"og:title\" content=\"T en poly\u00e9thyl\u00e8ne de 16 mm de diam\u00e8tre | SAIGA\" \/>\n<meta property=\"og:description\" content=\"Raccord en forme de T, utilis\u00e9 sur des tuyaux en poly\u00e9thyl\u00e8ne de 16 mm. Ce type de d\u00e9rivation permet de cr\u00e9er un raccordement, dans une canalisation principale, pour diriger le flux d&rsquo;eau dans une autre direction, comme une d\u00e9rivation lat\u00e9rale.\" \/>\n<meta property=\"og:url\" content=\"https:\/\/saiga.es\/fr\/produit\/t-en-polyethylene-de-16-mm-de-diametre\/\" \/>\n<meta property=\"og:site_name\" content=\"SAIGA\" \/>\n<meta property=\"og:image\" content=\"https:\/\/saiga.es\/wp-content\/uploads\/2023\/11\/T-polietile-.jpg\" \/>\n\t<meta property=\"og:image:width\" content=\"1080\" \/>\n\t<meta property=\"og:image:height\" content=\"1080\" \/>\n\t<meta property=\"og:image:type\" content=\"image\/jpeg\" \/>\n<meta name=\"twitter:card\" content=\"summary_large_image\" \/>\n<meta name=\"twitter:site\" content=\"@saiga_agro\" \/>\n<script type=\"application\/ld+json\" class=\"yoast-schema-graph\">{\"@context\":\"https:\\\/\\\/schema.org\",\"@graph\":[{\"@type\":\"WebPage\",\"@id\":\"https:\\\/\\\/saiga.es\\\/fr\\\/produit\\\/t-en-polyethylene-de-16-mm-de-diametre\\\/\",\"url\":\"https:\\\/\\\/saiga.es\\\/fr\\\/produit\\\/t-en-polyethylene-de-16-mm-de-diametre\\\/\",\"name\":\"T en poly\u00e9thyl\u00e8ne de 16 mm de diam\u00e8tre | SAIGA\",\"isPartOf\":{\"@id\":\"https:\\\/\\\/saiga.es\\\/fr\\\/#website\"},\"primaryImageOfPage\":{\"@id\":\"https:\\\/\\\/saiga.es\\\/fr\\\/produit\\\/t-en-polyethylene-de-16-mm-de-diametre\\\/#primaryimage\"},\"image\":{\"@id\":\"https:\\\/\\\/saiga.es\\\/fr\\\/produit\\\/t-en-polyethylene-de-16-mm-de-diametre\\\/#primaryimage\"},\"thumbnailUrl\":\"https:\\\/\\\/saiga.es\\\/wp-content\\\/uploads\\\/2023\\\/11\\\/T-polietile-.jpg\",\"datePublished\":\"2023-11-16T12:18:38+00:00\",\"breadcrumb\":{\"@id\":\"https:\\\/\\\/saiga.es\\\/fr\\\/produit\\\/t-en-polyethylene-de-16-mm-de-diametre\\\/#breadcrumb\"},\"inLanguage\":\"fr-FR\",\"potentialAction\":[{\"@type\":\"ReadAction\",\"target\":[\"https:\\\/\\\/saiga.es\\\/fr\\\/produit\\\/t-en-polyethylene-de-16-mm-de-diametre\\\/\"]}]},{\"@type\":\"ImageObject\",\"inLanguage\":\"fr-FR\",\"@id\":\"https:\\\/\\\/saiga.es\\\/fr\\\/produit\\\/t-en-polyethylene-de-16-mm-de-diametre\\\/#primaryimage\",\"url\":\"https:\\\/\\\/saiga.es\\\/wp-content\\\/uploads\\\/2023\\\/11\\\/T-polietile-.jpg\",\"contentUrl\":\"https:\\\/\\\/saiga.es\\\/wp-content\\\/uploads\\\/2023\\\/11\\\/T-polietile-.jpg\",\"width\":1080,\"height\":1080,\"caption\":\"Te polietil\u00e8 de 16 mm\"},{\"@type\":\"BreadcrumbList\",\"@id\":\"https:\\\/\\\/saiga.es\\\/fr\\\/produit\\\/t-en-polyethylene-de-16-mm-de-diametre\\\/#breadcrumb\",\"itemListElement\":[{\"@type\":\"ListItem\",\"position\":1,\"name\":\"Inici\",\"item\":\"https:\\\/\\\/saiga.es\\\/fr\\\/\"},{\"@type\":\"ListItem\",\"position\":2,\"name\":\"boutique\",\"item\":\"https:\\\/\\\/saiga.es\\\/fr\\\/boutique\\\/\"},{\"@type\":\"ListItem\",\"position\":3,\"name\":\"T en poly\u00e9thyl\u00e8ne de 16 mm de diam\u00e8tre\"}]},{\"@type\":\"WebSite\",\"@id\":\"https:\\\/\\\/saiga.es\\\/fr\\\/#website\",\"url\":\"https:\\\/\\\/saiga.es\\\/fr\\\/\",\"name\":\"SAIGA\",\"description\":\"M\u00e9s de 50 anys al servei de la terra i treballant per a un \u00fas eficient de l\u2019aigua!\",\"publisher\":{\"@id\":\"https:\\\/\\\/saiga.es\\\/fr\\\/#organization\"},\"potentialAction\":[{\"@type\":\"SearchAction\",\"target\":{\"@type\":\"EntryPoint\",\"urlTemplate\":\"https:\\\/\\\/saiga.es\\\/fr\\\/?s={search_term_string}\"},\"query-input\":{\"@type\":\"PropertyValueSpecification\",\"valueRequired\":true,\"valueName\":\"search_term_string\"}}],\"inLanguage\":\"fr-FR\"},{\"@type\":\"Organization\",\"@id\":\"https:\\\/\\\/saiga.es\\\/fr\\\/#organization\",\"name\":\"SAIGA\",\"url\":\"https:\\\/\\\/saiga.es\\\/fr\\\/\",\"logo\":{\"@type\":\"ImageObject\",\"inLanguage\":\"fr-FR\",\"@id\":\"https:\\\/\\\/saiga.es\\\/fr\\\/#\\\/schema\\\/logo\\\/image\\\/\",\"url\":\"https:\\\/\\\/saiga.es\\\/wp-content\\\/uploads\\\/2025\\\/07\\\/logo_saiga_baseline_optimitzat.svg\",\"contentUrl\":\"https:\\\/\\\/saiga.es\\\/wp-content\\\/uploads\\\/2025\\\/07\\\/logo_saiga_baseline_optimitzat.svg\",\"caption\":\"SAIGA\"},\"image\":{\"@id\":\"https:\\\/\\\/saiga.es\\\/fr\\\/#\\\/schema\\\/logo\\\/image\\\/\"},\"sameAs\":[\"https:\\\/\\\/x.com\\\/saiga_agro\",\"https:\\\/\\\/www.instagram.com\\\/saiga_agro\\\/\"]}]}<\/script>\n<!-- \/ Yoast SEO plugin. -->","yoast_head_json":{"title":"T en poly\u00e9thyl\u00e8ne de 16 mm de diam\u00e8tre | SAIGA","robots":{"index":"index","follow":"follow","max-snippet":"max-snippet:-1","max-image-preview":"max-image-preview:large","max-video-preview":"max-video-preview:-1"},"canonical":"https:\/\/saiga.es\/fr\/produit\/t-en-polyethylene-de-16-mm-de-diametre\/","og_locale":"fr_FR","og_type":"article","og_title":"T en poly\u00e9thyl\u00e8ne de 16 mm de diam\u00e8tre | SAIGA","og_description":"Raccord en forme de T, utilis\u00e9 sur des tuyaux en poly\u00e9thyl\u00e8ne de 16 mm. Ce type de d\u00e9rivation permet de cr\u00e9er un raccordement, dans une canalisation principale, pour diriger le flux d&rsquo;eau dans une autre direction, comme une d\u00e9rivation lat\u00e9rale.","og_url":"https:\/\/saiga.es\/fr\/produit\/t-en-polyethylene-de-16-mm-de-diametre\/","og_site_name":"SAIGA","og_image":[{"width":1080,"height":1080,"url":"https:\/\/saiga.es\/wp-content\/uploads\/2023\/11\/T-polietile-.jpg","type":"image\/jpeg"}],"twitter_card":"summary_large_image","twitter_site":"@saiga_agro","schema":{"@context":"https:\/\/schema.org","@graph":[{"@type":"WebPage","@id":"https:\/\/saiga.es\/fr\/produit\/t-en-polyethylene-de-16-mm-de-diametre\/","url":"https:\/\/saiga.es\/fr\/produit\/t-en-polyethylene-de-16-mm-de-diametre\/","name":"T en poly\u00e9thyl\u00e8ne de 16 mm de diam\u00e8tre | SAIGA","isPartOf":{"@id":"https:\/\/saiga.es\/fr\/#website"},"primaryImageOfPage":{"@id":"https:\/\/saiga.es\/fr\/produit\/t-en-polyethylene-de-16-mm-de-diametre\/#primaryimage"},"image":{"@id":"https:\/\/saiga.es\/fr\/produit\/t-en-polyethylene-de-16-mm-de-diametre\/#primaryimage"},"thumbnailUrl":"https:\/\/saiga.es\/wp-content\/uploads\/2023\/11\/T-polietile-.jpg","datePublished":"2023-11-16T12:18:38+00:00","breadcrumb":{"@id":"https:\/\/saiga.es\/fr\/produit\/t-en-polyethylene-de-16-mm-de-diametre\/#breadcrumb"},"inLanguage":"fr-FR","potentialAction":[{"@type":"ReadAction","target":["https:\/\/saiga.es\/fr\/produit\/t-en-polyethylene-de-16-mm-de-diametre\/"]}]},{"@type":"ImageObject","inLanguage":"fr-FR","@id":"https:\/\/saiga.es\/fr\/produit\/t-en-polyethylene-de-16-mm-de-diametre\/#primaryimage","url":"https:\/\/saiga.es\/wp-content\/uploads\/2023\/11\/T-polietile-.jpg","contentUrl":"https:\/\/saiga.es\/wp-content\/uploads\/2023\/11\/T-polietile-.jpg","width":1080,"height":1080,"caption":"Te polietil\u00e8 de 16 mm"},{"@type":"BreadcrumbList","@id":"https:\/\/saiga.es\/fr\/produit\/t-en-polyethylene-de-16-mm-de-diametre\/#breadcrumb","itemListElement":[{"@type":"ListItem","position":1,"name":"Inici","item":"https:\/\/saiga.es\/fr\/"},{"@type":"ListItem","position":2,"name":"boutique","item":"https:\/\/saiga.es\/fr\/boutique\/"},{"@type":"ListItem","position":3,"name":"T en poly\u00e9thyl\u00e8ne de 16 mm de diam\u00e8tre"}]},{"@type":"WebSite","@id":"https:\/\/saiga.es\/fr\/#website","url":"https:\/\/saiga.es\/fr\/","name":"SAIGA","description":"M\u00e9s de 50 anys al servei de la terra i treballant per a un \u00fas eficient de l\u2019aigua!","publisher":{"@id":"https:\/\/saiga.es\/fr\/#organization"},"potentialAction":[{"@type":"SearchAction","target":{"@type":"EntryPoint","urlTemplate":"https:\/\/saiga.es\/fr\/?s={search_term_string}"},"query-input":{"@type":"PropertyValueSpecification","valueRequired":true,"valueName":"search_term_string"}}],"inLanguage":"fr-FR"},{"@type":"Organization","@id":"https:\/\/saiga.es\/fr\/#organization","name":"SAIGA","url":"https:\/\/saiga.es\/fr\/","logo":{"@type":"ImageObject","inLanguage":"fr-FR","@id":"https:\/\/saiga.es\/fr\/#\/schema\/logo\/image\/","url":"https:\/\/saiga.es\/wp-content\/uploads\/2025\/07\/logo_saiga_baseline_optimitzat.svg","contentUrl":"https:\/\/saiga.es\/wp-content\/uploads\/2025\/07\/logo_saiga_baseline_optimitzat.svg","caption":"SAIGA"},"image":{"@id":"https:\/\/saiga.es\/fr\/#\/schema\/logo\/image\/"},"sameAs":["https:\/\/x.com\/saiga_agro","https:\/\/www.instagram.com\/saiga_agro\/"]}]}},"_links":{"self":[{"href":"https:\/\/saiga.es\/fr\/wp-json\/wp\/v2\/product\/7550","targetHints":{"allow":["GET"]}}],"collection":[{"href":"https:\/\/saiga.es\/fr\/wp-json\/wp\/v2\/product"}],"about":[{"href":"https:\/\/saiga.es\/fr\/wp-json\/wp\/v2\/types\/product"}],"replies":[{"embeddable":true,"href":"https:\/\/saiga.es\/fr\/wp-json\/wp\/v2\/comments?post=7550"}],"wp:featuredmedia":[{"embeddable":true,"href":"https:\/\/saiga.es\/fr\/wp-json\/wp\/v2\/media\/16334"}],"wp:attachment":[{"href":"https:\/\/saiga.es\/fr\/wp-json\/wp\/v2\/media?parent=7550"}],"wp:term":[{"taxonomy":"product_brand","embeddable":true,"href":"https:\/\/saiga.es\/fr\/wp-json\/wp\/v2\/product_brand?post=7550"},{"taxonomy":"product_cat","embeddable":true,"href":"https:\/\/saiga.es\/fr\/wp-json\/wp\/v2\/product_cat?post=7550"},{"taxonomy":"product_tag","embeddable":true,"href":"https:\/\/saiga.es\/fr\/wp-json\/wp\/v2\/product_tag?post=7550"}],"curies":[{"name":"wp","href":"https:\/\/api.w.org\/{rel}","templated":true}]}}