{"id":7554,"date":"2023-11-16T10:27:56","date_gmt":"2023-11-16T10:27:56","guid":{"rendered":"https:\/\/botiga.saiga.es\/producte\/tuyau-degouttement-souterrain-tech-line-17-33-23-xfs\/"},"modified":"2023-11-16T10:27:56","modified_gmt":"2023-11-16T10:27:56","slug":"tuyau-degouttement-souterrain-tech-line-17-33-23-xfs","status":"publish","type":"product","link":"https:\/\/saiga.es\/fr\/produit\/tuyau-degouttement-souterrain-tech-line-17-33-23-xfs\/","title":{"rendered":"Tuyau d&rsquo;\u00e9gouttement souterrain Tech-line 17\/33\/2,3 XFS"},"content":{"rendered":"<p>Tuyau d&rsquo;\u00e9gouttage souterrain de 17 mm de diam\u00e8tre, 33 cm de distance entre les goutteurs et 100 m\u00e8tres de long. Cuivre renforc\u00e9 parfait pour les applications souterraines et sur des surfaces in\u00e9gales.<\/p>\n<p>Prot\u00e8ge le goutteur de l&rsquo;entr\u00e9e des racines, cr\u00e9ant un syst\u00e8me d&rsquo;irrigation goutte \u00e0 goutte souterrain durable et n\u00e9cessitant peu d&rsquo;entretien pour une utilisation sous les pelouses, les arbustes et les zones de couverture v\u00e9g\u00e9tale.<\/p>\n<p>&nbsp;<\/p>\n","protected":false},"excerpt":{"rendered":"<p>Tube goutte \u00e0 goutte XFS avec protection en cuivre parfait pour \u00eatre enterr\u00e9.<\/p>\n","protected":false},"featured_media":7555,"comment_status":"closed","ping_status":"closed","template":"","meta":[],"product_brand":[],"product_cat":[2000],"product_tag":[846,834,847,841,848,827,825,845,828,824,849,840],"class_list":{"0":"post-7554","1":"product","2":"type-product","3":"status-publish","4":"has-post-thumbnail","6":"product_cat-tuyaux-dirrigation","7":"product_tag-agriculture","8":"product_tag-arrosage-automatique-fr","9":"product_tag-arroser","10":"product_tag-compte-gouttes","11":"product_tag-eau","12":"product_tag-egouttage","13":"product_tag-goutte","14":"product_tag-goutte-a-goutte-fr","15":"product_tag-irrigation-localisee","16":"product_tag-reg-fr","17":"product_tag-souterrain","18":"product_tag-tube","20":"first","21":"instock","22":"sale","23":"taxable","24":"shipping-taxable","25":"purchasable","26":"product-type-simple"},"yoast_head":"<!-- This site is optimized with the Yoast SEO plugin v27.4 - https:\/\/yoast.com\/product\/yoast-seo-wordpress\/ -->\n<title>Tuyau d&#039;\u00e9gouttement souterrain Tech-line 17\/33\/2,3 XFS | SAIGA<\/title>\n<meta name=\"robots\" content=\"index, follow, max-snippet:-1, max-image-preview:large, max-video-preview:-1\" \/>\n<link rel=\"canonical\" href=\"https:\/\/saiga.es\/fr\/produit\/tuyau-degouttement-souterrain-tech-line-17-33-23-xfs\/\" \/>\n<meta property=\"og:locale\" content=\"fr_FR\" \/>\n<meta property=\"og:type\" content=\"article\" \/>\n<meta property=\"og:title\" content=\"Tuyau d&#039;\u00e9gouttement souterrain Tech-line 17\/33\/2,3 XFS | SAIGA\" \/>\n<meta property=\"og:description\" content=\"Tube goutte \u00e0 goutte XFS avec protection en cuivre parfait pour \u00eatre enterr\u00e9.\" \/>\n<meta property=\"og:url\" content=\"https:\/\/saiga.es\/fr\/produit\/tuyau-degouttement-souterrain-tech-line-17-33-23-xfs\/\" \/>\n<meta property=\"og:site_name\" content=\"SAIGA\" \/>\n<meta property=\"og:image\" content=\"https:\/\/saiga.es\/wp-content\/uploads\/2023\/11\/Tech-line-17-50-23.jpeg\" \/>\n\t<meta property=\"og:image:width\" content=\"1536\" \/>\n\t<meta property=\"og:image:height\" content=\"2048\" \/>\n\t<meta property=\"og:image:type\" content=\"image\/jpeg\" \/>\n<meta name=\"twitter:card\" content=\"summary_large_image\" \/>\n<meta name=\"twitter:site\" content=\"@saiga_agro\" \/>\n<script type=\"application\/ld+json\" class=\"yoast-schema-graph\">{\"@context\":\"https:\\\/\\\/schema.org\",\"@graph\":[{\"@type\":\"WebPage\",\"@id\":\"https:\\\/\\\/saiga.es\\\/fr\\\/produit\\\/tuyau-degouttement-souterrain-tech-line-17-33-23-xfs\\\/\",\"url\":\"https:\\\/\\\/saiga.es\\\/fr\\\/produit\\\/tuyau-degouttement-souterrain-tech-line-17-33-23-xfs\\\/\",\"name\":\"Tuyau d'\u00e9gouttement souterrain Tech-line 17\\\/33\\\/2,3 XFS | SAIGA\",\"isPartOf\":{\"@id\":\"https:\\\/\\\/saiga.es\\\/fr\\\/#website\"},\"primaryImageOfPage\":{\"@id\":\"https:\\\/\\\/saiga.es\\\/fr\\\/produit\\\/tuyau-degouttement-souterrain-tech-line-17-33-23-xfs\\\/#primaryimage\"},\"image\":{\"@id\":\"https:\\\/\\\/saiga.es\\\/fr\\\/produit\\\/tuyau-degouttement-souterrain-tech-line-17-33-23-xfs\\\/#primaryimage\"},\"thumbnailUrl\":\"https:\\\/\\\/saiga.es\\\/wp-content\\\/uploads\\\/2023\\\/11\\\/Tech-line-17-50-23.jpeg\",\"datePublished\":\"2023-11-16T10:27:56+00:00\",\"breadcrumb\":{\"@id\":\"https:\\\/\\\/saiga.es\\\/fr\\\/produit\\\/tuyau-degouttement-souterrain-tech-line-17-33-23-xfs\\\/#breadcrumb\"},\"inLanguage\":\"fr-FR\",\"potentialAction\":[{\"@type\":\"ReadAction\",\"target\":[\"https:\\\/\\\/saiga.es\\\/fr\\\/produit\\\/tuyau-degouttement-souterrain-tech-line-17-33-23-xfs\\\/\"]}]},{\"@type\":\"ImageObject\",\"inLanguage\":\"fr-FR\",\"@id\":\"https:\\\/\\\/saiga.es\\\/fr\\\/produit\\\/tuyau-degouttement-souterrain-tech-line-17-33-23-xfs\\\/#primaryimage\",\"url\":\"https:\\\/\\\/saiga.es\\\/wp-content\\\/uploads\\\/2023\\\/11\\\/Tech-line-17-50-23.jpeg\",\"contentUrl\":\"https:\\\/\\\/saiga.es\\\/wp-content\\\/uploads\\\/2023\\\/11\\\/Tech-line-17-50-23.jpeg\",\"width\":1536,\"height\":2048},{\"@type\":\"BreadcrumbList\",\"@id\":\"https:\\\/\\\/saiga.es\\\/fr\\\/produit\\\/tuyau-degouttement-souterrain-tech-line-17-33-23-xfs\\\/#breadcrumb\",\"itemListElement\":[{\"@type\":\"ListItem\",\"position\":1,\"name\":\"Inici\",\"item\":\"https:\\\/\\\/saiga.es\\\/fr\\\/\"},{\"@type\":\"ListItem\",\"position\":2,\"name\":\"boutique\",\"item\":\"https:\\\/\\\/saiga.es\\\/fr\\\/boutique\\\/\"},{\"@type\":\"ListItem\",\"position\":3,\"name\":\"Tuyau d&#8217;\u00e9gouttement souterrain Tech-line 17\\\/33\\\/2,3 XFS\"}]},{\"@type\":\"WebSite\",\"@id\":\"https:\\\/\\\/saiga.es\\\/fr\\\/#website\",\"url\":\"https:\\\/\\\/saiga.es\\\/fr\\\/\",\"name\":\"SAIGA\",\"description\":\"M\u00e9s de 50 anys al servei de la terra i treballant per a un \u00fas eficient de l\u2019aigua!\",\"publisher\":{\"@id\":\"https:\\\/\\\/saiga.es\\\/fr\\\/#organization\"},\"potentialAction\":[{\"@type\":\"SearchAction\",\"target\":{\"@type\":\"EntryPoint\",\"urlTemplate\":\"https:\\\/\\\/saiga.es\\\/fr\\\/?s={search_term_string}\"},\"query-input\":{\"@type\":\"PropertyValueSpecification\",\"valueRequired\":true,\"valueName\":\"search_term_string\"}}],\"inLanguage\":\"fr-FR\"},{\"@type\":\"Organization\",\"@id\":\"https:\\\/\\\/saiga.es\\\/fr\\\/#organization\",\"name\":\"SAIGA\",\"url\":\"https:\\\/\\\/saiga.es\\\/fr\\\/\",\"logo\":{\"@type\":\"ImageObject\",\"inLanguage\":\"fr-FR\",\"@id\":\"https:\\\/\\\/saiga.es\\\/fr\\\/#\\\/schema\\\/logo\\\/image\\\/\",\"url\":\"https:\\\/\\\/saiga.es\\\/wp-content\\\/uploads\\\/2025\\\/07\\\/logo_saiga_baseline_optimitzat.svg\",\"contentUrl\":\"https:\\\/\\\/saiga.es\\\/wp-content\\\/uploads\\\/2025\\\/07\\\/logo_saiga_baseline_optimitzat.svg\",\"caption\":\"SAIGA\"},\"image\":{\"@id\":\"https:\\\/\\\/saiga.es\\\/fr\\\/#\\\/schema\\\/logo\\\/image\\\/\"},\"sameAs\":[\"https:\\\/\\\/x.com\\\/saiga_agro\",\"https:\\\/\\\/www.instagram.com\\\/saiga_agro\\\/\"]}]}<\/script>\n<!-- \/ Yoast SEO plugin. -->","yoast_head_json":{"title":"Tuyau d'\u00e9gouttement souterrain Tech-line 17\/33\/2,3 XFS | SAIGA","robots":{"index":"index","follow":"follow","max-snippet":"max-snippet:-1","max-image-preview":"max-image-preview:large","max-video-preview":"max-video-preview:-1"},"canonical":"https:\/\/saiga.es\/fr\/produit\/tuyau-degouttement-souterrain-tech-line-17-33-23-xfs\/","og_locale":"fr_FR","og_type":"article","og_title":"Tuyau d'\u00e9gouttement souterrain Tech-line 17\/33\/2,3 XFS | SAIGA","og_description":"Tube goutte \u00e0 goutte XFS avec protection en cuivre parfait pour \u00eatre enterr\u00e9.","og_url":"https:\/\/saiga.es\/fr\/produit\/tuyau-degouttement-souterrain-tech-line-17-33-23-xfs\/","og_site_name":"SAIGA","og_image":[{"width":1536,"height":2048,"url":"https:\/\/saiga.es\/wp-content\/uploads\/2023\/11\/Tech-line-17-50-23.jpeg","type":"image\/jpeg"}],"twitter_card":"summary_large_image","twitter_site":"@saiga_agro","schema":{"@context":"https:\/\/schema.org","@graph":[{"@type":"WebPage","@id":"https:\/\/saiga.es\/fr\/produit\/tuyau-degouttement-souterrain-tech-line-17-33-23-xfs\/","url":"https:\/\/saiga.es\/fr\/produit\/tuyau-degouttement-souterrain-tech-line-17-33-23-xfs\/","name":"Tuyau d'\u00e9gouttement souterrain Tech-line 17\/33\/2,3 XFS | SAIGA","isPartOf":{"@id":"https:\/\/saiga.es\/fr\/#website"},"primaryImageOfPage":{"@id":"https:\/\/saiga.es\/fr\/produit\/tuyau-degouttement-souterrain-tech-line-17-33-23-xfs\/#primaryimage"},"image":{"@id":"https:\/\/saiga.es\/fr\/produit\/tuyau-degouttement-souterrain-tech-line-17-33-23-xfs\/#primaryimage"},"thumbnailUrl":"https:\/\/saiga.es\/wp-content\/uploads\/2023\/11\/Tech-line-17-50-23.jpeg","datePublished":"2023-11-16T10:27:56+00:00","breadcrumb":{"@id":"https:\/\/saiga.es\/fr\/produit\/tuyau-degouttement-souterrain-tech-line-17-33-23-xfs\/#breadcrumb"},"inLanguage":"fr-FR","potentialAction":[{"@type":"ReadAction","target":["https:\/\/saiga.es\/fr\/produit\/tuyau-degouttement-souterrain-tech-line-17-33-23-xfs\/"]}]},{"@type":"ImageObject","inLanguage":"fr-FR","@id":"https:\/\/saiga.es\/fr\/produit\/tuyau-degouttement-souterrain-tech-line-17-33-23-xfs\/#primaryimage","url":"https:\/\/saiga.es\/wp-content\/uploads\/2023\/11\/Tech-line-17-50-23.jpeg","contentUrl":"https:\/\/saiga.es\/wp-content\/uploads\/2023\/11\/Tech-line-17-50-23.jpeg","width":1536,"height":2048},{"@type":"BreadcrumbList","@id":"https:\/\/saiga.es\/fr\/produit\/tuyau-degouttement-souterrain-tech-line-17-33-23-xfs\/#breadcrumb","itemListElement":[{"@type":"ListItem","position":1,"name":"Inici","item":"https:\/\/saiga.es\/fr\/"},{"@type":"ListItem","position":2,"name":"boutique","item":"https:\/\/saiga.es\/fr\/boutique\/"},{"@type":"ListItem","position":3,"name":"Tuyau d&#8217;\u00e9gouttement souterrain Tech-line 17\/33\/2,3 XFS"}]},{"@type":"WebSite","@id":"https:\/\/saiga.es\/fr\/#website","url":"https:\/\/saiga.es\/fr\/","name":"SAIGA","description":"M\u00e9s de 50 anys al servei de la terra i treballant per a un \u00fas eficient de l\u2019aigua!","publisher":{"@id":"https:\/\/saiga.es\/fr\/#organization"},"potentialAction":[{"@type":"SearchAction","target":{"@type":"EntryPoint","urlTemplate":"https:\/\/saiga.es\/fr\/?s={search_term_string}"},"query-input":{"@type":"PropertyValueSpecification","valueRequired":true,"valueName":"search_term_string"}}],"inLanguage":"fr-FR"},{"@type":"Organization","@id":"https:\/\/saiga.es\/fr\/#organization","name":"SAIGA","url":"https:\/\/saiga.es\/fr\/","logo":{"@type":"ImageObject","inLanguage":"fr-FR","@id":"https:\/\/saiga.es\/fr\/#\/schema\/logo\/image\/","url":"https:\/\/saiga.es\/wp-content\/uploads\/2025\/07\/logo_saiga_baseline_optimitzat.svg","contentUrl":"https:\/\/saiga.es\/wp-content\/uploads\/2025\/07\/logo_saiga_baseline_optimitzat.svg","caption":"SAIGA"},"image":{"@id":"https:\/\/saiga.es\/fr\/#\/schema\/logo\/image\/"},"sameAs":["https:\/\/x.com\/saiga_agro","https:\/\/www.instagram.com\/saiga_agro\/"]}]}},"_links":{"self":[{"href":"https:\/\/saiga.es\/fr\/wp-json\/wp\/v2\/product\/7554","targetHints":{"allow":["GET"]}}],"collection":[{"href":"https:\/\/saiga.es\/fr\/wp-json\/wp\/v2\/product"}],"about":[{"href":"https:\/\/saiga.es\/fr\/wp-json\/wp\/v2\/types\/product"}],"replies":[{"embeddable":true,"href":"https:\/\/saiga.es\/fr\/wp-json\/wp\/v2\/comments?post=7554"}],"wp:featuredmedia":[{"embeddable":true,"href":"https:\/\/saiga.es\/fr\/wp-json\/wp\/v2\/media\/7555"}],"wp:attachment":[{"href":"https:\/\/saiga.es\/fr\/wp-json\/wp\/v2\/media?parent=7554"}],"wp:term":[{"taxonomy":"product_brand","embeddable":true,"href":"https:\/\/saiga.es\/fr\/wp-json\/wp\/v2\/product_brand?post=7554"},{"taxonomy":"product_cat","embeddable":true,"href":"https:\/\/saiga.es\/fr\/wp-json\/wp\/v2\/product_cat?post=7554"},{"taxonomy":"product_tag","embeddable":true,"href":"https:\/\/saiga.es\/fr\/wp-json\/wp\/v2\/product_tag?post=7554"}],"curies":[{"name":"wp","href":"https:\/\/api.w.org\/{rel}","templated":true}]}}