{"id":7580,"date":"2024-01-30T10:36:46","date_gmt":"2024-01-30T10:36:46","guid":{"rendered":"https:\/\/botiga.saiga.es\/producte\/scie-electrique-arvipo-mt32-pro\/"},"modified":"2024-01-30T10:36:46","modified_gmt":"2024-01-30T10:36:46","slug":"scie-electrique-arvipo-mt32-pro","status":"publish","type":"product","link":"https:\/\/saiga.es\/fr\/produit\/scie-electrique-arvipo-mt32-pro\/","title":{"rendered":"Scie \u00e9lectrique Arvipo MT32 PRO"},"content":{"rendered":"<p>Scie \u00e9lectrique Arvipo MT32 PRO<\/p>\n<p>L&rsquo;ARVIPO MT32 PRO a suivi l&rsquo;\u00e9volution de ses compagnons de la famille 32, int\u00e9grant d\u00e9sormais le syst\u00e8me de lubrification automatique, une caract\u00e9ristique parfaite pour l&rsquo;outil haute performance qui recherche l&rsquo;augmentation de la puissance de coupe.<\/p>\n<p>Son ergonomie et la r\u00e9partition du poids ont \u00e9t\u00e9 minutieusement travaill\u00e9es, ce qui donne une scie incroyablement confortable en main.<\/p>\n<p>Avec ces am\u00e9liorations, la scie \u00e9lectrique Arvipo MT32 PRO s&rsquo;impose comme une pi\u00e8ce ma\u00eetresse de l&rsquo;ARVIPO 32 EQUIP.<\/p>\n<p>EASY LOCK NUT Syst\u00e8me de d\u00e9montage et de montage rapide du carter de cha\u00eene qui simplifie les t\u00e2ches d&rsquo;entretien quotidiennes.<\/p>\n<p>BATTERIE INT\u00c9GR\u00c9E OU AMOVIBLE La batterie amovible offre une libert\u00e9 de mouvement et avec l&rsquo;utilisation de l&rsquo;accessoire rallonge, vous pouvez choisir de l&rsquo;utiliser avec la batterie int\u00e9gr\u00e9e ou de la transporter s\u00e9par\u00e9ment en fonction des conditions et de la dur\u00e9e du travail.<\/p>\n","protected":false},"excerpt":{"rendered":"<p>Scie \u00e0 batterie Arvipo MT32 PRO<\/p>\n<p>L&rsquo;ARVIPO MT32 PRO a suivi l&rsquo;\u00e9volution de ses compagnons de la famille 32, int\u00e9grant d\u00e9sormais le syst\u00e8me de lubrification automatique, une caract\u00e9ristique parfaite pour l&rsquo;outil haute performance qui recherche l&rsquo;augmentation de la puissance de coupe.<\/p>\n","protected":false},"featured_media":7002,"comment_status":"open","ping_status":"closed","template":"","meta":[],"product_brand":[],"product_cat":[1708,850,468],"product_tag":[858,859,865,861,851,548],"class_list":{"0":"post-7580","1":"product","2":"type-product","3":"status-publish","4":"has-post-thumbnail","6":"product_cat-scies-electriques-arvipo","7":"product_cat-scies-electriques","8":"product_cat-taille","9":"product_tag-arvipo-fr","10":"product_tag-chaine-de-montagnes","11":"product_tag-scie-a-elaguer-fr-2","12":"product_tag-scie-electrique","13":"product_tag-secateur-fr","14":"product_tag-taille-fr","16":"first","17":"instock","18":"taxable","19":"shipping-taxable","20":"purchasable","21":"product-type-variable"},"yoast_head":"<!-- This site is optimized with the Yoast SEO plugin v27.3 - https:\/\/yoast.com\/product\/yoast-seo-wordpress\/ -->\n<title>Scie \u00e9lectrique Arvipo MT32 PRO | SAIGA<\/title>\n<meta name=\"description\" content=\"La scie Arvipo MT32 PRO a suivi l&#039;\u00e9volution de ses pairs en int\u00e9grant le syst\u00e8me de lubrification automatique, parfait pour l&#039;outil haute performance.\" \/>\n<meta name=\"robots\" content=\"index, follow, max-snippet:-1, max-image-preview:large, max-video-preview:-1\" \/>\n<link rel=\"canonical\" href=\"https:\/\/saiga.es\/fr\/produit\/scie-electrique-arvipo-mt32-pro\/\" \/>\n<meta property=\"og:locale\" content=\"fr_FR\" \/>\n<meta property=\"og:type\" content=\"article\" \/>\n<meta property=\"og:title\" content=\"Scie \u00e9lectrique Arvipo MT32 PRO | SAIGA\" \/>\n<meta property=\"og:description\" content=\"La scie Arvipo MT32 PRO a suivi l&#039;\u00e9volution de ses pairs en int\u00e9grant le syst\u00e8me de lubrification automatique, parfait pour l&#039;outil haute performance.\" \/>\n<meta property=\"og:url\" content=\"https:\/\/saiga.es\/fr\/produit\/scie-electrique-arvipo-mt32-pro\/\" \/>\n<meta property=\"og:site_name\" content=\"SAIGA\" \/>\n<meta property=\"og:image\" content=\"https:\/\/saiga.es\/wp-content\/uploads\/2024\/01\/mt27-frontal1-1-1.jpg\" \/>\n\t<meta property=\"og:image:width\" content=\"1800\" \/>\n\t<meta property=\"og:image:height\" content=\"1738\" \/>\n\t<meta property=\"og:image:type\" content=\"image\/jpeg\" \/>\n<meta name=\"twitter:card\" content=\"summary_large_image\" \/>\n<meta name=\"twitter:site\" content=\"@saiga_agro\" \/>\n<meta name=\"twitter:label1\" content=\"Dur\u00e9e de lecture estim\u00e9e\" \/>\n\t<meta name=\"twitter:data1\" content=\"1 minute\" \/>\n<script type=\"application\/ld+json\" class=\"yoast-schema-graph\">{\"@context\":\"https:\\\/\\\/schema.org\",\"@graph\":[{\"@type\":\"WebPage\",\"@id\":\"https:\\\/\\\/saiga.es\\\/fr\\\/produit\\\/scie-electrique-arvipo-mt32-pro\\\/\",\"url\":\"https:\\\/\\\/saiga.es\\\/fr\\\/produit\\\/scie-electrique-arvipo-mt32-pro\\\/\",\"name\":\"Scie \u00e9lectrique Arvipo MT32 PRO | SAIGA\",\"isPartOf\":{\"@id\":\"https:\\\/\\\/saiga.es\\\/fr\\\/#website\"},\"primaryImageOfPage\":{\"@id\":\"https:\\\/\\\/saiga.es\\\/fr\\\/produit\\\/scie-electrique-arvipo-mt32-pro\\\/#primaryimage\"},\"image\":{\"@id\":\"https:\\\/\\\/saiga.es\\\/fr\\\/produit\\\/scie-electrique-arvipo-mt32-pro\\\/#primaryimage\"},\"thumbnailUrl\":\"https:\\\/\\\/saiga.es\\\/wp-content\\\/uploads\\\/2024\\\/01\\\/mt27-frontal1-1-1.jpg\",\"datePublished\":\"2024-01-30T10:36:46+00:00\",\"description\":\"La scie Arvipo MT32 PRO a suivi l'\u00e9volution de ses pairs en int\u00e9grant le syst\u00e8me de lubrification automatique, parfait pour l'outil haute performance.\",\"breadcrumb\":{\"@id\":\"https:\\\/\\\/saiga.es\\\/fr\\\/produit\\\/scie-electrique-arvipo-mt32-pro\\\/#breadcrumb\"},\"inLanguage\":\"fr-FR\",\"potentialAction\":[{\"@type\":\"ReadAction\",\"target\":[\"https:\\\/\\\/saiga.es\\\/fr\\\/produit\\\/scie-electrique-arvipo-mt32-pro\\\/\"]}]},{\"@type\":\"ImageObject\",\"inLanguage\":\"fr-FR\",\"@id\":\"https:\\\/\\\/saiga.es\\\/fr\\\/produit\\\/scie-electrique-arvipo-mt32-pro\\\/#primaryimage\",\"url\":\"https:\\\/\\\/saiga.es\\\/wp-content\\\/uploads\\\/2024\\\/01\\\/mt27-frontal1-1-1.jpg\",\"contentUrl\":\"https:\\\/\\\/saiga.es\\\/wp-content\\\/uploads\\\/2024\\\/01\\\/mt27-frontal1-1-1.jpg\",\"width\":1800,\"height\":1738,\"caption\":\"sierra de poda el\u00e9ctrica\"},{\"@type\":\"BreadcrumbList\",\"@id\":\"https:\\\/\\\/saiga.es\\\/fr\\\/produit\\\/scie-electrique-arvipo-mt32-pro\\\/#breadcrumb\",\"itemListElement\":[{\"@type\":\"ListItem\",\"position\":1,\"name\":\"Inici\",\"item\":\"https:\\\/\\\/saiga.es\\\/fr\\\/\"},{\"@type\":\"ListItem\",\"position\":2,\"name\":\"boutique\",\"item\":\"https:\\\/\\\/saiga.es\\\/fr\\\/boutique\\\/\"},{\"@type\":\"ListItem\",\"position\":3,\"name\":\"Scie \u00e9lectrique Arvipo MT32 PRO\"}]},{\"@type\":\"WebSite\",\"@id\":\"https:\\\/\\\/saiga.es\\\/fr\\\/#website\",\"url\":\"https:\\\/\\\/saiga.es\\\/fr\\\/\",\"name\":\"SAIGA\",\"description\":\"M\u00e9s de 50 anys al servei de la terra i treballant per a un \u00fas eficient de l\u2019aigua!\",\"publisher\":{\"@id\":\"https:\\\/\\\/saiga.es\\\/fr\\\/#organization\"},\"potentialAction\":[{\"@type\":\"SearchAction\",\"target\":{\"@type\":\"EntryPoint\",\"urlTemplate\":\"https:\\\/\\\/saiga.es\\\/fr\\\/?s={search_term_string}\"},\"query-input\":{\"@type\":\"PropertyValueSpecification\",\"valueRequired\":true,\"valueName\":\"search_term_string\"}}],\"inLanguage\":\"fr-FR\"},{\"@type\":\"Organization\",\"@id\":\"https:\\\/\\\/saiga.es\\\/fr\\\/#organization\",\"name\":\"SAIGA\",\"url\":\"https:\\\/\\\/saiga.es\\\/fr\\\/\",\"logo\":{\"@type\":\"ImageObject\",\"inLanguage\":\"fr-FR\",\"@id\":\"https:\\\/\\\/saiga.es\\\/fr\\\/#\\\/schema\\\/logo\\\/image\\\/\",\"url\":\"https:\\\/\\\/saiga.es\\\/wp-content\\\/uploads\\\/2025\\\/07\\\/logo_saiga_baseline_optimitzat.svg\",\"contentUrl\":\"https:\\\/\\\/saiga.es\\\/wp-content\\\/uploads\\\/2025\\\/07\\\/logo_saiga_baseline_optimitzat.svg\",\"caption\":\"SAIGA\"},\"image\":{\"@id\":\"https:\\\/\\\/saiga.es\\\/fr\\\/#\\\/schema\\\/logo\\\/image\\\/\"},\"sameAs\":[\"https:\\\/\\\/x.com\\\/saiga_agro\",\"https:\\\/\\\/www.instagram.com\\\/saiga_agro\\\/\"]}]}<\/script>\n<!-- \/ Yoast SEO plugin. -->","yoast_head_json":{"title":"Scie \u00e9lectrique Arvipo MT32 PRO | SAIGA","description":"La scie Arvipo MT32 PRO a suivi l'\u00e9volution de ses pairs en int\u00e9grant le syst\u00e8me de lubrification automatique, parfait pour l'outil haute performance.","robots":{"index":"index","follow":"follow","max-snippet":"max-snippet:-1","max-image-preview":"max-image-preview:large","max-video-preview":"max-video-preview:-1"},"canonical":"https:\/\/saiga.es\/fr\/produit\/scie-electrique-arvipo-mt32-pro\/","og_locale":"fr_FR","og_type":"article","og_title":"Scie \u00e9lectrique Arvipo MT32 PRO | SAIGA","og_description":"La scie Arvipo MT32 PRO a suivi l'\u00e9volution de ses pairs en int\u00e9grant le syst\u00e8me de lubrification automatique, parfait pour l'outil haute performance.","og_url":"https:\/\/saiga.es\/fr\/produit\/scie-electrique-arvipo-mt32-pro\/","og_site_name":"SAIGA","og_image":[{"width":1800,"height":1738,"url":"https:\/\/saiga.es\/wp-content\/uploads\/2024\/01\/mt27-frontal1-1-1.jpg","type":"image\/jpeg"}],"twitter_card":"summary_large_image","twitter_site":"@saiga_agro","twitter_misc":{"Dur\u00e9e de lecture estim\u00e9e":"1 minute"},"schema":{"@context":"https:\/\/schema.org","@graph":[{"@type":"WebPage","@id":"https:\/\/saiga.es\/fr\/produit\/scie-electrique-arvipo-mt32-pro\/","url":"https:\/\/saiga.es\/fr\/produit\/scie-electrique-arvipo-mt32-pro\/","name":"Scie \u00e9lectrique Arvipo MT32 PRO | SAIGA","isPartOf":{"@id":"https:\/\/saiga.es\/fr\/#website"},"primaryImageOfPage":{"@id":"https:\/\/saiga.es\/fr\/produit\/scie-electrique-arvipo-mt32-pro\/#primaryimage"},"image":{"@id":"https:\/\/saiga.es\/fr\/produit\/scie-electrique-arvipo-mt32-pro\/#primaryimage"},"thumbnailUrl":"https:\/\/saiga.es\/wp-content\/uploads\/2024\/01\/mt27-frontal1-1-1.jpg","datePublished":"2024-01-30T10:36:46+00:00","description":"La scie Arvipo MT32 PRO a suivi l'\u00e9volution de ses pairs en int\u00e9grant le syst\u00e8me de lubrification automatique, parfait pour l'outil haute performance.","breadcrumb":{"@id":"https:\/\/saiga.es\/fr\/produit\/scie-electrique-arvipo-mt32-pro\/#breadcrumb"},"inLanguage":"fr-FR","potentialAction":[{"@type":"ReadAction","target":["https:\/\/saiga.es\/fr\/produit\/scie-electrique-arvipo-mt32-pro\/"]}]},{"@type":"ImageObject","inLanguage":"fr-FR","@id":"https:\/\/saiga.es\/fr\/produit\/scie-electrique-arvipo-mt32-pro\/#primaryimage","url":"https:\/\/saiga.es\/wp-content\/uploads\/2024\/01\/mt27-frontal1-1-1.jpg","contentUrl":"https:\/\/saiga.es\/wp-content\/uploads\/2024\/01\/mt27-frontal1-1-1.jpg","width":1800,"height":1738,"caption":"sierra de poda el\u00e9ctrica"},{"@type":"BreadcrumbList","@id":"https:\/\/saiga.es\/fr\/produit\/scie-electrique-arvipo-mt32-pro\/#breadcrumb","itemListElement":[{"@type":"ListItem","position":1,"name":"Inici","item":"https:\/\/saiga.es\/fr\/"},{"@type":"ListItem","position":2,"name":"boutique","item":"https:\/\/saiga.es\/fr\/boutique\/"},{"@type":"ListItem","position":3,"name":"Scie \u00e9lectrique Arvipo MT32 PRO"}]},{"@type":"WebSite","@id":"https:\/\/saiga.es\/fr\/#website","url":"https:\/\/saiga.es\/fr\/","name":"SAIGA","description":"M\u00e9s de 50 anys al servei de la terra i treballant per a un \u00fas eficient de l\u2019aigua!","publisher":{"@id":"https:\/\/saiga.es\/fr\/#organization"},"potentialAction":[{"@type":"SearchAction","target":{"@type":"EntryPoint","urlTemplate":"https:\/\/saiga.es\/fr\/?s={search_term_string}"},"query-input":{"@type":"PropertyValueSpecification","valueRequired":true,"valueName":"search_term_string"}}],"inLanguage":"fr-FR"},{"@type":"Organization","@id":"https:\/\/saiga.es\/fr\/#organization","name":"SAIGA","url":"https:\/\/saiga.es\/fr\/","logo":{"@type":"ImageObject","inLanguage":"fr-FR","@id":"https:\/\/saiga.es\/fr\/#\/schema\/logo\/image\/","url":"https:\/\/saiga.es\/wp-content\/uploads\/2025\/07\/logo_saiga_baseline_optimitzat.svg","contentUrl":"https:\/\/saiga.es\/wp-content\/uploads\/2025\/07\/logo_saiga_baseline_optimitzat.svg","caption":"SAIGA"},"image":{"@id":"https:\/\/saiga.es\/fr\/#\/schema\/logo\/image\/"},"sameAs":["https:\/\/x.com\/saiga_agro","https:\/\/www.instagram.com\/saiga_agro\/"]}]}},"_links":{"self":[{"href":"https:\/\/saiga.es\/fr\/wp-json\/wp\/v2\/product\/7580","targetHints":{"allow":["GET"]}}],"collection":[{"href":"https:\/\/saiga.es\/fr\/wp-json\/wp\/v2\/product"}],"about":[{"href":"https:\/\/saiga.es\/fr\/wp-json\/wp\/v2\/types\/product"}],"replies":[{"embeddable":true,"href":"https:\/\/saiga.es\/fr\/wp-json\/wp\/v2\/comments?post=7580"}],"wp:featuredmedia":[{"embeddable":true,"href":"https:\/\/saiga.es\/fr\/wp-json\/wp\/v2\/media\/7002"}],"wp:attachment":[{"href":"https:\/\/saiga.es\/fr\/wp-json\/wp\/v2\/media?parent=7580"}],"wp:term":[{"taxonomy":"product_brand","embeddable":true,"href":"https:\/\/saiga.es\/fr\/wp-json\/wp\/v2\/product_brand?post=7580"},{"taxonomy":"product_cat","embeddable":true,"href":"https:\/\/saiga.es\/fr\/wp-json\/wp\/v2\/product_cat?post=7580"},{"taxonomy":"product_tag","embeddable":true,"href":"https:\/\/saiga.es\/fr\/wp-json\/wp\/v2\/product_tag?post=7580"}],"curies":[{"name":"wp","href":"https:\/\/api.w.org\/{rel}","templated":true}]}}