{"id":7632,"date":"2023-08-25T10:29:35","date_gmt":"2023-08-25T10:29:35","guid":{"rendered":"https:\/\/botiga.saiga.es\/producte\/connecteur-rapide-d20-siroflex\/"},"modified":"2023-08-25T10:29:35","modified_gmt":"2023-08-25T10:29:35","slug":"connecteur-rapide-d20-siroflex","status":"publish","type":"product","link":"https:\/\/saiga.es\/fr\/produit\/connecteur-rapide-d20-siroflex\/","title":{"rendered":"Connecteur rapide D20 Siroflex"},"content":{"rendered":"<p>Il offre des solutions simples aux besoins d\u2019irrigation manuelle et de surface. La pince de connexion est \u00e9quip\u00e9e d&rsquo;une griffe ind\u00e9pendante r\u00e9alis\u00e9e avec un mat\u00e9riau appropri\u00e9 pour garantir une pression de fermeture maximale<br \/>\nPour diam\u00e8tre standard de 9 mm.<\/p>\n","protected":false},"excerpt":{"rendered":"<p>Il offre des solutions simples aux besoins d\u2019irrigation manuelle et de surface. La pince de connexion est \u00e9quip\u00e9e d&rsquo;une griffe ind\u00e9pendante r\u00e9alis\u00e9e avec un mat\u00e9riau appropri\u00e9 pour garantir une pression de fermeture maximale<br \/>\nPour diam\u00e8tre standard de 9 mm.<\/p>\n","protected":false},"featured_media":7663,"comment_status":"open","ping_status":"closed","template":"","meta":[],"product_brand":[],"product_cat":[461,474],"product_tag":[875,777,824,876,869,870],"class_list":{"0":"post-7632","1":"product","2":"type-product","3":"status-publish","4":"has-post-thumbnail","6":"product_cat-tuyaux-et-accessoires","7":"product_cat-tuyaux-et-accessoires-fr","8":"product_tag-connecteur","9":"product_tag-jardinage","10":"product_tag-reg-fr","11":"product_tag-tuyau-fr","12":"product_tag-tuyau","13":"product_tag-tuyaux","15":"first","16":"instock","17":"taxable","18":"shipping-taxable","19":"purchasable","20":"product-type-variable"},"yoast_head":"<!-- This site is optimized with the Yoast SEO plugin v27.4 - https:\/\/yoast.com\/product\/yoast-seo-wordpress\/ -->\n<title>Connecteur rapide D20 Siroflex | SAIGA<\/title>\n<meta name=\"description\" content=\"Il offre des solutions simples aux besoins d\u2019irrigation manuelle et de surface. La pince de connexion est \u00e9quip\u00e9e d&#039;une griffe ind\u00e9pendante r\u00e9alis\u00e9e avec un mat\u00e9riau adapt\u00e9 pour garantir la pression maximale de fermeturePour un diam\u00e8tre standard de 9 mm.\" \/>\n<meta name=\"robots\" content=\"index, follow, max-snippet:-1, max-image-preview:large, max-video-preview:-1\" \/>\n<link rel=\"canonical\" href=\"https:\/\/saiga.es\/fr\/produit\/connecteur-rapide-d20-siroflex\/\" \/>\n<meta property=\"og:locale\" content=\"fr_FR\" \/>\n<meta property=\"og:type\" content=\"article\" \/>\n<meta property=\"og:title\" content=\"Connecteur rapide D20 Siroflex | SAIGA\" \/>\n<meta property=\"og:description\" content=\"Il offre des solutions simples aux besoins d\u2019irrigation manuelle et de surface. La pince de connexion est \u00e9quip\u00e9e d&#039;une griffe ind\u00e9pendante r\u00e9alis\u00e9e avec un mat\u00e9riau adapt\u00e9 pour garantir la pression maximale de fermeturePour un diam\u00e8tre standard de 9 mm.\" \/>\n<meta property=\"og:url\" content=\"https:\/\/saiga.es\/fr\/produit\/connecteur-rapide-d20-siroflex\/\" \/>\n<meta property=\"og:site_name\" content=\"SAIGA\" \/>\n<meta property=\"og:image\" content=\"https:\/\/saiga.es\/wp-content\/uploads\/2023\/08\/Connector-rapid-Siroflex.jpg\" \/>\n\t<meta property=\"og:image:width\" content=\"1000\" \/>\n\t<meta property=\"og:image:height\" content=\"1000\" \/>\n\t<meta property=\"og:image:type\" content=\"image\/jpeg\" \/>\n<meta name=\"twitter:card\" content=\"summary_large_image\" \/>\n<meta name=\"twitter:site\" content=\"@saiga_agro\" \/>\n<script type=\"application\/ld+json\" class=\"yoast-schema-graph\">{\"@context\":\"https:\\\/\\\/schema.org\",\"@graph\":[{\"@type\":\"WebPage\",\"@id\":\"https:\\\/\\\/saiga.es\\\/fr\\\/produit\\\/connecteur-rapide-d20-siroflex\\\/\",\"url\":\"https:\\\/\\\/saiga.es\\\/fr\\\/produit\\\/connecteur-rapide-d20-siroflex\\\/\",\"name\":\"Connecteur rapide D20 Siroflex | SAIGA\",\"isPartOf\":{\"@id\":\"https:\\\/\\\/saiga.es\\\/fr\\\/#website\"},\"primaryImageOfPage\":{\"@id\":\"https:\\\/\\\/saiga.es\\\/fr\\\/produit\\\/connecteur-rapide-d20-siroflex\\\/#primaryimage\"},\"image\":{\"@id\":\"https:\\\/\\\/saiga.es\\\/fr\\\/produit\\\/connecteur-rapide-d20-siroflex\\\/#primaryimage\"},\"thumbnailUrl\":\"https:\\\/\\\/saiga.es\\\/wp-content\\\/uploads\\\/2023\\\/08\\\/Connector-rapid-Siroflex.jpg\",\"datePublished\":\"2023-08-25T10:29:35+00:00\",\"description\":\"Il offre des solutions simples aux besoins d\u2019irrigation manuelle et de surface. La pince de connexion est \u00e9quip\u00e9e d'une griffe ind\u00e9pendante r\u00e9alis\u00e9e avec un mat\u00e9riau adapt\u00e9 pour garantir la pression maximale de fermeturePour un diam\u00e8tre standard de 9 mm.\",\"breadcrumb\":{\"@id\":\"https:\\\/\\\/saiga.es\\\/fr\\\/produit\\\/connecteur-rapide-d20-siroflex\\\/#breadcrumb\"},\"inLanguage\":\"fr-FR\",\"potentialAction\":[{\"@type\":\"ReadAction\",\"target\":[\"https:\\\/\\\/saiga.es\\\/fr\\\/produit\\\/connecteur-rapide-d20-siroflex\\\/\"]}]},{\"@type\":\"ImageObject\",\"inLanguage\":\"fr-FR\",\"@id\":\"https:\\\/\\\/saiga.es\\\/fr\\\/produit\\\/connecteur-rapide-d20-siroflex\\\/#primaryimage\",\"url\":\"https:\\\/\\\/saiga.es\\\/wp-content\\\/uploads\\\/2023\\\/08\\\/Connector-rapid-Siroflex.jpg\",\"contentUrl\":\"https:\\\/\\\/saiga.es\\\/wp-content\\\/uploads\\\/2023\\\/08\\\/Connector-rapid-Siroflex.jpg\",\"width\":1000,\"height\":1000,\"caption\":\"Connector r\u00e0pid Siroflex\"},{\"@type\":\"BreadcrumbList\",\"@id\":\"https:\\\/\\\/saiga.es\\\/fr\\\/produit\\\/connecteur-rapide-d20-siroflex\\\/#breadcrumb\",\"itemListElement\":[{\"@type\":\"ListItem\",\"position\":1,\"name\":\"Inici\",\"item\":\"https:\\\/\\\/saiga.es\\\/fr\\\/\"},{\"@type\":\"ListItem\",\"position\":2,\"name\":\"boutique\",\"item\":\"https:\\\/\\\/saiga.es\\\/fr\\\/boutique\\\/\"},{\"@type\":\"ListItem\",\"position\":3,\"name\":\"Connecteur rapide D20 Siroflex\"}]},{\"@type\":\"WebSite\",\"@id\":\"https:\\\/\\\/saiga.es\\\/fr\\\/#website\",\"url\":\"https:\\\/\\\/saiga.es\\\/fr\\\/\",\"name\":\"SAIGA\",\"description\":\"M\u00e9s de 50 anys al servei de la terra i treballant per a un \u00fas eficient de l\u2019aigua!\",\"publisher\":{\"@id\":\"https:\\\/\\\/saiga.es\\\/fr\\\/#organization\"},\"potentialAction\":[{\"@type\":\"SearchAction\",\"target\":{\"@type\":\"EntryPoint\",\"urlTemplate\":\"https:\\\/\\\/saiga.es\\\/fr\\\/?s={search_term_string}\"},\"query-input\":{\"@type\":\"PropertyValueSpecification\",\"valueRequired\":true,\"valueName\":\"search_term_string\"}}],\"inLanguage\":\"fr-FR\"},{\"@type\":\"Organization\",\"@id\":\"https:\\\/\\\/saiga.es\\\/fr\\\/#organization\",\"name\":\"SAIGA\",\"url\":\"https:\\\/\\\/saiga.es\\\/fr\\\/\",\"logo\":{\"@type\":\"ImageObject\",\"inLanguage\":\"fr-FR\",\"@id\":\"https:\\\/\\\/saiga.es\\\/fr\\\/#\\\/schema\\\/logo\\\/image\\\/\",\"url\":\"https:\\\/\\\/saiga.es\\\/wp-content\\\/uploads\\\/2025\\\/07\\\/logo_saiga_baseline_optimitzat.svg\",\"contentUrl\":\"https:\\\/\\\/saiga.es\\\/wp-content\\\/uploads\\\/2025\\\/07\\\/logo_saiga_baseline_optimitzat.svg\",\"caption\":\"SAIGA\"},\"image\":{\"@id\":\"https:\\\/\\\/saiga.es\\\/fr\\\/#\\\/schema\\\/logo\\\/image\\\/\"},\"sameAs\":[\"https:\\\/\\\/x.com\\\/saiga_agro\",\"https:\\\/\\\/www.instagram.com\\\/saiga_agro\\\/\"]}]}<\/script>\n<!-- \/ Yoast SEO plugin. -->","yoast_head_json":{"title":"Connecteur rapide D20 Siroflex | SAIGA","description":"Il offre des solutions simples aux besoins d\u2019irrigation manuelle et de surface. La pince de connexion est \u00e9quip\u00e9e d'une griffe ind\u00e9pendante r\u00e9alis\u00e9e avec un mat\u00e9riau adapt\u00e9 pour garantir la pression maximale de fermeturePour un diam\u00e8tre standard de 9 mm.","robots":{"index":"index","follow":"follow","max-snippet":"max-snippet:-1","max-image-preview":"max-image-preview:large","max-video-preview":"max-video-preview:-1"},"canonical":"https:\/\/saiga.es\/fr\/produit\/connecteur-rapide-d20-siroflex\/","og_locale":"fr_FR","og_type":"article","og_title":"Connecteur rapide D20 Siroflex | SAIGA","og_description":"Il offre des solutions simples aux besoins d\u2019irrigation manuelle et de surface. La pince de connexion est \u00e9quip\u00e9e d'une griffe ind\u00e9pendante r\u00e9alis\u00e9e avec un mat\u00e9riau adapt\u00e9 pour garantir la pression maximale de fermeturePour un diam\u00e8tre standard de 9 mm.","og_url":"https:\/\/saiga.es\/fr\/produit\/connecteur-rapide-d20-siroflex\/","og_site_name":"SAIGA","og_image":[{"width":1000,"height":1000,"url":"https:\/\/saiga.es\/wp-content\/uploads\/2023\/08\/Connector-rapid-Siroflex.jpg","type":"image\/jpeg"}],"twitter_card":"summary_large_image","twitter_site":"@saiga_agro","schema":{"@context":"https:\/\/schema.org","@graph":[{"@type":"WebPage","@id":"https:\/\/saiga.es\/fr\/produit\/connecteur-rapide-d20-siroflex\/","url":"https:\/\/saiga.es\/fr\/produit\/connecteur-rapide-d20-siroflex\/","name":"Connecteur rapide D20 Siroflex | SAIGA","isPartOf":{"@id":"https:\/\/saiga.es\/fr\/#website"},"primaryImageOfPage":{"@id":"https:\/\/saiga.es\/fr\/produit\/connecteur-rapide-d20-siroflex\/#primaryimage"},"image":{"@id":"https:\/\/saiga.es\/fr\/produit\/connecteur-rapide-d20-siroflex\/#primaryimage"},"thumbnailUrl":"https:\/\/saiga.es\/wp-content\/uploads\/2023\/08\/Connector-rapid-Siroflex.jpg","datePublished":"2023-08-25T10:29:35+00:00","description":"Il offre des solutions simples aux besoins d\u2019irrigation manuelle et de surface. La pince de connexion est \u00e9quip\u00e9e d'une griffe ind\u00e9pendante r\u00e9alis\u00e9e avec un mat\u00e9riau adapt\u00e9 pour garantir la pression maximale de fermeturePour un diam\u00e8tre standard de 9 mm.","breadcrumb":{"@id":"https:\/\/saiga.es\/fr\/produit\/connecteur-rapide-d20-siroflex\/#breadcrumb"},"inLanguage":"fr-FR","potentialAction":[{"@type":"ReadAction","target":["https:\/\/saiga.es\/fr\/produit\/connecteur-rapide-d20-siroflex\/"]}]},{"@type":"ImageObject","inLanguage":"fr-FR","@id":"https:\/\/saiga.es\/fr\/produit\/connecteur-rapide-d20-siroflex\/#primaryimage","url":"https:\/\/saiga.es\/wp-content\/uploads\/2023\/08\/Connector-rapid-Siroflex.jpg","contentUrl":"https:\/\/saiga.es\/wp-content\/uploads\/2023\/08\/Connector-rapid-Siroflex.jpg","width":1000,"height":1000,"caption":"Connector r\u00e0pid Siroflex"},{"@type":"BreadcrumbList","@id":"https:\/\/saiga.es\/fr\/produit\/connecteur-rapide-d20-siroflex\/#breadcrumb","itemListElement":[{"@type":"ListItem","position":1,"name":"Inici","item":"https:\/\/saiga.es\/fr\/"},{"@type":"ListItem","position":2,"name":"boutique","item":"https:\/\/saiga.es\/fr\/boutique\/"},{"@type":"ListItem","position":3,"name":"Connecteur rapide D20 Siroflex"}]},{"@type":"WebSite","@id":"https:\/\/saiga.es\/fr\/#website","url":"https:\/\/saiga.es\/fr\/","name":"SAIGA","description":"M\u00e9s de 50 anys al servei de la terra i treballant per a un \u00fas eficient de l\u2019aigua!","publisher":{"@id":"https:\/\/saiga.es\/fr\/#organization"},"potentialAction":[{"@type":"SearchAction","target":{"@type":"EntryPoint","urlTemplate":"https:\/\/saiga.es\/fr\/?s={search_term_string}"},"query-input":{"@type":"PropertyValueSpecification","valueRequired":true,"valueName":"search_term_string"}}],"inLanguage":"fr-FR"},{"@type":"Organization","@id":"https:\/\/saiga.es\/fr\/#organization","name":"SAIGA","url":"https:\/\/saiga.es\/fr\/","logo":{"@type":"ImageObject","inLanguage":"fr-FR","@id":"https:\/\/saiga.es\/fr\/#\/schema\/logo\/image\/","url":"https:\/\/saiga.es\/wp-content\/uploads\/2025\/07\/logo_saiga_baseline_optimitzat.svg","contentUrl":"https:\/\/saiga.es\/wp-content\/uploads\/2025\/07\/logo_saiga_baseline_optimitzat.svg","caption":"SAIGA"},"image":{"@id":"https:\/\/saiga.es\/fr\/#\/schema\/logo\/image\/"},"sameAs":["https:\/\/x.com\/saiga_agro","https:\/\/www.instagram.com\/saiga_agro\/"]}]}},"_links":{"self":[{"href":"https:\/\/saiga.es\/fr\/wp-json\/wp\/v2\/product\/7632","targetHints":{"allow":["GET"]}}],"collection":[{"href":"https:\/\/saiga.es\/fr\/wp-json\/wp\/v2\/product"}],"about":[{"href":"https:\/\/saiga.es\/fr\/wp-json\/wp\/v2\/types\/product"}],"replies":[{"embeddable":true,"href":"https:\/\/saiga.es\/fr\/wp-json\/wp\/v2\/comments?post=7632"}],"wp:featuredmedia":[{"embeddable":true,"href":"https:\/\/saiga.es\/fr\/wp-json\/wp\/v2\/media\/7663"}],"wp:attachment":[{"href":"https:\/\/saiga.es\/fr\/wp-json\/wp\/v2\/media?parent=7632"}],"wp:term":[{"taxonomy":"product_brand","embeddable":true,"href":"https:\/\/saiga.es\/fr\/wp-json\/wp\/v2\/product_brand?post=7632"},{"taxonomy":"product_cat","embeddable":true,"href":"https:\/\/saiga.es\/fr\/wp-json\/wp\/v2\/product_cat?post=7632"},{"taxonomy":"product_tag","embeddable":true,"href":"https:\/\/saiga.es\/fr\/wp-json\/wp\/v2\/product_tag?post=7632"}],"curies":[{"name":"wp","href":"https:\/\/api.w.org\/{rel}","templated":true}]}}