{"id":7678,"date":"2024-02-19T10:06:54","date_gmt":"2024-02-19T10:06:54","guid":{"rendered":"https:\/\/botiga.saiga.es\/producte\/compte-gouttes-bouton-netafim\/"},"modified":"2024-08-29T12:48:33","modified_gmt":"2024-08-29T12:48:33","slug":"compte-gouttes-bouton-netafim","status":"publish","type":"product","link":"https:\/\/saiga.es\/fr\/produit\/compte-gouttes-bouton-netafim\/","title":{"rendered":"Compte-gouttes bouton Netafim"},"content":{"rendered":"<p>Le goutteur bouton Netafim est une solution fiable pour une irrigation goutte \u00e0 goutte efficace et pr\u00e9cise. Disponible en d\u00e9bits de 2, 4 et 8 litres par heure, ce goutteur est con\u00e7u pour une r\u00e9partition uniforme de l&rsquo;eau, s&rsquo;adaptant aux besoins de chaque plante ou culture. Sa construction robuste assure une longue dur\u00e9e de vie, r\u00e9sistant au colmatage et aux rayons UV. Facile \u00e0 installer et \u00e0 entretenir, il est id\u00e9al pour les jardins, les parterres de fleurs, les vergers et les am\u00e9nagements paysagers. Avec le goutteur bouton Netafim, assurez un arrosage constant et efficace, maximisant la croissance et la sant\u00e9 de vos plantes.    <\/p>\n","protected":false},"excerpt":{"rendered":"<p>Le goutteur bouton Netafim est une solution fiable pour une irrigation goutte \u00e0 goutte efficace et pr\u00e9cise. Disponible en d\u00e9bits de 2, 4 et 8 litres par heure, ce goutteur est con\u00e7u pour une r\u00e9partition uniforme de l&rsquo;eau, s&rsquo;adaptant aux besoins de chaque plante ou culture. <\/p>\n","protected":false},"featured_media":7668,"comment_status":"closed","ping_status":"closed","template":"","meta":[],"product_brand":[],"product_cat":[2252],"product_tag":[879,841,824],"class_list":{"0":"post-7678","1":"product","2":"type-product","3":"status-publish","4":"has-post-thumbnail","6":"product_cat-compte-gouttes","7":"product_tag-bouton-compte-gouttes","8":"product_tag-compte-gouttes","9":"product_tag-reg-fr","11":"first","12":"instock","13":"taxable","14":"shipping-taxable","15":"purchasable","16":"product-type-variable"},"yoast_head":"<!-- This site is optimized with the Yoast SEO plugin v27.4 - https:\/\/yoast.com\/product\/yoast-seo-wordpress\/ -->\n<title>Compte-gouttes bouton Netafim | SAIGA<\/title>\n<meta name=\"description\" content=\"Compte-gouttes bouton Netafim\" \/>\n<meta name=\"robots\" content=\"index, follow, max-snippet:-1, max-image-preview:large, max-video-preview:-1\" \/>\n<link rel=\"canonical\" href=\"https:\/\/saiga.es\/fr\/produit\/compte-gouttes-bouton-netafim\/\" \/>\n<meta property=\"og:locale\" content=\"fr_FR\" \/>\n<meta property=\"og:type\" content=\"article\" \/>\n<meta property=\"og:title\" content=\"Compte-gouttes bouton Netafim | SAIGA\" \/>\n<meta property=\"og:description\" content=\"Compte-gouttes bouton Netafim\" \/>\n<meta property=\"og:url\" content=\"https:\/\/saiga.es\/fr\/produit\/compte-gouttes-bouton-netafim\/\" \/>\n<meta property=\"og:site_name\" content=\"SAIGA\" \/>\n<meta property=\"article:modified_time\" content=\"2024-08-29T12:48:33+00:00\" \/>\n<meta property=\"og:image\" content=\"https:\/\/saiga.es\/wp-content\/uploads\/2024\/02\/Goter-2L.jpg\" \/>\n\t<meta property=\"og:image:width\" content=\"1000\" \/>\n\t<meta property=\"og:image:height\" content=\"1000\" \/>\n\t<meta property=\"og:image:type\" content=\"image\/jpeg\" \/>\n<meta name=\"twitter:card\" content=\"summary_large_image\" \/>\n<meta name=\"twitter:site\" content=\"@saiga_agro\" \/>\n<meta name=\"twitter:label1\" content=\"Dur\u00e9e de lecture estim\u00e9e\" \/>\n\t<meta name=\"twitter:data1\" content=\"1 minute\" \/>\n<script type=\"application\/ld+json\" class=\"yoast-schema-graph\">{\"@context\":\"https:\\\/\\\/schema.org\",\"@graph\":[{\"@type\":\"WebPage\",\"@id\":\"https:\\\/\\\/saiga.es\\\/fr\\\/produit\\\/compte-gouttes-bouton-netafim\\\/\",\"url\":\"https:\\\/\\\/saiga.es\\\/fr\\\/produit\\\/compte-gouttes-bouton-netafim\\\/\",\"name\":\"Compte-gouttes bouton Netafim | SAIGA\",\"isPartOf\":{\"@id\":\"https:\\\/\\\/saiga.es\\\/fr\\\/#website\"},\"primaryImageOfPage\":{\"@id\":\"https:\\\/\\\/saiga.es\\\/fr\\\/produit\\\/compte-gouttes-bouton-netafim\\\/#primaryimage\"},\"image\":{\"@id\":\"https:\\\/\\\/saiga.es\\\/fr\\\/produit\\\/compte-gouttes-bouton-netafim\\\/#primaryimage\"},\"thumbnailUrl\":\"https:\\\/\\\/saiga.es\\\/wp-content\\\/uploads\\\/2024\\\/02\\\/Goter-2L.jpg\",\"datePublished\":\"2024-02-19T10:06:54+00:00\",\"dateModified\":\"2024-08-29T12:48:33+00:00\",\"description\":\"Compte-gouttes bouton Netafim\",\"breadcrumb\":{\"@id\":\"https:\\\/\\\/saiga.es\\\/fr\\\/produit\\\/compte-gouttes-bouton-netafim\\\/#breadcrumb\"},\"inLanguage\":\"fr-FR\",\"potentialAction\":[{\"@type\":\"ReadAction\",\"target\":[\"https:\\\/\\\/saiga.es\\\/fr\\\/produit\\\/compte-gouttes-bouton-netafim\\\/\"]}]},{\"@type\":\"ImageObject\",\"inLanguage\":\"fr-FR\",\"@id\":\"https:\\\/\\\/saiga.es\\\/fr\\\/produit\\\/compte-gouttes-bouton-netafim\\\/#primaryimage\",\"url\":\"https:\\\/\\\/saiga.es\\\/wp-content\\\/uploads\\\/2024\\\/02\\\/Goter-2L.jpg\",\"contentUrl\":\"https:\\\/\\\/saiga.es\\\/wp-content\\\/uploads\\\/2024\\\/02\\\/Goter-2L.jpg\",\"width\":1000,\"height\":1000,\"caption\":\"Compte-gouttes 2 L\"},{\"@type\":\"BreadcrumbList\",\"@id\":\"https:\\\/\\\/saiga.es\\\/fr\\\/produit\\\/compte-gouttes-bouton-netafim\\\/#breadcrumb\",\"itemListElement\":[{\"@type\":\"ListItem\",\"position\":1,\"name\":\"Inici\",\"item\":\"https:\\\/\\\/saiga.es\\\/fr\\\/\"},{\"@type\":\"ListItem\",\"position\":2,\"name\":\"boutique\",\"item\":\"https:\\\/\\\/saiga.es\\\/fr\\\/boutique\\\/\"},{\"@type\":\"ListItem\",\"position\":3,\"name\":\"Compte-gouttes bouton Netafim\"}]},{\"@type\":\"WebSite\",\"@id\":\"https:\\\/\\\/saiga.es\\\/fr\\\/#website\",\"url\":\"https:\\\/\\\/saiga.es\\\/fr\\\/\",\"name\":\"SAIGA\",\"description\":\"M\u00e9s de 50 anys al servei de la terra i treballant per a un \u00fas eficient de l\u2019aigua!\",\"publisher\":{\"@id\":\"https:\\\/\\\/saiga.es\\\/fr\\\/#organization\"},\"potentialAction\":[{\"@type\":\"SearchAction\",\"target\":{\"@type\":\"EntryPoint\",\"urlTemplate\":\"https:\\\/\\\/saiga.es\\\/fr\\\/?s={search_term_string}\"},\"query-input\":{\"@type\":\"PropertyValueSpecification\",\"valueRequired\":true,\"valueName\":\"search_term_string\"}}],\"inLanguage\":\"fr-FR\"},{\"@type\":\"Organization\",\"@id\":\"https:\\\/\\\/saiga.es\\\/fr\\\/#organization\",\"name\":\"SAIGA\",\"url\":\"https:\\\/\\\/saiga.es\\\/fr\\\/\",\"logo\":{\"@type\":\"ImageObject\",\"inLanguage\":\"fr-FR\",\"@id\":\"https:\\\/\\\/saiga.es\\\/fr\\\/#\\\/schema\\\/logo\\\/image\\\/\",\"url\":\"https:\\\/\\\/saiga.es\\\/wp-content\\\/uploads\\\/2025\\\/07\\\/logo_saiga_baseline_optimitzat.svg\",\"contentUrl\":\"https:\\\/\\\/saiga.es\\\/wp-content\\\/uploads\\\/2025\\\/07\\\/logo_saiga_baseline_optimitzat.svg\",\"caption\":\"SAIGA\"},\"image\":{\"@id\":\"https:\\\/\\\/saiga.es\\\/fr\\\/#\\\/schema\\\/logo\\\/image\\\/\"},\"sameAs\":[\"https:\\\/\\\/x.com\\\/saiga_agro\",\"https:\\\/\\\/www.instagram.com\\\/saiga_agro\\\/\"]}]}<\/script>\n<!-- \/ Yoast SEO plugin. -->","yoast_head_json":{"title":"Compte-gouttes bouton Netafim | SAIGA","description":"Compte-gouttes bouton Netafim","robots":{"index":"index","follow":"follow","max-snippet":"max-snippet:-1","max-image-preview":"max-image-preview:large","max-video-preview":"max-video-preview:-1"},"canonical":"https:\/\/saiga.es\/fr\/produit\/compte-gouttes-bouton-netafim\/","og_locale":"fr_FR","og_type":"article","og_title":"Compte-gouttes bouton Netafim | SAIGA","og_description":"Compte-gouttes bouton Netafim","og_url":"https:\/\/saiga.es\/fr\/produit\/compte-gouttes-bouton-netafim\/","og_site_name":"SAIGA","article_modified_time":"2024-08-29T12:48:33+00:00","og_image":[{"width":1000,"height":1000,"url":"https:\/\/saiga.es\/wp-content\/uploads\/2024\/02\/Goter-2L.jpg","type":"image\/jpeg"}],"twitter_card":"summary_large_image","twitter_site":"@saiga_agro","twitter_misc":{"Dur\u00e9e de lecture estim\u00e9e":"1 minute"},"schema":{"@context":"https:\/\/schema.org","@graph":[{"@type":"WebPage","@id":"https:\/\/saiga.es\/fr\/produit\/compte-gouttes-bouton-netafim\/","url":"https:\/\/saiga.es\/fr\/produit\/compte-gouttes-bouton-netafim\/","name":"Compte-gouttes bouton Netafim | SAIGA","isPartOf":{"@id":"https:\/\/saiga.es\/fr\/#website"},"primaryImageOfPage":{"@id":"https:\/\/saiga.es\/fr\/produit\/compte-gouttes-bouton-netafim\/#primaryimage"},"image":{"@id":"https:\/\/saiga.es\/fr\/produit\/compte-gouttes-bouton-netafim\/#primaryimage"},"thumbnailUrl":"https:\/\/saiga.es\/wp-content\/uploads\/2024\/02\/Goter-2L.jpg","datePublished":"2024-02-19T10:06:54+00:00","dateModified":"2024-08-29T12:48:33+00:00","description":"Compte-gouttes bouton Netafim","breadcrumb":{"@id":"https:\/\/saiga.es\/fr\/produit\/compte-gouttes-bouton-netafim\/#breadcrumb"},"inLanguage":"fr-FR","potentialAction":[{"@type":"ReadAction","target":["https:\/\/saiga.es\/fr\/produit\/compte-gouttes-bouton-netafim\/"]}]},{"@type":"ImageObject","inLanguage":"fr-FR","@id":"https:\/\/saiga.es\/fr\/produit\/compte-gouttes-bouton-netafim\/#primaryimage","url":"https:\/\/saiga.es\/wp-content\/uploads\/2024\/02\/Goter-2L.jpg","contentUrl":"https:\/\/saiga.es\/wp-content\/uploads\/2024\/02\/Goter-2L.jpg","width":1000,"height":1000,"caption":"Compte-gouttes 2 L"},{"@type":"BreadcrumbList","@id":"https:\/\/saiga.es\/fr\/produit\/compte-gouttes-bouton-netafim\/#breadcrumb","itemListElement":[{"@type":"ListItem","position":1,"name":"Inici","item":"https:\/\/saiga.es\/fr\/"},{"@type":"ListItem","position":2,"name":"boutique","item":"https:\/\/saiga.es\/fr\/boutique\/"},{"@type":"ListItem","position":3,"name":"Compte-gouttes bouton Netafim"}]},{"@type":"WebSite","@id":"https:\/\/saiga.es\/fr\/#website","url":"https:\/\/saiga.es\/fr\/","name":"SAIGA","description":"M\u00e9s de 50 anys al servei de la terra i treballant per a un \u00fas eficient de l\u2019aigua!","publisher":{"@id":"https:\/\/saiga.es\/fr\/#organization"},"potentialAction":[{"@type":"SearchAction","target":{"@type":"EntryPoint","urlTemplate":"https:\/\/saiga.es\/fr\/?s={search_term_string}"},"query-input":{"@type":"PropertyValueSpecification","valueRequired":true,"valueName":"search_term_string"}}],"inLanguage":"fr-FR"},{"@type":"Organization","@id":"https:\/\/saiga.es\/fr\/#organization","name":"SAIGA","url":"https:\/\/saiga.es\/fr\/","logo":{"@type":"ImageObject","inLanguage":"fr-FR","@id":"https:\/\/saiga.es\/fr\/#\/schema\/logo\/image\/","url":"https:\/\/saiga.es\/wp-content\/uploads\/2025\/07\/logo_saiga_baseline_optimitzat.svg","contentUrl":"https:\/\/saiga.es\/wp-content\/uploads\/2025\/07\/logo_saiga_baseline_optimitzat.svg","caption":"SAIGA"},"image":{"@id":"https:\/\/saiga.es\/fr\/#\/schema\/logo\/image\/"},"sameAs":["https:\/\/x.com\/saiga_agro","https:\/\/www.instagram.com\/saiga_agro\/"]}]}},"_links":{"self":[{"href":"https:\/\/saiga.es\/fr\/wp-json\/wp\/v2\/product\/7678","targetHints":{"allow":["GET"]}}],"collection":[{"href":"https:\/\/saiga.es\/fr\/wp-json\/wp\/v2\/product"}],"about":[{"href":"https:\/\/saiga.es\/fr\/wp-json\/wp\/v2\/types\/product"}],"replies":[{"embeddable":true,"href":"https:\/\/saiga.es\/fr\/wp-json\/wp\/v2\/comments?post=7678"}],"wp:featuredmedia":[{"embeddable":true,"href":"https:\/\/saiga.es\/fr\/wp-json\/wp\/v2\/media\/7668"}],"wp:attachment":[{"href":"https:\/\/saiga.es\/fr\/wp-json\/wp\/v2\/media?parent=7678"}],"wp:term":[{"taxonomy":"product_brand","embeddable":true,"href":"https:\/\/saiga.es\/fr\/wp-json\/wp\/v2\/product_brand?post=7678"},{"taxonomy":"product_cat","embeddable":true,"href":"https:\/\/saiga.es\/fr\/wp-json\/wp\/v2\/product_cat?post=7678"},{"taxonomy":"product_tag","embeddable":true,"href":"https:\/\/saiga.es\/fr\/wp-json\/wp\/v2\/product_tag?post=7678"}],"curies":[{"name":"wp","href":"https:\/\/api.w.org\/{rel}","templated":true}]}}