{"id":7738,"date":"2024-02-19T11:41:59","date_gmt":"2024-02-19T11:41:59","guid":{"rendered":"https:\/\/botiga.saiga.es\/producte\/legende-insecticide-total\/"},"modified":"2026-04-15T07:03:42","modified_gmt":"2026-04-15T07:03:42","slug":"legende-insecticide-total","status":"publish","type":"product","link":"https:\/\/saiga.es\/fr\/produit\/legende-insecticide-total\/","title":{"rendered":"Legend insecticide total"},"content":{"rendered":"<p data-start=\"224\" data-end=\"576\">L&rsquo;insecticide Legend Total est un insecticide \u00e0 large spectre formul\u00e9 avec 2,5 % p\/v (25 g\/L) de <strong data-start=\"301\" data-end=\"339\">deltam\u00e9thrine, <\/strong>un pyr\u00e9thro\u00efde efficace contre une grande vari\u00e9t\u00e9 de ravageurs. Il agit par <strong data-start=\"421\" data-end=\"433\">contact <\/strong>et par ingestion, assurant une lutte rapide et efficace contre les insectes dans diverses cultures. <\/p>\n<h3 data-start=\"578\" data-end=\"614\">ravageurs et cultures recommand\u00e9s<\/h3>\n<p data-start=\"615\" data-end=\"857\">Legend est autoris\u00e9 pour une utilisation sur de nombreuses cultures horticoles et fruiti\u00e8res : ail, oignon, poireau, tomate, aubergine, courgette, concombre, cornichon, melon, past\u00e8que, laitue, pomme de terre, et \u00e9galement sur les oliviers.<\/p>\n<p data-start=\"859\" data-end=\"876\">Prot\u00e8ge contre :<\/p>\n<ul data-start=\"877\" data-end=\"1258\">\n<li data-start=\"877\" data-end=\"1010\">\n<p data-start=\"879\" data-end=\"1010\">Chenilles (diverses esp\u00e8ces, y compris la chenille processionnaire ravageuse ou les papillons et l\u00e9pidopt\u00e8res)<\/p>\n<\/li>\n<li data-start=\"1011\" data-end=\"1136\">\n<p data-start=\"1013\" data-end=\"1136\">Pucerons et autres insectes piqueurs-suceurs (tels que Myzus persicae, Aphis spp., entre autres)<\/p>\n<\/li>\n<li data-start=\"1137\" data-end=\"1258\">\n<p data-start=\"1139\" data-end=\"1258\">Punaises de lit, doryphores de la pomme de terre, teigne de l&rsquo;olivier, selon la culture.<\/p>\n<\/li>\n<\/ul>\n<h3 data-start=\"1260\" data-end=\"1288\">Mode d&#8217;emploi et posologie<\/h3>\n<ul data-start=\"1289\" data-end=\"1854\">\n<li data-start=\"1289\" data-end=\"1400\">\n<p data-start=\"1291\" data-end=\"1400\">Diluer<strong data-start=\"1298\" data-end=\"1333\"> 0,3 \u00e0 1,67 ml par litre d&rsquo;eau <\/strong>pour la pulv\u00e9risation foliaire.<\/p>\n<\/li>\n<li data-start=\"1401\" data-end=\"1499\">\n<p data-start=\"1403\" data-end=\"1499\">Appliquer en ext\u00e9rieur par<strong data-start=\"1434\" data-end=\"1458\"> pulv\u00e9risation foliaire.<\/strong><\/p>\n<\/li>\n<li data-start=\"1500\" data-end=\"1605\">\n<p data-start=\"1502\" data-end=\"1605\">Pour les oliviers : une seule application pendant la floraison (BBCH 62).<\/p>\n<\/li>\n<li data-start=\"1606\" data-end=\"1760\">\n<p data-start=\"1608\" data-end=\"1760\">Pour les l\u00e9gumes et autres cultures (tomates, aubergines, courgettes, etc.) : 1 \u00e0 2 applications au d\u00e9but de l\u2019infestation. Intervalle minimal entre les applications : <strong data-start=\"1800\" data-end=\"1811\">14 jours.<\/strong><\/p>\n<\/li>\n<\/ul>\n<h3 data-start=\"1856\" data-end=\"1881\">Avantages en vedette<\/h3>\n<ul data-start=\"1882\" data-end=\"2431\">\n<li data-start=\"1882\" data-end=\"2044\">\n<p data-start=\"1884\" data-end=\"2044\"><strong data-start=\"1884\" data-end=\"1903\">\u00c0 large spectre<\/strong> : combat les insectes suceurs et broyeurs, les chenilles, les pucerons, les mites, les col\u00e9opt\u00e8res, entre autres.<\/p>\n<\/li>\n<li data-start=\"2045\" data-end=\"2160\">\n<p data-start=\"2047\" data-end=\"2160\"><strong data-start=\"2047\" data-end=\"2062\">Double action <\/strong>(contact + ingestion) \u2014 plus d&rsquo;efficacit\u00e9 et de polyvalence.<\/p>\n<\/li>\n<li data-start=\"2161\" data-end=\"2271\">\n<p data-start=\"2163\" data-end=\"2271\">Haute persistance : offre une protection durable des cultures.<\/p>\n<\/li>\n<li data-start=\"2272\" data-end=\"2431\">\n<p data-start=\"2274\" data-end=\"2431\">Polyvalence d&rsquo;utilisation : convient \u00e0 de nombreuses cultures agricoles et horticoles, notamment les l\u00e9gumes, les arbres fruitiers et les oliveraies.<\/p>\n<\/li>\n<\/ul>\n<h3 data-start=\"2433\" data-end=\"2463\">Pr\u00e9cautions et s\u00e9curit\u00e9<\/h3>\n<ul data-start=\"2464\" data-end=\"2947\">\n<li data-start=\"2464\" data-end=\"2611\">\n<p data-start=\"2466\" data-end=\"2611\">Utilisez un \u00e9quipement de protection individuelle appropri\u00e9 (gants, lunettes de protection, v\u00eatements adapt\u00e9s) lors de l&rsquo;application.<\/p>\n<\/li>\n<li data-start=\"2612\" data-end=\"2811\">\n<p data-start=\"2614\" data-end=\"2811\">Respectez les d\u00e9lais de s\u00e9curit\u00e9 : pour les cultures horticoles\/l\u00e9gumes, 3 jours entre le traitement et la r\u00e9colte ; pour les pommes de terre, les oignons, les poireaux et l\u2019ail, 7 jours.<\/p>\n<\/li>\n<li data-start=\"2812\" data-end=\"2947\">\n<p data-start=\"2814\" data-end=\"2947\">Toujours consulter l&rsquo;\u00e9tiquette officielle et la fiche de donn\u00e9es de s\u00e9curit\u00e9 avant toute application.<\/p>\n<\/li>\n<\/ul>\n","protected":false},"excerpt":{"rendered":"<p>L\u00e9gende insecticide total. Insecticide \u00e0 base de deltam\u00e9thrine, un insecticide pyr\u00e9thrino\u00efde \u00e0 large spectre, \u00e0 action par contact et par ingestion, pour utilisation sur diverses cultures.<\/p>\n","protected":false},"featured_media":17590,"comment_status":"closed","ping_status":"closed","template":"","meta":[],"product_brand":[],"product_cat":[445],"product_tag":[891,890,892],"class_list":{"0":"post-7738","1":"product","2":"type-product","3":"status-publish","4":"has-post-thumbnail","6":"product_cat-insecticides-fr-2","7":"product_tag-insecticide","8":"product_tag-insecticide-total","9":"product_tag-productes-jed-fr","11":"first","12":"instock","13":"taxable","14":"shipping-taxable","15":"purchasable","16":"product-type-variable"},"yoast_head":"<!-- This site is optimized with the Yoast SEO plugin v27.4 - https:\/\/yoast.com\/product\/yoast-seo-wordpress\/ -->\n<title>Legend insecticide total | SAIGA<\/title>\n<meta name=\"description\" content=\"L\u00e9gende insecticide total. Insecticide \u00e0 base de deltam\u00e9thrine, un insecticide pyr\u00e9thro\u00efde \u00e0 large spectre, agissant par contact et ingestion.\" \/>\n<meta name=\"robots\" content=\"index, follow, max-snippet:-1, max-image-preview:large, max-video-preview:-1\" \/>\n<link rel=\"canonical\" href=\"https:\/\/saiga.es\/fr\/produit\/legende-insecticide-total\/\" \/>\n<meta property=\"og:locale\" content=\"fr_FR\" \/>\n<meta property=\"og:type\" content=\"article\" \/>\n<meta property=\"og:title\" content=\"Legend insecticide total | SAIGA\" \/>\n<meta property=\"og:description\" content=\"L\u00e9gende insecticide total. Insecticide \u00e0 base de deltam\u00e9thrine, un insecticide pyr\u00e9thro\u00efde \u00e0 large spectre, agissant par contact et ingestion.\" \/>\n<meta property=\"og:url\" content=\"https:\/\/saiga.es\/fr\/produit\/legende-insecticide-total\/\" \/>\n<meta property=\"og:site_name\" content=\"SAIGA\" \/>\n<meta property=\"article:modified_time\" content=\"2026-04-15T07:03:42+00:00\" \/>\n<meta property=\"og:image\" content=\"https:\/\/saiga.es\/wp-content\/uploads\/2024\/02\/Legenda-insecticida-total.jpg\" \/>\n\t<meta property=\"og:image:width\" content=\"1080\" \/>\n\t<meta property=\"og:image:height\" content=\"1080\" \/>\n\t<meta property=\"og:image:type\" content=\"image\/jpeg\" \/>\n<meta name=\"twitter:card\" content=\"summary_large_image\" \/>\n<meta name=\"twitter:site\" content=\"@saiga_agro\" \/>\n<meta name=\"twitter:label1\" content=\"Dur\u00e9e de lecture estim\u00e9e\" \/>\n\t<meta name=\"twitter:data1\" content=\"2 minutes\" \/>\n<script type=\"application\/ld+json\" class=\"yoast-schema-graph\">{\"@context\":\"https:\\\/\\\/schema.org\",\"@graph\":[{\"@type\":\"WebPage\",\"@id\":\"https:\\\/\\\/saiga.es\\\/fr\\\/produit\\\/legende-insecticide-total\\\/\",\"url\":\"https:\\\/\\\/saiga.es\\\/fr\\\/produit\\\/legende-insecticide-total\\\/\",\"name\":\"Legend insecticide total | SAIGA\",\"isPartOf\":{\"@id\":\"https:\\\/\\\/saiga.es\\\/fr\\\/#website\"},\"primaryImageOfPage\":{\"@id\":\"https:\\\/\\\/saiga.es\\\/fr\\\/produit\\\/legende-insecticide-total\\\/#primaryimage\"},\"image\":{\"@id\":\"https:\\\/\\\/saiga.es\\\/fr\\\/produit\\\/legende-insecticide-total\\\/#primaryimage\"},\"thumbnailUrl\":\"https:\\\/\\\/saiga.es\\\/wp-content\\\/uploads\\\/2024\\\/02\\\/Legenda-insecticida-total.jpg\",\"datePublished\":\"2024-02-19T11:41:59+00:00\",\"dateModified\":\"2026-04-15T07:03:42+00:00\",\"description\":\"L\u00e9gende insecticide total. Insecticide \u00e0 base de deltam\u00e9thrine, un insecticide pyr\u00e9thro\u00efde \u00e0 large spectre, agissant par contact et ingestion.\",\"breadcrumb\":{\"@id\":\"https:\\\/\\\/saiga.es\\\/fr\\\/produit\\\/legende-insecticide-total\\\/#breadcrumb\"},\"inLanguage\":\"fr-FR\",\"potentialAction\":[{\"@type\":\"ReadAction\",\"target\":[\"https:\\\/\\\/saiga.es\\\/fr\\\/produit\\\/legende-insecticide-total\\\/\"]}]},{\"@type\":\"ImageObject\",\"inLanguage\":\"fr-FR\",\"@id\":\"https:\\\/\\\/saiga.es\\\/fr\\\/produit\\\/legende-insecticide-total\\\/#primaryimage\",\"url\":\"https:\\\/\\\/saiga.es\\\/wp-content\\\/uploads\\\/2024\\\/02\\\/Legenda-insecticida-total.jpg\",\"contentUrl\":\"https:\\\/\\\/saiga.es\\\/wp-content\\\/uploads\\\/2024\\\/02\\\/Legenda-insecticida-total.jpg\",\"width\":1080,\"height\":1080,\"caption\":\"L\u00e9gende insecticide total\"},{\"@type\":\"BreadcrumbList\",\"@id\":\"https:\\\/\\\/saiga.es\\\/fr\\\/produit\\\/legende-insecticide-total\\\/#breadcrumb\",\"itemListElement\":[{\"@type\":\"ListItem\",\"position\":1,\"name\":\"Inici\",\"item\":\"https:\\\/\\\/saiga.es\\\/fr\\\/\"},{\"@type\":\"ListItem\",\"position\":2,\"name\":\"boutique\",\"item\":\"https:\\\/\\\/saiga.es\\\/fr\\\/boutique\\\/\"},{\"@type\":\"ListItem\",\"position\":3,\"name\":\"Legend insecticide total\"}]},{\"@type\":\"WebSite\",\"@id\":\"https:\\\/\\\/saiga.es\\\/fr\\\/#website\",\"url\":\"https:\\\/\\\/saiga.es\\\/fr\\\/\",\"name\":\"SAIGA\",\"description\":\"M\u00e9s de 50 anys al servei de la terra i treballant per a un \u00fas eficient de l\u2019aigua!\",\"publisher\":{\"@id\":\"https:\\\/\\\/saiga.es\\\/fr\\\/#organization\"},\"potentialAction\":[{\"@type\":\"SearchAction\",\"target\":{\"@type\":\"EntryPoint\",\"urlTemplate\":\"https:\\\/\\\/saiga.es\\\/fr\\\/?s={search_term_string}\"},\"query-input\":{\"@type\":\"PropertyValueSpecification\",\"valueRequired\":true,\"valueName\":\"search_term_string\"}}],\"inLanguage\":\"fr-FR\"},{\"@type\":\"Organization\",\"@id\":\"https:\\\/\\\/saiga.es\\\/fr\\\/#organization\",\"name\":\"SAIGA\",\"url\":\"https:\\\/\\\/saiga.es\\\/fr\\\/\",\"logo\":{\"@type\":\"ImageObject\",\"inLanguage\":\"fr-FR\",\"@id\":\"https:\\\/\\\/saiga.es\\\/fr\\\/#\\\/schema\\\/logo\\\/image\\\/\",\"url\":\"https:\\\/\\\/saiga.es\\\/wp-content\\\/uploads\\\/2025\\\/07\\\/logo_saiga_baseline_optimitzat.svg\",\"contentUrl\":\"https:\\\/\\\/saiga.es\\\/wp-content\\\/uploads\\\/2025\\\/07\\\/logo_saiga_baseline_optimitzat.svg\",\"caption\":\"SAIGA\"},\"image\":{\"@id\":\"https:\\\/\\\/saiga.es\\\/fr\\\/#\\\/schema\\\/logo\\\/image\\\/\"},\"sameAs\":[\"https:\\\/\\\/x.com\\\/saiga_agro\",\"https:\\\/\\\/www.instagram.com\\\/saiga_agro\\\/\"]}]}<\/script>\n<!-- \/ Yoast SEO plugin. -->","yoast_head_json":{"title":"Legend insecticide total | SAIGA","description":"L\u00e9gende insecticide total. Insecticide \u00e0 base de deltam\u00e9thrine, un insecticide pyr\u00e9thro\u00efde \u00e0 large spectre, agissant par contact et ingestion.","robots":{"index":"index","follow":"follow","max-snippet":"max-snippet:-1","max-image-preview":"max-image-preview:large","max-video-preview":"max-video-preview:-1"},"canonical":"https:\/\/saiga.es\/fr\/produit\/legende-insecticide-total\/","og_locale":"fr_FR","og_type":"article","og_title":"Legend insecticide total | SAIGA","og_description":"L\u00e9gende insecticide total. Insecticide \u00e0 base de deltam\u00e9thrine, un insecticide pyr\u00e9thro\u00efde \u00e0 large spectre, agissant par contact et ingestion.","og_url":"https:\/\/saiga.es\/fr\/produit\/legende-insecticide-total\/","og_site_name":"SAIGA","article_modified_time":"2026-04-15T07:03:42+00:00","og_image":[{"width":1080,"height":1080,"url":"https:\/\/saiga.es\/wp-content\/uploads\/2024\/02\/Legenda-insecticida-total.jpg","type":"image\/jpeg"}],"twitter_card":"summary_large_image","twitter_site":"@saiga_agro","twitter_misc":{"Dur\u00e9e de lecture estim\u00e9e":"2 minutes"},"schema":{"@context":"https:\/\/schema.org","@graph":[{"@type":"WebPage","@id":"https:\/\/saiga.es\/fr\/produit\/legende-insecticide-total\/","url":"https:\/\/saiga.es\/fr\/produit\/legende-insecticide-total\/","name":"Legend insecticide total | SAIGA","isPartOf":{"@id":"https:\/\/saiga.es\/fr\/#website"},"primaryImageOfPage":{"@id":"https:\/\/saiga.es\/fr\/produit\/legende-insecticide-total\/#primaryimage"},"image":{"@id":"https:\/\/saiga.es\/fr\/produit\/legende-insecticide-total\/#primaryimage"},"thumbnailUrl":"https:\/\/saiga.es\/wp-content\/uploads\/2024\/02\/Legenda-insecticida-total.jpg","datePublished":"2024-02-19T11:41:59+00:00","dateModified":"2026-04-15T07:03:42+00:00","description":"L\u00e9gende insecticide total. Insecticide \u00e0 base de deltam\u00e9thrine, un insecticide pyr\u00e9thro\u00efde \u00e0 large spectre, agissant par contact et ingestion.","breadcrumb":{"@id":"https:\/\/saiga.es\/fr\/produit\/legende-insecticide-total\/#breadcrumb"},"inLanguage":"fr-FR","potentialAction":[{"@type":"ReadAction","target":["https:\/\/saiga.es\/fr\/produit\/legende-insecticide-total\/"]}]},{"@type":"ImageObject","inLanguage":"fr-FR","@id":"https:\/\/saiga.es\/fr\/produit\/legende-insecticide-total\/#primaryimage","url":"https:\/\/saiga.es\/wp-content\/uploads\/2024\/02\/Legenda-insecticida-total.jpg","contentUrl":"https:\/\/saiga.es\/wp-content\/uploads\/2024\/02\/Legenda-insecticida-total.jpg","width":1080,"height":1080,"caption":"L\u00e9gende insecticide total"},{"@type":"BreadcrumbList","@id":"https:\/\/saiga.es\/fr\/produit\/legende-insecticide-total\/#breadcrumb","itemListElement":[{"@type":"ListItem","position":1,"name":"Inici","item":"https:\/\/saiga.es\/fr\/"},{"@type":"ListItem","position":2,"name":"boutique","item":"https:\/\/saiga.es\/fr\/boutique\/"},{"@type":"ListItem","position":3,"name":"Legend insecticide total"}]},{"@type":"WebSite","@id":"https:\/\/saiga.es\/fr\/#website","url":"https:\/\/saiga.es\/fr\/","name":"SAIGA","description":"M\u00e9s de 50 anys al servei de la terra i treballant per a un \u00fas eficient de l\u2019aigua!","publisher":{"@id":"https:\/\/saiga.es\/fr\/#organization"},"potentialAction":[{"@type":"SearchAction","target":{"@type":"EntryPoint","urlTemplate":"https:\/\/saiga.es\/fr\/?s={search_term_string}"},"query-input":{"@type":"PropertyValueSpecification","valueRequired":true,"valueName":"search_term_string"}}],"inLanguage":"fr-FR"},{"@type":"Organization","@id":"https:\/\/saiga.es\/fr\/#organization","name":"SAIGA","url":"https:\/\/saiga.es\/fr\/","logo":{"@type":"ImageObject","inLanguage":"fr-FR","@id":"https:\/\/saiga.es\/fr\/#\/schema\/logo\/image\/","url":"https:\/\/saiga.es\/wp-content\/uploads\/2025\/07\/logo_saiga_baseline_optimitzat.svg","contentUrl":"https:\/\/saiga.es\/wp-content\/uploads\/2025\/07\/logo_saiga_baseline_optimitzat.svg","caption":"SAIGA"},"image":{"@id":"https:\/\/saiga.es\/fr\/#\/schema\/logo\/image\/"},"sameAs":["https:\/\/x.com\/saiga_agro","https:\/\/www.instagram.com\/saiga_agro\/"]}]}},"_links":{"self":[{"href":"https:\/\/saiga.es\/fr\/wp-json\/wp\/v2\/product\/7738","targetHints":{"allow":["GET"]}}],"collection":[{"href":"https:\/\/saiga.es\/fr\/wp-json\/wp\/v2\/product"}],"about":[{"href":"https:\/\/saiga.es\/fr\/wp-json\/wp\/v2\/types\/product"}],"replies":[{"embeddable":true,"href":"https:\/\/saiga.es\/fr\/wp-json\/wp\/v2\/comments?post=7738"}],"wp:featuredmedia":[{"embeddable":true,"href":"https:\/\/saiga.es\/fr\/wp-json\/wp\/v2\/media\/17590"}],"wp:attachment":[{"href":"https:\/\/saiga.es\/fr\/wp-json\/wp\/v2\/media?parent=7738"}],"wp:term":[{"taxonomy":"product_brand","embeddable":true,"href":"https:\/\/saiga.es\/fr\/wp-json\/wp\/v2\/product_brand?post=7738"},{"taxonomy":"product_cat","embeddable":true,"href":"https:\/\/saiga.es\/fr\/wp-json\/wp\/v2\/product_cat?post=7738"},{"taxonomy":"product_tag","embeddable":true,"href":"https:\/\/saiga.es\/fr\/wp-json\/wp\/v2\/product_tag?post=7738"}],"curies":[{"name":"wp","href":"https:\/\/api.w.org\/{rel}","templated":true}]}}