{"id":7749,"date":"2024-02-19T12:15:38","date_gmt":"2024-02-19T12:15:38","guid":{"rendered":"https:\/\/botiga.saiga.es\/producte\/nutrione\/"},"modified":"2025-08-25T10:47:58","modified_gmt":"2025-08-25T10:47:58","slug":"nutrione","status":"publish","type":"product","link":"https:\/\/saiga.es\/fr\/produit\/nutrione\/","title":{"rendered":"Engrais liquide concentr\u00e9 Nutrione \u2013 Engrais universel pour plantes et fleurs"},"content":{"rendered":"<p data-start=\"259\" data-end=\"631\">Prendre soin de ses plantes n&rsquo;a jamais \u00e9t\u00e9 aussi simple. L&rsquo;<strong data-start=\"307\" data-end=\"342\">engrais liquide concentr\u00e9 Nutrione <\/strong>est un engrais universel con\u00e7u pour stimuler la <strong data-start=\"399\" data-end=\"413\">croissance<\/strong> et la <strong data-start=\"419\" data-end=\"431\">floraison<\/strong> de tous types de plantes. Sa formule avanc\u00e9e produit des r\u00e9sultats visibles en peu de temps : jusqu&rsquo;\u00e0 <strong data-start=\"534\" data-end=\"584\">3 fois plus de fleurs et 2 fois plus de croissance<\/strong> que les plantes non fertilis\u00e9es.  <\/p>\n<p data-start=\"633\" data-end=\"669\">Alimentation compl\u00e8te et \u00e9quilibr\u00e9e<\/p>\n<p data-start=\"671\" data-end=\"811\">Nutrione est une solution polyvalente qui couvre les besoins nutritionnels de la plupart des cultures domestiques et ornementales. Elle convient pour : <\/p>\n<ul data-start=\"812\" data-end=\"927\">\n<li data-start=\"812\" data-end=\"856\">\n<p data-start=\"814\" data-end=\"856\">Plantes fleuries d&rsquo;int\u00e9rieur et d&rsquo;ext\u00e9rieur.<\/p>\n<\/li>\n<li data-start=\"857\" data-end=\"891\">\n<p data-start=\"859\" data-end=\"891\">Arbustes et plantes ornementales.<\/p>\n<\/li>\n<li data-start=\"892\" data-end=\"927\">\n<p data-start=\"894\" data-end=\"927\">L\u00e9gumes et plantes de jardin.<\/p>\n<\/li>\n<\/ul>\n<p data-start=\"929\" data-end=\"1089\">Sa composition \u00e9quilibr\u00e9e favorise le d\u00e9veloppement de racines fortes, de feuilles vertes et vigoureuses et d&rsquo;une floraison abondante qui dure plus longtemps.<\/p>\n<p data-start=\"1091\" data-end=\"1128\">Principaux avantages de Nutrione<\/p>\n<ul data-start=\"1130\" data-end=\"1597\">\n<li data-start=\"1130\" data-end=\"1240\">\n<p data-start=\"1132\" data-end=\"1240\"><strong data-start=\"1135\" data-end=\"1163\">Croissance saine et constante<\/strong> : fournit les nutriments essentiels dont les plantes ont besoin \u00e0 chaque \u00e9tape.<\/p>\n<\/li>\n<li data-start=\"1241\" data-end=\"1336\">\n<p data-start=\"1243\" data-end=\"1336\"><strong data-start=\"1246\" data-end=\"1271\">Plus de fleurs et plus de couleurs <\/strong>: intensifie la floraison et am\u00e9liore le ton naturel des fleurs.<\/p>\n<\/li>\n<li data-start=\"1337\" data-end=\"1431\">\n<p data-start=\"1339\" data-end=\"1431\"><strong data-start=\"1342\" data-end=\"1359\">Haute performance<\/strong> : un seul r\u00e9cipient permet de pr\u00e9parer jusqu&rsquo;\u00e0 <strong data-start=\"1393\" data-end=\"1428\">100 litres de solution nutritive.<\/strong><\/p>\n<\/li>\n<li data-start=\"1432\" data-end=\"1515\">\n<p data-start=\"1434\" data-end=\"1515\"><strong data-start=\"1437\" data-end=\"1450\">Universel<\/strong> : convient \u00e0 la grande majorit\u00e9 des plantes d&rsquo;int\u00e9rieur et de jardin.<\/p>\n<\/li>\n<li data-start=\"1516\" data-end=\"1597\">\n<p data-start=\"1518\" data-end=\"1597\"><strong data-start=\"1520\" data-end=\"1541\">Facile \u00e0 utiliser<\/strong> : il suffit de le diluer dans l&rsquo;eau et de l&rsquo;appliquer lors de l&rsquo;arrosage.<\/p>\n<\/li>\n<\/ul>\n<p data-start=\"1599\" data-end=\"1624\">Comment appliquer Nutrione<\/p>\n<p data-start=\"1626\" data-end=\"1917\">Pour de meilleurs r\u00e9sultats, diluez la dose recommand\u00e9e dans l&rsquo;eau et arrosez r\u00e9guli\u00e8rement le substrat. Pendant la croissance et la floraison, il est conseill\u00e9 d&rsquo;appliquer r\u00e9guli\u00e8rement. Une utilisation continue rendra les plantes<strong data-start=\"1866\" data-end=\"1914\"> plus fortes, plus saines et pleines de vitalit\u00e9<\/strong>.  <\/p>\n","protected":false},"excerpt":{"rendered":"<p>L&rsquo;<strong data-start=\"395\" data-end=\"431\">engrais liquide concentr\u00e9 Nutri One <\/strong>est une solution compl\u00e8te et facile \u00e0 utiliser qui fournit jusqu&rsquo;\u00e0 3 <strong data-start=\"494\" data-end=\"544\">fois plus de fleurs et 2 fois plus de croissance <\/strong>qu&rsquo;une culture non fertilis\u00e9e.<\/p>\n","protected":false},"featured_media":11500,"comment_status":"closed","ping_status":"closed","template":"","meta":[],"product_brand":[],"product_cat":[1898],"product_tag":[895,738,777,896,507],"class_list":{"0":"post-7749","1":"product","2":"type-product","3":"status-publish","4":"has-post-thumbnail","6":"product_cat-plantes-ornementales","7":"product_tag-abono","8":"product_tag-jardin","9":"product_tag-jardinage","10":"product_tag-nutrione-fr","11":"product_tag-potager","13":"first","14":"instock","15":"taxable","16":"shipping-taxable","17":"purchasable","18":"product-type-variable"},"yoast_head":"<!-- This site is optimized with the Yoast SEO plugin v27.4 - https:\/\/yoast.com\/product\/yoast-seo-wordpress\/ -->\n<title>Engrais liquide concentr\u00e9 Nutrione \u2013 Engrais universel pour plantes et fleurs | SAIGA<\/title>\n<meta name=\"description\" content=\"Nutrione, engrais liquide concentr\u00e9 pour plantes et fleurs. Jusqu&#039;\u00e0 3 fois plus de fleurs et 2 fois plus de croissance. Universel, facile \u00e0 utiliser et performant.\" \/>\n<meta name=\"robots\" content=\"index, follow, max-snippet:-1, max-image-preview:large, max-video-preview:-1\" \/>\n<link rel=\"canonical\" href=\"https:\/\/saiga.es\/fr\/produit\/nutrione\/\" \/>\n<meta property=\"og:locale\" content=\"fr_FR\" \/>\n<meta property=\"og:type\" content=\"article\" \/>\n<meta property=\"og:title\" content=\"Engrais liquide concentr\u00e9 Nutrione \u2013 Engrais universel pour plantes et fleurs | SAIGA\" \/>\n<meta property=\"og:description\" content=\"Nutrione, engrais liquide concentr\u00e9 pour plantes et fleurs. Jusqu&#039;\u00e0 3 fois plus de fleurs et 2 fois plus de croissance. Universel, facile \u00e0 utiliser et performant.\" \/>\n<meta property=\"og:url\" content=\"https:\/\/saiga.es\/fr\/produit\/nutrione\/\" \/>\n<meta property=\"og:site_name\" content=\"SAIGA\" \/>\n<meta property=\"article:modified_time\" content=\"2025-08-25T10:47:58+00:00\" \/>\n<meta property=\"og:image\" content=\"https:\/\/saiga.es\/wp-content\/uploads\/2024\/02\/Nutrione.jpg\" \/>\n\t<meta property=\"og:image:width\" content=\"1080\" \/>\n\t<meta property=\"og:image:height\" content=\"1080\" \/>\n\t<meta property=\"og:image:type\" content=\"image\/jpeg\" \/>\n<meta name=\"twitter:card\" content=\"summary_large_image\" \/>\n<meta name=\"twitter:site\" content=\"@saiga_agro\" \/>\n<meta name=\"twitter:label1\" content=\"Dur\u00e9e de lecture estim\u00e9e\" \/>\n\t<meta name=\"twitter:data1\" content=\"1 minute\" \/>\n<script type=\"application\/ld+json\" class=\"yoast-schema-graph\">{\"@context\":\"https:\\\/\\\/schema.org\",\"@graph\":[{\"@type\":\"WebPage\",\"@id\":\"https:\\\/\\\/saiga.es\\\/fr\\\/produit\\\/nutrione\\\/\",\"url\":\"https:\\\/\\\/saiga.es\\\/fr\\\/produit\\\/nutrione\\\/\",\"name\":\"Engrais liquide concentr\u00e9 Nutrione \u2013 Engrais universel pour plantes et fleurs | SAIGA\",\"isPartOf\":{\"@id\":\"https:\\\/\\\/saiga.es\\\/fr\\\/#website\"},\"primaryImageOfPage\":{\"@id\":\"https:\\\/\\\/saiga.es\\\/fr\\\/produit\\\/nutrione\\\/#primaryimage\"},\"image\":{\"@id\":\"https:\\\/\\\/saiga.es\\\/fr\\\/produit\\\/nutrione\\\/#primaryimage\"},\"thumbnailUrl\":\"https:\\\/\\\/saiga.es\\\/wp-content\\\/uploads\\\/2024\\\/02\\\/Nutrione.jpg\",\"datePublished\":\"2024-02-19T12:15:38+00:00\",\"dateModified\":\"2025-08-25T10:47:58+00:00\",\"description\":\"Nutrione, engrais liquide concentr\u00e9 pour plantes et fleurs. Jusqu'\u00e0 3 fois plus de fleurs et 2 fois plus de croissance. Universel, facile \u00e0 utiliser et performant.\",\"breadcrumb\":{\"@id\":\"https:\\\/\\\/saiga.es\\\/fr\\\/produit\\\/nutrione\\\/#breadcrumb\"},\"inLanguage\":\"fr-FR\",\"potentialAction\":[{\"@type\":\"ReadAction\",\"target\":[\"https:\\\/\\\/saiga.es\\\/fr\\\/produit\\\/nutrione\\\/\"]}]},{\"@type\":\"ImageObject\",\"inLanguage\":\"fr-FR\",\"@id\":\"https:\\\/\\\/saiga.es\\\/fr\\\/produit\\\/nutrione\\\/#primaryimage\",\"url\":\"https:\\\/\\\/saiga.es\\\/wp-content\\\/uploads\\\/2024\\\/02\\\/Nutrione.jpg\",\"contentUrl\":\"https:\\\/\\\/saiga.es\\\/wp-content\\\/uploads\\\/2024\\\/02\\\/Nutrione.jpg\",\"width\":1080,\"height\":1080,\"caption\":\"Adob l\u00edquid concentrat Nutrione\"},{\"@type\":\"BreadcrumbList\",\"@id\":\"https:\\\/\\\/saiga.es\\\/fr\\\/produit\\\/nutrione\\\/#breadcrumb\",\"itemListElement\":[{\"@type\":\"ListItem\",\"position\":1,\"name\":\"Inici\",\"item\":\"https:\\\/\\\/saiga.es\\\/fr\\\/\"},{\"@type\":\"ListItem\",\"position\":2,\"name\":\"boutique\",\"item\":\"https:\\\/\\\/saiga.es\\\/fr\\\/boutique\\\/\"},{\"@type\":\"ListItem\",\"position\":3,\"name\":\"Engrais liquide concentr\u00e9 Nutrione \u2013 Engrais universel pour plantes et fleurs\"}]},{\"@type\":\"WebSite\",\"@id\":\"https:\\\/\\\/saiga.es\\\/fr\\\/#website\",\"url\":\"https:\\\/\\\/saiga.es\\\/fr\\\/\",\"name\":\"SAIGA\",\"description\":\"M\u00e9s de 50 anys al servei de la terra i treballant per a un \u00fas eficient de l\u2019aigua!\",\"publisher\":{\"@id\":\"https:\\\/\\\/saiga.es\\\/fr\\\/#organization\"},\"potentialAction\":[{\"@type\":\"SearchAction\",\"target\":{\"@type\":\"EntryPoint\",\"urlTemplate\":\"https:\\\/\\\/saiga.es\\\/fr\\\/?s={search_term_string}\"},\"query-input\":{\"@type\":\"PropertyValueSpecification\",\"valueRequired\":true,\"valueName\":\"search_term_string\"}}],\"inLanguage\":\"fr-FR\"},{\"@type\":\"Organization\",\"@id\":\"https:\\\/\\\/saiga.es\\\/fr\\\/#organization\",\"name\":\"SAIGA\",\"url\":\"https:\\\/\\\/saiga.es\\\/fr\\\/\",\"logo\":{\"@type\":\"ImageObject\",\"inLanguage\":\"fr-FR\",\"@id\":\"https:\\\/\\\/saiga.es\\\/fr\\\/#\\\/schema\\\/logo\\\/image\\\/\",\"url\":\"https:\\\/\\\/saiga.es\\\/wp-content\\\/uploads\\\/2025\\\/07\\\/logo_saiga_baseline_optimitzat.svg\",\"contentUrl\":\"https:\\\/\\\/saiga.es\\\/wp-content\\\/uploads\\\/2025\\\/07\\\/logo_saiga_baseline_optimitzat.svg\",\"caption\":\"SAIGA\"},\"image\":{\"@id\":\"https:\\\/\\\/saiga.es\\\/fr\\\/#\\\/schema\\\/logo\\\/image\\\/\"},\"sameAs\":[\"https:\\\/\\\/x.com\\\/saiga_agro\",\"https:\\\/\\\/www.instagram.com\\\/saiga_agro\\\/\"]}]}<\/script>\n<!-- \/ Yoast SEO plugin. -->","yoast_head_json":{"title":"Engrais liquide concentr\u00e9 Nutrione \u2013 Engrais universel pour plantes et fleurs | SAIGA","description":"Nutrione, engrais liquide concentr\u00e9 pour plantes et fleurs. Jusqu'\u00e0 3 fois plus de fleurs et 2 fois plus de croissance. Universel, facile \u00e0 utiliser et performant.","robots":{"index":"index","follow":"follow","max-snippet":"max-snippet:-1","max-image-preview":"max-image-preview:large","max-video-preview":"max-video-preview:-1"},"canonical":"https:\/\/saiga.es\/fr\/produit\/nutrione\/","og_locale":"fr_FR","og_type":"article","og_title":"Engrais liquide concentr\u00e9 Nutrione \u2013 Engrais universel pour plantes et fleurs | SAIGA","og_description":"Nutrione, engrais liquide concentr\u00e9 pour plantes et fleurs. Jusqu'\u00e0 3 fois plus de fleurs et 2 fois plus de croissance. Universel, facile \u00e0 utiliser et performant.","og_url":"https:\/\/saiga.es\/fr\/produit\/nutrione\/","og_site_name":"SAIGA","article_modified_time":"2025-08-25T10:47:58+00:00","og_image":[{"width":1080,"height":1080,"url":"https:\/\/saiga.es\/wp-content\/uploads\/2024\/02\/Nutrione.jpg","type":"image\/jpeg"}],"twitter_card":"summary_large_image","twitter_site":"@saiga_agro","twitter_misc":{"Dur\u00e9e de lecture estim\u00e9e":"1 minute"},"schema":{"@context":"https:\/\/schema.org","@graph":[{"@type":"WebPage","@id":"https:\/\/saiga.es\/fr\/produit\/nutrione\/","url":"https:\/\/saiga.es\/fr\/produit\/nutrione\/","name":"Engrais liquide concentr\u00e9 Nutrione \u2013 Engrais universel pour plantes et fleurs | SAIGA","isPartOf":{"@id":"https:\/\/saiga.es\/fr\/#website"},"primaryImageOfPage":{"@id":"https:\/\/saiga.es\/fr\/produit\/nutrione\/#primaryimage"},"image":{"@id":"https:\/\/saiga.es\/fr\/produit\/nutrione\/#primaryimage"},"thumbnailUrl":"https:\/\/saiga.es\/wp-content\/uploads\/2024\/02\/Nutrione.jpg","datePublished":"2024-02-19T12:15:38+00:00","dateModified":"2025-08-25T10:47:58+00:00","description":"Nutrione, engrais liquide concentr\u00e9 pour plantes et fleurs. Jusqu'\u00e0 3 fois plus de fleurs et 2 fois plus de croissance. Universel, facile \u00e0 utiliser et performant.","breadcrumb":{"@id":"https:\/\/saiga.es\/fr\/produit\/nutrione\/#breadcrumb"},"inLanguage":"fr-FR","potentialAction":[{"@type":"ReadAction","target":["https:\/\/saiga.es\/fr\/produit\/nutrione\/"]}]},{"@type":"ImageObject","inLanguage":"fr-FR","@id":"https:\/\/saiga.es\/fr\/produit\/nutrione\/#primaryimage","url":"https:\/\/saiga.es\/wp-content\/uploads\/2024\/02\/Nutrione.jpg","contentUrl":"https:\/\/saiga.es\/wp-content\/uploads\/2024\/02\/Nutrione.jpg","width":1080,"height":1080,"caption":"Adob l\u00edquid concentrat Nutrione"},{"@type":"BreadcrumbList","@id":"https:\/\/saiga.es\/fr\/produit\/nutrione\/#breadcrumb","itemListElement":[{"@type":"ListItem","position":1,"name":"Inici","item":"https:\/\/saiga.es\/fr\/"},{"@type":"ListItem","position":2,"name":"boutique","item":"https:\/\/saiga.es\/fr\/boutique\/"},{"@type":"ListItem","position":3,"name":"Engrais liquide concentr\u00e9 Nutrione \u2013 Engrais universel pour plantes et fleurs"}]},{"@type":"WebSite","@id":"https:\/\/saiga.es\/fr\/#website","url":"https:\/\/saiga.es\/fr\/","name":"SAIGA","description":"M\u00e9s de 50 anys al servei de la terra i treballant per a un \u00fas eficient de l\u2019aigua!","publisher":{"@id":"https:\/\/saiga.es\/fr\/#organization"},"potentialAction":[{"@type":"SearchAction","target":{"@type":"EntryPoint","urlTemplate":"https:\/\/saiga.es\/fr\/?s={search_term_string}"},"query-input":{"@type":"PropertyValueSpecification","valueRequired":true,"valueName":"search_term_string"}}],"inLanguage":"fr-FR"},{"@type":"Organization","@id":"https:\/\/saiga.es\/fr\/#organization","name":"SAIGA","url":"https:\/\/saiga.es\/fr\/","logo":{"@type":"ImageObject","inLanguage":"fr-FR","@id":"https:\/\/saiga.es\/fr\/#\/schema\/logo\/image\/","url":"https:\/\/saiga.es\/wp-content\/uploads\/2025\/07\/logo_saiga_baseline_optimitzat.svg","contentUrl":"https:\/\/saiga.es\/wp-content\/uploads\/2025\/07\/logo_saiga_baseline_optimitzat.svg","caption":"SAIGA"},"image":{"@id":"https:\/\/saiga.es\/fr\/#\/schema\/logo\/image\/"},"sameAs":["https:\/\/x.com\/saiga_agro","https:\/\/www.instagram.com\/saiga_agro\/"]}]}},"_links":{"self":[{"href":"https:\/\/saiga.es\/fr\/wp-json\/wp\/v2\/product\/7749","targetHints":{"allow":["GET"]}}],"collection":[{"href":"https:\/\/saiga.es\/fr\/wp-json\/wp\/v2\/product"}],"about":[{"href":"https:\/\/saiga.es\/fr\/wp-json\/wp\/v2\/types\/product"}],"replies":[{"embeddable":true,"href":"https:\/\/saiga.es\/fr\/wp-json\/wp\/v2\/comments?post=7749"}],"wp:featuredmedia":[{"embeddable":true,"href":"https:\/\/saiga.es\/fr\/wp-json\/wp\/v2\/media\/11500"}],"wp:attachment":[{"href":"https:\/\/saiga.es\/fr\/wp-json\/wp\/v2\/media?parent=7749"}],"wp:term":[{"taxonomy":"product_brand","embeddable":true,"href":"https:\/\/saiga.es\/fr\/wp-json\/wp\/v2\/product_brand?post=7749"},{"taxonomy":"product_cat","embeddable":true,"href":"https:\/\/saiga.es\/fr\/wp-json\/wp\/v2\/product_cat?post=7749"},{"taxonomy":"product_tag","embeddable":true,"href":"https:\/\/saiga.es\/fr\/wp-json\/wp\/v2\/product_tag?post=7749"}],"curies":[{"name":"wp","href":"https:\/\/api.w.org\/{rel}","templated":true}]}}