{"id":7762,"date":"2024-02-19T12:34:42","date_gmt":"2024-02-19T12:34:42","guid":{"rendered":"https:\/\/botiga.saiga.es\/producte\/spray-concentre\/"},"modified":"2024-02-19T12:34:42","modified_gmt":"2024-02-19T12:34:42","slug":"spray-concentre","status":"publish","type":"product","link":"https:\/\/saiga.es\/fr\/produit\/spray-concentre\/","title":{"rendered":"Spray concentr\u00e9"},"content":{"rendered":"<p>L&rsquo;Insecticide-Acaricide Spruzit RTU a un mode d&rsquo;action par contact. Il est particuli\u00e8rement efficace pour lutter contre les pucerons, les aleurodes, les acariens (araign\u00e9e rouge), les chenilles, les cochenilles et les cicadelles sur les plantes herbac\u00e9es et ligneuses ornementales, au champ et en serre.<\/p>\n","protected":false},"excerpt":{"rendered":"<p>L&rsquo;Insecticide-Acaricide Spruzit RTU a un mode d&rsquo;action par contact. Il est particuli\u00e8rement efficace pour lutter contre les pucerons, les aleurodes, les acariens (araign\u00e9e rouge), les chenilles, les cochenilles et les cicadelles sur les plantes herbac\u00e9es et ligneuses ornementales, au champ et en serre.<\/p>\n","protected":false},"featured_media":11527,"comment_status":"closed","ping_status":"closed","template":"","meta":[],"product_brand":[],"product_cat":[445,442],"product_tag":[773,891,777,900],"class_list":{"0":"post-7762","1":"product","2":"type-product","3":"status-publish","4":"has-post-thumbnail","6":"product_cat-insecticides-fr-2","7":"product_cat-non-classe","8":"product_tag-jed-fr","9":"product_tag-insecticide","10":"product_tag-jardinage","11":"product_tag-potager-fr-2","13":"first","14":"instock","15":"taxable","16":"shipping-taxable","17":"purchasable","18":"product-type-simple"},"yoast_head":"<!-- This site is optimized with the Yoast SEO plugin v27.3 - https:\/\/yoast.com\/product\/yoast-seo-wordpress\/ -->\n<title>Spray concentr\u00e9 | SAIGA<\/title>\n<meta name=\"description\" content=\"L&#039;Insecticide-Acaricide Spruzit RTU a un mode d&#039;action par contact. Il est particuli\u00e8rement efficace pour lutter contre les pucerons, les aleurodes, les acariens (araign\u00e9e rouge), les chenilles, les cochenilles et les cicadelles sur les plantes herbac\u00e9es et ligneuses ornementales, au champ et en serre.\" \/>\n<meta name=\"robots\" content=\"index, follow, max-snippet:-1, max-image-preview:large, max-video-preview:-1\" \/>\n<link rel=\"canonical\" href=\"https:\/\/saiga.es\/fr\/produit\/spray-concentre\/\" \/>\n<meta property=\"og:locale\" content=\"fr_FR\" \/>\n<meta property=\"og:type\" content=\"article\" \/>\n<meta property=\"og:title\" content=\"Spray concentr\u00e9 | SAIGA\" \/>\n<meta property=\"og:description\" content=\"L&#039;Insecticide-Acaricide Spruzit RTU a un mode d&#039;action par contact. Il est particuli\u00e8rement efficace pour lutter contre les pucerons, les aleurodes, les acariens (araign\u00e9e rouge), les chenilles, les cochenilles et les cicadelles sur les plantes herbac\u00e9es et ligneuses ornementales, au champ et en serre.\" \/>\n<meta property=\"og:url\" content=\"https:\/\/saiga.es\/fr\/produit\/spray-concentre\/\" \/>\n<meta property=\"og:site_name\" content=\"SAIGA\" \/>\n<meta property=\"og:image\" content=\"https:\/\/saiga.es\/wp-content\/uploads\/2024\/02\/insecticida-acaricida-Spruzit.jpg\" \/>\n\t<meta property=\"og:image:width\" content=\"1080\" \/>\n\t<meta property=\"og:image:height\" content=\"1080\" \/>\n\t<meta property=\"og:image:type\" content=\"image\/jpeg\" \/>\n<meta name=\"twitter:card\" content=\"summary_large_image\" \/>\n<meta name=\"twitter:site\" content=\"@saiga_agro\" \/>\n<script type=\"application\/ld+json\" class=\"yoast-schema-graph\">{\"@context\":\"https:\\\/\\\/schema.org\",\"@graph\":[{\"@type\":\"WebPage\",\"@id\":\"https:\\\/\\\/saiga.es\\\/fr\\\/produit\\\/spray-concentre\\\/\",\"url\":\"https:\\\/\\\/saiga.es\\\/fr\\\/produit\\\/spray-concentre\\\/\",\"name\":\"Spray concentr\u00e9 | SAIGA\",\"isPartOf\":{\"@id\":\"https:\\\/\\\/saiga.es\\\/fr\\\/#website\"},\"primaryImageOfPage\":{\"@id\":\"https:\\\/\\\/saiga.es\\\/fr\\\/produit\\\/spray-concentre\\\/#primaryimage\"},\"image\":{\"@id\":\"https:\\\/\\\/saiga.es\\\/fr\\\/produit\\\/spray-concentre\\\/#primaryimage\"},\"thumbnailUrl\":\"https:\\\/\\\/saiga.es\\\/wp-content\\\/uploads\\\/2024\\\/02\\\/insecticida-acaricida-Spruzit.jpg\",\"datePublished\":\"2024-02-19T12:34:42+00:00\",\"description\":\"L'Insecticide-Acaricide Spruzit RTU a un mode d'action par contact. Il est particuli\u00e8rement efficace pour lutter contre les pucerons, les aleurodes, les acariens (araign\u00e9e rouge), les chenilles, les cochenilles et les cicadelles sur les plantes herbac\u00e9es et ligneuses ornementales, au champ et en serre.\",\"breadcrumb\":{\"@id\":\"https:\\\/\\\/saiga.es\\\/fr\\\/produit\\\/spray-concentre\\\/#breadcrumb\"},\"inLanguage\":\"fr-FR\",\"potentialAction\":[{\"@type\":\"ReadAction\",\"target\":[\"https:\\\/\\\/saiga.es\\\/fr\\\/produit\\\/spray-concentre\\\/\"]}]},{\"@type\":\"ImageObject\",\"inLanguage\":\"fr-FR\",\"@id\":\"https:\\\/\\\/saiga.es\\\/fr\\\/produit\\\/spray-concentre\\\/#primaryimage\",\"url\":\"https:\\\/\\\/saiga.es\\\/wp-content\\\/uploads\\\/2024\\\/02\\\/insecticida-acaricida-Spruzit.jpg\",\"contentUrl\":\"https:\\\/\\\/saiga.es\\\/wp-content\\\/uploads\\\/2024\\\/02\\\/insecticida-acaricida-Spruzit.jpg\",\"width\":1080,\"height\":1080,\"caption\":\"Spruzit concentrat\"},{\"@type\":\"BreadcrumbList\",\"@id\":\"https:\\\/\\\/saiga.es\\\/fr\\\/produit\\\/spray-concentre\\\/#breadcrumb\",\"itemListElement\":[{\"@type\":\"ListItem\",\"position\":1,\"name\":\"Inici\",\"item\":\"https:\\\/\\\/saiga.es\\\/fr\\\/\"},{\"@type\":\"ListItem\",\"position\":2,\"name\":\"boutique\",\"item\":\"https:\\\/\\\/saiga.es\\\/fr\\\/boutique\\\/\"},{\"@type\":\"ListItem\",\"position\":3,\"name\":\"Spray concentr\u00e9\"}]},{\"@type\":\"WebSite\",\"@id\":\"https:\\\/\\\/saiga.es\\\/fr\\\/#website\",\"url\":\"https:\\\/\\\/saiga.es\\\/fr\\\/\",\"name\":\"SAIGA\",\"description\":\"M\u00e9s de 50 anys al servei de la terra i treballant per a un \u00fas eficient de l\u2019aigua!\",\"publisher\":{\"@id\":\"https:\\\/\\\/saiga.es\\\/fr\\\/#organization\"},\"potentialAction\":[{\"@type\":\"SearchAction\",\"target\":{\"@type\":\"EntryPoint\",\"urlTemplate\":\"https:\\\/\\\/saiga.es\\\/fr\\\/?s={search_term_string}\"},\"query-input\":{\"@type\":\"PropertyValueSpecification\",\"valueRequired\":true,\"valueName\":\"search_term_string\"}}],\"inLanguage\":\"fr-FR\"},{\"@type\":\"Organization\",\"@id\":\"https:\\\/\\\/saiga.es\\\/fr\\\/#organization\",\"name\":\"SAIGA\",\"url\":\"https:\\\/\\\/saiga.es\\\/fr\\\/\",\"logo\":{\"@type\":\"ImageObject\",\"inLanguage\":\"fr-FR\",\"@id\":\"https:\\\/\\\/saiga.es\\\/fr\\\/#\\\/schema\\\/logo\\\/image\\\/\",\"url\":\"https:\\\/\\\/saiga.es\\\/wp-content\\\/uploads\\\/2025\\\/07\\\/logo_saiga_baseline_optimitzat.svg\",\"contentUrl\":\"https:\\\/\\\/saiga.es\\\/wp-content\\\/uploads\\\/2025\\\/07\\\/logo_saiga_baseline_optimitzat.svg\",\"caption\":\"SAIGA\"},\"image\":{\"@id\":\"https:\\\/\\\/saiga.es\\\/fr\\\/#\\\/schema\\\/logo\\\/image\\\/\"},\"sameAs\":[\"https:\\\/\\\/x.com\\\/saiga_agro\",\"https:\\\/\\\/www.instagram.com\\\/saiga_agro\\\/\"]}]}<\/script>\n<!-- \/ Yoast SEO plugin. -->","yoast_head_json":{"title":"Spray concentr\u00e9 | SAIGA","description":"L'Insecticide-Acaricide Spruzit RTU a un mode d'action par contact. Il est particuli\u00e8rement efficace pour lutter contre les pucerons, les aleurodes, les acariens (araign\u00e9e rouge), les chenilles, les cochenilles et les cicadelles sur les plantes herbac\u00e9es et ligneuses ornementales, au champ et en serre.","robots":{"index":"index","follow":"follow","max-snippet":"max-snippet:-1","max-image-preview":"max-image-preview:large","max-video-preview":"max-video-preview:-1"},"canonical":"https:\/\/saiga.es\/fr\/produit\/spray-concentre\/","og_locale":"fr_FR","og_type":"article","og_title":"Spray concentr\u00e9 | SAIGA","og_description":"L'Insecticide-Acaricide Spruzit RTU a un mode d'action par contact. Il est particuli\u00e8rement efficace pour lutter contre les pucerons, les aleurodes, les acariens (araign\u00e9e rouge), les chenilles, les cochenilles et les cicadelles sur les plantes herbac\u00e9es et ligneuses ornementales, au champ et en serre.","og_url":"https:\/\/saiga.es\/fr\/produit\/spray-concentre\/","og_site_name":"SAIGA","og_image":[{"width":1080,"height":1080,"url":"https:\/\/saiga.es\/wp-content\/uploads\/2024\/02\/insecticida-acaricida-Spruzit.jpg","type":"image\/jpeg"}],"twitter_card":"summary_large_image","twitter_site":"@saiga_agro","schema":{"@context":"https:\/\/schema.org","@graph":[{"@type":"WebPage","@id":"https:\/\/saiga.es\/fr\/produit\/spray-concentre\/","url":"https:\/\/saiga.es\/fr\/produit\/spray-concentre\/","name":"Spray concentr\u00e9 | SAIGA","isPartOf":{"@id":"https:\/\/saiga.es\/fr\/#website"},"primaryImageOfPage":{"@id":"https:\/\/saiga.es\/fr\/produit\/spray-concentre\/#primaryimage"},"image":{"@id":"https:\/\/saiga.es\/fr\/produit\/spray-concentre\/#primaryimage"},"thumbnailUrl":"https:\/\/saiga.es\/wp-content\/uploads\/2024\/02\/insecticida-acaricida-Spruzit.jpg","datePublished":"2024-02-19T12:34:42+00:00","description":"L'Insecticide-Acaricide Spruzit RTU a un mode d'action par contact. Il est particuli\u00e8rement efficace pour lutter contre les pucerons, les aleurodes, les acariens (araign\u00e9e rouge), les chenilles, les cochenilles et les cicadelles sur les plantes herbac\u00e9es et ligneuses ornementales, au champ et en serre.","breadcrumb":{"@id":"https:\/\/saiga.es\/fr\/produit\/spray-concentre\/#breadcrumb"},"inLanguage":"fr-FR","potentialAction":[{"@type":"ReadAction","target":["https:\/\/saiga.es\/fr\/produit\/spray-concentre\/"]}]},{"@type":"ImageObject","inLanguage":"fr-FR","@id":"https:\/\/saiga.es\/fr\/produit\/spray-concentre\/#primaryimage","url":"https:\/\/saiga.es\/wp-content\/uploads\/2024\/02\/insecticida-acaricida-Spruzit.jpg","contentUrl":"https:\/\/saiga.es\/wp-content\/uploads\/2024\/02\/insecticida-acaricida-Spruzit.jpg","width":1080,"height":1080,"caption":"Spruzit concentrat"},{"@type":"BreadcrumbList","@id":"https:\/\/saiga.es\/fr\/produit\/spray-concentre\/#breadcrumb","itemListElement":[{"@type":"ListItem","position":1,"name":"Inici","item":"https:\/\/saiga.es\/fr\/"},{"@type":"ListItem","position":2,"name":"boutique","item":"https:\/\/saiga.es\/fr\/boutique\/"},{"@type":"ListItem","position":3,"name":"Spray concentr\u00e9"}]},{"@type":"WebSite","@id":"https:\/\/saiga.es\/fr\/#website","url":"https:\/\/saiga.es\/fr\/","name":"SAIGA","description":"M\u00e9s de 50 anys al servei de la terra i treballant per a un \u00fas eficient de l\u2019aigua!","publisher":{"@id":"https:\/\/saiga.es\/fr\/#organization"},"potentialAction":[{"@type":"SearchAction","target":{"@type":"EntryPoint","urlTemplate":"https:\/\/saiga.es\/fr\/?s={search_term_string}"},"query-input":{"@type":"PropertyValueSpecification","valueRequired":true,"valueName":"search_term_string"}}],"inLanguage":"fr-FR"},{"@type":"Organization","@id":"https:\/\/saiga.es\/fr\/#organization","name":"SAIGA","url":"https:\/\/saiga.es\/fr\/","logo":{"@type":"ImageObject","inLanguage":"fr-FR","@id":"https:\/\/saiga.es\/fr\/#\/schema\/logo\/image\/","url":"https:\/\/saiga.es\/wp-content\/uploads\/2025\/07\/logo_saiga_baseline_optimitzat.svg","contentUrl":"https:\/\/saiga.es\/wp-content\/uploads\/2025\/07\/logo_saiga_baseline_optimitzat.svg","caption":"SAIGA"},"image":{"@id":"https:\/\/saiga.es\/fr\/#\/schema\/logo\/image\/"},"sameAs":["https:\/\/x.com\/saiga_agro","https:\/\/www.instagram.com\/saiga_agro\/"]}]}},"_links":{"self":[{"href":"https:\/\/saiga.es\/fr\/wp-json\/wp\/v2\/product\/7762","targetHints":{"allow":["GET"]}}],"collection":[{"href":"https:\/\/saiga.es\/fr\/wp-json\/wp\/v2\/product"}],"about":[{"href":"https:\/\/saiga.es\/fr\/wp-json\/wp\/v2\/types\/product"}],"replies":[{"embeddable":true,"href":"https:\/\/saiga.es\/fr\/wp-json\/wp\/v2\/comments?post=7762"}],"wp:featuredmedia":[{"embeddable":true,"href":"https:\/\/saiga.es\/fr\/wp-json\/wp\/v2\/media\/11527"}],"wp:attachment":[{"href":"https:\/\/saiga.es\/fr\/wp-json\/wp\/v2\/media?parent=7762"}],"wp:term":[{"taxonomy":"product_brand","embeddable":true,"href":"https:\/\/saiga.es\/fr\/wp-json\/wp\/v2\/product_brand?post=7762"},{"taxonomy":"product_cat","embeddable":true,"href":"https:\/\/saiga.es\/fr\/wp-json\/wp\/v2\/product_cat?post=7762"},{"taxonomy":"product_tag","embeddable":true,"href":"https:\/\/saiga.es\/fr\/wp-json\/wp\/v2\/product_tag?post=7762"}],"curies":[{"name":"wp","href":"https:\/\/api.w.org\/{rel}","templated":true}]}}