{"id":7802,"date":"2024-02-20T14:22:28","date_gmt":"2024-02-20T14:22:28","guid":{"rendered":"https:\/\/botiga.saiga.es\/producte\/treillis-electrosoude\/"},"modified":"2024-02-20T14:22:28","modified_gmt":"2024-02-20T14:22:28","slug":"treillis-electrosoude","status":"publish","type":"product","link":"https:\/\/saiga.es\/fr\/produit\/treillis-electrosoude\/","title":{"rendered":"Treillis \u00e9lectrosoud\u00e9"},"content":{"rendered":"<p>Treillis \u00e9lectrosoud\u00e9. Rouleau de grillage \u00e9lectro-soud\u00e9 : Prot\u00e8ge efficacement les oiseaux, lapins et autres animaux contre leurs pr\u00e9dateurs naturels. Il est \u00e9galement tr\u00e8s utile pour les travaux de bricolage. Treillis fin, avec fil d&rsquo;acier soud\u00e9 par points, galvanis\u00e9.<\/p>\n","protected":false},"excerpt":{"rendered":"<p>Treillis \u00e9lectrosoud\u00e9. Rouleau de grillage \u00e9lectro-soud\u00e9 : Prot\u00e8ge efficacement les oiseaux, lapins et autres animaux contre leurs pr\u00e9dateurs naturels. Il est \u00e9galement tr\u00e8s utile pour les travaux de bricolage. Treillis fin, avec fil d&rsquo;acier soud\u00e9 par points, galvanis\u00e9.<\/p>\n","protected":false},"featured_media":7797,"comment_status":"closed","ping_status":"closed","template":"","meta":[],"product_brand":[],"product_cat":[487],"product_tag":[615,915,916,917,918],"class_list":{"0":"post-7802","1":"product","2":"type-product","3":"status-publish","4":"has-post-thumbnail","6":"product_cat-semelle-interieure-en-maille","7":"product_tag-ferme","8":"product_tag-maille","9":"product_tag-malles-fr","10":"product_tag-malles-protectores-fr","11":"product_tag-treillis-electrosoude","13":"first","14":"instock","15":"taxable","16":"shipping-taxable","17":"purchasable","18":"product-type-variable"},"yoast_head":"<!-- This site is optimized with the Yoast SEO plugin v27.3 - https:\/\/yoast.com\/product\/yoast-seo-wordpress\/ -->\n<title>Treillis \u00e9lectrosoud\u00e9 | SAIGA<\/title>\n<meta name=\"description\" content=\"Treillis \u00e9lectrosoud\u00e9. Rouleau de grillage \u00e9lectro-soud\u00e9 : Prot\u00e8ge efficacement les oiseaux, lapins et autres animaux contre leurs pr\u00e9dateurs naturels. Il est \u00e9galement tr\u00e8s utile pour les travaux de bricolage. Treillis fin, avec fil d&#039;acier soud\u00e9 par points, galvanis\u00e9.\" \/>\n<meta name=\"robots\" content=\"index, follow, max-snippet:-1, max-image-preview:large, max-video-preview:-1\" \/>\n<link rel=\"canonical\" href=\"https:\/\/saiga.es\/fr\/produit\/treillis-electrosoude\/\" \/>\n<meta property=\"og:locale\" content=\"fr_FR\" \/>\n<meta property=\"og:type\" content=\"article\" \/>\n<meta property=\"og:title\" content=\"Treillis \u00e9lectrosoud\u00e9 | SAIGA\" \/>\n<meta property=\"og:description\" content=\"Treillis \u00e9lectrosoud\u00e9. Rouleau de grillage \u00e9lectro-soud\u00e9 : Prot\u00e8ge efficacement les oiseaux, lapins et autres animaux contre leurs pr\u00e9dateurs naturels. Il est \u00e9galement tr\u00e8s utile pour les travaux de bricolage. Treillis fin, avec fil d&#039;acier soud\u00e9 par points, galvanis\u00e9.\" \/>\n<meta property=\"og:url\" content=\"https:\/\/saiga.es\/fr\/produit\/treillis-electrosoude\/\" \/>\n<meta property=\"og:site_name\" content=\"SAIGA\" \/>\n<meta property=\"og:image\" content=\"https:\/\/saiga.es\/wp-content\/uploads\/2024\/02\/IMG_0977-rotated.jpg\" \/>\n\t<meta property=\"og:image:width\" content=\"480\" \/>\n\t<meta property=\"og:image:height\" content=\"640\" \/>\n\t<meta property=\"og:image:type\" content=\"image\/jpeg\" \/>\n<meta name=\"twitter:card\" content=\"summary_large_image\" \/>\n<meta name=\"twitter:site\" content=\"@saiga_agro\" \/>\n<script type=\"application\/ld+json\" class=\"yoast-schema-graph\">{\"@context\":\"https:\\\/\\\/schema.org\",\"@graph\":[{\"@type\":\"WebPage\",\"@id\":\"https:\\\/\\\/saiga.es\\\/fr\\\/produit\\\/treillis-electrosoude\\\/\",\"url\":\"https:\\\/\\\/saiga.es\\\/fr\\\/produit\\\/treillis-electrosoude\\\/\",\"name\":\"Treillis \u00e9lectrosoud\u00e9 | SAIGA\",\"isPartOf\":{\"@id\":\"https:\\\/\\\/saiga.es\\\/fr\\\/#website\"},\"primaryImageOfPage\":{\"@id\":\"https:\\\/\\\/saiga.es\\\/fr\\\/produit\\\/treillis-electrosoude\\\/#primaryimage\"},\"image\":{\"@id\":\"https:\\\/\\\/saiga.es\\\/fr\\\/produit\\\/treillis-electrosoude\\\/#primaryimage\"},\"thumbnailUrl\":\"https:\\\/\\\/saiga.es\\\/wp-content\\\/uploads\\\/2024\\\/02\\\/IMG_0977-rotated.jpg\",\"datePublished\":\"2024-02-20T14:22:28+00:00\",\"description\":\"Treillis \u00e9lectrosoud\u00e9. Rouleau de grillage \u00e9lectro-soud\u00e9 : Prot\u00e8ge efficacement les oiseaux, lapins et autres animaux contre leurs pr\u00e9dateurs naturels. Il est \u00e9galement tr\u00e8s utile pour les travaux de bricolage. Treillis fin, avec fil d'acier soud\u00e9 par points, galvanis\u00e9.\",\"breadcrumb\":{\"@id\":\"https:\\\/\\\/saiga.es\\\/fr\\\/produit\\\/treillis-electrosoude\\\/#breadcrumb\"},\"inLanguage\":\"fr-FR\",\"potentialAction\":[{\"@type\":\"ReadAction\",\"target\":[\"https:\\\/\\\/saiga.es\\\/fr\\\/produit\\\/treillis-electrosoude\\\/\"]}]},{\"@type\":\"ImageObject\",\"inLanguage\":\"fr-FR\",\"@id\":\"https:\\\/\\\/saiga.es\\\/fr\\\/produit\\\/treillis-electrosoude\\\/#primaryimage\",\"url\":\"https:\\\/\\\/saiga.es\\\/wp-content\\\/uploads\\\/2024\\\/02\\\/IMG_0977-rotated.jpg\",\"contentUrl\":\"https:\\\/\\\/saiga.es\\\/wp-content\\\/uploads\\\/2024\\\/02\\\/IMG_0977-rotated.jpg\",\"width\":480,\"height\":640,\"caption\":\"Malla eletrosoldat\"},{\"@type\":\"BreadcrumbList\",\"@id\":\"https:\\\/\\\/saiga.es\\\/fr\\\/produit\\\/treillis-electrosoude\\\/#breadcrumb\",\"itemListElement\":[{\"@type\":\"ListItem\",\"position\":1,\"name\":\"Inici\",\"item\":\"https:\\\/\\\/saiga.es\\\/fr\\\/\"},{\"@type\":\"ListItem\",\"position\":2,\"name\":\"boutique\",\"item\":\"https:\\\/\\\/saiga.es\\\/fr\\\/boutique\\\/\"},{\"@type\":\"ListItem\",\"position\":3,\"name\":\"Treillis \u00e9lectrosoud\u00e9\"}]},{\"@type\":\"WebSite\",\"@id\":\"https:\\\/\\\/saiga.es\\\/fr\\\/#website\",\"url\":\"https:\\\/\\\/saiga.es\\\/fr\\\/\",\"name\":\"SAIGA\",\"description\":\"M\u00e9s de 50 anys al servei de la terra i treballant per a un \u00fas eficient de l\u2019aigua!\",\"publisher\":{\"@id\":\"https:\\\/\\\/saiga.es\\\/fr\\\/#organization\"},\"potentialAction\":[{\"@type\":\"SearchAction\",\"target\":{\"@type\":\"EntryPoint\",\"urlTemplate\":\"https:\\\/\\\/saiga.es\\\/fr\\\/?s={search_term_string}\"},\"query-input\":{\"@type\":\"PropertyValueSpecification\",\"valueRequired\":true,\"valueName\":\"search_term_string\"}}],\"inLanguage\":\"fr-FR\"},{\"@type\":\"Organization\",\"@id\":\"https:\\\/\\\/saiga.es\\\/fr\\\/#organization\",\"name\":\"SAIGA\",\"url\":\"https:\\\/\\\/saiga.es\\\/fr\\\/\",\"logo\":{\"@type\":\"ImageObject\",\"inLanguage\":\"fr-FR\",\"@id\":\"https:\\\/\\\/saiga.es\\\/fr\\\/#\\\/schema\\\/logo\\\/image\\\/\",\"url\":\"https:\\\/\\\/saiga.es\\\/wp-content\\\/uploads\\\/2025\\\/07\\\/logo_saiga_baseline_optimitzat.svg\",\"contentUrl\":\"https:\\\/\\\/saiga.es\\\/wp-content\\\/uploads\\\/2025\\\/07\\\/logo_saiga_baseline_optimitzat.svg\",\"caption\":\"SAIGA\"},\"image\":{\"@id\":\"https:\\\/\\\/saiga.es\\\/fr\\\/#\\\/schema\\\/logo\\\/image\\\/\"},\"sameAs\":[\"https:\\\/\\\/x.com\\\/saiga_agro\",\"https:\\\/\\\/www.instagram.com\\\/saiga_agro\\\/\"]}]}<\/script>\n<!-- \/ Yoast SEO plugin. -->","yoast_head_json":{"title":"Treillis \u00e9lectrosoud\u00e9 | SAIGA","description":"Treillis \u00e9lectrosoud\u00e9. Rouleau de grillage \u00e9lectro-soud\u00e9 : Prot\u00e8ge efficacement les oiseaux, lapins et autres animaux contre leurs pr\u00e9dateurs naturels. Il est \u00e9galement tr\u00e8s utile pour les travaux de bricolage. Treillis fin, avec fil d'acier soud\u00e9 par points, galvanis\u00e9.","robots":{"index":"index","follow":"follow","max-snippet":"max-snippet:-1","max-image-preview":"max-image-preview:large","max-video-preview":"max-video-preview:-1"},"canonical":"https:\/\/saiga.es\/fr\/produit\/treillis-electrosoude\/","og_locale":"fr_FR","og_type":"article","og_title":"Treillis \u00e9lectrosoud\u00e9 | SAIGA","og_description":"Treillis \u00e9lectrosoud\u00e9. Rouleau de grillage \u00e9lectro-soud\u00e9 : Prot\u00e8ge efficacement les oiseaux, lapins et autres animaux contre leurs pr\u00e9dateurs naturels. Il est \u00e9galement tr\u00e8s utile pour les travaux de bricolage. Treillis fin, avec fil d'acier soud\u00e9 par points, galvanis\u00e9.","og_url":"https:\/\/saiga.es\/fr\/produit\/treillis-electrosoude\/","og_site_name":"SAIGA","og_image":[{"width":480,"height":640,"url":"https:\/\/saiga.es\/wp-content\/uploads\/2024\/02\/IMG_0977-rotated.jpg","type":"image\/jpeg"}],"twitter_card":"summary_large_image","twitter_site":"@saiga_agro","schema":{"@context":"https:\/\/schema.org","@graph":[{"@type":"WebPage","@id":"https:\/\/saiga.es\/fr\/produit\/treillis-electrosoude\/","url":"https:\/\/saiga.es\/fr\/produit\/treillis-electrosoude\/","name":"Treillis \u00e9lectrosoud\u00e9 | SAIGA","isPartOf":{"@id":"https:\/\/saiga.es\/fr\/#website"},"primaryImageOfPage":{"@id":"https:\/\/saiga.es\/fr\/produit\/treillis-electrosoude\/#primaryimage"},"image":{"@id":"https:\/\/saiga.es\/fr\/produit\/treillis-electrosoude\/#primaryimage"},"thumbnailUrl":"https:\/\/saiga.es\/wp-content\/uploads\/2024\/02\/IMG_0977-rotated.jpg","datePublished":"2024-02-20T14:22:28+00:00","description":"Treillis \u00e9lectrosoud\u00e9. Rouleau de grillage \u00e9lectro-soud\u00e9 : Prot\u00e8ge efficacement les oiseaux, lapins et autres animaux contre leurs pr\u00e9dateurs naturels. Il est \u00e9galement tr\u00e8s utile pour les travaux de bricolage. Treillis fin, avec fil d'acier soud\u00e9 par points, galvanis\u00e9.","breadcrumb":{"@id":"https:\/\/saiga.es\/fr\/produit\/treillis-electrosoude\/#breadcrumb"},"inLanguage":"fr-FR","potentialAction":[{"@type":"ReadAction","target":["https:\/\/saiga.es\/fr\/produit\/treillis-electrosoude\/"]}]},{"@type":"ImageObject","inLanguage":"fr-FR","@id":"https:\/\/saiga.es\/fr\/produit\/treillis-electrosoude\/#primaryimage","url":"https:\/\/saiga.es\/wp-content\/uploads\/2024\/02\/IMG_0977-rotated.jpg","contentUrl":"https:\/\/saiga.es\/wp-content\/uploads\/2024\/02\/IMG_0977-rotated.jpg","width":480,"height":640,"caption":"Malla eletrosoldat"},{"@type":"BreadcrumbList","@id":"https:\/\/saiga.es\/fr\/produit\/treillis-electrosoude\/#breadcrumb","itemListElement":[{"@type":"ListItem","position":1,"name":"Inici","item":"https:\/\/saiga.es\/fr\/"},{"@type":"ListItem","position":2,"name":"boutique","item":"https:\/\/saiga.es\/fr\/boutique\/"},{"@type":"ListItem","position":3,"name":"Treillis \u00e9lectrosoud\u00e9"}]},{"@type":"WebSite","@id":"https:\/\/saiga.es\/fr\/#website","url":"https:\/\/saiga.es\/fr\/","name":"SAIGA","description":"M\u00e9s de 50 anys al servei de la terra i treballant per a un \u00fas eficient de l\u2019aigua!","publisher":{"@id":"https:\/\/saiga.es\/fr\/#organization"},"potentialAction":[{"@type":"SearchAction","target":{"@type":"EntryPoint","urlTemplate":"https:\/\/saiga.es\/fr\/?s={search_term_string}"},"query-input":{"@type":"PropertyValueSpecification","valueRequired":true,"valueName":"search_term_string"}}],"inLanguage":"fr-FR"},{"@type":"Organization","@id":"https:\/\/saiga.es\/fr\/#organization","name":"SAIGA","url":"https:\/\/saiga.es\/fr\/","logo":{"@type":"ImageObject","inLanguage":"fr-FR","@id":"https:\/\/saiga.es\/fr\/#\/schema\/logo\/image\/","url":"https:\/\/saiga.es\/wp-content\/uploads\/2025\/07\/logo_saiga_baseline_optimitzat.svg","contentUrl":"https:\/\/saiga.es\/wp-content\/uploads\/2025\/07\/logo_saiga_baseline_optimitzat.svg","caption":"SAIGA"},"image":{"@id":"https:\/\/saiga.es\/fr\/#\/schema\/logo\/image\/"},"sameAs":["https:\/\/x.com\/saiga_agro","https:\/\/www.instagram.com\/saiga_agro\/"]}]}},"_links":{"self":[{"href":"https:\/\/saiga.es\/fr\/wp-json\/wp\/v2\/product\/7802","targetHints":{"allow":["GET"]}}],"collection":[{"href":"https:\/\/saiga.es\/fr\/wp-json\/wp\/v2\/product"}],"about":[{"href":"https:\/\/saiga.es\/fr\/wp-json\/wp\/v2\/types\/product"}],"replies":[{"embeddable":true,"href":"https:\/\/saiga.es\/fr\/wp-json\/wp\/v2\/comments?post=7802"}],"wp:featuredmedia":[{"embeddable":true,"href":"https:\/\/saiga.es\/fr\/wp-json\/wp\/v2\/media\/7797"}],"wp:attachment":[{"href":"https:\/\/saiga.es\/fr\/wp-json\/wp\/v2\/media?parent=7802"}],"wp:term":[{"taxonomy":"product_brand","embeddable":true,"href":"https:\/\/saiga.es\/fr\/wp-json\/wp\/v2\/product_brand?post=7802"},{"taxonomy":"product_cat","embeddable":true,"href":"https:\/\/saiga.es\/fr\/wp-json\/wp\/v2\/product_cat?post=7802"},{"taxonomy":"product_tag","embeddable":true,"href":"https:\/\/saiga.es\/fr\/wp-json\/wp\/v2\/product_tag?post=7802"}],"curies":[{"name":"wp","href":"https:\/\/api.w.org\/{rel}","templated":true}]}}