{"id":7869,"date":"2024-02-21T11:40:14","date_gmt":"2024-02-21T11:40:14","guid":{"rendered":"https:\/\/botiga.saiga.es\/producte\/bobine-de-maille-torsadee-simple-galvanisee\/"},"modified":"2024-02-21T11:40:14","modified_gmt":"2024-02-21T11:40:14","slug":"bobine-de-maille-torsadee-simple-galvanisee","status":"publish","type":"product","link":"https:\/\/saiga.es\/fr\/produit\/bobine-de-maille-torsadee-simple-galvanisee\/","title":{"rendered":"Bobine de maille torsad\u00e9e simple galvanis\u00e9e"},"content":{"rendered":"<p>Bobine de treillis galvanis\u00e9 avec simple torsion. Le maillage simple torsion est tr\u00e8s appr\u00e9ci\u00e9 car il s\u2019adapte \u00e0 tous les terrains, environnements et usages. Il est tr\u00e8s maniable, car il peut \u00eatre coup\u00e9, cousu, \u00e9piss\u00e9 et transform\u00e9 en diff\u00e9rentes tailles. A cela il faut ajouter le petit prix. Et ils sont tr\u00e8s r\u00e9sistants et s\u00fbrs. De cette mani\u00e8re, il offre un bon \u00e9l\u00e9ment pour la fermeture de toutes sortes d&rsquo;exploitations agricoles et d&rsquo;installations.<\/p>\n","protected":false},"excerpt":{"rendered":"<p>Bobine de treillis galvanis\u00e9 avec simple torsion. Le maillage simple torsion est tr\u00e8s appr\u00e9ci\u00e9 car il s\u2019adapte \u00e0 tous les terrains, environnements et usages. Il est tr\u00e8s maniable, car il peut \u00eatre coup\u00e9, cousu, \u00e9piss\u00e9 et transform\u00e9 en diff\u00e9rentes tailles. A cela il faut ajouter le petit prix. Et ils sont tr\u00e8s r\u00e9sistants et s\u00fbrs. De cette mani\u00e8re, il offre un bon \u00e9l\u00e9ment pour la fermeture de toutes sortes d&rsquo;exploitations agricoles et d&rsquo;installations.<\/p>\n","protected":false},"featured_media":7864,"comment_status":"closed","ping_status":"closed","template":"","meta":[],"product_brand":[],"product_cat":[487],"product_tag":[714,927,615,915,928],"class_list":{"0":"post-7869","1":"product","2":"type-product","3":"status-publish","4":"has-post-thumbnail","6":"product_cat-semelle-interieure-en-maille","7":"product_tag-betail","8":"product_tag-fer","9":"product_tag-ferme","10":"product_tag-maille","11":"product_tag-treillis-galvanise","13":"first","14":"instock","15":"taxable","16":"shipping-taxable","17":"purchasable","18":"product-type-variable"},"yoast_head":"<!-- This site is optimized with the Yoast SEO plugin v27.3 - https:\/\/yoast.com\/product\/yoast-seo-wordpress\/ -->\n<title>Bobine de maille torsad\u00e9e simple galvanis\u00e9e | SAIGA<\/title>\n<meta name=\"description\" content=\"Bobine de maille galvanis\u00e9e \u00e0 simple torsion. Le maillage simple torsion est tr\u00e8s appr\u00e9ci\u00e9 car il s\u2019adapte \u00e0 tous les terrains, environnements et usages.\" \/>\n<meta name=\"robots\" content=\"index, follow, max-snippet:-1, max-image-preview:large, max-video-preview:-1\" \/>\n<link rel=\"canonical\" href=\"https:\/\/saiga.es\/fr\/produit\/bobine-de-maille-torsadee-simple-galvanisee\/\" \/>\n<meta property=\"og:locale\" content=\"fr_FR\" \/>\n<meta property=\"og:type\" content=\"article\" \/>\n<meta property=\"og:title\" content=\"Bobine de maille torsad\u00e9e simple galvanis\u00e9e | SAIGA\" \/>\n<meta property=\"og:description\" content=\"Bobine de maille galvanis\u00e9e \u00e0 simple torsion. Le maillage simple torsion est tr\u00e8s appr\u00e9ci\u00e9 car il s\u2019adapte \u00e0 tous les terrains, environnements et usages.\" \/>\n<meta property=\"og:url\" content=\"https:\/\/saiga.es\/fr\/produit\/bobine-de-maille-torsadee-simple-galvanisee\/\" \/>\n<meta property=\"og:site_name\" content=\"SAIGA\" \/>\n<meta property=\"og:image\" content=\"https:\/\/saiga.es\/wp-content\/uploads\/2024\/02\/IMG_0979-rotated.jpg\" \/>\n\t<meta property=\"og:image:width\" content=\"480\" \/>\n\t<meta property=\"og:image:height\" content=\"640\" \/>\n\t<meta property=\"og:image:type\" content=\"image\/jpeg\" \/>\n<meta name=\"twitter:card\" content=\"summary_large_image\" \/>\n<meta name=\"twitter:site\" content=\"@saiga_agro\" \/>\n<script type=\"application\/ld+json\" class=\"yoast-schema-graph\">{\"@context\":\"https:\\\/\\\/schema.org\",\"@graph\":[{\"@type\":\"WebPage\",\"@id\":\"https:\\\/\\\/saiga.es\\\/fr\\\/produit\\\/bobine-de-maille-torsadee-simple-galvanisee\\\/\",\"url\":\"https:\\\/\\\/saiga.es\\\/fr\\\/produit\\\/bobine-de-maille-torsadee-simple-galvanisee\\\/\",\"name\":\"Bobine de maille torsad\u00e9e simple galvanis\u00e9e | SAIGA\",\"isPartOf\":{\"@id\":\"https:\\\/\\\/saiga.es\\\/fr\\\/#website\"},\"primaryImageOfPage\":{\"@id\":\"https:\\\/\\\/saiga.es\\\/fr\\\/produit\\\/bobine-de-maille-torsadee-simple-galvanisee\\\/#primaryimage\"},\"image\":{\"@id\":\"https:\\\/\\\/saiga.es\\\/fr\\\/produit\\\/bobine-de-maille-torsadee-simple-galvanisee\\\/#primaryimage\"},\"thumbnailUrl\":\"https:\\\/\\\/saiga.es\\\/wp-content\\\/uploads\\\/2024\\\/02\\\/IMG_0979-rotated.jpg\",\"datePublished\":\"2024-02-21T11:40:14+00:00\",\"description\":\"Bobine de maille galvanis\u00e9e \u00e0 simple torsion. Le maillage simple torsion est tr\u00e8s appr\u00e9ci\u00e9 car il s\u2019adapte \u00e0 tous les terrains, environnements et usages.\",\"breadcrumb\":{\"@id\":\"https:\\\/\\\/saiga.es\\\/fr\\\/produit\\\/bobine-de-maille-torsadee-simple-galvanisee\\\/#breadcrumb\"},\"inLanguage\":\"fr-FR\",\"potentialAction\":[{\"@type\":\"ReadAction\",\"target\":[\"https:\\\/\\\/saiga.es\\\/fr\\\/produit\\\/bobine-de-maille-torsadee-simple-galvanisee\\\/\"]}]},{\"@type\":\"ImageObject\",\"inLanguage\":\"fr-FR\",\"@id\":\"https:\\\/\\\/saiga.es\\\/fr\\\/produit\\\/bobine-de-maille-torsadee-simple-galvanisee\\\/#primaryimage\",\"url\":\"https:\\\/\\\/saiga.es\\\/wp-content\\\/uploads\\\/2024\\\/02\\\/IMG_0979-rotated.jpg\",\"contentUrl\":\"https:\\\/\\\/saiga.es\\\/wp-content\\\/uploads\\\/2024\\\/02\\\/IMG_0979-rotated.jpg\",\"width\":480,\"height\":640,\"caption\":\"Maille torsad\u00e9e simple\"},{\"@type\":\"BreadcrumbList\",\"@id\":\"https:\\\/\\\/saiga.es\\\/fr\\\/produit\\\/bobine-de-maille-torsadee-simple-galvanisee\\\/#breadcrumb\",\"itemListElement\":[{\"@type\":\"ListItem\",\"position\":1,\"name\":\"Inici\",\"item\":\"https:\\\/\\\/saiga.es\\\/fr\\\/\"},{\"@type\":\"ListItem\",\"position\":2,\"name\":\"boutique\",\"item\":\"https:\\\/\\\/saiga.es\\\/fr\\\/boutique\\\/\"},{\"@type\":\"ListItem\",\"position\":3,\"name\":\"Bobine de maille torsad\u00e9e simple galvanis\u00e9e\"}]},{\"@type\":\"WebSite\",\"@id\":\"https:\\\/\\\/saiga.es\\\/fr\\\/#website\",\"url\":\"https:\\\/\\\/saiga.es\\\/fr\\\/\",\"name\":\"SAIGA\",\"description\":\"M\u00e9s de 50 anys al servei de la terra i treballant per a un \u00fas eficient de l\u2019aigua!\",\"publisher\":{\"@id\":\"https:\\\/\\\/saiga.es\\\/fr\\\/#organization\"},\"potentialAction\":[{\"@type\":\"SearchAction\",\"target\":{\"@type\":\"EntryPoint\",\"urlTemplate\":\"https:\\\/\\\/saiga.es\\\/fr\\\/?s={search_term_string}\"},\"query-input\":{\"@type\":\"PropertyValueSpecification\",\"valueRequired\":true,\"valueName\":\"search_term_string\"}}],\"inLanguage\":\"fr-FR\"},{\"@type\":\"Organization\",\"@id\":\"https:\\\/\\\/saiga.es\\\/fr\\\/#organization\",\"name\":\"SAIGA\",\"url\":\"https:\\\/\\\/saiga.es\\\/fr\\\/\",\"logo\":{\"@type\":\"ImageObject\",\"inLanguage\":\"fr-FR\",\"@id\":\"https:\\\/\\\/saiga.es\\\/fr\\\/#\\\/schema\\\/logo\\\/image\\\/\",\"url\":\"https:\\\/\\\/saiga.es\\\/wp-content\\\/uploads\\\/2025\\\/07\\\/logo_saiga_baseline_optimitzat.svg\",\"contentUrl\":\"https:\\\/\\\/saiga.es\\\/wp-content\\\/uploads\\\/2025\\\/07\\\/logo_saiga_baseline_optimitzat.svg\",\"caption\":\"SAIGA\"},\"image\":{\"@id\":\"https:\\\/\\\/saiga.es\\\/fr\\\/#\\\/schema\\\/logo\\\/image\\\/\"},\"sameAs\":[\"https:\\\/\\\/x.com\\\/saiga_agro\",\"https:\\\/\\\/www.instagram.com\\\/saiga_agro\\\/\"]}]}<\/script>\n<!-- \/ Yoast SEO plugin. -->","yoast_head_json":{"title":"Bobine de maille torsad\u00e9e simple galvanis\u00e9e | SAIGA","description":"Bobine de maille galvanis\u00e9e \u00e0 simple torsion. Le maillage simple torsion est tr\u00e8s appr\u00e9ci\u00e9 car il s\u2019adapte \u00e0 tous les terrains, environnements et usages.","robots":{"index":"index","follow":"follow","max-snippet":"max-snippet:-1","max-image-preview":"max-image-preview:large","max-video-preview":"max-video-preview:-1"},"canonical":"https:\/\/saiga.es\/fr\/produit\/bobine-de-maille-torsadee-simple-galvanisee\/","og_locale":"fr_FR","og_type":"article","og_title":"Bobine de maille torsad\u00e9e simple galvanis\u00e9e | SAIGA","og_description":"Bobine de maille galvanis\u00e9e \u00e0 simple torsion. Le maillage simple torsion est tr\u00e8s appr\u00e9ci\u00e9 car il s\u2019adapte \u00e0 tous les terrains, environnements et usages.","og_url":"https:\/\/saiga.es\/fr\/produit\/bobine-de-maille-torsadee-simple-galvanisee\/","og_site_name":"SAIGA","og_image":[{"width":480,"height":640,"url":"https:\/\/saiga.es\/wp-content\/uploads\/2024\/02\/IMG_0979-rotated.jpg","type":"image\/jpeg"}],"twitter_card":"summary_large_image","twitter_site":"@saiga_agro","schema":{"@context":"https:\/\/schema.org","@graph":[{"@type":"WebPage","@id":"https:\/\/saiga.es\/fr\/produit\/bobine-de-maille-torsadee-simple-galvanisee\/","url":"https:\/\/saiga.es\/fr\/produit\/bobine-de-maille-torsadee-simple-galvanisee\/","name":"Bobine de maille torsad\u00e9e simple galvanis\u00e9e | SAIGA","isPartOf":{"@id":"https:\/\/saiga.es\/fr\/#website"},"primaryImageOfPage":{"@id":"https:\/\/saiga.es\/fr\/produit\/bobine-de-maille-torsadee-simple-galvanisee\/#primaryimage"},"image":{"@id":"https:\/\/saiga.es\/fr\/produit\/bobine-de-maille-torsadee-simple-galvanisee\/#primaryimage"},"thumbnailUrl":"https:\/\/saiga.es\/wp-content\/uploads\/2024\/02\/IMG_0979-rotated.jpg","datePublished":"2024-02-21T11:40:14+00:00","description":"Bobine de maille galvanis\u00e9e \u00e0 simple torsion. Le maillage simple torsion est tr\u00e8s appr\u00e9ci\u00e9 car il s\u2019adapte \u00e0 tous les terrains, environnements et usages.","breadcrumb":{"@id":"https:\/\/saiga.es\/fr\/produit\/bobine-de-maille-torsadee-simple-galvanisee\/#breadcrumb"},"inLanguage":"fr-FR","potentialAction":[{"@type":"ReadAction","target":["https:\/\/saiga.es\/fr\/produit\/bobine-de-maille-torsadee-simple-galvanisee\/"]}]},{"@type":"ImageObject","inLanguage":"fr-FR","@id":"https:\/\/saiga.es\/fr\/produit\/bobine-de-maille-torsadee-simple-galvanisee\/#primaryimage","url":"https:\/\/saiga.es\/wp-content\/uploads\/2024\/02\/IMG_0979-rotated.jpg","contentUrl":"https:\/\/saiga.es\/wp-content\/uploads\/2024\/02\/IMG_0979-rotated.jpg","width":480,"height":640,"caption":"Maille torsad\u00e9e simple"},{"@type":"BreadcrumbList","@id":"https:\/\/saiga.es\/fr\/produit\/bobine-de-maille-torsadee-simple-galvanisee\/#breadcrumb","itemListElement":[{"@type":"ListItem","position":1,"name":"Inici","item":"https:\/\/saiga.es\/fr\/"},{"@type":"ListItem","position":2,"name":"boutique","item":"https:\/\/saiga.es\/fr\/boutique\/"},{"@type":"ListItem","position":3,"name":"Bobine de maille torsad\u00e9e simple galvanis\u00e9e"}]},{"@type":"WebSite","@id":"https:\/\/saiga.es\/fr\/#website","url":"https:\/\/saiga.es\/fr\/","name":"SAIGA","description":"M\u00e9s de 50 anys al servei de la terra i treballant per a un \u00fas eficient de l\u2019aigua!","publisher":{"@id":"https:\/\/saiga.es\/fr\/#organization"},"potentialAction":[{"@type":"SearchAction","target":{"@type":"EntryPoint","urlTemplate":"https:\/\/saiga.es\/fr\/?s={search_term_string}"},"query-input":{"@type":"PropertyValueSpecification","valueRequired":true,"valueName":"search_term_string"}}],"inLanguage":"fr-FR"},{"@type":"Organization","@id":"https:\/\/saiga.es\/fr\/#organization","name":"SAIGA","url":"https:\/\/saiga.es\/fr\/","logo":{"@type":"ImageObject","inLanguage":"fr-FR","@id":"https:\/\/saiga.es\/fr\/#\/schema\/logo\/image\/","url":"https:\/\/saiga.es\/wp-content\/uploads\/2025\/07\/logo_saiga_baseline_optimitzat.svg","contentUrl":"https:\/\/saiga.es\/wp-content\/uploads\/2025\/07\/logo_saiga_baseline_optimitzat.svg","caption":"SAIGA"},"image":{"@id":"https:\/\/saiga.es\/fr\/#\/schema\/logo\/image\/"},"sameAs":["https:\/\/x.com\/saiga_agro","https:\/\/www.instagram.com\/saiga_agro\/"]}]}},"_links":{"self":[{"href":"https:\/\/saiga.es\/fr\/wp-json\/wp\/v2\/product\/7869","targetHints":{"allow":["GET"]}}],"collection":[{"href":"https:\/\/saiga.es\/fr\/wp-json\/wp\/v2\/product"}],"about":[{"href":"https:\/\/saiga.es\/fr\/wp-json\/wp\/v2\/types\/product"}],"replies":[{"embeddable":true,"href":"https:\/\/saiga.es\/fr\/wp-json\/wp\/v2\/comments?post=7869"}],"wp:featuredmedia":[{"embeddable":true,"href":"https:\/\/saiga.es\/fr\/wp-json\/wp\/v2\/media\/7864"}],"wp:attachment":[{"href":"https:\/\/saiga.es\/fr\/wp-json\/wp\/v2\/media?parent=7869"}],"wp:term":[{"taxonomy":"product_brand","embeddable":true,"href":"https:\/\/saiga.es\/fr\/wp-json\/wp\/v2\/product_brand?post=7869"},{"taxonomy":"product_cat","embeddable":true,"href":"https:\/\/saiga.es\/fr\/wp-json\/wp\/v2\/product_cat?post=7869"},{"taxonomy":"product_tag","embeddable":true,"href":"https:\/\/saiga.es\/fr\/wp-json\/wp\/v2\/product_tag?post=7869"}],"curies":[{"name":"wp","href":"https:\/\/api.w.org\/{rel}","templated":true}]}}