{"id":7886,"date":"2024-02-21T09:11:42","date_gmt":"2024-02-21T09:11:42","guid":{"rendered":"https:\/\/botiga.saiga.es\/producte\/abreuvoir-a-levier-pour-vaches-en-pvc-circulaire-bleu\/"},"modified":"2025-10-27T07:53:41","modified_gmt":"2025-10-27T07:53:41","slug":"abreuvoir-a-levier-pour-vaches-en-pvc-circulaire-bleu","status":"publish","type":"product","link":"https:\/\/saiga.es\/fr\/produit\/abreuvoir-a-levier-pour-vaches-en-pvc-circulaire-bleu\/","title":{"rendered":"Abreuvoir \u00e0 levier pour vaches en pvc circulaire bleu"},"content":{"rendered":"<p>Abreuvoir \u00e0 levier pour vaches en pvc circulaire bleu<\/p>\n<p>Cette abreuvoir est un dispositif con\u00e7u pour fournir de l&rsquo;eau aux animaux de mani\u00e8re efficace et hygi\u00e9nique. Ce type d&rsquo;auge est principalement construit en PVC bleu, un mat\u00e9riau durable et r\u00e9sistant aux conditions environnementales. La forme circulaire facilite l&rsquo;acc\u00e8s aux animaux sous n&rsquo;importe quel angle.<\/p>\n<p>Les caract\u00e9ristiques de cette auge comprennent un levier qui est activ\u00e9 par la pression du museau de la vache, lui permettant d&rsquo;acc\u00e9der \u00e0 l&rsquo;eau. Cette fonctionnalit\u00e9 est utile pour que l&rsquo;eau soit distribu\u00e9e uniquement lorsque l&rsquo;animal le demande, \u00e9vitant ainsi le gaspillage et garantissant une utilisation efficace de la ressource en eau. La coloration bleue lui donne non seulement un aspect \u00e9pur\u00e9 et attrayant, mais peut \u00e9galement aider \u00e0 maintenir la temp\u00e9rature de l&rsquo;eau dans des conditions chaudes.<\/p>\n","protected":false},"excerpt":{"rendered":"<p>L&rsquo;abreuvoir \u00e0 levier circulaire pour vaches, en PVC bleu, offre une distribution efficace de l&rsquo;eau gr\u00e2ce \u00e0 un levier actionn\u00e9 par le museau de l&rsquo;animal. La conception circulaire facilite l&rsquo;acc\u00e8s sous n&rsquo;importe quel angle. La coloration bleue lui donne un aspect \u00e9pur\u00e9 et aide \u00e0 maintenir la temp\u00e9rature de l\u2019eau. Dot\u00e9e de composants amovibles pour un nettoyage facile, cette auge assure un approvisionnement en eau hygi\u00e9nique et efficace pour le b\u00e9tail.<\/p>\n","protected":false},"featured_media":11862,"comment_status":"open","ping_status":"closed","template":"","meta":[],"product_brand":[],"product_cat":[1921],"product_tag":[],"class_list":{"0":"post-7886","1":"product","2":"type-product","3":"status-publish","4":"has-post-thumbnail","6":"product_cat-auges-fr","8":"first","9":"instock","10":"taxable","11":"shipping-taxable","12":"purchasable","13":"product-type-simple"},"yoast_head":"<!-- This site is optimized with the Yoast SEO plugin v27.4 - https:\/\/yoast.com\/product\/yoast-seo-wordpress\/ -->\n<title>Abreuvoir \u00e0 levier pour vaches en pvc circulaire bleu | SAIGA<\/title>\n<meta name=\"description\" content=\"Cette auge offre une distribution d&#039;eau avec un levier activ\u00e9 par la bouche et constitue une solution hygi\u00e9nique et pratique pour le b\u00e9tail.\" \/>\n<meta name=\"robots\" content=\"index, follow, max-snippet:-1, max-image-preview:large, max-video-preview:-1\" \/>\n<link rel=\"canonical\" href=\"https:\/\/saiga.es\/fr\/produit\/abreuvoir-a-levier-pour-vaches-en-pvc-circulaire-bleu\/\" \/>\n<meta property=\"og:locale\" content=\"fr_FR\" \/>\n<meta property=\"og:type\" content=\"article\" \/>\n<meta property=\"og:title\" content=\"Abreuvoir \u00e0 levier pour vaches en pvc circulaire bleu | SAIGA\" \/>\n<meta property=\"og:description\" content=\"Cette auge offre une distribution d&#039;eau avec un levier activ\u00e9 par la bouche et constitue une solution hygi\u00e9nique et pratique pour le b\u00e9tail.\" \/>\n<meta property=\"og:url\" content=\"https:\/\/saiga.es\/fr\/produit\/abreuvoir-a-levier-pour-vaches-en-pvc-circulaire-bleu\/\" \/>\n<meta property=\"og:site_name\" content=\"SAIGA\" \/>\n<meta property=\"article:modified_time\" content=\"2025-10-27T07:53:41+00:00\" \/>\n<meta property=\"og:image\" content=\"https:\/\/saiga.es\/wp-content\/uploads\/2024\/02\/Beurador-palanca-vaques.jpg\" \/>\n\t<meta property=\"og:image:width\" content=\"1080\" \/>\n\t<meta property=\"og:image:height\" content=\"1080\" \/>\n\t<meta property=\"og:image:type\" content=\"image\/jpeg\" \/>\n<meta name=\"twitter:card\" content=\"summary_large_image\" \/>\n<meta name=\"twitter:site\" content=\"@saiga_agro\" \/>\n<meta name=\"twitter:label1\" content=\"Dur\u00e9e de lecture estim\u00e9e\" \/>\n\t<meta name=\"twitter:data1\" content=\"1 minute\" \/>\n<script type=\"application\/ld+json\" class=\"yoast-schema-graph\">{\"@context\":\"https:\\\/\\\/schema.org\",\"@graph\":[{\"@type\":\"WebPage\",\"@id\":\"https:\\\/\\\/saiga.es\\\/fr\\\/produit\\\/abreuvoir-a-levier-pour-vaches-en-pvc-circulaire-bleu\\\/\",\"url\":\"https:\\\/\\\/saiga.es\\\/fr\\\/produit\\\/abreuvoir-a-levier-pour-vaches-en-pvc-circulaire-bleu\\\/\",\"name\":\"Abreuvoir \u00e0 levier pour vaches en pvc circulaire bleu | SAIGA\",\"isPartOf\":{\"@id\":\"https:\\\/\\\/saiga.es\\\/fr\\\/#website\"},\"primaryImageOfPage\":{\"@id\":\"https:\\\/\\\/saiga.es\\\/fr\\\/produit\\\/abreuvoir-a-levier-pour-vaches-en-pvc-circulaire-bleu\\\/#primaryimage\"},\"image\":{\"@id\":\"https:\\\/\\\/saiga.es\\\/fr\\\/produit\\\/abreuvoir-a-levier-pour-vaches-en-pvc-circulaire-bleu\\\/#primaryimage\"},\"thumbnailUrl\":\"https:\\\/\\\/saiga.es\\\/wp-content\\\/uploads\\\/2024\\\/02\\\/Beurador-palanca-vaques.jpg\",\"datePublished\":\"2024-02-21T09:11:42+00:00\",\"dateModified\":\"2025-10-27T07:53:41+00:00\",\"description\":\"Cette auge offre une distribution d'eau avec un levier activ\u00e9 par la bouche et constitue une solution hygi\u00e9nique et pratique pour le b\u00e9tail.\",\"breadcrumb\":{\"@id\":\"https:\\\/\\\/saiga.es\\\/fr\\\/produit\\\/abreuvoir-a-levier-pour-vaches-en-pvc-circulaire-bleu\\\/#breadcrumb\"},\"inLanguage\":\"fr-FR\",\"potentialAction\":[{\"@type\":\"ReadAction\",\"target\":[\"https:\\\/\\\/saiga.es\\\/fr\\\/produit\\\/abreuvoir-a-levier-pour-vaches-en-pvc-circulaire-bleu\\\/\"]}]},{\"@type\":\"ImageObject\",\"inLanguage\":\"fr-FR\",\"@id\":\"https:\\\/\\\/saiga.es\\\/fr\\\/produit\\\/abreuvoir-a-levier-pour-vaches-en-pvc-circulaire-bleu\\\/#primaryimage\",\"url\":\"https:\\\/\\\/saiga.es\\\/wp-content\\\/uploads\\\/2024\\\/02\\\/Beurador-palanca-vaques.jpg\",\"contentUrl\":\"https:\\\/\\\/saiga.es\\\/wp-content\\\/uploads\\\/2024\\\/02\\\/Beurador-palanca-vaques.jpg\",\"width\":1080,\"height\":1080,\"caption\":\"Abeurador palanca vaques circular\"},{\"@type\":\"BreadcrumbList\",\"@id\":\"https:\\\/\\\/saiga.es\\\/fr\\\/produit\\\/abreuvoir-a-levier-pour-vaches-en-pvc-circulaire-bleu\\\/#breadcrumb\",\"itemListElement\":[{\"@type\":\"ListItem\",\"position\":1,\"name\":\"Inici\",\"item\":\"https:\\\/\\\/saiga.es\\\/fr\\\/\"},{\"@type\":\"ListItem\",\"position\":2,\"name\":\"boutique\",\"item\":\"https:\\\/\\\/saiga.es\\\/fr\\\/boutique\\\/\"},{\"@type\":\"ListItem\",\"position\":3,\"name\":\"Abreuvoir \u00e0 levier pour vaches en pvc circulaire bleu\"}]},{\"@type\":\"WebSite\",\"@id\":\"https:\\\/\\\/saiga.es\\\/fr\\\/#website\",\"url\":\"https:\\\/\\\/saiga.es\\\/fr\\\/\",\"name\":\"SAIGA\",\"description\":\"M\u00e9s de 50 anys al servei de la terra i treballant per a un \u00fas eficient de l\u2019aigua!\",\"publisher\":{\"@id\":\"https:\\\/\\\/saiga.es\\\/fr\\\/#organization\"},\"potentialAction\":[{\"@type\":\"SearchAction\",\"target\":{\"@type\":\"EntryPoint\",\"urlTemplate\":\"https:\\\/\\\/saiga.es\\\/fr\\\/?s={search_term_string}\"},\"query-input\":{\"@type\":\"PropertyValueSpecification\",\"valueRequired\":true,\"valueName\":\"search_term_string\"}}],\"inLanguage\":\"fr-FR\"},{\"@type\":\"Organization\",\"@id\":\"https:\\\/\\\/saiga.es\\\/fr\\\/#organization\",\"name\":\"SAIGA\",\"url\":\"https:\\\/\\\/saiga.es\\\/fr\\\/\",\"logo\":{\"@type\":\"ImageObject\",\"inLanguage\":\"fr-FR\",\"@id\":\"https:\\\/\\\/saiga.es\\\/fr\\\/#\\\/schema\\\/logo\\\/image\\\/\",\"url\":\"https:\\\/\\\/saiga.es\\\/wp-content\\\/uploads\\\/2025\\\/07\\\/logo_saiga_baseline_optimitzat.svg\",\"contentUrl\":\"https:\\\/\\\/saiga.es\\\/wp-content\\\/uploads\\\/2025\\\/07\\\/logo_saiga_baseline_optimitzat.svg\",\"caption\":\"SAIGA\"},\"image\":{\"@id\":\"https:\\\/\\\/saiga.es\\\/fr\\\/#\\\/schema\\\/logo\\\/image\\\/\"},\"sameAs\":[\"https:\\\/\\\/x.com\\\/saiga_agro\",\"https:\\\/\\\/www.instagram.com\\\/saiga_agro\\\/\"]}]}<\/script>\n<!-- \/ Yoast SEO plugin. -->","yoast_head_json":{"title":"Abreuvoir \u00e0 levier pour vaches en pvc circulaire bleu | SAIGA","description":"Cette auge offre une distribution d'eau avec un levier activ\u00e9 par la bouche et constitue une solution hygi\u00e9nique et pratique pour le b\u00e9tail.","robots":{"index":"index","follow":"follow","max-snippet":"max-snippet:-1","max-image-preview":"max-image-preview:large","max-video-preview":"max-video-preview:-1"},"canonical":"https:\/\/saiga.es\/fr\/produit\/abreuvoir-a-levier-pour-vaches-en-pvc-circulaire-bleu\/","og_locale":"fr_FR","og_type":"article","og_title":"Abreuvoir \u00e0 levier pour vaches en pvc circulaire bleu | SAIGA","og_description":"Cette auge offre une distribution d'eau avec un levier activ\u00e9 par la bouche et constitue une solution hygi\u00e9nique et pratique pour le b\u00e9tail.","og_url":"https:\/\/saiga.es\/fr\/produit\/abreuvoir-a-levier-pour-vaches-en-pvc-circulaire-bleu\/","og_site_name":"SAIGA","article_modified_time":"2025-10-27T07:53:41+00:00","og_image":[{"width":1080,"height":1080,"url":"https:\/\/saiga.es\/wp-content\/uploads\/2024\/02\/Beurador-palanca-vaques.jpg","type":"image\/jpeg"}],"twitter_card":"summary_large_image","twitter_site":"@saiga_agro","twitter_misc":{"Dur\u00e9e de lecture estim\u00e9e":"1 minute"},"schema":{"@context":"https:\/\/schema.org","@graph":[{"@type":"WebPage","@id":"https:\/\/saiga.es\/fr\/produit\/abreuvoir-a-levier-pour-vaches-en-pvc-circulaire-bleu\/","url":"https:\/\/saiga.es\/fr\/produit\/abreuvoir-a-levier-pour-vaches-en-pvc-circulaire-bleu\/","name":"Abreuvoir \u00e0 levier pour vaches en pvc circulaire bleu | SAIGA","isPartOf":{"@id":"https:\/\/saiga.es\/fr\/#website"},"primaryImageOfPage":{"@id":"https:\/\/saiga.es\/fr\/produit\/abreuvoir-a-levier-pour-vaches-en-pvc-circulaire-bleu\/#primaryimage"},"image":{"@id":"https:\/\/saiga.es\/fr\/produit\/abreuvoir-a-levier-pour-vaches-en-pvc-circulaire-bleu\/#primaryimage"},"thumbnailUrl":"https:\/\/saiga.es\/wp-content\/uploads\/2024\/02\/Beurador-palanca-vaques.jpg","datePublished":"2024-02-21T09:11:42+00:00","dateModified":"2025-10-27T07:53:41+00:00","description":"Cette auge offre une distribution d'eau avec un levier activ\u00e9 par la bouche et constitue une solution hygi\u00e9nique et pratique pour le b\u00e9tail.","breadcrumb":{"@id":"https:\/\/saiga.es\/fr\/produit\/abreuvoir-a-levier-pour-vaches-en-pvc-circulaire-bleu\/#breadcrumb"},"inLanguage":"fr-FR","potentialAction":[{"@type":"ReadAction","target":["https:\/\/saiga.es\/fr\/produit\/abreuvoir-a-levier-pour-vaches-en-pvc-circulaire-bleu\/"]}]},{"@type":"ImageObject","inLanguage":"fr-FR","@id":"https:\/\/saiga.es\/fr\/produit\/abreuvoir-a-levier-pour-vaches-en-pvc-circulaire-bleu\/#primaryimage","url":"https:\/\/saiga.es\/wp-content\/uploads\/2024\/02\/Beurador-palanca-vaques.jpg","contentUrl":"https:\/\/saiga.es\/wp-content\/uploads\/2024\/02\/Beurador-palanca-vaques.jpg","width":1080,"height":1080,"caption":"Abeurador palanca vaques circular"},{"@type":"BreadcrumbList","@id":"https:\/\/saiga.es\/fr\/produit\/abreuvoir-a-levier-pour-vaches-en-pvc-circulaire-bleu\/#breadcrumb","itemListElement":[{"@type":"ListItem","position":1,"name":"Inici","item":"https:\/\/saiga.es\/fr\/"},{"@type":"ListItem","position":2,"name":"boutique","item":"https:\/\/saiga.es\/fr\/boutique\/"},{"@type":"ListItem","position":3,"name":"Abreuvoir \u00e0 levier pour vaches en pvc circulaire bleu"}]},{"@type":"WebSite","@id":"https:\/\/saiga.es\/fr\/#website","url":"https:\/\/saiga.es\/fr\/","name":"SAIGA","description":"M\u00e9s de 50 anys al servei de la terra i treballant per a un \u00fas eficient de l\u2019aigua!","publisher":{"@id":"https:\/\/saiga.es\/fr\/#organization"},"potentialAction":[{"@type":"SearchAction","target":{"@type":"EntryPoint","urlTemplate":"https:\/\/saiga.es\/fr\/?s={search_term_string}"},"query-input":{"@type":"PropertyValueSpecification","valueRequired":true,"valueName":"search_term_string"}}],"inLanguage":"fr-FR"},{"@type":"Organization","@id":"https:\/\/saiga.es\/fr\/#organization","name":"SAIGA","url":"https:\/\/saiga.es\/fr\/","logo":{"@type":"ImageObject","inLanguage":"fr-FR","@id":"https:\/\/saiga.es\/fr\/#\/schema\/logo\/image\/","url":"https:\/\/saiga.es\/wp-content\/uploads\/2025\/07\/logo_saiga_baseline_optimitzat.svg","contentUrl":"https:\/\/saiga.es\/wp-content\/uploads\/2025\/07\/logo_saiga_baseline_optimitzat.svg","caption":"SAIGA"},"image":{"@id":"https:\/\/saiga.es\/fr\/#\/schema\/logo\/image\/"},"sameAs":["https:\/\/x.com\/saiga_agro","https:\/\/www.instagram.com\/saiga_agro\/"]}]}},"_links":{"self":[{"href":"https:\/\/saiga.es\/fr\/wp-json\/wp\/v2\/product\/7886","targetHints":{"allow":["GET"]}}],"collection":[{"href":"https:\/\/saiga.es\/fr\/wp-json\/wp\/v2\/product"}],"about":[{"href":"https:\/\/saiga.es\/fr\/wp-json\/wp\/v2\/types\/product"}],"replies":[{"embeddable":true,"href":"https:\/\/saiga.es\/fr\/wp-json\/wp\/v2\/comments?post=7886"}],"wp:featuredmedia":[{"embeddable":true,"href":"https:\/\/saiga.es\/fr\/wp-json\/wp\/v2\/media\/11862"}],"wp:attachment":[{"href":"https:\/\/saiga.es\/fr\/wp-json\/wp\/v2\/media?parent=7886"}],"wp:term":[{"taxonomy":"product_brand","embeddable":true,"href":"https:\/\/saiga.es\/fr\/wp-json\/wp\/v2\/product_brand?post=7886"},{"taxonomy":"product_cat","embeddable":true,"href":"https:\/\/saiga.es\/fr\/wp-json\/wp\/v2\/product_cat?post=7886"},{"taxonomy":"product_tag","embeddable":true,"href":"https:\/\/saiga.es\/fr\/wp-json\/wp\/v2\/product_tag?post=7886"}],"curies":[{"name":"wp","href":"https:\/\/api.w.org\/{rel}","templated":true}]}}