{"id":7888,"date":"2024-02-21T11:34:38","date_gmt":"2024-02-21T11:34:38","guid":{"rendered":"https:\/\/botiga.saiga.es\/producte\/auge-pour-chien-zar-mini-075l\/"},"modified":"2025-10-27T07:53:42","modified_gmt":"2025-10-27T07:53:42","slug":"auge-pour-chien-zar-mini-075l","status":"publish","type":"product","link":"https:\/\/saiga.es\/fr\/produit\/auge-pour-chien-zar-mini-075l\/","title":{"rendered":"Abreuvoir pour chien ZAR mini aluminium 0,75 L"},"content":{"rendered":"<p>La mini gamelle ZAR de 0,75 litre est une solution pratique et durable pour hydrater vos chiens ou chats, surtout lorsqu&rsquo;ils passent des heures seuls. De plus, gr\u00e2ce \u00e0 son design compact et fonctionnel, elle est id\u00e9ale pour l&rsquo;int\u00e9rieur comme pour l&rsquo;ext\u00e9rieur. <\/p>\n<p>Fabriqu\u00e9 en aluminium moul\u00e9 de haute qualit\u00e9, il offre une excellente r\u00e9sistance \u00e0 l&rsquo;usure et \u00e0 la corrosion, garantissant une utilisation fiable et durable, m\u00eame dans des conditions difficiles. <\/p>\n<p>Concernant l&rsquo;installation, deux options d&rsquo;ancrage mural permettent de le placer facilement \u00e0 la hauteur la plus confortable pour l&rsquo;animal. De plus, il ne n\u00e9cessite ni clous ni fixations complexes. <\/p>\n<p>L&rsquo;alimentation en eau est automatique gr\u00e2ce \u00e0 l&rsquo;entr\u00e9e lat\u00e9rale \u00e0 raccordement direct et au flotteur haut d\u00e9bit de 3\/8&Prime;, qui maintient le niveau stable en permanence. Les animaux disposent ainsi d&rsquo;une eau propre et fra\u00eeche en permanence. <\/p>\n<p>Enfin, cet abreuvoir est \u00e9quip\u00e9 d&rsquo;un bouchon de vidange int\u00e9gr\u00e9. Gr\u00e2ce \u00e0 cela, le nettoyage est rapide et facile, garantissant ainsi une hygi\u00e8ne quotidienne et le bien-\u00eatre des animaux. <\/p>\n<h5>Avantages cl\u00e9s<\/h5>\n<ul>\n<li>Mat\u00e9riau en aluminium moul\u00e9 robuste et r\u00e9sistant \u00e0 la corrosion.<\/li>\n<li>Installation simple avec deux options d&rsquo;ancrage mural.<\/li>\n<li>Approvisionnement automatique garanti en eau propre et fra\u00eeche.<\/li>\n<li>Incorporation d&rsquo;une bou\u00e9e \u00e0 haut d\u00e9bit (3\/8&Prime;) pour maintenir le niveau.<\/li>\n<li>Le bouchon de vidange facilite un nettoyage rapide et hygi\u00e9nique.<\/li>\n<\/ul>\n","protected":false},"excerpt":{"rendered":"<p>Auge pour chien ZAR mini 0,75L<\/p>\n<p>Ce distributeur d&rsquo;eau est parfait pour les chiens et les chats qui passent de longues heures seuls. Construit en fonte d&rsquo;aluminium de premi\u00e8re qualit\u00e9, il offre une grande r\u00e9sistance et durabilit\u00e9. Avec deux options d&rsquo;ancrage pour accrocher au mur \u00e0 la hauteur la plus confortable pour votre chien, sans avoir besoin de clous. Connect\u00e9 directement \u00e0 la source d&rsquo;eau via une sortie lat\u00e9rale, il assure un approvisionnement constant en eau propre et fra\u00eeche, avec un niveau constant maintenu par une bou\u00e9e haut d\u00e9bit de 3\/8&Prime;. Comprend un bouchon de vidange pour un nettoyage facile et approfondi.<\/p>\n","protected":false},"featured_media":11874,"comment_status":"open","ping_status":"closed","template":"","meta":[],"product_brand":[],"product_cat":[1421],"product_tag":[],"class_list":{"0":"post-7888","1":"product","2":"type-product","3":"status-publish","4":"has-post-thumbnail","6":"product_cat-animaux-domestiques","8":"first","9":"instock","10":"taxable","11":"shipping-taxable","12":"purchasable","13":"product-type-simple"},"yoast_head":"<!-- This site is optimized with the Yoast SEO plugin v27.4 - https:\/\/yoast.com\/product\/yoast-seo-wordpress\/ -->\n<title>Abreuvoir pour chien ZAR mini aluminium 0,75 L | SAIGA<\/title>\n<meta name=\"description\" content=\"Abreuvoir en aluminium, parfait pour les chiens et les chats qui passent des heures seuls, se connectant directement \u00e0 l&#039;eau courante pour les garder toujours hydrat\u00e9s.\" \/>\n<meta name=\"robots\" content=\"index, follow, max-snippet:-1, max-image-preview:large, max-video-preview:-1\" \/>\n<link rel=\"canonical\" href=\"https:\/\/saiga.es\/fr\/produit\/auge-pour-chien-zar-mini-075l\/\" \/>\n<meta property=\"og:locale\" content=\"fr_FR\" \/>\n<meta property=\"og:type\" content=\"article\" \/>\n<meta property=\"og:title\" content=\"Abreuvoir pour chien ZAR mini aluminium 0,75 L | SAIGA\" \/>\n<meta property=\"og:description\" content=\"Abreuvoir en aluminium, parfait pour les chiens et les chats qui passent des heures seuls, se connectant directement \u00e0 l&#039;eau courante pour les garder toujours hydrat\u00e9s.\" \/>\n<meta property=\"og:url\" content=\"https:\/\/saiga.es\/fr\/produit\/auge-pour-chien-zar-mini-075l\/\" \/>\n<meta property=\"og:site_name\" content=\"SAIGA\" \/>\n<meta property=\"article:modified_time\" content=\"2025-10-27T07:53:42+00:00\" \/>\n<meta property=\"og:image\" content=\"https:\/\/saiga.es\/wp-content\/uploads\/2024\/02\/Abeurador-mini.jpg\" \/>\n\t<meta property=\"og:image:width\" content=\"1080\" \/>\n\t<meta property=\"og:image:height\" content=\"1080\" \/>\n\t<meta property=\"og:image:type\" content=\"image\/jpeg\" \/>\n<meta name=\"twitter:card\" content=\"summary_large_image\" \/>\n<meta name=\"twitter:site\" content=\"@saiga_agro\" \/>\n<meta name=\"twitter:label1\" content=\"Dur\u00e9e de lecture estim\u00e9e\" \/>\n\t<meta name=\"twitter:data1\" content=\"1 minute\" \/>\n<script type=\"application\/ld+json\" class=\"yoast-schema-graph\">{\"@context\":\"https:\\\/\\\/schema.org\",\"@graph\":[{\"@type\":\"WebPage\",\"@id\":\"https:\\\/\\\/saiga.es\\\/fr\\\/produit\\\/auge-pour-chien-zar-mini-075l\\\/\",\"url\":\"https:\\\/\\\/saiga.es\\\/fr\\\/produit\\\/auge-pour-chien-zar-mini-075l\\\/\",\"name\":\"Abreuvoir pour chien ZAR mini aluminium 0,75 L | SAIGA\",\"isPartOf\":{\"@id\":\"https:\\\/\\\/saiga.es\\\/fr\\\/#website\"},\"primaryImageOfPage\":{\"@id\":\"https:\\\/\\\/saiga.es\\\/fr\\\/produit\\\/auge-pour-chien-zar-mini-075l\\\/#primaryimage\"},\"image\":{\"@id\":\"https:\\\/\\\/saiga.es\\\/fr\\\/produit\\\/auge-pour-chien-zar-mini-075l\\\/#primaryimage\"},\"thumbnailUrl\":\"https:\\\/\\\/saiga.es\\\/wp-content\\\/uploads\\\/2024\\\/02\\\/Abeurador-mini.jpg\",\"datePublished\":\"2024-02-21T11:34:38+00:00\",\"dateModified\":\"2025-10-27T07:53:42+00:00\",\"description\":\"Abreuvoir en aluminium, parfait pour les chiens et les chats qui passent des heures seuls, se connectant directement \u00e0 l'eau courante pour les garder toujours hydrat\u00e9s.\",\"breadcrumb\":{\"@id\":\"https:\\\/\\\/saiga.es\\\/fr\\\/produit\\\/auge-pour-chien-zar-mini-075l\\\/#breadcrumb\"},\"inLanguage\":\"fr-FR\",\"potentialAction\":[{\"@type\":\"ReadAction\",\"target\":[\"https:\\\/\\\/saiga.es\\\/fr\\\/produit\\\/auge-pour-chien-zar-mini-075l\\\/\"]}]},{\"@type\":\"ImageObject\",\"inLanguage\":\"fr-FR\",\"@id\":\"https:\\\/\\\/saiga.es\\\/fr\\\/produit\\\/auge-pour-chien-zar-mini-075l\\\/#primaryimage\",\"url\":\"https:\\\/\\\/saiga.es\\\/wp-content\\\/uploads\\\/2024\\\/02\\\/Abeurador-mini.jpg\",\"contentUrl\":\"https:\\\/\\\/saiga.es\\\/wp-content\\\/uploads\\\/2024\\\/02\\\/Abeurador-mini.jpg\",\"width\":1080,\"height\":1080,\"caption\":\"Mini abreuvoir pour chien\"},{\"@type\":\"BreadcrumbList\",\"@id\":\"https:\\\/\\\/saiga.es\\\/fr\\\/produit\\\/auge-pour-chien-zar-mini-075l\\\/#breadcrumb\",\"itemListElement\":[{\"@type\":\"ListItem\",\"position\":1,\"name\":\"Inici\",\"item\":\"https:\\\/\\\/saiga.es\\\/fr\\\/\"},{\"@type\":\"ListItem\",\"position\":2,\"name\":\"boutique\",\"item\":\"https:\\\/\\\/saiga.es\\\/fr\\\/boutique\\\/\"},{\"@type\":\"ListItem\",\"position\":3,\"name\":\"Abreuvoir pour chien ZAR mini aluminium 0,75 L\"}]},{\"@type\":\"WebSite\",\"@id\":\"https:\\\/\\\/saiga.es\\\/fr\\\/#website\",\"url\":\"https:\\\/\\\/saiga.es\\\/fr\\\/\",\"name\":\"SAIGA\",\"description\":\"M\u00e9s de 50 anys al servei de la terra i treballant per a un \u00fas eficient de l\u2019aigua!\",\"publisher\":{\"@id\":\"https:\\\/\\\/saiga.es\\\/fr\\\/#organization\"},\"potentialAction\":[{\"@type\":\"SearchAction\",\"target\":{\"@type\":\"EntryPoint\",\"urlTemplate\":\"https:\\\/\\\/saiga.es\\\/fr\\\/?s={search_term_string}\"},\"query-input\":{\"@type\":\"PropertyValueSpecification\",\"valueRequired\":true,\"valueName\":\"search_term_string\"}}],\"inLanguage\":\"fr-FR\"},{\"@type\":\"Organization\",\"@id\":\"https:\\\/\\\/saiga.es\\\/fr\\\/#organization\",\"name\":\"SAIGA\",\"url\":\"https:\\\/\\\/saiga.es\\\/fr\\\/\",\"logo\":{\"@type\":\"ImageObject\",\"inLanguage\":\"fr-FR\",\"@id\":\"https:\\\/\\\/saiga.es\\\/fr\\\/#\\\/schema\\\/logo\\\/image\\\/\",\"url\":\"https:\\\/\\\/saiga.es\\\/wp-content\\\/uploads\\\/2025\\\/07\\\/logo_saiga_baseline_optimitzat.svg\",\"contentUrl\":\"https:\\\/\\\/saiga.es\\\/wp-content\\\/uploads\\\/2025\\\/07\\\/logo_saiga_baseline_optimitzat.svg\",\"caption\":\"SAIGA\"},\"image\":{\"@id\":\"https:\\\/\\\/saiga.es\\\/fr\\\/#\\\/schema\\\/logo\\\/image\\\/\"},\"sameAs\":[\"https:\\\/\\\/x.com\\\/saiga_agro\",\"https:\\\/\\\/www.instagram.com\\\/saiga_agro\\\/\"]}]}<\/script>\n<!-- \/ Yoast SEO plugin. -->","yoast_head_json":{"title":"Abreuvoir pour chien ZAR mini aluminium 0,75 L | SAIGA","description":"Abreuvoir en aluminium, parfait pour les chiens et les chats qui passent des heures seuls, se connectant directement \u00e0 l'eau courante pour les garder toujours hydrat\u00e9s.","robots":{"index":"index","follow":"follow","max-snippet":"max-snippet:-1","max-image-preview":"max-image-preview:large","max-video-preview":"max-video-preview:-1"},"canonical":"https:\/\/saiga.es\/fr\/produit\/auge-pour-chien-zar-mini-075l\/","og_locale":"fr_FR","og_type":"article","og_title":"Abreuvoir pour chien ZAR mini aluminium 0,75 L | SAIGA","og_description":"Abreuvoir en aluminium, parfait pour les chiens et les chats qui passent des heures seuls, se connectant directement \u00e0 l'eau courante pour les garder toujours hydrat\u00e9s.","og_url":"https:\/\/saiga.es\/fr\/produit\/auge-pour-chien-zar-mini-075l\/","og_site_name":"SAIGA","article_modified_time":"2025-10-27T07:53:42+00:00","og_image":[{"width":1080,"height":1080,"url":"https:\/\/saiga.es\/wp-content\/uploads\/2024\/02\/Abeurador-mini.jpg","type":"image\/jpeg"}],"twitter_card":"summary_large_image","twitter_site":"@saiga_agro","twitter_misc":{"Dur\u00e9e de lecture estim\u00e9e":"1 minute"},"schema":{"@context":"https:\/\/schema.org","@graph":[{"@type":"WebPage","@id":"https:\/\/saiga.es\/fr\/produit\/auge-pour-chien-zar-mini-075l\/","url":"https:\/\/saiga.es\/fr\/produit\/auge-pour-chien-zar-mini-075l\/","name":"Abreuvoir pour chien ZAR mini aluminium 0,75 L | SAIGA","isPartOf":{"@id":"https:\/\/saiga.es\/fr\/#website"},"primaryImageOfPage":{"@id":"https:\/\/saiga.es\/fr\/produit\/auge-pour-chien-zar-mini-075l\/#primaryimage"},"image":{"@id":"https:\/\/saiga.es\/fr\/produit\/auge-pour-chien-zar-mini-075l\/#primaryimage"},"thumbnailUrl":"https:\/\/saiga.es\/wp-content\/uploads\/2024\/02\/Abeurador-mini.jpg","datePublished":"2024-02-21T11:34:38+00:00","dateModified":"2025-10-27T07:53:42+00:00","description":"Abreuvoir en aluminium, parfait pour les chiens et les chats qui passent des heures seuls, se connectant directement \u00e0 l'eau courante pour les garder toujours hydrat\u00e9s.","breadcrumb":{"@id":"https:\/\/saiga.es\/fr\/produit\/auge-pour-chien-zar-mini-075l\/#breadcrumb"},"inLanguage":"fr-FR","potentialAction":[{"@type":"ReadAction","target":["https:\/\/saiga.es\/fr\/produit\/auge-pour-chien-zar-mini-075l\/"]}]},{"@type":"ImageObject","inLanguage":"fr-FR","@id":"https:\/\/saiga.es\/fr\/produit\/auge-pour-chien-zar-mini-075l\/#primaryimage","url":"https:\/\/saiga.es\/wp-content\/uploads\/2024\/02\/Abeurador-mini.jpg","contentUrl":"https:\/\/saiga.es\/wp-content\/uploads\/2024\/02\/Abeurador-mini.jpg","width":1080,"height":1080,"caption":"Mini abreuvoir pour chien"},{"@type":"BreadcrumbList","@id":"https:\/\/saiga.es\/fr\/produit\/auge-pour-chien-zar-mini-075l\/#breadcrumb","itemListElement":[{"@type":"ListItem","position":1,"name":"Inici","item":"https:\/\/saiga.es\/fr\/"},{"@type":"ListItem","position":2,"name":"boutique","item":"https:\/\/saiga.es\/fr\/boutique\/"},{"@type":"ListItem","position":3,"name":"Abreuvoir pour chien ZAR mini aluminium 0,75 L"}]},{"@type":"WebSite","@id":"https:\/\/saiga.es\/fr\/#website","url":"https:\/\/saiga.es\/fr\/","name":"SAIGA","description":"M\u00e9s de 50 anys al servei de la terra i treballant per a un \u00fas eficient de l\u2019aigua!","publisher":{"@id":"https:\/\/saiga.es\/fr\/#organization"},"potentialAction":[{"@type":"SearchAction","target":{"@type":"EntryPoint","urlTemplate":"https:\/\/saiga.es\/fr\/?s={search_term_string}"},"query-input":{"@type":"PropertyValueSpecification","valueRequired":true,"valueName":"search_term_string"}}],"inLanguage":"fr-FR"},{"@type":"Organization","@id":"https:\/\/saiga.es\/fr\/#organization","name":"SAIGA","url":"https:\/\/saiga.es\/fr\/","logo":{"@type":"ImageObject","inLanguage":"fr-FR","@id":"https:\/\/saiga.es\/fr\/#\/schema\/logo\/image\/","url":"https:\/\/saiga.es\/wp-content\/uploads\/2025\/07\/logo_saiga_baseline_optimitzat.svg","contentUrl":"https:\/\/saiga.es\/wp-content\/uploads\/2025\/07\/logo_saiga_baseline_optimitzat.svg","caption":"SAIGA"},"image":{"@id":"https:\/\/saiga.es\/fr\/#\/schema\/logo\/image\/"},"sameAs":["https:\/\/x.com\/saiga_agro","https:\/\/www.instagram.com\/saiga_agro\/"]}]}},"_links":{"self":[{"href":"https:\/\/saiga.es\/fr\/wp-json\/wp\/v2\/product\/7888","targetHints":{"allow":["GET"]}}],"collection":[{"href":"https:\/\/saiga.es\/fr\/wp-json\/wp\/v2\/product"}],"about":[{"href":"https:\/\/saiga.es\/fr\/wp-json\/wp\/v2\/types\/product"}],"replies":[{"embeddable":true,"href":"https:\/\/saiga.es\/fr\/wp-json\/wp\/v2\/comments?post=7888"}],"wp:featuredmedia":[{"embeddable":true,"href":"https:\/\/saiga.es\/fr\/wp-json\/wp\/v2\/media\/11874"}],"wp:attachment":[{"href":"https:\/\/saiga.es\/fr\/wp-json\/wp\/v2\/media?parent=7888"}],"wp:term":[{"taxonomy":"product_brand","embeddable":true,"href":"https:\/\/saiga.es\/fr\/wp-json\/wp\/v2\/product_brand?post=7888"},{"taxonomy":"product_cat","embeddable":true,"href":"https:\/\/saiga.es\/fr\/wp-json\/wp\/v2\/product_cat?post=7888"},{"taxonomy":"product_tag","embeddable":true,"href":"https:\/\/saiga.es\/fr\/wp-json\/wp\/v2\/product_tag?post=7888"}],"curies":[{"name":"wp","href":"https:\/\/api.w.org\/{rel}","templated":true}]}}