{"id":7890,"date":"2024-02-12T15:04:19","date_gmt":"2024-02-12T15:04:19","guid":{"rendered":"https:\/\/botiga.saiga.es\/producte\/bouee-dabreuvoir-pour-chien-zar-b-50-en-aluminium-peint\/"},"modified":"2025-10-27T07:53:39","modified_gmt":"2025-10-27T07:53:39","slug":"bouee-dabreuvoir-pour-chien-zar-b-50-en-aluminium-peint","status":"publish","type":"product","link":"https:\/\/saiga.es\/fr\/produit\/bouee-dabreuvoir-pour-chien-zar-b-50-en-aluminium-peint\/","title":{"rendered":"Bou\u00e9e d&rsquo;abreuvoir pour chien ZAR B-50 en aluminium peint"},"content":{"rendered":"<p data-start=\"302\" data-end=\"647\">L&rsquo;abreuvoir pour chiens ZAR B-50 en aluminium peint est une solution pratique, durable et s\u00fbre pour l&rsquo;hydratation des chiens, des moutons et des ch\u00e8vres. Fabriqu\u00e9 en fonte d&rsquo;aluminium peinte, il garantit une grande r\u00e9sistance \u00e0 la corrosion et aux conditions de travail les plus exigeantes, aussi bien en \u00e9levage qu&rsquo;en ext\u00e9rieur. <\/p>\n<p data-start=\"649\" data-end=\"1015\">Gr\u00e2ce \u00e0 son flotteur \u00e0 haut d\u00e9bit avec raccord de 1\/2&Prime; et sa prise d&rsquo;eau r\u00e9duite, l&rsquo;abreuvoir maintient un niveau d&rsquo;eau constant. Ainsi, les animaux disposent d&rsquo;eau fra\u00eeche \u00e0 tout moment, sans gaspillage. De plus, sa conception int\u00e8gre un protecteur de flotteur en ABS r\u00e9sistant aux chocs qui garantit sa durabilit\u00e9 en cas d&rsquo;utilisation intensive.  <\/p>\n<p data-start=\"1017\" data-end=\"1301\">D&rsquo;autre part, le syst\u00e8me de fixation \u00e0 deux points facilite une installation rapide, aussi bien sur les murs que sur les canalisations, avec la possibilit\u00e9 d&rsquo;ajouter une pince pour une plus grande stabilit\u00e9. Cela offre une grande polyvalence et permet d&rsquo;adapter le produit \u00e0 diff\u00e9rents environnements et besoins. <\/p>\n<p data-start=\"1303\" data-end=\"1595\">Un autre point \u00e0 souligner est sa facilit\u00e9 d&rsquo;entretien, gr\u00e2ce \u00e0 son bouchon de vidange inf\u00e9rieur qui simplifie le nettoyage et l&rsquo;acc\u00e8s \u00e0 la vanne. Ainsi, le B-50 garantit une utilisation hygi\u00e9nique et simple, prolongeant ainsi sa dur\u00e9e de vie et garantissant le bien-\u00eatre animal. <\/p>\n<p data-start=\"1597\" data-end=\"1836\">En r\u00e9sum\u00e9, l&rsquo;abreuvoir automatique ZAR-Cudeyo B-50 en aluminium peint est une option fiable et efficace pour les professionnels \u00e0 la recherche d&rsquo;un syst\u00e8me d&rsquo;hydratation r\u00e9sistant, facile \u00e0 entretenir et adapt\u00e9 aux besoins du b\u00e9tail et des animaux de compagnie.<\/p>\n","protected":false},"excerpt":{"rendered":"<p>L&rsquo;abreuvoir automatique ZAR-Cudeyo B-50 est con\u00e7u pour offrir une solution pratique, durable et s\u00fbre pour l&rsquo;hydratation des chiens, des moutons et des ch\u00e8vres. Fabriqu\u00e9 en fonte d&rsquo;aluminium peinte, il garantit une grande r\u00e9sistance \u00e0 la corrosion et aux conditions de travail les plus exigeantes, aussi bien en \u00e9levage qu&rsquo;en ext\u00e9rieur. <\/p>\n","protected":false},"featured_media":11868,"comment_status":"closed","ping_status":"closed","template":"","meta":[],"product_brand":[],"product_cat":[1421],"product_tag":[931,682,683],"class_list":{"0":"post-7890","1":"product","2":"type-product","3":"status-publish","4":"has-post-thumbnail","6":"product_cat-animaux-domestiques","7":"product_tag-abreuvoir-pour-chien","8":"product_tag-auges","9":"product_tag-benestar-animal-fr","11":"first","12":"instock","13":"taxable","14":"shipping-taxable","15":"purchasable","16":"product-type-simple"},"yoast_head":"<!-- This site is optimized with the Yoast SEO plugin v27.4 - https:\/\/yoast.com\/product\/yoast-seo-wordpress\/ -->\n<title>Bou\u00e9e d&#039;abreuvoir pour chien ZAR B-50 en aluminium peint | SAIGA<\/title>\n<meta name=\"description\" content=\"Abreuvoir pour chiens ZAR-Cudeyo B-50 en aluminium peint, r\u00e9sistant et facile d&#039;entretien. Id\u00e9al pour chiens, moutons et ch\u00e8vres. Avec raccord de 1\/2&quot; et niveau d&#039;eau constant.\" \/>\n<meta name=\"robots\" content=\"index, follow, max-snippet:-1, max-image-preview:large, max-video-preview:-1\" \/>\n<link rel=\"canonical\" href=\"https:\/\/saiga.es\/fr\/produit\/bouee-dabreuvoir-pour-chien-zar-b-50-en-aluminium-peint\/\" \/>\n<meta property=\"og:locale\" content=\"fr_FR\" \/>\n<meta property=\"og:type\" content=\"article\" \/>\n<meta property=\"og:title\" content=\"Bou\u00e9e d&#039;abreuvoir pour chien ZAR B-50 en aluminium peint | SAIGA\" \/>\n<meta property=\"og:description\" content=\"Abreuvoir pour chiens ZAR-Cudeyo B-50 en aluminium peint, r\u00e9sistant et facile d&#039;entretien. Id\u00e9al pour chiens, moutons et ch\u00e8vres. Avec raccord de 1\/2&quot; et niveau d&#039;eau constant.\" \/>\n<meta property=\"og:url\" content=\"https:\/\/saiga.es\/fr\/produit\/bouee-dabreuvoir-pour-chien-zar-b-50-en-aluminium-peint\/\" \/>\n<meta property=\"og:site_name\" content=\"SAIGA\" \/>\n<meta property=\"article:modified_time\" content=\"2025-10-27T07:53:39+00:00\" \/>\n<meta property=\"og:image\" content=\"https:\/\/saiga.es\/wp-content\/uploads\/2024\/02\/Abeurador-gossos-boia-ZAR-B-50-alumini-pintat.jpg\" \/>\n\t<meta property=\"og:image:width\" content=\"1080\" \/>\n\t<meta property=\"og:image:height\" content=\"1080\" \/>\n\t<meta property=\"og:image:type\" content=\"image\/jpeg\" \/>\n<meta name=\"twitter:card\" content=\"summary_large_image\" \/>\n<meta name=\"twitter:site\" content=\"@saiga_agro\" \/>\n<meta name=\"twitter:label1\" content=\"Dur\u00e9e de lecture estim\u00e9e\" \/>\n\t<meta name=\"twitter:data1\" content=\"1 minute\" \/>\n<script type=\"application\/ld+json\" class=\"yoast-schema-graph\">{\"@context\":\"https:\\\/\\\/schema.org\",\"@graph\":[{\"@type\":\"WebPage\",\"@id\":\"https:\\\/\\\/saiga.es\\\/fr\\\/produit\\\/bouee-dabreuvoir-pour-chien-zar-b-50-en-aluminium-peint\\\/\",\"url\":\"https:\\\/\\\/saiga.es\\\/fr\\\/produit\\\/bouee-dabreuvoir-pour-chien-zar-b-50-en-aluminium-peint\\\/\",\"name\":\"Bou\u00e9e d'abreuvoir pour chien ZAR B-50 en aluminium peint | SAIGA\",\"isPartOf\":{\"@id\":\"https:\\\/\\\/saiga.es\\\/fr\\\/#website\"},\"primaryImageOfPage\":{\"@id\":\"https:\\\/\\\/saiga.es\\\/fr\\\/produit\\\/bouee-dabreuvoir-pour-chien-zar-b-50-en-aluminium-peint\\\/#primaryimage\"},\"image\":{\"@id\":\"https:\\\/\\\/saiga.es\\\/fr\\\/produit\\\/bouee-dabreuvoir-pour-chien-zar-b-50-en-aluminium-peint\\\/#primaryimage\"},\"thumbnailUrl\":\"https:\\\/\\\/saiga.es\\\/wp-content\\\/uploads\\\/2024\\\/02\\\/Abeurador-gossos-boia-ZAR-B-50-alumini-pintat.jpg\",\"datePublished\":\"2024-02-12T15:04:19+00:00\",\"dateModified\":\"2025-10-27T07:53:39+00:00\",\"description\":\"Abreuvoir pour chiens ZAR-Cudeyo B-50 en aluminium peint, r\u00e9sistant et facile d'entretien. Id\u00e9al pour chiens, moutons et ch\u00e8vres. Avec raccord de 1\\\/2\\\" et niveau d'eau constant.\",\"breadcrumb\":{\"@id\":\"https:\\\/\\\/saiga.es\\\/fr\\\/produit\\\/bouee-dabreuvoir-pour-chien-zar-b-50-en-aluminium-peint\\\/#breadcrumb\"},\"inLanguage\":\"fr-FR\",\"potentialAction\":[{\"@type\":\"ReadAction\",\"target\":[\"https:\\\/\\\/saiga.es\\\/fr\\\/produit\\\/bouee-dabreuvoir-pour-chien-zar-b-50-en-aluminium-peint\\\/\"]}]},{\"@type\":\"ImageObject\",\"inLanguage\":\"fr-FR\",\"@id\":\"https:\\\/\\\/saiga.es\\\/fr\\\/produit\\\/bouee-dabreuvoir-pour-chien-zar-b-50-en-aluminium-peint\\\/#primaryimage\",\"url\":\"https:\\\/\\\/saiga.es\\\/wp-content\\\/uploads\\\/2024\\\/02\\\/Abeurador-gossos-boia-ZAR-B-50-alumini-pintat.jpg\",\"contentUrl\":\"https:\\\/\\\/saiga.es\\\/wp-content\\\/uploads\\\/2024\\\/02\\\/Abeurador-gossos-boia-ZAR-B-50-alumini-pintat.jpg\",\"width\":1080,\"height\":1080,\"caption\":\"Bac en aluminium peint B-50\"},{\"@type\":\"BreadcrumbList\",\"@id\":\"https:\\\/\\\/saiga.es\\\/fr\\\/produit\\\/bouee-dabreuvoir-pour-chien-zar-b-50-en-aluminium-peint\\\/#breadcrumb\",\"itemListElement\":[{\"@type\":\"ListItem\",\"position\":1,\"name\":\"Inici\",\"item\":\"https:\\\/\\\/saiga.es\\\/fr\\\/\"},{\"@type\":\"ListItem\",\"position\":2,\"name\":\"boutique\",\"item\":\"https:\\\/\\\/saiga.es\\\/fr\\\/boutique\\\/\"},{\"@type\":\"ListItem\",\"position\":3,\"name\":\"Bou\u00e9e d&#8217;abreuvoir pour chien ZAR B-50 en aluminium peint\"}]},{\"@type\":\"WebSite\",\"@id\":\"https:\\\/\\\/saiga.es\\\/fr\\\/#website\",\"url\":\"https:\\\/\\\/saiga.es\\\/fr\\\/\",\"name\":\"SAIGA\",\"description\":\"M\u00e9s de 50 anys al servei de la terra i treballant per a un \u00fas eficient de l\u2019aigua!\",\"publisher\":{\"@id\":\"https:\\\/\\\/saiga.es\\\/fr\\\/#organization\"},\"potentialAction\":[{\"@type\":\"SearchAction\",\"target\":{\"@type\":\"EntryPoint\",\"urlTemplate\":\"https:\\\/\\\/saiga.es\\\/fr\\\/?s={search_term_string}\"},\"query-input\":{\"@type\":\"PropertyValueSpecification\",\"valueRequired\":true,\"valueName\":\"search_term_string\"}}],\"inLanguage\":\"fr-FR\"},{\"@type\":\"Organization\",\"@id\":\"https:\\\/\\\/saiga.es\\\/fr\\\/#organization\",\"name\":\"SAIGA\",\"url\":\"https:\\\/\\\/saiga.es\\\/fr\\\/\",\"logo\":{\"@type\":\"ImageObject\",\"inLanguage\":\"fr-FR\",\"@id\":\"https:\\\/\\\/saiga.es\\\/fr\\\/#\\\/schema\\\/logo\\\/image\\\/\",\"url\":\"https:\\\/\\\/saiga.es\\\/wp-content\\\/uploads\\\/2025\\\/07\\\/logo_saiga_baseline_optimitzat.svg\",\"contentUrl\":\"https:\\\/\\\/saiga.es\\\/wp-content\\\/uploads\\\/2025\\\/07\\\/logo_saiga_baseline_optimitzat.svg\",\"caption\":\"SAIGA\"},\"image\":{\"@id\":\"https:\\\/\\\/saiga.es\\\/fr\\\/#\\\/schema\\\/logo\\\/image\\\/\"},\"sameAs\":[\"https:\\\/\\\/x.com\\\/saiga_agro\",\"https:\\\/\\\/www.instagram.com\\\/saiga_agro\\\/\"]}]}<\/script>\n<!-- \/ Yoast SEO plugin. -->","yoast_head_json":{"title":"Bou\u00e9e d'abreuvoir pour chien ZAR B-50 en aluminium peint | SAIGA","description":"Abreuvoir pour chiens ZAR-Cudeyo B-50 en aluminium peint, r\u00e9sistant et facile d'entretien. Id\u00e9al pour chiens, moutons et ch\u00e8vres. Avec raccord de 1\/2\" et niveau d'eau constant.","robots":{"index":"index","follow":"follow","max-snippet":"max-snippet:-1","max-image-preview":"max-image-preview:large","max-video-preview":"max-video-preview:-1"},"canonical":"https:\/\/saiga.es\/fr\/produit\/bouee-dabreuvoir-pour-chien-zar-b-50-en-aluminium-peint\/","og_locale":"fr_FR","og_type":"article","og_title":"Bou\u00e9e d'abreuvoir pour chien ZAR B-50 en aluminium peint | SAIGA","og_description":"Abreuvoir pour chiens ZAR-Cudeyo B-50 en aluminium peint, r\u00e9sistant et facile d'entretien. Id\u00e9al pour chiens, moutons et ch\u00e8vres. Avec raccord de 1\/2\" et niveau d'eau constant.","og_url":"https:\/\/saiga.es\/fr\/produit\/bouee-dabreuvoir-pour-chien-zar-b-50-en-aluminium-peint\/","og_site_name":"SAIGA","article_modified_time":"2025-10-27T07:53:39+00:00","og_image":[{"width":1080,"height":1080,"url":"https:\/\/saiga.es\/wp-content\/uploads\/2024\/02\/Abeurador-gossos-boia-ZAR-B-50-alumini-pintat.jpg","type":"image\/jpeg"}],"twitter_card":"summary_large_image","twitter_site":"@saiga_agro","twitter_misc":{"Dur\u00e9e de lecture estim\u00e9e":"1 minute"},"schema":{"@context":"https:\/\/schema.org","@graph":[{"@type":"WebPage","@id":"https:\/\/saiga.es\/fr\/produit\/bouee-dabreuvoir-pour-chien-zar-b-50-en-aluminium-peint\/","url":"https:\/\/saiga.es\/fr\/produit\/bouee-dabreuvoir-pour-chien-zar-b-50-en-aluminium-peint\/","name":"Bou\u00e9e d'abreuvoir pour chien ZAR B-50 en aluminium peint | SAIGA","isPartOf":{"@id":"https:\/\/saiga.es\/fr\/#website"},"primaryImageOfPage":{"@id":"https:\/\/saiga.es\/fr\/produit\/bouee-dabreuvoir-pour-chien-zar-b-50-en-aluminium-peint\/#primaryimage"},"image":{"@id":"https:\/\/saiga.es\/fr\/produit\/bouee-dabreuvoir-pour-chien-zar-b-50-en-aluminium-peint\/#primaryimage"},"thumbnailUrl":"https:\/\/saiga.es\/wp-content\/uploads\/2024\/02\/Abeurador-gossos-boia-ZAR-B-50-alumini-pintat.jpg","datePublished":"2024-02-12T15:04:19+00:00","dateModified":"2025-10-27T07:53:39+00:00","description":"Abreuvoir pour chiens ZAR-Cudeyo B-50 en aluminium peint, r\u00e9sistant et facile d'entretien. Id\u00e9al pour chiens, moutons et ch\u00e8vres. Avec raccord de 1\/2\" et niveau d'eau constant.","breadcrumb":{"@id":"https:\/\/saiga.es\/fr\/produit\/bouee-dabreuvoir-pour-chien-zar-b-50-en-aluminium-peint\/#breadcrumb"},"inLanguage":"fr-FR","potentialAction":[{"@type":"ReadAction","target":["https:\/\/saiga.es\/fr\/produit\/bouee-dabreuvoir-pour-chien-zar-b-50-en-aluminium-peint\/"]}]},{"@type":"ImageObject","inLanguage":"fr-FR","@id":"https:\/\/saiga.es\/fr\/produit\/bouee-dabreuvoir-pour-chien-zar-b-50-en-aluminium-peint\/#primaryimage","url":"https:\/\/saiga.es\/wp-content\/uploads\/2024\/02\/Abeurador-gossos-boia-ZAR-B-50-alumini-pintat.jpg","contentUrl":"https:\/\/saiga.es\/wp-content\/uploads\/2024\/02\/Abeurador-gossos-boia-ZAR-B-50-alumini-pintat.jpg","width":1080,"height":1080,"caption":"Bac en aluminium peint B-50"},{"@type":"BreadcrumbList","@id":"https:\/\/saiga.es\/fr\/produit\/bouee-dabreuvoir-pour-chien-zar-b-50-en-aluminium-peint\/#breadcrumb","itemListElement":[{"@type":"ListItem","position":1,"name":"Inici","item":"https:\/\/saiga.es\/fr\/"},{"@type":"ListItem","position":2,"name":"boutique","item":"https:\/\/saiga.es\/fr\/boutique\/"},{"@type":"ListItem","position":3,"name":"Bou\u00e9e d&#8217;abreuvoir pour chien ZAR B-50 en aluminium peint"}]},{"@type":"WebSite","@id":"https:\/\/saiga.es\/fr\/#website","url":"https:\/\/saiga.es\/fr\/","name":"SAIGA","description":"M\u00e9s de 50 anys al servei de la terra i treballant per a un \u00fas eficient de l\u2019aigua!","publisher":{"@id":"https:\/\/saiga.es\/fr\/#organization"},"potentialAction":[{"@type":"SearchAction","target":{"@type":"EntryPoint","urlTemplate":"https:\/\/saiga.es\/fr\/?s={search_term_string}"},"query-input":{"@type":"PropertyValueSpecification","valueRequired":true,"valueName":"search_term_string"}}],"inLanguage":"fr-FR"},{"@type":"Organization","@id":"https:\/\/saiga.es\/fr\/#organization","name":"SAIGA","url":"https:\/\/saiga.es\/fr\/","logo":{"@type":"ImageObject","inLanguage":"fr-FR","@id":"https:\/\/saiga.es\/fr\/#\/schema\/logo\/image\/","url":"https:\/\/saiga.es\/wp-content\/uploads\/2025\/07\/logo_saiga_baseline_optimitzat.svg","contentUrl":"https:\/\/saiga.es\/wp-content\/uploads\/2025\/07\/logo_saiga_baseline_optimitzat.svg","caption":"SAIGA"},"image":{"@id":"https:\/\/saiga.es\/fr\/#\/schema\/logo\/image\/"},"sameAs":["https:\/\/x.com\/saiga_agro","https:\/\/www.instagram.com\/saiga_agro\/"]}]}},"_links":{"self":[{"href":"https:\/\/saiga.es\/fr\/wp-json\/wp\/v2\/product\/7890","targetHints":{"allow":["GET"]}}],"collection":[{"href":"https:\/\/saiga.es\/fr\/wp-json\/wp\/v2\/product"}],"about":[{"href":"https:\/\/saiga.es\/fr\/wp-json\/wp\/v2\/types\/product"}],"replies":[{"embeddable":true,"href":"https:\/\/saiga.es\/fr\/wp-json\/wp\/v2\/comments?post=7890"}],"wp:featuredmedia":[{"embeddable":true,"href":"https:\/\/saiga.es\/fr\/wp-json\/wp\/v2\/media\/11868"}],"wp:attachment":[{"href":"https:\/\/saiga.es\/fr\/wp-json\/wp\/v2\/media?parent=7890"}],"wp:term":[{"taxonomy":"product_brand","embeddable":true,"href":"https:\/\/saiga.es\/fr\/wp-json\/wp\/v2\/product_brand?post=7890"},{"taxonomy":"product_cat","embeddable":true,"href":"https:\/\/saiga.es\/fr\/wp-json\/wp\/v2\/product_cat?post=7890"},{"taxonomy":"product_tag","embeddable":true,"href":"https:\/\/saiga.es\/fr\/wp-json\/wp\/v2\/product_tag?post=7890"}],"curies":[{"name":"wp","href":"https:\/\/api.w.org\/{rel}","templated":true}]}}