{"id":7941,"date":"2024-02-22T08:36:36","date_gmt":"2024-02-22T08:36:36","guid":{"rendered":"https:\/\/botiga.saiga.es\/producte\/auge-a-niveau-constant\/"},"modified":"2025-10-27T07:53:43","modified_gmt":"2025-10-27T07:53:43","slug":"auge-a-niveau-constant","status":"publish","type":"product","link":"https:\/\/saiga.es\/fr\/produit\/auge-a-niveau-constant\/","title":{"rendered":"Auge \u00e0 niveau constant"},"content":{"rendered":"<p>Auge \u00e0 niveau constant<\/p>\n<div class=\"flex-1 overflow-hidden\">\n<div class=\"react-scroll-to-bottom--css-cmmch-79elbk h-full\">\n<div class=\"react-scroll-to-bottom--css-cmmch-1n7m0yu\">\n<div class=\"flex flex-col pb-9 text-sm\">\n<div class=\"w-full text-token-text-primary\" data-testid=\"conversation-turn-117\">\n<div class=\"px-4 py-2 justify-center text-base md:gap-6 m-auto\">\n<div class=\"flex flex-1 text-base mx-auto gap-3 md:px-5 lg:px-1 xl:px-5 md:max-w-3xl lg:max-w-[40rem] xl:max-w-[48rem] group final-completion\">\n<div class=\"relative flex w-full flex-col agent-turn\">\n<div class=\"flex-col gap-1 md:gap-3\">\n<div class=\"flex flex-grow flex-col max-w-full\">\n<div class=\"min-h-[20px] text-message flex flex-col items-start gap-3 whitespace-pre-wrap break-words [.text-message+&amp;]:mt-5 overflow-x-auto\" data-message-author-role=\"assistant\" data-message-id=\"4fa54b3b-f7ab-4751-809a-9e3ca4d86b97\">\n<div class=\"markdown prose w-full break-words dark:prose-invert light\">\n<p>L&rsquo;abreuvoir automatique \u00e0 niveau constant a \u00e9t\u00e9 con\u00e7u pour r\u00e9pondre aux besoins d&rsquo;un large \u00e9ventail d&rsquo;animaux, notamment les perruches, les pigeons, les cailles, les poules pondeuses, les poulets de chair et les poulets. Utilisant une technologie de bou\u00e9e innovante, ce syst\u00e8me fournit un approvisionnement continu en eau douce. Lorsque le niveau d&rsquo;eau dans la cuve est bas, la bou\u00e9e entre en action en poussant le pion central, d\u00e9clenchant l&rsquo;inclinaison qui agit sur la valve, permettant \u00e0 l&rsquo;eau fra\u00eeche de s&rsquo;\u00e9couler dans la cuvette.<\/p>\n<p>Les bords dentel\u00e9s du bol sont une caract\u00e9ristique cruciale qui emp\u00eache les petits animaux de se coincer tout en garantissant la puret\u00e9 de l&rsquo;eau, \u00e9vitant ainsi toute contamination ind\u00e9sirable. De plus, la conception de cette auge facilite le d\u00e9montage, simplifiant la t\u00e2che de nettoyage et garantissant une hygi\u00e8ne optimis\u00e9e.<\/p>\n<p>Avec ce syst\u00e8me, la sant\u00e9 et le bien-\u00eatre de vos animaux sont assur\u00e9s, car ils ont constamment acc\u00e8s \u00e0 de l&rsquo;eau fra\u00eeche et propre.<\/p>\n<\/div>\n<\/div>\n<\/div>\n<\/div>\n<\/div>\n<\/div>\n<\/div>\n<\/div>\n<\/div>\n<\/div>\n<\/div>\n<\/div>\n<div class=\"w-full pt-2 md:pt-0 dark:border-white\/20 md:border-transparent md:dark:border-transparent md:w-[calc(100%-.5rem)]\">\n<form class=\"stretch mx-2 flex flex-row gap-3 last:mb-2 md:mx-4 md:last:mb-6 lg:mx-auto lg:max-w-2xl xl:max-w-3xl\">\n<div class=\"relative flex h-full flex-1 items-stretch md:flex-col\">\n<div class=\"flex w-full items-center\"><\/div>\n<\/div>\n<\/form>\n<\/div>\n","protected":false},"excerpt":{"rendered":"<p>Auge \u00e0 niveau constant<\/p>\n<div class=\"flex-1 overflow-hidden\">\n<div class=\"react-scroll-to-bottom--css-cmmch-79elbk h-full\">\n<div class=\"react-scroll-to-bottom--css-cmmch-1n7m0yu\">\n<div class=\"flex flex-col pb-9 text-sm\">\n<div class=\"w-full text-token-text-primary\" data-testid=\"conversation-turn-117\">\n<div class=\"px-4 py-2 justify-center text-base md:gap-6 m-auto\">\n<div class=\"flex flex-1 text-base mx-auto gap-3 md:px-5 lg:px-1 xl:px-5 md:max-w-3xl lg:max-w-[40rem] xl:max-w-[48rem] group final-completion\">\n<div class=\"relative flex w-full flex-col agent-turn\">\n<div class=\"flex-col gap-1 md:gap-3\">\n<div class=\"flex flex-grow flex-col max-w-full\">\n<div class=\"min-h-[20px] text-message flex flex-col items-start gap-3 whitespace-pre-wrap break-words [.text-message+&amp;]:mt-5 overflow-x-auto\" data-message-author-role=\"assistant\" data-message-id=\"4fa54b3b-f7ab-4751-809a-9e3ca4d86b97\">\n<div class=\"markdown prose w-full break-words dark:prose-invert light\">\n<p>L&rsquo;abreuvoir automatique \u00e0 niveau constant a \u00e9t\u00e9 con\u00e7u pour r\u00e9pondre aux besoins d&rsquo;un large \u00e9ventail d&rsquo;animaux, notamment les perruches, les pigeons, les cailles, les poules pondeuses, les poulets de chair et les poulets. Utilisant une technologie de bou\u00e9e innovante, ce syst\u00e8me fournit un approvisionnement continu en eau douce. Lorsque le niveau d&rsquo;eau dans la cuve est bas, la bou\u00e9e entre en action en poussant le pion central, d\u00e9clenchant l&rsquo;inclinaison qui agit sur la valve, permettant \u00e0 l&rsquo;eau fra\u00eeche de s&rsquo;\u00e9couler dans la cuvette.<\/p>\n<p>Les bords dentel\u00e9s du bol sont une caract\u00e9ristique cruciale qui emp\u00eache les petits animaux de se coincer tout en garantissant la puret\u00e9 de l&rsquo;eau, \u00e9vitant ainsi toute contamination ind\u00e9sirable. De plus, la conception de cette auge facilite le d\u00e9montage, simplifiant la t\u00e2che de nettoyage et garantissant une hygi\u00e8ne optimis\u00e9e.<\/p>\n<p>Avec ce syst\u00e8me, la sant\u00e9 et le bien-\u00eatre de vos animaux sont assur\u00e9s, car ils ont constamment acc\u00e8s \u00e0 de l&rsquo;eau fra\u00eeche et propre.<\/p>\n<\/div>\n<\/div>\n<\/div>\n<\/div>\n<\/div>\n<\/div>\n<\/div>\n<\/div>\n<\/div>\n<\/div>\n<\/div>\n<\/div>\n","protected":false},"featured_media":11855,"comment_status":"open","ping_status":"closed","template":"","meta":[],"product_brand":[],"product_cat":[681],"product_tag":[],"class_list":{"0":"post-7941","1":"product","2":"type-product","3":"status-publish","4":"has-post-thumbnail","6":"product_cat-auges","8":"first","9":"instock","10":"taxable","11":"shipping-taxable","12":"purchasable","13":"product-type-simple"},"yoast_head":"<!-- This site is optimized with the Yoast SEO plugin v27.3 - https:\/\/yoast.com\/product\/yoast-seo-wordpress\/ -->\n<title>Auge \u00e0 niveau constant | SAIGA<\/title>\n<meta name=\"description\" content=\"Abreuvoir automatique \u00e0 niveau constant avec bou\u00e9e, id\u00e9al pour diff\u00e9rents animaux, garantissant un acc\u00e8s constant \u00e0 l&#039;eau fra\u00eeche. Facile \u00e0 nettoyer et avec bords dentel\u00e9s pour \u00e9viter la contamination.\" \/>\n<meta name=\"robots\" content=\"index, follow, max-snippet:-1, max-image-preview:large, max-video-preview:-1\" \/>\n<link rel=\"canonical\" href=\"https:\/\/saiga.es\/fr\/produit\/auge-a-niveau-constant\/\" \/>\n<meta property=\"og:locale\" content=\"fr_FR\" \/>\n<meta property=\"og:type\" content=\"article\" \/>\n<meta property=\"og:title\" content=\"Auge \u00e0 niveau constant | SAIGA\" \/>\n<meta property=\"og:description\" content=\"Abreuvoir automatique \u00e0 niveau constant avec bou\u00e9e, id\u00e9al pour diff\u00e9rents animaux, garantissant un acc\u00e8s constant \u00e0 l&#039;eau fra\u00eeche. Facile \u00e0 nettoyer et avec bords dentel\u00e9s pour \u00e9viter la contamination.\" \/>\n<meta property=\"og:url\" content=\"https:\/\/saiga.es\/fr\/produit\/auge-a-niveau-constant\/\" \/>\n<meta property=\"og:site_name\" content=\"SAIGA\" \/>\n<meta property=\"article:modified_time\" content=\"2025-10-27T07:53:43+00:00\" \/>\n<meta property=\"og:image\" content=\"https:\/\/saiga.es\/wp-content\/uploads\/2024\/02\/Abeurador-cassoleta.jpg\" \/>\n\t<meta property=\"og:image:width\" content=\"1080\" \/>\n\t<meta property=\"og:image:height\" content=\"1080\" \/>\n\t<meta property=\"og:image:type\" content=\"image\/jpeg\" \/>\n<meta name=\"twitter:card\" content=\"summary_large_image\" \/>\n<meta name=\"twitter:site\" content=\"@saiga_agro\" \/>\n<meta name=\"twitter:label1\" content=\"Dur\u00e9e de lecture estim\u00e9e\" \/>\n\t<meta name=\"twitter:data1\" content=\"1 minute\" \/>\n<script type=\"application\/ld+json\" class=\"yoast-schema-graph\">{\"@context\":\"https:\\\/\\\/schema.org\",\"@graph\":[{\"@type\":\"WebPage\",\"@id\":\"https:\\\/\\\/saiga.es\\\/fr\\\/produit\\\/auge-a-niveau-constant\\\/\",\"url\":\"https:\\\/\\\/saiga.es\\\/fr\\\/produit\\\/auge-a-niveau-constant\\\/\",\"name\":\"Auge \u00e0 niveau constant | SAIGA\",\"isPartOf\":{\"@id\":\"https:\\\/\\\/saiga.es\\\/fr\\\/#website\"},\"primaryImageOfPage\":{\"@id\":\"https:\\\/\\\/saiga.es\\\/fr\\\/produit\\\/auge-a-niveau-constant\\\/#primaryimage\"},\"image\":{\"@id\":\"https:\\\/\\\/saiga.es\\\/fr\\\/produit\\\/auge-a-niveau-constant\\\/#primaryimage\"},\"thumbnailUrl\":\"https:\\\/\\\/saiga.es\\\/wp-content\\\/uploads\\\/2024\\\/02\\\/Abeurador-cassoleta.jpg\",\"datePublished\":\"2024-02-22T08:36:36+00:00\",\"dateModified\":\"2025-10-27T07:53:43+00:00\",\"description\":\"Abreuvoir automatique \u00e0 niveau constant avec bou\u00e9e, id\u00e9al pour diff\u00e9rents animaux, garantissant un acc\u00e8s constant \u00e0 l'eau fra\u00eeche. Facile \u00e0 nettoyer et avec bords dentel\u00e9s pour \u00e9viter la contamination.\",\"breadcrumb\":{\"@id\":\"https:\\\/\\\/saiga.es\\\/fr\\\/produit\\\/auge-a-niveau-constant\\\/#breadcrumb\"},\"inLanguage\":\"fr-FR\",\"potentialAction\":[{\"@type\":\"ReadAction\",\"target\":[\"https:\\\/\\\/saiga.es\\\/fr\\\/produit\\\/auge-a-niveau-constant\\\/\"]}]},{\"@type\":\"ImageObject\",\"inLanguage\":\"fr-FR\",\"@id\":\"https:\\\/\\\/saiga.es\\\/fr\\\/produit\\\/auge-a-niveau-constant\\\/#primaryimage\",\"url\":\"https:\\\/\\\/saiga.es\\\/wp-content\\\/uploads\\\/2024\\\/02\\\/Abeurador-cassoleta.jpg\",\"contentUrl\":\"https:\\\/\\\/saiga.es\\\/wp-content\\\/uploads\\\/2024\\\/02\\\/Abeurador-cassoleta.jpg\",\"width\":1080,\"height\":1080,\"caption\":\"Abeurador cassoleta\"},{\"@type\":\"BreadcrumbList\",\"@id\":\"https:\\\/\\\/saiga.es\\\/fr\\\/produit\\\/auge-a-niveau-constant\\\/#breadcrumb\",\"itemListElement\":[{\"@type\":\"ListItem\",\"position\":1,\"name\":\"Inici\",\"item\":\"https:\\\/\\\/saiga.es\\\/fr\\\/\"},{\"@type\":\"ListItem\",\"position\":2,\"name\":\"boutique\",\"item\":\"https:\\\/\\\/saiga.es\\\/fr\\\/boutique\\\/\"},{\"@type\":\"ListItem\",\"position\":3,\"name\":\"Auge \u00e0 niveau constant\"}]},{\"@type\":\"WebSite\",\"@id\":\"https:\\\/\\\/saiga.es\\\/fr\\\/#website\",\"url\":\"https:\\\/\\\/saiga.es\\\/fr\\\/\",\"name\":\"SAIGA\",\"description\":\"M\u00e9s de 50 anys al servei de la terra i treballant per a un \u00fas eficient de l\u2019aigua!\",\"publisher\":{\"@id\":\"https:\\\/\\\/saiga.es\\\/fr\\\/#organization\"},\"potentialAction\":[{\"@type\":\"SearchAction\",\"target\":{\"@type\":\"EntryPoint\",\"urlTemplate\":\"https:\\\/\\\/saiga.es\\\/fr\\\/?s={search_term_string}\"},\"query-input\":{\"@type\":\"PropertyValueSpecification\",\"valueRequired\":true,\"valueName\":\"search_term_string\"}}],\"inLanguage\":\"fr-FR\"},{\"@type\":\"Organization\",\"@id\":\"https:\\\/\\\/saiga.es\\\/fr\\\/#organization\",\"name\":\"SAIGA\",\"url\":\"https:\\\/\\\/saiga.es\\\/fr\\\/\",\"logo\":{\"@type\":\"ImageObject\",\"inLanguage\":\"fr-FR\",\"@id\":\"https:\\\/\\\/saiga.es\\\/fr\\\/#\\\/schema\\\/logo\\\/image\\\/\",\"url\":\"https:\\\/\\\/saiga.es\\\/wp-content\\\/uploads\\\/2025\\\/07\\\/logo_saiga_baseline_optimitzat.svg\",\"contentUrl\":\"https:\\\/\\\/saiga.es\\\/wp-content\\\/uploads\\\/2025\\\/07\\\/logo_saiga_baseline_optimitzat.svg\",\"caption\":\"SAIGA\"},\"image\":{\"@id\":\"https:\\\/\\\/saiga.es\\\/fr\\\/#\\\/schema\\\/logo\\\/image\\\/\"},\"sameAs\":[\"https:\\\/\\\/x.com\\\/saiga_agro\",\"https:\\\/\\\/www.instagram.com\\\/saiga_agro\\\/\"]}]}<\/script>\n<!-- \/ Yoast SEO plugin. -->","yoast_head_json":{"title":"Auge \u00e0 niveau constant | SAIGA","description":"Abreuvoir automatique \u00e0 niveau constant avec bou\u00e9e, id\u00e9al pour diff\u00e9rents animaux, garantissant un acc\u00e8s constant \u00e0 l'eau fra\u00eeche. Facile \u00e0 nettoyer et avec bords dentel\u00e9s pour \u00e9viter la contamination.","robots":{"index":"index","follow":"follow","max-snippet":"max-snippet:-1","max-image-preview":"max-image-preview:large","max-video-preview":"max-video-preview:-1"},"canonical":"https:\/\/saiga.es\/fr\/produit\/auge-a-niveau-constant\/","og_locale":"fr_FR","og_type":"article","og_title":"Auge \u00e0 niveau constant | SAIGA","og_description":"Abreuvoir automatique \u00e0 niveau constant avec bou\u00e9e, id\u00e9al pour diff\u00e9rents animaux, garantissant un acc\u00e8s constant \u00e0 l'eau fra\u00eeche. Facile \u00e0 nettoyer et avec bords dentel\u00e9s pour \u00e9viter la contamination.","og_url":"https:\/\/saiga.es\/fr\/produit\/auge-a-niveau-constant\/","og_site_name":"SAIGA","article_modified_time":"2025-10-27T07:53:43+00:00","og_image":[{"width":1080,"height":1080,"url":"https:\/\/saiga.es\/wp-content\/uploads\/2024\/02\/Abeurador-cassoleta.jpg","type":"image\/jpeg"}],"twitter_card":"summary_large_image","twitter_site":"@saiga_agro","twitter_misc":{"Dur\u00e9e de lecture estim\u00e9e":"1 minute"},"schema":{"@context":"https:\/\/schema.org","@graph":[{"@type":"WebPage","@id":"https:\/\/saiga.es\/fr\/produit\/auge-a-niveau-constant\/","url":"https:\/\/saiga.es\/fr\/produit\/auge-a-niveau-constant\/","name":"Auge \u00e0 niveau constant | SAIGA","isPartOf":{"@id":"https:\/\/saiga.es\/fr\/#website"},"primaryImageOfPage":{"@id":"https:\/\/saiga.es\/fr\/produit\/auge-a-niveau-constant\/#primaryimage"},"image":{"@id":"https:\/\/saiga.es\/fr\/produit\/auge-a-niveau-constant\/#primaryimage"},"thumbnailUrl":"https:\/\/saiga.es\/wp-content\/uploads\/2024\/02\/Abeurador-cassoleta.jpg","datePublished":"2024-02-22T08:36:36+00:00","dateModified":"2025-10-27T07:53:43+00:00","description":"Abreuvoir automatique \u00e0 niveau constant avec bou\u00e9e, id\u00e9al pour diff\u00e9rents animaux, garantissant un acc\u00e8s constant \u00e0 l'eau fra\u00eeche. Facile \u00e0 nettoyer et avec bords dentel\u00e9s pour \u00e9viter la contamination.","breadcrumb":{"@id":"https:\/\/saiga.es\/fr\/produit\/auge-a-niveau-constant\/#breadcrumb"},"inLanguage":"fr-FR","potentialAction":[{"@type":"ReadAction","target":["https:\/\/saiga.es\/fr\/produit\/auge-a-niveau-constant\/"]}]},{"@type":"ImageObject","inLanguage":"fr-FR","@id":"https:\/\/saiga.es\/fr\/produit\/auge-a-niveau-constant\/#primaryimage","url":"https:\/\/saiga.es\/wp-content\/uploads\/2024\/02\/Abeurador-cassoleta.jpg","contentUrl":"https:\/\/saiga.es\/wp-content\/uploads\/2024\/02\/Abeurador-cassoleta.jpg","width":1080,"height":1080,"caption":"Abeurador cassoleta"},{"@type":"BreadcrumbList","@id":"https:\/\/saiga.es\/fr\/produit\/auge-a-niveau-constant\/#breadcrumb","itemListElement":[{"@type":"ListItem","position":1,"name":"Inici","item":"https:\/\/saiga.es\/fr\/"},{"@type":"ListItem","position":2,"name":"boutique","item":"https:\/\/saiga.es\/fr\/boutique\/"},{"@type":"ListItem","position":3,"name":"Auge \u00e0 niveau constant"}]},{"@type":"WebSite","@id":"https:\/\/saiga.es\/fr\/#website","url":"https:\/\/saiga.es\/fr\/","name":"SAIGA","description":"M\u00e9s de 50 anys al servei de la terra i treballant per a un \u00fas eficient de l\u2019aigua!","publisher":{"@id":"https:\/\/saiga.es\/fr\/#organization"},"potentialAction":[{"@type":"SearchAction","target":{"@type":"EntryPoint","urlTemplate":"https:\/\/saiga.es\/fr\/?s={search_term_string}"},"query-input":{"@type":"PropertyValueSpecification","valueRequired":true,"valueName":"search_term_string"}}],"inLanguage":"fr-FR"},{"@type":"Organization","@id":"https:\/\/saiga.es\/fr\/#organization","name":"SAIGA","url":"https:\/\/saiga.es\/fr\/","logo":{"@type":"ImageObject","inLanguage":"fr-FR","@id":"https:\/\/saiga.es\/fr\/#\/schema\/logo\/image\/","url":"https:\/\/saiga.es\/wp-content\/uploads\/2025\/07\/logo_saiga_baseline_optimitzat.svg","contentUrl":"https:\/\/saiga.es\/wp-content\/uploads\/2025\/07\/logo_saiga_baseline_optimitzat.svg","caption":"SAIGA"},"image":{"@id":"https:\/\/saiga.es\/fr\/#\/schema\/logo\/image\/"},"sameAs":["https:\/\/x.com\/saiga_agro","https:\/\/www.instagram.com\/saiga_agro\/"]}]}},"_links":{"self":[{"href":"https:\/\/saiga.es\/fr\/wp-json\/wp\/v2\/product\/7941","targetHints":{"allow":["GET"]}}],"collection":[{"href":"https:\/\/saiga.es\/fr\/wp-json\/wp\/v2\/product"}],"about":[{"href":"https:\/\/saiga.es\/fr\/wp-json\/wp\/v2\/types\/product"}],"replies":[{"embeddable":true,"href":"https:\/\/saiga.es\/fr\/wp-json\/wp\/v2\/comments?post=7941"}],"wp:featuredmedia":[{"embeddable":true,"href":"https:\/\/saiga.es\/fr\/wp-json\/wp\/v2\/media\/11855"}],"wp:attachment":[{"href":"https:\/\/saiga.es\/fr\/wp-json\/wp\/v2\/media?parent=7941"}],"wp:term":[{"taxonomy":"product_brand","embeddable":true,"href":"https:\/\/saiga.es\/fr\/wp-json\/wp\/v2\/product_brand?post=7941"},{"taxonomy":"product_cat","embeddable":true,"href":"https:\/\/saiga.es\/fr\/wp-json\/wp\/v2\/product_cat?post=7941"},{"taxonomy":"product_tag","embeddable":true,"href":"https:\/\/saiga.es\/fr\/wp-json\/wp\/v2\/product_tag?post=7941"}],"curies":[{"name":"wp","href":"https:\/\/api.w.org\/{rel}","templated":true}]}}