{"id":7950,"date":"2024-02-19T14:44:14","date_gmt":"2024-02-19T14:44:14","guid":{"rendered":"https:\/\/botiga.saiga.es\/producte\/naturgan-5-4-5-pastille\/"},"modified":"2024-02-19T14:44:14","modified_gmt":"2024-02-19T14:44:14","slug":"naturgan-5-4-5-pastille","status":"publish","type":"product","link":"https:\/\/saiga.es\/fr\/produit\/naturgan-5-4-5-pastille\/","title":{"rendered":"Naturgan 5-4-5 Pastille"},"content":{"rendered":"<p>Naturgan 5-4-5 Pastille Naturgan 545 apporte de la mati\u00e8re organique aux sols travaillant en am\u00e9liorant la flore microbienne b\u00e9n\u00e9fique, la structure, la conservation des sols, ainsi que l&rsquo;apport de nutriments de fond \u00e0 toutes les cultures.<\/p>\n","protected":false},"excerpt":{"rendered":"<p>Naturgan 545 apporte de la mati\u00e8re organique aux sols travaill\u00e9s en am\u00e9liorant la flore microbienne b\u00e9n\u00e9fique, la structure, la conservation des sols, ainsi que l&rsquo;apport de nutriments de fond \u00e0 toutes les cultures.<\/p>\n","protected":false},"featured_media":7791,"comment_status":"closed","ping_status":"closed","template":"","meta":[],"product_brand":[],"product_cat":[423],"product_tag":[895,1196],"class_list":{"0":"post-7950","1":"product","2":"type-product","3":"status-publish","4":"has-post-thumbnail","6":"product_cat-engrais","7":"product_tag-abono","8":"product_tag-nutriments","10":"first","11":"instock","12":"taxable","13":"shipping-taxable","14":"purchasable","15":"product-type-simple"},"yoast_head":"<!-- This site is optimized with the Yoast SEO plugin v27.4 - https:\/\/yoast.com\/product\/yoast-seo-wordpress\/ -->\n<title>Naturgan 5-4-5 Pastille | SAIGA<\/title>\n<meta name=\"description\" content=\"Naturgan 5-4-5 Pastille. Naturgan 545 apporte de la mati\u00e8re organique aux sols travaillant en am\u00e9liorant la flore microbienne b\u00e9n\u00e9fique, la structure, la conservation des sols, ainsi que l&#039;apport de nutriments de fond \u00e0 toutes les cultures.\" \/>\n<meta name=\"robots\" content=\"index, follow, max-snippet:-1, max-image-preview:large, max-video-preview:-1\" \/>\n<link rel=\"canonical\" href=\"https:\/\/saiga.es\/fr\/produit\/naturgan-5-4-5-pastille\/\" \/>\n<meta property=\"og:locale\" content=\"fr_FR\" \/>\n<meta property=\"og:type\" content=\"article\" \/>\n<meta property=\"og:title\" content=\"Naturgan 5-4-5 Pastille | SAIGA\" \/>\n<meta property=\"og:description\" content=\"Naturgan 5-4-5 Pastille. Naturgan 545 apporte de la mati\u00e8re organique aux sols travaillant en am\u00e9liorant la flore microbienne b\u00e9n\u00e9fique, la structure, la conservation des sols, ainsi que l&#039;apport de nutriments de fond \u00e0 toutes les cultures.\" \/>\n<meta property=\"og:url\" content=\"https:\/\/saiga.es\/fr\/produit\/naturgan-5-4-5-pastille\/\" \/>\n<meta property=\"og:site_name\" content=\"SAIGA\" \/>\n<meta property=\"og:image\" content=\"https:\/\/saiga.es\/wp-content\/uploads\/2024\/02\/Econatur.jpeg\" \/>\n\t<meta property=\"og:image:width\" content=\"680\" \/>\n\t<meta property=\"og:image:height\" content=\"510\" \/>\n\t<meta property=\"og:image:type\" content=\"image\/jpeg\" \/>\n<meta name=\"twitter:card\" content=\"summary_large_image\" \/>\n<meta name=\"twitter:site\" content=\"@saiga_agro\" \/>\n<script type=\"application\/ld+json\" class=\"yoast-schema-graph\">{\"@context\":\"https:\\\/\\\/schema.org\",\"@graph\":[{\"@type\":\"WebPage\",\"@id\":\"https:\\\/\\\/saiga.es\\\/fr\\\/produit\\\/naturgan-5-4-5-pastille\\\/\",\"url\":\"https:\\\/\\\/saiga.es\\\/fr\\\/produit\\\/naturgan-5-4-5-pastille\\\/\",\"name\":\"Naturgan 5-4-5 Pastille | SAIGA\",\"isPartOf\":{\"@id\":\"https:\\\/\\\/saiga.es\\\/fr\\\/#website\"},\"primaryImageOfPage\":{\"@id\":\"https:\\\/\\\/saiga.es\\\/fr\\\/produit\\\/naturgan-5-4-5-pastille\\\/#primaryimage\"},\"image\":{\"@id\":\"https:\\\/\\\/saiga.es\\\/fr\\\/produit\\\/naturgan-5-4-5-pastille\\\/#primaryimage\"},\"thumbnailUrl\":\"https:\\\/\\\/saiga.es\\\/wp-content\\\/uploads\\\/2024\\\/02\\\/Econatur.jpeg\",\"datePublished\":\"2024-02-19T14:44:14+00:00\",\"description\":\"Naturgan 5-4-5 Pastille. Naturgan 545 apporte de la mati\u00e8re organique aux sols travaillant en am\u00e9liorant la flore microbienne b\u00e9n\u00e9fique, la structure, la conservation des sols, ainsi que l'apport de nutriments de fond \u00e0 toutes les cultures.\",\"breadcrumb\":{\"@id\":\"https:\\\/\\\/saiga.es\\\/fr\\\/produit\\\/naturgan-5-4-5-pastille\\\/#breadcrumb\"},\"inLanguage\":\"fr-FR\",\"potentialAction\":[{\"@type\":\"ReadAction\",\"target\":[\"https:\\\/\\\/saiga.es\\\/fr\\\/produit\\\/naturgan-5-4-5-pastille\\\/\"]}]},{\"@type\":\"ImageObject\",\"inLanguage\":\"fr-FR\",\"@id\":\"https:\\\/\\\/saiga.es\\\/fr\\\/produit\\\/naturgan-5-4-5-pastille\\\/#primaryimage\",\"url\":\"https:\\\/\\\/saiga.es\\\/wp-content\\\/uploads\\\/2024\\\/02\\\/Econatur.jpeg\",\"contentUrl\":\"https:\\\/\\\/saiga.es\\\/wp-content\\\/uploads\\\/2024\\\/02\\\/Econatur.jpeg\",\"width\":680,\"height\":510,\"caption\":\"Econatur\"},{\"@type\":\"BreadcrumbList\",\"@id\":\"https:\\\/\\\/saiga.es\\\/fr\\\/produit\\\/naturgan-5-4-5-pastille\\\/#breadcrumb\",\"itemListElement\":[{\"@type\":\"ListItem\",\"position\":1,\"name\":\"Inici\",\"item\":\"https:\\\/\\\/saiga.es\\\/fr\\\/\"},{\"@type\":\"ListItem\",\"position\":2,\"name\":\"boutique\",\"item\":\"https:\\\/\\\/saiga.es\\\/fr\\\/boutique\\\/\"},{\"@type\":\"ListItem\",\"position\":3,\"name\":\"Naturgan 5-4-5 Pastille\"}]},{\"@type\":\"WebSite\",\"@id\":\"https:\\\/\\\/saiga.es\\\/fr\\\/#website\",\"url\":\"https:\\\/\\\/saiga.es\\\/fr\\\/\",\"name\":\"SAIGA\",\"description\":\"M\u00e9s de 50 anys al servei de la terra i treballant per a un \u00fas eficient de l\u2019aigua!\",\"publisher\":{\"@id\":\"https:\\\/\\\/saiga.es\\\/fr\\\/#organization\"},\"potentialAction\":[{\"@type\":\"SearchAction\",\"target\":{\"@type\":\"EntryPoint\",\"urlTemplate\":\"https:\\\/\\\/saiga.es\\\/fr\\\/?s={search_term_string}\"},\"query-input\":{\"@type\":\"PropertyValueSpecification\",\"valueRequired\":true,\"valueName\":\"search_term_string\"}}],\"inLanguage\":\"fr-FR\"},{\"@type\":\"Organization\",\"@id\":\"https:\\\/\\\/saiga.es\\\/fr\\\/#organization\",\"name\":\"SAIGA\",\"url\":\"https:\\\/\\\/saiga.es\\\/fr\\\/\",\"logo\":{\"@type\":\"ImageObject\",\"inLanguage\":\"fr-FR\",\"@id\":\"https:\\\/\\\/saiga.es\\\/fr\\\/#\\\/schema\\\/logo\\\/image\\\/\",\"url\":\"https:\\\/\\\/saiga.es\\\/wp-content\\\/uploads\\\/2025\\\/07\\\/logo_saiga_baseline_optimitzat.svg\",\"contentUrl\":\"https:\\\/\\\/saiga.es\\\/wp-content\\\/uploads\\\/2025\\\/07\\\/logo_saiga_baseline_optimitzat.svg\",\"caption\":\"SAIGA\"},\"image\":{\"@id\":\"https:\\\/\\\/saiga.es\\\/fr\\\/#\\\/schema\\\/logo\\\/image\\\/\"},\"sameAs\":[\"https:\\\/\\\/x.com\\\/saiga_agro\",\"https:\\\/\\\/www.instagram.com\\\/saiga_agro\\\/\"]}]}<\/script>\n<!-- \/ Yoast SEO plugin. -->","yoast_head_json":{"title":"Naturgan 5-4-5 Pastille | SAIGA","description":"Naturgan 5-4-5 Pastille. Naturgan 545 apporte de la mati\u00e8re organique aux sols travaillant en am\u00e9liorant la flore microbienne b\u00e9n\u00e9fique, la structure, la conservation des sols, ainsi que l'apport de nutriments de fond \u00e0 toutes les cultures.","robots":{"index":"index","follow":"follow","max-snippet":"max-snippet:-1","max-image-preview":"max-image-preview:large","max-video-preview":"max-video-preview:-1"},"canonical":"https:\/\/saiga.es\/fr\/produit\/naturgan-5-4-5-pastille\/","og_locale":"fr_FR","og_type":"article","og_title":"Naturgan 5-4-5 Pastille | SAIGA","og_description":"Naturgan 5-4-5 Pastille. Naturgan 545 apporte de la mati\u00e8re organique aux sols travaillant en am\u00e9liorant la flore microbienne b\u00e9n\u00e9fique, la structure, la conservation des sols, ainsi que l'apport de nutriments de fond \u00e0 toutes les cultures.","og_url":"https:\/\/saiga.es\/fr\/produit\/naturgan-5-4-5-pastille\/","og_site_name":"SAIGA","og_image":[{"width":680,"height":510,"url":"https:\/\/saiga.es\/wp-content\/uploads\/2024\/02\/Econatur.jpeg","type":"image\/jpeg"}],"twitter_card":"summary_large_image","twitter_site":"@saiga_agro","schema":{"@context":"https:\/\/schema.org","@graph":[{"@type":"WebPage","@id":"https:\/\/saiga.es\/fr\/produit\/naturgan-5-4-5-pastille\/","url":"https:\/\/saiga.es\/fr\/produit\/naturgan-5-4-5-pastille\/","name":"Naturgan 5-4-5 Pastille | SAIGA","isPartOf":{"@id":"https:\/\/saiga.es\/fr\/#website"},"primaryImageOfPage":{"@id":"https:\/\/saiga.es\/fr\/produit\/naturgan-5-4-5-pastille\/#primaryimage"},"image":{"@id":"https:\/\/saiga.es\/fr\/produit\/naturgan-5-4-5-pastille\/#primaryimage"},"thumbnailUrl":"https:\/\/saiga.es\/wp-content\/uploads\/2024\/02\/Econatur.jpeg","datePublished":"2024-02-19T14:44:14+00:00","description":"Naturgan 5-4-5 Pastille. Naturgan 545 apporte de la mati\u00e8re organique aux sols travaillant en am\u00e9liorant la flore microbienne b\u00e9n\u00e9fique, la structure, la conservation des sols, ainsi que l'apport de nutriments de fond \u00e0 toutes les cultures.","breadcrumb":{"@id":"https:\/\/saiga.es\/fr\/produit\/naturgan-5-4-5-pastille\/#breadcrumb"},"inLanguage":"fr-FR","potentialAction":[{"@type":"ReadAction","target":["https:\/\/saiga.es\/fr\/produit\/naturgan-5-4-5-pastille\/"]}]},{"@type":"ImageObject","inLanguage":"fr-FR","@id":"https:\/\/saiga.es\/fr\/produit\/naturgan-5-4-5-pastille\/#primaryimage","url":"https:\/\/saiga.es\/wp-content\/uploads\/2024\/02\/Econatur.jpeg","contentUrl":"https:\/\/saiga.es\/wp-content\/uploads\/2024\/02\/Econatur.jpeg","width":680,"height":510,"caption":"Econatur"},{"@type":"BreadcrumbList","@id":"https:\/\/saiga.es\/fr\/produit\/naturgan-5-4-5-pastille\/#breadcrumb","itemListElement":[{"@type":"ListItem","position":1,"name":"Inici","item":"https:\/\/saiga.es\/fr\/"},{"@type":"ListItem","position":2,"name":"boutique","item":"https:\/\/saiga.es\/fr\/boutique\/"},{"@type":"ListItem","position":3,"name":"Naturgan 5-4-5 Pastille"}]},{"@type":"WebSite","@id":"https:\/\/saiga.es\/fr\/#website","url":"https:\/\/saiga.es\/fr\/","name":"SAIGA","description":"M\u00e9s de 50 anys al servei de la terra i treballant per a un \u00fas eficient de l\u2019aigua!","publisher":{"@id":"https:\/\/saiga.es\/fr\/#organization"},"potentialAction":[{"@type":"SearchAction","target":{"@type":"EntryPoint","urlTemplate":"https:\/\/saiga.es\/fr\/?s={search_term_string}"},"query-input":{"@type":"PropertyValueSpecification","valueRequired":true,"valueName":"search_term_string"}}],"inLanguage":"fr-FR"},{"@type":"Organization","@id":"https:\/\/saiga.es\/fr\/#organization","name":"SAIGA","url":"https:\/\/saiga.es\/fr\/","logo":{"@type":"ImageObject","inLanguage":"fr-FR","@id":"https:\/\/saiga.es\/fr\/#\/schema\/logo\/image\/","url":"https:\/\/saiga.es\/wp-content\/uploads\/2025\/07\/logo_saiga_baseline_optimitzat.svg","contentUrl":"https:\/\/saiga.es\/wp-content\/uploads\/2025\/07\/logo_saiga_baseline_optimitzat.svg","caption":"SAIGA"},"image":{"@id":"https:\/\/saiga.es\/fr\/#\/schema\/logo\/image\/"},"sameAs":["https:\/\/x.com\/saiga_agro","https:\/\/www.instagram.com\/saiga_agro\/"]}]}},"_links":{"self":[{"href":"https:\/\/saiga.es\/fr\/wp-json\/wp\/v2\/product\/7950","targetHints":{"allow":["GET"]}}],"collection":[{"href":"https:\/\/saiga.es\/fr\/wp-json\/wp\/v2\/product"}],"about":[{"href":"https:\/\/saiga.es\/fr\/wp-json\/wp\/v2\/types\/product"}],"replies":[{"embeddable":true,"href":"https:\/\/saiga.es\/fr\/wp-json\/wp\/v2\/comments?post=7950"}],"wp:featuredmedia":[{"embeddable":true,"href":"https:\/\/saiga.es\/fr\/wp-json\/wp\/v2\/media\/7791"}],"wp:attachment":[{"href":"https:\/\/saiga.es\/fr\/wp-json\/wp\/v2\/media?parent=7950"}],"wp:term":[{"taxonomy":"product_brand","embeddable":true,"href":"https:\/\/saiga.es\/fr\/wp-json\/wp\/v2\/product_brand?post=7950"},{"taxonomy":"product_cat","embeddable":true,"href":"https:\/\/saiga.es\/fr\/wp-json\/wp\/v2\/product_cat?post=7950"},{"taxonomy":"product_tag","embeddable":true,"href":"https:\/\/saiga.es\/fr\/wp-json\/wp\/v2\/product_tag?post=7950"}],"curies":[{"name":"wp","href":"https:\/\/api.w.org\/{rel}","templated":true}]}}