{"id":7960,"date":"2024-02-22T16:37:41","date_gmt":"2024-02-22T16:37:41","guid":{"rendered":"https:\/\/botiga.saiga.es\/producte\/tremie-a-oiseaux-en-plastique-16kg\/"},"modified":"2025-10-27T07:53:45","modified_gmt":"2025-10-27T07:53:45","slug":"tremie-a-oiseaux-en-plastique-16kg","status":"publish","type":"product","link":"https:\/\/saiga.es\/fr\/produit\/tremie-a-oiseaux-en-plastique-16kg\/","title":{"rendered":"Tr\u00e9mie \u00e0 oiseaux en plastique 16kg"},"content":{"rendered":"<p>Tr\u00e9mie \u00e0 oiseaux en plastique 16kg<\/p>\n<p>Ce distributeur se distingue par son top cap conique, offrant une solution de fermeture s\u00e9curis\u00e9e. Le corps, stratifi\u00e9 en trois niveaux de capacit\u00e9, offre une organisation efficace du contenu. Le socle, \u00e9quip\u00e9 de trous anti-gaspillage et renforc\u00e9, simplifie le d\u00e9montage gr\u00e2ce aux trous d&rsquo;insertion. Fabriqu\u00e9e avec du plastique de premi\u00e8re qualit\u00e9 adapt\u00e9 \u00e0 un usage alimentaire et au traitement UV, la tr\u00e9mie garantit durabilit\u00e9 et hygi\u00e8ne \u00e0 tout moment. Avec une conception con\u00e7ue pour le confort et la facilit\u00e9 d\u2019utilisation, cette tr\u00e9mie repr\u00e9sente un excellent choix pour l\u2019alimentation des oiseaux.<\/p>\n<p>Dimensions : \u00d8450 X 545 h<\/p>\n","protected":false},"excerpt":{"rendered":"<p>Tr\u00e9mie \u00e0 oiseaux en plastique 16kg<\/p>\n<p>Ce distributeur se distingue par son top cap conique, offrant une solution de fermeture s\u00e9curis\u00e9e. Le corps, stratifi\u00e9 en trois niveaux de capacit\u00e9, offre une organisation efficace du contenu. Le socle, \u00e9quip\u00e9 de trous anti-gaspillage et renforc\u00e9, simplifie le d\u00e9montage gr\u00e2ce aux trous d&rsquo;insertion. Fabriqu\u00e9e avec du plastique de premi\u00e8re qualit\u00e9 adapt\u00e9 \u00e0 un usage alimentaire et au traitement UV, la tr\u00e9mie garantit durabilit\u00e9 et hygi\u00e8ne \u00e0 tout moment. Avec une conception con\u00e7ue pour le confort et la facilit\u00e9 d\u2019utilisation, cette tr\u00e9mie repr\u00e9sente un excellent choix pour l\u2019alimentation des oiseaux.<\/p>\n<p>Dimensions : \u00d8450 X 545 h<\/p>\n","protected":false},"featured_media":11897,"comment_status":"open","ping_status":"closed","template":"","meta":[],"product_brand":[],"product_cat":[938],"product_tag":[],"class_list":{"0":"post-7960","1":"product","2":"type-product","3":"status-publish","4":"has-post-thumbnail","6":"product_cat-mangeoires-pour-animaux","8":"first","9":"instock","10":"taxable","11":"shipping-taxable","12":"purchasable","13":"product-type-simple"},"yoast_head":"<!-- This site is optimized with the Yoast SEO plugin v27.4 - https:\/\/yoast.com\/product\/yoast-seo-wordpress\/ -->\n<title>Tr\u00e9mie \u00e0 oiseaux en plastique 16kg | SAIGA<\/title>\n<meta name=\"description\" content=\"Ce distributeur se distingue par son couvercle sup\u00e9rieur conique et son corps divis\u00e9 en trois niveaux, offrant une organisation efficace.\" \/>\n<meta name=\"robots\" content=\"index, follow, max-snippet:-1, max-image-preview:large, max-video-preview:-1\" \/>\n<link rel=\"canonical\" href=\"https:\/\/saiga.es\/fr\/produit\/tremie-a-oiseaux-en-plastique-16kg\/\" \/>\n<meta property=\"og:locale\" content=\"fr_FR\" \/>\n<meta property=\"og:type\" content=\"article\" \/>\n<meta property=\"og:title\" content=\"Tr\u00e9mie \u00e0 oiseaux en plastique 16kg | SAIGA\" \/>\n<meta property=\"og:description\" content=\"Ce distributeur se distingue par son couvercle sup\u00e9rieur conique et son corps divis\u00e9 en trois niveaux, offrant une organisation efficace.\" \/>\n<meta property=\"og:url\" content=\"https:\/\/saiga.es\/fr\/produit\/tremie-a-oiseaux-en-plastique-16kg\/\" \/>\n<meta property=\"og:site_name\" content=\"SAIGA\" \/>\n<meta property=\"article:modified_time\" content=\"2025-10-27T07:53:45+00:00\" \/>\n<meta property=\"og:image\" content=\"https:\/\/saiga.es\/wp-content\/uploads\/2024\/02\/Tolva-plastic.jpg\" \/>\n\t<meta property=\"og:image:width\" content=\"1080\" \/>\n\t<meta property=\"og:image:height\" content=\"1080\" \/>\n\t<meta property=\"og:image:type\" content=\"image\/jpeg\" \/>\n<meta name=\"twitter:card\" content=\"summary_large_image\" \/>\n<meta name=\"twitter:site\" content=\"@saiga_agro\" \/>\n<meta name=\"twitter:label1\" content=\"Dur\u00e9e de lecture estim\u00e9e\" \/>\n\t<meta name=\"twitter:data1\" content=\"1 minute\" \/>\n<script type=\"application\/ld+json\" class=\"yoast-schema-graph\">{\"@context\":\"https:\\\/\\\/schema.org\",\"@graph\":[{\"@type\":\"WebPage\",\"@id\":\"https:\\\/\\\/saiga.es\\\/fr\\\/produit\\\/tremie-a-oiseaux-en-plastique-16kg\\\/\",\"url\":\"https:\\\/\\\/saiga.es\\\/fr\\\/produit\\\/tremie-a-oiseaux-en-plastique-16kg\\\/\",\"name\":\"Tr\u00e9mie \u00e0 oiseaux en plastique 16kg | SAIGA\",\"isPartOf\":{\"@id\":\"https:\\\/\\\/saiga.es\\\/fr\\\/#website\"},\"primaryImageOfPage\":{\"@id\":\"https:\\\/\\\/saiga.es\\\/fr\\\/produit\\\/tremie-a-oiseaux-en-plastique-16kg\\\/#primaryimage\"},\"image\":{\"@id\":\"https:\\\/\\\/saiga.es\\\/fr\\\/produit\\\/tremie-a-oiseaux-en-plastique-16kg\\\/#primaryimage\"},\"thumbnailUrl\":\"https:\\\/\\\/saiga.es\\\/wp-content\\\/uploads\\\/2024\\\/02\\\/Tolva-plastic.jpg\",\"datePublished\":\"2024-02-22T16:37:41+00:00\",\"dateModified\":\"2025-10-27T07:53:45+00:00\",\"description\":\"Ce distributeur se distingue par son couvercle sup\u00e9rieur conique et son corps divis\u00e9 en trois niveaux, offrant une organisation efficace.\",\"breadcrumb\":{\"@id\":\"https:\\\/\\\/saiga.es\\\/fr\\\/produit\\\/tremie-a-oiseaux-en-plastique-16kg\\\/#breadcrumb\"},\"inLanguage\":\"fr-FR\",\"potentialAction\":[{\"@type\":\"ReadAction\",\"target\":[\"https:\\\/\\\/saiga.es\\\/fr\\\/produit\\\/tremie-a-oiseaux-en-plastique-16kg\\\/\"]}]},{\"@type\":\"ImageObject\",\"inLanguage\":\"fr-FR\",\"@id\":\"https:\\\/\\\/saiga.es\\\/fr\\\/produit\\\/tremie-a-oiseaux-en-plastique-16kg\\\/#primaryimage\",\"url\":\"https:\\\/\\\/saiga.es\\\/wp-content\\\/uploads\\\/2024\\\/02\\\/Tolva-plastic.jpg\",\"contentUrl\":\"https:\\\/\\\/saiga.es\\\/wp-content\\\/uploads\\\/2024\\\/02\\\/Tolva-plastic.jpg\",\"width\":1080,\"height\":1080,\"caption\":\"Tolva pl\u00e0stic\"},{\"@type\":\"BreadcrumbList\",\"@id\":\"https:\\\/\\\/saiga.es\\\/fr\\\/produit\\\/tremie-a-oiseaux-en-plastique-16kg\\\/#breadcrumb\",\"itemListElement\":[{\"@type\":\"ListItem\",\"position\":1,\"name\":\"Inici\",\"item\":\"https:\\\/\\\/saiga.es\\\/fr\\\/\"},{\"@type\":\"ListItem\",\"position\":2,\"name\":\"boutique\",\"item\":\"https:\\\/\\\/saiga.es\\\/fr\\\/boutique\\\/\"},{\"@type\":\"ListItem\",\"position\":3,\"name\":\"Tr\u00e9mie \u00e0 oiseaux en plastique 16kg\"}]},{\"@type\":\"WebSite\",\"@id\":\"https:\\\/\\\/saiga.es\\\/fr\\\/#website\",\"url\":\"https:\\\/\\\/saiga.es\\\/fr\\\/\",\"name\":\"SAIGA\",\"description\":\"M\u00e9s de 50 anys al servei de la terra i treballant per a un \u00fas eficient de l\u2019aigua!\",\"publisher\":{\"@id\":\"https:\\\/\\\/saiga.es\\\/fr\\\/#organization\"},\"potentialAction\":[{\"@type\":\"SearchAction\",\"target\":{\"@type\":\"EntryPoint\",\"urlTemplate\":\"https:\\\/\\\/saiga.es\\\/fr\\\/?s={search_term_string}\"},\"query-input\":{\"@type\":\"PropertyValueSpecification\",\"valueRequired\":true,\"valueName\":\"search_term_string\"}}],\"inLanguage\":\"fr-FR\"},{\"@type\":\"Organization\",\"@id\":\"https:\\\/\\\/saiga.es\\\/fr\\\/#organization\",\"name\":\"SAIGA\",\"url\":\"https:\\\/\\\/saiga.es\\\/fr\\\/\",\"logo\":{\"@type\":\"ImageObject\",\"inLanguage\":\"fr-FR\",\"@id\":\"https:\\\/\\\/saiga.es\\\/fr\\\/#\\\/schema\\\/logo\\\/image\\\/\",\"url\":\"https:\\\/\\\/saiga.es\\\/wp-content\\\/uploads\\\/2025\\\/07\\\/logo_saiga_baseline_optimitzat.svg\",\"contentUrl\":\"https:\\\/\\\/saiga.es\\\/wp-content\\\/uploads\\\/2025\\\/07\\\/logo_saiga_baseline_optimitzat.svg\",\"caption\":\"SAIGA\"},\"image\":{\"@id\":\"https:\\\/\\\/saiga.es\\\/fr\\\/#\\\/schema\\\/logo\\\/image\\\/\"},\"sameAs\":[\"https:\\\/\\\/x.com\\\/saiga_agro\",\"https:\\\/\\\/www.instagram.com\\\/saiga_agro\\\/\"]}]}<\/script>\n<!-- \/ Yoast SEO plugin. -->","yoast_head_json":{"title":"Tr\u00e9mie \u00e0 oiseaux en plastique 16kg | SAIGA","description":"Ce distributeur se distingue par son couvercle sup\u00e9rieur conique et son corps divis\u00e9 en trois niveaux, offrant une organisation efficace.","robots":{"index":"index","follow":"follow","max-snippet":"max-snippet:-1","max-image-preview":"max-image-preview:large","max-video-preview":"max-video-preview:-1"},"canonical":"https:\/\/saiga.es\/fr\/produit\/tremie-a-oiseaux-en-plastique-16kg\/","og_locale":"fr_FR","og_type":"article","og_title":"Tr\u00e9mie \u00e0 oiseaux en plastique 16kg | SAIGA","og_description":"Ce distributeur se distingue par son couvercle sup\u00e9rieur conique et son corps divis\u00e9 en trois niveaux, offrant une organisation efficace.","og_url":"https:\/\/saiga.es\/fr\/produit\/tremie-a-oiseaux-en-plastique-16kg\/","og_site_name":"SAIGA","article_modified_time":"2025-10-27T07:53:45+00:00","og_image":[{"width":1080,"height":1080,"url":"https:\/\/saiga.es\/wp-content\/uploads\/2024\/02\/Tolva-plastic.jpg","type":"image\/jpeg"}],"twitter_card":"summary_large_image","twitter_site":"@saiga_agro","twitter_misc":{"Dur\u00e9e de lecture estim\u00e9e":"1 minute"},"schema":{"@context":"https:\/\/schema.org","@graph":[{"@type":"WebPage","@id":"https:\/\/saiga.es\/fr\/produit\/tremie-a-oiseaux-en-plastique-16kg\/","url":"https:\/\/saiga.es\/fr\/produit\/tremie-a-oiseaux-en-plastique-16kg\/","name":"Tr\u00e9mie \u00e0 oiseaux en plastique 16kg | SAIGA","isPartOf":{"@id":"https:\/\/saiga.es\/fr\/#website"},"primaryImageOfPage":{"@id":"https:\/\/saiga.es\/fr\/produit\/tremie-a-oiseaux-en-plastique-16kg\/#primaryimage"},"image":{"@id":"https:\/\/saiga.es\/fr\/produit\/tremie-a-oiseaux-en-plastique-16kg\/#primaryimage"},"thumbnailUrl":"https:\/\/saiga.es\/wp-content\/uploads\/2024\/02\/Tolva-plastic.jpg","datePublished":"2024-02-22T16:37:41+00:00","dateModified":"2025-10-27T07:53:45+00:00","description":"Ce distributeur se distingue par son couvercle sup\u00e9rieur conique et son corps divis\u00e9 en trois niveaux, offrant une organisation efficace.","breadcrumb":{"@id":"https:\/\/saiga.es\/fr\/produit\/tremie-a-oiseaux-en-plastique-16kg\/#breadcrumb"},"inLanguage":"fr-FR","potentialAction":[{"@type":"ReadAction","target":["https:\/\/saiga.es\/fr\/produit\/tremie-a-oiseaux-en-plastique-16kg\/"]}]},{"@type":"ImageObject","inLanguage":"fr-FR","@id":"https:\/\/saiga.es\/fr\/produit\/tremie-a-oiseaux-en-plastique-16kg\/#primaryimage","url":"https:\/\/saiga.es\/wp-content\/uploads\/2024\/02\/Tolva-plastic.jpg","contentUrl":"https:\/\/saiga.es\/wp-content\/uploads\/2024\/02\/Tolva-plastic.jpg","width":1080,"height":1080,"caption":"Tolva pl\u00e0stic"},{"@type":"BreadcrumbList","@id":"https:\/\/saiga.es\/fr\/produit\/tremie-a-oiseaux-en-plastique-16kg\/#breadcrumb","itemListElement":[{"@type":"ListItem","position":1,"name":"Inici","item":"https:\/\/saiga.es\/fr\/"},{"@type":"ListItem","position":2,"name":"boutique","item":"https:\/\/saiga.es\/fr\/boutique\/"},{"@type":"ListItem","position":3,"name":"Tr\u00e9mie \u00e0 oiseaux en plastique 16kg"}]},{"@type":"WebSite","@id":"https:\/\/saiga.es\/fr\/#website","url":"https:\/\/saiga.es\/fr\/","name":"SAIGA","description":"M\u00e9s de 50 anys al servei de la terra i treballant per a un \u00fas eficient de l\u2019aigua!","publisher":{"@id":"https:\/\/saiga.es\/fr\/#organization"},"potentialAction":[{"@type":"SearchAction","target":{"@type":"EntryPoint","urlTemplate":"https:\/\/saiga.es\/fr\/?s={search_term_string}"},"query-input":{"@type":"PropertyValueSpecification","valueRequired":true,"valueName":"search_term_string"}}],"inLanguage":"fr-FR"},{"@type":"Organization","@id":"https:\/\/saiga.es\/fr\/#organization","name":"SAIGA","url":"https:\/\/saiga.es\/fr\/","logo":{"@type":"ImageObject","inLanguage":"fr-FR","@id":"https:\/\/saiga.es\/fr\/#\/schema\/logo\/image\/","url":"https:\/\/saiga.es\/wp-content\/uploads\/2025\/07\/logo_saiga_baseline_optimitzat.svg","contentUrl":"https:\/\/saiga.es\/wp-content\/uploads\/2025\/07\/logo_saiga_baseline_optimitzat.svg","caption":"SAIGA"},"image":{"@id":"https:\/\/saiga.es\/fr\/#\/schema\/logo\/image\/"},"sameAs":["https:\/\/x.com\/saiga_agro","https:\/\/www.instagram.com\/saiga_agro\/"]}]}},"_links":{"self":[{"href":"https:\/\/saiga.es\/fr\/wp-json\/wp\/v2\/product\/7960","targetHints":{"allow":["GET"]}}],"collection":[{"href":"https:\/\/saiga.es\/fr\/wp-json\/wp\/v2\/product"}],"about":[{"href":"https:\/\/saiga.es\/fr\/wp-json\/wp\/v2\/types\/product"}],"replies":[{"embeddable":true,"href":"https:\/\/saiga.es\/fr\/wp-json\/wp\/v2\/comments?post=7960"}],"wp:featuredmedia":[{"embeddable":true,"href":"https:\/\/saiga.es\/fr\/wp-json\/wp\/v2\/media\/11897"}],"wp:attachment":[{"href":"https:\/\/saiga.es\/fr\/wp-json\/wp\/v2\/media?parent=7960"}],"wp:term":[{"taxonomy":"product_brand","embeddable":true,"href":"https:\/\/saiga.es\/fr\/wp-json\/wp\/v2\/product_brand?post=7960"},{"taxonomy":"product_cat","embeddable":true,"href":"https:\/\/saiga.es\/fr\/wp-json\/wp\/v2\/product_cat?post=7960"},{"taxonomy":"product_tag","embeddable":true,"href":"https:\/\/saiga.es\/fr\/wp-json\/wp\/v2\/product_tag?post=7960"}],"curies":[{"name":"wp","href":"https:\/\/api.w.org\/{rel}","templated":true}]}}