{"id":7962,"date":"2024-02-22T11:08:18","date_gmt":"2024-02-22T11:08:18","guid":{"rendered":"https:\/\/botiga.saiga.es\/producte\/tremie-suspendue-20kg\/"},"modified":"2025-10-27T07:53:44","modified_gmt":"2025-10-27T07:53:44","slug":"tremie-suspendue-20kg","status":"publish","type":"product","link":"https:\/\/saiga.es\/fr\/produit\/tremie-suspendue-20kg\/","title":{"rendered":"Tr\u00e9mie suspendue 20kg"},"content":{"rendered":"<p>Tr\u00e9mie suspendue 20kg<\/p>\n<p>Tr\u00e9mie robuste en m\u00e9tal galvanis\u00e9. C&rsquo;est un \u00e9l\u00e9ment incontournable du poulailler et adapt\u00e9 \u00e0 tous types de volailles. Cette tr\u00e9mie galvanis\u00e9e est esth\u00e9tique, pratique et \u00e9conomique. Il peut \u00eatre facilement rempli par le haut car il ne poss\u00e8de pas de couvercle, m\u00eame s&rsquo;il est conseill\u00e9 de le placer dans un endroit prot\u00e9g\u00e9 des intemp\u00e9ries. Il peut \u00eatre pos\u00e9 directement au sol ou suspendu \u00e0 son support.<\/p>\n<p>Il permet un acc\u00e8s facile aux poules pour se nourrir simultan\u00e9ment. Les oiseaux pourront picorer facilement. Base tr\u00e8s stable avec une belle finition qui \u00e9vite d&rsquo;\u00e9ventuelles blessures gr\u00e2ce \u00e0 ses coins arrondis. Fabriqu\u00e9 avec un mat\u00e9riau solide et durable. Facile \u00e0 nettoyer.<\/p>\n<p>Dimensions : \u00d8405 X 470 h<\/p>\n","protected":false},"excerpt":{"rendered":"<p>Tr\u00e9mie suspendue 20kg<\/p>\n<p>Tr\u00e9mie robuste en m\u00e9tal galvanis\u00e9. C&rsquo;est un \u00e9l\u00e9ment incontournable du poulailler et adapt\u00e9 \u00e0 tous types de volailles. Cette tr\u00e9mie galvanis\u00e9e est esth\u00e9tique, pratique et \u00e9conomique. Il peut \u00eatre facilement rempli par le haut car il ne poss\u00e8de pas de couvercle, m\u00eame s&rsquo;il est conseill\u00e9 de le placer dans un endroit prot\u00e9g\u00e9 des intemp\u00e9ries. Il peut \u00eatre pos\u00e9 directement au sol ou suspendu \u00e0 son support.<\/p>\n<p>Il permet un acc\u00e8s facile aux poules pour se nourrir simultan\u00e9ment. Les oiseaux pourront picorer facilement. Base tr\u00e8s stable avec une belle finition qui \u00e9vite d&rsquo;\u00e9ventuelles blessures gr\u00e2ce \u00e0 ses coins arrondis. Fabriqu\u00e9 avec un mat\u00e9riau solide et durable. Facile \u00e0 nettoyer.<\/p>\n<p>Dimensions : \u00d8405 X 470 h<\/p>\n","protected":false},"featured_media":11894,"comment_status":"open","ping_status":"closed","template":"","meta":[],"product_brand":[],"product_cat":[938],"product_tag":[],"class_list":{"0":"post-7962","1":"product","2":"type-product","3":"status-publish","4":"has-post-thumbnail","6":"product_cat-mangeoires-pour-animaux","8":"first","9":"instock","10":"taxable","11":"shipping-taxable","12":"purchasable","13":"product-type-simple"},"yoast_head":"<!-- This site is optimized with the Yoast SEO plugin v27.4 - https:\/\/yoast.com\/product\/yoast-seo-wordpress\/ -->\n<title>Tr\u00e9mie suspendue 20kg | SAIGA<\/title>\n<meta name=\"description\" content=\"Tr\u00e9mie galvanis\u00e9e pour volaille. Il peut \u00eatre pos\u00e9 au sol ou suspendu, offrant ainsi un acc\u00e8s facile aux poules.\" \/>\n<meta name=\"robots\" content=\"index, follow, max-snippet:-1, max-image-preview:large, max-video-preview:-1\" \/>\n<link rel=\"canonical\" href=\"https:\/\/saiga.es\/fr\/produit\/tremie-suspendue-20kg\/\" \/>\n<meta property=\"og:locale\" content=\"fr_FR\" \/>\n<meta property=\"og:type\" content=\"article\" \/>\n<meta property=\"og:title\" content=\"Tr\u00e9mie suspendue 20kg | SAIGA\" \/>\n<meta property=\"og:description\" content=\"Tr\u00e9mie galvanis\u00e9e pour volaille. Il peut \u00eatre pos\u00e9 au sol ou suspendu, offrant ainsi un acc\u00e8s facile aux poules.\" \/>\n<meta property=\"og:url\" content=\"https:\/\/saiga.es\/fr\/produit\/tremie-suspendue-20kg\/\" \/>\n<meta property=\"og:site_name\" content=\"SAIGA\" \/>\n<meta property=\"article:modified_time\" content=\"2025-10-27T07:53:44+00:00\" \/>\n<meta property=\"og:image\" content=\"https:\/\/saiga.es\/wp-content\/uploads\/2024\/02\/Tolva-20-Kg.jpg\" \/>\n\t<meta property=\"og:image:width\" content=\"1080\" \/>\n\t<meta property=\"og:image:height\" content=\"1080\" \/>\n\t<meta property=\"og:image:type\" content=\"image\/jpeg\" \/>\n<meta name=\"twitter:card\" content=\"summary_large_image\" \/>\n<meta name=\"twitter:site\" content=\"@saiga_agro\" \/>\n<meta name=\"twitter:label1\" content=\"Dur\u00e9e de lecture estim\u00e9e\" \/>\n\t<meta name=\"twitter:data1\" content=\"1 minute\" \/>\n<script type=\"application\/ld+json\" class=\"yoast-schema-graph\">{\"@context\":\"https:\\\/\\\/schema.org\",\"@graph\":[{\"@type\":\"WebPage\",\"@id\":\"https:\\\/\\\/saiga.es\\\/fr\\\/produit\\\/tremie-suspendue-20kg\\\/\",\"url\":\"https:\\\/\\\/saiga.es\\\/fr\\\/produit\\\/tremie-suspendue-20kg\\\/\",\"name\":\"Tr\u00e9mie suspendue 20kg | SAIGA\",\"isPartOf\":{\"@id\":\"https:\\\/\\\/saiga.es\\\/fr\\\/#website\"},\"primaryImageOfPage\":{\"@id\":\"https:\\\/\\\/saiga.es\\\/fr\\\/produit\\\/tremie-suspendue-20kg\\\/#primaryimage\"},\"image\":{\"@id\":\"https:\\\/\\\/saiga.es\\\/fr\\\/produit\\\/tremie-suspendue-20kg\\\/#primaryimage\"},\"thumbnailUrl\":\"https:\\\/\\\/saiga.es\\\/wp-content\\\/uploads\\\/2024\\\/02\\\/Tolva-20-Kg.jpg\",\"datePublished\":\"2024-02-22T11:08:18+00:00\",\"dateModified\":\"2025-10-27T07:53:44+00:00\",\"description\":\"Tr\u00e9mie galvanis\u00e9e pour volaille. Il peut \u00eatre pos\u00e9 au sol ou suspendu, offrant ainsi un acc\u00e8s facile aux poules.\",\"breadcrumb\":{\"@id\":\"https:\\\/\\\/saiga.es\\\/fr\\\/produit\\\/tremie-suspendue-20kg\\\/#breadcrumb\"},\"inLanguage\":\"fr-FR\",\"potentialAction\":[{\"@type\":\"ReadAction\",\"target\":[\"https:\\\/\\\/saiga.es\\\/fr\\\/produit\\\/tremie-suspendue-20kg\\\/\"]}]},{\"@type\":\"ImageObject\",\"inLanguage\":\"fr-FR\",\"@id\":\"https:\\\/\\\/saiga.es\\\/fr\\\/produit\\\/tremie-suspendue-20kg\\\/#primaryimage\",\"url\":\"https:\\\/\\\/saiga.es\\\/wp-content\\\/uploads\\\/2024\\\/02\\\/Tolva-20-Kg.jpg\",\"contentUrl\":\"https:\\\/\\\/saiga.es\\\/wp-content\\\/uploads\\\/2024\\\/02\\\/Tolva-20-Kg.jpg\",\"width\":1080,\"height\":1080,\"caption\":\"Tolva 20 Kg\"},{\"@type\":\"BreadcrumbList\",\"@id\":\"https:\\\/\\\/saiga.es\\\/fr\\\/produit\\\/tremie-suspendue-20kg\\\/#breadcrumb\",\"itemListElement\":[{\"@type\":\"ListItem\",\"position\":1,\"name\":\"Inici\",\"item\":\"https:\\\/\\\/saiga.es\\\/fr\\\/\"},{\"@type\":\"ListItem\",\"position\":2,\"name\":\"boutique\",\"item\":\"https:\\\/\\\/saiga.es\\\/fr\\\/boutique\\\/\"},{\"@type\":\"ListItem\",\"position\":3,\"name\":\"Tr\u00e9mie suspendue 20kg\"}]},{\"@type\":\"WebSite\",\"@id\":\"https:\\\/\\\/saiga.es\\\/fr\\\/#website\",\"url\":\"https:\\\/\\\/saiga.es\\\/fr\\\/\",\"name\":\"SAIGA\",\"description\":\"M\u00e9s de 50 anys al servei de la terra i treballant per a un \u00fas eficient de l\u2019aigua!\",\"publisher\":{\"@id\":\"https:\\\/\\\/saiga.es\\\/fr\\\/#organization\"},\"potentialAction\":[{\"@type\":\"SearchAction\",\"target\":{\"@type\":\"EntryPoint\",\"urlTemplate\":\"https:\\\/\\\/saiga.es\\\/fr\\\/?s={search_term_string}\"},\"query-input\":{\"@type\":\"PropertyValueSpecification\",\"valueRequired\":true,\"valueName\":\"search_term_string\"}}],\"inLanguage\":\"fr-FR\"},{\"@type\":\"Organization\",\"@id\":\"https:\\\/\\\/saiga.es\\\/fr\\\/#organization\",\"name\":\"SAIGA\",\"url\":\"https:\\\/\\\/saiga.es\\\/fr\\\/\",\"logo\":{\"@type\":\"ImageObject\",\"inLanguage\":\"fr-FR\",\"@id\":\"https:\\\/\\\/saiga.es\\\/fr\\\/#\\\/schema\\\/logo\\\/image\\\/\",\"url\":\"https:\\\/\\\/saiga.es\\\/wp-content\\\/uploads\\\/2025\\\/07\\\/logo_saiga_baseline_optimitzat.svg\",\"contentUrl\":\"https:\\\/\\\/saiga.es\\\/wp-content\\\/uploads\\\/2025\\\/07\\\/logo_saiga_baseline_optimitzat.svg\",\"caption\":\"SAIGA\"},\"image\":{\"@id\":\"https:\\\/\\\/saiga.es\\\/fr\\\/#\\\/schema\\\/logo\\\/image\\\/\"},\"sameAs\":[\"https:\\\/\\\/x.com\\\/saiga_agro\",\"https:\\\/\\\/www.instagram.com\\\/saiga_agro\\\/\"]}]}<\/script>\n<!-- \/ Yoast SEO plugin. -->","yoast_head_json":{"title":"Tr\u00e9mie suspendue 20kg | SAIGA","description":"Tr\u00e9mie galvanis\u00e9e pour volaille. Il peut \u00eatre pos\u00e9 au sol ou suspendu, offrant ainsi un acc\u00e8s facile aux poules.","robots":{"index":"index","follow":"follow","max-snippet":"max-snippet:-1","max-image-preview":"max-image-preview:large","max-video-preview":"max-video-preview:-1"},"canonical":"https:\/\/saiga.es\/fr\/produit\/tremie-suspendue-20kg\/","og_locale":"fr_FR","og_type":"article","og_title":"Tr\u00e9mie suspendue 20kg | SAIGA","og_description":"Tr\u00e9mie galvanis\u00e9e pour volaille. Il peut \u00eatre pos\u00e9 au sol ou suspendu, offrant ainsi un acc\u00e8s facile aux poules.","og_url":"https:\/\/saiga.es\/fr\/produit\/tremie-suspendue-20kg\/","og_site_name":"SAIGA","article_modified_time":"2025-10-27T07:53:44+00:00","og_image":[{"width":1080,"height":1080,"url":"https:\/\/saiga.es\/wp-content\/uploads\/2024\/02\/Tolva-20-Kg.jpg","type":"image\/jpeg"}],"twitter_card":"summary_large_image","twitter_site":"@saiga_agro","twitter_misc":{"Dur\u00e9e de lecture estim\u00e9e":"1 minute"},"schema":{"@context":"https:\/\/schema.org","@graph":[{"@type":"WebPage","@id":"https:\/\/saiga.es\/fr\/produit\/tremie-suspendue-20kg\/","url":"https:\/\/saiga.es\/fr\/produit\/tremie-suspendue-20kg\/","name":"Tr\u00e9mie suspendue 20kg | SAIGA","isPartOf":{"@id":"https:\/\/saiga.es\/fr\/#website"},"primaryImageOfPage":{"@id":"https:\/\/saiga.es\/fr\/produit\/tremie-suspendue-20kg\/#primaryimage"},"image":{"@id":"https:\/\/saiga.es\/fr\/produit\/tremie-suspendue-20kg\/#primaryimage"},"thumbnailUrl":"https:\/\/saiga.es\/wp-content\/uploads\/2024\/02\/Tolva-20-Kg.jpg","datePublished":"2024-02-22T11:08:18+00:00","dateModified":"2025-10-27T07:53:44+00:00","description":"Tr\u00e9mie galvanis\u00e9e pour volaille. Il peut \u00eatre pos\u00e9 au sol ou suspendu, offrant ainsi un acc\u00e8s facile aux poules.","breadcrumb":{"@id":"https:\/\/saiga.es\/fr\/produit\/tremie-suspendue-20kg\/#breadcrumb"},"inLanguage":"fr-FR","potentialAction":[{"@type":"ReadAction","target":["https:\/\/saiga.es\/fr\/produit\/tremie-suspendue-20kg\/"]}]},{"@type":"ImageObject","inLanguage":"fr-FR","@id":"https:\/\/saiga.es\/fr\/produit\/tremie-suspendue-20kg\/#primaryimage","url":"https:\/\/saiga.es\/wp-content\/uploads\/2024\/02\/Tolva-20-Kg.jpg","contentUrl":"https:\/\/saiga.es\/wp-content\/uploads\/2024\/02\/Tolva-20-Kg.jpg","width":1080,"height":1080,"caption":"Tolva 20 Kg"},{"@type":"BreadcrumbList","@id":"https:\/\/saiga.es\/fr\/produit\/tremie-suspendue-20kg\/#breadcrumb","itemListElement":[{"@type":"ListItem","position":1,"name":"Inici","item":"https:\/\/saiga.es\/fr\/"},{"@type":"ListItem","position":2,"name":"boutique","item":"https:\/\/saiga.es\/fr\/boutique\/"},{"@type":"ListItem","position":3,"name":"Tr\u00e9mie suspendue 20kg"}]},{"@type":"WebSite","@id":"https:\/\/saiga.es\/fr\/#website","url":"https:\/\/saiga.es\/fr\/","name":"SAIGA","description":"M\u00e9s de 50 anys al servei de la terra i treballant per a un \u00fas eficient de l\u2019aigua!","publisher":{"@id":"https:\/\/saiga.es\/fr\/#organization"},"potentialAction":[{"@type":"SearchAction","target":{"@type":"EntryPoint","urlTemplate":"https:\/\/saiga.es\/fr\/?s={search_term_string}"},"query-input":{"@type":"PropertyValueSpecification","valueRequired":true,"valueName":"search_term_string"}}],"inLanguage":"fr-FR"},{"@type":"Organization","@id":"https:\/\/saiga.es\/fr\/#organization","name":"SAIGA","url":"https:\/\/saiga.es\/fr\/","logo":{"@type":"ImageObject","inLanguage":"fr-FR","@id":"https:\/\/saiga.es\/fr\/#\/schema\/logo\/image\/","url":"https:\/\/saiga.es\/wp-content\/uploads\/2025\/07\/logo_saiga_baseline_optimitzat.svg","contentUrl":"https:\/\/saiga.es\/wp-content\/uploads\/2025\/07\/logo_saiga_baseline_optimitzat.svg","caption":"SAIGA"},"image":{"@id":"https:\/\/saiga.es\/fr\/#\/schema\/logo\/image\/"},"sameAs":["https:\/\/x.com\/saiga_agro","https:\/\/www.instagram.com\/saiga_agro\/"]}]}},"_links":{"self":[{"href":"https:\/\/saiga.es\/fr\/wp-json\/wp\/v2\/product\/7962","targetHints":{"allow":["GET"]}}],"collection":[{"href":"https:\/\/saiga.es\/fr\/wp-json\/wp\/v2\/product"}],"about":[{"href":"https:\/\/saiga.es\/fr\/wp-json\/wp\/v2\/types\/product"}],"replies":[{"embeddable":true,"href":"https:\/\/saiga.es\/fr\/wp-json\/wp\/v2\/comments?post=7962"}],"wp:featuredmedia":[{"embeddable":true,"href":"https:\/\/saiga.es\/fr\/wp-json\/wp\/v2\/media\/11894"}],"wp:attachment":[{"href":"https:\/\/saiga.es\/fr\/wp-json\/wp\/v2\/media?parent=7962"}],"wp:term":[{"taxonomy":"product_brand","embeddable":true,"href":"https:\/\/saiga.es\/fr\/wp-json\/wp\/v2\/product_brand?post=7962"},{"taxonomy":"product_cat","embeddable":true,"href":"https:\/\/saiga.es\/fr\/wp-json\/wp\/v2\/product_cat?post=7962"},{"taxonomy":"product_tag","embeddable":true,"href":"https:\/\/saiga.es\/fr\/wp-json\/wp\/v2\/product_tag?post=7962"}],"curies":[{"name":"wp","href":"https:\/\/api.w.org\/{rel}","templated":true}]}}