{"id":7980,"date":"2024-01-16T07:41:55","date_gmt":"2024-01-16T07:41:55","guid":{"rendered":"https:\/\/botiga.saiga.es\/producte\/arrosoir-en-plastique-9-l\/"},"modified":"2025-10-27T07:53:35","modified_gmt":"2025-10-27T07:53:35","slug":"arrosoir-en-plastique-9-l","status":"publish","type":"product","link":"https:\/\/saiga.es\/fr\/produit\/arrosoir-en-plastique-9-l\/","title":{"rendered":"Arrosoir en plastique 9 L"},"content":{"rendered":"<p>Notre arrosoir de 9 litres est la solution parfaite pour maintenir votre jardin dans un \u00e9tat optimal. D&rsquo;une capacit\u00e9 de 9 litres, cet arrosoir est id\u00e9al pour les grands jardins, vergers ou autres espaces ext\u00e9rieurs.<\/p>\n<p>Fabriqu\u00e9 avec des mat\u00e9riaux durables et r\u00e9sistants aux intemp\u00e9ries, cet arrosoir se distingue par sa construction robuste et fiable. Son design ergonomique et sa poign\u00e9e confortable le rendent facile \u00e0 utiliser et \u00e0 transporter, le rendant accessible aussi bien aux jardiniers amateurs que professionnels.<\/p>\n","protected":false},"excerpt":{"rendered":"<p>Notre arrosoir de 9 litres est la solution parfaite pour maintenir votre jardin dans un \u00e9tat optimal. D&rsquo;une capacit\u00e9 de 9 litres, cet arrosoir est id\u00e9al pour les grands jardins, vergers ou autres espaces ext\u00e9rieurs.<\/p>\n","protected":false},"featured_media":6760,"comment_status":"open","ping_status":"closed","template":"","meta":[],"product_brand":[],"product_cat":[435],"product_tag":[],"class_list":{"0":"post-7980","1":"product","2":"type-product","3":"status-publish","4":"has-post-thumbnail","6":"product_cat-arrosoirs","8":"first","9":"instock","10":"taxable","11":"shipping-taxable","12":"purchasable","13":"product-type-simple"},"yoast_head":"<!-- This site is optimized with the Yoast SEO plugin v27.4 - https:\/\/yoast.com\/product\/yoast-seo-wordpress\/ -->\n<title>Arrosoir en plastique 9 L | SAIGA<\/title>\n<meta name=\"description\" content=\"Notre arrosoir de 9 litres est la solution parfaite pour maintenir votre jardin dans un \u00e9tat optimal. D&#039;une capacit\u00e9 de 9 litres, cet arrosoir est id\u00e9al pour les grands jardins, vergers ou autres espaces ext\u00e9rieurs.\" \/>\n<meta name=\"robots\" content=\"index, follow, max-snippet:-1, max-image-preview:large, max-video-preview:-1\" \/>\n<link rel=\"canonical\" href=\"https:\/\/saiga.es\/fr\/produit\/arrosoir-en-plastique-9-l\/\" \/>\n<meta property=\"og:locale\" content=\"fr_FR\" \/>\n<meta property=\"og:type\" content=\"article\" \/>\n<meta property=\"og:title\" content=\"Arrosoir en plastique 9 L | SAIGA\" \/>\n<meta property=\"og:description\" content=\"Notre arrosoir de 9 litres est la solution parfaite pour maintenir votre jardin dans un \u00e9tat optimal. D&#039;une capacit\u00e9 de 9 litres, cet arrosoir est id\u00e9al pour les grands jardins, vergers ou autres espaces ext\u00e9rieurs.\" \/>\n<meta property=\"og:url\" content=\"https:\/\/saiga.es\/fr\/produit\/arrosoir-en-plastique-9-l\/\" \/>\n<meta property=\"og:site_name\" content=\"SAIGA\" \/>\n<meta property=\"article:modified_time\" content=\"2025-10-27T07:53:35+00:00\" \/>\n<meta property=\"og:image\" content=\"https:\/\/saiga.es\/wp-content\/uploads\/2024\/01\/9Litres.jpg\" \/>\n\t<meta property=\"og:image:width\" content=\"445\" \/>\n\t<meta property=\"og:image:height\" content=\"445\" \/>\n\t<meta property=\"og:image:type\" content=\"image\/jpeg\" \/>\n<meta name=\"twitter:card\" content=\"summary_large_image\" \/>\n<meta name=\"twitter:site\" content=\"@saiga_agro\" \/>\n<script type=\"application\/ld+json\" class=\"yoast-schema-graph\">{\"@context\":\"https:\\\/\\\/schema.org\",\"@graph\":[{\"@type\":\"WebPage\",\"@id\":\"https:\\\/\\\/saiga.es\\\/fr\\\/produit\\\/arrosoir-en-plastique-9-l\\\/\",\"url\":\"https:\\\/\\\/saiga.es\\\/fr\\\/produit\\\/arrosoir-en-plastique-9-l\\\/\",\"name\":\"Arrosoir en plastique 9 L | SAIGA\",\"isPartOf\":{\"@id\":\"https:\\\/\\\/saiga.es\\\/fr\\\/#website\"},\"primaryImageOfPage\":{\"@id\":\"https:\\\/\\\/saiga.es\\\/fr\\\/produit\\\/arrosoir-en-plastique-9-l\\\/#primaryimage\"},\"image\":{\"@id\":\"https:\\\/\\\/saiga.es\\\/fr\\\/produit\\\/arrosoir-en-plastique-9-l\\\/#primaryimage\"},\"thumbnailUrl\":\"https:\\\/\\\/saiga.es\\\/wp-content\\\/uploads\\\/2024\\\/01\\\/9Litres.jpg\",\"datePublished\":\"2024-01-16T07:41:55+00:00\",\"dateModified\":\"2025-10-27T07:53:35+00:00\",\"description\":\"Notre arrosoir de 9 litres est la solution parfaite pour maintenir votre jardin dans un \u00e9tat optimal. D'une capacit\u00e9 de 9 litres, cet arrosoir est id\u00e9al pour les grands jardins, vergers ou autres espaces ext\u00e9rieurs.\",\"breadcrumb\":{\"@id\":\"https:\\\/\\\/saiga.es\\\/fr\\\/produit\\\/arrosoir-en-plastique-9-l\\\/#breadcrumb\"},\"inLanguage\":\"fr-FR\",\"potentialAction\":[{\"@type\":\"ReadAction\",\"target\":[\"https:\\\/\\\/saiga.es\\\/fr\\\/produit\\\/arrosoir-en-plastique-9-l\\\/\"]}]},{\"@type\":\"ImageObject\",\"inLanguage\":\"fr-FR\",\"@id\":\"https:\\\/\\\/saiga.es\\\/fr\\\/produit\\\/arrosoir-en-plastique-9-l\\\/#primaryimage\",\"url\":\"https:\\\/\\\/saiga.es\\\/wp-content\\\/uploads\\\/2024\\\/01\\\/9Litres.jpg\",\"contentUrl\":\"https:\\\/\\\/saiga.es\\\/wp-content\\\/uploads\\\/2024\\\/01\\\/9Litres.jpg\",\"width\":445,\"height\":445,\"caption\":\"Arrosage\"},{\"@type\":\"BreadcrumbList\",\"@id\":\"https:\\\/\\\/saiga.es\\\/fr\\\/produit\\\/arrosoir-en-plastique-9-l\\\/#breadcrumb\",\"itemListElement\":[{\"@type\":\"ListItem\",\"position\":1,\"name\":\"Inici\",\"item\":\"https:\\\/\\\/saiga.es\\\/fr\\\/\"},{\"@type\":\"ListItem\",\"position\":2,\"name\":\"boutique\",\"item\":\"https:\\\/\\\/saiga.es\\\/fr\\\/boutique\\\/\"},{\"@type\":\"ListItem\",\"position\":3,\"name\":\"Arrosoir en plastique 9 L\"}]},{\"@type\":\"WebSite\",\"@id\":\"https:\\\/\\\/saiga.es\\\/fr\\\/#website\",\"url\":\"https:\\\/\\\/saiga.es\\\/fr\\\/\",\"name\":\"SAIGA\",\"description\":\"M\u00e9s de 50 anys al servei de la terra i treballant per a un \u00fas eficient de l\u2019aigua!\",\"publisher\":{\"@id\":\"https:\\\/\\\/saiga.es\\\/fr\\\/#organization\"},\"potentialAction\":[{\"@type\":\"SearchAction\",\"target\":{\"@type\":\"EntryPoint\",\"urlTemplate\":\"https:\\\/\\\/saiga.es\\\/fr\\\/?s={search_term_string}\"},\"query-input\":{\"@type\":\"PropertyValueSpecification\",\"valueRequired\":true,\"valueName\":\"search_term_string\"}}],\"inLanguage\":\"fr-FR\"},{\"@type\":\"Organization\",\"@id\":\"https:\\\/\\\/saiga.es\\\/fr\\\/#organization\",\"name\":\"SAIGA\",\"url\":\"https:\\\/\\\/saiga.es\\\/fr\\\/\",\"logo\":{\"@type\":\"ImageObject\",\"inLanguage\":\"fr-FR\",\"@id\":\"https:\\\/\\\/saiga.es\\\/fr\\\/#\\\/schema\\\/logo\\\/image\\\/\",\"url\":\"https:\\\/\\\/saiga.es\\\/wp-content\\\/uploads\\\/2025\\\/07\\\/logo_saiga_baseline_optimitzat.svg\",\"contentUrl\":\"https:\\\/\\\/saiga.es\\\/wp-content\\\/uploads\\\/2025\\\/07\\\/logo_saiga_baseline_optimitzat.svg\",\"caption\":\"SAIGA\"},\"image\":{\"@id\":\"https:\\\/\\\/saiga.es\\\/fr\\\/#\\\/schema\\\/logo\\\/image\\\/\"},\"sameAs\":[\"https:\\\/\\\/x.com\\\/saiga_agro\",\"https:\\\/\\\/www.instagram.com\\\/saiga_agro\\\/\"]}]}<\/script>\n<!-- \/ Yoast SEO plugin. -->","yoast_head_json":{"title":"Arrosoir en plastique 9 L | SAIGA","description":"Notre arrosoir de 9 litres est la solution parfaite pour maintenir votre jardin dans un \u00e9tat optimal. D'une capacit\u00e9 de 9 litres, cet arrosoir est id\u00e9al pour les grands jardins, vergers ou autres espaces ext\u00e9rieurs.","robots":{"index":"index","follow":"follow","max-snippet":"max-snippet:-1","max-image-preview":"max-image-preview:large","max-video-preview":"max-video-preview:-1"},"canonical":"https:\/\/saiga.es\/fr\/produit\/arrosoir-en-plastique-9-l\/","og_locale":"fr_FR","og_type":"article","og_title":"Arrosoir en plastique 9 L | SAIGA","og_description":"Notre arrosoir de 9 litres est la solution parfaite pour maintenir votre jardin dans un \u00e9tat optimal. D'une capacit\u00e9 de 9 litres, cet arrosoir est id\u00e9al pour les grands jardins, vergers ou autres espaces ext\u00e9rieurs.","og_url":"https:\/\/saiga.es\/fr\/produit\/arrosoir-en-plastique-9-l\/","og_site_name":"SAIGA","article_modified_time":"2025-10-27T07:53:35+00:00","og_image":[{"width":445,"height":445,"url":"https:\/\/saiga.es\/wp-content\/uploads\/2024\/01\/9Litres.jpg","type":"image\/jpeg"}],"twitter_card":"summary_large_image","twitter_site":"@saiga_agro","schema":{"@context":"https:\/\/schema.org","@graph":[{"@type":"WebPage","@id":"https:\/\/saiga.es\/fr\/produit\/arrosoir-en-plastique-9-l\/","url":"https:\/\/saiga.es\/fr\/produit\/arrosoir-en-plastique-9-l\/","name":"Arrosoir en plastique 9 L | SAIGA","isPartOf":{"@id":"https:\/\/saiga.es\/fr\/#website"},"primaryImageOfPage":{"@id":"https:\/\/saiga.es\/fr\/produit\/arrosoir-en-plastique-9-l\/#primaryimage"},"image":{"@id":"https:\/\/saiga.es\/fr\/produit\/arrosoir-en-plastique-9-l\/#primaryimage"},"thumbnailUrl":"https:\/\/saiga.es\/wp-content\/uploads\/2024\/01\/9Litres.jpg","datePublished":"2024-01-16T07:41:55+00:00","dateModified":"2025-10-27T07:53:35+00:00","description":"Notre arrosoir de 9 litres est la solution parfaite pour maintenir votre jardin dans un \u00e9tat optimal. D'une capacit\u00e9 de 9 litres, cet arrosoir est id\u00e9al pour les grands jardins, vergers ou autres espaces ext\u00e9rieurs.","breadcrumb":{"@id":"https:\/\/saiga.es\/fr\/produit\/arrosoir-en-plastique-9-l\/#breadcrumb"},"inLanguage":"fr-FR","potentialAction":[{"@type":"ReadAction","target":["https:\/\/saiga.es\/fr\/produit\/arrosoir-en-plastique-9-l\/"]}]},{"@type":"ImageObject","inLanguage":"fr-FR","@id":"https:\/\/saiga.es\/fr\/produit\/arrosoir-en-plastique-9-l\/#primaryimage","url":"https:\/\/saiga.es\/wp-content\/uploads\/2024\/01\/9Litres.jpg","contentUrl":"https:\/\/saiga.es\/wp-content\/uploads\/2024\/01\/9Litres.jpg","width":445,"height":445,"caption":"Arrosage"},{"@type":"BreadcrumbList","@id":"https:\/\/saiga.es\/fr\/produit\/arrosoir-en-plastique-9-l\/#breadcrumb","itemListElement":[{"@type":"ListItem","position":1,"name":"Inici","item":"https:\/\/saiga.es\/fr\/"},{"@type":"ListItem","position":2,"name":"boutique","item":"https:\/\/saiga.es\/fr\/boutique\/"},{"@type":"ListItem","position":3,"name":"Arrosoir en plastique 9 L"}]},{"@type":"WebSite","@id":"https:\/\/saiga.es\/fr\/#website","url":"https:\/\/saiga.es\/fr\/","name":"SAIGA","description":"M\u00e9s de 50 anys al servei de la terra i treballant per a un \u00fas eficient de l\u2019aigua!","publisher":{"@id":"https:\/\/saiga.es\/fr\/#organization"},"potentialAction":[{"@type":"SearchAction","target":{"@type":"EntryPoint","urlTemplate":"https:\/\/saiga.es\/fr\/?s={search_term_string}"},"query-input":{"@type":"PropertyValueSpecification","valueRequired":true,"valueName":"search_term_string"}}],"inLanguage":"fr-FR"},{"@type":"Organization","@id":"https:\/\/saiga.es\/fr\/#organization","name":"SAIGA","url":"https:\/\/saiga.es\/fr\/","logo":{"@type":"ImageObject","inLanguage":"fr-FR","@id":"https:\/\/saiga.es\/fr\/#\/schema\/logo\/image\/","url":"https:\/\/saiga.es\/wp-content\/uploads\/2025\/07\/logo_saiga_baseline_optimitzat.svg","contentUrl":"https:\/\/saiga.es\/wp-content\/uploads\/2025\/07\/logo_saiga_baseline_optimitzat.svg","caption":"SAIGA"},"image":{"@id":"https:\/\/saiga.es\/fr\/#\/schema\/logo\/image\/"},"sameAs":["https:\/\/x.com\/saiga_agro","https:\/\/www.instagram.com\/saiga_agro\/"]}]}},"_links":{"self":[{"href":"https:\/\/saiga.es\/fr\/wp-json\/wp\/v2\/product\/7980","targetHints":{"allow":["GET"]}}],"collection":[{"href":"https:\/\/saiga.es\/fr\/wp-json\/wp\/v2\/product"}],"about":[{"href":"https:\/\/saiga.es\/fr\/wp-json\/wp\/v2\/types\/product"}],"replies":[{"embeddable":true,"href":"https:\/\/saiga.es\/fr\/wp-json\/wp\/v2\/comments?post=7980"}],"wp:featuredmedia":[{"embeddable":true,"href":"https:\/\/saiga.es\/fr\/wp-json\/wp\/v2\/media\/6760"}],"wp:attachment":[{"href":"https:\/\/saiga.es\/fr\/wp-json\/wp\/v2\/media?parent=7980"}],"wp:term":[{"taxonomy":"product_brand","embeddable":true,"href":"https:\/\/saiga.es\/fr\/wp-json\/wp\/v2\/product_brand?post=7980"},{"taxonomy":"product_cat","embeddable":true,"href":"https:\/\/saiga.es\/fr\/wp-json\/wp\/v2\/product_cat?post=7980"},{"taxonomy":"product_tag","embeddable":true,"href":"https:\/\/saiga.es\/fr\/wp-json\/wp\/v2\/product_tag?post=7980"}],"curies":[{"name":"wp","href":"https:\/\/api.w.org\/{rel}","templated":true}]}}