{"id":8006,"date":"2024-02-23T10:08:52","date_gmt":"2024-02-23T10:08:52","guid":{"rendered":"https:\/\/botiga.saiga.es\/producte\/auge-a-poussins-5l\/"},"modified":"2025-10-27T07:53:45","modified_gmt":"2025-10-27T07:53:45","slug":"auge-a-poussins-5l","status":"publish","type":"product","link":"https:\/\/saiga.es\/fr\/produit\/auge-a-poussins-5l\/","title":{"rendered":"Auge \u00e0 poussins 5L"},"content":{"rendered":"<p>Auge \u00e0 poussins 5L<\/p>\n<p>Abreuvoir pour oiseaux de qualit\u00e9 sup\u00e9rieure avec une conception \u00e0 tr\u00e9mie. Fabriqu\u00e9 en plastique robuste, l&rsquo;eau s&rsquo;\u00e9coule du r\u00e9servoir par gravit\u00e9, gardant toujours la base du r\u00e9cipient, de couleur verte, pleine. Cet abreuvoir est fabriqu\u00e9 en plastique renforc\u00e9 dans toutes ses parties, augmentant ainsi sa r\u00e9sistance. Comprend un bouchon \u00e0 vis pour un remplissage facile.<\/p>\n","protected":false},"excerpt":{"rendered":"<p>Auge \u00e0 poussins 5L<\/p>\n<p>Abreuvoir pour oiseaux de qualit\u00e9 sup\u00e9rieure avec une conception \u00e0 tr\u00e9mie. Fabriqu\u00e9 en plastique robuste, l&rsquo;eau s&rsquo;\u00e9coule du r\u00e9servoir par gravit\u00e9, gardant toujours la base du r\u00e9cipient, de couleur verte, pleine. Cet abreuvoir est fabriqu\u00e9 en plastique renforc\u00e9 dans toutes ses parties, augmentant ainsi sa r\u00e9sistance. Comprend un bouchon \u00e0 vis pour un remplissage facile.<\/p>\n","protected":false},"featured_media":7972,"comment_status":"open","ping_status":"closed","template":"","meta":[],"product_brand":[],"product_cat":[681],"product_tag":[],"class_list":{"0":"post-8006","1":"product","2":"type-product","3":"status-publish","4":"has-post-thumbnail","6":"product_cat-auges","8":"first","9":"instock","10":"taxable","11":"shipping-taxable","12":"purchasable","13":"product-type-simple"},"yoast_head":"<!-- This site is optimized with the Yoast SEO plugin v27.3 - https:\/\/yoast.com\/product\/yoast-seo-wordpress\/ -->\n<title>Auge \u00e0 poussins 5L | SAIGA<\/title>\n<meta name=\"description\" content=\"Auge \u00e0 poussins de 5 litres. Fabriqu\u00e9e en plastique robuste, l&#039;eau s&#039;\u00e9coule par gravit\u00e9, gardant toujours la base du r\u00e9cipient pleine.\" \/>\n<meta name=\"robots\" content=\"index, follow, max-snippet:-1, max-image-preview:large, max-video-preview:-1\" \/>\n<link rel=\"canonical\" href=\"https:\/\/saiga.es\/fr\/produit\/auge-a-poussins-5l\/\" \/>\n<meta property=\"og:locale\" content=\"fr_FR\" \/>\n<meta property=\"og:type\" content=\"article\" \/>\n<meta property=\"og:title\" content=\"Auge \u00e0 poussins 5L | SAIGA\" \/>\n<meta property=\"og:description\" content=\"Auge \u00e0 poussins de 5 litres. Fabriqu\u00e9e en plastique robuste, l&#039;eau s&#039;\u00e9coule par gravit\u00e9, gardant toujours la base du r\u00e9cipient pleine.\" \/>\n<meta property=\"og:url\" content=\"https:\/\/saiga.es\/fr\/produit\/auge-a-poussins-5l\/\" \/>\n<meta property=\"og:site_name\" content=\"SAIGA\" \/>\n<meta property=\"article:modified_time\" content=\"2025-10-27T07:53:45+00:00\" \/>\n<meta property=\"og:image\" content=\"https:\/\/saiga.es\/wp-content\/uploads\/2024\/02\/11060.jpg\" \/>\n\t<meta property=\"og:image:width\" content=\"600\" \/>\n\t<meta property=\"og:image:height\" content=\"600\" \/>\n\t<meta property=\"og:image:type\" content=\"image\/jpeg\" \/>\n<meta name=\"twitter:card\" content=\"summary_large_image\" \/>\n<meta name=\"twitter:site\" content=\"@saiga_agro\" \/>\n<script type=\"application\/ld+json\" class=\"yoast-schema-graph\">{\"@context\":\"https:\\\/\\\/schema.org\",\"@graph\":[{\"@type\":\"WebPage\",\"@id\":\"https:\\\/\\\/saiga.es\\\/fr\\\/produit\\\/auge-a-poussins-5l\\\/\",\"url\":\"https:\\\/\\\/saiga.es\\\/fr\\\/produit\\\/auge-a-poussins-5l\\\/\",\"name\":\"Auge \u00e0 poussins 5L | SAIGA\",\"isPartOf\":{\"@id\":\"https:\\\/\\\/saiga.es\\\/fr\\\/#website\"},\"primaryImageOfPage\":{\"@id\":\"https:\\\/\\\/saiga.es\\\/fr\\\/produit\\\/auge-a-poussins-5l\\\/#primaryimage\"},\"image\":{\"@id\":\"https:\\\/\\\/saiga.es\\\/fr\\\/produit\\\/auge-a-poussins-5l\\\/#primaryimage\"},\"thumbnailUrl\":\"https:\\\/\\\/saiga.es\\\/wp-content\\\/uploads\\\/2024\\\/02\\\/11060.jpg\",\"datePublished\":\"2024-02-23T10:08:52+00:00\",\"dateModified\":\"2025-10-27T07:53:45+00:00\",\"description\":\"Auge \u00e0 poussins de 5 litres. Fabriqu\u00e9e en plastique robuste, l'eau s'\u00e9coule par gravit\u00e9, gardant toujours la base du r\u00e9cipient pleine.\",\"breadcrumb\":{\"@id\":\"https:\\\/\\\/saiga.es\\\/fr\\\/produit\\\/auge-a-poussins-5l\\\/#breadcrumb\"},\"inLanguage\":\"fr-FR\",\"potentialAction\":[{\"@type\":\"ReadAction\",\"target\":[\"https:\\\/\\\/saiga.es\\\/fr\\\/produit\\\/auge-a-poussins-5l\\\/\"]}]},{\"@type\":\"ImageObject\",\"inLanguage\":\"fr-FR\",\"@id\":\"https:\\\/\\\/saiga.es\\\/fr\\\/produit\\\/auge-a-poussins-5l\\\/#primaryimage\",\"url\":\"https:\\\/\\\/saiga.es\\\/wp-content\\\/uploads\\\/2024\\\/02\\\/11060.jpg\",\"contentUrl\":\"https:\\\/\\\/saiga.es\\\/wp-content\\\/uploads\\\/2024\\\/02\\\/11060.jpg\",\"width\":600,\"height\":600},{\"@type\":\"BreadcrumbList\",\"@id\":\"https:\\\/\\\/saiga.es\\\/fr\\\/produit\\\/auge-a-poussins-5l\\\/#breadcrumb\",\"itemListElement\":[{\"@type\":\"ListItem\",\"position\":1,\"name\":\"Inici\",\"item\":\"https:\\\/\\\/saiga.es\\\/fr\\\/\"},{\"@type\":\"ListItem\",\"position\":2,\"name\":\"boutique\",\"item\":\"https:\\\/\\\/saiga.es\\\/fr\\\/boutique\\\/\"},{\"@type\":\"ListItem\",\"position\":3,\"name\":\"Auge \u00e0 poussins 5L\"}]},{\"@type\":\"WebSite\",\"@id\":\"https:\\\/\\\/saiga.es\\\/fr\\\/#website\",\"url\":\"https:\\\/\\\/saiga.es\\\/fr\\\/\",\"name\":\"SAIGA\",\"description\":\"M\u00e9s de 50 anys al servei de la terra i treballant per a un \u00fas eficient de l\u2019aigua!\",\"publisher\":{\"@id\":\"https:\\\/\\\/saiga.es\\\/fr\\\/#organization\"},\"potentialAction\":[{\"@type\":\"SearchAction\",\"target\":{\"@type\":\"EntryPoint\",\"urlTemplate\":\"https:\\\/\\\/saiga.es\\\/fr\\\/?s={search_term_string}\"},\"query-input\":{\"@type\":\"PropertyValueSpecification\",\"valueRequired\":true,\"valueName\":\"search_term_string\"}}],\"inLanguage\":\"fr-FR\"},{\"@type\":\"Organization\",\"@id\":\"https:\\\/\\\/saiga.es\\\/fr\\\/#organization\",\"name\":\"SAIGA\",\"url\":\"https:\\\/\\\/saiga.es\\\/fr\\\/\",\"logo\":{\"@type\":\"ImageObject\",\"inLanguage\":\"fr-FR\",\"@id\":\"https:\\\/\\\/saiga.es\\\/fr\\\/#\\\/schema\\\/logo\\\/image\\\/\",\"url\":\"https:\\\/\\\/saiga.es\\\/wp-content\\\/uploads\\\/2025\\\/07\\\/logo_saiga_baseline_optimitzat.svg\",\"contentUrl\":\"https:\\\/\\\/saiga.es\\\/wp-content\\\/uploads\\\/2025\\\/07\\\/logo_saiga_baseline_optimitzat.svg\",\"caption\":\"SAIGA\"},\"image\":{\"@id\":\"https:\\\/\\\/saiga.es\\\/fr\\\/#\\\/schema\\\/logo\\\/image\\\/\"},\"sameAs\":[\"https:\\\/\\\/x.com\\\/saiga_agro\",\"https:\\\/\\\/www.instagram.com\\\/saiga_agro\\\/\"]}]}<\/script>\n<!-- \/ Yoast SEO plugin. -->","yoast_head_json":{"title":"Auge \u00e0 poussins 5L | SAIGA","description":"Auge \u00e0 poussins de 5 litres. Fabriqu\u00e9e en plastique robuste, l'eau s'\u00e9coule par gravit\u00e9, gardant toujours la base du r\u00e9cipient pleine.","robots":{"index":"index","follow":"follow","max-snippet":"max-snippet:-1","max-image-preview":"max-image-preview:large","max-video-preview":"max-video-preview:-1"},"canonical":"https:\/\/saiga.es\/fr\/produit\/auge-a-poussins-5l\/","og_locale":"fr_FR","og_type":"article","og_title":"Auge \u00e0 poussins 5L | SAIGA","og_description":"Auge \u00e0 poussins de 5 litres. Fabriqu\u00e9e en plastique robuste, l'eau s'\u00e9coule par gravit\u00e9, gardant toujours la base du r\u00e9cipient pleine.","og_url":"https:\/\/saiga.es\/fr\/produit\/auge-a-poussins-5l\/","og_site_name":"SAIGA","article_modified_time":"2025-10-27T07:53:45+00:00","og_image":[{"width":600,"height":600,"url":"https:\/\/saiga.es\/wp-content\/uploads\/2024\/02\/11060.jpg","type":"image\/jpeg"}],"twitter_card":"summary_large_image","twitter_site":"@saiga_agro","schema":{"@context":"https:\/\/schema.org","@graph":[{"@type":"WebPage","@id":"https:\/\/saiga.es\/fr\/produit\/auge-a-poussins-5l\/","url":"https:\/\/saiga.es\/fr\/produit\/auge-a-poussins-5l\/","name":"Auge \u00e0 poussins 5L | SAIGA","isPartOf":{"@id":"https:\/\/saiga.es\/fr\/#website"},"primaryImageOfPage":{"@id":"https:\/\/saiga.es\/fr\/produit\/auge-a-poussins-5l\/#primaryimage"},"image":{"@id":"https:\/\/saiga.es\/fr\/produit\/auge-a-poussins-5l\/#primaryimage"},"thumbnailUrl":"https:\/\/saiga.es\/wp-content\/uploads\/2024\/02\/11060.jpg","datePublished":"2024-02-23T10:08:52+00:00","dateModified":"2025-10-27T07:53:45+00:00","description":"Auge \u00e0 poussins de 5 litres. Fabriqu\u00e9e en plastique robuste, l'eau s'\u00e9coule par gravit\u00e9, gardant toujours la base du r\u00e9cipient pleine.","breadcrumb":{"@id":"https:\/\/saiga.es\/fr\/produit\/auge-a-poussins-5l\/#breadcrumb"},"inLanguage":"fr-FR","potentialAction":[{"@type":"ReadAction","target":["https:\/\/saiga.es\/fr\/produit\/auge-a-poussins-5l\/"]}]},{"@type":"ImageObject","inLanguage":"fr-FR","@id":"https:\/\/saiga.es\/fr\/produit\/auge-a-poussins-5l\/#primaryimage","url":"https:\/\/saiga.es\/wp-content\/uploads\/2024\/02\/11060.jpg","contentUrl":"https:\/\/saiga.es\/wp-content\/uploads\/2024\/02\/11060.jpg","width":600,"height":600},{"@type":"BreadcrumbList","@id":"https:\/\/saiga.es\/fr\/produit\/auge-a-poussins-5l\/#breadcrumb","itemListElement":[{"@type":"ListItem","position":1,"name":"Inici","item":"https:\/\/saiga.es\/fr\/"},{"@type":"ListItem","position":2,"name":"boutique","item":"https:\/\/saiga.es\/fr\/boutique\/"},{"@type":"ListItem","position":3,"name":"Auge \u00e0 poussins 5L"}]},{"@type":"WebSite","@id":"https:\/\/saiga.es\/fr\/#website","url":"https:\/\/saiga.es\/fr\/","name":"SAIGA","description":"M\u00e9s de 50 anys al servei de la terra i treballant per a un \u00fas eficient de l\u2019aigua!","publisher":{"@id":"https:\/\/saiga.es\/fr\/#organization"},"potentialAction":[{"@type":"SearchAction","target":{"@type":"EntryPoint","urlTemplate":"https:\/\/saiga.es\/fr\/?s={search_term_string}"},"query-input":{"@type":"PropertyValueSpecification","valueRequired":true,"valueName":"search_term_string"}}],"inLanguage":"fr-FR"},{"@type":"Organization","@id":"https:\/\/saiga.es\/fr\/#organization","name":"SAIGA","url":"https:\/\/saiga.es\/fr\/","logo":{"@type":"ImageObject","inLanguage":"fr-FR","@id":"https:\/\/saiga.es\/fr\/#\/schema\/logo\/image\/","url":"https:\/\/saiga.es\/wp-content\/uploads\/2025\/07\/logo_saiga_baseline_optimitzat.svg","contentUrl":"https:\/\/saiga.es\/wp-content\/uploads\/2025\/07\/logo_saiga_baseline_optimitzat.svg","caption":"SAIGA"},"image":{"@id":"https:\/\/saiga.es\/fr\/#\/schema\/logo\/image\/"},"sameAs":["https:\/\/x.com\/saiga_agro","https:\/\/www.instagram.com\/saiga_agro\/"]}]}},"_links":{"self":[{"href":"https:\/\/saiga.es\/fr\/wp-json\/wp\/v2\/product\/8006","targetHints":{"allow":["GET"]}}],"collection":[{"href":"https:\/\/saiga.es\/fr\/wp-json\/wp\/v2\/product"}],"about":[{"href":"https:\/\/saiga.es\/fr\/wp-json\/wp\/v2\/types\/product"}],"replies":[{"embeddable":true,"href":"https:\/\/saiga.es\/fr\/wp-json\/wp\/v2\/comments?post=8006"}],"wp:featuredmedia":[{"embeddable":true,"href":"https:\/\/saiga.es\/fr\/wp-json\/wp\/v2\/media\/7972"}],"wp:attachment":[{"href":"https:\/\/saiga.es\/fr\/wp-json\/wp\/v2\/media?parent=8006"}],"wp:term":[{"taxonomy":"product_brand","embeddable":true,"href":"https:\/\/saiga.es\/fr\/wp-json\/wp\/v2\/product_brand?post=8006"},{"taxonomy":"product_cat","embeddable":true,"href":"https:\/\/saiga.es\/fr\/wp-json\/wp\/v2\/product_cat?post=8006"},{"taxonomy":"product_tag","embeddable":true,"href":"https:\/\/saiga.es\/fr\/wp-json\/wp\/v2\/product_tag?post=8006"}],"curies":[{"name":"wp","href":"https:\/\/api.w.org\/{rel}","templated":true}]}}