{"id":8009,"date":"2024-02-22T08:51:35","date_gmt":"2024-02-22T08:51:35","guid":{"rendered":"https:\/\/botiga.saiga.es\/producte\/auge-a-vanne-rotative-automatique-coudee\/"},"modified":"2025-10-27T07:53:43","modified_gmt":"2025-10-27T07:53:43","slug":"auge-a-vanne-rotative-automatique-coudee","status":"publish","type":"product","link":"https:\/\/saiga.es\/fr\/produit\/auge-a-vanne-rotative-automatique-coudee\/","title":{"rendered":"Auge \u00e0 vanne rotative automatique coud\u00e9e"},"content":{"rendered":"<p>Auge \u00e0 vanne rotative automatique coud\u00e9e<\/p>\n<p>Cette auge automatique polyvalente, avec sa capacit\u00e9 \u00e0 tourner dans le sens souhait\u00e9, constitue une solution pratique pour obtenir de l&rsquo;eau. La construction en plastique tr\u00e8s durable et une coupelle r\u00e9ceptrice en acier inoxydable assurent une grande r\u00e9sistance. L&rsquo;appareil dispose d&rsquo;une entr\u00e9e arri\u00e8re pour se connecter \u00e0 un r\u00e9servoir d&rsquo;eau via un tube flexible, garantissant une flexibilit\u00e9 d&rsquo;utilisation. L&rsquo;eau est mise \u00e0 disposition de l&rsquo;animal en appuyant sur la valve avec la bouche, garantissant un acc\u00e8s facile et continu \u00e0 de l&rsquo;eau propre et fra\u00eeche. Cet abreuvoir automatique est id\u00e9al aussi bien pour les environnements domestiques que professionnels, offrant commodit\u00e9 et efficacit\u00e9 dans l&rsquo;approvisionnement en eau des animaux.<\/p>\n","protected":false},"excerpt":{"rendered":"<p>Auge \u00e0 vanne rotative automatique coud\u00e9e<\/p>\n<p>Cette auge automatique polyvalente, avec sa capacit\u00e9 \u00e0 tourner dans le sens souhait\u00e9, constitue une solution pratique pour obtenir de l&rsquo;eau. La construction en plastique tr\u00e8s durable et une coupelle r\u00e9ceptrice en acier inoxydable assurent une grande r\u00e9sistance. L&rsquo;appareil dispose d&rsquo;une entr\u00e9e arri\u00e8re pour se connecter \u00e0 un r\u00e9servoir d&rsquo;eau via un tube flexible, garantissant une flexibilit\u00e9 d&rsquo;utilisation. L&rsquo;eau est mise \u00e0 disposition de l&rsquo;animal en appuyant sur la valve avec la bouche, garantissant un acc\u00e8s facile et continu \u00e0 de l&rsquo;eau propre et fra\u00eeche. Cet abreuvoir automatique est id\u00e9al aussi bien pour les environnements domestiques que professionnels, offrant commodit\u00e9 et efficacit\u00e9 dans l&rsquo;approvisionnement en eau des animaux.<\/p>\n","protected":false},"featured_media":7912,"comment_status":"open","ping_status":"closed","template":"","meta":[],"product_brand":[],"product_cat":[1925],"product_tag":[682,683,1815],"class_list":{"0":"post-8009","1":"product","2":"type-product","3":"status-publish","4":"has-post-thumbnail","6":"product_cat-auges-lapins-fr","7":"product_tag-auges","8":"product_tag-benestar-animal-fr","9":"product_tag-lapins","11":"first","12":"instock","13":"taxable","14":"shipping-taxable","15":"purchasable","16":"product-type-simple"},"yoast_head":"<!-- This site is optimized with the Yoast SEO plugin v27.4 - https:\/\/yoast.com\/product\/yoast-seo-wordpress\/ -->\n<title>Auge \u00e0 vanne rotative automatique coud\u00e9e | SAIGA<\/title>\n<meta name=\"description\" content=\"Cette auge avec vanne rotative coud\u00e9e automatique offre une solution pratique pour l&#039;approvisionnement en eau. Fabriqu\u00e9 en plastique durable et en acier inoxydable, il s&#039;active lorsque l&#039;animal appuie sur la valve avec sa bouche.\" \/>\n<meta name=\"robots\" content=\"index, follow, max-snippet:-1, max-image-preview:large, max-video-preview:-1\" \/>\n<link rel=\"canonical\" href=\"https:\/\/saiga.es\/fr\/produit\/auge-a-vanne-rotative-automatique-coudee\/\" \/>\n<meta property=\"og:locale\" content=\"fr_FR\" \/>\n<meta property=\"og:type\" content=\"article\" \/>\n<meta property=\"og:title\" content=\"Auge \u00e0 vanne rotative automatique coud\u00e9e | SAIGA\" \/>\n<meta property=\"og:description\" content=\"Cette auge avec vanne rotative coud\u00e9e automatique offre une solution pratique pour l&#039;approvisionnement en eau. Fabriqu\u00e9 en plastique durable et en acier inoxydable, il s&#039;active lorsque l&#039;animal appuie sur la valve avec sa bouche.\" \/>\n<meta property=\"og:url\" content=\"https:\/\/saiga.es\/fr\/produit\/auge-a-vanne-rotative-automatique-coudee\/\" \/>\n<meta property=\"og:site_name\" content=\"SAIGA\" \/>\n<meta property=\"article:modified_time\" content=\"2025-10-27T07:53:43+00:00\" \/>\n<meta property=\"og:image\" content=\"https:\/\/saiga.es\/wp-content\/uploads\/2024\/02\/24555.jpg\" \/>\n\t<meta property=\"og:image:width\" content=\"600\" \/>\n\t<meta property=\"og:image:height\" content=\"600\" \/>\n\t<meta property=\"og:image:type\" content=\"image\/jpeg\" \/>\n<meta name=\"twitter:card\" content=\"summary_large_image\" \/>\n<meta name=\"twitter:site\" content=\"@saiga_agro\" \/>\n<meta name=\"twitter:label1\" content=\"Dur\u00e9e de lecture estim\u00e9e\" \/>\n\t<meta name=\"twitter:data1\" content=\"1 minute\" \/>\n<script type=\"application\/ld+json\" class=\"yoast-schema-graph\">{\"@context\":\"https:\\\/\\\/schema.org\",\"@graph\":[{\"@type\":\"WebPage\",\"@id\":\"https:\\\/\\\/saiga.es\\\/fr\\\/produit\\\/auge-a-vanne-rotative-automatique-coudee\\\/\",\"url\":\"https:\\\/\\\/saiga.es\\\/fr\\\/produit\\\/auge-a-vanne-rotative-automatique-coudee\\\/\",\"name\":\"Auge \u00e0 vanne rotative automatique coud\u00e9e | SAIGA\",\"isPartOf\":{\"@id\":\"https:\\\/\\\/saiga.es\\\/fr\\\/#website\"},\"primaryImageOfPage\":{\"@id\":\"https:\\\/\\\/saiga.es\\\/fr\\\/produit\\\/auge-a-vanne-rotative-automatique-coudee\\\/#primaryimage\"},\"image\":{\"@id\":\"https:\\\/\\\/saiga.es\\\/fr\\\/produit\\\/auge-a-vanne-rotative-automatique-coudee\\\/#primaryimage\"},\"thumbnailUrl\":\"https:\\\/\\\/saiga.es\\\/wp-content\\\/uploads\\\/2024\\\/02\\\/24555.jpg\",\"datePublished\":\"2024-02-22T08:51:35+00:00\",\"dateModified\":\"2025-10-27T07:53:43+00:00\",\"description\":\"Cette auge avec vanne rotative coud\u00e9e automatique offre une solution pratique pour l'approvisionnement en eau. Fabriqu\u00e9 en plastique durable et en acier inoxydable, il s'active lorsque l'animal appuie sur la valve avec sa bouche.\",\"breadcrumb\":{\"@id\":\"https:\\\/\\\/saiga.es\\\/fr\\\/produit\\\/auge-a-vanne-rotative-automatique-coudee\\\/#breadcrumb\"},\"inLanguage\":\"fr-FR\",\"potentialAction\":[{\"@type\":\"ReadAction\",\"target\":[\"https:\\\/\\\/saiga.es\\\/fr\\\/produit\\\/auge-a-vanne-rotative-automatique-coudee\\\/\"]}]},{\"@type\":\"ImageObject\",\"inLanguage\":\"fr-FR\",\"@id\":\"https:\\\/\\\/saiga.es\\\/fr\\\/produit\\\/auge-a-vanne-rotative-automatique-coudee\\\/#primaryimage\",\"url\":\"https:\\\/\\\/saiga.es\\\/wp-content\\\/uploads\\\/2024\\\/02\\\/24555.jpg\",\"contentUrl\":\"https:\\\/\\\/saiga.es\\\/wp-content\\\/uploads\\\/2024\\\/02\\\/24555.jpg\",\"width\":600,\"height\":600},{\"@type\":\"BreadcrumbList\",\"@id\":\"https:\\\/\\\/saiga.es\\\/fr\\\/produit\\\/auge-a-vanne-rotative-automatique-coudee\\\/#breadcrumb\",\"itemListElement\":[{\"@type\":\"ListItem\",\"position\":1,\"name\":\"Inici\",\"item\":\"https:\\\/\\\/saiga.es\\\/fr\\\/\"},{\"@type\":\"ListItem\",\"position\":2,\"name\":\"boutique\",\"item\":\"https:\\\/\\\/saiga.es\\\/fr\\\/boutique\\\/\"},{\"@type\":\"ListItem\",\"position\":3,\"name\":\"Auge \u00e0 vanne rotative automatique coud\u00e9e\"}]},{\"@type\":\"WebSite\",\"@id\":\"https:\\\/\\\/saiga.es\\\/fr\\\/#website\",\"url\":\"https:\\\/\\\/saiga.es\\\/fr\\\/\",\"name\":\"SAIGA\",\"description\":\"M\u00e9s de 50 anys al servei de la terra i treballant per a un \u00fas eficient de l\u2019aigua!\",\"publisher\":{\"@id\":\"https:\\\/\\\/saiga.es\\\/fr\\\/#organization\"},\"potentialAction\":[{\"@type\":\"SearchAction\",\"target\":{\"@type\":\"EntryPoint\",\"urlTemplate\":\"https:\\\/\\\/saiga.es\\\/fr\\\/?s={search_term_string}\"},\"query-input\":{\"@type\":\"PropertyValueSpecification\",\"valueRequired\":true,\"valueName\":\"search_term_string\"}}],\"inLanguage\":\"fr-FR\"},{\"@type\":\"Organization\",\"@id\":\"https:\\\/\\\/saiga.es\\\/fr\\\/#organization\",\"name\":\"SAIGA\",\"url\":\"https:\\\/\\\/saiga.es\\\/fr\\\/\",\"logo\":{\"@type\":\"ImageObject\",\"inLanguage\":\"fr-FR\",\"@id\":\"https:\\\/\\\/saiga.es\\\/fr\\\/#\\\/schema\\\/logo\\\/image\\\/\",\"url\":\"https:\\\/\\\/saiga.es\\\/wp-content\\\/uploads\\\/2025\\\/07\\\/logo_saiga_baseline_optimitzat.svg\",\"contentUrl\":\"https:\\\/\\\/saiga.es\\\/wp-content\\\/uploads\\\/2025\\\/07\\\/logo_saiga_baseline_optimitzat.svg\",\"caption\":\"SAIGA\"},\"image\":{\"@id\":\"https:\\\/\\\/saiga.es\\\/fr\\\/#\\\/schema\\\/logo\\\/image\\\/\"},\"sameAs\":[\"https:\\\/\\\/x.com\\\/saiga_agro\",\"https:\\\/\\\/www.instagram.com\\\/saiga_agro\\\/\"]}]}<\/script>\n<!-- \/ Yoast SEO plugin. -->","yoast_head_json":{"title":"Auge \u00e0 vanne rotative automatique coud\u00e9e | SAIGA","description":"Cette auge avec vanne rotative coud\u00e9e automatique offre une solution pratique pour l'approvisionnement en eau. Fabriqu\u00e9 en plastique durable et en acier inoxydable, il s'active lorsque l'animal appuie sur la valve avec sa bouche.","robots":{"index":"index","follow":"follow","max-snippet":"max-snippet:-1","max-image-preview":"max-image-preview:large","max-video-preview":"max-video-preview:-1"},"canonical":"https:\/\/saiga.es\/fr\/produit\/auge-a-vanne-rotative-automatique-coudee\/","og_locale":"fr_FR","og_type":"article","og_title":"Auge \u00e0 vanne rotative automatique coud\u00e9e | SAIGA","og_description":"Cette auge avec vanne rotative coud\u00e9e automatique offre une solution pratique pour l'approvisionnement en eau. Fabriqu\u00e9 en plastique durable et en acier inoxydable, il s'active lorsque l'animal appuie sur la valve avec sa bouche.","og_url":"https:\/\/saiga.es\/fr\/produit\/auge-a-vanne-rotative-automatique-coudee\/","og_site_name":"SAIGA","article_modified_time":"2025-10-27T07:53:43+00:00","og_image":[{"width":600,"height":600,"url":"https:\/\/saiga.es\/wp-content\/uploads\/2024\/02\/24555.jpg","type":"image\/jpeg"}],"twitter_card":"summary_large_image","twitter_site":"@saiga_agro","twitter_misc":{"Dur\u00e9e de lecture estim\u00e9e":"1 minute"},"schema":{"@context":"https:\/\/schema.org","@graph":[{"@type":"WebPage","@id":"https:\/\/saiga.es\/fr\/produit\/auge-a-vanne-rotative-automatique-coudee\/","url":"https:\/\/saiga.es\/fr\/produit\/auge-a-vanne-rotative-automatique-coudee\/","name":"Auge \u00e0 vanne rotative automatique coud\u00e9e | SAIGA","isPartOf":{"@id":"https:\/\/saiga.es\/fr\/#website"},"primaryImageOfPage":{"@id":"https:\/\/saiga.es\/fr\/produit\/auge-a-vanne-rotative-automatique-coudee\/#primaryimage"},"image":{"@id":"https:\/\/saiga.es\/fr\/produit\/auge-a-vanne-rotative-automatique-coudee\/#primaryimage"},"thumbnailUrl":"https:\/\/saiga.es\/wp-content\/uploads\/2024\/02\/24555.jpg","datePublished":"2024-02-22T08:51:35+00:00","dateModified":"2025-10-27T07:53:43+00:00","description":"Cette auge avec vanne rotative coud\u00e9e automatique offre une solution pratique pour l'approvisionnement en eau. Fabriqu\u00e9 en plastique durable et en acier inoxydable, il s'active lorsque l'animal appuie sur la valve avec sa bouche.","breadcrumb":{"@id":"https:\/\/saiga.es\/fr\/produit\/auge-a-vanne-rotative-automatique-coudee\/#breadcrumb"},"inLanguage":"fr-FR","potentialAction":[{"@type":"ReadAction","target":["https:\/\/saiga.es\/fr\/produit\/auge-a-vanne-rotative-automatique-coudee\/"]}]},{"@type":"ImageObject","inLanguage":"fr-FR","@id":"https:\/\/saiga.es\/fr\/produit\/auge-a-vanne-rotative-automatique-coudee\/#primaryimage","url":"https:\/\/saiga.es\/wp-content\/uploads\/2024\/02\/24555.jpg","contentUrl":"https:\/\/saiga.es\/wp-content\/uploads\/2024\/02\/24555.jpg","width":600,"height":600},{"@type":"BreadcrumbList","@id":"https:\/\/saiga.es\/fr\/produit\/auge-a-vanne-rotative-automatique-coudee\/#breadcrumb","itemListElement":[{"@type":"ListItem","position":1,"name":"Inici","item":"https:\/\/saiga.es\/fr\/"},{"@type":"ListItem","position":2,"name":"boutique","item":"https:\/\/saiga.es\/fr\/boutique\/"},{"@type":"ListItem","position":3,"name":"Auge \u00e0 vanne rotative automatique coud\u00e9e"}]},{"@type":"WebSite","@id":"https:\/\/saiga.es\/fr\/#website","url":"https:\/\/saiga.es\/fr\/","name":"SAIGA","description":"M\u00e9s de 50 anys al servei de la terra i treballant per a un \u00fas eficient de l\u2019aigua!","publisher":{"@id":"https:\/\/saiga.es\/fr\/#organization"},"potentialAction":[{"@type":"SearchAction","target":{"@type":"EntryPoint","urlTemplate":"https:\/\/saiga.es\/fr\/?s={search_term_string}"},"query-input":{"@type":"PropertyValueSpecification","valueRequired":true,"valueName":"search_term_string"}}],"inLanguage":"fr-FR"},{"@type":"Organization","@id":"https:\/\/saiga.es\/fr\/#organization","name":"SAIGA","url":"https:\/\/saiga.es\/fr\/","logo":{"@type":"ImageObject","inLanguage":"fr-FR","@id":"https:\/\/saiga.es\/fr\/#\/schema\/logo\/image\/","url":"https:\/\/saiga.es\/wp-content\/uploads\/2025\/07\/logo_saiga_baseline_optimitzat.svg","contentUrl":"https:\/\/saiga.es\/wp-content\/uploads\/2025\/07\/logo_saiga_baseline_optimitzat.svg","caption":"SAIGA"},"image":{"@id":"https:\/\/saiga.es\/fr\/#\/schema\/logo\/image\/"},"sameAs":["https:\/\/x.com\/saiga_agro","https:\/\/www.instagram.com\/saiga_agro\/"]}]}},"_links":{"self":[{"href":"https:\/\/saiga.es\/fr\/wp-json\/wp\/v2\/product\/8009","targetHints":{"allow":["GET"]}}],"collection":[{"href":"https:\/\/saiga.es\/fr\/wp-json\/wp\/v2\/product"}],"about":[{"href":"https:\/\/saiga.es\/fr\/wp-json\/wp\/v2\/types\/product"}],"replies":[{"embeddable":true,"href":"https:\/\/saiga.es\/fr\/wp-json\/wp\/v2\/comments?post=8009"}],"wp:featuredmedia":[{"embeddable":true,"href":"https:\/\/saiga.es\/fr\/wp-json\/wp\/v2\/media\/7912"}],"wp:attachment":[{"href":"https:\/\/saiga.es\/fr\/wp-json\/wp\/v2\/media?parent=8009"}],"wp:term":[{"taxonomy":"product_brand","embeddable":true,"href":"https:\/\/saiga.es\/fr\/wp-json\/wp\/v2\/product_brand?post=8009"},{"taxonomy":"product_cat","embeddable":true,"href":"https:\/\/saiga.es\/fr\/wp-json\/wp\/v2\/product_cat?post=8009"},{"taxonomy":"product_tag","embeddable":true,"href":"https:\/\/saiga.es\/fr\/wp-json\/wp\/v2\/product_tag?post=8009"}],"curies":[{"name":"wp","href":"https:\/\/api.w.org\/{rel}","templated":true}]}}