{"id":8024,"date":"2024-02-26T14:25:43","date_gmt":"2024-02-26T14:25:43","guid":{"rendered":"https:\/\/botiga.saiga.es\/producte\/enveloppe-origan-de-rocalba\/"},"modified":"2024-02-26T14:25:43","modified_gmt":"2024-02-26T14:25:43","slug":"enveloppe-origan-de-rocalba","status":"publish","type":"product","link":"https:\/\/saiga.es\/fr\/produit\/enveloppe-origan-de-rocalba\/","title":{"rendered":"Enveloppe origan de Rocalba"},"content":{"rendered":"<p>Enveloppe origan de Rocalba Plante vivace de 40 cm, \u00e0 feuilles ovales, munies de glandes essences. Les fleurs, rose mauve, en grappes terminales. Intens\u00e9ment aromatique, il occupe une place pr\u00e9pond\u00e9rante dans la cuisine m\u00e9diterran\u00e9enne comme condiment tr\u00e8s utilis\u00e9.<\/p>\n","protected":false},"excerpt":{"rendered":"<p>Enveloppe origan de Rocalba Plante vivace de 40 cm, \u00e0 feuilles ovales, munies de glandes essences. Les fleurs, rose mauve, en grappes terminales. Intens\u00e9ment aromatique, il occupe une place pr\u00e9pond\u00e9rante dans la cuisine m\u00e9diterran\u00e9enne comme condiment tr\u00e8s utilis\u00e9.<\/p>\n","protected":false},"featured_media":8022,"comment_status":"open","ping_status":"closed","template":"","meta":[],"product_brand":[],"product_cat":[455],"product_tag":[962,796,807,963,964,961,507,900,954],"class_list":{"0":"post-8024","1":"product","2":"type-product","3":"status-publish","4":"has-post-thumbnail","6":"product_cat-aromatique","7":"product_tag-enveloppe-origan","8":"product_tag-graines","9":"product_tag-herbe-fr","10":"product_tag-herbe-aromatique","11":"product_tag-herbes-aromatiques-fr","12":"product_tag-origan","13":"product_tag-potager","14":"product_tag-potager-fr-2","15":"product_tag-rocalba-fr","17":"first","18":"outofstock","19":"taxable","20":"shipping-taxable","21":"purchasable","22":"product-type-simple"},"yoast_head":"<!-- This site is optimized with the Yoast SEO plugin v27.3 - https:\/\/yoast.com\/product\/yoast-seo-wordpress\/ -->\n<title>Enveloppe origan de Rocalba | SAIGA<\/title>\n<meta name=\"description\" content=\"Enveloppe origan de Rocalba Plante vivace de 40 cm, \u00e0 feuilles ovales, munies de glandes essences. Les fleurs, rose mauve, en grappes terminales. Intens\u00e9ment aromatique, il occupe une place pr\u00e9pond\u00e9rante dans la cuisine m\u00e9diterran\u00e9enne comme condiment tr\u00e8s utilis\u00e9.\" \/>\n<meta name=\"robots\" content=\"index, follow, max-snippet:-1, max-image-preview:large, max-video-preview:-1\" \/>\n<link rel=\"canonical\" href=\"https:\/\/saiga.es\/fr\/produit\/enveloppe-origan-de-rocalba\/\" \/>\n<meta property=\"og:locale\" content=\"fr_FR\" \/>\n<meta property=\"og:type\" content=\"article\" \/>\n<meta property=\"og:title\" content=\"Enveloppe origan de Rocalba | SAIGA\" \/>\n<meta property=\"og:description\" content=\"Enveloppe origan de Rocalba Plante vivace de 40 cm, \u00e0 feuilles ovales, munies de glandes essences. Les fleurs, rose mauve, en grappes terminales. Intens\u00e9ment aromatique, il occupe une place pr\u00e9pond\u00e9rante dans la cuisine m\u00e9diterran\u00e9enne comme condiment tr\u00e8s utilis\u00e9.\" \/>\n<meta property=\"og:url\" content=\"https:\/\/saiga.es\/fr\/produit\/enveloppe-origan-de-rocalba\/\" \/>\n<meta property=\"og:site_name\" content=\"SAIGA\" \/>\n<meta property=\"og:image\" content=\"https:\/\/saiga.es\/wp-content\/uploads\/2024\/02\/oregano.jpg\" \/>\n\t<meta property=\"og:image:width\" content=\"500\" \/>\n\t<meta property=\"og:image:height\" content=\"720\" \/>\n\t<meta property=\"og:image:type\" content=\"image\/jpeg\" \/>\n<meta name=\"twitter:card\" content=\"summary_large_image\" \/>\n<meta name=\"twitter:site\" content=\"@saiga_agro\" \/>\n<script type=\"application\/ld+json\" class=\"yoast-schema-graph\">{\"@context\":\"https:\\\/\\\/schema.org\",\"@graph\":[{\"@type\":\"WebPage\",\"@id\":\"https:\\\/\\\/saiga.es\\\/fr\\\/produit\\\/enveloppe-origan-de-rocalba\\\/\",\"url\":\"https:\\\/\\\/saiga.es\\\/fr\\\/produit\\\/enveloppe-origan-de-rocalba\\\/\",\"name\":\"Enveloppe origan de Rocalba | SAIGA\",\"isPartOf\":{\"@id\":\"https:\\\/\\\/saiga.es\\\/fr\\\/#website\"},\"primaryImageOfPage\":{\"@id\":\"https:\\\/\\\/saiga.es\\\/fr\\\/produit\\\/enveloppe-origan-de-rocalba\\\/#primaryimage\"},\"image\":{\"@id\":\"https:\\\/\\\/saiga.es\\\/fr\\\/produit\\\/enveloppe-origan-de-rocalba\\\/#primaryimage\"},\"thumbnailUrl\":\"https:\\\/\\\/saiga.es\\\/wp-content\\\/uploads\\\/2024\\\/02\\\/oregano.jpg\",\"datePublished\":\"2024-02-26T14:25:43+00:00\",\"description\":\"Enveloppe origan de Rocalba Plante vivace de 40 cm, \u00e0 feuilles ovales, munies de glandes essences. Les fleurs, rose mauve, en grappes terminales. Intens\u00e9ment aromatique, il occupe une place pr\u00e9pond\u00e9rante dans la cuisine m\u00e9diterran\u00e9enne comme condiment tr\u00e8s utilis\u00e9.\",\"breadcrumb\":{\"@id\":\"https:\\\/\\\/saiga.es\\\/fr\\\/produit\\\/enveloppe-origan-de-rocalba\\\/#breadcrumb\"},\"inLanguage\":\"fr-FR\",\"potentialAction\":[{\"@type\":\"ReadAction\",\"target\":[\"https:\\\/\\\/saiga.es\\\/fr\\\/produit\\\/enveloppe-origan-de-rocalba\\\/\"]}]},{\"@type\":\"ImageObject\",\"inLanguage\":\"fr-FR\",\"@id\":\"https:\\\/\\\/saiga.es\\\/fr\\\/produit\\\/enveloppe-origan-de-rocalba\\\/#primaryimage\",\"url\":\"https:\\\/\\\/saiga.es\\\/wp-content\\\/uploads\\\/2024\\\/02\\\/oregano.jpg\",\"contentUrl\":\"https:\\\/\\\/saiga.es\\\/wp-content\\\/uploads\\\/2024\\\/02\\\/oregano.jpg\",\"width\":500,\"height\":720,\"caption\":\"Enveloppe origan de Rocalba\"},{\"@type\":\"BreadcrumbList\",\"@id\":\"https:\\\/\\\/saiga.es\\\/fr\\\/produit\\\/enveloppe-origan-de-rocalba\\\/#breadcrumb\",\"itemListElement\":[{\"@type\":\"ListItem\",\"position\":1,\"name\":\"Inici\",\"item\":\"https:\\\/\\\/saiga.es\\\/fr\\\/\"},{\"@type\":\"ListItem\",\"position\":2,\"name\":\"boutique\",\"item\":\"https:\\\/\\\/saiga.es\\\/fr\\\/boutique\\\/\"},{\"@type\":\"ListItem\",\"position\":3,\"name\":\"Enveloppe origan de Rocalba\"}]},{\"@type\":\"WebSite\",\"@id\":\"https:\\\/\\\/saiga.es\\\/fr\\\/#website\",\"url\":\"https:\\\/\\\/saiga.es\\\/fr\\\/\",\"name\":\"SAIGA\",\"description\":\"M\u00e9s de 50 anys al servei de la terra i treballant per a un \u00fas eficient de l\u2019aigua!\",\"publisher\":{\"@id\":\"https:\\\/\\\/saiga.es\\\/fr\\\/#organization\"},\"potentialAction\":[{\"@type\":\"SearchAction\",\"target\":{\"@type\":\"EntryPoint\",\"urlTemplate\":\"https:\\\/\\\/saiga.es\\\/fr\\\/?s={search_term_string}\"},\"query-input\":{\"@type\":\"PropertyValueSpecification\",\"valueRequired\":true,\"valueName\":\"search_term_string\"}}],\"inLanguage\":\"fr-FR\"},{\"@type\":\"Organization\",\"@id\":\"https:\\\/\\\/saiga.es\\\/fr\\\/#organization\",\"name\":\"SAIGA\",\"url\":\"https:\\\/\\\/saiga.es\\\/fr\\\/\",\"logo\":{\"@type\":\"ImageObject\",\"inLanguage\":\"fr-FR\",\"@id\":\"https:\\\/\\\/saiga.es\\\/fr\\\/#\\\/schema\\\/logo\\\/image\\\/\",\"url\":\"https:\\\/\\\/saiga.es\\\/wp-content\\\/uploads\\\/2025\\\/07\\\/logo_saiga_baseline_optimitzat.svg\",\"contentUrl\":\"https:\\\/\\\/saiga.es\\\/wp-content\\\/uploads\\\/2025\\\/07\\\/logo_saiga_baseline_optimitzat.svg\",\"caption\":\"SAIGA\"},\"image\":{\"@id\":\"https:\\\/\\\/saiga.es\\\/fr\\\/#\\\/schema\\\/logo\\\/image\\\/\"},\"sameAs\":[\"https:\\\/\\\/x.com\\\/saiga_agro\",\"https:\\\/\\\/www.instagram.com\\\/saiga_agro\\\/\"]}]}<\/script>\n<!-- \/ Yoast SEO plugin. -->","yoast_head_json":{"title":"Enveloppe origan de Rocalba | SAIGA","description":"Enveloppe origan de Rocalba Plante vivace de 40 cm, \u00e0 feuilles ovales, munies de glandes essences. Les fleurs, rose mauve, en grappes terminales. Intens\u00e9ment aromatique, il occupe une place pr\u00e9pond\u00e9rante dans la cuisine m\u00e9diterran\u00e9enne comme condiment tr\u00e8s utilis\u00e9.","robots":{"index":"index","follow":"follow","max-snippet":"max-snippet:-1","max-image-preview":"max-image-preview:large","max-video-preview":"max-video-preview:-1"},"canonical":"https:\/\/saiga.es\/fr\/produit\/enveloppe-origan-de-rocalba\/","og_locale":"fr_FR","og_type":"article","og_title":"Enveloppe origan de Rocalba | SAIGA","og_description":"Enveloppe origan de Rocalba Plante vivace de 40 cm, \u00e0 feuilles ovales, munies de glandes essences. Les fleurs, rose mauve, en grappes terminales. Intens\u00e9ment aromatique, il occupe une place pr\u00e9pond\u00e9rante dans la cuisine m\u00e9diterran\u00e9enne comme condiment tr\u00e8s utilis\u00e9.","og_url":"https:\/\/saiga.es\/fr\/produit\/enveloppe-origan-de-rocalba\/","og_site_name":"SAIGA","og_image":[{"width":500,"height":720,"url":"https:\/\/saiga.es\/wp-content\/uploads\/2024\/02\/oregano.jpg","type":"image\/jpeg"}],"twitter_card":"summary_large_image","twitter_site":"@saiga_agro","schema":{"@context":"https:\/\/schema.org","@graph":[{"@type":"WebPage","@id":"https:\/\/saiga.es\/fr\/produit\/enveloppe-origan-de-rocalba\/","url":"https:\/\/saiga.es\/fr\/produit\/enveloppe-origan-de-rocalba\/","name":"Enveloppe origan de Rocalba | SAIGA","isPartOf":{"@id":"https:\/\/saiga.es\/fr\/#website"},"primaryImageOfPage":{"@id":"https:\/\/saiga.es\/fr\/produit\/enveloppe-origan-de-rocalba\/#primaryimage"},"image":{"@id":"https:\/\/saiga.es\/fr\/produit\/enveloppe-origan-de-rocalba\/#primaryimage"},"thumbnailUrl":"https:\/\/saiga.es\/wp-content\/uploads\/2024\/02\/oregano.jpg","datePublished":"2024-02-26T14:25:43+00:00","description":"Enveloppe origan de Rocalba Plante vivace de 40 cm, \u00e0 feuilles ovales, munies de glandes essences. Les fleurs, rose mauve, en grappes terminales. Intens\u00e9ment aromatique, il occupe une place pr\u00e9pond\u00e9rante dans la cuisine m\u00e9diterran\u00e9enne comme condiment tr\u00e8s utilis\u00e9.","breadcrumb":{"@id":"https:\/\/saiga.es\/fr\/produit\/enveloppe-origan-de-rocalba\/#breadcrumb"},"inLanguage":"fr-FR","potentialAction":[{"@type":"ReadAction","target":["https:\/\/saiga.es\/fr\/produit\/enveloppe-origan-de-rocalba\/"]}]},{"@type":"ImageObject","inLanguage":"fr-FR","@id":"https:\/\/saiga.es\/fr\/produit\/enveloppe-origan-de-rocalba\/#primaryimage","url":"https:\/\/saiga.es\/wp-content\/uploads\/2024\/02\/oregano.jpg","contentUrl":"https:\/\/saiga.es\/wp-content\/uploads\/2024\/02\/oregano.jpg","width":500,"height":720,"caption":"Enveloppe origan de Rocalba"},{"@type":"BreadcrumbList","@id":"https:\/\/saiga.es\/fr\/produit\/enveloppe-origan-de-rocalba\/#breadcrumb","itemListElement":[{"@type":"ListItem","position":1,"name":"Inici","item":"https:\/\/saiga.es\/fr\/"},{"@type":"ListItem","position":2,"name":"boutique","item":"https:\/\/saiga.es\/fr\/boutique\/"},{"@type":"ListItem","position":3,"name":"Enveloppe origan de Rocalba"}]},{"@type":"WebSite","@id":"https:\/\/saiga.es\/fr\/#website","url":"https:\/\/saiga.es\/fr\/","name":"SAIGA","description":"M\u00e9s de 50 anys al servei de la terra i treballant per a un \u00fas eficient de l\u2019aigua!","publisher":{"@id":"https:\/\/saiga.es\/fr\/#organization"},"potentialAction":[{"@type":"SearchAction","target":{"@type":"EntryPoint","urlTemplate":"https:\/\/saiga.es\/fr\/?s={search_term_string}"},"query-input":{"@type":"PropertyValueSpecification","valueRequired":true,"valueName":"search_term_string"}}],"inLanguage":"fr-FR"},{"@type":"Organization","@id":"https:\/\/saiga.es\/fr\/#organization","name":"SAIGA","url":"https:\/\/saiga.es\/fr\/","logo":{"@type":"ImageObject","inLanguage":"fr-FR","@id":"https:\/\/saiga.es\/fr\/#\/schema\/logo\/image\/","url":"https:\/\/saiga.es\/wp-content\/uploads\/2025\/07\/logo_saiga_baseline_optimitzat.svg","contentUrl":"https:\/\/saiga.es\/wp-content\/uploads\/2025\/07\/logo_saiga_baseline_optimitzat.svg","caption":"SAIGA"},"image":{"@id":"https:\/\/saiga.es\/fr\/#\/schema\/logo\/image\/"},"sameAs":["https:\/\/x.com\/saiga_agro","https:\/\/www.instagram.com\/saiga_agro\/"]}]}},"_links":{"self":[{"href":"https:\/\/saiga.es\/fr\/wp-json\/wp\/v2\/product\/8024","targetHints":{"allow":["GET"]}}],"collection":[{"href":"https:\/\/saiga.es\/fr\/wp-json\/wp\/v2\/product"}],"about":[{"href":"https:\/\/saiga.es\/fr\/wp-json\/wp\/v2\/types\/product"}],"replies":[{"embeddable":true,"href":"https:\/\/saiga.es\/fr\/wp-json\/wp\/v2\/comments?post=8024"}],"wp:featuredmedia":[{"embeddable":true,"href":"https:\/\/saiga.es\/fr\/wp-json\/wp\/v2\/media\/8022"}],"wp:attachment":[{"href":"https:\/\/saiga.es\/fr\/wp-json\/wp\/v2\/media?parent=8024"}],"wp:term":[{"taxonomy":"product_brand","embeddable":true,"href":"https:\/\/saiga.es\/fr\/wp-json\/wp\/v2\/product_brand?post=8024"},{"taxonomy":"product_cat","embeddable":true,"href":"https:\/\/saiga.es\/fr\/wp-json\/wp\/v2\/product_cat?post=8024"},{"taxonomy":"product_tag","embeddable":true,"href":"https:\/\/saiga.es\/fr\/wp-json\/wp\/v2\/product_tag?post=8024"}],"curies":[{"name":"wp","href":"https:\/\/api.w.org\/{rel}","templated":true}]}}