{"id":8032,"date":"2024-02-26T14:40:21","date_gmt":"2024-02-26T14:40:21","guid":{"rendered":"https:\/\/botiga.saiga.es\/producte\/enveloppe-camomille-rocalba\/"},"modified":"2024-02-26T14:40:21","modified_gmt":"2024-02-26T14:40:21","slug":"enveloppe-camomille-rocalba","status":"publish","type":"product","link":"https:\/\/saiga.es\/fr\/produit\/enveloppe-camomille-rocalba\/","title":{"rendered":"Enveloppe camomille Rocalba."},"content":{"rendered":"<p>Enveloppe camomille Rocalba. Plante herbac\u00e9e, annuelle, d&rsquo;environ 25 cm de haut, \u00e0 feuilles filiformes et capitules fleuris. Les inflorescences s\u00e9ch\u00e9es sont utilis\u00e9es en infusion. Elle poss\u00e8de des propri\u00e9t\u00e9s m\u00e9dicinales reconnues, telles que calmantes, digestives, antirhumatismales, anti-n\u00e9vralgiques, bact\u00e9ricides.<\/p>\n","protected":false},"excerpt":{"rendered":"<p>Enveloppe camomille Rocalba. Plante herbac\u00e9e, annuelle, d&rsquo;environ 25 cm de haut, \u00e0 feuilles filiformes et capitules fleuris. Les inflorescences s\u00e9ch\u00e9es sont utilis\u00e9es en infusion. Elle poss\u00e8de des propri\u00e9t\u00e9s m\u00e9dicinales reconnues, telles que calmantes, digestives, antirhumatismales, anti-n\u00e9vralgiques, bact\u00e9ricides.<\/p>\n","protected":false},"featured_media":8029,"comment_status":"open","ping_status":"closed","template":"","meta":[],"product_brand":[],"product_cat":[455],"product_tag":[972,971,796,963,954],"class_list":{"0":"post-8032","1":"product","2":"type-product","3":"status-publish","4":"has-post-thumbnail","6":"product_cat-aromatique","7":"product_tag-aromatique","8":"product_tag-camomille","9":"product_tag-graines","10":"product_tag-herbe-aromatique","11":"product_tag-rocalba-fr","13":"first","14":"outofstock","15":"taxable","16":"shipping-taxable","17":"purchasable","18":"product-type-simple"},"yoast_head":"<!-- This site is optimized with the Yoast SEO plugin v27.3 - https:\/\/yoast.com\/product\/yoast-seo-wordpress\/ -->\n<title>Enveloppe camomille Rocalba. | SAIGA<\/title>\n<meta name=\"description\" content=\"Enveloppe camomille Rocalba. Plante herbac\u00e9e, annuelle, d&#039;environ 25 cm de haut, \u00e0 feuilles filiformes et capitules fleuris. Les inflorescences s\u00e9ch\u00e9es sont utilis\u00e9es en infusion. Elle poss\u00e8de des propri\u00e9t\u00e9s m\u00e9dicinales reconnues, telles que calmantes, digestives, antirhumatismales, anti-n\u00e9vralgiques, bact\u00e9ricides.\" \/>\n<meta name=\"robots\" content=\"index, follow, max-snippet:-1, max-image-preview:large, max-video-preview:-1\" \/>\n<link rel=\"canonical\" href=\"https:\/\/saiga.es\/fr\/produit\/enveloppe-camomille-rocalba\/\" \/>\n<meta property=\"og:locale\" content=\"fr_FR\" \/>\n<meta property=\"og:type\" content=\"article\" \/>\n<meta property=\"og:title\" content=\"Enveloppe camomille Rocalba. | SAIGA\" \/>\n<meta property=\"og:description\" content=\"Enveloppe camomille Rocalba. Plante herbac\u00e9e, annuelle, d&#039;environ 25 cm de haut, \u00e0 feuilles filiformes et capitules fleuris. Les inflorescences s\u00e9ch\u00e9es sont utilis\u00e9es en infusion. Elle poss\u00e8de des propri\u00e9t\u00e9s m\u00e9dicinales reconnues, telles que calmantes, digestives, antirhumatismales, anti-n\u00e9vralgiques, bact\u00e9ricides.\" \/>\n<meta property=\"og:url\" content=\"https:\/\/saiga.es\/fr\/produit\/enveloppe-camomille-rocalba\/\" \/>\n<meta property=\"og:site_name\" content=\"SAIGA\" \/>\n<meta property=\"og:image\" content=\"https:\/\/saiga.es\/wp-content\/uploads\/2024\/02\/manzanilla.jpg\" \/>\n\t<meta property=\"og:image:width\" content=\"500\" \/>\n\t<meta property=\"og:image:height\" content=\"720\" \/>\n\t<meta property=\"og:image:type\" content=\"image\/jpeg\" \/>\n<meta name=\"twitter:card\" content=\"summary_large_image\" \/>\n<meta name=\"twitter:site\" content=\"@saiga_agro\" \/>\n<script type=\"application\/ld+json\" class=\"yoast-schema-graph\">{\"@context\":\"https:\\\/\\\/schema.org\",\"@graph\":[{\"@type\":\"WebPage\",\"@id\":\"https:\\\/\\\/saiga.es\\\/fr\\\/produit\\\/enveloppe-camomille-rocalba\\\/\",\"url\":\"https:\\\/\\\/saiga.es\\\/fr\\\/produit\\\/enveloppe-camomille-rocalba\\\/\",\"name\":\"Enveloppe camomille Rocalba. | SAIGA\",\"isPartOf\":{\"@id\":\"https:\\\/\\\/saiga.es\\\/fr\\\/#website\"},\"primaryImageOfPage\":{\"@id\":\"https:\\\/\\\/saiga.es\\\/fr\\\/produit\\\/enveloppe-camomille-rocalba\\\/#primaryimage\"},\"image\":{\"@id\":\"https:\\\/\\\/saiga.es\\\/fr\\\/produit\\\/enveloppe-camomille-rocalba\\\/#primaryimage\"},\"thumbnailUrl\":\"https:\\\/\\\/saiga.es\\\/wp-content\\\/uploads\\\/2024\\\/02\\\/manzanilla.jpg\",\"datePublished\":\"2024-02-26T14:40:21+00:00\",\"description\":\"Enveloppe camomille Rocalba. Plante herbac\u00e9e, annuelle, d'environ 25 cm de haut, \u00e0 feuilles filiformes et capitules fleuris. Les inflorescences s\u00e9ch\u00e9es sont utilis\u00e9es en infusion. Elle poss\u00e8de des propri\u00e9t\u00e9s m\u00e9dicinales reconnues, telles que calmantes, digestives, antirhumatismales, anti-n\u00e9vralgiques, bact\u00e9ricides.\",\"breadcrumb\":{\"@id\":\"https:\\\/\\\/saiga.es\\\/fr\\\/produit\\\/enveloppe-camomille-rocalba\\\/#breadcrumb\"},\"inLanguage\":\"fr-FR\",\"potentialAction\":[{\"@type\":\"ReadAction\",\"target\":[\"https:\\\/\\\/saiga.es\\\/fr\\\/produit\\\/enveloppe-camomille-rocalba\\\/\"]}]},{\"@type\":\"ImageObject\",\"inLanguage\":\"fr-FR\",\"@id\":\"https:\\\/\\\/saiga.es\\\/fr\\\/produit\\\/enveloppe-camomille-rocalba\\\/#primaryimage\",\"url\":\"https:\\\/\\\/saiga.es\\\/wp-content\\\/uploads\\\/2024\\\/02\\\/manzanilla.jpg\",\"contentUrl\":\"https:\\\/\\\/saiga.es\\\/wp-content\\\/uploads\\\/2024\\\/02\\\/manzanilla.jpg\",\"width\":500,\"height\":720,\"caption\":\"Enveloppe camomille Rocalba.\"},{\"@type\":\"BreadcrumbList\",\"@id\":\"https:\\\/\\\/saiga.es\\\/fr\\\/produit\\\/enveloppe-camomille-rocalba\\\/#breadcrumb\",\"itemListElement\":[{\"@type\":\"ListItem\",\"position\":1,\"name\":\"Inici\",\"item\":\"https:\\\/\\\/saiga.es\\\/fr\\\/\"},{\"@type\":\"ListItem\",\"position\":2,\"name\":\"boutique\",\"item\":\"https:\\\/\\\/saiga.es\\\/fr\\\/boutique\\\/\"},{\"@type\":\"ListItem\",\"position\":3,\"name\":\"Enveloppe camomille Rocalba.\"}]},{\"@type\":\"WebSite\",\"@id\":\"https:\\\/\\\/saiga.es\\\/fr\\\/#website\",\"url\":\"https:\\\/\\\/saiga.es\\\/fr\\\/\",\"name\":\"SAIGA\",\"description\":\"M\u00e9s de 50 anys al servei de la terra i treballant per a un \u00fas eficient de l\u2019aigua!\",\"publisher\":{\"@id\":\"https:\\\/\\\/saiga.es\\\/fr\\\/#organization\"},\"potentialAction\":[{\"@type\":\"SearchAction\",\"target\":{\"@type\":\"EntryPoint\",\"urlTemplate\":\"https:\\\/\\\/saiga.es\\\/fr\\\/?s={search_term_string}\"},\"query-input\":{\"@type\":\"PropertyValueSpecification\",\"valueRequired\":true,\"valueName\":\"search_term_string\"}}],\"inLanguage\":\"fr-FR\"},{\"@type\":\"Organization\",\"@id\":\"https:\\\/\\\/saiga.es\\\/fr\\\/#organization\",\"name\":\"SAIGA\",\"url\":\"https:\\\/\\\/saiga.es\\\/fr\\\/\",\"logo\":{\"@type\":\"ImageObject\",\"inLanguage\":\"fr-FR\",\"@id\":\"https:\\\/\\\/saiga.es\\\/fr\\\/#\\\/schema\\\/logo\\\/image\\\/\",\"url\":\"https:\\\/\\\/saiga.es\\\/wp-content\\\/uploads\\\/2025\\\/07\\\/logo_saiga_baseline_optimitzat.svg\",\"contentUrl\":\"https:\\\/\\\/saiga.es\\\/wp-content\\\/uploads\\\/2025\\\/07\\\/logo_saiga_baseline_optimitzat.svg\",\"caption\":\"SAIGA\"},\"image\":{\"@id\":\"https:\\\/\\\/saiga.es\\\/fr\\\/#\\\/schema\\\/logo\\\/image\\\/\"},\"sameAs\":[\"https:\\\/\\\/x.com\\\/saiga_agro\",\"https:\\\/\\\/www.instagram.com\\\/saiga_agro\\\/\"]}]}<\/script>\n<!-- \/ Yoast SEO plugin. -->","yoast_head_json":{"title":"Enveloppe camomille Rocalba. | SAIGA","description":"Enveloppe camomille Rocalba. Plante herbac\u00e9e, annuelle, d'environ 25 cm de haut, \u00e0 feuilles filiformes et capitules fleuris. Les inflorescences s\u00e9ch\u00e9es sont utilis\u00e9es en infusion. Elle poss\u00e8de des propri\u00e9t\u00e9s m\u00e9dicinales reconnues, telles que calmantes, digestives, antirhumatismales, anti-n\u00e9vralgiques, bact\u00e9ricides.","robots":{"index":"index","follow":"follow","max-snippet":"max-snippet:-1","max-image-preview":"max-image-preview:large","max-video-preview":"max-video-preview:-1"},"canonical":"https:\/\/saiga.es\/fr\/produit\/enveloppe-camomille-rocalba\/","og_locale":"fr_FR","og_type":"article","og_title":"Enveloppe camomille Rocalba. | SAIGA","og_description":"Enveloppe camomille Rocalba. Plante herbac\u00e9e, annuelle, d'environ 25 cm de haut, \u00e0 feuilles filiformes et capitules fleuris. Les inflorescences s\u00e9ch\u00e9es sont utilis\u00e9es en infusion. Elle poss\u00e8de des propri\u00e9t\u00e9s m\u00e9dicinales reconnues, telles que calmantes, digestives, antirhumatismales, anti-n\u00e9vralgiques, bact\u00e9ricides.","og_url":"https:\/\/saiga.es\/fr\/produit\/enveloppe-camomille-rocalba\/","og_site_name":"SAIGA","og_image":[{"width":500,"height":720,"url":"https:\/\/saiga.es\/wp-content\/uploads\/2024\/02\/manzanilla.jpg","type":"image\/jpeg"}],"twitter_card":"summary_large_image","twitter_site":"@saiga_agro","schema":{"@context":"https:\/\/schema.org","@graph":[{"@type":"WebPage","@id":"https:\/\/saiga.es\/fr\/produit\/enveloppe-camomille-rocalba\/","url":"https:\/\/saiga.es\/fr\/produit\/enveloppe-camomille-rocalba\/","name":"Enveloppe camomille Rocalba. | SAIGA","isPartOf":{"@id":"https:\/\/saiga.es\/fr\/#website"},"primaryImageOfPage":{"@id":"https:\/\/saiga.es\/fr\/produit\/enveloppe-camomille-rocalba\/#primaryimage"},"image":{"@id":"https:\/\/saiga.es\/fr\/produit\/enveloppe-camomille-rocalba\/#primaryimage"},"thumbnailUrl":"https:\/\/saiga.es\/wp-content\/uploads\/2024\/02\/manzanilla.jpg","datePublished":"2024-02-26T14:40:21+00:00","description":"Enveloppe camomille Rocalba. Plante herbac\u00e9e, annuelle, d'environ 25 cm de haut, \u00e0 feuilles filiformes et capitules fleuris. Les inflorescences s\u00e9ch\u00e9es sont utilis\u00e9es en infusion. Elle poss\u00e8de des propri\u00e9t\u00e9s m\u00e9dicinales reconnues, telles que calmantes, digestives, antirhumatismales, anti-n\u00e9vralgiques, bact\u00e9ricides.","breadcrumb":{"@id":"https:\/\/saiga.es\/fr\/produit\/enveloppe-camomille-rocalba\/#breadcrumb"},"inLanguage":"fr-FR","potentialAction":[{"@type":"ReadAction","target":["https:\/\/saiga.es\/fr\/produit\/enveloppe-camomille-rocalba\/"]}]},{"@type":"ImageObject","inLanguage":"fr-FR","@id":"https:\/\/saiga.es\/fr\/produit\/enveloppe-camomille-rocalba\/#primaryimage","url":"https:\/\/saiga.es\/wp-content\/uploads\/2024\/02\/manzanilla.jpg","contentUrl":"https:\/\/saiga.es\/wp-content\/uploads\/2024\/02\/manzanilla.jpg","width":500,"height":720,"caption":"Enveloppe camomille Rocalba."},{"@type":"BreadcrumbList","@id":"https:\/\/saiga.es\/fr\/produit\/enveloppe-camomille-rocalba\/#breadcrumb","itemListElement":[{"@type":"ListItem","position":1,"name":"Inici","item":"https:\/\/saiga.es\/fr\/"},{"@type":"ListItem","position":2,"name":"boutique","item":"https:\/\/saiga.es\/fr\/boutique\/"},{"@type":"ListItem","position":3,"name":"Enveloppe camomille Rocalba."}]},{"@type":"WebSite","@id":"https:\/\/saiga.es\/fr\/#website","url":"https:\/\/saiga.es\/fr\/","name":"SAIGA","description":"M\u00e9s de 50 anys al servei de la terra i treballant per a un \u00fas eficient de l\u2019aigua!","publisher":{"@id":"https:\/\/saiga.es\/fr\/#organization"},"potentialAction":[{"@type":"SearchAction","target":{"@type":"EntryPoint","urlTemplate":"https:\/\/saiga.es\/fr\/?s={search_term_string}"},"query-input":{"@type":"PropertyValueSpecification","valueRequired":true,"valueName":"search_term_string"}}],"inLanguage":"fr-FR"},{"@type":"Organization","@id":"https:\/\/saiga.es\/fr\/#organization","name":"SAIGA","url":"https:\/\/saiga.es\/fr\/","logo":{"@type":"ImageObject","inLanguage":"fr-FR","@id":"https:\/\/saiga.es\/fr\/#\/schema\/logo\/image\/","url":"https:\/\/saiga.es\/wp-content\/uploads\/2025\/07\/logo_saiga_baseline_optimitzat.svg","contentUrl":"https:\/\/saiga.es\/wp-content\/uploads\/2025\/07\/logo_saiga_baseline_optimitzat.svg","caption":"SAIGA"},"image":{"@id":"https:\/\/saiga.es\/fr\/#\/schema\/logo\/image\/"},"sameAs":["https:\/\/x.com\/saiga_agro","https:\/\/www.instagram.com\/saiga_agro\/"]}]}},"_links":{"self":[{"href":"https:\/\/saiga.es\/fr\/wp-json\/wp\/v2\/product\/8032","targetHints":{"allow":["GET"]}}],"collection":[{"href":"https:\/\/saiga.es\/fr\/wp-json\/wp\/v2\/product"}],"about":[{"href":"https:\/\/saiga.es\/fr\/wp-json\/wp\/v2\/types\/product"}],"replies":[{"embeddable":true,"href":"https:\/\/saiga.es\/fr\/wp-json\/wp\/v2\/comments?post=8032"}],"wp:featuredmedia":[{"embeddable":true,"href":"https:\/\/saiga.es\/fr\/wp-json\/wp\/v2\/media\/8029"}],"wp:attachment":[{"href":"https:\/\/saiga.es\/fr\/wp-json\/wp\/v2\/media?parent=8032"}],"wp:term":[{"taxonomy":"product_brand","embeddable":true,"href":"https:\/\/saiga.es\/fr\/wp-json\/wp\/v2\/product_brand?post=8032"},{"taxonomy":"product_cat","embeddable":true,"href":"https:\/\/saiga.es\/fr\/wp-json\/wp\/v2\/product_cat?post=8032"},{"taxonomy":"product_tag","embeddable":true,"href":"https:\/\/saiga.es\/fr\/wp-json\/wp\/v2\/product_tag?post=8032"}],"curies":[{"name":"wp","href":"https:\/\/api.w.org\/{rel}","templated":true}]}}