{"id":8047,"date":"2024-02-27T07:42:59","date_gmt":"2024-02-27T07:42:59","guid":{"rendered":"https:\/\/botiga.saiga.es\/producte\/enveloppe-fenouil-de-rocalba\/"},"modified":"2024-02-27T07:42:59","modified_gmt":"2024-02-27T07:42:59","slug":"enveloppe-fenouil-de-rocalba","status":"publish","type":"product","link":"https:\/\/saiga.es\/fr\/produit\/enveloppe-fenouil-de-rocalba\/","title":{"rendered":"Enveloppe fenouil de Rocalba."},"content":{"rendered":"<p>Enveloppe fenouil de Rocalba. Plante d&rsquo;environ 50 cm de hauteur aux feuilles finement divis\u00e9es dont les p\u00e9tioles s&rsquo;\u00e9paississent et se chevauchent pour former un bulbe tendre et aromatique qui est utilis\u00e9 dans les salades et la plante enti\u00e8re comme condiment.<\/p>\n","protected":false},"excerpt":{"rendered":"<p>Enveloppe fenouil de Rocalba. Plante d&rsquo;environ 50 cm de hauteur aux feuilles finement divis\u00e9es dont les p\u00e9tioles s&rsquo;\u00e9paississent et se chevauchent pour former un bulbe tendre et aromatique qui est utilis\u00e9 dans les salades et la plante enti\u00e8re comme condiment.<\/p>\n","protected":false},"featured_media":8045,"comment_status":"open","ping_status":"closed","template":"","meta":[],"product_brand":[],"product_cat":[455],"product_tag":[984,986,796,985],"class_list":{"0":"post-8047","1":"product","2":"type-product","3":"status-publish","4":"has-post-thumbnail","6":"product_cat-aromatique","7":"product_tag-fenouil","8":"product_tag-fenouil-rocalba","9":"product_tag-graines","10":"product_tag-grains-rocalba","12":"first","13":"instock","14":"taxable","15":"shipping-taxable","16":"purchasable","17":"product-type-simple"},"yoast_head":"<!-- This site is optimized with the Yoast SEO plugin v27.3 - https:\/\/yoast.com\/product\/yoast-seo-wordpress\/ -->\n<title>Enveloppe fenouil de Rocalba. | SAIGA<\/title>\n<meta name=\"description\" content=\"Enveloppe fenouil de Rocalba. Plante d&#039;environ 50 cm de hauteur aux feuilles finement divis\u00e9es dont les p\u00e9tioles s&#039;\u00e9paississent et se chevauchent pour former un bulbe tendre et aromatique qui est utilis\u00e9 dans les salades et la plante enti\u00e8re comme condiment.\" \/>\n<meta name=\"robots\" content=\"index, follow, max-snippet:-1, max-image-preview:large, max-video-preview:-1\" \/>\n<link rel=\"canonical\" href=\"https:\/\/saiga.es\/fr\/produit\/enveloppe-fenouil-de-rocalba\/\" \/>\n<meta property=\"og:locale\" content=\"fr_FR\" \/>\n<meta property=\"og:type\" content=\"article\" \/>\n<meta property=\"og:title\" content=\"Enveloppe fenouil de Rocalba. | SAIGA\" \/>\n<meta property=\"og:description\" content=\"Enveloppe fenouil de Rocalba. Plante d&#039;environ 50 cm de hauteur aux feuilles finement divis\u00e9es dont les p\u00e9tioles s&#039;\u00e9paississent et se chevauchent pour former un bulbe tendre et aromatique qui est utilis\u00e9 dans les salades et la plante enti\u00e8re comme condiment.\" \/>\n<meta property=\"og:url\" content=\"https:\/\/saiga.es\/fr\/produit\/enveloppe-fenouil-de-rocalba\/\" \/>\n<meta property=\"og:site_name\" content=\"SAIGA\" \/>\n<meta property=\"og:image\" content=\"https:\/\/saiga.es\/wp-content\/uploads\/2024\/02\/Fonoll.jpg\" \/>\n\t<meta property=\"og:image:width\" content=\"500\" \/>\n\t<meta property=\"og:image:height\" content=\"720\" \/>\n\t<meta property=\"og:image:type\" content=\"image\/jpeg\" \/>\n<meta name=\"twitter:card\" content=\"summary_large_image\" \/>\n<meta name=\"twitter:site\" content=\"@saiga_agro\" \/>\n<script type=\"application\/ld+json\" class=\"yoast-schema-graph\">{\"@context\":\"https:\\\/\\\/schema.org\",\"@graph\":[{\"@type\":\"WebPage\",\"@id\":\"https:\\\/\\\/saiga.es\\\/fr\\\/produit\\\/enveloppe-fenouil-de-rocalba\\\/\",\"url\":\"https:\\\/\\\/saiga.es\\\/fr\\\/produit\\\/enveloppe-fenouil-de-rocalba\\\/\",\"name\":\"Enveloppe fenouil de Rocalba. | SAIGA\",\"isPartOf\":{\"@id\":\"https:\\\/\\\/saiga.es\\\/fr\\\/#website\"},\"primaryImageOfPage\":{\"@id\":\"https:\\\/\\\/saiga.es\\\/fr\\\/produit\\\/enveloppe-fenouil-de-rocalba\\\/#primaryimage\"},\"image\":{\"@id\":\"https:\\\/\\\/saiga.es\\\/fr\\\/produit\\\/enveloppe-fenouil-de-rocalba\\\/#primaryimage\"},\"thumbnailUrl\":\"https:\\\/\\\/saiga.es\\\/wp-content\\\/uploads\\\/2024\\\/02\\\/Fonoll.jpg\",\"datePublished\":\"2024-02-27T07:42:59+00:00\",\"description\":\"Enveloppe fenouil de Rocalba. Plante d'environ 50 cm de hauteur aux feuilles finement divis\u00e9es dont les p\u00e9tioles s'\u00e9paississent et se chevauchent pour former un bulbe tendre et aromatique qui est utilis\u00e9 dans les salades et la plante enti\u00e8re comme condiment.\",\"breadcrumb\":{\"@id\":\"https:\\\/\\\/saiga.es\\\/fr\\\/produit\\\/enveloppe-fenouil-de-rocalba\\\/#breadcrumb\"},\"inLanguage\":\"fr-FR\",\"potentialAction\":[{\"@type\":\"ReadAction\",\"target\":[\"https:\\\/\\\/saiga.es\\\/fr\\\/produit\\\/enveloppe-fenouil-de-rocalba\\\/\"]}]},{\"@type\":\"ImageObject\",\"inLanguage\":\"fr-FR\",\"@id\":\"https:\\\/\\\/saiga.es\\\/fr\\\/produit\\\/enveloppe-fenouil-de-rocalba\\\/#primaryimage\",\"url\":\"https:\\\/\\\/saiga.es\\\/wp-content\\\/uploads\\\/2024\\\/02\\\/Fonoll.jpg\",\"contentUrl\":\"https:\\\/\\\/saiga.es\\\/wp-content\\\/uploads\\\/2024\\\/02\\\/Fonoll.jpg\",\"width\":500,\"height\":720,\"caption\":\"Enveloppe fenouil de Rocalba.\"},{\"@type\":\"BreadcrumbList\",\"@id\":\"https:\\\/\\\/saiga.es\\\/fr\\\/produit\\\/enveloppe-fenouil-de-rocalba\\\/#breadcrumb\",\"itemListElement\":[{\"@type\":\"ListItem\",\"position\":1,\"name\":\"Inici\",\"item\":\"https:\\\/\\\/saiga.es\\\/fr\\\/\"},{\"@type\":\"ListItem\",\"position\":2,\"name\":\"boutique\",\"item\":\"https:\\\/\\\/saiga.es\\\/fr\\\/boutique\\\/\"},{\"@type\":\"ListItem\",\"position\":3,\"name\":\"Enveloppe fenouil de Rocalba.\"}]},{\"@type\":\"WebSite\",\"@id\":\"https:\\\/\\\/saiga.es\\\/fr\\\/#website\",\"url\":\"https:\\\/\\\/saiga.es\\\/fr\\\/\",\"name\":\"SAIGA\",\"description\":\"M\u00e9s de 50 anys al servei de la terra i treballant per a un \u00fas eficient de l\u2019aigua!\",\"publisher\":{\"@id\":\"https:\\\/\\\/saiga.es\\\/fr\\\/#organization\"},\"potentialAction\":[{\"@type\":\"SearchAction\",\"target\":{\"@type\":\"EntryPoint\",\"urlTemplate\":\"https:\\\/\\\/saiga.es\\\/fr\\\/?s={search_term_string}\"},\"query-input\":{\"@type\":\"PropertyValueSpecification\",\"valueRequired\":true,\"valueName\":\"search_term_string\"}}],\"inLanguage\":\"fr-FR\"},{\"@type\":\"Organization\",\"@id\":\"https:\\\/\\\/saiga.es\\\/fr\\\/#organization\",\"name\":\"SAIGA\",\"url\":\"https:\\\/\\\/saiga.es\\\/fr\\\/\",\"logo\":{\"@type\":\"ImageObject\",\"inLanguage\":\"fr-FR\",\"@id\":\"https:\\\/\\\/saiga.es\\\/fr\\\/#\\\/schema\\\/logo\\\/image\\\/\",\"url\":\"https:\\\/\\\/saiga.es\\\/wp-content\\\/uploads\\\/2025\\\/07\\\/logo_saiga_baseline_optimitzat.svg\",\"contentUrl\":\"https:\\\/\\\/saiga.es\\\/wp-content\\\/uploads\\\/2025\\\/07\\\/logo_saiga_baseline_optimitzat.svg\",\"caption\":\"SAIGA\"},\"image\":{\"@id\":\"https:\\\/\\\/saiga.es\\\/fr\\\/#\\\/schema\\\/logo\\\/image\\\/\"},\"sameAs\":[\"https:\\\/\\\/x.com\\\/saiga_agro\",\"https:\\\/\\\/www.instagram.com\\\/saiga_agro\\\/\"]}]}<\/script>\n<!-- \/ Yoast SEO plugin. -->","yoast_head_json":{"title":"Enveloppe fenouil de Rocalba. | SAIGA","description":"Enveloppe fenouil de Rocalba. Plante d'environ 50 cm de hauteur aux feuilles finement divis\u00e9es dont les p\u00e9tioles s'\u00e9paississent et se chevauchent pour former un bulbe tendre et aromatique qui est utilis\u00e9 dans les salades et la plante enti\u00e8re comme condiment.","robots":{"index":"index","follow":"follow","max-snippet":"max-snippet:-1","max-image-preview":"max-image-preview:large","max-video-preview":"max-video-preview:-1"},"canonical":"https:\/\/saiga.es\/fr\/produit\/enveloppe-fenouil-de-rocalba\/","og_locale":"fr_FR","og_type":"article","og_title":"Enveloppe fenouil de Rocalba. | SAIGA","og_description":"Enveloppe fenouil de Rocalba. Plante d'environ 50 cm de hauteur aux feuilles finement divis\u00e9es dont les p\u00e9tioles s'\u00e9paississent et se chevauchent pour former un bulbe tendre et aromatique qui est utilis\u00e9 dans les salades et la plante enti\u00e8re comme condiment.","og_url":"https:\/\/saiga.es\/fr\/produit\/enveloppe-fenouil-de-rocalba\/","og_site_name":"SAIGA","og_image":[{"width":500,"height":720,"url":"https:\/\/saiga.es\/wp-content\/uploads\/2024\/02\/Fonoll.jpg","type":"image\/jpeg"}],"twitter_card":"summary_large_image","twitter_site":"@saiga_agro","schema":{"@context":"https:\/\/schema.org","@graph":[{"@type":"WebPage","@id":"https:\/\/saiga.es\/fr\/produit\/enveloppe-fenouil-de-rocalba\/","url":"https:\/\/saiga.es\/fr\/produit\/enveloppe-fenouil-de-rocalba\/","name":"Enveloppe fenouil de Rocalba. | SAIGA","isPartOf":{"@id":"https:\/\/saiga.es\/fr\/#website"},"primaryImageOfPage":{"@id":"https:\/\/saiga.es\/fr\/produit\/enveloppe-fenouil-de-rocalba\/#primaryimage"},"image":{"@id":"https:\/\/saiga.es\/fr\/produit\/enveloppe-fenouil-de-rocalba\/#primaryimage"},"thumbnailUrl":"https:\/\/saiga.es\/wp-content\/uploads\/2024\/02\/Fonoll.jpg","datePublished":"2024-02-27T07:42:59+00:00","description":"Enveloppe fenouil de Rocalba. Plante d'environ 50 cm de hauteur aux feuilles finement divis\u00e9es dont les p\u00e9tioles s'\u00e9paississent et se chevauchent pour former un bulbe tendre et aromatique qui est utilis\u00e9 dans les salades et la plante enti\u00e8re comme condiment.","breadcrumb":{"@id":"https:\/\/saiga.es\/fr\/produit\/enveloppe-fenouil-de-rocalba\/#breadcrumb"},"inLanguage":"fr-FR","potentialAction":[{"@type":"ReadAction","target":["https:\/\/saiga.es\/fr\/produit\/enveloppe-fenouil-de-rocalba\/"]}]},{"@type":"ImageObject","inLanguage":"fr-FR","@id":"https:\/\/saiga.es\/fr\/produit\/enveloppe-fenouil-de-rocalba\/#primaryimage","url":"https:\/\/saiga.es\/wp-content\/uploads\/2024\/02\/Fonoll.jpg","contentUrl":"https:\/\/saiga.es\/wp-content\/uploads\/2024\/02\/Fonoll.jpg","width":500,"height":720,"caption":"Enveloppe fenouil de Rocalba."},{"@type":"BreadcrumbList","@id":"https:\/\/saiga.es\/fr\/produit\/enveloppe-fenouil-de-rocalba\/#breadcrumb","itemListElement":[{"@type":"ListItem","position":1,"name":"Inici","item":"https:\/\/saiga.es\/fr\/"},{"@type":"ListItem","position":2,"name":"boutique","item":"https:\/\/saiga.es\/fr\/boutique\/"},{"@type":"ListItem","position":3,"name":"Enveloppe fenouil de Rocalba."}]},{"@type":"WebSite","@id":"https:\/\/saiga.es\/fr\/#website","url":"https:\/\/saiga.es\/fr\/","name":"SAIGA","description":"M\u00e9s de 50 anys al servei de la terra i treballant per a un \u00fas eficient de l\u2019aigua!","publisher":{"@id":"https:\/\/saiga.es\/fr\/#organization"},"potentialAction":[{"@type":"SearchAction","target":{"@type":"EntryPoint","urlTemplate":"https:\/\/saiga.es\/fr\/?s={search_term_string}"},"query-input":{"@type":"PropertyValueSpecification","valueRequired":true,"valueName":"search_term_string"}}],"inLanguage":"fr-FR"},{"@type":"Organization","@id":"https:\/\/saiga.es\/fr\/#organization","name":"SAIGA","url":"https:\/\/saiga.es\/fr\/","logo":{"@type":"ImageObject","inLanguage":"fr-FR","@id":"https:\/\/saiga.es\/fr\/#\/schema\/logo\/image\/","url":"https:\/\/saiga.es\/wp-content\/uploads\/2025\/07\/logo_saiga_baseline_optimitzat.svg","contentUrl":"https:\/\/saiga.es\/wp-content\/uploads\/2025\/07\/logo_saiga_baseline_optimitzat.svg","caption":"SAIGA"},"image":{"@id":"https:\/\/saiga.es\/fr\/#\/schema\/logo\/image\/"},"sameAs":["https:\/\/x.com\/saiga_agro","https:\/\/www.instagram.com\/saiga_agro\/"]}]}},"_links":{"self":[{"href":"https:\/\/saiga.es\/fr\/wp-json\/wp\/v2\/product\/8047","targetHints":{"allow":["GET"]}}],"collection":[{"href":"https:\/\/saiga.es\/fr\/wp-json\/wp\/v2\/product"}],"about":[{"href":"https:\/\/saiga.es\/fr\/wp-json\/wp\/v2\/types\/product"}],"replies":[{"embeddable":true,"href":"https:\/\/saiga.es\/fr\/wp-json\/wp\/v2\/comments?post=8047"}],"wp:featuredmedia":[{"embeddable":true,"href":"https:\/\/saiga.es\/fr\/wp-json\/wp\/v2\/media\/8045"}],"wp:attachment":[{"href":"https:\/\/saiga.es\/fr\/wp-json\/wp\/v2\/media?parent=8047"}],"wp:term":[{"taxonomy":"product_brand","embeddable":true,"href":"https:\/\/saiga.es\/fr\/wp-json\/wp\/v2\/product_brand?post=8047"},{"taxonomy":"product_cat","embeddable":true,"href":"https:\/\/saiga.es\/fr\/wp-json\/wp\/v2\/product_cat?post=8047"},{"taxonomy":"product_tag","embeddable":true,"href":"https:\/\/saiga.es\/fr\/wp-json\/wp\/v2\/product_tag?post=8047"}],"curies":[{"name":"wp","href":"https:\/\/api.w.org\/{rel}","templated":true}]}}