{"id":8058,"date":"2024-02-27T08:06:31","date_gmt":"2024-02-27T08:06:31","guid":{"rendered":"https:\/\/botiga.saiga.es\/producte\/oignon-violet-de-rocalba\/"},"modified":"2024-02-27T08:06:31","modified_gmt":"2024-02-27T08:06:31","slug":"oignon-violet-de-rocalba","status":"publish","type":"product","link":"https:\/\/saiga.es\/fr\/produit\/oignon-violet-de-rocalba\/","title":{"rendered":"Oignon violet de Rocalba"},"content":{"rendered":"<p>Oignon violet de Rocalba. Vari\u00e9t\u00e9 de journ\u00e9e longue. Il produit de gros bulbes globuleux, l\u00e9g\u00e8rement pointus vers le cou, avec une peau ext\u00e9rieure rouge pourpre et une chair violette. Excellente aptitude \u00e0 la conservation.<\/p>\n","protected":false},"excerpt":{"rendered":"<p>Oignon violet de Rocalba. Vari\u00e9t\u00e9 de journ\u00e9e longue. Il produit de gros bulbes globuleux, l\u00e9g\u00e8rement pointus vers le cou, avec une peau ext\u00e9rieure rouge pourpre et une chair violette. Excellente aptitude \u00e0 la conservation.<\/p>\n","protected":false},"featured_media":8056,"comment_status":"closed","ping_status":"closed","template":"","meta":[],"product_brand":[],"product_cat":[458],"product_tag":[995,994,996,997],"class_list":{"0":"post-8058","1":"product","2":"type-product","3":"status-publish","4":"has-post-thumbnail","6":"product_cat-horticole","7":"product_tag-grains-oignon","8":"product_tag-oignon","9":"product_tag-oignon-de-figueres","10":"product_tag-oignon-violet","12":"first","13":"instock","14":"taxable","15":"shipping-taxable","16":"purchasable","17":"product-type-simple"},"yoast_head":"<!-- This site is optimized with the Yoast SEO plugin v27.3 - https:\/\/yoast.com\/product\/yoast-seo-wordpress\/ -->\n<title>Oignon violet de Rocalba | SAIGA<\/title>\n<meta name=\"description\" content=\"Oignon violet de Rocalba. Vari\u00e9t\u00e9 de journ\u00e9e longue. Il produit de gros bulbes globuleux, l\u00e9g\u00e8rement pointus vers le cou, avec une peau ext\u00e9rieure rouge pourpre et une chair violette. Excellente aptitude \u00e0 la conservation.\" \/>\n<meta name=\"robots\" content=\"index, follow, max-snippet:-1, max-image-preview:large, max-video-preview:-1\" \/>\n<link rel=\"canonical\" href=\"https:\/\/saiga.es\/fr\/produit\/oignon-violet-de-rocalba\/\" \/>\n<meta property=\"og:locale\" content=\"fr_FR\" \/>\n<meta property=\"og:type\" content=\"article\" \/>\n<meta property=\"og:title\" content=\"Oignon violet de Rocalba | SAIGA\" \/>\n<meta property=\"og:description\" content=\"Oignon violet de Rocalba. Vari\u00e9t\u00e9 de journ\u00e9e longue. Il produit de gros bulbes globuleux, l\u00e9g\u00e8rement pointus vers le cou, avec une peau ext\u00e9rieure rouge pourpre et une chair violette. Excellente aptitude \u00e0 la conservation.\" \/>\n<meta property=\"og:url\" content=\"https:\/\/saiga.es\/fr\/produit\/oignon-violet-de-rocalba\/\" \/>\n<meta property=\"og:site_name\" content=\"SAIGA\" \/>\n<meta property=\"og:image\" content=\"https:\/\/saiga.es\/wp-content\/uploads\/2024\/02\/cebolla-morada-de-amposta.jpg\" \/>\n\t<meta property=\"og:image:width\" content=\"500\" \/>\n\t<meta property=\"og:image:height\" content=\"720\" \/>\n\t<meta property=\"og:image:type\" content=\"image\/jpeg\" \/>\n<meta name=\"twitter:card\" content=\"summary_large_image\" \/>\n<meta name=\"twitter:site\" content=\"@saiga_agro\" \/>\n<script type=\"application\/ld+json\" class=\"yoast-schema-graph\">{\"@context\":\"https:\\\/\\\/schema.org\",\"@graph\":[{\"@type\":\"WebPage\",\"@id\":\"https:\\\/\\\/saiga.es\\\/fr\\\/produit\\\/oignon-violet-de-rocalba\\\/\",\"url\":\"https:\\\/\\\/saiga.es\\\/fr\\\/produit\\\/oignon-violet-de-rocalba\\\/\",\"name\":\"Oignon violet de Rocalba | SAIGA\",\"isPartOf\":{\"@id\":\"https:\\\/\\\/saiga.es\\\/fr\\\/#website\"},\"primaryImageOfPage\":{\"@id\":\"https:\\\/\\\/saiga.es\\\/fr\\\/produit\\\/oignon-violet-de-rocalba\\\/#primaryimage\"},\"image\":{\"@id\":\"https:\\\/\\\/saiga.es\\\/fr\\\/produit\\\/oignon-violet-de-rocalba\\\/#primaryimage\"},\"thumbnailUrl\":\"https:\\\/\\\/saiga.es\\\/wp-content\\\/uploads\\\/2024\\\/02\\\/cebolla-morada-de-amposta.jpg\",\"datePublished\":\"2024-02-27T08:06:31+00:00\",\"description\":\"Oignon violet de Rocalba. Vari\u00e9t\u00e9 de journ\u00e9e longue. Il produit de gros bulbes globuleux, l\u00e9g\u00e8rement pointus vers le cou, avec une peau ext\u00e9rieure rouge pourpre et une chair violette. Excellente aptitude \u00e0 la conservation.\",\"breadcrumb\":{\"@id\":\"https:\\\/\\\/saiga.es\\\/fr\\\/produit\\\/oignon-violet-de-rocalba\\\/#breadcrumb\"},\"inLanguage\":\"fr-FR\",\"potentialAction\":[{\"@type\":\"ReadAction\",\"target\":[\"https:\\\/\\\/saiga.es\\\/fr\\\/produit\\\/oignon-violet-de-rocalba\\\/\"]}]},{\"@type\":\"ImageObject\",\"inLanguage\":\"fr-FR\",\"@id\":\"https:\\\/\\\/saiga.es\\\/fr\\\/produit\\\/oignon-violet-de-rocalba\\\/#primaryimage\",\"url\":\"https:\\\/\\\/saiga.es\\\/wp-content\\\/uploads\\\/2024\\\/02\\\/cebolla-morada-de-amposta.jpg\",\"contentUrl\":\"https:\\\/\\\/saiga.es\\\/wp-content\\\/uploads\\\/2024\\\/02\\\/cebolla-morada-de-amposta.jpg\",\"width\":500,\"height\":720,\"caption\":\"Oignon violet\"},{\"@type\":\"BreadcrumbList\",\"@id\":\"https:\\\/\\\/saiga.es\\\/fr\\\/produit\\\/oignon-violet-de-rocalba\\\/#breadcrumb\",\"itemListElement\":[{\"@type\":\"ListItem\",\"position\":1,\"name\":\"Inici\",\"item\":\"https:\\\/\\\/saiga.es\\\/fr\\\/\"},{\"@type\":\"ListItem\",\"position\":2,\"name\":\"boutique\",\"item\":\"https:\\\/\\\/saiga.es\\\/fr\\\/boutique\\\/\"},{\"@type\":\"ListItem\",\"position\":3,\"name\":\"Oignon violet de Rocalba\"}]},{\"@type\":\"WebSite\",\"@id\":\"https:\\\/\\\/saiga.es\\\/fr\\\/#website\",\"url\":\"https:\\\/\\\/saiga.es\\\/fr\\\/\",\"name\":\"SAIGA\",\"description\":\"M\u00e9s de 50 anys al servei de la terra i treballant per a un \u00fas eficient de l\u2019aigua!\",\"publisher\":{\"@id\":\"https:\\\/\\\/saiga.es\\\/fr\\\/#organization\"},\"potentialAction\":[{\"@type\":\"SearchAction\",\"target\":{\"@type\":\"EntryPoint\",\"urlTemplate\":\"https:\\\/\\\/saiga.es\\\/fr\\\/?s={search_term_string}\"},\"query-input\":{\"@type\":\"PropertyValueSpecification\",\"valueRequired\":true,\"valueName\":\"search_term_string\"}}],\"inLanguage\":\"fr-FR\"},{\"@type\":\"Organization\",\"@id\":\"https:\\\/\\\/saiga.es\\\/fr\\\/#organization\",\"name\":\"SAIGA\",\"url\":\"https:\\\/\\\/saiga.es\\\/fr\\\/\",\"logo\":{\"@type\":\"ImageObject\",\"inLanguage\":\"fr-FR\",\"@id\":\"https:\\\/\\\/saiga.es\\\/fr\\\/#\\\/schema\\\/logo\\\/image\\\/\",\"url\":\"https:\\\/\\\/saiga.es\\\/wp-content\\\/uploads\\\/2025\\\/07\\\/logo_saiga_baseline_optimitzat.svg\",\"contentUrl\":\"https:\\\/\\\/saiga.es\\\/wp-content\\\/uploads\\\/2025\\\/07\\\/logo_saiga_baseline_optimitzat.svg\",\"caption\":\"SAIGA\"},\"image\":{\"@id\":\"https:\\\/\\\/saiga.es\\\/fr\\\/#\\\/schema\\\/logo\\\/image\\\/\"},\"sameAs\":[\"https:\\\/\\\/x.com\\\/saiga_agro\",\"https:\\\/\\\/www.instagram.com\\\/saiga_agro\\\/\"]}]}<\/script>\n<!-- \/ Yoast SEO plugin. -->","yoast_head_json":{"title":"Oignon violet de Rocalba | SAIGA","description":"Oignon violet de Rocalba. Vari\u00e9t\u00e9 de journ\u00e9e longue. Il produit de gros bulbes globuleux, l\u00e9g\u00e8rement pointus vers le cou, avec une peau ext\u00e9rieure rouge pourpre et une chair violette. Excellente aptitude \u00e0 la conservation.","robots":{"index":"index","follow":"follow","max-snippet":"max-snippet:-1","max-image-preview":"max-image-preview:large","max-video-preview":"max-video-preview:-1"},"canonical":"https:\/\/saiga.es\/fr\/produit\/oignon-violet-de-rocalba\/","og_locale":"fr_FR","og_type":"article","og_title":"Oignon violet de Rocalba | SAIGA","og_description":"Oignon violet de Rocalba. Vari\u00e9t\u00e9 de journ\u00e9e longue. Il produit de gros bulbes globuleux, l\u00e9g\u00e8rement pointus vers le cou, avec une peau ext\u00e9rieure rouge pourpre et une chair violette. Excellente aptitude \u00e0 la conservation.","og_url":"https:\/\/saiga.es\/fr\/produit\/oignon-violet-de-rocalba\/","og_site_name":"SAIGA","og_image":[{"width":500,"height":720,"url":"https:\/\/saiga.es\/wp-content\/uploads\/2024\/02\/cebolla-morada-de-amposta.jpg","type":"image\/jpeg"}],"twitter_card":"summary_large_image","twitter_site":"@saiga_agro","schema":{"@context":"https:\/\/schema.org","@graph":[{"@type":"WebPage","@id":"https:\/\/saiga.es\/fr\/produit\/oignon-violet-de-rocalba\/","url":"https:\/\/saiga.es\/fr\/produit\/oignon-violet-de-rocalba\/","name":"Oignon violet de Rocalba | SAIGA","isPartOf":{"@id":"https:\/\/saiga.es\/fr\/#website"},"primaryImageOfPage":{"@id":"https:\/\/saiga.es\/fr\/produit\/oignon-violet-de-rocalba\/#primaryimage"},"image":{"@id":"https:\/\/saiga.es\/fr\/produit\/oignon-violet-de-rocalba\/#primaryimage"},"thumbnailUrl":"https:\/\/saiga.es\/wp-content\/uploads\/2024\/02\/cebolla-morada-de-amposta.jpg","datePublished":"2024-02-27T08:06:31+00:00","description":"Oignon violet de Rocalba. Vari\u00e9t\u00e9 de journ\u00e9e longue. Il produit de gros bulbes globuleux, l\u00e9g\u00e8rement pointus vers le cou, avec une peau ext\u00e9rieure rouge pourpre et une chair violette. Excellente aptitude \u00e0 la conservation.","breadcrumb":{"@id":"https:\/\/saiga.es\/fr\/produit\/oignon-violet-de-rocalba\/#breadcrumb"},"inLanguage":"fr-FR","potentialAction":[{"@type":"ReadAction","target":["https:\/\/saiga.es\/fr\/produit\/oignon-violet-de-rocalba\/"]}]},{"@type":"ImageObject","inLanguage":"fr-FR","@id":"https:\/\/saiga.es\/fr\/produit\/oignon-violet-de-rocalba\/#primaryimage","url":"https:\/\/saiga.es\/wp-content\/uploads\/2024\/02\/cebolla-morada-de-amposta.jpg","contentUrl":"https:\/\/saiga.es\/wp-content\/uploads\/2024\/02\/cebolla-morada-de-amposta.jpg","width":500,"height":720,"caption":"Oignon violet"},{"@type":"BreadcrumbList","@id":"https:\/\/saiga.es\/fr\/produit\/oignon-violet-de-rocalba\/#breadcrumb","itemListElement":[{"@type":"ListItem","position":1,"name":"Inici","item":"https:\/\/saiga.es\/fr\/"},{"@type":"ListItem","position":2,"name":"boutique","item":"https:\/\/saiga.es\/fr\/boutique\/"},{"@type":"ListItem","position":3,"name":"Oignon violet de Rocalba"}]},{"@type":"WebSite","@id":"https:\/\/saiga.es\/fr\/#website","url":"https:\/\/saiga.es\/fr\/","name":"SAIGA","description":"M\u00e9s de 50 anys al servei de la terra i treballant per a un \u00fas eficient de l\u2019aigua!","publisher":{"@id":"https:\/\/saiga.es\/fr\/#organization"},"potentialAction":[{"@type":"SearchAction","target":{"@type":"EntryPoint","urlTemplate":"https:\/\/saiga.es\/fr\/?s={search_term_string}"},"query-input":{"@type":"PropertyValueSpecification","valueRequired":true,"valueName":"search_term_string"}}],"inLanguage":"fr-FR"},{"@type":"Organization","@id":"https:\/\/saiga.es\/fr\/#organization","name":"SAIGA","url":"https:\/\/saiga.es\/fr\/","logo":{"@type":"ImageObject","inLanguage":"fr-FR","@id":"https:\/\/saiga.es\/fr\/#\/schema\/logo\/image\/","url":"https:\/\/saiga.es\/wp-content\/uploads\/2025\/07\/logo_saiga_baseline_optimitzat.svg","contentUrl":"https:\/\/saiga.es\/wp-content\/uploads\/2025\/07\/logo_saiga_baseline_optimitzat.svg","caption":"SAIGA"},"image":{"@id":"https:\/\/saiga.es\/fr\/#\/schema\/logo\/image\/"},"sameAs":["https:\/\/x.com\/saiga_agro","https:\/\/www.instagram.com\/saiga_agro\/"]}]}},"_links":{"self":[{"href":"https:\/\/saiga.es\/fr\/wp-json\/wp\/v2\/product\/8058","targetHints":{"allow":["GET"]}}],"collection":[{"href":"https:\/\/saiga.es\/fr\/wp-json\/wp\/v2\/product"}],"about":[{"href":"https:\/\/saiga.es\/fr\/wp-json\/wp\/v2\/types\/product"}],"replies":[{"embeddable":true,"href":"https:\/\/saiga.es\/fr\/wp-json\/wp\/v2\/comments?post=8058"}],"wp:featuredmedia":[{"embeddable":true,"href":"https:\/\/saiga.es\/fr\/wp-json\/wp\/v2\/media\/8056"}],"wp:attachment":[{"href":"https:\/\/saiga.es\/fr\/wp-json\/wp\/v2\/media?parent=8058"}],"wp:term":[{"taxonomy":"product_brand","embeddable":true,"href":"https:\/\/saiga.es\/fr\/wp-json\/wp\/v2\/product_brand?post=8058"},{"taxonomy":"product_cat","embeddable":true,"href":"https:\/\/saiga.es\/fr\/wp-json\/wp\/v2\/product_cat?post=8058"},{"taxonomy":"product_tag","embeddable":true,"href":"https:\/\/saiga.es\/fr\/wp-json\/wp\/v2\/product_tag?post=8058"}],"curies":[{"name":"wp","href":"https:\/\/api.w.org\/{rel}","templated":true}]}}