{"id":8075,"date":"2024-02-27T08:41:21","date_gmt":"2024-02-27T08:41:21","guid":{"rendered":"https:\/\/botiga.saiga.es\/producte\/citrouille-luffa-rocalba\/"},"modified":"2024-02-27T08:41:21","modified_gmt":"2024-02-27T08:41:21","slug":"citrouille-luffa-rocalba","status":"publish","type":"product","link":"https:\/\/saiga.es\/fr\/produit\/citrouille-luffa-rocalba\/","title":{"rendered":"Citrouille Luffa Rocalba."},"content":{"rendered":"<p>Citrouille Luffa Rocalba. Plante aux tiges tr\u00e8s longues et grimpantes, dot\u00e9es d&rsquo;anneaux. Le fruit est une baie cylindrique de 15 \u00e0 20 cm de long. R\u00e9colt\u00e9 jeune, le fruit est consomm\u00e9 comme l\u00e9gume. Lorsqu\u2019il est m\u00fbr et sec, il fournit une \u00e9ponge v\u00e9g\u00e9tale.<\/p>\n","protected":false},"excerpt":{"rendered":"<p>Citrouille Luffa Rocalba. Plante aux tiges tr\u00e8s longues et grimpantes, dot\u00e9es d&rsquo;anneaux. Le fruit est une baie cylindrique de 15 \u00e0 20 cm de long. R\u00e9colt\u00e9 jeune, le fruit est consomm\u00e9 comme l\u00e9gume. Lorsqu\u2019il est m\u00fbr et sec, il fournit une \u00e9ponge v\u00e9g\u00e9tale.<\/p>\n","protected":false},"featured_media":8073,"comment_status":"closed","ping_status":"closed","template":"","meta":[],"product_brand":[],"product_cat":[458],"product_tag":[1017,1018,1019,796,513,507],"class_list":{"0":"post-8075","1":"product","2":"type-product","3":"status-publish","4":"has-post-thumbnail","6":"product_cat-horticole","7":"product_tag-citrouille","8":"product_tag-citrouille-luffa","9":"product_tag-eponge-vegetale","10":"product_tag-graines","11":"product_tag-horticulture","12":"product_tag-potager","14":"first","15":"instock","16":"taxable","17":"shipping-taxable","18":"purchasable","19":"product-type-simple"},"yoast_head":"<!-- This site is optimized with the Yoast SEO plugin v27.3 - https:\/\/yoast.com\/product\/yoast-seo-wordpress\/ -->\n<title>Citrouille Luffa Rocalba. | SAIGA<\/title>\n<meta name=\"description\" content=\"Citrouille Luffa Rocalba. Plante aux tiges tr\u00e8s longues et grimpantes, dot\u00e9es d&#039;anneaux. Le fruit est une baie cylindrique de 15 \u00e0 20 cm de long. R\u00e9colt\u00e9 jeune, le fruit est consomm\u00e9 comme l\u00e9gume. Lorsqu\u2019il est m\u00fbr et sec, il fournit une \u00e9ponge v\u00e9g\u00e9tale.\" \/>\n<meta name=\"robots\" content=\"index, follow, max-snippet:-1, max-image-preview:large, max-video-preview:-1\" \/>\n<link rel=\"canonical\" href=\"https:\/\/saiga.es\/fr\/produit\/citrouille-luffa-rocalba\/\" \/>\n<meta property=\"og:locale\" content=\"fr_FR\" \/>\n<meta property=\"og:type\" content=\"article\" \/>\n<meta property=\"og:title\" content=\"Citrouille Luffa Rocalba. | SAIGA\" \/>\n<meta property=\"og:description\" content=\"Citrouille Luffa Rocalba. Plante aux tiges tr\u00e8s longues et grimpantes, dot\u00e9es d&#039;anneaux. Le fruit est une baie cylindrique de 15 \u00e0 20 cm de long. R\u00e9colt\u00e9 jeune, le fruit est consomm\u00e9 comme l\u00e9gume. Lorsqu\u2019il est m\u00fbr et sec, il fournit une \u00e9ponge v\u00e9g\u00e9tale.\" \/>\n<meta property=\"og:url\" content=\"https:\/\/saiga.es\/fr\/produit\/citrouille-luffa-rocalba\/\" \/>\n<meta property=\"og:site_name\" content=\"SAIGA\" \/>\n<meta property=\"og:image\" content=\"https:\/\/saiga.es\/wp-content\/uploads\/2024\/02\/luffa.jpg\" \/>\n\t<meta property=\"og:image:width\" content=\"500\" \/>\n\t<meta property=\"og:image:height\" content=\"720\" \/>\n\t<meta property=\"og:image:type\" content=\"image\/jpeg\" \/>\n<meta name=\"twitter:card\" content=\"summary_large_image\" \/>\n<meta name=\"twitter:site\" content=\"@saiga_agro\" \/>\n<script type=\"application\/ld+json\" class=\"yoast-schema-graph\">{\"@context\":\"https:\\\/\\\/schema.org\",\"@graph\":[{\"@type\":\"WebPage\",\"@id\":\"https:\\\/\\\/saiga.es\\\/fr\\\/produit\\\/citrouille-luffa-rocalba\\\/\",\"url\":\"https:\\\/\\\/saiga.es\\\/fr\\\/produit\\\/citrouille-luffa-rocalba\\\/\",\"name\":\"Citrouille Luffa Rocalba. | SAIGA\",\"isPartOf\":{\"@id\":\"https:\\\/\\\/saiga.es\\\/fr\\\/#website\"},\"primaryImageOfPage\":{\"@id\":\"https:\\\/\\\/saiga.es\\\/fr\\\/produit\\\/citrouille-luffa-rocalba\\\/#primaryimage\"},\"image\":{\"@id\":\"https:\\\/\\\/saiga.es\\\/fr\\\/produit\\\/citrouille-luffa-rocalba\\\/#primaryimage\"},\"thumbnailUrl\":\"https:\\\/\\\/saiga.es\\\/wp-content\\\/uploads\\\/2024\\\/02\\\/luffa.jpg\",\"datePublished\":\"2024-02-27T08:41:21+00:00\",\"description\":\"Citrouille Luffa Rocalba. Plante aux tiges tr\u00e8s longues et grimpantes, dot\u00e9es d'anneaux. Le fruit est une baie cylindrique de 15 \u00e0 20 cm de long. R\u00e9colt\u00e9 jeune, le fruit est consomm\u00e9 comme l\u00e9gume. Lorsqu\u2019il est m\u00fbr et sec, il fournit une \u00e9ponge v\u00e9g\u00e9tale.\",\"breadcrumb\":{\"@id\":\"https:\\\/\\\/saiga.es\\\/fr\\\/produit\\\/citrouille-luffa-rocalba\\\/#breadcrumb\"},\"inLanguage\":\"fr-FR\",\"potentialAction\":[{\"@type\":\"ReadAction\",\"target\":[\"https:\\\/\\\/saiga.es\\\/fr\\\/produit\\\/citrouille-luffa-rocalba\\\/\"]}]},{\"@type\":\"ImageObject\",\"inLanguage\":\"fr-FR\",\"@id\":\"https:\\\/\\\/saiga.es\\\/fr\\\/produit\\\/citrouille-luffa-rocalba\\\/#primaryimage\",\"url\":\"https:\\\/\\\/saiga.es\\\/wp-content\\\/uploads\\\/2024\\\/02\\\/luffa.jpg\",\"contentUrl\":\"https:\\\/\\\/saiga.es\\\/wp-content\\\/uploads\\\/2024\\\/02\\\/luffa.jpg\",\"width\":500,\"height\":720,\"caption\":\"Citrouille Luffa\"},{\"@type\":\"BreadcrumbList\",\"@id\":\"https:\\\/\\\/saiga.es\\\/fr\\\/produit\\\/citrouille-luffa-rocalba\\\/#breadcrumb\",\"itemListElement\":[{\"@type\":\"ListItem\",\"position\":1,\"name\":\"Inici\",\"item\":\"https:\\\/\\\/saiga.es\\\/fr\\\/\"},{\"@type\":\"ListItem\",\"position\":2,\"name\":\"boutique\",\"item\":\"https:\\\/\\\/saiga.es\\\/fr\\\/boutique\\\/\"},{\"@type\":\"ListItem\",\"position\":3,\"name\":\"Citrouille Luffa Rocalba.\"}]},{\"@type\":\"WebSite\",\"@id\":\"https:\\\/\\\/saiga.es\\\/fr\\\/#website\",\"url\":\"https:\\\/\\\/saiga.es\\\/fr\\\/\",\"name\":\"SAIGA\",\"description\":\"M\u00e9s de 50 anys al servei de la terra i treballant per a un \u00fas eficient de l\u2019aigua!\",\"publisher\":{\"@id\":\"https:\\\/\\\/saiga.es\\\/fr\\\/#organization\"},\"potentialAction\":[{\"@type\":\"SearchAction\",\"target\":{\"@type\":\"EntryPoint\",\"urlTemplate\":\"https:\\\/\\\/saiga.es\\\/fr\\\/?s={search_term_string}\"},\"query-input\":{\"@type\":\"PropertyValueSpecification\",\"valueRequired\":true,\"valueName\":\"search_term_string\"}}],\"inLanguage\":\"fr-FR\"},{\"@type\":\"Organization\",\"@id\":\"https:\\\/\\\/saiga.es\\\/fr\\\/#organization\",\"name\":\"SAIGA\",\"url\":\"https:\\\/\\\/saiga.es\\\/fr\\\/\",\"logo\":{\"@type\":\"ImageObject\",\"inLanguage\":\"fr-FR\",\"@id\":\"https:\\\/\\\/saiga.es\\\/fr\\\/#\\\/schema\\\/logo\\\/image\\\/\",\"url\":\"https:\\\/\\\/saiga.es\\\/wp-content\\\/uploads\\\/2025\\\/07\\\/logo_saiga_baseline_optimitzat.svg\",\"contentUrl\":\"https:\\\/\\\/saiga.es\\\/wp-content\\\/uploads\\\/2025\\\/07\\\/logo_saiga_baseline_optimitzat.svg\",\"caption\":\"SAIGA\"},\"image\":{\"@id\":\"https:\\\/\\\/saiga.es\\\/fr\\\/#\\\/schema\\\/logo\\\/image\\\/\"},\"sameAs\":[\"https:\\\/\\\/x.com\\\/saiga_agro\",\"https:\\\/\\\/www.instagram.com\\\/saiga_agro\\\/\"]}]}<\/script>\n<!-- \/ Yoast SEO plugin. -->","yoast_head_json":{"title":"Citrouille Luffa Rocalba. | SAIGA","description":"Citrouille Luffa Rocalba. Plante aux tiges tr\u00e8s longues et grimpantes, dot\u00e9es d'anneaux. Le fruit est une baie cylindrique de 15 \u00e0 20 cm de long. R\u00e9colt\u00e9 jeune, le fruit est consomm\u00e9 comme l\u00e9gume. Lorsqu\u2019il est m\u00fbr et sec, il fournit une \u00e9ponge v\u00e9g\u00e9tale.","robots":{"index":"index","follow":"follow","max-snippet":"max-snippet:-1","max-image-preview":"max-image-preview:large","max-video-preview":"max-video-preview:-1"},"canonical":"https:\/\/saiga.es\/fr\/produit\/citrouille-luffa-rocalba\/","og_locale":"fr_FR","og_type":"article","og_title":"Citrouille Luffa Rocalba. | SAIGA","og_description":"Citrouille Luffa Rocalba. Plante aux tiges tr\u00e8s longues et grimpantes, dot\u00e9es d'anneaux. Le fruit est une baie cylindrique de 15 \u00e0 20 cm de long. R\u00e9colt\u00e9 jeune, le fruit est consomm\u00e9 comme l\u00e9gume. Lorsqu\u2019il est m\u00fbr et sec, il fournit une \u00e9ponge v\u00e9g\u00e9tale.","og_url":"https:\/\/saiga.es\/fr\/produit\/citrouille-luffa-rocalba\/","og_site_name":"SAIGA","og_image":[{"width":500,"height":720,"url":"https:\/\/saiga.es\/wp-content\/uploads\/2024\/02\/luffa.jpg","type":"image\/jpeg"}],"twitter_card":"summary_large_image","twitter_site":"@saiga_agro","schema":{"@context":"https:\/\/schema.org","@graph":[{"@type":"WebPage","@id":"https:\/\/saiga.es\/fr\/produit\/citrouille-luffa-rocalba\/","url":"https:\/\/saiga.es\/fr\/produit\/citrouille-luffa-rocalba\/","name":"Citrouille Luffa Rocalba. | SAIGA","isPartOf":{"@id":"https:\/\/saiga.es\/fr\/#website"},"primaryImageOfPage":{"@id":"https:\/\/saiga.es\/fr\/produit\/citrouille-luffa-rocalba\/#primaryimage"},"image":{"@id":"https:\/\/saiga.es\/fr\/produit\/citrouille-luffa-rocalba\/#primaryimage"},"thumbnailUrl":"https:\/\/saiga.es\/wp-content\/uploads\/2024\/02\/luffa.jpg","datePublished":"2024-02-27T08:41:21+00:00","description":"Citrouille Luffa Rocalba. Plante aux tiges tr\u00e8s longues et grimpantes, dot\u00e9es d'anneaux. Le fruit est une baie cylindrique de 15 \u00e0 20 cm de long. R\u00e9colt\u00e9 jeune, le fruit est consomm\u00e9 comme l\u00e9gume. Lorsqu\u2019il est m\u00fbr et sec, il fournit une \u00e9ponge v\u00e9g\u00e9tale.","breadcrumb":{"@id":"https:\/\/saiga.es\/fr\/produit\/citrouille-luffa-rocalba\/#breadcrumb"},"inLanguage":"fr-FR","potentialAction":[{"@type":"ReadAction","target":["https:\/\/saiga.es\/fr\/produit\/citrouille-luffa-rocalba\/"]}]},{"@type":"ImageObject","inLanguage":"fr-FR","@id":"https:\/\/saiga.es\/fr\/produit\/citrouille-luffa-rocalba\/#primaryimage","url":"https:\/\/saiga.es\/wp-content\/uploads\/2024\/02\/luffa.jpg","contentUrl":"https:\/\/saiga.es\/wp-content\/uploads\/2024\/02\/luffa.jpg","width":500,"height":720,"caption":"Citrouille Luffa"},{"@type":"BreadcrumbList","@id":"https:\/\/saiga.es\/fr\/produit\/citrouille-luffa-rocalba\/#breadcrumb","itemListElement":[{"@type":"ListItem","position":1,"name":"Inici","item":"https:\/\/saiga.es\/fr\/"},{"@type":"ListItem","position":2,"name":"boutique","item":"https:\/\/saiga.es\/fr\/boutique\/"},{"@type":"ListItem","position":3,"name":"Citrouille Luffa Rocalba."}]},{"@type":"WebSite","@id":"https:\/\/saiga.es\/fr\/#website","url":"https:\/\/saiga.es\/fr\/","name":"SAIGA","description":"M\u00e9s de 50 anys al servei de la terra i treballant per a un \u00fas eficient de l\u2019aigua!","publisher":{"@id":"https:\/\/saiga.es\/fr\/#organization"},"potentialAction":[{"@type":"SearchAction","target":{"@type":"EntryPoint","urlTemplate":"https:\/\/saiga.es\/fr\/?s={search_term_string}"},"query-input":{"@type":"PropertyValueSpecification","valueRequired":true,"valueName":"search_term_string"}}],"inLanguage":"fr-FR"},{"@type":"Organization","@id":"https:\/\/saiga.es\/fr\/#organization","name":"SAIGA","url":"https:\/\/saiga.es\/fr\/","logo":{"@type":"ImageObject","inLanguage":"fr-FR","@id":"https:\/\/saiga.es\/fr\/#\/schema\/logo\/image\/","url":"https:\/\/saiga.es\/wp-content\/uploads\/2025\/07\/logo_saiga_baseline_optimitzat.svg","contentUrl":"https:\/\/saiga.es\/wp-content\/uploads\/2025\/07\/logo_saiga_baseline_optimitzat.svg","caption":"SAIGA"},"image":{"@id":"https:\/\/saiga.es\/fr\/#\/schema\/logo\/image\/"},"sameAs":["https:\/\/x.com\/saiga_agro","https:\/\/www.instagram.com\/saiga_agro\/"]}]}},"_links":{"self":[{"href":"https:\/\/saiga.es\/fr\/wp-json\/wp\/v2\/product\/8075","targetHints":{"allow":["GET"]}}],"collection":[{"href":"https:\/\/saiga.es\/fr\/wp-json\/wp\/v2\/product"}],"about":[{"href":"https:\/\/saiga.es\/fr\/wp-json\/wp\/v2\/types\/product"}],"replies":[{"embeddable":true,"href":"https:\/\/saiga.es\/fr\/wp-json\/wp\/v2\/comments?post=8075"}],"wp:featuredmedia":[{"embeddable":true,"href":"https:\/\/saiga.es\/fr\/wp-json\/wp\/v2\/media\/8073"}],"wp:attachment":[{"href":"https:\/\/saiga.es\/fr\/wp-json\/wp\/v2\/media?parent=8075"}],"wp:term":[{"taxonomy":"product_brand","embeddable":true,"href":"https:\/\/saiga.es\/fr\/wp-json\/wp\/v2\/product_brand?post=8075"},{"taxonomy":"product_cat","embeddable":true,"href":"https:\/\/saiga.es\/fr\/wp-json\/wp\/v2\/product_cat?post=8075"},{"taxonomy":"product_tag","embeddable":true,"href":"https:\/\/saiga.es\/fr\/wp-json\/wp\/v2\/product_tag?post=8075"}],"curies":[{"name":"wp","href":"https:\/\/api.w.org\/{rel}","templated":true}]}}