{"id":8105,"date":"2024-02-27T09:37:52","date_gmt":"2024-02-27T09:37:52","guid":{"rendered":"https:\/\/botiga.saiga.es\/producte\/fraises-rocalba\/"},"modified":"2024-02-27T09:37:52","modified_gmt":"2024-02-27T09:37:52","slug":"fraises-rocalba","status":"publish","type":"product","link":"https:\/\/saiga.es\/fr\/produit\/fraises-rocalba\/","title":{"rendered":"fraises Rocalba."},"content":{"rendered":"<p>fraises Rocalba. Plante vigoureuse qui donne des productions \u00e9lev\u00e9es. Fruit de bon calibre, charnu et tr\u00e8s parfum\u00e9. Tr\u00e8s r\u00e9sistant au froid.<\/p>\n","protected":false},"excerpt":{"rendered":"<p>fraises Rocalba. Plante vigoureuse qui donne des productions \u00e9lev\u00e9es. Fruit de bon calibre, charnu et tr\u00e8s parfum\u00e9. Tr\u00e8s r\u00e9sistant au froid.<\/p>\n","protected":false},"featured_media":8096,"comment_status":"open","ping_status":"closed","template":"","meta":[],"product_brand":[2208],"product_cat":[458],"product_tag":[1045,1044,796,513,507,1046],"class_list":{"0":"post-8105","1":"product","2":"type-product","3":"status-publish","4":"has-post-thumbnail","6":"product_brand-rocalba-fr","7":"product_cat-horticole","8":"product_tag-cultures","9":"product_tag-des-fraises","10":"product_tag-graines","11":"product_tag-horticulture","12":"product_tag-potager","13":"product_tag-saiga-fr","15":"first","16":"instock","17":"taxable","18":"shipping-taxable","19":"product-type-simple"},"yoast_head":"<!-- This site is optimized with the Yoast SEO plugin v27.3 - https:\/\/yoast.com\/product\/yoast-seo-wordpress\/ -->\n<title>fraises Rocalba. | SAIGA<\/title>\n<meta name=\"description\" content=\"fraises Rocalba. Plante vigoureuse qui donne des productions \u00e9lev\u00e9es. Fruit de bon calibre, charnu et tr\u00e8s parfum\u00e9. Tr\u00e8s r\u00e9sistant au froid.\" \/>\n<meta name=\"robots\" content=\"index, follow, max-snippet:-1, max-image-preview:large, max-video-preview:-1\" \/>\n<link rel=\"canonical\" href=\"https:\/\/saiga.es\/fr\/produit\/fraises-rocalba\/\" \/>\n<meta property=\"og:locale\" content=\"fr_FR\" \/>\n<meta property=\"og:type\" content=\"article\" \/>\n<meta property=\"og:title\" content=\"fraises Rocalba. | SAIGA\" \/>\n<meta property=\"og:description\" content=\"fraises Rocalba. Plante vigoureuse qui donne des productions \u00e9lev\u00e9es. Fruit de bon calibre, charnu et tr\u00e8s parfum\u00e9. Tr\u00e8s r\u00e9sistant au froid.\" \/>\n<meta property=\"og:url\" content=\"https:\/\/saiga.es\/fr\/produit\/fraises-rocalba\/\" \/>\n<meta property=\"og:site_name\" content=\"SAIGA\" \/>\n<meta property=\"og:image\" content=\"https:\/\/saiga.es\/wp-content\/uploads\/2024\/02\/maduixots-saiga.jpg\" \/>\n\t<meta property=\"og:image:width\" content=\"500\" \/>\n\t<meta property=\"og:image:height\" content=\"720\" \/>\n\t<meta property=\"og:image:type\" content=\"image\/jpeg\" \/>\n<meta name=\"twitter:card\" content=\"summary_large_image\" \/>\n<meta name=\"twitter:site\" content=\"@saiga_agro\" \/>\n<script type=\"application\/ld+json\" class=\"yoast-schema-graph\">{\"@context\":\"https:\\\/\\\/schema.org\",\"@graph\":[{\"@type\":\"WebPage\",\"@id\":\"https:\\\/\\\/saiga.es\\\/fr\\\/produit\\\/fraises-rocalba\\\/\",\"url\":\"https:\\\/\\\/saiga.es\\\/fr\\\/produit\\\/fraises-rocalba\\\/\",\"name\":\"fraises Rocalba. | SAIGA\",\"isPartOf\":{\"@id\":\"https:\\\/\\\/saiga.es\\\/fr\\\/#website\"},\"primaryImageOfPage\":{\"@id\":\"https:\\\/\\\/saiga.es\\\/fr\\\/produit\\\/fraises-rocalba\\\/#primaryimage\"},\"image\":{\"@id\":\"https:\\\/\\\/saiga.es\\\/fr\\\/produit\\\/fraises-rocalba\\\/#primaryimage\"},\"thumbnailUrl\":\"https:\\\/\\\/saiga.es\\\/wp-content\\\/uploads\\\/2024\\\/02\\\/maduixots-saiga.jpg\",\"datePublished\":\"2024-02-27T09:37:52+00:00\",\"description\":\"fraises Rocalba. Plante vigoureuse qui donne des productions \u00e9lev\u00e9es. Fruit de bon calibre, charnu et tr\u00e8s parfum\u00e9. Tr\u00e8s r\u00e9sistant au froid.\",\"breadcrumb\":{\"@id\":\"https:\\\/\\\/saiga.es\\\/fr\\\/produit\\\/fraises-rocalba\\\/#breadcrumb\"},\"inLanguage\":\"fr-FR\",\"potentialAction\":[{\"@type\":\"ReadAction\",\"target\":[\"https:\\\/\\\/saiga.es\\\/fr\\\/produit\\\/fraises-rocalba\\\/\"]}]},{\"@type\":\"ImageObject\",\"inLanguage\":\"fr-FR\",\"@id\":\"https:\\\/\\\/saiga.es\\\/fr\\\/produit\\\/fraises-rocalba\\\/#primaryimage\",\"url\":\"https:\\\/\\\/saiga.es\\\/wp-content\\\/uploads\\\/2024\\\/02\\\/maduixots-saiga.jpg\",\"contentUrl\":\"https:\\\/\\\/saiga.es\\\/wp-content\\\/uploads\\\/2024\\\/02\\\/maduixots-saiga.jpg\",\"width\":500,\"height\":720,\"caption\":\"Fraises Rocalba saiga\"},{\"@type\":\"BreadcrumbList\",\"@id\":\"https:\\\/\\\/saiga.es\\\/fr\\\/produit\\\/fraises-rocalba\\\/#breadcrumb\",\"itemListElement\":[{\"@type\":\"ListItem\",\"position\":1,\"name\":\"Inici\",\"item\":\"https:\\\/\\\/saiga.es\\\/fr\\\/\"},{\"@type\":\"ListItem\",\"position\":2,\"name\":\"boutique\",\"item\":\"https:\\\/\\\/saiga.es\\\/fr\\\/boutique\\\/\"},{\"@type\":\"ListItem\",\"position\":3,\"name\":\"fraises Rocalba.\"}]},{\"@type\":\"WebSite\",\"@id\":\"https:\\\/\\\/saiga.es\\\/fr\\\/#website\",\"url\":\"https:\\\/\\\/saiga.es\\\/fr\\\/\",\"name\":\"SAIGA\",\"description\":\"M\u00e9s de 50 anys al servei de la terra i treballant per a un \u00fas eficient de l\u2019aigua!\",\"publisher\":{\"@id\":\"https:\\\/\\\/saiga.es\\\/fr\\\/#organization\"},\"potentialAction\":[{\"@type\":\"SearchAction\",\"target\":{\"@type\":\"EntryPoint\",\"urlTemplate\":\"https:\\\/\\\/saiga.es\\\/fr\\\/?s={search_term_string}\"},\"query-input\":{\"@type\":\"PropertyValueSpecification\",\"valueRequired\":true,\"valueName\":\"search_term_string\"}}],\"inLanguage\":\"fr-FR\"},{\"@type\":\"Organization\",\"@id\":\"https:\\\/\\\/saiga.es\\\/fr\\\/#organization\",\"name\":\"SAIGA\",\"url\":\"https:\\\/\\\/saiga.es\\\/fr\\\/\",\"logo\":{\"@type\":\"ImageObject\",\"inLanguage\":\"fr-FR\",\"@id\":\"https:\\\/\\\/saiga.es\\\/fr\\\/#\\\/schema\\\/logo\\\/image\\\/\",\"url\":\"https:\\\/\\\/saiga.es\\\/wp-content\\\/uploads\\\/2025\\\/07\\\/logo_saiga_baseline_optimitzat.svg\",\"contentUrl\":\"https:\\\/\\\/saiga.es\\\/wp-content\\\/uploads\\\/2025\\\/07\\\/logo_saiga_baseline_optimitzat.svg\",\"caption\":\"SAIGA\"},\"image\":{\"@id\":\"https:\\\/\\\/saiga.es\\\/fr\\\/#\\\/schema\\\/logo\\\/image\\\/\"},\"sameAs\":[\"https:\\\/\\\/x.com\\\/saiga_agro\",\"https:\\\/\\\/www.instagram.com\\\/saiga_agro\\\/\"]}]}<\/script>\n<!-- \/ Yoast SEO plugin. -->","yoast_head_json":{"title":"fraises Rocalba. | SAIGA","description":"fraises Rocalba. Plante vigoureuse qui donne des productions \u00e9lev\u00e9es. Fruit de bon calibre, charnu et tr\u00e8s parfum\u00e9. Tr\u00e8s r\u00e9sistant au froid.","robots":{"index":"index","follow":"follow","max-snippet":"max-snippet:-1","max-image-preview":"max-image-preview:large","max-video-preview":"max-video-preview:-1"},"canonical":"https:\/\/saiga.es\/fr\/produit\/fraises-rocalba\/","og_locale":"fr_FR","og_type":"article","og_title":"fraises Rocalba. | SAIGA","og_description":"fraises Rocalba. Plante vigoureuse qui donne des productions \u00e9lev\u00e9es. Fruit de bon calibre, charnu et tr\u00e8s parfum\u00e9. Tr\u00e8s r\u00e9sistant au froid.","og_url":"https:\/\/saiga.es\/fr\/produit\/fraises-rocalba\/","og_site_name":"SAIGA","og_image":[{"width":500,"height":720,"url":"https:\/\/saiga.es\/wp-content\/uploads\/2024\/02\/maduixots-saiga.jpg","type":"image\/jpeg"}],"twitter_card":"summary_large_image","twitter_site":"@saiga_agro","schema":{"@context":"https:\/\/schema.org","@graph":[{"@type":"WebPage","@id":"https:\/\/saiga.es\/fr\/produit\/fraises-rocalba\/","url":"https:\/\/saiga.es\/fr\/produit\/fraises-rocalba\/","name":"fraises Rocalba. | SAIGA","isPartOf":{"@id":"https:\/\/saiga.es\/fr\/#website"},"primaryImageOfPage":{"@id":"https:\/\/saiga.es\/fr\/produit\/fraises-rocalba\/#primaryimage"},"image":{"@id":"https:\/\/saiga.es\/fr\/produit\/fraises-rocalba\/#primaryimage"},"thumbnailUrl":"https:\/\/saiga.es\/wp-content\/uploads\/2024\/02\/maduixots-saiga.jpg","datePublished":"2024-02-27T09:37:52+00:00","description":"fraises Rocalba. Plante vigoureuse qui donne des productions \u00e9lev\u00e9es. Fruit de bon calibre, charnu et tr\u00e8s parfum\u00e9. Tr\u00e8s r\u00e9sistant au froid.","breadcrumb":{"@id":"https:\/\/saiga.es\/fr\/produit\/fraises-rocalba\/#breadcrumb"},"inLanguage":"fr-FR","potentialAction":[{"@type":"ReadAction","target":["https:\/\/saiga.es\/fr\/produit\/fraises-rocalba\/"]}]},{"@type":"ImageObject","inLanguage":"fr-FR","@id":"https:\/\/saiga.es\/fr\/produit\/fraises-rocalba\/#primaryimage","url":"https:\/\/saiga.es\/wp-content\/uploads\/2024\/02\/maduixots-saiga.jpg","contentUrl":"https:\/\/saiga.es\/wp-content\/uploads\/2024\/02\/maduixots-saiga.jpg","width":500,"height":720,"caption":"Fraises Rocalba saiga"},{"@type":"BreadcrumbList","@id":"https:\/\/saiga.es\/fr\/produit\/fraises-rocalba\/#breadcrumb","itemListElement":[{"@type":"ListItem","position":1,"name":"Inici","item":"https:\/\/saiga.es\/fr\/"},{"@type":"ListItem","position":2,"name":"boutique","item":"https:\/\/saiga.es\/fr\/boutique\/"},{"@type":"ListItem","position":3,"name":"fraises Rocalba."}]},{"@type":"WebSite","@id":"https:\/\/saiga.es\/fr\/#website","url":"https:\/\/saiga.es\/fr\/","name":"SAIGA","description":"M\u00e9s de 50 anys al servei de la terra i treballant per a un \u00fas eficient de l\u2019aigua!","publisher":{"@id":"https:\/\/saiga.es\/fr\/#organization"},"potentialAction":[{"@type":"SearchAction","target":{"@type":"EntryPoint","urlTemplate":"https:\/\/saiga.es\/fr\/?s={search_term_string}"},"query-input":{"@type":"PropertyValueSpecification","valueRequired":true,"valueName":"search_term_string"}}],"inLanguage":"fr-FR"},{"@type":"Organization","@id":"https:\/\/saiga.es\/fr\/#organization","name":"SAIGA","url":"https:\/\/saiga.es\/fr\/","logo":{"@type":"ImageObject","inLanguage":"fr-FR","@id":"https:\/\/saiga.es\/fr\/#\/schema\/logo\/image\/","url":"https:\/\/saiga.es\/wp-content\/uploads\/2025\/07\/logo_saiga_baseline_optimitzat.svg","contentUrl":"https:\/\/saiga.es\/wp-content\/uploads\/2025\/07\/logo_saiga_baseline_optimitzat.svg","caption":"SAIGA"},"image":{"@id":"https:\/\/saiga.es\/fr\/#\/schema\/logo\/image\/"},"sameAs":["https:\/\/x.com\/saiga_agro","https:\/\/www.instagram.com\/saiga_agro\/"]}]}},"_links":{"self":[{"href":"https:\/\/saiga.es\/fr\/wp-json\/wp\/v2\/product\/8105","targetHints":{"allow":["GET"]}}],"collection":[{"href":"https:\/\/saiga.es\/fr\/wp-json\/wp\/v2\/product"}],"about":[{"href":"https:\/\/saiga.es\/fr\/wp-json\/wp\/v2\/types\/product"}],"replies":[{"embeddable":true,"href":"https:\/\/saiga.es\/fr\/wp-json\/wp\/v2\/comments?post=8105"}],"wp:featuredmedia":[{"embeddable":true,"href":"https:\/\/saiga.es\/fr\/wp-json\/wp\/v2\/media\/8096"}],"wp:attachment":[{"href":"https:\/\/saiga.es\/fr\/wp-json\/wp\/v2\/media?parent=8105"}],"wp:term":[{"taxonomy":"product_brand","embeddable":true,"href":"https:\/\/saiga.es\/fr\/wp-json\/wp\/v2\/product_brand?post=8105"},{"taxonomy":"product_cat","embeddable":true,"href":"https:\/\/saiga.es\/fr\/wp-json\/wp\/v2\/product_cat?post=8105"},{"taxonomy":"product_tag","embeddable":true,"href":"https:\/\/saiga.es\/fr\/wp-json\/wp\/v2\/product_tag?post=8105"}],"curies":[{"name":"wp","href":"https:\/\/api.w.org\/{rel}","templated":true}]}}