{"id":8175,"date":"2024-02-27T10:25:32","date_gmt":"2024-02-27T10:25:32","guid":{"rendered":"https:\/\/botiga.saiga.es\/producte\/raccord-pe-male-jimten\/"},"modified":"2024-02-27T10:25:32","modified_gmt":"2024-02-27T10:25:32","slug":"raccord-pe-male-jimten","status":"publish","type":"product","link":"https:\/\/saiga.es\/fr\/produit\/raccord-pe-male-jimten\/","title":{"rendered":"Raccord PE m\u00e2le Jimten"},"content":{"rendered":"<p>Connecteur m\u00e2le PE 110-4&Prime; jimten. Connecteur m\u00e2le con\u00e7u pour les tuyaux en poly\u00e9thyl\u00e8ne de diam\u00e8tres diff\u00e9rents. Ce connecteur est utilis\u00e9 pour joindre deux sections de tuyau en poly\u00e9thyl\u00e8ne \u00e9galement de diam\u00e8tres diff\u00e9rents.<\/p>\n","protected":false},"excerpt":{"rendered":"<p>Connecteur m\u00e2le PE 110-4&Prime; jimten. Connecteur m\u00e2le con\u00e7u pour les tuyaux en poly\u00e9thyl\u00e8ne de diam\u00e8tres diff\u00e9rents. Ce connecteur est utilis\u00e9 pour joindre deux sections de tuyau en poly\u00e9thyl\u00e8ne \u00e9galement de diam\u00e8tres diff\u00e9rents.<\/p>\n","protected":false},"featured_media":8173,"comment_status":"closed","ping_status":"closed","template":"","meta":[],"product_brand":[],"product_cat":[1454],"product_tag":[1057,1055,1056,837,1054,824],"class_list":{"0":"post-8175","1":"product","2":"type-product","3":"status-publish","4":"has-post-thumbnail","6":"product_cat-jimten-fr","7":"product_tag-hydraulique","8":"product_tag-jimten-fr","9":"product_tag-lien","10":"product_tag-polyethylene","11":"product_tag-raccord-fr","12":"product_tag-reg-fr","14":"first","15":"instock","16":"taxable","17":"shipping-taxable","18":"purchasable","19":"product-type-variable"},"yoast_head":"<!-- This site is optimized with the Yoast SEO plugin v27.4 - https:\/\/yoast.com\/product\/yoast-seo-wordpress\/ -->\n<title>Raccord PE m\u00e2le Jimten | SAIGA<\/title>\n<meta name=\"description\" content=\"Raccord m\u00e2le PE Jimten. Connecteur m\u00e2le con\u00e7u pour les tuyaux en poly\u00e9thyl\u00e8ne de diam\u00e8tres diff\u00e9rents. Ce connecteur est utilis\u00e9 pour joindre deux sections de tuyau en poly\u00e9thyl\u00e8ne \u00e9galement de diam\u00e8tres diff\u00e9rents.\" \/>\n<meta name=\"robots\" content=\"index, follow, max-snippet:-1, max-image-preview:large, max-video-preview:-1\" \/>\n<link rel=\"canonical\" href=\"https:\/\/saiga.es\/fr\/produit\/raccord-pe-male-jimten\/\" \/>\n<meta property=\"og:locale\" content=\"fr_FR\" \/>\n<meta property=\"og:type\" content=\"article\" \/>\n<meta property=\"og:title\" content=\"Raccord PE m\u00e2le Jimten | SAIGA\" \/>\n<meta property=\"og:description\" content=\"Raccord m\u00e2le PE Jimten. Connecteur m\u00e2le con\u00e7u pour les tuyaux en poly\u00e9thyl\u00e8ne de diam\u00e8tres diff\u00e9rents. Ce connecteur est utilis\u00e9 pour joindre deux sections de tuyau en poly\u00e9thyl\u00e8ne \u00e9galement de diam\u00e8tres diff\u00e9rents.\" \/>\n<meta property=\"og:url\" content=\"https:\/\/saiga.es\/fr\/produit\/raccord-pe-male-jimten\/\" \/>\n<meta property=\"og:site_name\" content=\"SAIGA\" \/>\n<meta property=\"og:image\" content=\"https:\/\/saiga.es\/wp-content\/uploads\/2024\/02\/RACORD-MASCLE-P.E.-110-4-polsades-JIMTEN-1.jpg\" \/>\n\t<meta property=\"og:image:width\" content=\"400\" \/>\n\t<meta property=\"og:image:height\" content=\"400\" \/>\n\t<meta property=\"og:image:type\" content=\"image\/jpeg\" \/>\n<meta name=\"twitter:card\" content=\"summary_large_image\" \/>\n<meta name=\"twitter:site\" content=\"@saiga_agro\" \/>\n<script type=\"application\/ld+json\" class=\"yoast-schema-graph\">{\"@context\":\"https:\\\/\\\/schema.org\",\"@graph\":[{\"@type\":\"WebPage\",\"@id\":\"https:\\\/\\\/saiga.es\\\/fr\\\/produit\\\/raccord-pe-male-jimten\\\/\",\"url\":\"https:\\\/\\\/saiga.es\\\/fr\\\/produit\\\/raccord-pe-male-jimten\\\/\",\"name\":\"Raccord PE m\u00e2le Jimten | SAIGA\",\"isPartOf\":{\"@id\":\"https:\\\/\\\/saiga.es\\\/fr\\\/#website\"},\"primaryImageOfPage\":{\"@id\":\"https:\\\/\\\/saiga.es\\\/fr\\\/produit\\\/raccord-pe-male-jimten\\\/#primaryimage\"},\"image\":{\"@id\":\"https:\\\/\\\/saiga.es\\\/fr\\\/produit\\\/raccord-pe-male-jimten\\\/#primaryimage\"},\"thumbnailUrl\":\"https:\\\/\\\/saiga.es\\\/wp-content\\\/uploads\\\/2024\\\/02\\\/RACORD-MASCLE-P.E.-110-4-polsades-JIMTEN-1.jpg\",\"datePublished\":\"2024-02-27T10:25:32+00:00\",\"description\":\"Raccord m\u00e2le PE Jimten. Connecteur m\u00e2le con\u00e7u pour les tuyaux en poly\u00e9thyl\u00e8ne de diam\u00e8tres diff\u00e9rents. Ce connecteur est utilis\u00e9 pour joindre deux sections de tuyau en poly\u00e9thyl\u00e8ne \u00e9galement de diam\u00e8tres diff\u00e9rents.\",\"breadcrumb\":{\"@id\":\"https:\\\/\\\/saiga.es\\\/fr\\\/produit\\\/raccord-pe-male-jimten\\\/#breadcrumb\"},\"inLanguage\":\"fr-FR\",\"potentialAction\":[{\"@type\":\"ReadAction\",\"target\":[\"https:\\\/\\\/saiga.es\\\/fr\\\/produit\\\/raccord-pe-male-jimten\\\/\"]}]},{\"@type\":\"ImageObject\",\"inLanguage\":\"fr-FR\",\"@id\":\"https:\\\/\\\/saiga.es\\\/fr\\\/produit\\\/raccord-pe-male-jimten\\\/#primaryimage\",\"url\":\"https:\\\/\\\/saiga.es\\\/wp-content\\\/uploads\\\/2024\\\/02\\\/RACORD-MASCLE-P.E.-110-4-polsades-JIMTEN-1.jpg\",\"contentUrl\":\"https:\\\/\\\/saiga.es\\\/wp-content\\\/uploads\\\/2024\\\/02\\\/RACORD-MASCLE-P.E.-110-4-polsades-JIMTEN-1.jpg\",\"width\":400,\"height\":400,\"caption\":\"raccord m\u00e2le\"},{\"@type\":\"BreadcrumbList\",\"@id\":\"https:\\\/\\\/saiga.es\\\/fr\\\/produit\\\/raccord-pe-male-jimten\\\/#breadcrumb\",\"itemListElement\":[{\"@type\":\"ListItem\",\"position\":1,\"name\":\"Inici\",\"item\":\"https:\\\/\\\/saiga.es\\\/fr\\\/\"},{\"@type\":\"ListItem\",\"position\":2,\"name\":\"boutique\",\"item\":\"https:\\\/\\\/saiga.es\\\/fr\\\/boutique\\\/\"},{\"@type\":\"ListItem\",\"position\":3,\"name\":\"Raccord PE m\u00e2le Jimten\"}]},{\"@type\":\"WebSite\",\"@id\":\"https:\\\/\\\/saiga.es\\\/fr\\\/#website\",\"url\":\"https:\\\/\\\/saiga.es\\\/fr\\\/\",\"name\":\"SAIGA\",\"description\":\"M\u00e9s de 50 anys al servei de la terra i treballant per a un \u00fas eficient de l\u2019aigua!\",\"publisher\":{\"@id\":\"https:\\\/\\\/saiga.es\\\/fr\\\/#organization\"},\"potentialAction\":[{\"@type\":\"SearchAction\",\"target\":{\"@type\":\"EntryPoint\",\"urlTemplate\":\"https:\\\/\\\/saiga.es\\\/fr\\\/?s={search_term_string}\"},\"query-input\":{\"@type\":\"PropertyValueSpecification\",\"valueRequired\":true,\"valueName\":\"search_term_string\"}}],\"inLanguage\":\"fr-FR\"},{\"@type\":\"Organization\",\"@id\":\"https:\\\/\\\/saiga.es\\\/fr\\\/#organization\",\"name\":\"SAIGA\",\"url\":\"https:\\\/\\\/saiga.es\\\/fr\\\/\",\"logo\":{\"@type\":\"ImageObject\",\"inLanguage\":\"fr-FR\",\"@id\":\"https:\\\/\\\/saiga.es\\\/fr\\\/#\\\/schema\\\/logo\\\/image\\\/\",\"url\":\"https:\\\/\\\/saiga.es\\\/wp-content\\\/uploads\\\/2025\\\/07\\\/logo_saiga_baseline_optimitzat.svg\",\"contentUrl\":\"https:\\\/\\\/saiga.es\\\/wp-content\\\/uploads\\\/2025\\\/07\\\/logo_saiga_baseline_optimitzat.svg\",\"caption\":\"SAIGA\"},\"image\":{\"@id\":\"https:\\\/\\\/saiga.es\\\/fr\\\/#\\\/schema\\\/logo\\\/image\\\/\"},\"sameAs\":[\"https:\\\/\\\/x.com\\\/saiga_agro\",\"https:\\\/\\\/www.instagram.com\\\/saiga_agro\\\/\"]}]}<\/script>\n<!-- \/ Yoast SEO plugin. -->","yoast_head_json":{"title":"Raccord PE m\u00e2le Jimten | SAIGA","description":"Raccord m\u00e2le PE Jimten. Connecteur m\u00e2le con\u00e7u pour les tuyaux en poly\u00e9thyl\u00e8ne de diam\u00e8tres diff\u00e9rents. Ce connecteur est utilis\u00e9 pour joindre deux sections de tuyau en poly\u00e9thyl\u00e8ne \u00e9galement de diam\u00e8tres diff\u00e9rents.","robots":{"index":"index","follow":"follow","max-snippet":"max-snippet:-1","max-image-preview":"max-image-preview:large","max-video-preview":"max-video-preview:-1"},"canonical":"https:\/\/saiga.es\/fr\/produit\/raccord-pe-male-jimten\/","og_locale":"fr_FR","og_type":"article","og_title":"Raccord PE m\u00e2le Jimten | SAIGA","og_description":"Raccord m\u00e2le PE Jimten. Connecteur m\u00e2le con\u00e7u pour les tuyaux en poly\u00e9thyl\u00e8ne de diam\u00e8tres diff\u00e9rents. Ce connecteur est utilis\u00e9 pour joindre deux sections de tuyau en poly\u00e9thyl\u00e8ne \u00e9galement de diam\u00e8tres diff\u00e9rents.","og_url":"https:\/\/saiga.es\/fr\/produit\/raccord-pe-male-jimten\/","og_site_name":"SAIGA","og_image":[{"width":400,"height":400,"url":"https:\/\/saiga.es\/wp-content\/uploads\/2024\/02\/RACORD-MASCLE-P.E.-110-4-polsades-JIMTEN-1.jpg","type":"image\/jpeg"}],"twitter_card":"summary_large_image","twitter_site":"@saiga_agro","schema":{"@context":"https:\/\/schema.org","@graph":[{"@type":"WebPage","@id":"https:\/\/saiga.es\/fr\/produit\/raccord-pe-male-jimten\/","url":"https:\/\/saiga.es\/fr\/produit\/raccord-pe-male-jimten\/","name":"Raccord PE m\u00e2le Jimten | SAIGA","isPartOf":{"@id":"https:\/\/saiga.es\/fr\/#website"},"primaryImageOfPage":{"@id":"https:\/\/saiga.es\/fr\/produit\/raccord-pe-male-jimten\/#primaryimage"},"image":{"@id":"https:\/\/saiga.es\/fr\/produit\/raccord-pe-male-jimten\/#primaryimage"},"thumbnailUrl":"https:\/\/saiga.es\/wp-content\/uploads\/2024\/02\/RACORD-MASCLE-P.E.-110-4-polsades-JIMTEN-1.jpg","datePublished":"2024-02-27T10:25:32+00:00","description":"Raccord m\u00e2le PE Jimten. Connecteur m\u00e2le con\u00e7u pour les tuyaux en poly\u00e9thyl\u00e8ne de diam\u00e8tres diff\u00e9rents. Ce connecteur est utilis\u00e9 pour joindre deux sections de tuyau en poly\u00e9thyl\u00e8ne \u00e9galement de diam\u00e8tres diff\u00e9rents.","breadcrumb":{"@id":"https:\/\/saiga.es\/fr\/produit\/raccord-pe-male-jimten\/#breadcrumb"},"inLanguage":"fr-FR","potentialAction":[{"@type":"ReadAction","target":["https:\/\/saiga.es\/fr\/produit\/raccord-pe-male-jimten\/"]}]},{"@type":"ImageObject","inLanguage":"fr-FR","@id":"https:\/\/saiga.es\/fr\/produit\/raccord-pe-male-jimten\/#primaryimage","url":"https:\/\/saiga.es\/wp-content\/uploads\/2024\/02\/RACORD-MASCLE-P.E.-110-4-polsades-JIMTEN-1.jpg","contentUrl":"https:\/\/saiga.es\/wp-content\/uploads\/2024\/02\/RACORD-MASCLE-P.E.-110-4-polsades-JIMTEN-1.jpg","width":400,"height":400,"caption":"raccord m\u00e2le"},{"@type":"BreadcrumbList","@id":"https:\/\/saiga.es\/fr\/produit\/raccord-pe-male-jimten\/#breadcrumb","itemListElement":[{"@type":"ListItem","position":1,"name":"Inici","item":"https:\/\/saiga.es\/fr\/"},{"@type":"ListItem","position":2,"name":"boutique","item":"https:\/\/saiga.es\/fr\/boutique\/"},{"@type":"ListItem","position":3,"name":"Raccord PE m\u00e2le Jimten"}]},{"@type":"WebSite","@id":"https:\/\/saiga.es\/fr\/#website","url":"https:\/\/saiga.es\/fr\/","name":"SAIGA","description":"M\u00e9s de 50 anys al servei de la terra i treballant per a un \u00fas eficient de l\u2019aigua!","publisher":{"@id":"https:\/\/saiga.es\/fr\/#organization"},"potentialAction":[{"@type":"SearchAction","target":{"@type":"EntryPoint","urlTemplate":"https:\/\/saiga.es\/fr\/?s={search_term_string}"},"query-input":{"@type":"PropertyValueSpecification","valueRequired":true,"valueName":"search_term_string"}}],"inLanguage":"fr-FR"},{"@type":"Organization","@id":"https:\/\/saiga.es\/fr\/#organization","name":"SAIGA","url":"https:\/\/saiga.es\/fr\/","logo":{"@type":"ImageObject","inLanguage":"fr-FR","@id":"https:\/\/saiga.es\/fr\/#\/schema\/logo\/image\/","url":"https:\/\/saiga.es\/wp-content\/uploads\/2025\/07\/logo_saiga_baseline_optimitzat.svg","contentUrl":"https:\/\/saiga.es\/wp-content\/uploads\/2025\/07\/logo_saiga_baseline_optimitzat.svg","caption":"SAIGA"},"image":{"@id":"https:\/\/saiga.es\/fr\/#\/schema\/logo\/image\/"},"sameAs":["https:\/\/x.com\/saiga_agro","https:\/\/www.instagram.com\/saiga_agro\/"]}]}},"_links":{"self":[{"href":"https:\/\/saiga.es\/fr\/wp-json\/wp\/v2\/product\/8175","targetHints":{"allow":["GET"]}}],"collection":[{"href":"https:\/\/saiga.es\/fr\/wp-json\/wp\/v2\/product"}],"about":[{"href":"https:\/\/saiga.es\/fr\/wp-json\/wp\/v2\/types\/product"}],"replies":[{"embeddable":true,"href":"https:\/\/saiga.es\/fr\/wp-json\/wp\/v2\/comments?post=8175"}],"wp:featuredmedia":[{"embeddable":true,"href":"https:\/\/saiga.es\/fr\/wp-json\/wp\/v2\/media\/8173"}],"wp:attachment":[{"href":"https:\/\/saiga.es\/fr\/wp-json\/wp\/v2\/media?parent=8175"}],"wp:term":[{"taxonomy":"product_brand","embeddable":true,"href":"https:\/\/saiga.es\/fr\/wp-json\/wp\/v2\/product_brand?post=8175"},{"taxonomy":"product_cat","embeddable":true,"href":"https:\/\/saiga.es\/fr\/wp-json\/wp\/v2\/product_cat?post=8175"},{"taxonomy":"product_tag","embeddable":true,"href":"https:\/\/saiga.es\/fr\/wp-json\/wp\/v2\/product_tag?post=8175"}],"curies":[{"name":"wp","href":"https:\/\/api.w.org\/{rel}","templated":true}]}}