{"id":8229,"date":"2024-02-27T14:41:10","date_gmt":"2024-02-27T14:41:10","guid":{"rendered":"https:\/\/botiga.saiga.es\/producte\/concombres-de-rocalba\/"},"modified":"2024-02-27T14:41:10","modified_gmt":"2024-02-27T14:41:10","slug":"concombres-de-rocalba","status":"publish","type":"product","link":"https:\/\/saiga.es\/fr\/produit\/concombres-de-rocalba\/","title":{"rendered":"Concombres de Rocalba"},"content":{"rendered":"<p>Concombres de Rocalba. Vari\u00e9t\u00e9 \u00e0 cycle moyen. Plante de croissance vigoureuse, \u00e0 floraison mono\u00efque. Les fruits sont vert fonc\u00e9, avec des \u00e9pines blanches peu abondantes, d&rsquo;une longueur de 17 \u00e0 19 cm au stade d&rsquo;exploitation.<\/p>\n","protected":false},"excerpt":{"rendered":"<p>Concombres de Rocalba. Vari\u00e9t\u00e9 \u00e0 cycle moyen. Plante de croissance vigoureuse, \u00e0 floraison mono\u00efque. Les fruits sont vert fonc\u00e9, avec des \u00e9pines blanches peu abondantes, d&rsquo;une longueur de 17 \u00e0 19 cm au stade d&rsquo;exploitation.<\/p>\n","protected":false},"featured_media":8227,"comment_status":"closed","ping_status":"closed","template":"","meta":[],"product_brand":[],"product_cat":[458],"product_tag":[1075,796,513,507],"class_list":{"0":"post-8229","1":"product","2":"type-product","3":"status-publish","4":"has-post-thumbnail","6":"product_cat-horticole","7":"product_tag-concombre","8":"product_tag-graines","9":"product_tag-horticulture","10":"product_tag-potager","12":"first","13":"instock","14":"taxable","15":"shipping-taxable","16":"purchasable","17":"product-type-simple"},"yoast_head":"<!-- This site is optimized with the Yoast SEO plugin v27.3 - https:\/\/yoast.com\/product\/yoast-seo-wordpress\/ -->\n<title>Concombres de Rocalba | SAIGA<\/title>\n<meta name=\"description\" content=\"Concombres de Rocalba. Vari\u00e9t\u00e9 \u00e0 cycle moyen. Plante de croissance vigoureuse, \u00e0 floraison mono\u00efque. Les fruits sont vert fonc\u00e9, avec des \u00e9pines blanches peu abondantes, d&#039;une longueur de 17 \u00e0 19 cm au stade d&#039;exploitation.\" \/>\n<meta name=\"robots\" content=\"index, follow, max-snippet:-1, max-image-preview:large, max-video-preview:-1\" \/>\n<link rel=\"canonical\" href=\"https:\/\/saiga.es\/fr\/produit\/concombres-de-rocalba\/\" \/>\n<meta property=\"og:locale\" content=\"fr_FR\" \/>\n<meta property=\"og:type\" content=\"article\" \/>\n<meta property=\"og:title\" content=\"Concombres de Rocalba | SAIGA\" \/>\n<meta property=\"og:description\" content=\"Concombres de Rocalba. Vari\u00e9t\u00e9 \u00e0 cycle moyen. Plante de croissance vigoureuse, \u00e0 floraison mono\u00efque. Les fruits sont vert fonc\u00e9, avec des \u00e9pines blanches peu abondantes, d&#039;une longueur de 17 \u00e0 19 cm au stade d&#039;exploitation.\" \/>\n<meta property=\"og:url\" content=\"https:\/\/saiga.es\/fr\/produit\/concombres-de-rocalba\/\" \/>\n<meta property=\"og:site_name\" content=\"SAIGA\" \/>\n<meta property=\"og:image\" content=\"https:\/\/saiga.es\/wp-content\/uploads\/2024\/02\/Cogombra-marketer.jpg\" \/>\n\t<meta property=\"og:image:width\" content=\"500\" \/>\n\t<meta property=\"og:image:height\" content=\"720\" \/>\n\t<meta property=\"og:image:type\" content=\"image\/jpeg\" \/>\n<meta name=\"twitter:card\" content=\"summary_large_image\" \/>\n<meta name=\"twitter:site\" content=\"@saiga_agro\" \/>\n<script type=\"application\/ld+json\" class=\"yoast-schema-graph\">{\"@context\":\"https:\\\/\\\/schema.org\",\"@graph\":[{\"@type\":\"WebPage\",\"@id\":\"https:\\\/\\\/saiga.es\\\/fr\\\/produit\\\/concombres-de-rocalba\\\/\",\"url\":\"https:\\\/\\\/saiga.es\\\/fr\\\/produit\\\/concombres-de-rocalba\\\/\",\"name\":\"Concombres de Rocalba | SAIGA\",\"isPartOf\":{\"@id\":\"https:\\\/\\\/saiga.es\\\/fr\\\/#website\"},\"primaryImageOfPage\":{\"@id\":\"https:\\\/\\\/saiga.es\\\/fr\\\/produit\\\/concombres-de-rocalba\\\/#primaryimage\"},\"image\":{\"@id\":\"https:\\\/\\\/saiga.es\\\/fr\\\/produit\\\/concombres-de-rocalba\\\/#primaryimage\"},\"thumbnailUrl\":\"https:\\\/\\\/saiga.es\\\/wp-content\\\/uploads\\\/2024\\\/02\\\/Cogombra-marketer.jpg\",\"datePublished\":\"2024-02-27T14:41:10+00:00\",\"description\":\"Concombres de Rocalba. Vari\u00e9t\u00e9 \u00e0 cycle moyen. Plante de croissance vigoureuse, \u00e0 floraison mono\u00efque. Les fruits sont vert fonc\u00e9, avec des \u00e9pines blanches peu abondantes, d'une longueur de 17 \u00e0 19 cm au stade d'exploitation.\",\"breadcrumb\":{\"@id\":\"https:\\\/\\\/saiga.es\\\/fr\\\/produit\\\/concombres-de-rocalba\\\/#breadcrumb\"},\"inLanguage\":\"fr-FR\",\"potentialAction\":[{\"@type\":\"ReadAction\",\"target\":[\"https:\\\/\\\/saiga.es\\\/fr\\\/produit\\\/concombres-de-rocalba\\\/\"]}]},{\"@type\":\"ImageObject\",\"inLanguage\":\"fr-FR\",\"@id\":\"https:\\\/\\\/saiga.es\\\/fr\\\/produit\\\/concombres-de-rocalba\\\/#primaryimage\",\"url\":\"https:\\\/\\\/saiga.es\\\/wp-content\\\/uploads\\\/2024\\\/02\\\/Cogombra-marketer.jpg\",\"contentUrl\":\"https:\\\/\\\/saiga.es\\\/wp-content\\\/uploads\\\/2024\\\/02\\\/Cogombra-marketer.jpg\",\"width\":500,\"height\":720,\"caption\":\"Concombre Marketer Rocalba\"},{\"@type\":\"BreadcrumbList\",\"@id\":\"https:\\\/\\\/saiga.es\\\/fr\\\/produit\\\/concombres-de-rocalba\\\/#breadcrumb\",\"itemListElement\":[{\"@type\":\"ListItem\",\"position\":1,\"name\":\"Inici\",\"item\":\"https:\\\/\\\/saiga.es\\\/fr\\\/\"},{\"@type\":\"ListItem\",\"position\":2,\"name\":\"boutique\",\"item\":\"https:\\\/\\\/saiga.es\\\/fr\\\/boutique\\\/\"},{\"@type\":\"ListItem\",\"position\":3,\"name\":\"Concombres de Rocalba\"}]},{\"@type\":\"WebSite\",\"@id\":\"https:\\\/\\\/saiga.es\\\/fr\\\/#website\",\"url\":\"https:\\\/\\\/saiga.es\\\/fr\\\/\",\"name\":\"SAIGA\",\"description\":\"M\u00e9s de 50 anys al servei de la terra i treballant per a un \u00fas eficient de l\u2019aigua!\",\"publisher\":{\"@id\":\"https:\\\/\\\/saiga.es\\\/fr\\\/#organization\"},\"potentialAction\":[{\"@type\":\"SearchAction\",\"target\":{\"@type\":\"EntryPoint\",\"urlTemplate\":\"https:\\\/\\\/saiga.es\\\/fr\\\/?s={search_term_string}\"},\"query-input\":{\"@type\":\"PropertyValueSpecification\",\"valueRequired\":true,\"valueName\":\"search_term_string\"}}],\"inLanguage\":\"fr-FR\"},{\"@type\":\"Organization\",\"@id\":\"https:\\\/\\\/saiga.es\\\/fr\\\/#organization\",\"name\":\"SAIGA\",\"url\":\"https:\\\/\\\/saiga.es\\\/fr\\\/\",\"logo\":{\"@type\":\"ImageObject\",\"inLanguage\":\"fr-FR\",\"@id\":\"https:\\\/\\\/saiga.es\\\/fr\\\/#\\\/schema\\\/logo\\\/image\\\/\",\"url\":\"https:\\\/\\\/saiga.es\\\/wp-content\\\/uploads\\\/2025\\\/07\\\/logo_saiga_baseline_optimitzat.svg\",\"contentUrl\":\"https:\\\/\\\/saiga.es\\\/wp-content\\\/uploads\\\/2025\\\/07\\\/logo_saiga_baseline_optimitzat.svg\",\"caption\":\"SAIGA\"},\"image\":{\"@id\":\"https:\\\/\\\/saiga.es\\\/fr\\\/#\\\/schema\\\/logo\\\/image\\\/\"},\"sameAs\":[\"https:\\\/\\\/x.com\\\/saiga_agro\",\"https:\\\/\\\/www.instagram.com\\\/saiga_agro\\\/\"]}]}<\/script>\n<!-- \/ Yoast SEO plugin. -->","yoast_head_json":{"title":"Concombres de Rocalba | SAIGA","description":"Concombres de Rocalba. Vari\u00e9t\u00e9 \u00e0 cycle moyen. Plante de croissance vigoureuse, \u00e0 floraison mono\u00efque. Les fruits sont vert fonc\u00e9, avec des \u00e9pines blanches peu abondantes, d'une longueur de 17 \u00e0 19 cm au stade d'exploitation.","robots":{"index":"index","follow":"follow","max-snippet":"max-snippet:-1","max-image-preview":"max-image-preview:large","max-video-preview":"max-video-preview:-1"},"canonical":"https:\/\/saiga.es\/fr\/produit\/concombres-de-rocalba\/","og_locale":"fr_FR","og_type":"article","og_title":"Concombres de Rocalba | SAIGA","og_description":"Concombres de Rocalba. Vari\u00e9t\u00e9 \u00e0 cycle moyen. Plante de croissance vigoureuse, \u00e0 floraison mono\u00efque. Les fruits sont vert fonc\u00e9, avec des \u00e9pines blanches peu abondantes, d'une longueur de 17 \u00e0 19 cm au stade d'exploitation.","og_url":"https:\/\/saiga.es\/fr\/produit\/concombres-de-rocalba\/","og_site_name":"SAIGA","og_image":[{"width":500,"height":720,"url":"https:\/\/saiga.es\/wp-content\/uploads\/2024\/02\/Cogombra-marketer.jpg","type":"image\/jpeg"}],"twitter_card":"summary_large_image","twitter_site":"@saiga_agro","schema":{"@context":"https:\/\/schema.org","@graph":[{"@type":"WebPage","@id":"https:\/\/saiga.es\/fr\/produit\/concombres-de-rocalba\/","url":"https:\/\/saiga.es\/fr\/produit\/concombres-de-rocalba\/","name":"Concombres de Rocalba | SAIGA","isPartOf":{"@id":"https:\/\/saiga.es\/fr\/#website"},"primaryImageOfPage":{"@id":"https:\/\/saiga.es\/fr\/produit\/concombres-de-rocalba\/#primaryimage"},"image":{"@id":"https:\/\/saiga.es\/fr\/produit\/concombres-de-rocalba\/#primaryimage"},"thumbnailUrl":"https:\/\/saiga.es\/wp-content\/uploads\/2024\/02\/Cogombra-marketer.jpg","datePublished":"2024-02-27T14:41:10+00:00","description":"Concombres de Rocalba. Vari\u00e9t\u00e9 \u00e0 cycle moyen. Plante de croissance vigoureuse, \u00e0 floraison mono\u00efque. Les fruits sont vert fonc\u00e9, avec des \u00e9pines blanches peu abondantes, d'une longueur de 17 \u00e0 19 cm au stade d'exploitation.","breadcrumb":{"@id":"https:\/\/saiga.es\/fr\/produit\/concombres-de-rocalba\/#breadcrumb"},"inLanguage":"fr-FR","potentialAction":[{"@type":"ReadAction","target":["https:\/\/saiga.es\/fr\/produit\/concombres-de-rocalba\/"]}]},{"@type":"ImageObject","inLanguage":"fr-FR","@id":"https:\/\/saiga.es\/fr\/produit\/concombres-de-rocalba\/#primaryimage","url":"https:\/\/saiga.es\/wp-content\/uploads\/2024\/02\/Cogombra-marketer.jpg","contentUrl":"https:\/\/saiga.es\/wp-content\/uploads\/2024\/02\/Cogombra-marketer.jpg","width":500,"height":720,"caption":"Concombre Marketer Rocalba"},{"@type":"BreadcrumbList","@id":"https:\/\/saiga.es\/fr\/produit\/concombres-de-rocalba\/#breadcrumb","itemListElement":[{"@type":"ListItem","position":1,"name":"Inici","item":"https:\/\/saiga.es\/fr\/"},{"@type":"ListItem","position":2,"name":"boutique","item":"https:\/\/saiga.es\/fr\/boutique\/"},{"@type":"ListItem","position":3,"name":"Concombres de Rocalba"}]},{"@type":"WebSite","@id":"https:\/\/saiga.es\/fr\/#website","url":"https:\/\/saiga.es\/fr\/","name":"SAIGA","description":"M\u00e9s de 50 anys al servei de la terra i treballant per a un \u00fas eficient de l\u2019aigua!","publisher":{"@id":"https:\/\/saiga.es\/fr\/#organization"},"potentialAction":[{"@type":"SearchAction","target":{"@type":"EntryPoint","urlTemplate":"https:\/\/saiga.es\/fr\/?s={search_term_string}"},"query-input":{"@type":"PropertyValueSpecification","valueRequired":true,"valueName":"search_term_string"}}],"inLanguage":"fr-FR"},{"@type":"Organization","@id":"https:\/\/saiga.es\/fr\/#organization","name":"SAIGA","url":"https:\/\/saiga.es\/fr\/","logo":{"@type":"ImageObject","inLanguage":"fr-FR","@id":"https:\/\/saiga.es\/fr\/#\/schema\/logo\/image\/","url":"https:\/\/saiga.es\/wp-content\/uploads\/2025\/07\/logo_saiga_baseline_optimitzat.svg","contentUrl":"https:\/\/saiga.es\/wp-content\/uploads\/2025\/07\/logo_saiga_baseline_optimitzat.svg","caption":"SAIGA"},"image":{"@id":"https:\/\/saiga.es\/fr\/#\/schema\/logo\/image\/"},"sameAs":["https:\/\/x.com\/saiga_agro","https:\/\/www.instagram.com\/saiga_agro\/"]}]}},"_links":{"self":[{"href":"https:\/\/saiga.es\/fr\/wp-json\/wp\/v2\/product\/8229","targetHints":{"allow":["GET"]}}],"collection":[{"href":"https:\/\/saiga.es\/fr\/wp-json\/wp\/v2\/product"}],"about":[{"href":"https:\/\/saiga.es\/fr\/wp-json\/wp\/v2\/types\/product"}],"replies":[{"embeddable":true,"href":"https:\/\/saiga.es\/fr\/wp-json\/wp\/v2\/comments?post=8229"}],"wp:featuredmedia":[{"embeddable":true,"href":"https:\/\/saiga.es\/fr\/wp-json\/wp\/v2\/media\/8227"}],"wp:attachment":[{"href":"https:\/\/saiga.es\/fr\/wp-json\/wp\/v2\/media?parent=8229"}],"wp:term":[{"taxonomy":"product_brand","embeddable":true,"href":"https:\/\/saiga.es\/fr\/wp-json\/wp\/v2\/product_brand?post=8229"},{"taxonomy":"product_cat","embeddable":true,"href":"https:\/\/saiga.es\/fr\/wp-json\/wp\/v2\/product_cat?post=8229"},{"taxonomy":"product_tag","embeddable":true,"href":"https:\/\/saiga.es\/fr\/wp-json\/wp\/v2\/product_tag?post=8229"}],"curies":[{"name":"wp","href":"https:\/\/api.w.org\/{rel}","templated":true}]}}