{"id":8235,"date":"2024-02-27T14:53:58","date_gmt":"2024-02-27T14:53:58","guid":{"rendered":"https:\/\/botiga.saiga.es\/producte\/concombre-wisconsinsmr-38\/"},"modified":"2024-02-27T14:53:58","modified_gmt":"2024-02-27T14:53:58","slug":"concombre-wisconsinsmr-38","status":"publish","type":"product","link":"https:\/\/saiga.es\/fr\/produit\/concombre-wisconsinsmr-38\/","title":{"rendered":"Concombre WisconsinSMR-38"},"content":{"rendered":"<p>concombre WisconsinSMR-38. Vari\u00e9t\u00e9 \u00e0 cycle pr\u00e9coce. Plante vigoureuse et productive \u00e0 floraison mono\u00efque. Fruit de 12 cm de long \u00e0 maturit\u00e9, de couleur vert moyen avec des stries longitudinales marqu\u00e9es et une chair ferme vert moyen. excellent Esp\u00e8ce exigeante en chaleur. Gardez le sol toujours frais. Encadrer les plantes pour am\u00e9liorer la qualit\u00e9 des fruits.<\/p>\n","protected":false},"excerpt":{"rendered":"<p>concombre WisconsinSMR-38. Vari\u00e9t\u00e9 \u00e0 cycle pr\u00e9coce. Plante vigoureuse et productive \u00e0 floraison mono\u00efque. Fruit de 12 cm de long \u00e0 maturit\u00e9, de couleur vert moyen avec des stries longitudinales marqu\u00e9es et une chair ferme vert moyen. excellent<\/p>\n","protected":false},"featured_media":8233,"comment_status":"closed","ping_status":"closed","template":"","meta":[],"product_brand":[],"product_cat":[458],"product_tag":[1075,796,1080,513,507,1079],"class_list":{"0":"post-8235","1":"product","2":"type-product","3":"status-publish","4":"has-post-thumbnail","6":"product_cat-horticole","7":"product_tag-concombre","8":"product_tag-graines","9":"product_tag-horticole","10":"product_tag-horticulture","11":"product_tag-potager","12":"product_tag-wisconsin-fr","14":"first","15":"instock","16":"taxable","17":"shipping-taxable","18":"purchasable","19":"product-type-simple"},"yoast_head":"<!-- This site is optimized with the Yoast SEO plugin v27.3 - https:\/\/yoast.com\/product\/yoast-seo-wordpress\/ -->\n<title>Concombre WisconsinSMR-38 | SAIGA<\/title>\n<meta name=\"description\" content=\"concombre WisconsinSMR-38. Vari\u00e9t\u00e9 \u00e0 cycle pr\u00e9coce. Plante vigoureuse et productive \u00e0 floraison mono\u00efque. Fruit de 12 cm de long \u00e0 maturit\u00e9, de couleur vert moyen avec des stries longitudinales marqu\u00e9es et une chair ferme vert moyen. excellent\" \/>\n<meta name=\"robots\" content=\"index, follow, max-snippet:-1, max-image-preview:large, max-video-preview:-1\" \/>\n<link rel=\"canonical\" href=\"https:\/\/saiga.es\/fr\/produit\/concombre-wisconsinsmr-38\/\" \/>\n<meta property=\"og:locale\" content=\"fr_FR\" \/>\n<meta property=\"og:type\" content=\"article\" \/>\n<meta property=\"og:title\" content=\"Concombre WisconsinSMR-38 | SAIGA\" \/>\n<meta property=\"og:description\" content=\"concombre WisconsinSMR-38. Vari\u00e9t\u00e9 \u00e0 cycle pr\u00e9coce. Plante vigoureuse et productive \u00e0 floraison mono\u00efque. Fruit de 12 cm de long \u00e0 maturit\u00e9, de couleur vert moyen avec des stries longitudinales marqu\u00e9es et une chair ferme vert moyen. excellent\" \/>\n<meta property=\"og:url\" content=\"https:\/\/saiga.es\/fr\/produit\/concombre-wisconsinsmr-38\/\" \/>\n<meta property=\"og:site_name\" content=\"SAIGA\" \/>\n<meta property=\"og:image\" content=\"https:\/\/saiga.es\/wp-content\/uploads\/2024\/02\/Cogombre-wisconsin.jpg\" \/>\n\t<meta property=\"og:image:width\" content=\"500\" \/>\n\t<meta property=\"og:image:height\" content=\"720\" \/>\n\t<meta property=\"og:image:type\" content=\"image\/jpeg\" \/>\n<meta name=\"twitter:card\" content=\"summary_large_image\" \/>\n<meta name=\"twitter:site\" content=\"@saiga_agro\" \/>\n<script type=\"application\/ld+json\" class=\"yoast-schema-graph\">{\"@context\":\"https:\\\/\\\/schema.org\",\"@graph\":[{\"@type\":\"WebPage\",\"@id\":\"https:\\\/\\\/saiga.es\\\/fr\\\/produit\\\/concombre-wisconsinsmr-38\\\/\",\"url\":\"https:\\\/\\\/saiga.es\\\/fr\\\/produit\\\/concombre-wisconsinsmr-38\\\/\",\"name\":\"Concombre WisconsinSMR-38 | SAIGA\",\"isPartOf\":{\"@id\":\"https:\\\/\\\/saiga.es\\\/fr\\\/#website\"},\"primaryImageOfPage\":{\"@id\":\"https:\\\/\\\/saiga.es\\\/fr\\\/produit\\\/concombre-wisconsinsmr-38\\\/#primaryimage\"},\"image\":{\"@id\":\"https:\\\/\\\/saiga.es\\\/fr\\\/produit\\\/concombre-wisconsinsmr-38\\\/#primaryimage\"},\"thumbnailUrl\":\"https:\\\/\\\/saiga.es\\\/wp-content\\\/uploads\\\/2024\\\/02\\\/Cogombre-wisconsin.jpg\",\"datePublished\":\"2024-02-27T14:53:58+00:00\",\"description\":\"concombre WisconsinSMR-38. Vari\u00e9t\u00e9 \u00e0 cycle pr\u00e9coce. Plante vigoureuse et productive \u00e0 floraison mono\u00efque. Fruit de 12 cm de long \u00e0 maturit\u00e9, de couleur vert moyen avec des stries longitudinales marqu\u00e9es et une chair ferme vert moyen. excellent\",\"breadcrumb\":{\"@id\":\"https:\\\/\\\/saiga.es\\\/fr\\\/produit\\\/concombre-wisconsinsmr-38\\\/#breadcrumb\"},\"inLanguage\":\"fr-FR\",\"potentialAction\":[{\"@type\":\"ReadAction\",\"target\":[\"https:\\\/\\\/saiga.es\\\/fr\\\/produit\\\/concombre-wisconsinsmr-38\\\/\"]}]},{\"@type\":\"ImageObject\",\"inLanguage\":\"fr-FR\",\"@id\":\"https:\\\/\\\/saiga.es\\\/fr\\\/produit\\\/concombre-wisconsinsmr-38\\\/#primaryimage\",\"url\":\"https:\\\/\\\/saiga.es\\\/wp-content\\\/uploads\\\/2024\\\/02\\\/Cogombre-wisconsin.jpg\",\"contentUrl\":\"https:\\\/\\\/saiga.es\\\/wp-content\\\/uploads\\\/2024\\\/02\\\/Cogombre-wisconsin.jpg\",\"width\":500,\"height\":720,\"caption\":\"Concombre wsconsin\"},{\"@type\":\"BreadcrumbList\",\"@id\":\"https:\\\/\\\/saiga.es\\\/fr\\\/produit\\\/concombre-wisconsinsmr-38\\\/#breadcrumb\",\"itemListElement\":[{\"@type\":\"ListItem\",\"position\":1,\"name\":\"Inici\",\"item\":\"https:\\\/\\\/saiga.es\\\/fr\\\/\"},{\"@type\":\"ListItem\",\"position\":2,\"name\":\"boutique\",\"item\":\"https:\\\/\\\/saiga.es\\\/fr\\\/boutique\\\/\"},{\"@type\":\"ListItem\",\"position\":3,\"name\":\"Concombre WisconsinSMR-38\"}]},{\"@type\":\"WebSite\",\"@id\":\"https:\\\/\\\/saiga.es\\\/fr\\\/#website\",\"url\":\"https:\\\/\\\/saiga.es\\\/fr\\\/\",\"name\":\"SAIGA\",\"description\":\"M\u00e9s de 50 anys al servei de la terra i treballant per a un \u00fas eficient de l\u2019aigua!\",\"publisher\":{\"@id\":\"https:\\\/\\\/saiga.es\\\/fr\\\/#organization\"},\"potentialAction\":[{\"@type\":\"SearchAction\",\"target\":{\"@type\":\"EntryPoint\",\"urlTemplate\":\"https:\\\/\\\/saiga.es\\\/fr\\\/?s={search_term_string}\"},\"query-input\":{\"@type\":\"PropertyValueSpecification\",\"valueRequired\":true,\"valueName\":\"search_term_string\"}}],\"inLanguage\":\"fr-FR\"},{\"@type\":\"Organization\",\"@id\":\"https:\\\/\\\/saiga.es\\\/fr\\\/#organization\",\"name\":\"SAIGA\",\"url\":\"https:\\\/\\\/saiga.es\\\/fr\\\/\",\"logo\":{\"@type\":\"ImageObject\",\"inLanguage\":\"fr-FR\",\"@id\":\"https:\\\/\\\/saiga.es\\\/fr\\\/#\\\/schema\\\/logo\\\/image\\\/\",\"url\":\"https:\\\/\\\/saiga.es\\\/wp-content\\\/uploads\\\/2025\\\/07\\\/logo_saiga_baseline_optimitzat.svg\",\"contentUrl\":\"https:\\\/\\\/saiga.es\\\/wp-content\\\/uploads\\\/2025\\\/07\\\/logo_saiga_baseline_optimitzat.svg\",\"caption\":\"SAIGA\"},\"image\":{\"@id\":\"https:\\\/\\\/saiga.es\\\/fr\\\/#\\\/schema\\\/logo\\\/image\\\/\"},\"sameAs\":[\"https:\\\/\\\/x.com\\\/saiga_agro\",\"https:\\\/\\\/www.instagram.com\\\/saiga_agro\\\/\"]}]}<\/script>\n<!-- \/ Yoast SEO plugin. -->","yoast_head_json":{"title":"Concombre WisconsinSMR-38 | SAIGA","description":"concombre WisconsinSMR-38. Vari\u00e9t\u00e9 \u00e0 cycle pr\u00e9coce. Plante vigoureuse et productive \u00e0 floraison mono\u00efque. Fruit de 12 cm de long \u00e0 maturit\u00e9, de couleur vert moyen avec des stries longitudinales marqu\u00e9es et une chair ferme vert moyen. excellent","robots":{"index":"index","follow":"follow","max-snippet":"max-snippet:-1","max-image-preview":"max-image-preview:large","max-video-preview":"max-video-preview:-1"},"canonical":"https:\/\/saiga.es\/fr\/produit\/concombre-wisconsinsmr-38\/","og_locale":"fr_FR","og_type":"article","og_title":"Concombre WisconsinSMR-38 | SAIGA","og_description":"concombre WisconsinSMR-38. Vari\u00e9t\u00e9 \u00e0 cycle pr\u00e9coce. Plante vigoureuse et productive \u00e0 floraison mono\u00efque. Fruit de 12 cm de long \u00e0 maturit\u00e9, de couleur vert moyen avec des stries longitudinales marqu\u00e9es et une chair ferme vert moyen. excellent","og_url":"https:\/\/saiga.es\/fr\/produit\/concombre-wisconsinsmr-38\/","og_site_name":"SAIGA","og_image":[{"width":500,"height":720,"url":"https:\/\/saiga.es\/wp-content\/uploads\/2024\/02\/Cogombre-wisconsin.jpg","type":"image\/jpeg"}],"twitter_card":"summary_large_image","twitter_site":"@saiga_agro","schema":{"@context":"https:\/\/schema.org","@graph":[{"@type":"WebPage","@id":"https:\/\/saiga.es\/fr\/produit\/concombre-wisconsinsmr-38\/","url":"https:\/\/saiga.es\/fr\/produit\/concombre-wisconsinsmr-38\/","name":"Concombre WisconsinSMR-38 | SAIGA","isPartOf":{"@id":"https:\/\/saiga.es\/fr\/#website"},"primaryImageOfPage":{"@id":"https:\/\/saiga.es\/fr\/produit\/concombre-wisconsinsmr-38\/#primaryimage"},"image":{"@id":"https:\/\/saiga.es\/fr\/produit\/concombre-wisconsinsmr-38\/#primaryimage"},"thumbnailUrl":"https:\/\/saiga.es\/wp-content\/uploads\/2024\/02\/Cogombre-wisconsin.jpg","datePublished":"2024-02-27T14:53:58+00:00","description":"concombre WisconsinSMR-38. Vari\u00e9t\u00e9 \u00e0 cycle pr\u00e9coce. Plante vigoureuse et productive \u00e0 floraison mono\u00efque. Fruit de 12 cm de long \u00e0 maturit\u00e9, de couleur vert moyen avec des stries longitudinales marqu\u00e9es et une chair ferme vert moyen. excellent","breadcrumb":{"@id":"https:\/\/saiga.es\/fr\/produit\/concombre-wisconsinsmr-38\/#breadcrumb"},"inLanguage":"fr-FR","potentialAction":[{"@type":"ReadAction","target":["https:\/\/saiga.es\/fr\/produit\/concombre-wisconsinsmr-38\/"]}]},{"@type":"ImageObject","inLanguage":"fr-FR","@id":"https:\/\/saiga.es\/fr\/produit\/concombre-wisconsinsmr-38\/#primaryimage","url":"https:\/\/saiga.es\/wp-content\/uploads\/2024\/02\/Cogombre-wisconsin.jpg","contentUrl":"https:\/\/saiga.es\/wp-content\/uploads\/2024\/02\/Cogombre-wisconsin.jpg","width":500,"height":720,"caption":"Concombre wsconsin"},{"@type":"BreadcrumbList","@id":"https:\/\/saiga.es\/fr\/produit\/concombre-wisconsinsmr-38\/#breadcrumb","itemListElement":[{"@type":"ListItem","position":1,"name":"Inici","item":"https:\/\/saiga.es\/fr\/"},{"@type":"ListItem","position":2,"name":"boutique","item":"https:\/\/saiga.es\/fr\/boutique\/"},{"@type":"ListItem","position":3,"name":"Concombre WisconsinSMR-38"}]},{"@type":"WebSite","@id":"https:\/\/saiga.es\/fr\/#website","url":"https:\/\/saiga.es\/fr\/","name":"SAIGA","description":"M\u00e9s de 50 anys al servei de la terra i treballant per a un \u00fas eficient de l\u2019aigua!","publisher":{"@id":"https:\/\/saiga.es\/fr\/#organization"},"potentialAction":[{"@type":"SearchAction","target":{"@type":"EntryPoint","urlTemplate":"https:\/\/saiga.es\/fr\/?s={search_term_string}"},"query-input":{"@type":"PropertyValueSpecification","valueRequired":true,"valueName":"search_term_string"}}],"inLanguage":"fr-FR"},{"@type":"Organization","@id":"https:\/\/saiga.es\/fr\/#organization","name":"SAIGA","url":"https:\/\/saiga.es\/fr\/","logo":{"@type":"ImageObject","inLanguage":"fr-FR","@id":"https:\/\/saiga.es\/fr\/#\/schema\/logo\/image\/","url":"https:\/\/saiga.es\/wp-content\/uploads\/2025\/07\/logo_saiga_baseline_optimitzat.svg","contentUrl":"https:\/\/saiga.es\/wp-content\/uploads\/2025\/07\/logo_saiga_baseline_optimitzat.svg","caption":"SAIGA"},"image":{"@id":"https:\/\/saiga.es\/fr\/#\/schema\/logo\/image\/"},"sameAs":["https:\/\/x.com\/saiga_agro","https:\/\/www.instagram.com\/saiga_agro\/"]}]}},"_links":{"self":[{"href":"https:\/\/saiga.es\/fr\/wp-json\/wp\/v2\/product\/8235","targetHints":{"allow":["GET"]}}],"collection":[{"href":"https:\/\/saiga.es\/fr\/wp-json\/wp\/v2\/product"}],"about":[{"href":"https:\/\/saiga.es\/fr\/wp-json\/wp\/v2\/types\/product"}],"replies":[{"embeddable":true,"href":"https:\/\/saiga.es\/fr\/wp-json\/wp\/v2\/comments?post=8235"}],"wp:featuredmedia":[{"embeddable":true,"href":"https:\/\/saiga.es\/fr\/wp-json\/wp\/v2\/media\/8233"}],"wp:attachment":[{"href":"https:\/\/saiga.es\/fr\/wp-json\/wp\/v2\/media?parent=8235"}],"wp:term":[{"taxonomy":"product_brand","embeddable":true,"href":"https:\/\/saiga.es\/fr\/wp-json\/wp\/v2\/product_brand?post=8235"},{"taxonomy":"product_cat","embeddable":true,"href":"https:\/\/saiga.es\/fr\/wp-json\/wp\/v2\/product_cat?post=8235"},{"taxonomy":"product_tag","embeddable":true,"href":"https:\/\/saiga.es\/fr\/wp-json\/wp\/v2\/product_tag?post=8235"}],"curies":[{"name":"wp","href":"https:\/\/api.w.org\/{rel}","templated":true}]}}