{"id":8246,"date":"2024-02-28T11:04:11","date_gmt":"2024-02-28T11:04:11","guid":{"rendered":"https:\/\/botiga.saiga.es\/producte\/derivation-te-pe-tech-line-d17-marron\/"},"modified":"2024-05-22T11:27:08","modified_gmt":"2024-05-22T11:27:08","slug":"derivation-te-pe-tech-line-d17-marron","status":"publish","type":"product","link":"https:\/\/saiga.es\/fr\/produit\/derivation-te-pe-tech-line-d17-marron\/","title":{"rendered":"D\u00e9rivation TE PE Tech line D17 marron"},"content":{"rendered":"<p>D\u00e9rivation TE PE Tech line D17 marron. Paquet 100 unit\u00e9s. Composant utilis\u00e9 dans les syst\u00e8mes de canalisations pour la distribution d&rsquo;eau ou de liquides dans des applications industrielles, agricoles ou de plomberie. Cette branche a la forme d&rsquo;une lettre \u00ab T \u00bb et est fabriqu\u00e9e en poly\u00e9thyl\u00e8ne, une mati\u00e8re plastique durable et r\u00e9sistante \u00e0 la corrosion.<\/p>\n<p>La fonction de cette d\u00e9rivation en forme de T est de permettre le raccordement de trois tron\u00e7ons de canalisation au m\u00eame endroit, cr\u00e9ant ainsi une bifurcation dans le r\u00e9seau de canalisations. Ceci est utile dans les situations o\u00f9 il est n\u00e9cessaire de r\u00e9partir le flux de liquide dans deux directions diff\u00e9rentes \u00e0 partir d&rsquo;une conduite principale.<\/p>\n","protected":false},"excerpt":{"rendered":"<p>D\u00e9rivation TE PE Tech line D17 marron. Composant utilis\u00e9 dans les syst\u00e8mes de canalisations pour la distribution d&rsquo;eau ou de liquides dans des applications industrielles, agricoles ou de plomberie. Cette branche a la forme d&rsquo;une lettre \u00ab T \u00bb et est fabriqu\u00e9e en poly\u00e9thyl\u00e8ne, une mati\u00e8re plastique durable et r\u00e9sistante \u00e0 la corrosion.<\/p>\n","protected":false},"featured_media":8243,"comment_status":"closed","ping_status":"closed","template":"","meta":[],"product_brand":[],"product_cat":[2255],"product_tag":[1082,829,834,844,845,1057,1088,824],"class_list":{"0":"post-8246","1":"product","2":"type-product","3":"status-publish","4":"has-post-thumbnail","6":"product_cat-accessoires-pour-tuyaux-dirrigation","7":"product_tag-accessoires","8":"product_tag-accessoires-dirrigation","9":"product_tag-arrosage-automatique-fr","10":"product_tag-derivation","11":"product_tag-goutte-a-goutte-fr","12":"product_tag-hydraulique","13":"product_tag-rain-bird-fr","14":"product_tag-reg-fr","16":"first","17":"instock","18":"taxable","19":"shipping-taxable","20":"purchasable","21":"product-type-simple"},"yoast_head":"<!-- This site is optimized with the Yoast SEO plugin v27.4 - https:\/\/yoast.com\/product\/yoast-seo-wordpress\/ -->\n<title>D\u00e9rivation TE PE Tech line D17 marron | SAIGA<\/title>\n<meta name=\"description\" content=\"D\u00e9rivation TE PE Tech line D17 marron. Composant utilis\u00e9 dans les syst\u00e8mes de canalisations pour la distribution d&#039;eau ou de liquides dans des applications industrielles, agricoles ou de plomberie. Cette branche a la forme d&#039;une lettre \u00ab T \u00bb et est fabriqu\u00e9e en poly\u00e9thyl\u00e8ne, une mati\u00e8re plastique durable et r\u00e9sistante \u00e0 la corrosion.\" \/>\n<meta name=\"robots\" content=\"index, follow, max-snippet:-1, max-image-preview:large, max-video-preview:-1\" \/>\n<link rel=\"canonical\" href=\"https:\/\/saiga.es\/fr\/produit\/derivation-te-pe-tech-line-d17-marron\/\" \/>\n<meta property=\"og:locale\" content=\"fr_FR\" \/>\n<meta property=\"og:type\" content=\"article\" \/>\n<meta property=\"og:title\" content=\"D\u00e9rivation TE PE Tech line D17 marron | SAIGA\" \/>\n<meta property=\"og:description\" content=\"D\u00e9rivation TE PE Tech line D17 marron. Composant utilis\u00e9 dans les syst\u00e8mes de canalisations pour la distribution d&#039;eau ou de liquides dans des applications industrielles, agricoles ou de plomberie. Cette branche a la forme d&#039;une lettre \u00ab T \u00bb et est fabriqu\u00e9e en poly\u00e9thyl\u00e8ne, une mati\u00e8re plastique durable et r\u00e9sistante \u00e0 la corrosion.\" \/>\n<meta property=\"og:url\" content=\"https:\/\/saiga.es\/fr\/produit\/derivation-te-pe-tech-line-d17-marron\/\" \/>\n<meta property=\"og:site_name\" content=\"SAIGA\" \/>\n<meta property=\"article:modified_time\" content=\"2024-05-22T11:27:08+00:00\" \/>\n<meta property=\"og:image\" content=\"https:\/\/saiga.es\/wp-content\/uploads\/2024\/02\/Derivacio-T.jpg\" \/>\n\t<meta property=\"og:image:width\" content=\"400\" \/>\n\t<meta property=\"og:image:height\" content=\"400\" \/>\n\t<meta property=\"og:image:type\" content=\"image\/jpeg\" \/>\n<meta name=\"twitter:card\" content=\"summary_large_image\" \/>\n<meta name=\"twitter:site\" content=\"@saiga_agro\" \/>\n<meta name=\"twitter:label1\" content=\"Dur\u00e9e de lecture estim\u00e9e\" \/>\n\t<meta name=\"twitter:data1\" content=\"1 minute\" \/>\n<script type=\"application\/ld+json\" class=\"yoast-schema-graph\">{\"@context\":\"https:\\\/\\\/schema.org\",\"@graph\":[{\"@type\":\"WebPage\",\"@id\":\"https:\\\/\\\/saiga.es\\\/fr\\\/produit\\\/derivation-te-pe-tech-line-d17-marron\\\/\",\"url\":\"https:\\\/\\\/saiga.es\\\/fr\\\/produit\\\/derivation-te-pe-tech-line-d17-marron\\\/\",\"name\":\"D\u00e9rivation TE PE Tech line D17 marron | SAIGA\",\"isPartOf\":{\"@id\":\"https:\\\/\\\/saiga.es\\\/fr\\\/#website\"},\"primaryImageOfPage\":{\"@id\":\"https:\\\/\\\/saiga.es\\\/fr\\\/produit\\\/derivation-te-pe-tech-line-d17-marron\\\/#primaryimage\"},\"image\":{\"@id\":\"https:\\\/\\\/saiga.es\\\/fr\\\/produit\\\/derivation-te-pe-tech-line-d17-marron\\\/#primaryimage\"},\"thumbnailUrl\":\"https:\\\/\\\/saiga.es\\\/wp-content\\\/uploads\\\/2024\\\/02\\\/Derivacio-T.jpg\",\"datePublished\":\"2024-02-28T11:04:11+00:00\",\"dateModified\":\"2024-05-22T11:27:08+00:00\",\"description\":\"D\u00e9rivation TE PE Tech line D17 marron. Composant utilis\u00e9 dans les syst\u00e8mes de canalisations pour la distribution d'eau ou de liquides dans des applications industrielles, agricoles ou de plomberie. Cette branche a la forme d'une lettre \u00ab T \u00bb et est fabriqu\u00e9e en poly\u00e9thyl\u00e8ne, une mati\u00e8re plastique durable et r\u00e9sistante \u00e0 la corrosion.\",\"breadcrumb\":{\"@id\":\"https:\\\/\\\/saiga.es\\\/fr\\\/produit\\\/derivation-te-pe-tech-line-d17-marron\\\/#breadcrumb\"},\"inLanguage\":\"fr-FR\",\"potentialAction\":[{\"@type\":\"ReadAction\",\"target\":[\"https:\\\/\\\/saiga.es\\\/fr\\\/produit\\\/derivation-te-pe-tech-line-d17-marron\\\/\"]}]},{\"@type\":\"ImageObject\",\"inLanguage\":\"fr-FR\",\"@id\":\"https:\\\/\\\/saiga.es\\\/fr\\\/produit\\\/derivation-te-pe-tech-line-d17-marron\\\/#primaryimage\",\"url\":\"https:\\\/\\\/saiga.es\\\/wp-content\\\/uploads\\\/2024\\\/02\\\/Derivacio-T.jpg\",\"contentUrl\":\"https:\\\/\\\/saiga.es\\\/wp-content\\\/uploads\\\/2024\\\/02\\\/Derivacio-T.jpg\",\"width\":400,\"height\":400,\"caption\":\"branche Te tech line 17\"},{\"@type\":\"BreadcrumbList\",\"@id\":\"https:\\\/\\\/saiga.es\\\/fr\\\/produit\\\/derivation-te-pe-tech-line-d17-marron\\\/#breadcrumb\",\"itemListElement\":[{\"@type\":\"ListItem\",\"position\":1,\"name\":\"Inici\",\"item\":\"https:\\\/\\\/saiga.es\\\/fr\\\/\"},{\"@type\":\"ListItem\",\"position\":2,\"name\":\"boutique\",\"item\":\"https:\\\/\\\/saiga.es\\\/fr\\\/boutique\\\/\"},{\"@type\":\"ListItem\",\"position\":3,\"name\":\"D\u00e9rivation TE PE Tech line D17 marron\"}]},{\"@type\":\"WebSite\",\"@id\":\"https:\\\/\\\/saiga.es\\\/fr\\\/#website\",\"url\":\"https:\\\/\\\/saiga.es\\\/fr\\\/\",\"name\":\"SAIGA\",\"description\":\"M\u00e9s de 50 anys al servei de la terra i treballant per a un \u00fas eficient de l\u2019aigua!\",\"publisher\":{\"@id\":\"https:\\\/\\\/saiga.es\\\/fr\\\/#organization\"},\"potentialAction\":[{\"@type\":\"SearchAction\",\"target\":{\"@type\":\"EntryPoint\",\"urlTemplate\":\"https:\\\/\\\/saiga.es\\\/fr\\\/?s={search_term_string}\"},\"query-input\":{\"@type\":\"PropertyValueSpecification\",\"valueRequired\":true,\"valueName\":\"search_term_string\"}}],\"inLanguage\":\"fr-FR\"},{\"@type\":\"Organization\",\"@id\":\"https:\\\/\\\/saiga.es\\\/fr\\\/#organization\",\"name\":\"SAIGA\",\"url\":\"https:\\\/\\\/saiga.es\\\/fr\\\/\",\"logo\":{\"@type\":\"ImageObject\",\"inLanguage\":\"fr-FR\",\"@id\":\"https:\\\/\\\/saiga.es\\\/fr\\\/#\\\/schema\\\/logo\\\/image\\\/\",\"url\":\"https:\\\/\\\/saiga.es\\\/wp-content\\\/uploads\\\/2025\\\/07\\\/logo_saiga_baseline_optimitzat.svg\",\"contentUrl\":\"https:\\\/\\\/saiga.es\\\/wp-content\\\/uploads\\\/2025\\\/07\\\/logo_saiga_baseline_optimitzat.svg\",\"caption\":\"SAIGA\"},\"image\":{\"@id\":\"https:\\\/\\\/saiga.es\\\/fr\\\/#\\\/schema\\\/logo\\\/image\\\/\"},\"sameAs\":[\"https:\\\/\\\/x.com\\\/saiga_agro\",\"https:\\\/\\\/www.instagram.com\\\/saiga_agro\\\/\"]}]}<\/script>\n<!-- \/ Yoast SEO plugin. -->","yoast_head_json":{"title":"D\u00e9rivation TE PE Tech line D17 marron | SAIGA","description":"D\u00e9rivation TE PE Tech line D17 marron. Composant utilis\u00e9 dans les syst\u00e8mes de canalisations pour la distribution d'eau ou de liquides dans des applications industrielles, agricoles ou de plomberie. Cette branche a la forme d'une lettre \u00ab T \u00bb et est fabriqu\u00e9e en poly\u00e9thyl\u00e8ne, une mati\u00e8re plastique durable et r\u00e9sistante \u00e0 la corrosion.","robots":{"index":"index","follow":"follow","max-snippet":"max-snippet:-1","max-image-preview":"max-image-preview:large","max-video-preview":"max-video-preview:-1"},"canonical":"https:\/\/saiga.es\/fr\/produit\/derivation-te-pe-tech-line-d17-marron\/","og_locale":"fr_FR","og_type":"article","og_title":"D\u00e9rivation TE PE Tech line D17 marron | SAIGA","og_description":"D\u00e9rivation TE PE Tech line D17 marron. Composant utilis\u00e9 dans les syst\u00e8mes de canalisations pour la distribution d'eau ou de liquides dans des applications industrielles, agricoles ou de plomberie. Cette branche a la forme d'une lettre \u00ab T \u00bb et est fabriqu\u00e9e en poly\u00e9thyl\u00e8ne, une mati\u00e8re plastique durable et r\u00e9sistante \u00e0 la corrosion.","og_url":"https:\/\/saiga.es\/fr\/produit\/derivation-te-pe-tech-line-d17-marron\/","og_site_name":"SAIGA","article_modified_time":"2024-05-22T11:27:08+00:00","og_image":[{"width":400,"height":400,"url":"https:\/\/saiga.es\/wp-content\/uploads\/2024\/02\/Derivacio-T.jpg","type":"image\/jpeg"}],"twitter_card":"summary_large_image","twitter_site":"@saiga_agro","twitter_misc":{"Dur\u00e9e de lecture estim\u00e9e":"1 minute"},"schema":{"@context":"https:\/\/schema.org","@graph":[{"@type":"WebPage","@id":"https:\/\/saiga.es\/fr\/produit\/derivation-te-pe-tech-line-d17-marron\/","url":"https:\/\/saiga.es\/fr\/produit\/derivation-te-pe-tech-line-d17-marron\/","name":"D\u00e9rivation TE PE Tech line D17 marron | SAIGA","isPartOf":{"@id":"https:\/\/saiga.es\/fr\/#website"},"primaryImageOfPage":{"@id":"https:\/\/saiga.es\/fr\/produit\/derivation-te-pe-tech-line-d17-marron\/#primaryimage"},"image":{"@id":"https:\/\/saiga.es\/fr\/produit\/derivation-te-pe-tech-line-d17-marron\/#primaryimage"},"thumbnailUrl":"https:\/\/saiga.es\/wp-content\/uploads\/2024\/02\/Derivacio-T.jpg","datePublished":"2024-02-28T11:04:11+00:00","dateModified":"2024-05-22T11:27:08+00:00","description":"D\u00e9rivation TE PE Tech line D17 marron. Composant utilis\u00e9 dans les syst\u00e8mes de canalisations pour la distribution d'eau ou de liquides dans des applications industrielles, agricoles ou de plomberie. Cette branche a la forme d'une lettre \u00ab T \u00bb et est fabriqu\u00e9e en poly\u00e9thyl\u00e8ne, une mati\u00e8re plastique durable et r\u00e9sistante \u00e0 la corrosion.","breadcrumb":{"@id":"https:\/\/saiga.es\/fr\/produit\/derivation-te-pe-tech-line-d17-marron\/#breadcrumb"},"inLanguage":"fr-FR","potentialAction":[{"@type":"ReadAction","target":["https:\/\/saiga.es\/fr\/produit\/derivation-te-pe-tech-line-d17-marron\/"]}]},{"@type":"ImageObject","inLanguage":"fr-FR","@id":"https:\/\/saiga.es\/fr\/produit\/derivation-te-pe-tech-line-d17-marron\/#primaryimage","url":"https:\/\/saiga.es\/wp-content\/uploads\/2024\/02\/Derivacio-T.jpg","contentUrl":"https:\/\/saiga.es\/wp-content\/uploads\/2024\/02\/Derivacio-T.jpg","width":400,"height":400,"caption":"branche Te tech line 17"},{"@type":"BreadcrumbList","@id":"https:\/\/saiga.es\/fr\/produit\/derivation-te-pe-tech-line-d17-marron\/#breadcrumb","itemListElement":[{"@type":"ListItem","position":1,"name":"Inici","item":"https:\/\/saiga.es\/fr\/"},{"@type":"ListItem","position":2,"name":"boutique","item":"https:\/\/saiga.es\/fr\/boutique\/"},{"@type":"ListItem","position":3,"name":"D\u00e9rivation TE PE Tech line D17 marron"}]},{"@type":"WebSite","@id":"https:\/\/saiga.es\/fr\/#website","url":"https:\/\/saiga.es\/fr\/","name":"SAIGA","description":"M\u00e9s de 50 anys al servei de la terra i treballant per a un \u00fas eficient de l\u2019aigua!","publisher":{"@id":"https:\/\/saiga.es\/fr\/#organization"},"potentialAction":[{"@type":"SearchAction","target":{"@type":"EntryPoint","urlTemplate":"https:\/\/saiga.es\/fr\/?s={search_term_string}"},"query-input":{"@type":"PropertyValueSpecification","valueRequired":true,"valueName":"search_term_string"}}],"inLanguage":"fr-FR"},{"@type":"Organization","@id":"https:\/\/saiga.es\/fr\/#organization","name":"SAIGA","url":"https:\/\/saiga.es\/fr\/","logo":{"@type":"ImageObject","inLanguage":"fr-FR","@id":"https:\/\/saiga.es\/fr\/#\/schema\/logo\/image\/","url":"https:\/\/saiga.es\/wp-content\/uploads\/2025\/07\/logo_saiga_baseline_optimitzat.svg","contentUrl":"https:\/\/saiga.es\/wp-content\/uploads\/2025\/07\/logo_saiga_baseline_optimitzat.svg","caption":"SAIGA"},"image":{"@id":"https:\/\/saiga.es\/fr\/#\/schema\/logo\/image\/"},"sameAs":["https:\/\/x.com\/saiga_agro","https:\/\/www.instagram.com\/saiga_agro\/"]}]}},"_links":{"self":[{"href":"https:\/\/saiga.es\/fr\/wp-json\/wp\/v2\/product\/8246","targetHints":{"allow":["GET"]}}],"collection":[{"href":"https:\/\/saiga.es\/fr\/wp-json\/wp\/v2\/product"}],"about":[{"href":"https:\/\/saiga.es\/fr\/wp-json\/wp\/v2\/types\/product"}],"replies":[{"embeddable":true,"href":"https:\/\/saiga.es\/fr\/wp-json\/wp\/v2\/comments?post=8246"}],"wp:featuredmedia":[{"embeddable":true,"href":"https:\/\/saiga.es\/fr\/wp-json\/wp\/v2\/media\/8243"}],"wp:attachment":[{"href":"https:\/\/saiga.es\/fr\/wp-json\/wp\/v2\/media?parent=8246"}],"wp:term":[{"taxonomy":"product_brand","embeddable":true,"href":"https:\/\/saiga.es\/fr\/wp-json\/wp\/v2\/product_brand?post=8246"},{"taxonomy":"product_cat","embeddable":true,"href":"https:\/\/saiga.es\/fr\/wp-json\/wp\/v2\/product_cat?post=8246"},{"taxonomy":"product_tag","embeddable":true,"href":"https:\/\/saiga.es\/fr\/wp-json\/wp\/v2\/product_tag?post=8246"}],"curies":[{"name":"wp","href":"https:\/\/api.w.org\/{rel}","templated":true}]}}