{"id":8252,"date":"2024-02-28T11:23:00","date_gmt":"2024-02-28T11:23:00","guid":{"rendered":"https:\/\/botiga.saiga.es\/producte\/coude-pe-tech-line-d17-marron\/"},"modified":"2024-05-22T11:16:43","modified_gmt":"2024-05-22T11:16:43","slug":"coude-pe-tech-line-d17-marron","status":"publish","type":"product","link":"https:\/\/saiga.es\/fr\/produit\/coude-pe-tech-line-d17-marron\/","title":{"rendered":"Coude PE Tech Line D17 marron"},"content":{"rendered":"<p>Le coude en poly\u00e9thyl\u00e8ne Tech Line de 17 mm de diam\u00e8tre est un composant utilis\u00e9 dans les syst\u00e8mes de canalisations pour la distribution d&rsquo;eau ou d&rsquo;autres liquides. Ce coude a la forme d&rsquo;un double angle (90 degr\u00e9s) et est fabriqu\u00e9 en poly\u00e9thyl\u00e8ne, une mati\u00e8re plastique durable et r\u00e9sistante \u00e0 la corrosion.<\/p>\n<p>La fonction principale de ce coude est de permettre un changement de direction du tuyau selon un angle de 90 degr\u00e9s. Ceci est utile lorsque vous devez adapter le trac\u00e9 d&rsquo;un pipeline pour franchir des obstacles ou ajuster son trac\u00e9 dans un syst\u00e8me de distribution.<\/p>\n<p>Les coudes en poly\u00e9thyl\u00e8ne sont courants dans une grande vari\u00e9t\u00e9 d&rsquo;applications, notamment les syst\u00e8mes d&rsquo;irrigation agricole, la plomberie r\u00e9sidentielle et industrielle, ainsi que d&rsquo;autres syst\u00e8mes de transport de liquides o\u00f9 des ajustements d&rsquo;acheminement des tuyaux sont n\u00e9cessaires. Ce type de coude est appr\u00e9ci\u00e9 pour sa facilit\u00e9 d\u2019installation, sa durabilit\u00e9 et sa r\u00e9sistance \u00e0 la corrosion, ce qui en fait un choix populaire dans diverses circonstances.<\/p>\n","protected":false},"excerpt":{"rendered":"<p>Le coude en poly\u00e9thyl\u00e8ne Tech Line de 17 mm de diam\u00e8tre est un composant utilis\u00e9 dans les syst\u00e8mes de canalisations pour la distribution d&rsquo;eau ou d&rsquo;autres liquides. Ce coude a la forme d&rsquo;un double angle (90 degr\u00e9s) et est fabriqu\u00e9 en poly\u00e9thyl\u00e8ne, une mati\u00e8re plastique durable et r\u00e9sistante \u00e0 la corrosion.<\/p>\n<p>La fonction principale de ce coude est de permettre un changement de direction du tuyau selon un angle de 90 degr\u00e9s. Ceci est utile lorsque vous devez adapter le trac\u00e9 d&rsquo;un pipeline pour franchir des obstacles ou ajuster son trac\u00e9 dans un syst\u00e8me de distribution.<\/p>\n<p>Les coudes en poly\u00e9thyl\u00e8ne sont courants dans une grande vari\u00e9t\u00e9 d&rsquo;applications, notamment les syst\u00e8mes d&rsquo;irrigation agricole, la plomberie r\u00e9sidentielle et industrielle, ainsi que d&rsquo;autres syst\u00e8mes de transport de liquides o\u00f9 des ajustements d&rsquo;acheminement des tuyaux sont n\u00e9cessaires. Ce type de coude est appr\u00e9ci\u00e9 pour sa facilit\u00e9 d\u2019installation, sa durabilit\u00e9 et sa r\u00e9sistance \u00e0 la corrosion, ce qui en fait un choix populaire dans diverses circonstances.<\/p>\n","protected":false},"featured_media":8250,"comment_status":"open","ping_status":"closed","template":"","meta":[],"product_brand":[],"product_cat":[2255],"product_tag":[829,834,835,1057,837,1088,824],"class_list":{"0":"post-8252","1":"product","2":"type-product","3":"status-publish","4":"has-post-thumbnail","6":"product_cat-accessoires-pour-tuyaux-dirrigation","7":"product_tag-accessoires-dirrigation","8":"product_tag-arrosage-automatique-fr","9":"product_tag-coude","10":"product_tag-hydraulique","11":"product_tag-polyethylene","12":"product_tag-rain-bird-fr","13":"product_tag-reg-fr","15":"first","16":"instock","17":"taxable","18":"shipping-taxable","19":"purchasable","20":"product-type-simple"},"yoast_head":"<!-- This site is optimized with the Yoast SEO plugin v27.4 - https:\/\/yoast.com\/product\/yoast-seo-wordpress\/ -->\n<title>Coude PE Tech Line D17 marron | SAIGA<\/title>\n<meta name=\"description\" content=\"Le coude en poly\u00e9thyl\u00e8ne Tech Line de 17 mm de diam\u00e8tre est un composant utilis\u00e9 dans les syst\u00e8mes de canalisations pour la distribution d&#039;eau ou d&#039;autres liquides. Ce coude a la forme d&#039;un double angle (90 degr\u00e9s) et est fabriqu\u00e9 en poly\u00e9thyl\u00e8ne, une mati\u00e8re plastique durable et r\u00e9sistante \u00e0 la corrosion.\" \/>\n<meta name=\"robots\" content=\"index, follow, max-snippet:-1, max-image-preview:large, max-video-preview:-1\" \/>\n<link rel=\"canonical\" href=\"https:\/\/saiga.es\/fr\/produit\/coude-pe-tech-line-d17-marron\/\" \/>\n<meta property=\"og:locale\" content=\"fr_FR\" \/>\n<meta property=\"og:type\" content=\"article\" \/>\n<meta property=\"og:title\" content=\"Coude PE Tech Line D17 marron | SAIGA\" \/>\n<meta property=\"og:description\" content=\"Le coude en poly\u00e9thyl\u00e8ne Tech Line de 17 mm de diam\u00e8tre est un composant utilis\u00e9 dans les syst\u00e8mes de canalisations pour la distribution d&#039;eau ou d&#039;autres liquides. Ce coude a la forme d&#039;un double angle (90 degr\u00e9s) et est fabriqu\u00e9 en poly\u00e9thyl\u00e8ne, une mati\u00e8re plastique durable et r\u00e9sistante \u00e0 la corrosion.\" \/>\n<meta property=\"og:url\" content=\"https:\/\/saiga.es\/fr\/produit\/coude-pe-tech-line-d17-marron\/\" \/>\n<meta property=\"og:site_name\" content=\"SAIGA\" \/>\n<meta property=\"article:modified_time\" content=\"2024-05-22T11:16:43+00:00\" \/>\n<meta property=\"og:image\" content=\"https:\/\/saiga.es\/wp-content\/uploads\/2024\/02\/Colze-PE.jpg\" \/>\n\t<meta property=\"og:image:width\" content=\"800\" \/>\n\t<meta property=\"og:image:height\" content=\"800\" \/>\n\t<meta property=\"og:image:type\" content=\"image\/jpeg\" \/>\n<meta name=\"twitter:card\" content=\"summary_large_image\" \/>\n<meta name=\"twitter:site\" content=\"@saiga_agro\" \/>\n<meta name=\"twitter:label1\" content=\"Dur\u00e9e de lecture estim\u00e9e\" \/>\n\t<meta name=\"twitter:data1\" content=\"2 minutes\" \/>\n<script type=\"application\/ld+json\" class=\"yoast-schema-graph\">{\"@context\":\"https:\\\/\\\/schema.org\",\"@graph\":[{\"@type\":\"WebPage\",\"@id\":\"https:\\\/\\\/saiga.es\\\/fr\\\/produit\\\/coude-pe-tech-line-d17-marron\\\/\",\"url\":\"https:\\\/\\\/saiga.es\\\/fr\\\/produit\\\/coude-pe-tech-line-d17-marron\\\/\",\"name\":\"Coude PE Tech Line D17 marron | SAIGA\",\"isPartOf\":{\"@id\":\"https:\\\/\\\/saiga.es\\\/fr\\\/#website\"},\"primaryImageOfPage\":{\"@id\":\"https:\\\/\\\/saiga.es\\\/fr\\\/produit\\\/coude-pe-tech-line-d17-marron\\\/#primaryimage\"},\"image\":{\"@id\":\"https:\\\/\\\/saiga.es\\\/fr\\\/produit\\\/coude-pe-tech-line-d17-marron\\\/#primaryimage\"},\"thumbnailUrl\":\"https:\\\/\\\/saiga.es\\\/wp-content\\\/uploads\\\/2024\\\/02\\\/Colze-PE.jpg\",\"datePublished\":\"2024-02-28T11:23:00+00:00\",\"dateModified\":\"2024-05-22T11:16:43+00:00\",\"description\":\"Le coude en poly\u00e9thyl\u00e8ne Tech Line de 17 mm de diam\u00e8tre est un composant utilis\u00e9 dans les syst\u00e8mes de canalisations pour la distribution d'eau ou d'autres liquides. Ce coude a la forme d'un double angle (90 degr\u00e9s) et est fabriqu\u00e9 en poly\u00e9thyl\u00e8ne, une mati\u00e8re plastique durable et r\u00e9sistante \u00e0 la corrosion.\",\"breadcrumb\":{\"@id\":\"https:\\\/\\\/saiga.es\\\/fr\\\/produit\\\/coude-pe-tech-line-d17-marron\\\/#breadcrumb\"},\"inLanguage\":\"fr-FR\",\"potentialAction\":[{\"@type\":\"ReadAction\",\"target\":[\"https:\\\/\\\/saiga.es\\\/fr\\\/produit\\\/coude-pe-tech-line-d17-marron\\\/\"]}]},{\"@type\":\"ImageObject\",\"inLanguage\":\"fr-FR\",\"@id\":\"https:\\\/\\\/saiga.es\\\/fr\\\/produit\\\/coude-pe-tech-line-d17-marron\\\/#primaryimage\",\"url\":\"https:\\\/\\\/saiga.es\\\/wp-content\\\/uploads\\\/2024\\\/02\\\/Colze-PE.jpg\",\"contentUrl\":\"https:\\\/\\\/saiga.es\\\/wp-content\\\/uploads\\\/2024\\\/02\\\/Colze-PE.jpg\",\"width\":800,\"height\":800,\"caption\":\"Coude PE Tech line\"},{\"@type\":\"BreadcrumbList\",\"@id\":\"https:\\\/\\\/saiga.es\\\/fr\\\/produit\\\/coude-pe-tech-line-d17-marron\\\/#breadcrumb\",\"itemListElement\":[{\"@type\":\"ListItem\",\"position\":1,\"name\":\"Inici\",\"item\":\"https:\\\/\\\/saiga.es\\\/fr\\\/\"},{\"@type\":\"ListItem\",\"position\":2,\"name\":\"boutique\",\"item\":\"https:\\\/\\\/saiga.es\\\/fr\\\/boutique\\\/\"},{\"@type\":\"ListItem\",\"position\":3,\"name\":\"Coude PE Tech Line D17 marron\"}]},{\"@type\":\"WebSite\",\"@id\":\"https:\\\/\\\/saiga.es\\\/fr\\\/#website\",\"url\":\"https:\\\/\\\/saiga.es\\\/fr\\\/\",\"name\":\"SAIGA\",\"description\":\"M\u00e9s de 50 anys al servei de la terra i treballant per a un \u00fas eficient de l\u2019aigua!\",\"publisher\":{\"@id\":\"https:\\\/\\\/saiga.es\\\/fr\\\/#organization\"},\"potentialAction\":[{\"@type\":\"SearchAction\",\"target\":{\"@type\":\"EntryPoint\",\"urlTemplate\":\"https:\\\/\\\/saiga.es\\\/fr\\\/?s={search_term_string}\"},\"query-input\":{\"@type\":\"PropertyValueSpecification\",\"valueRequired\":true,\"valueName\":\"search_term_string\"}}],\"inLanguage\":\"fr-FR\"},{\"@type\":\"Organization\",\"@id\":\"https:\\\/\\\/saiga.es\\\/fr\\\/#organization\",\"name\":\"SAIGA\",\"url\":\"https:\\\/\\\/saiga.es\\\/fr\\\/\",\"logo\":{\"@type\":\"ImageObject\",\"inLanguage\":\"fr-FR\",\"@id\":\"https:\\\/\\\/saiga.es\\\/fr\\\/#\\\/schema\\\/logo\\\/image\\\/\",\"url\":\"https:\\\/\\\/saiga.es\\\/wp-content\\\/uploads\\\/2025\\\/07\\\/logo_saiga_baseline_optimitzat.svg\",\"contentUrl\":\"https:\\\/\\\/saiga.es\\\/wp-content\\\/uploads\\\/2025\\\/07\\\/logo_saiga_baseline_optimitzat.svg\",\"caption\":\"SAIGA\"},\"image\":{\"@id\":\"https:\\\/\\\/saiga.es\\\/fr\\\/#\\\/schema\\\/logo\\\/image\\\/\"},\"sameAs\":[\"https:\\\/\\\/x.com\\\/saiga_agro\",\"https:\\\/\\\/www.instagram.com\\\/saiga_agro\\\/\"]}]}<\/script>\n<!-- \/ Yoast SEO plugin. -->","yoast_head_json":{"title":"Coude PE Tech Line D17 marron | SAIGA","description":"Le coude en poly\u00e9thyl\u00e8ne Tech Line de 17 mm de diam\u00e8tre est un composant utilis\u00e9 dans les syst\u00e8mes de canalisations pour la distribution d'eau ou d'autres liquides. Ce coude a la forme d'un double angle (90 degr\u00e9s) et est fabriqu\u00e9 en poly\u00e9thyl\u00e8ne, une mati\u00e8re plastique durable et r\u00e9sistante \u00e0 la corrosion.","robots":{"index":"index","follow":"follow","max-snippet":"max-snippet:-1","max-image-preview":"max-image-preview:large","max-video-preview":"max-video-preview:-1"},"canonical":"https:\/\/saiga.es\/fr\/produit\/coude-pe-tech-line-d17-marron\/","og_locale":"fr_FR","og_type":"article","og_title":"Coude PE Tech Line D17 marron | SAIGA","og_description":"Le coude en poly\u00e9thyl\u00e8ne Tech Line de 17 mm de diam\u00e8tre est un composant utilis\u00e9 dans les syst\u00e8mes de canalisations pour la distribution d'eau ou d'autres liquides. Ce coude a la forme d'un double angle (90 degr\u00e9s) et est fabriqu\u00e9 en poly\u00e9thyl\u00e8ne, une mati\u00e8re plastique durable et r\u00e9sistante \u00e0 la corrosion.","og_url":"https:\/\/saiga.es\/fr\/produit\/coude-pe-tech-line-d17-marron\/","og_site_name":"SAIGA","article_modified_time":"2024-05-22T11:16:43+00:00","og_image":[{"width":800,"height":800,"url":"https:\/\/saiga.es\/wp-content\/uploads\/2024\/02\/Colze-PE.jpg","type":"image\/jpeg"}],"twitter_card":"summary_large_image","twitter_site":"@saiga_agro","twitter_misc":{"Dur\u00e9e de lecture estim\u00e9e":"2 minutes"},"schema":{"@context":"https:\/\/schema.org","@graph":[{"@type":"WebPage","@id":"https:\/\/saiga.es\/fr\/produit\/coude-pe-tech-line-d17-marron\/","url":"https:\/\/saiga.es\/fr\/produit\/coude-pe-tech-line-d17-marron\/","name":"Coude PE Tech Line D17 marron | SAIGA","isPartOf":{"@id":"https:\/\/saiga.es\/fr\/#website"},"primaryImageOfPage":{"@id":"https:\/\/saiga.es\/fr\/produit\/coude-pe-tech-line-d17-marron\/#primaryimage"},"image":{"@id":"https:\/\/saiga.es\/fr\/produit\/coude-pe-tech-line-d17-marron\/#primaryimage"},"thumbnailUrl":"https:\/\/saiga.es\/wp-content\/uploads\/2024\/02\/Colze-PE.jpg","datePublished":"2024-02-28T11:23:00+00:00","dateModified":"2024-05-22T11:16:43+00:00","description":"Le coude en poly\u00e9thyl\u00e8ne Tech Line de 17 mm de diam\u00e8tre est un composant utilis\u00e9 dans les syst\u00e8mes de canalisations pour la distribution d'eau ou d'autres liquides. Ce coude a la forme d'un double angle (90 degr\u00e9s) et est fabriqu\u00e9 en poly\u00e9thyl\u00e8ne, une mati\u00e8re plastique durable et r\u00e9sistante \u00e0 la corrosion.","breadcrumb":{"@id":"https:\/\/saiga.es\/fr\/produit\/coude-pe-tech-line-d17-marron\/#breadcrumb"},"inLanguage":"fr-FR","potentialAction":[{"@type":"ReadAction","target":["https:\/\/saiga.es\/fr\/produit\/coude-pe-tech-line-d17-marron\/"]}]},{"@type":"ImageObject","inLanguage":"fr-FR","@id":"https:\/\/saiga.es\/fr\/produit\/coude-pe-tech-line-d17-marron\/#primaryimage","url":"https:\/\/saiga.es\/wp-content\/uploads\/2024\/02\/Colze-PE.jpg","contentUrl":"https:\/\/saiga.es\/wp-content\/uploads\/2024\/02\/Colze-PE.jpg","width":800,"height":800,"caption":"Coude PE Tech line"},{"@type":"BreadcrumbList","@id":"https:\/\/saiga.es\/fr\/produit\/coude-pe-tech-line-d17-marron\/#breadcrumb","itemListElement":[{"@type":"ListItem","position":1,"name":"Inici","item":"https:\/\/saiga.es\/fr\/"},{"@type":"ListItem","position":2,"name":"boutique","item":"https:\/\/saiga.es\/fr\/boutique\/"},{"@type":"ListItem","position":3,"name":"Coude PE Tech Line D17 marron"}]},{"@type":"WebSite","@id":"https:\/\/saiga.es\/fr\/#website","url":"https:\/\/saiga.es\/fr\/","name":"SAIGA","description":"M\u00e9s de 50 anys al servei de la terra i treballant per a un \u00fas eficient de l\u2019aigua!","publisher":{"@id":"https:\/\/saiga.es\/fr\/#organization"},"potentialAction":[{"@type":"SearchAction","target":{"@type":"EntryPoint","urlTemplate":"https:\/\/saiga.es\/fr\/?s={search_term_string}"},"query-input":{"@type":"PropertyValueSpecification","valueRequired":true,"valueName":"search_term_string"}}],"inLanguage":"fr-FR"},{"@type":"Organization","@id":"https:\/\/saiga.es\/fr\/#organization","name":"SAIGA","url":"https:\/\/saiga.es\/fr\/","logo":{"@type":"ImageObject","inLanguage":"fr-FR","@id":"https:\/\/saiga.es\/fr\/#\/schema\/logo\/image\/","url":"https:\/\/saiga.es\/wp-content\/uploads\/2025\/07\/logo_saiga_baseline_optimitzat.svg","contentUrl":"https:\/\/saiga.es\/wp-content\/uploads\/2025\/07\/logo_saiga_baseline_optimitzat.svg","caption":"SAIGA"},"image":{"@id":"https:\/\/saiga.es\/fr\/#\/schema\/logo\/image\/"},"sameAs":["https:\/\/x.com\/saiga_agro","https:\/\/www.instagram.com\/saiga_agro\/"]}]}},"_links":{"self":[{"href":"https:\/\/saiga.es\/fr\/wp-json\/wp\/v2\/product\/8252","targetHints":{"allow":["GET"]}}],"collection":[{"href":"https:\/\/saiga.es\/fr\/wp-json\/wp\/v2\/product"}],"about":[{"href":"https:\/\/saiga.es\/fr\/wp-json\/wp\/v2\/types\/product"}],"replies":[{"embeddable":true,"href":"https:\/\/saiga.es\/fr\/wp-json\/wp\/v2\/comments?post=8252"}],"wp:featuredmedia":[{"embeddable":true,"href":"https:\/\/saiga.es\/fr\/wp-json\/wp\/v2\/media\/8250"}],"wp:attachment":[{"href":"https:\/\/saiga.es\/fr\/wp-json\/wp\/v2\/media?parent=8252"}],"wp:term":[{"taxonomy":"product_brand","embeddable":true,"href":"https:\/\/saiga.es\/fr\/wp-json\/wp\/v2\/product_brand?post=8252"},{"taxonomy":"product_cat","embeddable":true,"href":"https:\/\/saiga.es\/fr\/wp-json\/wp\/v2\/product_cat?post=8252"},{"taxonomy":"product_tag","embeddable":true,"href":"https:\/\/saiga.es\/fr\/wp-json\/wp\/v2\/product_tag?post=8252"}],"curies":[{"name":"wp","href":"https:\/\/api.w.org\/{rel}","templated":true}]}}