{"id":8261,"date":"2024-02-28T11:43:24","date_gmt":"2024-02-28T11:43:24","guid":{"rendered":"https:\/\/botiga.saiga.es\/producte\/bouchon-pe-d-16-anneau\/"},"modified":"2024-02-28T11:43:24","modified_gmt":"2024-02-28T11:43:24","slug":"bouchon-pe-d-16-anneau","status":"publish","type":"product","link":"https:\/\/saiga.es\/fr\/produit\/bouchon-pe-d-16-anneau\/","title":{"rendered":"Bouchon PE D 16 anneau"},"content":{"rendered":"<p>Bouchon PE D 16 anneau. Bouchon utilis\u00e9 dans les syst\u00e8mes de canalisations en poly\u00e9thyl\u00e8ne (PE) d&rsquo;un diam\u00e8tre de 16 mm. Ce bouchon comporte un anneau, qui peut \u00eatre un joint torique ou un autre type de joint, qui assure une connexion \u00e9tanche lorsque le bouchon est plac\u00e9 dans le tuyau.<\/p>\n<p>La fonction principale de ce bouchon est de fermer herm\u00e9tiquement un tuyau en poly\u00e9thyl\u00e8ne de 16 mm de diam\u00e8tre. Il est utilis\u00e9 lorsqu&rsquo;il est n\u00e9cessaire de fermer une canalisation de mani\u00e8re temporaire ou permanente, par exemple dans des situations o\u00f9 des r\u00e9parations, un entretien ou lorsqu&rsquo;une section de canalisation n&rsquo;est plus n\u00e9cessaire.<\/p>\n<p>Ces bouchons sont importants pour garantir que le syst\u00e8me de tuyauterie conserve son int\u00e9grit\u00e9 structurelle et emp\u00eache la perte ou les fuites d&rsquo;eau ou de liquide. Son anneau assure un joint \u00e9tanche qui permet d&rsquo;\u00e9viter les fuites ou les fuites dans le tuyau o\u00f9 le bouchon est install\u00e9.<\/p>\n","protected":false},"excerpt":{"rendered":"<p>Bouchon PE D 16 anneau. Bouchon utilis\u00e9 dans les syst\u00e8mes de canalisations en poly\u00e9thyl\u00e8ne (PE) d&rsquo;un diam\u00e8tre de 16 mm. Ce bouchon comporte un anneau, qui peut \u00eatre un joint torique ou un autre type de joint, qui assure une connexion \u00e9tanche lorsque le bouchon est plac\u00e9 dans le tuyau.<\/p>\n<p>La fonction principale de ce bouchon est de fermer herm\u00e9tiquement un tuyau en poly\u00e9thyl\u00e8ne de 16 mm de diam\u00e8tre. Il est utilis\u00e9 lorsqu&rsquo;il est n\u00e9cessaire de fermer une canalisation de mani\u00e8re temporaire ou permanente, par exemple dans des situations o\u00f9 des r\u00e9parations, un entretien ou lorsqu&rsquo;une section de canalisation n&rsquo;est plus n\u00e9cessaire.<\/p>\n<p>Ces bouchons sont importants pour garantir que le syst\u00e8me de tuyauterie conserve son int\u00e9grit\u00e9 structurelle et emp\u00eache la perte ou les fuites d&rsquo;eau ou de liquide. Son anneau assure un joint \u00e9tanche qui permet d&rsquo;\u00e9viter les fuites ou les fuites dans le tuyau o\u00f9 le bouchon est install\u00e9.<\/p>\n","protected":false},"featured_media":8259,"comment_status":"closed","ping_status":"closed","template":"","meta":[],"product_brand":[],"product_cat":[1447],"product_tag":[1082,829,1086,834,837],"class_list":{"0":"post-8261","1":"product","2":"type-product","3":"status-publish","4":"has-post-thumbnail","6":"product_cat-tuyaux-et-accessoires-dirrigation","7":"product_tag-accessoires","8":"product_tag-accessoires-dirrigation","9":"product_tag-anneau","10":"product_tag-arrosage-automatique-fr","11":"product_tag-polyethylene","13":"first","14":"instock","15":"taxable","16":"shipping-taxable","17":"purchasable","18":"product-type-simple"},"yoast_head":"<!-- This site is optimized with the Yoast SEO plugin v27.4 - https:\/\/yoast.com\/product\/yoast-seo-wordpress\/ -->\n<title>Bouchon PE D 16 anneau | SAIGA<\/title>\n<meta name=\"description\" content=\"Bouchon PE D 16 anneau. Bouchon utilis\u00e9 dans les syst\u00e8mes de canalisations en poly\u00e9thyl\u00e8ne (PE) d&#039;un diam\u00e8tre de 16 mm. Ce bouchon comporte un anneau, qui peut \u00eatre un joint torique ou un autre type de joint, qui assure une connexion \u00e9tanche lorsque le bouchon est plac\u00e9 dans le tuyau.\" \/>\n<meta name=\"robots\" content=\"index, follow, max-snippet:-1, max-image-preview:large, max-video-preview:-1\" \/>\n<link rel=\"canonical\" href=\"https:\/\/saiga.es\/fr\/produit\/bouchon-pe-d-16-anneau\/\" \/>\n<meta property=\"og:locale\" content=\"fr_FR\" \/>\n<meta property=\"og:type\" content=\"article\" \/>\n<meta property=\"og:title\" content=\"Bouchon PE D 16 anneau | SAIGA\" \/>\n<meta property=\"og:description\" content=\"Bouchon PE D 16 anneau. Bouchon utilis\u00e9 dans les syst\u00e8mes de canalisations en poly\u00e9thyl\u00e8ne (PE) d&#039;un diam\u00e8tre de 16 mm. Ce bouchon comporte un anneau, qui peut \u00eatre un joint torique ou un autre type de joint, qui assure une connexion \u00e9tanche lorsque le bouchon est plac\u00e9 dans le tuyau.\" \/>\n<meta property=\"og:url\" content=\"https:\/\/saiga.es\/fr\/produit\/bouchon-pe-d-16-anneau\/\" \/>\n<meta property=\"og:site_name\" content=\"SAIGA\" \/>\n<meta property=\"og:image\" content=\"https:\/\/saiga.es\/wp-content\/uploads\/2024\/02\/Tap-PE-2.jpg\" \/>\n\t<meta property=\"og:image:width\" content=\"800\" \/>\n\t<meta property=\"og:image:height\" content=\"800\" \/>\n\t<meta property=\"og:image:type\" content=\"image\/jpeg\" \/>\n<meta name=\"twitter:card\" content=\"summary_large_image\" \/>\n<meta name=\"twitter:site\" content=\"@saiga_agro\" \/>\n<meta name=\"twitter:label1\" content=\"Dur\u00e9e de lecture estim\u00e9e\" \/>\n\t<meta name=\"twitter:data1\" content=\"1 minute\" \/>\n<script type=\"application\/ld+json\" class=\"yoast-schema-graph\">{\"@context\":\"https:\\\/\\\/schema.org\",\"@graph\":[{\"@type\":\"WebPage\",\"@id\":\"https:\\\/\\\/saiga.es\\\/fr\\\/produit\\\/bouchon-pe-d-16-anneau\\\/\",\"url\":\"https:\\\/\\\/saiga.es\\\/fr\\\/produit\\\/bouchon-pe-d-16-anneau\\\/\",\"name\":\"Bouchon PE D 16 anneau | SAIGA\",\"isPartOf\":{\"@id\":\"https:\\\/\\\/saiga.es\\\/fr\\\/#website\"},\"primaryImageOfPage\":{\"@id\":\"https:\\\/\\\/saiga.es\\\/fr\\\/produit\\\/bouchon-pe-d-16-anneau\\\/#primaryimage\"},\"image\":{\"@id\":\"https:\\\/\\\/saiga.es\\\/fr\\\/produit\\\/bouchon-pe-d-16-anneau\\\/#primaryimage\"},\"thumbnailUrl\":\"https:\\\/\\\/saiga.es\\\/wp-content\\\/uploads\\\/2024\\\/02\\\/Tap-PE-2.jpg\",\"datePublished\":\"2024-02-28T11:43:24+00:00\",\"description\":\"Bouchon PE D 16 anneau. Bouchon utilis\u00e9 dans les syst\u00e8mes de canalisations en poly\u00e9thyl\u00e8ne (PE) d'un diam\u00e8tre de 16 mm. Ce bouchon comporte un anneau, qui peut \u00eatre un joint torique ou un autre type de joint, qui assure une connexion \u00e9tanche lorsque le bouchon est plac\u00e9 dans le tuyau.\",\"breadcrumb\":{\"@id\":\"https:\\\/\\\/saiga.es\\\/fr\\\/produit\\\/bouchon-pe-d-16-anneau\\\/#breadcrumb\"},\"inLanguage\":\"fr-FR\",\"potentialAction\":[{\"@type\":\"ReadAction\",\"target\":[\"https:\\\/\\\/saiga.es\\\/fr\\\/produit\\\/bouchon-pe-d-16-anneau\\\/\"]}]},{\"@type\":\"ImageObject\",\"inLanguage\":\"fr-FR\",\"@id\":\"https:\\\/\\\/saiga.es\\\/fr\\\/produit\\\/bouchon-pe-d-16-anneau\\\/#primaryimage\",\"url\":\"https:\\\/\\\/saiga.es\\\/wp-content\\\/uploads\\\/2024\\\/02\\\/Tap-PE-2.jpg\",\"contentUrl\":\"https:\\\/\\\/saiga.es\\\/wp-content\\\/uploads\\\/2024\\\/02\\\/Tap-PE-2.jpg\",\"width\":800,\"height\":800,\"caption\":\"Bouchon PE D 16\"},{\"@type\":\"BreadcrumbList\",\"@id\":\"https:\\\/\\\/saiga.es\\\/fr\\\/produit\\\/bouchon-pe-d-16-anneau\\\/#breadcrumb\",\"itemListElement\":[{\"@type\":\"ListItem\",\"position\":1,\"name\":\"Inici\",\"item\":\"https:\\\/\\\/saiga.es\\\/fr\\\/\"},{\"@type\":\"ListItem\",\"position\":2,\"name\":\"boutique\",\"item\":\"https:\\\/\\\/saiga.es\\\/fr\\\/boutique\\\/\"},{\"@type\":\"ListItem\",\"position\":3,\"name\":\"Bouchon PE D 16 anneau\"}]},{\"@type\":\"WebSite\",\"@id\":\"https:\\\/\\\/saiga.es\\\/fr\\\/#website\",\"url\":\"https:\\\/\\\/saiga.es\\\/fr\\\/\",\"name\":\"SAIGA\",\"description\":\"M\u00e9s de 50 anys al servei de la terra i treballant per a un \u00fas eficient de l\u2019aigua!\",\"publisher\":{\"@id\":\"https:\\\/\\\/saiga.es\\\/fr\\\/#organization\"},\"potentialAction\":[{\"@type\":\"SearchAction\",\"target\":{\"@type\":\"EntryPoint\",\"urlTemplate\":\"https:\\\/\\\/saiga.es\\\/fr\\\/?s={search_term_string}\"},\"query-input\":{\"@type\":\"PropertyValueSpecification\",\"valueRequired\":true,\"valueName\":\"search_term_string\"}}],\"inLanguage\":\"fr-FR\"},{\"@type\":\"Organization\",\"@id\":\"https:\\\/\\\/saiga.es\\\/fr\\\/#organization\",\"name\":\"SAIGA\",\"url\":\"https:\\\/\\\/saiga.es\\\/fr\\\/\",\"logo\":{\"@type\":\"ImageObject\",\"inLanguage\":\"fr-FR\",\"@id\":\"https:\\\/\\\/saiga.es\\\/fr\\\/#\\\/schema\\\/logo\\\/image\\\/\",\"url\":\"https:\\\/\\\/saiga.es\\\/wp-content\\\/uploads\\\/2025\\\/07\\\/logo_saiga_baseline_optimitzat.svg\",\"contentUrl\":\"https:\\\/\\\/saiga.es\\\/wp-content\\\/uploads\\\/2025\\\/07\\\/logo_saiga_baseline_optimitzat.svg\",\"caption\":\"SAIGA\"},\"image\":{\"@id\":\"https:\\\/\\\/saiga.es\\\/fr\\\/#\\\/schema\\\/logo\\\/image\\\/\"},\"sameAs\":[\"https:\\\/\\\/x.com\\\/saiga_agro\",\"https:\\\/\\\/www.instagram.com\\\/saiga_agro\\\/\"]}]}<\/script>\n<!-- \/ Yoast SEO plugin. -->","yoast_head_json":{"title":"Bouchon PE D 16 anneau | SAIGA","description":"Bouchon PE D 16 anneau. Bouchon utilis\u00e9 dans les syst\u00e8mes de canalisations en poly\u00e9thyl\u00e8ne (PE) d'un diam\u00e8tre de 16 mm. Ce bouchon comporte un anneau, qui peut \u00eatre un joint torique ou un autre type de joint, qui assure une connexion \u00e9tanche lorsque le bouchon est plac\u00e9 dans le tuyau.","robots":{"index":"index","follow":"follow","max-snippet":"max-snippet:-1","max-image-preview":"max-image-preview:large","max-video-preview":"max-video-preview:-1"},"canonical":"https:\/\/saiga.es\/fr\/produit\/bouchon-pe-d-16-anneau\/","og_locale":"fr_FR","og_type":"article","og_title":"Bouchon PE D 16 anneau | SAIGA","og_description":"Bouchon PE D 16 anneau. Bouchon utilis\u00e9 dans les syst\u00e8mes de canalisations en poly\u00e9thyl\u00e8ne (PE) d'un diam\u00e8tre de 16 mm. Ce bouchon comporte un anneau, qui peut \u00eatre un joint torique ou un autre type de joint, qui assure une connexion \u00e9tanche lorsque le bouchon est plac\u00e9 dans le tuyau.","og_url":"https:\/\/saiga.es\/fr\/produit\/bouchon-pe-d-16-anneau\/","og_site_name":"SAIGA","og_image":[{"width":800,"height":800,"url":"https:\/\/saiga.es\/wp-content\/uploads\/2024\/02\/Tap-PE-2.jpg","type":"image\/jpeg"}],"twitter_card":"summary_large_image","twitter_site":"@saiga_agro","twitter_misc":{"Dur\u00e9e de lecture estim\u00e9e":"1 minute"},"schema":{"@context":"https:\/\/schema.org","@graph":[{"@type":"WebPage","@id":"https:\/\/saiga.es\/fr\/produit\/bouchon-pe-d-16-anneau\/","url":"https:\/\/saiga.es\/fr\/produit\/bouchon-pe-d-16-anneau\/","name":"Bouchon PE D 16 anneau | SAIGA","isPartOf":{"@id":"https:\/\/saiga.es\/fr\/#website"},"primaryImageOfPage":{"@id":"https:\/\/saiga.es\/fr\/produit\/bouchon-pe-d-16-anneau\/#primaryimage"},"image":{"@id":"https:\/\/saiga.es\/fr\/produit\/bouchon-pe-d-16-anneau\/#primaryimage"},"thumbnailUrl":"https:\/\/saiga.es\/wp-content\/uploads\/2024\/02\/Tap-PE-2.jpg","datePublished":"2024-02-28T11:43:24+00:00","description":"Bouchon PE D 16 anneau. Bouchon utilis\u00e9 dans les syst\u00e8mes de canalisations en poly\u00e9thyl\u00e8ne (PE) d'un diam\u00e8tre de 16 mm. Ce bouchon comporte un anneau, qui peut \u00eatre un joint torique ou un autre type de joint, qui assure une connexion \u00e9tanche lorsque le bouchon est plac\u00e9 dans le tuyau.","breadcrumb":{"@id":"https:\/\/saiga.es\/fr\/produit\/bouchon-pe-d-16-anneau\/#breadcrumb"},"inLanguage":"fr-FR","potentialAction":[{"@type":"ReadAction","target":["https:\/\/saiga.es\/fr\/produit\/bouchon-pe-d-16-anneau\/"]}]},{"@type":"ImageObject","inLanguage":"fr-FR","@id":"https:\/\/saiga.es\/fr\/produit\/bouchon-pe-d-16-anneau\/#primaryimage","url":"https:\/\/saiga.es\/wp-content\/uploads\/2024\/02\/Tap-PE-2.jpg","contentUrl":"https:\/\/saiga.es\/wp-content\/uploads\/2024\/02\/Tap-PE-2.jpg","width":800,"height":800,"caption":"Bouchon PE D 16"},{"@type":"BreadcrumbList","@id":"https:\/\/saiga.es\/fr\/produit\/bouchon-pe-d-16-anneau\/#breadcrumb","itemListElement":[{"@type":"ListItem","position":1,"name":"Inici","item":"https:\/\/saiga.es\/fr\/"},{"@type":"ListItem","position":2,"name":"boutique","item":"https:\/\/saiga.es\/fr\/boutique\/"},{"@type":"ListItem","position":3,"name":"Bouchon PE D 16 anneau"}]},{"@type":"WebSite","@id":"https:\/\/saiga.es\/fr\/#website","url":"https:\/\/saiga.es\/fr\/","name":"SAIGA","description":"M\u00e9s de 50 anys al servei de la terra i treballant per a un \u00fas eficient de l\u2019aigua!","publisher":{"@id":"https:\/\/saiga.es\/fr\/#organization"},"potentialAction":[{"@type":"SearchAction","target":{"@type":"EntryPoint","urlTemplate":"https:\/\/saiga.es\/fr\/?s={search_term_string}"},"query-input":{"@type":"PropertyValueSpecification","valueRequired":true,"valueName":"search_term_string"}}],"inLanguage":"fr-FR"},{"@type":"Organization","@id":"https:\/\/saiga.es\/fr\/#organization","name":"SAIGA","url":"https:\/\/saiga.es\/fr\/","logo":{"@type":"ImageObject","inLanguage":"fr-FR","@id":"https:\/\/saiga.es\/fr\/#\/schema\/logo\/image\/","url":"https:\/\/saiga.es\/wp-content\/uploads\/2025\/07\/logo_saiga_baseline_optimitzat.svg","contentUrl":"https:\/\/saiga.es\/wp-content\/uploads\/2025\/07\/logo_saiga_baseline_optimitzat.svg","caption":"SAIGA"},"image":{"@id":"https:\/\/saiga.es\/fr\/#\/schema\/logo\/image\/"},"sameAs":["https:\/\/x.com\/saiga_agro","https:\/\/www.instagram.com\/saiga_agro\/"]}]}},"_links":{"self":[{"href":"https:\/\/saiga.es\/fr\/wp-json\/wp\/v2\/product\/8261","targetHints":{"allow":["GET"]}}],"collection":[{"href":"https:\/\/saiga.es\/fr\/wp-json\/wp\/v2\/product"}],"about":[{"href":"https:\/\/saiga.es\/fr\/wp-json\/wp\/v2\/types\/product"}],"replies":[{"embeddable":true,"href":"https:\/\/saiga.es\/fr\/wp-json\/wp\/v2\/comments?post=8261"}],"wp:featuredmedia":[{"embeddable":true,"href":"https:\/\/saiga.es\/fr\/wp-json\/wp\/v2\/media\/8259"}],"wp:attachment":[{"href":"https:\/\/saiga.es\/fr\/wp-json\/wp\/v2\/media?parent=8261"}],"wp:term":[{"taxonomy":"product_brand","embeddable":true,"href":"https:\/\/saiga.es\/fr\/wp-json\/wp\/v2\/product_brand?post=8261"},{"taxonomy":"product_cat","embeddable":true,"href":"https:\/\/saiga.es\/fr\/wp-json\/wp\/v2\/product_cat?post=8261"},{"taxonomy":"product_tag","embeddable":true,"href":"https:\/\/saiga.es\/fr\/wp-json\/wp\/v2\/product_tag?post=8261"}],"curies":[{"name":"wp","href":"https:\/\/api.w.org\/{rel}","templated":true}]}}