{"id":8270,"date":"2024-02-28T12:08:39","date_gmt":"2024-02-28T12:08:39","guid":{"rendered":"https:\/\/botiga.saiga.es\/producte\/manchon-union-pe-tech-line-d-17\/"},"modified":"2024-02-28T12:08:39","modified_gmt":"2024-02-28T12:08:39","slug":"manchon-union-pe-tech-line-d-17","status":"publish","type":"product","link":"https:\/\/saiga.es\/fr\/produit\/manchon-union-pe-tech-line-d-17\/","title":{"rendered":"Manchon union PE Tech Line D 17"},"content":{"rendered":"<p>Manchon union PE Tech Line D 17. Composant utilis\u00e9 dans les syst\u00e8mes de canalisations en poly\u00e9thyl\u00e8ne (PE) d&rsquo;un diam\u00e8tre de 17 mm. Ce tuyau a pour fonction principale de joindre deux sections de tuyau en poly\u00e9thyl\u00e8ne de 17 mm, permettant une connexion rapide et s\u00fbre entre elles.<\/p>\n<p>L&rsquo;utilit\u00e9 d&rsquo;un manchon-union est essentielle pour la construction et l&rsquo;entretien des syst\u00e8mes de tuyauterie, car ils permettent d&rsquo;\u00e9tablir des connexions entre les diff\u00e9rentes sections du tuyau sans avoir besoin de soudures ou d&rsquo;adh\u00e9sifs sp\u00e9ciaux. Cela rend le processus de connexion beaucoup plus simple et rapide, r\u00e9duisant ainsi le temps et les co\u00fbts d&rsquo;installation.<\/p>\n<p>De plus, les tuyaux-union facilitent \u00e9galement les r\u00e9parations ou les modifications du syst\u00e8me de canalisations, car ils permettent de d\u00e9connecter et de reconnecter les sections de canalisations sans dommages importants. Ceci est particuli\u00e8rement utile dans les situations d&rsquo;urgence ou lorsqu&rsquo;un changement rapide de la configuration du syst\u00e8me de tuyauterie est requis.<\/p>\n<p>En r\u00e9sum\u00e9, le manchon union PE Tech Line D 17 est un composant essentiel dans la construction et l&rsquo;entretien des syst\u00e8mes de tuyaux en poly\u00e9thyl\u00e8ne de 17 mm, car il permet l&rsquo;assemblage efficace et s\u00fbr des sections de tuyaux, facilitant l&rsquo;installation, les r\u00e9parations et les modifications du syst\u00e8me. .<\/p>\n","protected":false},"excerpt":{"rendered":"<p>Manchon union PE Tech Line D 17. Composant utilis\u00e9 dans les syst\u00e8mes de canalisations en poly\u00e9thyl\u00e8ne (PE) d&rsquo;un diam\u00e8tre de 17 mm. Ce tuyau a pour fonction principale de joindre deux sections de tuyau en poly\u00e9thyl\u00e8ne de 17 mm, permettant une connexion rapide et s\u00fbre entre elles.<\/p>\n","protected":false},"featured_media":8268,"comment_status":"open","ping_status":"closed","template":"","meta":[],"product_brand":[],"product_cat":[2255],"product_tag":[829,834,1057,1088,824],"class_list":{"0":"post-8270","1":"product","2":"type-product","3":"status-publish","4":"has-post-thumbnail","6":"product_cat-accessoires-pour-tuyaux-dirrigation","7":"product_tag-accessoires-dirrigation","8":"product_tag-arrosage-automatique-fr","9":"product_tag-hydraulique","10":"product_tag-rain-bird-fr","11":"product_tag-reg-fr","13":"first","14":"instock","15":"taxable","16":"shipping-taxable","17":"purchasable","18":"product-type-simple"},"yoast_head":"<!-- This site is optimized with the Yoast SEO plugin v27.4 - https:\/\/yoast.com\/product\/yoast-seo-wordpress\/ -->\n<title>Manchon union PE Tech Line D 17 | SAIGA<\/title>\n<meta name=\"description\" content=\"Manchon union PE Tech Line D 17. Composant utilis\u00e9 dans les syst\u00e8mes de canalisations en poly\u00e9thyl\u00e8ne (PE) d&#039;un diam\u00e8tre de 17 mm. Ce tuyau a pour fonction principale de joindre deux sections de tuyau en poly\u00e9thyl\u00e8ne de 17 mm, permettant une connexion rapide et s\u00fbre entre elles.\" \/>\n<meta name=\"robots\" content=\"index, follow, max-snippet:-1, max-image-preview:large, max-video-preview:-1\" \/>\n<link rel=\"canonical\" href=\"https:\/\/saiga.es\/fr\/produit\/manchon-union-pe-tech-line-d-17\/\" \/>\n<meta property=\"og:locale\" content=\"fr_FR\" \/>\n<meta property=\"og:type\" content=\"article\" \/>\n<meta property=\"og:title\" content=\"Manchon union PE Tech Line D 17 | SAIGA\" \/>\n<meta property=\"og:description\" content=\"Manchon union PE Tech Line D 17. Composant utilis\u00e9 dans les syst\u00e8mes de canalisations en poly\u00e9thyl\u00e8ne (PE) d&#039;un diam\u00e8tre de 17 mm. Ce tuyau a pour fonction principale de joindre deux sections de tuyau en poly\u00e9thyl\u00e8ne de 17 mm, permettant une connexion rapide et s\u00fbre entre elles.\" \/>\n<meta property=\"og:url\" content=\"https:\/\/saiga.es\/fr\/produit\/manchon-union-pe-tech-line-d-17\/\" \/>\n<meta property=\"og:site_name\" content=\"SAIGA\" \/>\n<meta property=\"og:image\" content=\"https:\/\/saiga.es\/wp-content\/uploads\/2024\/02\/Maniguet-Rain-Bird.jpg\" \/>\n\t<meta property=\"og:image:width\" content=\"800\" \/>\n\t<meta property=\"og:image:height\" content=\"800\" \/>\n\t<meta property=\"og:image:type\" content=\"image\/jpeg\" \/>\n<meta name=\"twitter:card\" content=\"summary_large_image\" \/>\n<meta name=\"twitter:site\" content=\"@saiga_agro\" \/>\n<meta name=\"twitter:label1\" content=\"Dur\u00e9e de lecture estim\u00e9e\" \/>\n\t<meta name=\"twitter:data1\" content=\"1 minute\" \/>\n<script type=\"application\/ld+json\" class=\"yoast-schema-graph\">{\"@context\":\"https:\\\/\\\/schema.org\",\"@graph\":[{\"@type\":\"WebPage\",\"@id\":\"https:\\\/\\\/saiga.es\\\/fr\\\/produit\\\/manchon-union-pe-tech-line-d-17\\\/\",\"url\":\"https:\\\/\\\/saiga.es\\\/fr\\\/produit\\\/manchon-union-pe-tech-line-d-17\\\/\",\"name\":\"Manchon union PE Tech Line D 17 | SAIGA\",\"isPartOf\":{\"@id\":\"https:\\\/\\\/saiga.es\\\/fr\\\/#website\"},\"primaryImageOfPage\":{\"@id\":\"https:\\\/\\\/saiga.es\\\/fr\\\/produit\\\/manchon-union-pe-tech-line-d-17\\\/#primaryimage\"},\"image\":{\"@id\":\"https:\\\/\\\/saiga.es\\\/fr\\\/produit\\\/manchon-union-pe-tech-line-d-17\\\/#primaryimage\"},\"thumbnailUrl\":\"https:\\\/\\\/saiga.es\\\/wp-content\\\/uploads\\\/2024\\\/02\\\/Maniguet-Rain-Bird.jpg\",\"datePublished\":\"2024-02-28T12:08:39+00:00\",\"description\":\"Manchon union PE Tech Line D 17. Composant utilis\u00e9 dans les syst\u00e8mes de canalisations en poly\u00e9thyl\u00e8ne (PE) d'un diam\u00e8tre de 17 mm. Ce tuyau a pour fonction principale de joindre deux sections de tuyau en poly\u00e9thyl\u00e8ne de 17 mm, permettant une connexion rapide et s\u00fbre entre elles.\",\"breadcrumb\":{\"@id\":\"https:\\\/\\\/saiga.es\\\/fr\\\/produit\\\/manchon-union-pe-tech-line-d-17\\\/#breadcrumb\"},\"inLanguage\":\"fr-FR\",\"potentialAction\":[{\"@type\":\"ReadAction\",\"target\":[\"https:\\\/\\\/saiga.es\\\/fr\\\/produit\\\/manchon-union-pe-tech-line-d-17\\\/\"]}]},{\"@type\":\"ImageObject\",\"inLanguage\":\"fr-FR\",\"@id\":\"https:\\\/\\\/saiga.es\\\/fr\\\/produit\\\/manchon-union-pe-tech-line-d-17\\\/#primaryimage\",\"url\":\"https:\\\/\\\/saiga.es\\\/wp-content\\\/uploads\\\/2024\\\/02\\\/Maniguet-Rain-Bird.jpg\",\"contentUrl\":\"https:\\\/\\\/saiga.es\\\/wp-content\\\/uploads\\\/2024\\\/02\\\/Maniguet-Rain-Bird.jpg\",\"width\":800,\"height\":800,\"caption\":\"Manchon Uni\u00f3 PE\"},{\"@type\":\"BreadcrumbList\",\"@id\":\"https:\\\/\\\/saiga.es\\\/fr\\\/produit\\\/manchon-union-pe-tech-line-d-17\\\/#breadcrumb\",\"itemListElement\":[{\"@type\":\"ListItem\",\"position\":1,\"name\":\"Inici\",\"item\":\"https:\\\/\\\/saiga.es\\\/fr\\\/\"},{\"@type\":\"ListItem\",\"position\":2,\"name\":\"boutique\",\"item\":\"https:\\\/\\\/saiga.es\\\/fr\\\/boutique\\\/\"},{\"@type\":\"ListItem\",\"position\":3,\"name\":\"Manchon union PE Tech Line D 17\"}]},{\"@type\":\"WebSite\",\"@id\":\"https:\\\/\\\/saiga.es\\\/fr\\\/#website\",\"url\":\"https:\\\/\\\/saiga.es\\\/fr\\\/\",\"name\":\"SAIGA\",\"description\":\"M\u00e9s de 50 anys al servei de la terra i treballant per a un \u00fas eficient de l\u2019aigua!\",\"publisher\":{\"@id\":\"https:\\\/\\\/saiga.es\\\/fr\\\/#organization\"},\"potentialAction\":[{\"@type\":\"SearchAction\",\"target\":{\"@type\":\"EntryPoint\",\"urlTemplate\":\"https:\\\/\\\/saiga.es\\\/fr\\\/?s={search_term_string}\"},\"query-input\":{\"@type\":\"PropertyValueSpecification\",\"valueRequired\":true,\"valueName\":\"search_term_string\"}}],\"inLanguage\":\"fr-FR\"},{\"@type\":\"Organization\",\"@id\":\"https:\\\/\\\/saiga.es\\\/fr\\\/#organization\",\"name\":\"SAIGA\",\"url\":\"https:\\\/\\\/saiga.es\\\/fr\\\/\",\"logo\":{\"@type\":\"ImageObject\",\"inLanguage\":\"fr-FR\",\"@id\":\"https:\\\/\\\/saiga.es\\\/fr\\\/#\\\/schema\\\/logo\\\/image\\\/\",\"url\":\"https:\\\/\\\/saiga.es\\\/wp-content\\\/uploads\\\/2025\\\/07\\\/logo_saiga_baseline_optimitzat.svg\",\"contentUrl\":\"https:\\\/\\\/saiga.es\\\/wp-content\\\/uploads\\\/2025\\\/07\\\/logo_saiga_baseline_optimitzat.svg\",\"caption\":\"SAIGA\"},\"image\":{\"@id\":\"https:\\\/\\\/saiga.es\\\/fr\\\/#\\\/schema\\\/logo\\\/image\\\/\"},\"sameAs\":[\"https:\\\/\\\/x.com\\\/saiga_agro\",\"https:\\\/\\\/www.instagram.com\\\/saiga_agro\\\/\"]}]}<\/script>\n<!-- \/ Yoast SEO plugin. -->","yoast_head_json":{"title":"Manchon union PE Tech Line D 17 | SAIGA","description":"Manchon union PE Tech Line D 17. Composant utilis\u00e9 dans les syst\u00e8mes de canalisations en poly\u00e9thyl\u00e8ne (PE) d'un diam\u00e8tre de 17 mm. Ce tuyau a pour fonction principale de joindre deux sections de tuyau en poly\u00e9thyl\u00e8ne de 17 mm, permettant une connexion rapide et s\u00fbre entre elles.","robots":{"index":"index","follow":"follow","max-snippet":"max-snippet:-1","max-image-preview":"max-image-preview:large","max-video-preview":"max-video-preview:-1"},"canonical":"https:\/\/saiga.es\/fr\/produit\/manchon-union-pe-tech-line-d-17\/","og_locale":"fr_FR","og_type":"article","og_title":"Manchon union PE Tech Line D 17 | SAIGA","og_description":"Manchon union PE Tech Line D 17. Composant utilis\u00e9 dans les syst\u00e8mes de canalisations en poly\u00e9thyl\u00e8ne (PE) d'un diam\u00e8tre de 17 mm. Ce tuyau a pour fonction principale de joindre deux sections de tuyau en poly\u00e9thyl\u00e8ne de 17 mm, permettant une connexion rapide et s\u00fbre entre elles.","og_url":"https:\/\/saiga.es\/fr\/produit\/manchon-union-pe-tech-line-d-17\/","og_site_name":"SAIGA","og_image":[{"width":800,"height":800,"url":"https:\/\/saiga.es\/wp-content\/uploads\/2024\/02\/Maniguet-Rain-Bird.jpg","type":"image\/jpeg"}],"twitter_card":"summary_large_image","twitter_site":"@saiga_agro","twitter_misc":{"Dur\u00e9e de lecture estim\u00e9e":"1 minute"},"schema":{"@context":"https:\/\/schema.org","@graph":[{"@type":"WebPage","@id":"https:\/\/saiga.es\/fr\/produit\/manchon-union-pe-tech-line-d-17\/","url":"https:\/\/saiga.es\/fr\/produit\/manchon-union-pe-tech-line-d-17\/","name":"Manchon union PE Tech Line D 17 | SAIGA","isPartOf":{"@id":"https:\/\/saiga.es\/fr\/#website"},"primaryImageOfPage":{"@id":"https:\/\/saiga.es\/fr\/produit\/manchon-union-pe-tech-line-d-17\/#primaryimage"},"image":{"@id":"https:\/\/saiga.es\/fr\/produit\/manchon-union-pe-tech-line-d-17\/#primaryimage"},"thumbnailUrl":"https:\/\/saiga.es\/wp-content\/uploads\/2024\/02\/Maniguet-Rain-Bird.jpg","datePublished":"2024-02-28T12:08:39+00:00","description":"Manchon union PE Tech Line D 17. Composant utilis\u00e9 dans les syst\u00e8mes de canalisations en poly\u00e9thyl\u00e8ne (PE) d'un diam\u00e8tre de 17 mm. Ce tuyau a pour fonction principale de joindre deux sections de tuyau en poly\u00e9thyl\u00e8ne de 17 mm, permettant une connexion rapide et s\u00fbre entre elles.","breadcrumb":{"@id":"https:\/\/saiga.es\/fr\/produit\/manchon-union-pe-tech-line-d-17\/#breadcrumb"},"inLanguage":"fr-FR","potentialAction":[{"@type":"ReadAction","target":["https:\/\/saiga.es\/fr\/produit\/manchon-union-pe-tech-line-d-17\/"]}]},{"@type":"ImageObject","inLanguage":"fr-FR","@id":"https:\/\/saiga.es\/fr\/produit\/manchon-union-pe-tech-line-d-17\/#primaryimage","url":"https:\/\/saiga.es\/wp-content\/uploads\/2024\/02\/Maniguet-Rain-Bird.jpg","contentUrl":"https:\/\/saiga.es\/wp-content\/uploads\/2024\/02\/Maniguet-Rain-Bird.jpg","width":800,"height":800,"caption":"Manchon Uni\u00f3 PE"},{"@type":"BreadcrumbList","@id":"https:\/\/saiga.es\/fr\/produit\/manchon-union-pe-tech-line-d-17\/#breadcrumb","itemListElement":[{"@type":"ListItem","position":1,"name":"Inici","item":"https:\/\/saiga.es\/fr\/"},{"@type":"ListItem","position":2,"name":"boutique","item":"https:\/\/saiga.es\/fr\/boutique\/"},{"@type":"ListItem","position":3,"name":"Manchon union PE Tech Line D 17"}]},{"@type":"WebSite","@id":"https:\/\/saiga.es\/fr\/#website","url":"https:\/\/saiga.es\/fr\/","name":"SAIGA","description":"M\u00e9s de 50 anys al servei de la terra i treballant per a un \u00fas eficient de l\u2019aigua!","publisher":{"@id":"https:\/\/saiga.es\/fr\/#organization"},"potentialAction":[{"@type":"SearchAction","target":{"@type":"EntryPoint","urlTemplate":"https:\/\/saiga.es\/fr\/?s={search_term_string}"},"query-input":{"@type":"PropertyValueSpecification","valueRequired":true,"valueName":"search_term_string"}}],"inLanguage":"fr-FR"},{"@type":"Organization","@id":"https:\/\/saiga.es\/fr\/#organization","name":"SAIGA","url":"https:\/\/saiga.es\/fr\/","logo":{"@type":"ImageObject","inLanguage":"fr-FR","@id":"https:\/\/saiga.es\/fr\/#\/schema\/logo\/image\/","url":"https:\/\/saiga.es\/wp-content\/uploads\/2025\/07\/logo_saiga_baseline_optimitzat.svg","contentUrl":"https:\/\/saiga.es\/wp-content\/uploads\/2025\/07\/logo_saiga_baseline_optimitzat.svg","caption":"SAIGA"},"image":{"@id":"https:\/\/saiga.es\/fr\/#\/schema\/logo\/image\/"},"sameAs":["https:\/\/x.com\/saiga_agro","https:\/\/www.instagram.com\/saiga_agro\/"]}]}},"_links":{"self":[{"href":"https:\/\/saiga.es\/fr\/wp-json\/wp\/v2\/product\/8270","targetHints":{"allow":["GET"]}}],"collection":[{"href":"https:\/\/saiga.es\/fr\/wp-json\/wp\/v2\/product"}],"about":[{"href":"https:\/\/saiga.es\/fr\/wp-json\/wp\/v2\/types\/product"}],"replies":[{"embeddable":true,"href":"https:\/\/saiga.es\/fr\/wp-json\/wp\/v2\/comments?post=8270"}],"wp:featuredmedia":[{"embeddable":true,"href":"https:\/\/saiga.es\/fr\/wp-json\/wp\/v2\/media\/8268"}],"wp:attachment":[{"href":"https:\/\/saiga.es\/fr\/wp-json\/wp\/v2\/media?parent=8270"}],"wp:term":[{"taxonomy":"product_brand","embeddable":true,"href":"https:\/\/saiga.es\/fr\/wp-json\/wp\/v2\/product_brand?post=8270"},{"taxonomy":"product_cat","embeddable":true,"href":"https:\/\/saiga.es\/fr\/wp-json\/wp\/v2\/product_cat?post=8270"},{"taxonomy":"product_tag","embeddable":true,"href":"https:\/\/saiga.es\/fr\/wp-json\/wp\/v2\/product_tag?post=8270"}],"curies":[{"name":"wp","href":"https:\/\/api.w.org\/{rel}","templated":true}]}}