{"id":8279,"date":"2024-02-28T12:21:03","date_gmt":"2024-02-28T12:21:03","guid":{"rendered":"https:\/\/botiga.saiga.es\/producte\/embout-pe-tech-line-d17-x-1-2\/"},"modified":"2024-02-28T12:21:03","modified_gmt":"2024-02-28T12:21:03","slug":"embout-pe-tech-line-d17-x-1-2","status":"publish","type":"product","link":"https:\/\/saiga.es\/fr\/produit\/embout-pe-tech-line-d17-x-1-2\/","title":{"rendered":"Embout PE Tech Line D17 x 1\/2&Prime;"},"content":{"rendered":"<p>Embout PE Tech Line D17 x 1\/2&Prime;. Composant utilis\u00e9 dans les syst\u00e8mes de tuyauterie en poly\u00e9thyl\u00e8ne (PE) de 17 mm de diam\u00e8tre. Dans ce cas, le \u00ab\u00a0x 1\/2&Prime;\u00a0\u00bb indique la taille du filetage de connexion, qui est de 1\/2 pouce ( 0,5&Prime;).<\/p>\n<div class=\"flex-1 overflow-hidden\">\n<div class=\"react-scroll-to-bottom--css-lccrk-79elbk h-full\">\n<div class=\"react-scroll-to-bottom--css-lccrk-1n7m0yu\">\n<div class=\"flex flex-col text-sm pb-9\">\n<div class=\"w-full text-token-text-primary\" data-testid=\"conversation-turn-15\">\n<div class=\"px-4 py-2 justify-center text-base md:gap-6 m-auto\">\n<div class=\"flex flex-1 text-base mx-auto gap-3 md:px-5 lg:px-1 xl:px-5 md:max-w-3xl lg:max-w-[40rem] xl:max-w-[48rem] group final-completion\">\n<div class=\"relative flex w-full flex-col agent-turn\">\n<div class=\"flex-col gap-1 md:gap-3\">\n<div class=\"flex flex-grow flex-col max-w-full\">\n<div class=\"min-h-[20px] text-message flex flex-col items-start gap-3 whitespace-pre-wrap break-words [.text-message+&amp;]:mt-5 overflow-x-auto\" data-message-author-role=\"assistant\" data-message-id=\"81f42bf9-e9cd-47eb-a5cc-9be82023f78b\">\n<div class=\"markdown prose w-full break-words dark:prose-invert light\">\n<p>La fonction principale d&rsquo;un robinet est de fournir une connexion entre un tuyau en poly\u00e9thyl\u00e8ne et un autre composant, tel qu&rsquo;une vanne, un dispositif de contr\u00f4le de d\u00e9bit ou un adaptateur. Dans ce cas pr\u00e9cis, un robinet PE Tech Line D17 x 1\/2&Prime; pourrait \u00eatre utilis\u00e9 pour raccorder un tuyau en poly\u00e9thyl\u00e8ne de 17 mm \u00e0 un composant dot\u00e9 d&rsquo;un filetage 1\/2&Prime;.<\/p>\n<p>Cette connexion permet d&rsquo;\u00e9tablir un joint herm\u00e9tique entre le tuyau en poly\u00e9thyl\u00e8ne et le composant auquel il est connect\u00e9, garantissant une connexion s\u00fbre et sans fuite. Les robinets sont des composants essentiels dans la construction et la maintenance des syst\u00e8mes de tuyauterie, car ils permettent d&rsquo;adapter les tuyaux \u00e0 diverses applications et composants du syst\u00e8me de tuyauterie.<\/p>\n<\/div>\n<\/div>\n<\/div>\n<div class=\"mt-1 flex justify-start gap-3 empty:hidden\">\n<div class=\"text-gray-400 flex self-end lg:self-center justify-center lg:justify-start mt-0 -ml-1 h-7 visible\">\n<p>&nbsp;<\/p>\n<div class=\"flex items-center gap-1.5 text-xs\"><\/div>\n<div class=\"flex\"><\/div>\n<\/div>\n<\/div>\n<\/div>\n<div class=\"absolute\">\n<div class=\"flex w-full gap-2 items-center justify-center\"><\/div>\n<\/div>\n<\/div>\n<\/div>\n<\/div>\n<\/div>\n<\/div>\n<\/div>\n<\/div>\n<\/div>\n<div class=\"w-full pt-2 md:pt-0 dark:border-white\/20 md:border-transparent md:dark:border-transparent md:w-[calc(100%-.5rem)]\">\n<form class=\"stretch mx-2 flex flex-row gap-3 last:mb-2 md:mx-4 md:last:mb-6 lg:mx-auto lg:max-w-2xl xl:max-w-3xl\">\n<div class=\"relative flex h-full flex-1 flex-col\">\n<div class=\"flex w-full items-center\"><\/div>\n<\/div>\n<\/form>\n<\/div>\n","protected":false},"excerpt":{"rendered":"<p>Embout PE Tech Line D17 x 1\/2&Prime;. Composant utilis\u00e9 dans les syst\u00e8mes de tuyauterie en poly\u00e9thyl\u00e8ne (PE) de 17 mm de diam\u00e8tre. Dans ce cas, le \u00ab\u00a0x 1\/2&Prime;\u00a0\u00bb indique la taille du filetage de connexion, qui est de 1\/2 pouce ( 0,5&Prime;).<\/p>\n","protected":false},"featured_media":8274,"comment_status":"closed","ping_status":"closed","template":"","meta":[],"product_brand":[],"product_cat":[2255],"product_tag":[829,834,1091,837,824],"class_list":{"0":"post-8279","1":"product","2":"type-product","3":"status-publish","4":"has-post-thumbnail","6":"product_cat-accessoires-pour-tuyaux-dirrigation","7":"product_tag-accessoires-dirrigation","8":"product_tag-arrosage-automatique-fr","9":"product_tag-pointe","10":"product_tag-polyethylene","11":"product_tag-reg-fr","13":"first","14":"instock","15":"taxable","16":"shipping-taxable","17":"purchasable","18":"product-type-simple"},"yoast_head":"<!-- This site is optimized with the Yoast SEO plugin v27.4 - https:\/\/yoast.com\/product\/yoast-seo-wordpress\/ -->\n<title>Embout PE Tech Line D17 x 1\/2&quot; | SAIGA<\/title>\n<meta name=\"description\" content=\"Embout PE Tech Line D17 x 1\/2&quot;. Composant utilis\u00e9 dans les syst\u00e8mes de tuyauterie en poly\u00e9thyl\u00e8ne (PE) de 17 mm de diam\u00e8tre. Dans ce cas, le &quot;x 1\/2&quot;&quot; indique la taille du filetage de connexion, qui est de 1\/2 pouce ( 0,5&quot;).\" \/>\n<meta name=\"robots\" content=\"index, follow, max-snippet:-1, max-image-preview:large, max-video-preview:-1\" \/>\n<link rel=\"canonical\" href=\"https:\/\/saiga.es\/fr\/produit\/embout-pe-tech-line-d17-x-1-2\/\" \/>\n<meta property=\"og:locale\" content=\"fr_FR\" \/>\n<meta property=\"og:type\" content=\"article\" \/>\n<meta property=\"og:title\" content=\"Embout PE Tech Line D17 x 1\/2&quot; | SAIGA\" \/>\n<meta property=\"og:description\" content=\"Embout PE Tech Line D17 x 1\/2&quot;. Composant utilis\u00e9 dans les syst\u00e8mes de tuyauterie en poly\u00e9thyl\u00e8ne (PE) de 17 mm de diam\u00e8tre. Dans ce cas, le &quot;x 1\/2&quot;&quot; indique la taille du filetage de connexion, qui est de 1\/2 pouce ( 0,5&quot;).\" \/>\n<meta property=\"og:url\" content=\"https:\/\/saiga.es\/fr\/produit\/embout-pe-tech-line-d17-x-1-2\/\" \/>\n<meta property=\"og:site_name\" content=\"SAIGA\" \/>\n<meta property=\"og:image\" content=\"https:\/\/saiga.es\/wp-content\/uploads\/2024\/02\/Espiga-.jpg\" \/>\n\t<meta property=\"og:image:width\" content=\"800\" \/>\n\t<meta property=\"og:image:height\" content=\"800\" \/>\n\t<meta property=\"og:image:type\" content=\"image\/jpeg\" \/>\n<meta name=\"twitter:card\" content=\"summary_large_image\" \/>\n<meta name=\"twitter:site\" content=\"@saiga_agro\" \/>\n<meta name=\"twitter:label1\" content=\"Dur\u00e9e de lecture estim\u00e9e\" \/>\n\t<meta name=\"twitter:data1\" content=\"1 minute\" \/>\n<script type=\"application\/ld+json\" class=\"yoast-schema-graph\">{\"@context\":\"https:\\\/\\\/schema.org\",\"@graph\":[{\"@type\":\"WebPage\",\"@id\":\"https:\\\/\\\/saiga.es\\\/fr\\\/produit\\\/embout-pe-tech-line-d17-x-1-2\\\/\",\"url\":\"https:\\\/\\\/saiga.es\\\/fr\\\/produit\\\/embout-pe-tech-line-d17-x-1-2\\\/\",\"name\":\"Embout PE Tech Line D17 x 1\\\/2\\\" | SAIGA\",\"isPartOf\":{\"@id\":\"https:\\\/\\\/saiga.es\\\/fr\\\/#website\"},\"primaryImageOfPage\":{\"@id\":\"https:\\\/\\\/saiga.es\\\/fr\\\/produit\\\/embout-pe-tech-line-d17-x-1-2\\\/#primaryimage\"},\"image\":{\"@id\":\"https:\\\/\\\/saiga.es\\\/fr\\\/produit\\\/embout-pe-tech-line-d17-x-1-2\\\/#primaryimage\"},\"thumbnailUrl\":\"https:\\\/\\\/saiga.es\\\/wp-content\\\/uploads\\\/2024\\\/02\\\/Espiga-.jpg\",\"datePublished\":\"2024-02-28T12:21:03+00:00\",\"description\":\"Embout PE Tech Line D17 x 1\\\/2\\\". Composant utilis\u00e9 dans les syst\u00e8mes de tuyauterie en poly\u00e9thyl\u00e8ne (PE) de 17 mm de diam\u00e8tre. Dans ce cas, le \\\"x 1\\\/2\\\"\\\" indique la taille du filetage de connexion, qui est de 1\\\/2 pouce ( 0,5\\\").\",\"breadcrumb\":{\"@id\":\"https:\\\/\\\/saiga.es\\\/fr\\\/produit\\\/embout-pe-tech-line-d17-x-1-2\\\/#breadcrumb\"},\"inLanguage\":\"fr-FR\",\"potentialAction\":[{\"@type\":\"ReadAction\",\"target\":[\"https:\\\/\\\/saiga.es\\\/fr\\\/produit\\\/embout-pe-tech-line-d17-x-1-2\\\/\"]}]},{\"@type\":\"ImageObject\",\"inLanguage\":\"fr-FR\",\"@id\":\"https:\\\/\\\/saiga.es\\\/fr\\\/produit\\\/embout-pe-tech-line-d17-x-1-2\\\/#primaryimage\",\"url\":\"https:\\\/\\\/saiga.es\\\/wp-content\\\/uploads\\\/2024\\\/02\\\/Espiga-.jpg\",\"contentUrl\":\"https:\\\/\\\/saiga.es\\\/wp-content\\\/uploads\\\/2024\\\/02\\\/Espiga-.jpg\",\"width\":800,\"height\":800,\"caption\":\"Pointe PE\"},{\"@type\":\"BreadcrumbList\",\"@id\":\"https:\\\/\\\/saiga.es\\\/fr\\\/produit\\\/embout-pe-tech-line-d17-x-1-2\\\/#breadcrumb\",\"itemListElement\":[{\"@type\":\"ListItem\",\"position\":1,\"name\":\"Inici\",\"item\":\"https:\\\/\\\/saiga.es\\\/fr\\\/\"},{\"@type\":\"ListItem\",\"position\":2,\"name\":\"boutique\",\"item\":\"https:\\\/\\\/saiga.es\\\/fr\\\/boutique\\\/\"},{\"@type\":\"ListItem\",\"position\":3,\"name\":\"Embout PE Tech Line D17 x 1\\\/2&Prime;\"}]},{\"@type\":\"WebSite\",\"@id\":\"https:\\\/\\\/saiga.es\\\/fr\\\/#website\",\"url\":\"https:\\\/\\\/saiga.es\\\/fr\\\/\",\"name\":\"SAIGA\",\"description\":\"M\u00e9s de 50 anys al servei de la terra i treballant per a un \u00fas eficient de l\u2019aigua!\",\"publisher\":{\"@id\":\"https:\\\/\\\/saiga.es\\\/fr\\\/#organization\"},\"potentialAction\":[{\"@type\":\"SearchAction\",\"target\":{\"@type\":\"EntryPoint\",\"urlTemplate\":\"https:\\\/\\\/saiga.es\\\/fr\\\/?s={search_term_string}\"},\"query-input\":{\"@type\":\"PropertyValueSpecification\",\"valueRequired\":true,\"valueName\":\"search_term_string\"}}],\"inLanguage\":\"fr-FR\"},{\"@type\":\"Organization\",\"@id\":\"https:\\\/\\\/saiga.es\\\/fr\\\/#organization\",\"name\":\"SAIGA\",\"url\":\"https:\\\/\\\/saiga.es\\\/fr\\\/\",\"logo\":{\"@type\":\"ImageObject\",\"inLanguage\":\"fr-FR\",\"@id\":\"https:\\\/\\\/saiga.es\\\/fr\\\/#\\\/schema\\\/logo\\\/image\\\/\",\"url\":\"https:\\\/\\\/saiga.es\\\/wp-content\\\/uploads\\\/2025\\\/07\\\/logo_saiga_baseline_optimitzat.svg\",\"contentUrl\":\"https:\\\/\\\/saiga.es\\\/wp-content\\\/uploads\\\/2025\\\/07\\\/logo_saiga_baseline_optimitzat.svg\",\"caption\":\"SAIGA\"},\"image\":{\"@id\":\"https:\\\/\\\/saiga.es\\\/fr\\\/#\\\/schema\\\/logo\\\/image\\\/\"},\"sameAs\":[\"https:\\\/\\\/x.com\\\/saiga_agro\",\"https:\\\/\\\/www.instagram.com\\\/saiga_agro\\\/\"]}]}<\/script>\n<!-- \/ Yoast SEO plugin. -->","yoast_head_json":{"title":"Embout PE Tech Line D17 x 1\/2\" | SAIGA","description":"Embout PE Tech Line D17 x 1\/2\". Composant utilis\u00e9 dans les syst\u00e8mes de tuyauterie en poly\u00e9thyl\u00e8ne (PE) de 17 mm de diam\u00e8tre. Dans ce cas, le \"x 1\/2\"\" indique la taille du filetage de connexion, qui est de 1\/2 pouce ( 0,5\").","robots":{"index":"index","follow":"follow","max-snippet":"max-snippet:-1","max-image-preview":"max-image-preview:large","max-video-preview":"max-video-preview:-1"},"canonical":"https:\/\/saiga.es\/fr\/produit\/embout-pe-tech-line-d17-x-1-2\/","og_locale":"fr_FR","og_type":"article","og_title":"Embout PE Tech Line D17 x 1\/2\" | SAIGA","og_description":"Embout PE Tech Line D17 x 1\/2\". Composant utilis\u00e9 dans les syst\u00e8mes de tuyauterie en poly\u00e9thyl\u00e8ne (PE) de 17 mm de diam\u00e8tre. Dans ce cas, le \"x 1\/2\"\" indique la taille du filetage de connexion, qui est de 1\/2 pouce ( 0,5\").","og_url":"https:\/\/saiga.es\/fr\/produit\/embout-pe-tech-line-d17-x-1-2\/","og_site_name":"SAIGA","og_image":[{"width":800,"height":800,"url":"https:\/\/saiga.es\/wp-content\/uploads\/2024\/02\/Espiga-.jpg","type":"image\/jpeg"}],"twitter_card":"summary_large_image","twitter_site":"@saiga_agro","twitter_misc":{"Dur\u00e9e de lecture estim\u00e9e":"1 minute"},"schema":{"@context":"https:\/\/schema.org","@graph":[{"@type":"WebPage","@id":"https:\/\/saiga.es\/fr\/produit\/embout-pe-tech-line-d17-x-1-2\/","url":"https:\/\/saiga.es\/fr\/produit\/embout-pe-tech-line-d17-x-1-2\/","name":"Embout PE Tech Line D17 x 1\/2\" | SAIGA","isPartOf":{"@id":"https:\/\/saiga.es\/fr\/#website"},"primaryImageOfPage":{"@id":"https:\/\/saiga.es\/fr\/produit\/embout-pe-tech-line-d17-x-1-2\/#primaryimage"},"image":{"@id":"https:\/\/saiga.es\/fr\/produit\/embout-pe-tech-line-d17-x-1-2\/#primaryimage"},"thumbnailUrl":"https:\/\/saiga.es\/wp-content\/uploads\/2024\/02\/Espiga-.jpg","datePublished":"2024-02-28T12:21:03+00:00","description":"Embout PE Tech Line D17 x 1\/2\". Composant utilis\u00e9 dans les syst\u00e8mes de tuyauterie en poly\u00e9thyl\u00e8ne (PE) de 17 mm de diam\u00e8tre. Dans ce cas, le \"x 1\/2\"\" indique la taille du filetage de connexion, qui est de 1\/2 pouce ( 0,5\").","breadcrumb":{"@id":"https:\/\/saiga.es\/fr\/produit\/embout-pe-tech-line-d17-x-1-2\/#breadcrumb"},"inLanguage":"fr-FR","potentialAction":[{"@type":"ReadAction","target":["https:\/\/saiga.es\/fr\/produit\/embout-pe-tech-line-d17-x-1-2\/"]}]},{"@type":"ImageObject","inLanguage":"fr-FR","@id":"https:\/\/saiga.es\/fr\/produit\/embout-pe-tech-line-d17-x-1-2\/#primaryimage","url":"https:\/\/saiga.es\/wp-content\/uploads\/2024\/02\/Espiga-.jpg","contentUrl":"https:\/\/saiga.es\/wp-content\/uploads\/2024\/02\/Espiga-.jpg","width":800,"height":800,"caption":"Pointe PE"},{"@type":"BreadcrumbList","@id":"https:\/\/saiga.es\/fr\/produit\/embout-pe-tech-line-d17-x-1-2\/#breadcrumb","itemListElement":[{"@type":"ListItem","position":1,"name":"Inici","item":"https:\/\/saiga.es\/fr\/"},{"@type":"ListItem","position":2,"name":"boutique","item":"https:\/\/saiga.es\/fr\/boutique\/"},{"@type":"ListItem","position":3,"name":"Embout PE Tech Line D17 x 1\/2&Prime;"}]},{"@type":"WebSite","@id":"https:\/\/saiga.es\/fr\/#website","url":"https:\/\/saiga.es\/fr\/","name":"SAIGA","description":"M\u00e9s de 50 anys al servei de la terra i treballant per a un \u00fas eficient de l\u2019aigua!","publisher":{"@id":"https:\/\/saiga.es\/fr\/#organization"},"potentialAction":[{"@type":"SearchAction","target":{"@type":"EntryPoint","urlTemplate":"https:\/\/saiga.es\/fr\/?s={search_term_string}"},"query-input":{"@type":"PropertyValueSpecification","valueRequired":true,"valueName":"search_term_string"}}],"inLanguage":"fr-FR"},{"@type":"Organization","@id":"https:\/\/saiga.es\/fr\/#organization","name":"SAIGA","url":"https:\/\/saiga.es\/fr\/","logo":{"@type":"ImageObject","inLanguage":"fr-FR","@id":"https:\/\/saiga.es\/fr\/#\/schema\/logo\/image\/","url":"https:\/\/saiga.es\/wp-content\/uploads\/2025\/07\/logo_saiga_baseline_optimitzat.svg","contentUrl":"https:\/\/saiga.es\/wp-content\/uploads\/2025\/07\/logo_saiga_baseline_optimitzat.svg","caption":"SAIGA"},"image":{"@id":"https:\/\/saiga.es\/fr\/#\/schema\/logo\/image\/"},"sameAs":["https:\/\/x.com\/saiga_agro","https:\/\/www.instagram.com\/saiga_agro\/"]}]}},"_links":{"self":[{"href":"https:\/\/saiga.es\/fr\/wp-json\/wp\/v2\/product\/8279","targetHints":{"allow":["GET"]}}],"collection":[{"href":"https:\/\/saiga.es\/fr\/wp-json\/wp\/v2\/product"}],"about":[{"href":"https:\/\/saiga.es\/fr\/wp-json\/wp\/v2\/types\/product"}],"replies":[{"embeddable":true,"href":"https:\/\/saiga.es\/fr\/wp-json\/wp\/v2\/comments?post=8279"}],"wp:featuredmedia":[{"embeddable":true,"href":"https:\/\/saiga.es\/fr\/wp-json\/wp\/v2\/media\/8274"}],"wp:attachment":[{"href":"https:\/\/saiga.es\/fr\/wp-json\/wp\/v2\/media?parent=8279"}],"wp:term":[{"taxonomy":"product_brand","embeddable":true,"href":"https:\/\/saiga.es\/fr\/wp-json\/wp\/v2\/product_brand?post=8279"},{"taxonomy":"product_cat","embeddable":true,"href":"https:\/\/saiga.es\/fr\/wp-json\/wp\/v2\/product_cat?post=8279"},{"taxonomy":"product_tag","embeddable":true,"href":"https:\/\/saiga.es\/fr\/wp-json\/wp\/v2\/product_tag?post=8279"}],"curies":[{"name":"wp","href":"https:\/\/api.w.org\/{rel}","templated":true}]}}