{"id":8291,"date":"2024-02-28T13:07:00","date_gmt":"2024-02-28T13:07:00","guid":{"rendered":"https:\/\/botiga.saiga.es\/producte\/epinards-viking-rocalba\/"},"modified":"2024-02-28T13:07:00","modified_gmt":"2024-02-28T13:07:00","slug":"epinards-viking-rocalba","status":"publish","type":"product","link":"https:\/\/saiga.es\/fr\/produit\/epinards-viking-rocalba\/","title":{"rendered":"\u00c9pinards Viking Rocalba"},"content":{"rendered":"<p>\u00c9pinards Viking Rocalba. Vari\u00e9t\u00e9 adapt\u00e9e \u00e0 la culture printani\u00e8re et estivale, de taille moyenne, pr\u00e9sentant une grande r\u00e9sistance \u00e0 la floraison gr\u00e2ce \u00e0 sa croissance lente. Il produit des feuilles vert moyen, de taille moyenne, de forme ovale avec une base lob\u00e9e.<\/p>\n","protected":false},"excerpt":{"rendered":"<p>\u00c9pinards Viking Rocalba. Vari\u00e9t\u00e9 adapt\u00e9e \u00e0 la culture printani\u00e8re et estivale, de taille moyenne, pr\u00e9sentant une grande r\u00e9sistance \u00e0 la floraison gr\u00e2ce \u00e0 sa croissance lente. Il produit des feuilles vert moyen, de taille moyenne, de forme ovale avec une base lob\u00e9e.<\/p>\n","protected":false},"featured_media":8289,"comment_status":"closed","ping_status":"closed","template":"","meta":[],"product_brand":[],"product_cat":[458],"product_tag":[1098,1099,796,513,507],"class_list":{"0":"post-8291","1":"product","2":"type-product","3":"status-publish","4":"has-post-thumbnail","6":"product_cat-horticole","7":"product_tag-epinard","8":"product_tag-epinards","9":"product_tag-graines","10":"product_tag-horticulture","11":"product_tag-potager","13":"first","14":"outofstock","15":"taxable","16":"shipping-taxable","17":"purchasable","18":"product-type-simple"},"yoast_head":"<!-- This site is optimized with the Yoast SEO plugin v27.3 - https:\/\/yoast.com\/product\/yoast-seo-wordpress\/ -->\n<title>\u00c9pinards Viking Rocalba | SAIGA<\/title>\n<meta name=\"description\" content=\"\u00c9pinards Viking Rocalba. Vari\u00e9t\u00e9 adapt\u00e9e \u00e0 la culture printani\u00e8re et estivale, de taille moyenne, pr\u00e9sentant une grande r\u00e9sistance \u00e0 la floraison gr\u00e2ce \u00e0 sa croissance lente. Il produit des feuilles vert moyen, de taille moyenne, de forme ovale avec une base lob\u00e9e.\" \/>\n<meta name=\"robots\" content=\"index, follow, max-snippet:-1, max-image-preview:large, max-video-preview:-1\" \/>\n<link rel=\"canonical\" href=\"https:\/\/saiga.es\/fr\/produit\/epinards-viking-rocalba\/\" \/>\n<meta property=\"og:locale\" content=\"fr_FR\" \/>\n<meta property=\"og:type\" content=\"article\" \/>\n<meta property=\"og:title\" content=\"\u00c9pinards Viking Rocalba | SAIGA\" \/>\n<meta property=\"og:description\" content=\"\u00c9pinards Viking Rocalba. Vari\u00e9t\u00e9 adapt\u00e9e \u00e0 la culture printani\u00e8re et estivale, de taille moyenne, pr\u00e9sentant une grande r\u00e9sistance \u00e0 la floraison gr\u00e2ce \u00e0 sa croissance lente. Il produit des feuilles vert moyen, de taille moyenne, de forme ovale avec une base lob\u00e9e.\" \/>\n<meta property=\"og:url\" content=\"https:\/\/saiga.es\/fr\/produit\/epinards-viking-rocalba\/\" \/>\n<meta property=\"og:site_name\" content=\"SAIGA\" \/>\n<meta property=\"og:image\" content=\"https:\/\/saiga.es\/wp-content\/uploads\/2024\/02\/Espinacs-Viking.jpg\" \/>\n\t<meta property=\"og:image:width\" content=\"500\" \/>\n\t<meta property=\"og:image:height\" content=\"720\" \/>\n\t<meta property=\"og:image:type\" content=\"image\/jpeg\" \/>\n<meta name=\"twitter:card\" content=\"summary_large_image\" \/>\n<meta name=\"twitter:site\" content=\"@saiga_agro\" \/>\n<script type=\"application\/ld+json\" class=\"yoast-schema-graph\">{\"@context\":\"https:\\\/\\\/schema.org\",\"@graph\":[{\"@type\":\"WebPage\",\"@id\":\"https:\\\/\\\/saiga.es\\\/fr\\\/produit\\\/epinards-viking-rocalba\\\/\",\"url\":\"https:\\\/\\\/saiga.es\\\/fr\\\/produit\\\/epinards-viking-rocalba\\\/\",\"name\":\"\u00c9pinards Viking Rocalba | SAIGA\",\"isPartOf\":{\"@id\":\"https:\\\/\\\/saiga.es\\\/fr\\\/#website\"},\"primaryImageOfPage\":{\"@id\":\"https:\\\/\\\/saiga.es\\\/fr\\\/produit\\\/epinards-viking-rocalba\\\/#primaryimage\"},\"image\":{\"@id\":\"https:\\\/\\\/saiga.es\\\/fr\\\/produit\\\/epinards-viking-rocalba\\\/#primaryimage\"},\"thumbnailUrl\":\"https:\\\/\\\/saiga.es\\\/wp-content\\\/uploads\\\/2024\\\/02\\\/Espinacs-Viking.jpg\",\"datePublished\":\"2024-02-28T13:07:00+00:00\",\"description\":\"\u00c9pinards Viking Rocalba. Vari\u00e9t\u00e9 adapt\u00e9e \u00e0 la culture printani\u00e8re et estivale, de taille moyenne, pr\u00e9sentant une grande r\u00e9sistance \u00e0 la floraison gr\u00e2ce \u00e0 sa croissance lente. Il produit des feuilles vert moyen, de taille moyenne, de forme ovale avec une base lob\u00e9e.\",\"breadcrumb\":{\"@id\":\"https:\\\/\\\/saiga.es\\\/fr\\\/produit\\\/epinards-viking-rocalba\\\/#breadcrumb\"},\"inLanguage\":\"fr-FR\",\"potentialAction\":[{\"@type\":\"ReadAction\",\"target\":[\"https:\\\/\\\/saiga.es\\\/fr\\\/produit\\\/epinards-viking-rocalba\\\/\"]}]},{\"@type\":\"ImageObject\",\"inLanguage\":\"fr-FR\",\"@id\":\"https:\\\/\\\/saiga.es\\\/fr\\\/produit\\\/epinards-viking-rocalba\\\/#primaryimage\",\"url\":\"https:\\\/\\\/saiga.es\\\/wp-content\\\/uploads\\\/2024\\\/02\\\/Espinacs-Viking.jpg\",\"contentUrl\":\"https:\\\/\\\/saiga.es\\\/wp-content\\\/uploads\\\/2024\\\/02\\\/Espinacs-Viking.jpg\",\"width\":500,\"height\":720,\"caption\":\"\u00c9pinards Viking\"},{\"@type\":\"BreadcrumbList\",\"@id\":\"https:\\\/\\\/saiga.es\\\/fr\\\/produit\\\/epinards-viking-rocalba\\\/#breadcrumb\",\"itemListElement\":[{\"@type\":\"ListItem\",\"position\":1,\"name\":\"Inici\",\"item\":\"https:\\\/\\\/saiga.es\\\/fr\\\/\"},{\"@type\":\"ListItem\",\"position\":2,\"name\":\"boutique\",\"item\":\"https:\\\/\\\/saiga.es\\\/fr\\\/boutique\\\/\"},{\"@type\":\"ListItem\",\"position\":3,\"name\":\"\u00c9pinards Viking Rocalba\"}]},{\"@type\":\"WebSite\",\"@id\":\"https:\\\/\\\/saiga.es\\\/fr\\\/#website\",\"url\":\"https:\\\/\\\/saiga.es\\\/fr\\\/\",\"name\":\"SAIGA\",\"description\":\"M\u00e9s de 50 anys al servei de la terra i treballant per a un \u00fas eficient de l\u2019aigua!\",\"publisher\":{\"@id\":\"https:\\\/\\\/saiga.es\\\/fr\\\/#organization\"},\"potentialAction\":[{\"@type\":\"SearchAction\",\"target\":{\"@type\":\"EntryPoint\",\"urlTemplate\":\"https:\\\/\\\/saiga.es\\\/fr\\\/?s={search_term_string}\"},\"query-input\":{\"@type\":\"PropertyValueSpecification\",\"valueRequired\":true,\"valueName\":\"search_term_string\"}}],\"inLanguage\":\"fr-FR\"},{\"@type\":\"Organization\",\"@id\":\"https:\\\/\\\/saiga.es\\\/fr\\\/#organization\",\"name\":\"SAIGA\",\"url\":\"https:\\\/\\\/saiga.es\\\/fr\\\/\",\"logo\":{\"@type\":\"ImageObject\",\"inLanguage\":\"fr-FR\",\"@id\":\"https:\\\/\\\/saiga.es\\\/fr\\\/#\\\/schema\\\/logo\\\/image\\\/\",\"url\":\"https:\\\/\\\/saiga.es\\\/wp-content\\\/uploads\\\/2025\\\/07\\\/logo_saiga_baseline_optimitzat.svg\",\"contentUrl\":\"https:\\\/\\\/saiga.es\\\/wp-content\\\/uploads\\\/2025\\\/07\\\/logo_saiga_baseline_optimitzat.svg\",\"caption\":\"SAIGA\"},\"image\":{\"@id\":\"https:\\\/\\\/saiga.es\\\/fr\\\/#\\\/schema\\\/logo\\\/image\\\/\"},\"sameAs\":[\"https:\\\/\\\/x.com\\\/saiga_agro\",\"https:\\\/\\\/www.instagram.com\\\/saiga_agro\\\/\"]}]}<\/script>\n<!-- \/ Yoast SEO plugin. -->","yoast_head_json":{"title":"\u00c9pinards Viking Rocalba | SAIGA","description":"\u00c9pinards Viking Rocalba. Vari\u00e9t\u00e9 adapt\u00e9e \u00e0 la culture printani\u00e8re et estivale, de taille moyenne, pr\u00e9sentant une grande r\u00e9sistance \u00e0 la floraison gr\u00e2ce \u00e0 sa croissance lente. Il produit des feuilles vert moyen, de taille moyenne, de forme ovale avec une base lob\u00e9e.","robots":{"index":"index","follow":"follow","max-snippet":"max-snippet:-1","max-image-preview":"max-image-preview:large","max-video-preview":"max-video-preview:-1"},"canonical":"https:\/\/saiga.es\/fr\/produit\/epinards-viking-rocalba\/","og_locale":"fr_FR","og_type":"article","og_title":"\u00c9pinards Viking Rocalba | SAIGA","og_description":"\u00c9pinards Viking Rocalba. Vari\u00e9t\u00e9 adapt\u00e9e \u00e0 la culture printani\u00e8re et estivale, de taille moyenne, pr\u00e9sentant une grande r\u00e9sistance \u00e0 la floraison gr\u00e2ce \u00e0 sa croissance lente. Il produit des feuilles vert moyen, de taille moyenne, de forme ovale avec une base lob\u00e9e.","og_url":"https:\/\/saiga.es\/fr\/produit\/epinards-viking-rocalba\/","og_site_name":"SAIGA","og_image":[{"width":500,"height":720,"url":"https:\/\/saiga.es\/wp-content\/uploads\/2024\/02\/Espinacs-Viking.jpg","type":"image\/jpeg"}],"twitter_card":"summary_large_image","twitter_site":"@saiga_agro","schema":{"@context":"https:\/\/schema.org","@graph":[{"@type":"WebPage","@id":"https:\/\/saiga.es\/fr\/produit\/epinards-viking-rocalba\/","url":"https:\/\/saiga.es\/fr\/produit\/epinards-viking-rocalba\/","name":"\u00c9pinards Viking Rocalba | SAIGA","isPartOf":{"@id":"https:\/\/saiga.es\/fr\/#website"},"primaryImageOfPage":{"@id":"https:\/\/saiga.es\/fr\/produit\/epinards-viking-rocalba\/#primaryimage"},"image":{"@id":"https:\/\/saiga.es\/fr\/produit\/epinards-viking-rocalba\/#primaryimage"},"thumbnailUrl":"https:\/\/saiga.es\/wp-content\/uploads\/2024\/02\/Espinacs-Viking.jpg","datePublished":"2024-02-28T13:07:00+00:00","description":"\u00c9pinards Viking Rocalba. Vari\u00e9t\u00e9 adapt\u00e9e \u00e0 la culture printani\u00e8re et estivale, de taille moyenne, pr\u00e9sentant une grande r\u00e9sistance \u00e0 la floraison gr\u00e2ce \u00e0 sa croissance lente. Il produit des feuilles vert moyen, de taille moyenne, de forme ovale avec une base lob\u00e9e.","breadcrumb":{"@id":"https:\/\/saiga.es\/fr\/produit\/epinards-viking-rocalba\/#breadcrumb"},"inLanguage":"fr-FR","potentialAction":[{"@type":"ReadAction","target":["https:\/\/saiga.es\/fr\/produit\/epinards-viking-rocalba\/"]}]},{"@type":"ImageObject","inLanguage":"fr-FR","@id":"https:\/\/saiga.es\/fr\/produit\/epinards-viking-rocalba\/#primaryimage","url":"https:\/\/saiga.es\/wp-content\/uploads\/2024\/02\/Espinacs-Viking.jpg","contentUrl":"https:\/\/saiga.es\/wp-content\/uploads\/2024\/02\/Espinacs-Viking.jpg","width":500,"height":720,"caption":"\u00c9pinards Viking"},{"@type":"BreadcrumbList","@id":"https:\/\/saiga.es\/fr\/produit\/epinards-viking-rocalba\/#breadcrumb","itemListElement":[{"@type":"ListItem","position":1,"name":"Inici","item":"https:\/\/saiga.es\/fr\/"},{"@type":"ListItem","position":2,"name":"boutique","item":"https:\/\/saiga.es\/fr\/boutique\/"},{"@type":"ListItem","position":3,"name":"\u00c9pinards Viking Rocalba"}]},{"@type":"WebSite","@id":"https:\/\/saiga.es\/fr\/#website","url":"https:\/\/saiga.es\/fr\/","name":"SAIGA","description":"M\u00e9s de 50 anys al servei de la terra i treballant per a un \u00fas eficient de l\u2019aigua!","publisher":{"@id":"https:\/\/saiga.es\/fr\/#organization"},"potentialAction":[{"@type":"SearchAction","target":{"@type":"EntryPoint","urlTemplate":"https:\/\/saiga.es\/fr\/?s={search_term_string}"},"query-input":{"@type":"PropertyValueSpecification","valueRequired":true,"valueName":"search_term_string"}}],"inLanguage":"fr-FR"},{"@type":"Organization","@id":"https:\/\/saiga.es\/fr\/#organization","name":"SAIGA","url":"https:\/\/saiga.es\/fr\/","logo":{"@type":"ImageObject","inLanguage":"fr-FR","@id":"https:\/\/saiga.es\/fr\/#\/schema\/logo\/image\/","url":"https:\/\/saiga.es\/wp-content\/uploads\/2025\/07\/logo_saiga_baseline_optimitzat.svg","contentUrl":"https:\/\/saiga.es\/wp-content\/uploads\/2025\/07\/logo_saiga_baseline_optimitzat.svg","caption":"SAIGA"},"image":{"@id":"https:\/\/saiga.es\/fr\/#\/schema\/logo\/image\/"},"sameAs":["https:\/\/x.com\/saiga_agro","https:\/\/www.instagram.com\/saiga_agro\/"]}]}},"_links":{"self":[{"href":"https:\/\/saiga.es\/fr\/wp-json\/wp\/v2\/product\/8291","targetHints":{"allow":["GET"]}}],"collection":[{"href":"https:\/\/saiga.es\/fr\/wp-json\/wp\/v2\/product"}],"about":[{"href":"https:\/\/saiga.es\/fr\/wp-json\/wp\/v2\/types\/product"}],"replies":[{"embeddable":true,"href":"https:\/\/saiga.es\/fr\/wp-json\/wp\/v2\/comments?post=8291"}],"wp:featuredmedia":[{"embeddable":true,"href":"https:\/\/saiga.es\/fr\/wp-json\/wp\/v2\/media\/8289"}],"wp:attachment":[{"href":"https:\/\/saiga.es\/fr\/wp-json\/wp\/v2\/media?parent=8291"}],"wp:term":[{"taxonomy":"product_brand","embeddable":true,"href":"https:\/\/saiga.es\/fr\/wp-json\/wp\/v2\/product_brand?post=8291"},{"taxonomy":"product_cat","embeddable":true,"href":"https:\/\/saiga.es\/fr\/wp-json\/wp\/v2\/product_cat?post=8291"},{"taxonomy":"product_tag","embeddable":true,"href":"https:\/\/saiga.es\/fr\/wp-json\/wp\/v2\/product_tag?post=8291"}],"curies":[{"name":"wp","href":"https:\/\/api.w.org\/{rel}","templated":true}]}}