{"id":8398,"date":"2024-03-01T09:28:35","date_gmt":"2024-03-01T09:28:35","guid":{"rendered":"https:\/\/botiga.saiga.es\/producte\/branche-en-polyethylene-dun-diametre-de-3-mm\/"},"modified":"2026-03-18T10:58:26","modified_gmt":"2026-03-18T10:58:26","slug":"branche-en-polyethylene-dun-diametre-de-3-mm","status":"publish","type":"product","link":"https:\/\/saiga.es\/fr\/produit\/branche-en-polyethylene-dun-diametre-de-3-mm\/","title":{"rendered":"Branche en poly\u00e9thyl\u00e8ne d&rsquo;un diam\u00e8tre de 3 mm"},"content":{"rendered":"<p>Un t\u00e9 en poly\u00e9thyl\u00e8ne de 3 mm de diam\u00e8tre est une pi\u00e8ce de raccordement utilis\u00e9e dans les syst\u00e8mes de tuyauterie, en particulier dans les applications o\u00f9 un tube en poly\u00e9thyl\u00e8ne de petit diam\u00e8tre, en l&rsquo;occurrence 3 mm, est requis. Cette pi\u00e8ce a la forme d&rsquo;un \u00ab\u00a0T\u00a0\u00bb, avec trois sorties : une au centre et deux plus petites sur les c\u00f4t\u00e9s. Les sorties sont con\u00e7ues pour \u00eatre connect\u00e9es \u00e0 d&rsquo;autres tuyaux en poly\u00e9thyl\u00e8ne de 3 mm en utilisant des techniques d&rsquo;assemblage telles que le soudage, la rupture des coudes ou d&rsquo;autres m\u00e9thodes de connexion compatibles avec le mat\u00e9riau.<\/p>\n<p>Le tuyau en poly\u00e9thyl\u00e8ne de 3 mm de diam\u00e8tre est utilis\u00e9 dans diverses applications, notamment les syst\u00e8mes d&rsquo;eau, l&rsquo;irrigation, les syst\u00e8mes de r\u00e9frig\u00e9ration, les applications industrielles, entre autres. Cette pi\u00e8ce permet le branchement du flux de liquide ou de gaz dans plusieurs directions, offrant flexibilit\u00e9 et polyvalence dans la conception et l&rsquo;installation de syst\u00e8mes de tuyauterie.<\/p>\n","protected":false},"excerpt":{"rendered":"<p>Un t\u00e9 en poly\u00e9thyl\u00e8ne de 3 mm de diam\u00e8tre est une pi\u00e8ce de raccordement utilis\u00e9e dans les syst\u00e8mes de tuyauterie, en particulier dans les applications o\u00f9 un tube en poly\u00e9thyl\u00e8ne de petit diam\u00e8tre, en l&rsquo;occurrence 3 mm, est requis. Cette pi\u00e8ce a la forme d&rsquo;un \u00ab\u00a0T\u00a0\u00bb, avec trois sorties : une au centre et deux plus petites sur les c\u00f4t\u00e9s. Les sorties sont con\u00e7ues pour \u00eatre connect\u00e9es \u00e0 d&rsquo;autres tuyaux en poly\u00e9thyl\u00e8ne de 3 mm en utilisant des techniques d&rsquo;assemblage telles que le soudage, la rupture des coudes ou d&rsquo;autres m\u00e9thodes de connexion compatibles avec le mat\u00e9riau.<\/p>\n<p>Le tuyau en poly\u00e9thyl\u00e8ne de 3 mm de diam\u00e8tre est utilis\u00e9 dans diverses applications, notamment les syst\u00e8mes d&rsquo;eau, l&rsquo;irrigation, les syst\u00e8mes de r\u00e9frig\u00e9ration, les applications industrielles, entre autres. Cette pi\u00e8ce permet le branchement du flux de liquide ou de gaz dans plusieurs directions, offrant flexibilit\u00e9 et polyvalence dans la conception et l&rsquo;installation de syst\u00e8mes de tuyauterie.<\/p>\n","protected":false},"featured_media":8396,"comment_status":"closed","ping_status":"closed","template":"","meta":[],"product_brand":[],"product_cat":[1447],"product_tag":[844,1057,837],"class_list":{"0":"post-8398","1":"product","2":"type-product","3":"status-publish","4":"has-post-thumbnail","6":"product_cat-tuyaux-et-accessoires-dirrigation","7":"product_tag-derivation","8":"product_tag-hydraulique","9":"product_tag-polyethylene","11":"first","12":"instock","13":"taxable","14":"shipping-taxable","15":"purchasable","16":"product-type-simple"},"yoast_head":"<!-- This site is optimized with the Yoast SEO plugin v27.4 - https:\/\/yoast.com\/product\/yoast-seo-wordpress\/ -->\n<title>Branche en poly\u00e9thyl\u00e8ne d&#039;un diam\u00e8tre de 3 mm | SAIGA<\/title>\n<meta name=\"description\" content=\"Un t\u00e9 en poly\u00e9thyl\u00e8ne de 3 mm de diam\u00e8tre est une pi\u00e8ce de raccordement utilis\u00e9e dans les syst\u00e8mes de tuyauterie, en particulier dans les applications o\u00f9 un tube en poly\u00e9thyl\u00e8ne de petit diam\u00e8tre, en l&#039;occurrence 3 mm, est requis.\" \/>\n<meta name=\"robots\" content=\"index, follow, max-snippet:-1, max-image-preview:large, max-video-preview:-1\" \/>\n<link rel=\"canonical\" href=\"https:\/\/saiga.es\/fr\/produit\/branche-en-polyethylene-dun-diametre-de-3-mm\/\" \/>\n<meta property=\"og:locale\" content=\"fr_FR\" \/>\n<meta property=\"og:type\" content=\"article\" \/>\n<meta property=\"og:title\" content=\"Branche en poly\u00e9thyl\u00e8ne d&#039;un diam\u00e8tre de 3 mm | SAIGA\" \/>\n<meta property=\"og:description\" content=\"Un t\u00e9 en poly\u00e9thyl\u00e8ne de 3 mm de diam\u00e8tre est une pi\u00e8ce de raccordement utilis\u00e9e dans les syst\u00e8mes de tuyauterie, en particulier dans les applications o\u00f9 un tube en poly\u00e9thyl\u00e8ne de petit diam\u00e8tre, en l&#039;occurrence 3 mm, est requis.\" \/>\n<meta property=\"og:url\" content=\"https:\/\/saiga.es\/fr\/produit\/branche-en-polyethylene-dun-diametre-de-3-mm\/\" \/>\n<meta property=\"og:site_name\" content=\"SAIGA\" \/>\n<meta property=\"article:modified_time\" content=\"2026-03-18T10:58:26+00:00\" \/>\n<meta property=\"og:image\" content=\"https:\/\/saiga.es\/wp-content\/uploads\/2024\/03\/Derivacio-Te-3-mm.jpg\" \/>\n\t<meta property=\"og:image:width\" content=\"800\" \/>\n\t<meta property=\"og:image:height\" content=\"800\" \/>\n\t<meta property=\"og:image:type\" content=\"image\/jpeg\" \/>\n<meta name=\"twitter:card\" content=\"summary_large_image\" \/>\n<meta name=\"twitter:site\" content=\"@saiga_agro\" \/>\n<meta name=\"twitter:label1\" content=\"Dur\u00e9e de lecture estim\u00e9e\" \/>\n\t<meta name=\"twitter:data1\" content=\"2 minutes\" \/>\n<script type=\"application\/ld+json\" class=\"yoast-schema-graph\">{\"@context\":\"https:\\\/\\\/schema.org\",\"@graph\":[{\"@type\":\"WebPage\",\"@id\":\"https:\\\/\\\/saiga.es\\\/fr\\\/produit\\\/branche-en-polyethylene-dun-diametre-de-3-mm\\\/\",\"url\":\"https:\\\/\\\/saiga.es\\\/fr\\\/produit\\\/branche-en-polyethylene-dun-diametre-de-3-mm\\\/\",\"name\":\"Branche en poly\u00e9thyl\u00e8ne d'un diam\u00e8tre de 3 mm | SAIGA\",\"isPartOf\":{\"@id\":\"https:\\\/\\\/saiga.es\\\/fr\\\/#website\"},\"primaryImageOfPage\":{\"@id\":\"https:\\\/\\\/saiga.es\\\/fr\\\/produit\\\/branche-en-polyethylene-dun-diametre-de-3-mm\\\/#primaryimage\"},\"image\":{\"@id\":\"https:\\\/\\\/saiga.es\\\/fr\\\/produit\\\/branche-en-polyethylene-dun-diametre-de-3-mm\\\/#primaryimage\"},\"thumbnailUrl\":\"https:\\\/\\\/saiga.es\\\/wp-content\\\/uploads\\\/2024\\\/03\\\/Derivacio-Te-3-mm.jpg\",\"datePublished\":\"2024-03-01T09:28:35+00:00\",\"dateModified\":\"2026-03-18T10:58:26+00:00\",\"description\":\"Un t\u00e9 en poly\u00e9thyl\u00e8ne de 3 mm de diam\u00e8tre est une pi\u00e8ce de raccordement utilis\u00e9e dans les syst\u00e8mes de tuyauterie, en particulier dans les applications o\u00f9 un tube en poly\u00e9thyl\u00e8ne de petit diam\u00e8tre, en l'occurrence 3 mm, est requis.\",\"breadcrumb\":{\"@id\":\"https:\\\/\\\/saiga.es\\\/fr\\\/produit\\\/branche-en-polyethylene-dun-diametre-de-3-mm\\\/#breadcrumb\"},\"inLanguage\":\"fr-FR\",\"potentialAction\":[{\"@type\":\"ReadAction\",\"target\":[\"https:\\\/\\\/saiga.es\\\/fr\\\/produit\\\/branche-en-polyethylene-dun-diametre-de-3-mm\\\/\"]}]},{\"@type\":\"ImageObject\",\"inLanguage\":\"fr-FR\",\"@id\":\"https:\\\/\\\/saiga.es\\\/fr\\\/produit\\\/branche-en-polyethylene-dun-diametre-de-3-mm\\\/#primaryimage\",\"url\":\"https:\\\/\\\/saiga.es\\\/wp-content\\\/uploads\\\/2024\\\/03\\\/Derivacio-Te-3-mm.jpg\",\"contentUrl\":\"https:\\\/\\\/saiga.es\\\/wp-content\\\/uploads\\\/2024\\\/03\\\/Derivacio-Te-3-mm.jpg\",\"width\":800,\"height\":800,\"caption\":\"D\u00e9rivation Te 3 mm\"},{\"@type\":\"BreadcrumbList\",\"@id\":\"https:\\\/\\\/saiga.es\\\/fr\\\/produit\\\/branche-en-polyethylene-dun-diametre-de-3-mm\\\/#breadcrumb\",\"itemListElement\":[{\"@type\":\"ListItem\",\"position\":1,\"name\":\"Inici\",\"item\":\"https:\\\/\\\/saiga.es\\\/fr\\\/\"},{\"@type\":\"ListItem\",\"position\":2,\"name\":\"boutique\",\"item\":\"https:\\\/\\\/saiga.es\\\/fr\\\/boutique\\\/\"},{\"@type\":\"ListItem\",\"position\":3,\"name\":\"Branche en poly\u00e9thyl\u00e8ne d&rsquo;un diam\u00e8tre de 3 mm\"}]},{\"@type\":\"WebSite\",\"@id\":\"https:\\\/\\\/saiga.es\\\/fr\\\/#website\",\"url\":\"https:\\\/\\\/saiga.es\\\/fr\\\/\",\"name\":\"SAIGA\",\"description\":\"M\u00e9s de 50 anys al servei de la terra i treballant per a un \u00fas eficient de l\u2019aigua!\",\"publisher\":{\"@id\":\"https:\\\/\\\/saiga.es\\\/fr\\\/#organization\"},\"potentialAction\":[{\"@type\":\"SearchAction\",\"target\":{\"@type\":\"EntryPoint\",\"urlTemplate\":\"https:\\\/\\\/saiga.es\\\/fr\\\/?s={search_term_string}\"},\"query-input\":{\"@type\":\"PropertyValueSpecification\",\"valueRequired\":true,\"valueName\":\"search_term_string\"}}],\"inLanguage\":\"fr-FR\"},{\"@type\":\"Organization\",\"@id\":\"https:\\\/\\\/saiga.es\\\/fr\\\/#organization\",\"name\":\"SAIGA\",\"url\":\"https:\\\/\\\/saiga.es\\\/fr\\\/\",\"logo\":{\"@type\":\"ImageObject\",\"inLanguage\":\"fr-FR\",\"@id\":\"https:\\\/\\\/saiga.es\\\/fr\\\/#\\\/schema\\\/logo\\\/image\\\/\",\"url\":\"https:\\\/\\\/saiga.es\\\/wp-content\\\/uploads\\\/2025\\\/07\\\/logo_saiga_baseline_optimitzat.svg\",\"contentUrl\":\"https:\\\/\\\/saiga.es\\\/wp-content\\\/uploads\\\/2025\\\/07\\\/logo_saiga_baseline_optimitzat.svg\",\"caption\":\"SAIGA\"},\"image\":{\"@id\":\"https:\\\/\\\/saiga.es\\\/fr\\\/#\\\/schema\\\/logo\\\/image\\\/\"},\"sameAs\":[\"https:\\\/\\\/x.com\\\/saiga_agro\",\"https:\\\/\\\/www.instagram.com\\\/saiga_agro\\\/\"]}]}<\/script>\n<!-- \/ Yoast SEO plugin. -->","yoast_head_json":{"title":"Branche en poly\u00e9thyl\u00e8ne d'un diam\u00e8tre de 3 mm | SAIGA","description":"Un t\u00e9 en poly\u00e9thyl\u00e8ne de 3 mm de diam\u00e8tre est une pi\u00e8ce de raccordement utilis\u00e9e dans les syst\u00e8mes de tuyauterie, en particulier dans les applications o\u00f9 un tube en poly\u00e9thyl\u00e8ne de petit diam\u00e8tre, en l'occurrence 3 mm, est requis.","robots":{"index":"index","follow":"follow","max-snippet":"max-snippet:-1","max-image-preview":"max-image-preview:large","max-video-preview":"max-video-preview:-1"},"canonical":"https:\/\/saiga.es\/fr\/produit\/branche-en-polyethylene-dun-diametre-de-3-mm\/","og_locale":"fr_FR","og_type":"article","og_title":"Branche en poly\u00e9thyl\u00e8ne d'un diam\u00e8tre de 3 mm | SAIGA","og_description":"Un t\u00e9 en poly\u00e9thyl\u00e8ne de 3 mm de diam\u00e8tre est une pi\u00e8ce de raccordement utilis\u00e9e dans les syst\u00e8mes de tuyauterie, en particulier dans les applications o\u00f9 un tube en poly\u00e9thyl\u00e8ne de petit diam\u00e8tre, en l'occurrence 3 mm, est requis.","og_url":"https:\/\/saiga.es\/fr\/produit\/branche-en-polyethylene-dun-diametre-de-3-mm\/","og_site_name":"SAIGA","article_modified_time":"2026-03-18T10:58:26+00:00","og_image":[{"width":800,"height":800,"url":"https:\/\/saiga.es\/wp-content\/uploads\/2024\/03\/Derivacio-Te-3-mm.jpg","type":"image\/jpeg"}],"twitter_card":"summary_large_image","twitter_site":"@saiga_agro","twitter_misc":{"Dur\u00e9e de lecture estim\u00e9e":"2 minutes"},"schema":{"@context":"https:\/\/schema.org","@graph":[{"@type":"WebPage","@id":"https:\/\/saiga.es\/fr\/produit\/branche-en-polyethylene-dun-diametre-de-3-mm\/","url":"https:\/\/saiga.es\/fr\/produit\/branche-en-polyethylene-dun-diametre-de-3-mm\/","name":"Branche en poly\u00e9thyl\u00e8ne d'un diam\u00e8tre de 3 mm | SAIGA","isPartOf":{"@id":"https:\/\/saiga.es\/fr\/#website"},"primaryImageOfPage":{"@id":"https:\/\/saiga.es\/fr\/produit\/branche-en-polyethylene-dun-diametre-de-3-mm\/#primaryimage"},"image":{"@id":"https:\/\/saiga.es\/fr\/produit\/branche-en-polyethylene-dun-diametre-de-3-mm\/#primaryimage"},"thumbnailUrl":"https:\/\/saiga.es\/wp-content\/uploads\/2024\/03\/Derivacio-Te-3-mm.jpg","datePublished":"2024-03-01T09:28:35+00:00","dateModified":"2026-03-18T10:58:26+00:00","description":"Un t\u00e9 en poly\u00e9thyl\u00e8ne de 3 mm de diam\u00e8tre est une pi\u00e8ce de raccordement utilis\u00e9e dans les syst\u00e8mes de tuyauterie, en particulier dans les applications o\u00f9 un tube en poly\u00e9thyl\u00e8ne de petit diam\u00e8tre, en l'occurrence 3 mm, est requis.","breadcrumb":{"@id":"https:\/\/saiga.es\/fr\/produit\/branche-en-polyethylene-dun-diametre-de-3-mm\/#breadcrumb"},"inLanguage":"fr-FR","potentialAction":[{"@type":"ReadAction","target":["https:\/\/saiga.es\/fr\/produit\/branche-en-polyethylene-dun-diametre-de-3-mm\/"]}]},{"@type":"ImageObject","inLanguage":"fr-FR","@id":"https:\/\/saiga.es\/fr\/produit\/branche-en-polyethylene-dun-diametre-de-3-mm\/#primaryimage","url":"https:\/\/saiga.es\/wp-content\/uploads\/2024\/03\/Derivacio-Te-3-mm.jpg","contentUrl":"https:\/\/saiga.es\/wp-content\/uploads\/2024\/03\/Derivacio-Te-3-mm.jpg","width":800,"height":800,"caption":"D\u00e9rivation Te 3 mm"},{"@type":"BreadcrumbList","@id":"https:\/\/saiga.es\/fr\/produit\/branche-en-polyethylene-dun-diametre-de-3-mm\/#breadcrumb","itemListElement":[{"@type":"ListItem","position":1,"name":"Inici","item":"https:\/\/saiga.es\/fr\/"},{"@type":"ListItem","position":2,"name":"boutique","item":"https:\/\/saiga.es\/fr\/boutique\/"},{"@type":"ListItem","position":3,"name":"Branche en poly\u00e9thyl\u00e8ne d&rsquo;un diam\u00e8tre de 3 mm"}]},{"@type":"WebSite","@id":"https:\/\/saiga.es\/fr\/#website","url":"https:\/\/saiga.es\/fr\/","name":"SAIGA","description":"M\u00e9s de 50 anys al servei de la terra i treballant per a un \u00fas eficient de l\u2019aigua!","publisher":{"@id":"https:\/\/saiga.es\/fr\/#organization"},"potentialAction":[{"@type":"SearchAction","target":{"@type":"EntryPoint","urlTemplate":"https:\/\/saiga.es\/fr\/?s={search_term_string}"},"query-input":{"@type":"PropertyValueSpecification","valueRequired":true,"valueName":"search_term_string"}}],"inLanguage":"fr-FR"},{"@type":"Organization","@id":"https:\/\/saiga.es\/fr\/#organization","name":"SAIGA","url":"https:\/\/saiga.es\/fr\/","logo":{"@type":"ImageObject","inLanguage":"fr-FR","@id":"https:\/\/saiga.es\/fr\/#\/schema\/logo\/image\/","url":"https:\/\/saiga.es\/wp-content\/uploads\/2025\/07\/logo_saiga_baseline_optimitzat.svg","contentUrl":"https:\/\/saiga.es\/wp-content\/uploads\/2025\/07\/logo_saiga_baseline_optimitzat.svg","caption":"SAIGA"},"image":{"@id":"https:\/\/saiga.es\/fr\/#\/schema\/logo\/image\/"},"sameAs":["https:\/\/x.com\/saiga_agro","https:\/\/www.instagram.com\/saiga_agro\/"]}]}},"_links":{"self":[{"href":"https:\/\/saiga.es\/fr\/wp-json\/wp\/v2\/product\/8398","targetHints":{"allow":["GET"]}}],"collection":[{"href":"https:\/\/saiga.es\/fr\/wp-json\/wp\/v2\/product"}],"about":[{"href":"https:\/\/saiga.es\/fr\/wp-json\/wp\/v2\/types\/product"}],"replies":[{"embeddable":true,"href":"https:\/\/saiga.es\/fr\/wp-json\/wp\/v2\/comments?post=8398"}],"wp:featuredmedia":[{"embeddable":true,"href":"https:\/\/saiga.es\/fr\/wp-json\/wp\/v2\/media\/8396"}],"wp:attachment":[{"href":"https:\/\/saiga.es\/fr\/wp-json\/wp\/v2\/media?parent=8398"}],"wp:term":[{"taxonomy":"product_brand","embeddable":true,"href":"https:\/\/saiga.es\/fr\/wp-json\/wp\/v2\/product_brand?post=8398"},{"taxonomy":"product_cat","embeddable":true,"href":"https:\/\/saiga.es\/fr\/wp-json\/wp\/v2\/product_cat?post=8398"},{"taxonomy":"product_tag","embeddable":true,"href":"https:\/\/saiga.es\/fr\/wp-json\/wp\/v2\/product_tag?post=8398"}],"curies":[{"name":"wp","href":"https:\/\/api.w.org\/{rel}","templated":true}]}}