{"id":8404,"date":"2024-03-01T10:05:34","date_gmt":"2024-03-01T10:05:34","guid":{"rendered":"https:\/\/botiga.saiga.es\/producte\/gaine-en-polyethylene-diametre-3-mm\/"},"modified":"2024-05-22T11:28:46","modified_gmt":"2024-05-22T11:28:46","slug":"gaine-en-polyethylene-diametre-3-mm","status":"publish","type":"product","link":"https:\/\/saiga.es\/fr\/produit\/gaine-en-polyethylene-diametre-3-mm\/","title":{"rendered":"Gaine en poly\u00e9thyl\u00e8ne diam\u00e8tre 3 mm"},"content":{"rendered":"<p>Une douille en poly\u00e9thyl\u00e8ne de 3 mm de diam\u00e8tre est une pi\u00e8ce de raccordement utilis\u00e9e dans les syst\u00e8mes de canalisations en poly\u00e9thyl\u00e8ne d&rsquo;un diam\u00e8tre de 3 mm. Il s&rsquo;agit d&rsquo;une pi\u00e8ce sp\u00e9cialement con\u00e7ue pour permettre le raccordement de plusieurs tuyaux en poly\u00e9thyl\u00e8ne \u00e0 une seule conduite principale ou \u00e0 un autre tuyau principal.<\/p>\n<p>Le robinet a une forme qui permet le raccordement des conduites secondaires \u00e0 la conduite principale de mani\u00e8re ordonn\u00e9e et efficace. Il a g\u00e9n\u00e9ralement la forme d&rsquo;un \u00ab T \u00bb, avec une sortie centrale plus grande o\u00f9 se connecte la conduite principale et plusieurs sorties plus petites sur le c\u00f4t\u00e9 pour les tuyaux secondaires. Cela permet au flux de liquide ou de gaz d&rsquo;\u00eatre r\u00e9parti entre plusieurs points d&rsquo;utilisation ou applications.<\/p>\n<p>Ce type de pi\u00e8ce est utilis\u00e9 dans une large gamme d&rsquo;applications, notamment les syst\u00e8mes d&rsquo;eau, les syst\u00e8mes d&rsquo;irrigation, les syst\u00e8mes de refroidissement, les applications industrielles, entre autres. Le rev\u00eatement en poly\u00e9thyl\u00e8ne de 3 mm de diam\u00e8tre facilite la configuration et la distribution efficace des fluides dans un syst\u00e8me de tuyauterie.<\/p>\n","protected":false},"excerpt":{"rendered":"<p>Une douille en poly\u00e9thyl\u00e8ne de 3 mm de diam\u00e8tre est une pi\u00e8ce de raccordement utilis\u00e9e dans les syst\u00e8mes de canalisations en poly\u00e9thyl\u00e8ne d&rsquo;un diam\u00e8tre de 3 mm. Il s&rsquo;agit d&rsquo;une pi\u00e8ce sp\u00e9cialement con\u00e7ue pour permettre le raccordement de plusieurs tuyaux en poly\u00e9thyl\u00e8ne \u00e0 une seule conduite principale ou \u00e0 un autre tuyau principal.<\/p>\n<p>Le robinet a une forme qui permet le raccordement des conduites secondaires \u00e0 la conduite principale de mani\u00e8re ordonn\u00e9e et efficace. Il a g\u00e9n\u00e9ralement la forme d&rsquo;un \u00ab T \u00bb, avec une sortie centrale plus grande o\u00f9 se connecte la conduite principale et plusieurs sorties plus petites sur le c\u00f4t\u00e9 pour les tuyaux secondaires. Cela permet au flux de liquide ou de gaz d&rsquo;\u00eatre r\u00e9parti entre plusieurs points d&rsquo;utilisation ou applications.<\/p>\n<p>Ce type de pi\u00e8ce est utilis\u00e9 dans une large gamme d&rsquo;applications, notamment les syst\u00e8mes d&rsquo;eau, les syst\u00e8mes d&rsquo;irrigation, les syst\u00e8mes de refroidissement, les applications industrielles, entre autres. Le rev\u00eatement en poly\u00e9thyl\u00e8ne de 3 mm de diam\u00e8tre facilite la configuration et la distribution efficace des fluides dans un syst\u00e8me de tuyauterie.<\/p>\n","protected":false},"featured_media":8402,"comment_status":"closed","ping_status":"closed","template":"","meta":[],"product_brand":[],"product_cat":[2255],"product_tag":[1146,1057,837,824],"class_list":{"0":"post-8404","1":"product","2":"type-product","3":"status-publish","4":"has-post-thumbnail","6":"product_cat-accessoires-pour-tuyaux-dirrigation","7":"product_tag-escomesa-fr","8":"product_tag-hydraulique","9":"product_tag-polyethylene","10":"product_tag-reg-fr","12":"first","13":"instock","14":"taxable","15":"shipping-taxable","16":"purchasable","17":"product-type-simple"},"yoast_head":"<!-- This site is optimized with the Yoast SEO plugin v27.4 - https:\/\/yoast.com\/product\/yoast-seo-wordpress\/ -->\n<title>Gaine en poly\u00e9thyl\u00e8ne diam\u00e8tre 3 mm | SAIGA<\/title>\n<meta name=\"description\" content=\"Une douille en poly\u00e9thyl\u00e8ne de 3 mm de diam\u00e8tre est une pi\u00e8ce de raccordement utilis\u00e9e dans les syst\u00e8mes de canalisations en poly\u00e9thyl\u00e8ne d&#039;un diam\u00e8tre de 3 mm.\" \/>\n<meta name=\"robots\" content=\"index, follow, max-snippet:-1, max-image-preview:large, max-video-preview:-1\" \/>\n<link rel=\"canonical\" href=\"https:\/\/saiga.es\/fr\/produit\/gaine-en-polyethylene-diametre-3-mm\/\" \/>\n<meta property=\"og:locale\" content=\"fr_FR\" \/>\n<meta property=\"og:type\" content=\"article\" \/>\n<meta property=\"og:title\" content=\"Gaine en poly\u00e9thyl\u00e8ne diam\u00e8tre 3 mm | SAIGA\" \/>\n<meta property=\"og:description\" content=\"Une douille en poly\u00e9thyl\u00e8ne de 3 mm de diam\u00e8tre est une pi\u00e8ce de raccordement utilis\u00e9e dans les syst\u00e8mes de canalisations en poly\u00e9thyl\u00e8ne d&#039;un diam\u00e8tre de 3 mm.\" \/>\n<meta property=\"og:url\" content=\"https:\/\/saiga.es\/fr\/produit\/gaine-en-polyethylene-diametre-3-mm\/\" \/>\n<meta property=\"og:site_name\" content=\"SAIGA\" \/>\n<meta property=\"article:modified_time\" content=\"2024-05-22T11:28:46+00:00\" \/>\n<meta property=\"og:image\" content=\"https:\/\/saiga.es\/wp-content\/uploads\/2024\/03\/Escomesa-PE-D3.jpg\" \/>\n\t<meta property=\"og:image:width\" content=\"800\" \/>\n\t<meta property=\"og:image:height\" content=\"800\" \/>\n\t<meta property=\"og:image:type\" content=\"image\/jpeg\" \/>\n<meta name=\"twitter:card\" content=\"summary_large_image\" \/>\n<meta name=\"twitter:site\" content=\"@saiga_agro\" \/>\n<meta name=\"twitter:label1\" content=\"Dur\u00e9e de lecture estim\u00e9e\" \/>\n\t<meta name=\"twitter:data1\" content=\"2 minutes\" \/>\n<script type=\"application\/ld+json\" class=\"yoast-schema-graph\">{\"@context\":\"https:\\\/\\\/schema.org\",\"@graph\":[{\"@type\":\"WebPage\",\"@id\":\"https:\\\/\\\/saiga.es\\\/fr\\\/produit\\\/gaine-en-polyethylene-diametre-3-mm\\\/\",\"url\":\"https:\\\/\\\/saiga.es\\\/fr\\\/produit\\\/gaine-en-polyethylene-diametre-3-mm\\\/\",\"name\":\"Gaine en poly\u00e9thyl\u00e8ne diam\u00e8tre 3 mm | SAIGA\",\"isPartOf\":{\"@id\":\"https:\\\/\\\/saiga.es\\\/fr\\\/#website\"},\"primaryImageOfPage\":{\"@id\":\"https:\\\/\\\/saiga.es\\\/fr\\\/produit\\\/gaine-en-polyethylene-diametre-3-mm\\\/#primaryimage\"},\"image\":{\"@id\":\"https:\\\/\\\/saiga.es\\\/fr\\\/produit\\\/gaine-en-polyethylene-diametre-3-mm\\\/#primaryimage\"},\"thumbnailUrl\":\"https:\\\/\\\/saiga.es\\\/wp-content\\\/uploads\\\/2024\\\/03\\\/Escomesa-PE-D3.jpg\",\"datePublished\":\"2024-03-01T10:05:34+00:00\",\"dateModified\":\"2024-05-22T11:28:46+00:00\",\"description\":\"Une douille en poly\u00e9thyl\u00e8ne de 3 mm de diam\u00e8tre est une pi\u00e8ce de raccordement utilis\u00e9e dans les syst\u00e8mes de canalisations en poly\u00e9thyl\u00e8ne d'un diam\u00e8tre de 3 mm.\",\"breadcrumb\":{\"@id\":\"https:\\\/\\\/saiga.es\\\/fr\\\/produit\\\/gaine-en-polyethylene-diametre-3-mm\\\/#breadcrumb\"},\"inLanguage\":\"fr-FR\",\"potentialAction\":[{\"@type\":\"ReadAction\",\"target\":[\"https:\\\/\\\/saiga.es\\\/fr\\\/produit\\\/gaine-en-polyethylene-diametre-3-mm\\\/\"]}]},{\"@type\":\"ImageObject\",\"inLanguage\":\"fr-FR\",\"@id\":\"https:\\\/\\\/saiga.es\\\/fr\\\/produit\\\/gaine-en-polyethylene-diametre-3-mm\\\/#primaryimage\",\"url\":\"https:\\\/\\\/saiga.es\\\/wp-content\\\/uploads\\\/2024\\\/03\\\/Escomesa-PE-D3.jpg\",\"contentUrl\":\"https:\\\/\\\/saiga.es\\\/wp-content\\\/uploads\\\/2024\\\/03\\\/Escomesa-PE-D3.jpg\",\"width\":800,\"height\":800,\"caption\":\"Escomesa polietil\u00e8 di\u00e0metre 3\"},{\"@type\":\"BreadcrumbList\",\"@id\":\"https:\\\/\\\/saiga.es\\\/fr\\\/produit\\\/gaine-en-polyethylene-diametre-3-mm\\\/#breadcrumb\",\"itemListElement\":[{\"@type\":\"ListItem\",\"position\":1,\"name\":\"Inici\",\"item\":\"https:\\\/\\\/saiga.es\\\/fr\\\/\"},{\"@type\":\"ListItem\",\"position\":2,\"name\":\"boutique\",\"item\":\"https:\\\/\\\/saiga.es\\\/fr\\\/boutique\\\/\"},{\"@type\":\"ListItem\",\"position\":3,\"name\":\"Gaine en poly\u00e9thyl\u00e8ne diam\u00e8tre 3 mm\"}]},{\"@type\":\"WebSite\",\"@id\":\"https:\\\/\\\/saiga.es\\\/fr\\\/#website\",\"url\":\"https:\\\/\\\/saiga.es\\\/fr\\\/\",\"name\":\"SAIGA\",\"description\":\"M\u00e9s de 50 anys al servei de la terra i treballant per a un \u00fas eficient de l\u2019aigua!\",\"publisher\":{\"@id\":\"https:\\\/\\\/saiga.es\\\/fr\\\/#organization\"},\"potentialAction\":[{\"@type\":\"SearchAction\",\"target\":{\"@type\":\"EntryPoint\",\"urlTemplate\":\"https:\\\/\\\/saiga.es\\\/fr\\\/?s={search_term_string}\"},\"query-input\":{\"@type\":\"PropertyValueSpecification\",\"valueRequired\":true,\"valueName\":\"search_term_string\"}}],\"inLanguage\":\"fr-FR\"},{\"@type\":\"Organization\",\"@id\":\"https:\\\/\\\/saiga.es\\\/fr\\\/#organization\",\"name\":\"SAIGA\",\"url\":\"https:\\\/\\\/saiga.es\\\/fr\\\/\",\"logo\":{\"@type\":\"ImageObject\",\"inLanguage\":\"fr-FR\",\"@id\":\"https:\\\/\\\/saiga.es\\\/fr\\\/#\\\/schema\\\/logo\\\/image\\\/\",\"url\":\"https:\\\/\\\/saiga.es\\\/wp-content\\\/uploads\\\/2025\\\/07\\\/logo_saiga_baseline_optimitzat.svg\",\"contentUrl\":\"https:\\\/\\\/saiga.es\\\/wp-content\\\/uploads\\\/2025\\\/07\\\/logo_saiga_baseline_optimitzat.svg\",\"caption\":\"SAIGA\"},\"image\":{\"@id\":\"https:\\\/\\\/saiga.es\\\/fr\\\/#\\\/schema\\\/logo\\\/image\\\/\"},\"sameAs\":[\"https:\\\/\\\/x.com\\\/saiga_agro\",\"https:\\\/\\\/www.instagram.com\\\/saiga_agro\\\/\"]}]}<\/script>\n<!-- \/ Yoast SEO plugin. -->","yoast_head_json":{"title":"Gaine en poly\u00e9thyl\u00e8ne diam\u00e8tre 3 mm | SAIGA","description":"Une douille en poly\u00e9thyl\u00e8ne de 3 mm de diam\u00e8tre est une pi\u00e8ce de raccordement utilis\u00e9e dans les syst\u00e8mes de canalisations en poly\u00e9thyl\u00e8ne d'un diam\u00e8tre de 3 mm.","robots":{"index":"index","follow":"follow","max-snippet":"max-snippet:-1","max-image-preview":"max-image-preview:large","max-video-preview":"max-video-preview:-1"},"canonical":"https:\/\/saiga.es\/fr\/produit\/gaine-en-polyethylene-diametre-3-mm\/","og_locale":"fr_FR","og_type":"article","og_title":"Gaine en poly\u00e9thyl\u00e8ne diam\u00e8tre 3 mm | SAIGA","og_description":"Une douille en poly\u00e9thyl\u00e8ne de 3 mm de diam\u00e8tre est une pi\u00e8ce de raccordement utilis\u00e9e dans les syst\u00e8mes de canalisations en poly\u00e9thyl\u00e8ne d'un diam\u00e8tre de 3 mm.","og_url":"https:\/\/saiga.es\/fr\/produit\/gaine-en-polyethylene-diametre-3-mm\/","og_site_name":"SAIGA","article_modified_time":"2024-05-22T11:28:46+00:00","og_image":[{"width":800,"height":800,"url":"https:\/\/saiga.es\/wp-content\/uploads\/2024\/03\/Escomesa-PE-D3.jpg","type":"image\/jpeg"}],"twitter_card":"summary_large_image","twitter_site":"@saiga_agro","twitter_misc":{"Dur\u00e9e de lecture estim\u00e9e":"2 minutes"},"schema":{"@context":"https:\/\/schema.org","@graph":[{"@type":"WebPage","@id":"https:\/\/saiga.es\/fr\/produit\/gaine-en-polyethylene-diametre-3-mm\/","url":"https:\/\/saiga.es\/fr\/produit\/gaine-en-polyethylene-diametre-3-mm\/","name":"Gaine en poly\u00e9thyl\u00e8ne diam\u00e8tre 3 mm | SAIGA","isPartOf":{"@id":"https:\/\/saiga.es\/fr\/#website"},"primaryImageOfPage":{"@id":"https:\/\/saiga.es\/fr\/produit\/gaine-en-polyethylene-diametre-3-mm\/#primaryimage"},"image":{"@id":"https:\/\/saiga.es\/fr\/produit\/gaine-en-polyethylene-diametre-3-mm\/#primaryimage"},"thumbnailUrl":"https:\/\/saiga.es\/wp-content\/uploads\/2024\/03\/Escomesa-PE-D3.jpg","datePublished":"2024-03-01T10:05:34+00:00","dateModified":"2024-05-22T11:28:46+00:00","description":"Une douille en poly\u00e9thyl\u00e8ne de 3 mm de diam\u00e8tre est une pi\u00e8ce de raccordement utilis\u00e9e dans les syst\u00e8mes de canalisations en poly\u00e9thyl\u00e8ne d'un diam\u00e8tre de 3 mm.","breadcrumb":{"@id":"https:\/\/saiga.es\/fr\/produit\/gaine-en-polyethylene-diametre-3-mm\/#breadcrumb"},"inLanguage":"fr-FR","potentialAction":[{"@type":"ReadAction","target":["https:\/\/saiga.es\/fr\/produit\/gaine-en-polyethylene-diametre-3-mm\/"]}]},{"@type":"ImageObject","inLanguage":"fr-FR","@id":"https:\/\/saiga.es\/fr\/produit\/gaine-en-polyethylene-diametre-3-mm\/#primaryimage","url":"https:\/\/saiga.es\/wp-content\/uploads\/2024\/03\/Escomesa-PE-D3.jpg","contentUrl":"https:\/\/saiga.es\/wp-content\/uploads\/2024\/03\/Escomesa-PE-D3.jpg","width":800,"height":800,"caption":"Escomesa polietil\u00e8 di\u00e0metre 3"},{"@type":"BreadcrumbList","@id":"https:\/\/saiga.es\/fr\/produit\/gaine-en-polyethylene-diametre-3-mm\/#breadcrumb","itemListElement":[{"@type":"ListItem","position":1,"name":"Inici","item":"https:\/\/saiga.es\/fr\/"},{"@type":"ListItem","position":2,"name":"boutique","item":"https:\/\/saiga.es\/fr\/boutique\/"},{"@type":"ListItem","position":3,"name":"Gaine en poly\u00e9thyl\u00e8ne diam\u00e8tre 3 mm"}]},{"@type":"WebSite","@id":"https:\/\/saiga.es\/fr\/#website","url":"https:\/\/saiga.es\/fr\/","name":"SAIGA","description":"M\u00e9s de 50 anys al servei de la terra i treballant per a un \u00fas eficient de l\u2019aigua!","publisher":{"@id":"https:\/\/saiga.es\/fr\/#organization"},"potentialAction":[{"@type":"SearchAction","target":{"@type":"EntryPoint","urlTemplate":"https:\/\/saiga.es\/fr\/?s={search_term_string}"},"query-input":{"@type":"PropertyValueSpecification","valueRequired":true,"valueName":"search_term_string"}}],"inLanguage":"fr-FR"},{"@type":"Organization","@id":"https:\/\/saiga.es\/fr\/#organization","name":"SAIGA","url":"https:\/\/saiga.es\/fr\/","logo":{"@type":"ImageObject","inLanguage":"fr-FR","@id":"https:\/\/saiga.es\/fr\/#\/schema\/logo\/image\/","url":"https:\/\/saiga.es\/wp-content\/uploads\/2025\/07\/logo_saiga_baseline_optimitzat.svg","contentUrl":"https:\/\/saiga.es\/wp-content\/uploads\/2025\/07\/logo_saiga_baseline_optimitzat.svg","caption":"SAIGA"},"image":{"@id":"https:\/\/saiga.es\/fr\/#\/schema\/logo\/image\/"},"sameAs":["https:\/\/x.com\/saiga_agro","https:\/\/www.instagram.com\/saiga_agro\/"]}]}},"_links":{"self":[{"href":"https:\/\/saiga.es\/fr\/wp-json\/wp\/v2\/product\/8404","targetHints":{"allow":["GET"]}}],"collection":[{"href":"https:\/\/saiga.es\/fr\/wp-json\/wp\/v2\/product"}],"about":[{"href":"https:\/\/saiga.es\/fr\/wp-json\/wp\/v2\/types\/product"}],"replies":[{"embeddable":true,"href":"https:\/\/saiga.es\/fr\/wp-json\/wp\/v2\/comments?post=8404"}],"wp:featuredmedia":[{"embeddable":true,"href":"https:\/\/saiga.es\/fr\/wp-json\/wp\/v2\/media\/8402"}],"wp:attachment":[{"href":"https:\/\/saiga.es\/fr\/wp-json\/wp\/v2\/media?parent=8404"}],"wp:term":[{"taxonomy":"product_brand","embeddable":true,"href":"https:\/\/saiga.es\/fr\/wp-json\/wp\/v2\/product_brand?post=8404"},{"taxonomy":"product_cat","embeddable":true,"href":"https:\/\/saiga.es\/fr\/wp-json\/wp\/v2\/product_cat?post=8404"},{"taxonomy":"product_tag","embeddable":true,"href":"https:\/\/saiga.es\/fr\/wp-json\/wp\/v2\/product_tag?post=8404"}],"curies":[{"name":"wp","href":"https:\/\/api.w.org\/{rel}","templated":true}]}}